{"id":395,"date":"2026-03-24T15:09:22","date_gmt":"2026-03-24T15:09:22","guid":{"rendered":"https:\/\/www.machinerybearings.com\/about\/"},"modified":"2026-05-02T21:07:09","modified_gmt":"2026-05-02T21:07:09","slug":"about","status":"publish","type":"page","link":"https:\/\/www.machinerybearings.com\/cs\/about\/","title":{"rendered":"O n\u00e1s"},"content":{"rendered":"<div data-elementor-type=\"wp-page\" data-elementor-id=\"395\" class=\"elementor elementor-395\" data-elementor-post-type=\"page\">\n\t\t\t\t<div class=\"elementor-element elementor-element-443e739 e-flex e-con-boxed e-con e-parent\" data-id=\"443e739\" data-element_type=\"container\" data-e-type=\"container\" data-settings=\"{&quot;background_background&quot;:&quot;classic&quot;}\">\n\t\t\t\t\t<div class=\"e-con-inner\">\n\t\t<div class=\"elementor-element elementor-element-8816627 e-con-full e-flex e-con e-child\" data-id=\"8816627\" data-element_type=\"container\" data-e-type=\"container\">\n\t\t\t\t<div class=\"elementor-element elementor-element-c2fdea1 elementor-widget elementor-widget-heading\" data-id=\"c2fdea1\" data-element_type=\"widget\" data-e-type=\"widget\" data-widget_type=\"heading.default\">\n\t\t\t\t<div class=\"elementor-widget-container\">\n\t\t\t\t\t<h1 class=\"elementor-heading-title elementor-size-default\">O n\u00e1s<\/h1>\t\t\t\t<\/div>\n\t\t\t\t<\/div>\n\t\t\t\t<\/div>\n\t\t\t\t\t<\/div>\n\t\t\t\t<\/div>\n\t\t<div class=\"elementor-element elementor-element-9c4fb5e e-flex e-con-boxed e-con e-parent\" data-id=\"9c4fb5e\" data-element_type=\"container\" data-e-type=\"container\" data-settings=\"{&quot;background_background&quot;:&quot;classic&quot;}\">\n\t\t\t\t\t<div class=\"e-con-inner\">\n\t\t<div class=\"elementor-element elementor-element-ef2fe3d e-con-full e-flex e-con e-child\" data-id=\"ef2fe3d\" data-element_type=\"container\" data-e-type=\"container\" data-settings=\"{&quot;background_background&quot;:&quot;classic&quot;}\">\n\t\t\t\t<div class=\"elementor-element elementor-element-4be2227 elementor-widget elementor-widget-heading\" data-id=\"4be2227\" data-element_type=\"widget\" data-e-type=\"widget\" data-widget_type=\"heading.default\">\n\t\t\t\t<div class=\"elementor-widget-container\">\n\t\t\t\t\t<h5 class=\"elementor-heading-title elementor-size-default\">Strojn\u00edLo\u017eiska<\/h5>\t\t\t\t<\/div>\n\t\t\t\t<\/div>\n\t\t\t\t<div class=\"elementor-element elementor-element-7e0a8fb elementor-widget elementor-widget-heading\" data-id=\"7e0a8fb\" data-element_type=\"widget\" data-e-type=\"widget\" data-widget_type=\"heading.default\">\n\t\t\t\t<div class=\"elementor-widget-container\">\n\t\t\t\t\t<h2 class=\"elementor-heading-title elementor-size-default\">Kdo jsme<\/h2>\t\t\t\t<\/div>\n\t\t\t\t<\/div>\n\t\t\t\t<\/div>\n\t\t\t\t\t<\/div>\n\t\t\t\t<\/div>\n\t\t<div class=\"elementor-element elementor-element-3790522 e-flex e-con-boxed e-con e-parent\" data-id=\"3790522\" data-element_type=\"container\" data-e-type=\"container\">\n\t\t\t\t\t<div class=\"e-con-inner\">\n\t\t<div class=\"elementor-element elementor-element-3149c78 e-con-full e-flex e-con e-child\" data-id=\"3149c78\" data-element_type=\"container\" data-e-type=\"container\">\n\t\t\t\t<div class=\"elementor-element elementor-element-ff7b81f elementor-widget elementor-widget-heading\" data-id=\"ff7b81f\" data-element_type=\"widget\" data-e-type=\"widget\" data-widget_type=\"heading.default\">\n\t\t\t\t<div class=\"elementor-widget-container\">\n\t\t\t\t\t<h6 class=\"elementor-heading-title elementor-size-default\">N\u00e1\u0161 p\u0159\u00edb\u011bh<\/h6>\t\t\t\t<\/div>\n\t\t\t\t<\/div>\n\t\t\t\t<\/div>\n\t\t<div class=\"elementor-element elementor-element-ba3fc8e e-con-full e-flex e-con e-child\" data-id=\"ba3fc8e\" data-element_type=\"container\" data-e-type=\"container\">\n\t\t\t\t<div class=\"elementor-element elementor-element-b8a8c9f elementor-widget-divider--view-line elementor-widget elementor-widget-divider\" data-id=\"b8a8c9f\" data-element_type=\"widget\" data-e-type=\"widget\" data-widget_type=\"divider.default\">\n\t\t\t\t<div class=\"elementor-widget-container\">\n\t\t\t\t\t\t\t<div class=\"elementor-divider\">\n\t\t\t<span class=\"elementor-divider-separator\">\n\t\t\t\t\t\t<\/span>\n\t\t<\/div>\n\t\t\t\t\t\t<\/div>\n\t\t\t\t<\/div>\n\t\t\t\t<div class=\"elementor-element elementor-element-84850f0 elementor-widget elementor-widget-text-editor\" data-id=\"84850f0\" data-element_type=\"widget\" data-e-type=\"widget\" data-widget_type=\"text-editor.default\">\n\t\t\t\t<div class=\"elementor-widget-container\">\n\t\t\t\t\t\t\t\t\t<p data-start=\"154\" data-end=\"371\">Strojn\u00edLo\u017eiska je profesion\u00e1ln\u00ed pr\u016fmyslov\u00e1 platforma pro lo\u017eiska pod spole\u010dnost\u00ed Henan Wonzh Precision Manufacturing Co., Ltd., kter\u00e1 se zam\u011b\u0159uje na poskytov\u00e1n\u00ed spolehliv\u00fdch a vysoce v\u00fdkonn\u00fdch \u0159e\u0161en\u00ed lo\u017eisek pro glob\u00e1ln\u00ed z\u00e1kazn\u00edky.<\/p><p data-start=\"373\" data-end=\"583\">S lety zku\u0161enost\u00ed v precizn\u00edm v\u00fdrob\u011b se specializujeme na v\u00fdrobu a dod\u00e1vku \u0161irok\u00e9 \u0161k\u00e1ly lo\u017eisek pou\u017e\u00edvan\u00fdch ve stroj\u00edch, syst\u00e9mech p\u0159enosu energie a t\u011b\u017ek\u00fdch pr\u016fmyslov\u00fdch prost\u0159ed\u00edch.<\/p><p data-start=\"585\" data-end=\"759\">Na\u0161\u00edm c\u00edlem nen\u00ed pouze dod\u00e1vat produkty, ale tak\u00e9 poskytovat in\u017een\u00fdrsky orientovan\u00e1 \u0159e\u0161en\u00ed, kter\u00e1 zlep\u0161uj\u00ed v\u00fdkon za\u0159\u00edzen\u00ed, sni\u017euj\u00ed prostoje a prodlu\u017euj\u00ed \u017eivotnost.<\/p><p data-start=\"784\" data-end=\"950\">Spole\u010dnost Henan Wonzh Precision Manufacturing Co., Ltd. byla zalo\u017eena s jasnou viz\u00ed: p\u0159in\u00e9st precizn\u00ed in\u017een\u00fdrstv\u00ed a spolehliv\u00e9 komponenty na glob\u00e1ln\u00ed pr\u016fmyslov\u00fd trh.<\/p><p data-start=\"952\" data-end=\"1279\">V pr\u016fb\u011bhu let jsme neust\u00e1le roz\u0161i\u0159ovali na\u0161e schopnosti ve v\u00fdrob\u011b lo\u017eisek, \u0159e\u0161en\u00edch t\u011bsn\u011bn\u00ed a souvisej\u00edc\u00edch mechanick\u00fdch komponent\u016f. D\u00edky neust\u00e1l\u00fdm investic\u00edm do v\u00fdrobn\u00ed technologie a syst\u00e9m\u016f kontroly kvality jsme vybudovali stabiln\u00ed dodavatelsk\u00fd \u0159et\u011bzec a dlouhodob\u00e1 partnerstv\u00ed se z\u00e1kazn\u00edky v r\u016fzn\u00fdch odv\u011btv\u00edch.<\/p><p data-start=\"1281\" data-end=\"1472\">Dnes Strojn\u00edLo\u017eiska slou\u017e\u00ed jako na\u0161e specializovan\u00e1 platforma pro spojen\u00ed s mezin\u00e1rodn\u00edmi z\u00e1kazn\u00edky, nab\u00edzej\u00edc\u00ed jak standardn\u00ed, tak p\u0159izp\u016fsoben\u00e1 \u0159e\u0161en\u00ed lo\u017eisek p\u0159izp\u016fsoben\u00e1 re\u00e1ln\u00fdm aplikac\u00edm.<\/p>\t\t\t\t\t\t\t\t<\/div>\n\t\t\t\t<\/div>\n\t\t\t\t<\/div>\n\t\t\t\t\t<\/div>\n\t\t\t\t<\/div>\n\t\t<div class=\"elementor-element elementor-element-ec04f94 e-flex e-con-boxed e-con e-parent\" data-id=\"ec04f94\" data-element_type=\"container\" data-e-type=\"container\" data-settings=\"{&quot;background_background&quot;:&quot;classic&quot;}\">\n\t\t\t\t\t<div class=\"e-con-inner\">\n\t\t<div class=\"elementor-element elementor-element-1c9762f e-con-full e-flex e-con e-child\" data-id=\"1c9762f\" data-element_type=\"container\" data-e-type=\"container\">\n\t\t<div class=\"elementor-element elementor-element-ba45ee9 e-con-full e-flex e-con e-child\" data-id=\"ba45ee9\" data-element_type=\"container\" data-e-type=\"container\">\n\t\t<div class=\"elementor-element elementor-element-4e3ff3d e-con-full e-flex e-con e-child\" data-id=\"4e3ff3d\" data-element_type=\"container\" data-e-type=\"container\">\n\t\t\t\t<div class=\"elementor-element elementor-element-e9b7223 elementor-widget elementor-widget-heading\" data-id=\"e9b7223\" data-element_type=\"widget\" data-e-type=\"widget\" data-widget_type=\"heading.default\">\n\t\t\t\t<div class=\"elementor-widget-container\">\n\t\t\t\t\t<h6 class=\"elementor-heading-title elementor-size-default\">Na\u0161e vize<\/h6>\t\t\t\t<\/div>\n\t\t\t\t<\/div>\n\t\t\t\t<\/div>\n\t\t<div class=\"elementor-element elementor-element-d7f54ae e-con-full e-flex e-con e-child\" data-id=\"d7f54ae\" data-element_type=\"container\" data-e-type=\"container\">\n\t\t\t\t<div class=\"elementor-element elementor-element-518860d elementor-widget-divider--view-line elementor-widget elementor-widget-divider\" data-id=\"518860d\" data-element_type=\"widget\" data-e-type=\"widget\" data-widget_type=\"divider.default\">\n\t\t\t\t<div class=\"elementor-widget-container\">\n\t\t\t\t\t\t\t<div class=\"elementor-divider\">\n\t\t\t<span class=\"elementor-divider-separator\">\n\t\t\t\t\t\t<\/span>\n\t\t<\/div>\n\t\t\t\t\t\t<\/div>\n\t\t\t\t<\/div>\n\t\t\t\t<div class=\"elementor-element elementor-element-442f3f8 elementor-widget elementor-widget-text-editor\" data-id=\"442f3f8\" data-element_type=\"widget\" data-e-type=\"widget\" data-widget_type=\"text-editor.default\">\n\t\t\t\t<div class=\"elementor-widget-container\">\n\t\t\t\t\t\t\t\t\t<p data-start=\"1498\" data-end=\"1646\">St\u00e1t se d\u016fv\u011bryhodn\u00fdm glob\u00e1ln\u00edm dodavatelem precizn\u00edch lo\u017eisek a mechanick\u00fdch komponent\u016f, uzn\u00e1van\u00fdm pro kvalitu, spolehlivost a in\u017een\u00fdrskou odbornost.<\/p><p data-start=\"1648\" data-end=\"1772\">Na\u0161\u00edm c\u00edlem je podporovat pr\u016fmysly po cel\u00e9m sv\u011bt\u011b dod\u00e1v\u00e1n\u00edm produkt\u016f, kter\u00e9 spl\u0148uj\u00ed nejvy\u0161\u0161\u00ed standardy v\u00fdkonu a trvanlivosti.<\/p>\t\t\t\t\t\t\t\t<\/div>\n\t\t\t\t<\/div>\n\t\t\t\t<\/div>\n\t\t\t\t<\/div>\n\t\t<div class=\"elementor-element elementor-element-d382d58 e-con-full e-flex e-con e-child\" data-id=\"d382d58\" data-element_type=\"container\" data-e-type=\"container\">\n\t\t<div class=\"elementor-element elementor-element-2398d76 e-con-full e-flex e-con e-child\" data-id=\"2398d76\" data-element_type=\"container\" data-e-type=\"container\">\n\t\t\t\t<div class=\"elementor-element elementor-element-82836ee elementor-widget elementor-widget-heading\" data-id=\"82836ee\" data-element_type=\"widget\" data-e-type=\"widget\" data-widget_type=\"heading.default\">\n\t\t\t\t<div class=\"elementor-widget-container\">\n\t\t\t\t\t<h6 class=\"elementor-heading-title elementor-size-default\">Na\u0161e mise<\/h6>\t\t\t\t<\/div>\n\t\t\t\t<\/div>\n\t\t\t\t<\/div>\n\t\t<div class=\"elementor-element elementor-element-9de1ae7 e-con-full e-flex e-con e-child\" data-id=\"9de1ae7\" data-element_type=\"container\" data-e-type=\"container\">\n\t\t\t\t<div class=\"elementor-element elementor-element-88206b2 elementor-widget-divider--view-line elementor-widget elementor-widget-divider\" data-id=\"88206b2\" data-element_type=\"widget\" data-e-type=\"widget\" data-widget_type=\"divider.default\">\n\t\t\t\t<div class=\"elementor-widget-container\">\n\t\t\t\t\t\t\t<div class=\"elementor-divider\">\n\t\t\t<span class=\"elementor-divider-separator\">\n\t\t\t\t\t\t<\/span>\n\t\t<\/div>\n\t\t\t\t\t\t<\/div>\n\t\t\t\t<\/div>\n\t\t\t\t<div class=\"elementor-element elementor-element-60f644e elementor-widget elementor-widget-text-editor\" data-id=\"60f644e\" data-element_type=\"widget\" data-e-type=\"widget\" data-widget_type=\"text-editor.default\">\n\t\t\t\t<div class=\"elementor-widget-container\">\n\t\t\t\t\t\t\t\t\t<p data-start=\"95\" data-end=\"285\">Jsme odhodl\u00e1ni dod\u00e1vat v\u00edce ne\u017e jen produkty lo\u017eisek. V Strojn\u00edLo\u017eiska je na\u0161e mise \u0159\u00edzena jasn\u00fdm zam\u011b\u0159en\u00edm na kvalitu, v\u00fdkon a dlouhodobou hodnotu pro na\u0161e z\u00e1kazn\u00edky.<\/p><p data-start=\"287\" data-end=\"491\">Kombinov\u00e1n\u00edm precizn\u00ed v\u00fdroby s praktickou in\u017een\u00fdrskou podporou se sna\u017e\u00edme pomoci podnik\u016fm zlep\u0161it efektivitu, sn\u00ed\u017eit prostoje a dos\u00e1hnout spolehliv\u00e9ho provozu v n\u00e1ro\u010dn\u00fdch pr\u016fmyslov\u00fdch prost\u0159ed\u00edch.<\/p>\t\t\t\t\t\t\t\t<\/div>\n\t\t\t\t<\/div>\n\t\t\t\t<div class=\"elementor-element elementor-element-2f19918 elementor-icon-list--layout-traditional elementor-list-item-link-full_width elementor-widget elementor-widget-icon-list\" data-id=\"2f19918\" data-element_type=\"widget\" data-e-type=\"widget\" data-widget_type=\"icon-list.default\">\n\t\t\t\t<div class=\"elementor-widget-container\">\n\t\t\t\t\t\t\t<ul class=\"elementor-icon-list-items\">\n\t\t\t\t\t\t\t<li class=\"elementor-icon-list-item\">\n\t\t\t\t\t\t\t\t\t\t\t<span class=\"elementor-icon-list-icon\">\n\t\t\t\t\t\t\t<i aria-hidden=\"true\" class=\"fas fa-caret-right\"><\/i>\t\t\t\t\t\t<\/span>\n\t\t\t\t\t\t\t\t\t\t<span class=\"elementor-icon-list-text\">Poskytovat vysoce kvalitn\u00ed produkty lo\u017eisek s konzistentn\u00edm v\u00fdkonem<\/span>\n\t\t\t\t\t\t\t\t\t<\/li>\n\t\t\t\t\t\t\t\t<li class=\"elementor-icon-list-item\">\n\t\t\t\t\t\t\t\t\t\t\t<span class=\"elementor-icon-list-icon\">\n\t\t\t\t\t\t\t<i aria-hidden=\"true\" class=\"fas fa-caret-right\"><\/i>\t\t\t\t\t\t<\/span>\n\t\t\t\t\t\t\t\t\t\t<span class=\"elementor-icon-list-text\">Nab\u00edzet praktick\u00e1 a efektivn\u00ed in\u017een\u00fdrsk\u00e1 \u0159e\u0161en\u00ed<\/span>\n\t\t\t\t\t\t\t\t\t<\/li>\n\t\t\t\t\t\t\t\t<li class=\"elementor-icon-list-item\">\n\t\t\t\t\t\t\t\t\t\t\t<span class=\"elementor-icon-list-icon\">\n\t\t\t\t\t\t\t<i aria-hidden=\"true\" class=\"fas fa-caret-right\"><\/i>\t\t\t\t\t\t<\/span>\n\t\t\t\t\t\t\t\t\t\t<span class=\"elementor-icon-list-text\">Pom\u00e1hat z\u00e1kazn\u00edk\u016fm sni\u017eovat provozn\u00ed n\u00e1klady a zlep\u0161ovat spolehlivost syst\u00e9m\u016f<\/span>\n\t\t\t\t\t\t\t\t\t<\/li>\n\t\t\t\t\t\t\t\t<li class=\"elementor-icon-list-item\">\n\t\t\t\t\t\t\t\t\t\t\t<span class=\"elementor-icon-list-icon\">\n\t\t\t\t\t\t\t<i aria-hidden=\"true\" class=\"fas fa-caret-right\"><\/i>\t\t\t\t\t\t<\/span>\n\t\t\t\t\t\t\t\t\t\t<span class=\"elementor-icon-list-text\">Budovat dlouhodob\u00e1 partnerstv\u00ed zalo\u017een\u00e1 na d\u016fv\u011b\u0159e a profesionalit\u011b<\/span>\n\t\t\t\t\t\t\t\t\t<\/li>\n\t\t\t\t\t\t<\/ul>\n\t\t\t\t\t\t<\/div>\n\t\t\t\t<\/div>\n\t\t\t\t<\/div>\n\t\t\t\t<\/div>\n\t\t\t\t<\/div>\n\t\t\t\t\t<\/div>\n\t\t\t\t<\/div>\n\t\t\t\t<\/div>","protected":false},"excerpt":{"rendered":"<p>About MachineryBearings Who We Are Our story MachineryBearings is a professional industrial bearing platform under Henan Wonzh Precision Manufacturing Co., Ltd., dedicated to providing reliable and high-performance bearing solutions for global customers. With years of experience in precision manufacturing, we specialize in the production and supply of a wide range of bearings used in machinery, [&hellip;]<\/p>\n","protected":false},"author":1,"featured_media":0,"parent":0,"menu_order":0,"comment_status":"closed","ping_status":"closed","template":"","meta":{"site-sidebar-layout":"no-sidebar","site-content-layout":"page-builder","ast-site-content-layout":"default","site-content-style":"default","site-sidebar-style":"default","ast-global-header-display":"","ast-banner-title-visibility":"","ast-main-header-display":"","ast-hfb-above-header-display":"","ast-hfb-below-header-display":"","ast-hfb-mobile-header-display":"","site-post-title":"disabled","ast-breadcrumbs-content":"disabled","ast-featured-img":"disabled","footer-sml-layout":"","ast-disable-related-posts":"","theme-transparent-header-meta":"enabled","adv-header-id-meta":"","stick-header-meta":"","header-above-stick-meta":"","header-main-stick-meta":"","header-below-stick-meta":"","astra-migrate-meta-layouts":"default","ast-page-background-enabled":"default","ast-page-background-meta":{"desktop":{"background-color":"","background-image":"","background-repeat":"repeat","background-position":"center center","background-size":"auto","background-attachment":"scroll","background-type":"","background-media":"","overlay-type":"","overlay-color":"","overlay-opacity":"","overlay-gradient":""},"tablet":{"background-color":"","background-image":"","background-repeat":"repeat","background-position":"center center","background-size":"auto","background-attachment":"scroll","background-type":"","background-media":"","overlay-type":"","overlay-color":"","overlay-opacity":"","overlay-gradient":""},"mobile":{"background-color":"","background-image":"","background-repeat":"repeat","background-position":"center center","background-size":"auto","background-attachment":"scroll","background-type":"","background-media":"","overlay-type":"","overlay-color":"","overlay-opacity":"","overlay-gradient":""}},"ast-content-background-meta":{"desktop":{"background-color":"var(--ast-global-color-5)","background-image":"","background-repeat":"repeat","background-position":"center center","background-size":"auto","background-attachment":"scroll","background-type":"","background-media":"","overlay-type":"","overlay-color":"","overlay-opacity":"","overlay-gradient":""},"tablet":{"background-color":"var(--ast-global-color-5)","background-image":"","background-repeat":"repeat","background-position":"center center","background-size":"auto","background-attachment":"scroll","background-type":"","background-media":"","overlay-type":"","overlay-color":"","overlay-opacity":"","overlay-gradient":""},"mobile":{"background-color":"var(--ast-global-color-5)","background-image":"","background-repeat":"repeat","background-position":"center center","background-size":"auto","background-attachment":"scroll","background-type":"","background-media":"","overlay-type":"","overlay-color":"","overlay-opacity":"","overlay-gradient":""}},"footnotes":""},"class_list":["post-395","page","type-page","status-publish","hentry"],"_links":{"self":[{"href":"https:\/\/www.machinerybearings.com\/cs\/wp-json\/wp\/v2\/pages\/395","targetHints":{"allow":["GET"]}}],"collection":[{"href":"https:\/\/www.machinerybearings.com\/cs\/wp-json\/wp\/v2\/pages"}],"about":[{"href":"https:\/\/www.machinerybearings.com\/cs\/wp-json\/wp\/v2\/types\/page"}],"author":[{"embeddable":true,"href":"https:\/\/www.machinerybearings.com\/cs\/wp-json\/wp\/v2\/users\/1"}],"replies":[{"embeddable":true,"href":"https:\/\/www.machinerybearings.com\/cs\/wp-json\/wp\/v2\/comments?post=395"}],"version-history":[{"count":9,"href":"https:\/\/www.machinerybearings.com\/cs\/wp-json\/wp\/v2\/pages\/395\/revisions"}],"predecessor-version":[{"id":2492,"href":"https:\/\/www.machinerybearings.com\/cs\/wp-json\/wp\/v2\/pages\/395\/revisions\/2492"}],"wp:attachment":[{"href":"https:\/\/www.machinerybearings.com\/cs\/wp-json\/wp\/v2\/media?parent=395"}],"curies":[{"name":"wp","href":"https:\/\/api.w.org\/{rel}","templated":true}]}}