{"id":2369,"date":"2026-04-11T15:49:21","date_gmt":"2026-04-11T15:49:21","guid":{"rendered":"https:\/\/www.machinerybearings.com\/?post_type=product&#038;p=2369"},"modified":"2026-05-03T14:26:38","modified_gmt":"2026-05-03T14:26:38","slug":"6205-deep-groove-ball-bearing-high-load-high-speed-bearing-for-motors-pumps-industrial-equipment","status":"publish","type":"product","link":"https:\/\/www.machinerybearings.com\/cs\/produkt\/6205-deep-groove-ball-bearing-high-load-high-speed-bearing-for-motors-pumps-industrial-equipment\/","title":{"rendered":"6205 Hlubok\u00e9 dr\u00e1\u017ekov\u00e9 kuli\u010dkov\u00e9 lo\u017eisko \u2013 Lo\u017eisko pro vysok\u00e9 zat\u00ed\u017een\u00ed a vysokou rychlost pro motory, \u010derpadla a pr\u016fmyslov\u00e9 za\u0159\u00edzen\u00ed"},"content":{"rendered":"<p data-start=\"407\" data-end=\"705\">Tento <strong data-start=\"411\" data-end=\"444\">6205 Kuli\u010dkov\u00e9 lo\u017eisko s hlubokou dr\u00e1\u017ekou<\/strong> je \u0161iroce pou\u017e\u00edvan\u00e9 a univerz\u00e1ln\u00ed lo\u017eisko navr\u017een\u00e9 pro vysokou nosnost, hladk\u00fd chod a dlouhou \u017eivotnost. S hlubok\u00fdmi dr\u00e1\u017ekami a p\u0159esn\u00fdmi ocelov\u00fdmi kuli\u010dkami je schopno podporovat jak radi\u00e1ln\u00ed zat\u00ed\u017een\u00ed, tak m\u00edrn\u00e1 axi\u00e1ln\u00ed zat\u00ed\u017een\u00ed v obou sm\u011brech.<\/p>\n<p data-start=\"707\" data-end=\"1070\">Vyrobeno z kvalitn\u00ed chromov\u00e9 oceli a dostupn\u00e9 v nerezov\u00e9 oceli a keramick\u00fdch variant\u00e1ch, lo\u017eisko 6205 nab\u00edz\u00ed vynikaj\u00edc\u00ed pevnost, odolnost proti opot\u0159eben\u00ed a ochranu proti korozi. Je dostupn\u00e9 v n\u011bkolika konfigurac\u00edch, v\u010detn\u011b otev\u0159en\u00e9ho typu, kovov\u00e9ho \u0161t\u00edtu (ZZ) a gumov\u00e9ho t\u011bsn\u011bn\u00ed (2RS), co\u017e zaji\u0161\u0165uje spolehliv\u00fd v\u00fdkon za r\u016fzn\u00fdch provozn\u00edch podm\u00ednek.<\/p>\n<p data-start=\"1072\" data-end=\"1239\">D\u00edky sv\u00e9 robustn\u00ed konstrukci a schopnosti vysok\u00fdch ot\u00e1\u010dek je lo\u017eisko 6205 ide\u00e1ln\u00ed pro elektrick\u00e9 motory, \u010derpadla, zem\u011bd\u011blsk\u00e9 stroje a pr\u016fmyslov\u00e9 p\u0159enosov\u00e9 syst\u00e9my.<\/p>\n<h1 data-section-id=\"8av2ty\" data-start=\"1246\" data-end=\"1264\"><span role=\"text\"><strong data-start=\"1248\" data-end=\"1264\">Kl\u00ed\u010dov\u00e9 vlastnosti<\/strong><\/span><\/h1>\n<ul data-start=\"1266\" data-end=\"1590\">\n<li data-section-id=\"jc024j\" data-start=\"1266\" data-end=\"1315\">Vysok\u00e1 nosnost a vysok\u00fd v\u00fdkon p\u0159i ot\u00e1\u010den\u00ed<\/li>\n<li data-section-id=\"18ey2rm\" data-start=\"1316\" data-end=\"1353\">N\u00edzk\u00e9 t\u0159en\u00ed a hladk\u00fd chod<\/li>\n<li data-section-id=\"11wwjkv\" data-start=\"1354\" data-end=\"1417\">Dostupn\u00e9 v otev\u0159en\u00e9m, ZZ (kovov\u00fd \u0161t\u00edt) a 2RS (gumov\u00e9 t\u011bsn\u011bn\u00ed)<\/li>\n<li data-section-id=\"1nj7ysv\" data-start=\"1418\" data-end=\"1465\">Odoln\u00e1 konstrukce s dlouhou \u017eivotnost\u00ed<\/li>\n<li data-section-id=\"rusbjz\" data-start=\"1466\" data-end=\"1501\">N\u00edzk\u00e1 hlu\u010dnost a sn\u00ed\u017een\u00e9 vibrace<\/li>\n<li data-section-id=\"1799fsu\" data-start=\"1502\" data-end=\"1553\">Voliteln\u00e9 materi\u00e1ly: nerezov\u00e1 ocel a keramika<\/li>\n<li data-section-id=\"15114ml\" data-start=\"1554\" data-end=\"1590\">Vhodn\u00e9 pro OEM a hromadn\u00e9 dod\u00e1vky<\/li>\n<\/ul>\n<h1 data-section-id=\"10k15yz\" data-start=\"1597\" data-end=\"1627\"><span role=\"text\"><strong data-start=\"1599\" data-end=\"1627\">Technick\u00e9 specifikace<\/strong><\/span><\/h1>\n<div class=\"TyagGW_tableContainer\">\n<div class=\"group TyagGW_tableWrapper flex flex-col-reverse w-fit\" tabindex=\"-1\">\n<table class=\"w-fit min-w-(--thread-content-width)\" data-start=\"1629\" data-end=\"2026\">\n<thead data-start=\"1629\" data-end=\"1650\">\n<tr data-start=\"1629\" data-end=\"1650\">\n<th class=\"\" data-start=\"1629\" data-end=\"1641\" data-col-size=\"sm\">Parametr<\/th>\n<th class=\"\" data-start=\"1641\" data-end=\"1650\" data-col-size=\"sm\">Hodnota<\/th>\n<\/tr>\n<\/thead>\n<tbody data-start=\"1671\" data-end=\"2026\">\n<tr data-start=\"1671\" data-end=\"1695\">\n<td data-start=\"1671\" data-end=\"1687\" data-col-size=\"sm\">Model lo\u017eiska<\/td>\n<td data-col-size=\"sm\" data-start=\"1687\" data-end=\"1695\">6205<\/td>\n<\/tr>\n<tr data-start=\"1696\" data-end=\"1726\">\n<td data-start=\"1696\" data-end=\"1717\" data-col-size=\"sm\">Vnit\u0159n\u00ed pr\u016fm\u011br (d)<\/td>\n<td data-col-size=\"sm\" data-start=\"1717\" data-end=\"1726\">25 mm<\/td>\n<\/tr>\n<tr data-start=\"1727\" data-end=\"1757\">\n<td data-start=\"1727\" data-end=\"1748\" data-col-size=\"sm\">Vn\u011bj\u0161\u00ed pr\u016fm\u011br (D)<\/td>\n<td data-col-size=\"sm\" data-start=\"1748\" data-end=\"1757\">52 mm<\/td>\n<\/tr>\n<tr data-start=\"1758\" data-end=\"1779\">\n<td data-start=\"1758\" data-end=\"1770\" data-col-size=\"sm\">\u0160\u00ed\u0159ka (B)<\/td>\n<td data-col-size=\"sm\" data-start=\"1770\" data-end=\"1779\">15 mm<\/td>\n<\/tr>\n<tr data-start=\"1780\" data-end=\"1835\">\n<td data-start=\"1780\" data-end=\"1791\" data-col-size=\"sm\">Materi\u00e1l<\/td>\n<td data-start=\"1791\" data-end=\"1835\" data-col-size=\"sm\">Chromov\u00e1 ocel \/ Nerezov\u00e1 ocel \/ Keramika<\/td>\n<\/tr>\n<tr data-start=\"1836\" data-end=\"1869\">\n<td data-start=\"1836\" data-end=\"1852\" data-col-size=\"sm\">Materi\u00e1l klece<\/td>\n<td data-col-size=\"sm\" data-start=\"1852\" data-end=\"1869\">Ocel \/ Nylon<\/td>\n<\/tr>\n<tr data-start=\"1870\" data-end=\"1904\">\n<td data-start=\"1870\" data-end=\"1885\" data-col-size=\"sm\">Typ ut\u011bsn\u011bn\u00ed<\/td>\n<td data-start=\"1885\" data-end=\"1904\" data-col-size=\"sm\">Otev\u0159en\u00e9 \/ ZZ \/ 2RS<\/td>\n<\/tr>\n<tr data-start=\"1905\" data-end=\"1952\">\n<td data-start=\"1905\" data-end=\"1924\" data-col-size=\"sm\">T\u0159\u00edda p\u0159esnosti<\/td>\n<td data-start=\"1924\" data-end=\"1952\" data-col-size=\"sm\">ABEC-1 \/ ABEC-3 \/ ABEC-5<\/td>\n<\/tr>\n<tr data-start=\"1953\" data-end=\"1983\">\n<td data-start=\"1953\" data-end=\"1967\" data-col-size=\"sm\">Maz\u00e1n\u00ed<\/td>\n<td data-col-size=\"sm\" data-start=\"1967\" data-end=\"1983\">Mazivo \/ Olej<\/td>\n<\/tr>\n<tr data-start=\"1984\" data-end=\"2026\">\n<td data-start=\"1984\" data-end=\"2008\" data-col-size=\"sm\">Prev\u00e1dzkov\u00e1 teplota<\/td>\n<td data-col-size=\"sm\" data-start=\"2008\" data-end=\"2026\">-20\u00b0C a\u017e 120\u00b0C<\/td>\n<\/tr>\n<\/tbody>\n<\/table>\n<\/div>\n<\/div>\n<h1 data-section-id=\"1p00fbj\" data-start=\"2033\" data-end=\"2051\"><span role=\"text\"><strong data-start=\"2035\" data-end=\"2051\">Aplikace<\/strong><\/span><\/h1>\n<p data-start=\"2053\" data-end=\"2105\">Kuli\u010dkov\u00e9 lo\u017eisko 6205 s hlubokou dr\u00e1\u017ekou se \u0161iroce pou\u017e\u00edv\u00e1 v:<\/p>\n<ul data-start=\"2107\" data-end=\"2281\">\n<li data-section-id=\"19ja8o\" data-start=\"2107\" data-end=\"2141\">Elektrick\u00fdch motorech a gener\u00e1torech<\/li>\n<li data-section-id=\"dl2tr4\" data-start=\"2142\" data-end=\"2167\">\u010cerpadlech a kompresorech<\/li>\n<li data-section-id=\"1n6ynun\" data-start=\"2168\" data-end=\"2194\">Zem\u011bd\u011blsk\u00e9 stroje<\/li>\n<li data-section-id=\"15oirsh\" data-start=\"2195\" data-end=\"2233\">P\u0159evodovk\u00e1ch a p\u0159enosov\u00fdch syst\u00e9mech<\/li>\n<li data-section-id=\"1fzl3dj\" data-start=\"2234\" data-end=\"2256\">Dopravn\u00edm za\u0159\u00edzen\u00ed<\/li>\n<li data-section-id=\"ho81mp\" data-start=\"2257\" data-end=\"2281\">Pr\u016fmyslov\u00fdch stroj\u00edch<\/li>\n<\/ul>\n<h1 data-section-id=\"zdmnob\" data-start=\"2288\" data-end=\"2307\"><span role=\"text\"><strong data-start=\"2290\" data-end=\"2307\">Pro\u010d si vybrat n\u00e1s<\/strong><\/span><\/h1>\n<ul data-start=\"2309\" data-end=\"2521\">\n<li data-section-id=\"1hoqfcd\" data-start=\"2309\" data-end=\"2358\">P\u0159\u00edm\u00e9 dod\u00e1vky z tov\u00e1rny s konzistentn\u00ed kvalitou<\/li>\n<li data-section-id=\"1h0w0om\" data-start=\"2359\" data-end=\"2401\">K dispozici jsou OEM a p\u0159izp\u016fsoben\u00e1 \u0159e\u0161en\u00ed<\/li>\n<li data-section-id=\"18yrkc1\" data-start=\"2402\" data-end=\"2441\">Konkuren\u010dn\u00ed ceny pro hromadn\u00e9 objedn\u00e1vky<\/li>\n<li data-section-id=\"tuyq12\" data-start=\"2442\" data-end=\"2479\">Rychl\u00e9 dod\u00e1n\u00ed a glob\u00e1ln\u00ed doprava<\/li>\n<li data-section-id=\"1warmzg\" data-start=\"2480\" data-end=\"2521\">P\u0159\u00edsn\u00e1 kontrola kvality a inspekce<\/li>\n<\/ul>\n<h1 data-section-id=\"1iusff4\" data-start=\"2528\" data-end=\"2537\"><span role=\"text\"><strong data-start=\"2530\" data-end=\"2537\">\u010casto kladen\u00e9 ot\u00e1zky<\/strong><\/span><\/h1>\n<p data-start=\"2539\" data-end=\"2750\"><strong data-start=\"2539\" data-end=\"2599\">Q1: Jak\u00fd je rozd\u00edl mezi 6205-ZZ a 6205-2RS?<\/strong><br data-start=\"2599\" data-end=\"2602\" \/>A: 6205-ZZ pou\u017e\u00edv\u00e1 kovov\u00e9 \u0161t\u00edty pro vy\u0161\u0161\u00ed rychlost a ni\u017e\u0161\u00ed t\u0159en\u00ed, zat\u00edmco 6205-2RS pou\u017e\u00edv\u00e1 gumov\u00e9 t\u011bsn\u011bn\u00ed pro lep\u0161\u00ed ochranu proti prachu a vlhkosti.<\/p>\n<p data-start=\"2752\" data-end=\"2928\"><strong data-start=\"2752\" data-end=\"2816\">Q2: M\u016f\u017eete poskytnout vysoce p\u0159esn\u00e9 nebo keramick\u00e9 lo\u017eiska 6205?<\/strong><br data-start=\"2816\" data-end=\"2819\" \/>A: Ano, nab\u00edz\u00edme vysoce p\u0159esn\u00e9 t\u0159\u00eddy, stejn\u011b jako hybridn\u00ed a pln\u011b keramick\u00e9 mo\u017enosti pro n\u00e1ro\u010dn\u00e9 aplikace.<\/p>\n<p data-start=\"2930\" data-end=\"3084\"><strong data-start=\"2930\" data-end=\"2973\">Q3: Podporujete OEM a hromadn\u00e9 objedn\u00e1vky?<\/strong><br data-start=\"2973\" data-end=\"2976\" \/>A: Ano, poskytujeme OEM slu\u017eby v\u010detn\u011b vlastn\u00edch materi\u00e1l\u016f, balen\u00ed a zna\u010dkov\u00e1n\u00ed pro objedn\u00e1vky ve velk\u00e9m objemu.<\/p>","protected":false},"excerpt":{"rendered":"<p>Tento <strong data-start=\"411\" data-end=\"444\">6205 Kuli\u010dkov\u00e9 lo\u017eisko s hlubokou dr\u00e1\u017ekou<\/strong> je \u0161iroce pou\u017e\u00edvan\u00e9 a univerz\u00e1ln\u00ed lo\u017eisko navr\u017een\u00e9 pro vysokou nosnost, hladk\u00fd chod a dlouhou \u017eivotnost. S hlubok\u00fdmi dr\u00e1\u017ekami a p\u0159esn\u00fdmi ocelov\u00fdmi kuli\u010dkami je schopno podporovat jak radi\u00e1ln\u00ed zat\u00ed\u017een\u00ed, tak m\u00edrn\u00e1 axi\u00e1ln\u00ed zat\u00ed\u017een\u00ed v obou sm\u011brech.<\/p>","protected":false},"featured_media":2575,"comment_status":"open","ping_status":"closed","template":"","meta":{"site-sidebar-layout":"default","site-content-layout":"","ast-site-content-layout":"default","site-content-style":"default","site-sidebar-style":"default","ast-global-header-display":"","ast-banner-title-visibility":"","ast-main-header-display":"","ast-hfb-above-header-display":"","ast-hfb-below-header-display":"","ast-hfb-mobile-header-display":"","site-post-title":"","ast-breadcrumbs-content":"","ast-featured-img":"","footer-sml-layout":"","ast-disable-related-posts":"","theme-transparent-header-meta":"default","adv-header-id-meta":"","stick-header-meta":"default","header-above-stick-meta":"","header-main-stick-meta":"","header-below-stick-meta":"","astra-migrate-meta-layouts":"set","ast-page-background-enabled":"default","ast-page-background-meta":{"desktop":{"background-color":"","background-image":"","background-repeat":"repeat","background-position":"center center","background-size":"auto","background-attachment":"scroll","background-type":"","background-media":"","overlay-type":"","overlay-color":"","overlay-opacity":"","overlay-gradient":""},"tablet":{"background-color":"","background-image":"","background-repeat":"repeat","background-position":"center center","background-size":"auto","background-attachment":"scroll","background-type":"","background-media":"","overlay-type":"","overlay-color":"","overlay-opacity":"","overlay-gradient":""},"mobile":{"background-color":"","background-image":"","background-repeat":"repeat","background-position":"center center","background-size":"auto","background-attachment":"scroll","background-type":"","background-media":"","overlay-type":"","overlay-color":"","overlay-opacity":"","overlay-gradient":""}},"ast-content-background-meta":{"desktop":{"background-color":"var(--ast-global-color-5)","background-image":"","background-repeat":"repeat","background-position":"center center","background-size":"auto","background-attachment":"scroll","background-type":"","background-media":"","overlay-type":"","overlay-color":"","overlay-opacity":"","overlay-gradient":""},"tablet":{"background-color":"var(--ast-global-color-5)","background-image":"","background-repeat":"repeat","background-position":"center center","background-size":"auto","background-attachment":"scroll","background-type":"","background-media":"","overlay-type":"","overlay-color":"","overlay-opacity":"","overlay-gradient":""},"mobile":{"background-color":"var(--ast-global-color-5)","background-image":"","background-repeat":"repeat","background-position":"center center","background-size":"auto","background-attachment":"scroll","background-type":"","background-media":"","overlay-type":"","overlay-color":"","overlay-opacity":"","overlay-gradient":""}}},"product_brand":[],"product_cat":[15],"product_tag":[50,48,49,46,33,52,51,45,38,47],"class_list":{"0":"post-2369","1":"product","2":"type-product","3":"status-publish","4":"has-post-thumbnail","6":"product_cat-deep-groove-ball-bearings","7":"product_tag-6205-2rs-bearing","8":"product_tag-6205-bearing","9":"product_tag-6205-zz-bearing","10":"product_tag-bearing-supplier","11":"product_tag-deep-groove-ball-bearing","12":"product_tag-electric-motor-bearing","13":"product_tag-high-load-bearing","14":"product_tag-industrial-bearing","15":"product_tag-motor-bearing","16":"product_tag-oem-bearing-manufacturer","17":"desktop-align-left","18":"tablet-align-left","19":"mobile-align-left","20":"ast-product-gallery-layout-horizontal-slider","21":"ast-product-gallery-with-no-image","22":"ast-product-tabs-layout-horizontal","24":"first","25":"instock","26":"shipping-taxable","27":"product-type-simple"},"_links":{"self":[{"href":"https:\/\/www.machinerybearings.com\/cs\/wp-json\/wp\/v2\/product\/2369","targetHints":{"allow":["GET"]}}],"collection":[{"href":"https:\/\/www.machinerybearings.com\/cs\/wp-json\/wp\/v2\/product"}],"about":[{"href":"https:\/\/www.machinerybearings.com\/cs\/wp-json\/wp\/v2\/types\/product"}],"replies":[{"embeddable":true,"href":"https:\/\/www.machinerybearings.com\/cs\/wp-json\/wp\/v2\/comments?post=2369"}],"wp:featuredmedia":[{"embeddable":true,"href":"https:\/\/www.machinerybearings.com\/cs\/wp-json\/wp\/v2\/media\/2575"}],"wp:attachment":[{"href":"https:\/\/www.machinerybearings.com\/cs\/wp-json\/wp\/v2\/media?parent=2369"}],"wp:term":[{"taxonomy":"product_brand","embeddable":true,"href":"https:\/\/www.machinerybearings.com\/cs\/wp-json\/wp\/v2\/product_brand?post=2369"},{"taxonomy":"product_cat","embeddable":true,"href":"https:\/\/www.machinerybearings.com\/cs\/wp-json\/wp\/v2\/product_cat?post=2369"},{"taxonomy":"product_tag","embeddable":true,"href":"https:\/\/www.machinerybearings.com\/cs\/wp-json\/wp\/v2\/product_tag?post=2369"}],"curies":[{"name":"wp","href":"https:\/\/api.w.org\/{rel}","templated":true}]}}