{"id":2372,"date":"2026-04-11T16:12:43","date_gmt":"2026-04-11T16:12:43","guid":{"rendered":"https:\/\/www.machinerybearings.com\/?post_type=product&#038;p=2372"},"modified":"2026-05-03T06:16:02","modified_gmt":"2026-05-03T06:16:02","slug":"16010-thin-section-deep-groove-ball-bearing-lightweight-large-diameter-bearing-for-industrial-applications","status":"publish","type":"product","link":"https:\/\/www.machinerybearings.com\/cs\/produkt\/16010-thin-section-deep-groove-ball-bearing-lightweight-large-diameter-bearing-for-industrial-applications\/","title":{"rendered":"16010 Tenkost\u011bnn\u00e9 hlubok\u00e9 dr\u00e1\u017ekov\u00e9 kuli\u010dkov\u00e9 lo\u017eisko \u2013 Lehk\u00e1 lo\u017eisko velk\u00e9ho pr\u016fm\u011bru pro pr\u016fmyslov\u00e9 aplikace"},"content":{"rendered":"<p data-start=\"419\" data-end=\"755\">Tento <strong data-start=\"423\" data-end=\"470\">16010 tenk\u00fd sek\u010dn\u00ed hlubok\u00fd dr\u00e1\u017ekov\u00fd kuli\u010dkov\u00fd lo\u017eisko<\/strong> je navr\u017eeno pro aplikace vy\u017eaduj\u00edc\u00ed kompaktn\u00ed pr\u016f\u0159ez v kombinaci s relativn\u011b velk\u00fdm vnit\u0159n\u00edm a vn\u011bj\u0161\u00edm pr\u016fm\u011brem. Se sv\u00fdm \u0161t\u00edhl\u00fdm profilem a optimalizovanou vnit\u0159n\u00ed geometri\u00ed nab\u00edz\u00ed sn\u00ed\u017eenou hmotnost, ni\u017e\u0161\u00ed t\u0159en\u00ed a efektivn\u00ed vyu\u017eit\u00ed prostoru bez kompromis\u016f v v\u00fdkonu.<\/p>\n<p data-start=\"757\" data-end=\"1053\">Vyrobeno z vysoce kvalitn\u00ed chromov\u00e9 oceli a dostupn\u00e9 v nerezov\u00e9 oceli a keramick\u00fdch variant\u00e1ch, lo\u017eisko 16010 poskytuje vynikaj\u00edc\u00ed odolnost, odolnost proti korozi a hladk\u00fd chod. Jeho hlubok\u00fd dr\u00e1\u017ekov\u00fd design mu umo\u017e\u0148uje podporovat jak radi\u00e1ln\u00ed zat\u00ed\u017een\u00ed, tak lehk\u00e1 axi\u00e1ln\u00ed zat\u00ed\u017een\u00ed v obou sm\u011brech.<\/p>\n<p data-start=\"1055\" data-end=\"1292\">Dostupn\u00e9 v otev\u0159en\u00e9m typu, s kovov\u00fdm \u0161t\u00edtem (ZZ) a gumov\u00fdm t\u011bsn\u011bn\u00edm (2RS), tenk\u00e9 sek\u010dn\u00ed lo\u017eisko 16010 je vhodn\u00e9 pro \u0161irokou \u0161k\u00e1lu pr\u016fmyslov\u00fdch prost\u0159ed\u00ed, zejm\u00e9na tam, kde je \u00faspora m\u00edsta a lehk\u00fd design kritick\u00fd.<\/p>\n<h1 data-section-id=\"8av2ty\" data-start=\"1299\" data-end=\"1317\"><span role=\"text\"><strong data-start=\"1301\" data-end=\"1317\">Kl\u00ed\u010dov\u00e9 vlastnosti<\/strong><\/span><\/h1>\n<ul data-start=\"1319\" data-end=\"1682\">\n<li data-section-id=\"1ck2v1g\" data-start=\"1319\" data-end=\"1378\">Tenk\u00fd pr\u016f\u0159ez pro aplikace \u0161et\u0159\u00edc\u00ed m\u00edsto<\/li>\n<li data-section-id=\"1qqsaq8\" data-start=\"1379\" data-end=\"1436\">Lehk\u00e9 proveden\u00ed se sn\u00ed\u017eenou rota\u010dn\u00ed setrva\u010dnost\u00ed<\/li>\n<li data-section-id=\"1bkzhsf\" data-start=\"1437\" data-end=\"1474\">Hladk\u00fd a n\u00edzkot\u0159ec\u00ed chod<\/li>\n<li data-section-id=\"46y8gf\" data-start=\"1475\" data-end=\"1522\">Podporuje radi\u00e1ln\u00ed zat\u00ed\u017een\u00ed a lehk\u00e1 axi\u00e1ln\u00ed zat\u00ed\u017een\u00ed<\/li>\n<li data-section-id=\"97kjp5\" data-start=\"1523\" data-end=\"1572\">Dostupn\u00e9 v konfigurac\u00edch Open, ZZ a 2RS<\/li>\n<li data-section-id=\"1799fsu\" data-start=\"1573\" data-end=\"1624\">Voliteln\u00e9 materi\u00e1ly: nerezov\u00e1 ocel a keramika<\/li>\n<li data-section-id=\"mm83ej\" data-start=\"1625\" data-end=\"1682\">Vhodn\u00e9 pro p\u0159esn\u00e9 za\u0159\u00edzen\u00ed a aplikace OEM<\/li>\n<\/ul>\n<h1 data-section-id=\"10k15yz\" data-start=\"1689\" data-end=\"1719\"><span role=\"text\"><strong data-start=\"1691\" data-end=\"1719\">Technick\u00e9 specifikace<\/strong><\/span><\/h1>\n<div class=\"TyagGW_tableContainer\">\n<div class=\"group TyagGW_tableWrapper flex flex-col-reverse w-fit\" tabindex=\"-1\">\n<table class=\"w-fit min-w-(--thread-content-width)\" data-start=\"1721\" data-end=\"2119\">\n<thead data-start=\"1721\" data-end=\"1742\">\n<tr data-start=\"1721\" data-end=\"1742\">\n<th class=\"\" data-start=\"1721\" data-end=\"1733\" data-col-size=\"sm\">Parametr<\/th>\n<th class=\"\" data-start=\"1733\" data-end=\"1742\" data-col-size=\"sm\">Hodnota<\/th>\n<\/tr>\n<\/thead>\n<tbody data-start=\"1763\" data-end=\"2119\">\n<tr data-start=\"1763\" data-end=\"1788\">\n<td data-start=\"1763\" data-end=\"1779\" data-col-size=\"sm\">Model lo\u017eiska<\/td>\n<td data-start=\"1779\" data-end=\"1788\" data-col-size=\"sm\">16010<\/td>\n<\/tr>\n<tr data-start=\"1789\" data-end=\"1819\">\n<td data-start=\"1789\" data-end=\"1810\" data-col-size=\"sm\">Vnit\u0159n\u00ed pr\u016fm\u011br (d)<\/td>\n<td data-start=\"1810\" data-end=\"1819\" data-col-size=\"sm\">50 mm<\/td>\n<\/tr>\n<tr data-start=\"1820\" data-end=\"1850\">\n<td data-start=\"1820\" data-end=\"1841\" data-col-size=\"sm\">Vn\u011bj\u0161\u00ed pr\u016fm\u011br (D)<\/td>\n<td data-col-size=\"sm\" data-start=\"1841\" data-end=\"1850\">80 mm<\/td>\n<\/tr>\n<tr data-start=\"1851\" data-end=\"1872\">\n<td data-start=\"1851\" data-end=\"1863\" data-col-size=\"sm\">\u0160\u00ed\u0159ka (B)<\/td>\n<td data-col-size=\"sm\" data-start=\"1863\" data-end=\"1872\">10 mm<\/td>\n<\/tr>\n<tr data-start=\"1873\" data-end=\"1928\">\n<td data-start=\"1873\" data-end=\"1884\" data-col-size=\"sm\">Materi\u00e1l<\/td>\n<td data-col-size=\"sm\" data-start=\"1884\" data-end=\"1928\">Chromov\u00e1 ocel \/ Nerezov\u00e1 ocel \/ Keramika<\/td>\n<\/tr>\n<tr data-start=\"1929\" data-end=\"1962\">\n<td data-start=\"1929\" data-end=\"1945\" data-col-size=\"sm\">Materi\u00e1l klece<\/td>\n<td data-col-size=\"sm\" data-start=\"1945\" data-end=\"1962\">Ocel \/ Nylon<\/td>\n<\/tr>\n<tr data-start=\"1963\" data-end=\"1997\">\n<td data-start=\"1963\" data-end=\"1978\" data-col-size=\"sm\">Typ ut\u011bsn\u011bn\u00ed<\/td>\n<td data-start=\"1978\" data-end=\"1997\" data-col-size=\"sm\">Otev\u0159en\u00e9 \/ ZZ \/ 2RS<\/td>\n<\/tr>\n<tr data-start=\"1998\" data-end=\"2045\">\n<td data-start=\"1998\" data-end=\"2017\" data-col-size=\"sm\">T\u0159\u00edda p\u0159esnosti<\/td>\n<td data-col-size=\"sm\" data-start=\"2017\" data-end=\"2045\">ABEC-1 \/ ABEC-3 \/ ABEC-5<\/td>\n<\/tr>\n<tr data-start=\"2046\" data-end=\"2076\">\n<td data-start=\"2046\" data-end=\"2060\" data-col-size=\"sm\">Maz\u00e1n\u00ed<\/td>\n<td data-col-size=\"sm\" data-start=\"2060\" data-end=\"2076\">Mazivo \/ Olej<\/td>\n<\/tr>\n<tr data-start=\"2077\" data-end=\"2119\">\n<td data-start=\"2077\" data-end=\"2101\" data-col-size=\"sm\">Prev\u00e1dzkov\u00e1 teplota<\/td>\n<td data-col-size=\"sm\" data-start=\"2101\" data-end=\"2119\">-20\u00b0C a\u017e 120\u00b0C<\/td>\n<\/tr>\n<\/tbody>\n<\/table>\n<\/div>\n<\/div>\n<h1 data-section-id=\"1p00fbj\" data-start=\"2126\" data-end=\"2144\"><span role=\"text\"><strong data-start=\"2128\" data-end=\"2144\">Aplikace<\/strong><\/span><\/h1>\n<p data-start=\"2146\" data-end=\"2200\">Kuli\u010dkov\u00e9 lo\u017eisko tenk\u00e9ho profilu 16010 je \u0161iroce pou\u017e\u00edv\u00e1no v:<\/p>\n<ul data-start=\"2202\" data-end=\"2400\">\n<li data-section-id=\"atmlbz\" data-start=\"2202\" data-end=\"2238\">Lehk\u00e9 pr\u016fmyslov\u00e9 stroje<\/li>\n<li data-section-id=\"1q02707\" data-start=\"2239\" data-end=\"2274\">Robotika a automatiza\u010dn\u00ed syst\u00e9my<\/li>\n<li data-section-id=\"kh47jd\" data-start=\"2275\" data-end=\"2296\">L\u00e9ka\u0159sk\u00e9 vybaven\u00ed<\/li>\n<li data-section-id=\"1tqjc7s\" data-start=\"2297\" data-end=\"2322\">P\u0159esn\u00e9 p\u0159\u00edstroje<\/li>\n<li data-section-id=\"1170ol2\" data-start=\"2323\" data-end=\"2360\">Dopravn\u00ed a p\u0159enosov\u00e9 syst\u00e9my<\/li>\n<li data-section-id=\"pjwe9y\" data-start=\"2361\" data-end=\"2400\">Mechanick\u00e9 sestavy s omezen\u00fdm prostorem<\/li>\n<\/ul>\n<h1 data-section-id=\"zdmnob\" data-start=\"2407\" data-end=\"2426\"><span role=\"text\"><strong data-start=\"2409\" data-end=\"2426\">Pro\u010d si vybrat n\u00e1s<\/strong><\/span><\/h1>\n<ul data-start=\"2428\" data-end=\"2639\">\n<li data-section-id=\"xx8vmd\" data-start=\"2428\" data-end=\"2475\">P\u0159\u00edm\u00e9 dod\u00e1vky z tov\u00e1rny s spolehlivou kvalitou<\/li>\n<li data-section-id=\"ary9wy\" data-start=\"2476\" data-end=\"2520\">Slu\u017eby OEM a zak\u00e1zkov\u00e9ho designu k dispozici<\/li>\n<li data-section-id=\"18yrkc1\" data-start=\"2521\" data-end=\"2560\">Konkuren\u010dn\u00ed ceny pro hromadn\u00e9 objedn\u00e1vky<\/li>\n<li data-section-id=\"1x678vr\" data-start=\"2561\" data-end=\"2600\">Rychl\u00e1 v\u00fdroba a glob\u00e1ln\u00ed dod\u00e1vky<\/li>\n<li data-section-id=\"1oidmxg\" data-start=\"2601\" data-end=\"2639\">P\u0159\u00edsn\u00e1 kontrola kvality a testov\u00e1n\u00ed<\/li>\n<\/ul>\n<h1 data-section-id=\"1iusff4\" data-start=\"2646\" data-end=\"2655\"><span role=\"text\"><strong data-start=\"2648\" data-end=\"2655\">\u010casto kladen\u00e9 ot\u00e1zky<\/strong><\/span><\/h1>\n<p data-start=\"2657\" data-end=\"2876\"><strong data-start=\"2657\" data-end=\"2731\">Q1: Co odli\u0161uje lo\u017eiska tenk\u00e9ho profilu od standardn\u00edch lo\u017eisek?<\/strong><br data-start=\"2731\" data-end=\"2734\" \/>A: Lo\u017eiska tenk\u00e9ho profilu maj\u00ed zmen\u0161en\u00fd pr\u016f\u0159ez, co\u017e umo\u017e\u0148uje leh\u010d\u00ed hmotnost a \u00fasporn\u011bj\u0161\u00ed design p\u0159i zachov\u00e1n\u00ed dobr\u00e9ho v\u00fdkonu.<\/p>\n<p data-start=\"2878\" data-end=\"3062\"><strong data-start=\"2878\" data-end=\"2947\">Q2: M\u016f\u017eete poskytnout verze 16010 z nerezov\u00e9 oceli nebo keramiky?<\/strong><br data-start=\"2947\" data-end=\"2950\" \/>A: Ano, nab\u00edz\u00edme mo\u017enosti z nerezov\u00e9 oceli a keramiky pro odolnost proti korozi a aplikace s vysok\u00fdm v\u00fdkonem.<\/p>\n<p data-start=\"3064\" data-end=\"3201\"><strong data-start=\"3064\" data-end=\"3116\">Q3: Podporujete p\u0159izp\u016fsoben\u00ed a objedn\u00e1vky OEM?<\/strong><br data-start=\"3116\" data-end=\"3119\" \/>A: Ano, podporujeme p\u0159izp\u016fsoben\u00e9 rozm\u011bry, materi\u00e1ly a branding pro hromadn\u00e9 objedn\u00e1vky.<\/p>","protected":false},"excerpt":{"rendered":"<p>Tento <strong data-start=\"423\" data-end=\"470\">16010 tenk\u00fd sek\u010dn\u00ed hlubok\u00fd dr\u00e1\u017ekov\u00fd kuli\u010dkov\u00fd lo\u017eisko<\/strong> je navr\u017eeno pro aplikace vy\u017eaduj\u00edc\u00ed kompaktn\u00ed pr\u016f\u0159ez v kombinaci s relativn\u011b velk\u00fdm vnit\u0159n\u00edm a vn\u011bj\u0161\u00edm pr\u016fm\u011brem. Se sv\u00fdm \u0161t\u00edhl\u00fdm profilem a optimalizovanou vnit\u0159n\u00ed geometri\u00ed nab\u00edz\u00ed sn\u00ed\u017eenou hmotnost, ni\u017e\u0161\u00ed t\u0159en\u00ed a efektivn\u00ed vyu\u017eit\u00ed prostoru bez kompromis\u016f v v\u00fdkonu.<\/p>","protected":false},"featured_media":2542,"comment_status":"open","ping_status":"closed","template":"","meta":{"site-sidebar-layout":"default","site-content-layout":"","ast-site-content-layout":"default","site-content-style":"default","site-sidebar-style":"default","ast-global-header-display":"","ast-banner-title-visibility":"","ast-main-header-display":"","ast-hfb-above-header-display":"","ast-hfb-below-header-display":"","ast-hfb-mobile-header-display":"","site-post-title":"","ast-breadcrumbs-content":"","ast-featured-img":"","footer-sml-layout":"","ast-disable-related-posts":"","theme-transparent-header-meta":"default","adv-header-id-meta":"","stick-header-meta":"default","header-above-stick-meta":"","header-main-stick-meta":"","header-below-stick-meta":"","astra-migrate-meta-layouts":"set","ast-page-background-enabled":"default","ast-page-background-meta":{"desktop":{"background-color":"","background-image":"","background-repeat":"repeat","background-position":"center center","background-size":"auto","background-attachment":"scroll","background-type":"","background-media":"","overlay-type":"","overlay-color":"","overlay-opacity":"","overlay-gradient":""},"tablet":{"background-color":"","background-image":"","background-repeat":"repeat","background-position":"center center","background-size":"auto","background-attachment":"scroll","background-type":"","background-media":"","overlay-type":"","overlay-color":"","overlay-opacity":"","overlay-gradient":""},"mobile":{"background-color":"","background-image":"","background-repeat":"repeat","background-position":"center center","background-size":"auto","background-attachment":"scroll","background-type":"","background-media":"","overlay-type":"","overlay-color":"","overlay-opacity":"","overlay-gradient":""}},"ast-content-background-meta":{"desktop":{"background-color":"var(--ast-global-color-5)","background-image":"","background-repeat":"repeat","background-position":"center center","background-size":"auto","background-attachment":"scroll","background-type":"","background-media":"","overlay-type":"","overlay-color":"","overlay-opacity":"","overlay-gradient":""},"tablet":{"background-color":"var(--ast-global-color-5)","background-image":"","background-repeat":"repeat","background-position":"center center","background-size":"auto","background-attachment":"scroll","background-type":"","background-media":"","overlay-type":"","overlay-color":"","overlay-opacity":"","overlay-gradient":""},"mobile":{"background-color":"var(--ast-global-color-5)","background-image":"","background-repeat":"repeat","background-position":"center center","background-size":"auto","background-attachment":"scroll","background-type":"","background-media":"","overlay-type":"","overlay-color":"","overlay-opacity":"","overlay-gradient":""}}},"product_brand":[],"product_cat":[15],"product_tag":[58,46,33,45,62,61,47,63,60,59],"class_list":{"0":"post-2372","1":"product","2":"type-product","3":"status-publish","4":"has-post-thumbnail","6":"product_cat-deep-groove-ball-bearings","7":"product_tag-16010-bearing","8":"product_tag-bearing-supplier","9":"product_tag-deep-groove-ball-bearing","10":"product_tag-industrial-bearing","11":"product_tag-large-diameter-bearing","12":"product_tag-lightweight-bearing","13":"product_tag-oem-bearing-manufacturer","14":"product_tag-precision-bearing","15":"product_tag-slim-bearing","16":"product_tag-thin-section-ball-bearing","17":"desktop-align-left","18":"tablet-align-left","19":"mobile-align-left","20":"ast-product-gallery-layout-horizontal-slider","21":"ast-product-gallery-with-no-image","22":"ast-product-tabs-layout-horizontal","24":"first","25":"instock","26":"shipping-taxable","27":"product-type-simple"},"_links":{"self":[{"href":"https:\/\/www.machinerybearings.com\/cs\/wp-json\/wp\/v2\/product\/2372","targetHints":{"allow":["GET"]}}],"collection":[{"href":"https:\/\/www.machinerybearings.com\/cs\/wp-json\/wp\/v2\/product"}],"about":[{"href":"https:\/\/www.machinerybearings.com\/cs\/wp-json\/wp\/v2\/types\/product"}],"replies":[{"embeddable":true,"href":"https:\/\/www.machinerybearings.com\/cs\/wp-json\/wp\/v2\/comments?post=2372"}],"wp:featuredmedia":[{"embeddable":true,"href":"https:\/\/www.machinerybearings.com\/cs\/wp-json\/wp\/v2\/media\/2542"}],"wp:attachment":[{"href":"https:\/\/www.machinerybearings.com\/cs\/wp-json\/wp\/v2\/media?parent=2372"}],"wp:term":[{"taxonomy":"product_brand","embeddable":true,"href":"https:\/\/www.machinerybearings.com\/cs\/wp-json\/wp\/v2\/product_brand?post=2372"},{"taxonomy":"product_cat","embeddable":true,"href":"https:\/\/www.machinerybearings.com\/cs\/wp-json\/wp\/v2\/product_cat?post=2372"},{"taxonomy":"product_tag","embeddable":true,"href":"https:\/\/www.machinerybearings.com\/cs\/wp-json\/wp\/v2\/product_tag?post=2372"}],"curies":[{"name":"wp","href":"https:\/\/api.w.org\/{rel}","templated":true}]}}