{"id":2376,"date":"2026-04-11T16:30:52","date_gmt":"2026-04-11T16:30:52","guid":{"rendered":"https:\/\/www.machinerybearings.com\/?post_type=product&#038;p=2376"},"modified":"2026-05-04T11:23:36","modified_gmt":"2026-05-04T11:23:36","slug":"6205-2rs-rubber-sealed-deep-groove-ball-bearing-dustproof-long-life-motor-bearing","status":"publish","type":"product","link":"https:\/\/www.machinerybearings.com\/cs\/produkt\/6205-2rs-rubber-sealed-deep-groove-ball-bearing-dustproof-long-life-motor-bearing\/","title":{"rendered":"6205-2RS Gumou ut\u011bsn\u011bn\u00e9 hlubok\u00e9 dr\u00e1\u017ekov\u00e9 kuli\u010dkov\u00e9 lo\u017eisko \u2013 Prachot\u011bsn\u00e9 a dlouh\u00e1 \u017eivotnost motorov\u00e9ho lo\u017eiska"},"content":{"rendered":"<p data-start=\"381\" data-end=\"712\">Tento <strong data-start=\"385\" data-end=\"436\">6205-2RS Rubber Sealed Deep Groove Ball Bearing<\/strong> is designed for applications requiring enhanced protection against dust, moisture, and contaminants. Equipped with double-sided rubber seals, it provides superior sealing performance compared to metal shielded bearings, ensuring extended service life and reduced maintenance.<\/p>\n<p data-start=\"714\" data-end=\"1018\">With precision-engineered raceways and high-quality steel balls, the 6205-2RS bearing delivers smooth rotation, low noise, and reliable performance under both radial loads and moderate axial loads. It is pre-lubricated with high-grade grease, allowing for maintenance-free operation in most applications.<\/p>\n<p data-start=\"1020\" data-end=\"1236\">Manufactured from premium chrome steel, with optional stainless steel and ceramic materials, this bearing is suitable for a wide range of industrial environments, especially where sealing and durability are critical.<\/p>\n<h1 data-section-id=\"8av2ty\" data-start=\"1243\" data-end=\"1261\"><span role=\"text\"><strong data-start=\"1245\" data-end=\"1261\">Kl\u00ed\u010dov\u00e9 vlastnosti<\/strong><\/span><\/h1>\n<ul data-start=\"1263\" data-end=\"1594\">\n<li data-section-id=\"14qicg9\" data-start=\"1263\" data-end=\"1334\">Double rubber seals (2RS) for superior dust and moisture protection<\/li>\n<li data-section-id=\"hz8ven\" data-start=\"1335\" data-end=\"1384\">P\u0159edmazan\u00e9 pro bez\u00fadr\u017ebov\u00fd provoz<\/li>\n<li data-section-id=\"1ft9lx\" data-start=\"1385\" data-end=\"1417\">Smooth and quiet performance<\/li>\n<li data-section-id=\"1mgpucu\" data-start=\"1418\" data-end=\"1462\">High load capacity and long service life<\/li>\n<li data-section-id=\"wjrjok\" data-start=\"1463\" data-end=\"1492\">Reduced friction and wear<\/li>\n<li data-section-id=\"1799fsu\" data-start=\"1493\" data-end=\"1544\">Voliteln\u00e9 materi\u00e1ly: nerezov\u00e1 ocel a keramika<\/li>\n<li data-section-id=\"6ex86q\" data-start=\"1545\" data-end=\"1594\">Ideal for harsh and contaminated environments<\/li>\n<\/ul>\n<h1 data-section-id=\"10k15yz\" data-start=\"1601\" data-end=\"1631\"><span role=\"text\"><strong data-start=\"1603\" data-end=\"1631\">Technick\u00e9 specifikace<\/strong><\/span><\/h1>\n<div class=\"TyagGW_tableContainer\">\n<div class=\"group TyagGW_tableWrapper flex flex-col-reverse w-fit\" tabindex=\"-1\">\n<table class=\"w-fit min-w-(--thread-content-width)\" data-start=\"1633\" data-end=\"2037\">\n<thead data-start=\"1633\" data-end=\"1654\">\n<tr data-start=\"1633\" data-end=\"1654\">\n<th class=\"\" data-start=\"1633\" data-end=\"1645\" data-col-size=\"sm\">Parametr<\/th>\n<th class=\"\" data-start=\"1645\" data-end=\"1654\" data-col-size=\"sm\">Hodnota<\/th>\n<\/tr>\n<\/thead>\n<tbody data-start=\"1675\" data-end=\"2037\">\n<tr data-start=\"1675\" data-end=\"1703\">\n<td data-start=\"1675\" data-end=\"1691\" data-col-size=\"sm\">Model lo\u017eiska<\/td>\n<td data-col-size=\"sm\" data-start=\"1691\" data-end=\"1703\">6205-2RS<\/td>\n<\/tr>\n<tr data-start=\"1704\" data-end=\"1734\">\n<td data-start=\"1704\" data-end=\"1725\" data-col-size=\"sm\">Vnit\u0159n\u00ed pr\u016fm\u011br (d)<\/td>\n<td data-col-size=\"sm\" data-start=\"1725\" data-end=\"1734\">25 mm<\/td>\n<\/tr>\n<tr data-start=\"1735\" data-end=\"1765\">\n<td data-start=\"1735\" data-end=\"1756\" data-col-size=\"sm\">Vn\u011bj\u0161\u00ed pr\u016fm\u011br (D)<\/td>\n<td data-col-size=\"sm\" data-start=\"1756\" data-end=\"1765\">52 mm<\/td>\n<\/tr>\n<tr data-start=\"1766\" data-end=\"1787\">\n<td data-start=\"1766\" data-end=\"1778\" data-col-size=\"sm\">\u0160\u00ed\u0159ka (B)<\/td>\n<td data-start=\"1778\" data-end=\"1787\" data-col-size=\"sm\">15 mm<\/td>\n<\/tr>\n<tr data-start=\"1788\" data-end=\"1843\">\n<td data-start=\"1788\" data-end=\"1799\" data-col-size=\"sm\">Materi\u00e1l<\/td>\n<td data-start=\"1799\" data-end=\"1843\" data-col-size=\"sm\">Chromov\u00e1 ocel \/ Nerezov\u00e1 ocel \/ Keramika<\/td>\n<\/tr>\n<tr data-start=\"1844\" data-end=\"1877\">\n<td data-start=\"1844\" data-end=\"1860\" data-col-size=\"sm\">Materi\u00e1l klece<\/td>\n<td data-col-size=\"sm\" data-start=\"1860\" data-end=\"1877\">Ocel \/ Nylon<\/td>\n<\/tr>\n<tr data-start=\"1878\" data-end=\"1916\">\n<td data-start=\"1878\" data-end=\"1893\" data-col-size=\"sm\">Typ ut\u011bsn\u011bn\u00ed<\/td>\n<td data-col-size=\"sm\" data-start=\"1893\" data-end=\"1916\">Rubber Sealed (2RS)<\/td>\n<\/tr>\n<tr data-start=\"1917\" data-end=\"1946\">\n<td data-start=\"1917\" data-end=\"1931\" data-col-size=\"sm\">Maz\u00e1n\u00ed<\/td>\n<td data-col-size=\"sm\" data-start=\"1931\" data-end=\"1946\">P\u0159edmazan\u00e9<\/td>\n<\/tr>\n<tr data-start=\"1947\" data-end=\"1994\">\n<td data-start=\"1947\" data-end=\"1966\" data-col-size=\"sm\">T\u0159\u00edda p\u0159esnosti<\/td>\n<td data-col-size=\"sm\" data-start=\"1966\" data-end=\"1994\">ABEC-1 \/ ABEC-3 \/ ABEC-5<\/td>\n<\/tr>\n<tr data-start=\"1995\" data-end=\"2037\">\n<td data-start=\"1995\" data-end=\"2019\" data-col-size=\"sm\">Prev\u00e1dzkov\u00e1 teplota<\/td>\n<td data-col-size=\"sm\" data-start=\"2019\" data-end=\"2037\">-20\u00b0C a\u017e 120\u00b0C<\/td>\n<\/tr>\n<\/tbody>\n<\/table>\n<\/div>\n<\/div>\n<h1 data-section-id=\"1p00fbj\" data-start=\"2044\" data-end=\"2062\"><span role=\"text\"><strong data-start=\"2046\" data-end=\"2062\">Aplikace<\/strong><\/span><\/h1>\n<p data-start=\"2064\" data-end=\"2110\">The 6205-2RS sealed bearing is widely used in:<\/p>\n<ul data-start=\"2112\" data-end=\"2300\">\n<li data-section-id=\"19ja8o\" data-start=\"2112\" data-end=\"2146\">Elektrick\u00fdch motorech a gener\u00e1torech<\/li>\n<li data-section-id=\"dl2tr4\" data-start=\"2147\" data-end=\"2172\">\u010cerpadlech a kompresorech<\/li>\n<li data-section-id=\"1n6ynun\" data-start=\"2173\" data-end=\"2199\">Zem\u011bd\u011blsk\u00e9 stroje<\/li>\n<li data-section-id=\"1n133kn\" data-start=\"2200\" data-end=\"2225\">Automotive components<\/li>\n<li data-section-id=\"176s2ln\" data-start=\"2226\" data-end=\"2246\">Dopravn\u00ed syst\u00e9my<\/li>\n<li data-section-id=\"13jsigg\" data-start=\"2247\" data-end=\"2300\">Industrial equipment in dusty or wet environments<\/li>\n<\/ul>\n<h1 data-section-id=\"zdmnob\" data-start=\"2307\" data-end=\"2326\"><span role=\"text\"><strong data-start=\"2309\" data-end=\"2326\">Pro\u010d si vybrat n\u00e1s<\/strong><\/span><\/h1>\n<ul data-start=\"2328\" data-end=\"2542\">\n<li data-section-id=\"1hoqfcd\" data-start=\"2328\" data-end=\"2377\">P\u0159\u00edm\u00e9 dod\u00e1vky z tov\u00e1rny s konzistentn\u00ed kvalitou<\/li>\n<li data-section-id=\"w8c53i\" data-start=\"2378\" data-end=\"2422\">Slu\u017eby OEM a p\u0159izp\u016fsoben\u00ed k dispozici<\/li>\n<li data-section-id=\"18yrkc1\" data-start=\"2423\" data-end=\"2462\">Konkuren\u010dn\u00ed ceny pro hromadn\u00e9 objedn\u00e1vky<\/li>\n<li data-section-id=\"tuyq12\" data-start=\"2463\" data-end=\"2500\">Rychl\u00e9 dod\u00e1n\u00ed a glob\u00e1ln\u00ed doprava<\/li>\n<li data-section-id=\"1warmzg\" data-start=\"2501\" data-end=\"2542\">P\u0159\u00edsn\u00e1 kontrola kvality a inspekce<\/li>\n<\/ul>\n<h1 data-section-id=\"1iusff4\" data-start=\"2549\" data-end=\"2558\"><span role=\"text\"><strong data-start=\"2551\" data-end=\"2558\">\u010casto kladen\u00e9 ot\u00e1zky<\/strong><\/span><\/h1>\n<p data-start=\"2560\" data-end=\"2723\"><strong data-start=\"2560\" data-end=\"2601\">Q1: What does \u201c2RS\u201d mean in 6205-2RS?<\/strong><br data-start=\"2601\" data-end=\"2604\" \/>A: \u201c2RS\u201d indicates that the bearing has rubber seals on both sides, providing better sealing against dust and moisture.<\/p>\n<p data-start=\"2725\" data-end=\"2901\"><strong data-start=\"2725\" data-end=\"2774\">Q2: Is the 6205-2RS bearing maintenance-free?<\/strong><br data-start=\"2774\" data-end=\"2777\" \/>A: Yes, it is pre-lubricated with grease and typically requires no additional lubrication under normal operating conditions.<\/p>\n<p data-start=\"2903\" data-end=\"3077\"><strong data-start=\"2903\" data-end=\"2962\">Q3: Can you supply stainless steel or ceramic versions?<\/strong><br data-start=\"2962\" data-end=\"2965\" \/>A: Yes, we offer both stainless steel and ceramic options for corrosion resistance and specialized applications.<\/p>","protected":false},"excerpt":{"rendered":"<p>Tento <strong data-start=\"385\" data-end=\"436\">6205-2RS Rubber Sealed Deep Groove Ball Bearing<\/strong> is designed for applications requiring enhanced protection against dust, moisture, and contaminants. Equipped with double-sided rubber seals, it provides superior sealing performance compared to metal shielded bearings, ensuring extended service life and reduced maintenance.<\/p>","protected":false},"featured_media":2576,"comment_status":"open","ping_status":"closed","template":"","meta":{"site-sidebar-layout":"default","site-content-layout":"","ast-site-content-layout":"default","site-content-style":"default","site-sidebar-style":"default","ast-global-header-display":"","ast-banner-title-visibility":"","ast-main-header-display":"","ast-hfb-above-header-display":"","ast-hfb-below-header-display":"","ast-hfb-mobile-header-display":"","site-post-title":"","ast-breadcrumbs-content":"","ast-featured-img":"","footer-sml-layout":"","ast-disable-related-posts":"","theme-transparent-header-meta":"default","adv-header-id-meta":"","stick-header-meta":"default","header-above-stick-meta":"","header-main-stick-meta":"","header-below-stick-meta":"","astra-migrate-meta-layouts":"set","ast-page-background-enabled":"default","ast-page-background-meta":{"desktop":{"background-color":"","background-image":"","background-repeat":"repeat","background-position":"center center","background-size":"auto","background-attachment":"scroll","background-type":"","background-media":"","overlay-type":"","overlay-color":"","overlay-opacity":"","overlay-gradient":""},"tablet":{"background-color":"","background-image":"","background-repeat":"repeat","background-position":"center center","background-size":"auto","background-attachment":"scroll","background-type":"","background-media":"","overlay-type":"","overlay-color":"","overlay-opacity":"","overlay-gradient":""},"mobile":{"background-color":"","background-image":"","background-repeat":"repeat","background-position":"center center","background-size":"auto","background-attachment":"scroll","background-type":"","background-media":"","overlay-type":"","overlay-color":"","overlay-opacity":"","overlay-gradient":""}},"ast-content-background-meta":{"desktop":{"background-color":"var(--ast-global-color-5)","background-image":"","background-repeat":"repeat","background-position":"center center","background-size":"auto","background-attachment":"scroll","background-type":"","background-media":"","overlay-type":"","overlay-color":"","overlay-opacity":"","overlay-gradient":""},"tablet":{"background-color":"var(--ast-global-color-5)","background-image":"","background-repeat":"repeat","background-position":"center center","background-size":"auto","background-attachment":"scroll","background-type":"","background-media":"","overlay-type":"","overlay-color":"","overlay-opacity":"","overlay-gradient":""},"mobile":{"background-color":"var(--ast-global-color-5)","background-image":"","background-repeat":"repeat","background-position":"center center","background-size":"auto","background-attachment":"scroll","background-type":"","background-media":"","overlay-type":"","overlay-color":"","overlay-opacity":"","overlay-gradient":""}}},"product_brand":[],"product_cat":[15],"product_tag":[50,46,33,66,51,45,38,47,64,65],"class_list":{"0":"post-2376","1":"product","2":"type-product","3":"status-publish","4":"has-post-thumbnail","6":"product_cat-deep-groove-ball-bearings","7":"product_tag-6205-2rs-bearing","8":"product_tag-bearing-supplier","9":"product_tag-deep-groove-ball-bearing","10":"product_tag-dustproof-bearing","11":"product_tag-high-load-bearing","12":"product_tag-industrial-bearing","13":"product_tag-motor-bearing","14":"product_tag-oem-bearing-manufacturer","15":"product_tag-rubber-sealed-bearing","16":"product_tag-sealed-ball-bearing","17":"desktop-align-left","18":"tablet-align-left","19":"mobile-align-left","20":"ast-product-gallery-layout-horizontal-slider","21":"ast-product-gallery-with-no-image","22":"ast-product-tabs-layout-horizontal","24":"first","25":"instock","26":"shipping-taxable","27":"product-type-simple"},"_links":{"self":[{"href":"https:\/\/www.machinerybearings.com\/cs\/wp-json\/wp\/v2\/product\/2376","targetHints":{"allow":["GET"]}}],"collection":[{"href":"https:\/\/www.machinerybearings.com\/cs\/wp-json\/wp\/v2\/product"}],"about":[{"href":"https:\/\/www.machinerybearings.com\/cs\/wp-json\/wp\/v2\/types\/product"}],"replies":[{"embeddable":true,"href":"https:\/\/www.machinerybearings.com\/cs\/wp-json\/wp\/v2\/comments?post=2376"}],"wp:featuredmedia":[{"embeddable":true,"href":"https:\/\/www.machinerybearings.com\/cs\/wp-json\/wp\/v2\/media\/2576"}],"wp:attachment":[{"href":"https:\/\/www.machinerybearings.com\/cs\/wp-json\/wp\/v2\/media?parent=2376"}],"wp:term":[{"taxonomy":"product_brand","embeddable":true,"href":"https:\/\/www.machinerybearings.com\/cs\/wp-json\/wp\/v2\/product_brand?post=2376"},{"taxonomy":"product_cat","embeddable":true,"href":"https:\/\/www.machinerybearings.com\/cs\/wp-json\/wp\/v2\/product_cat?post=2376"},{"taxonomy":"product_tag","embeddable":true,"href":"https:\/\/www.machinerybearings.com\/cs\/wp-json\/wp\/v2\/product_tag?post=2376"}],"curies":[{"name":"wp","href":"https:\/\/api.w.org\/{rel}","templated":true}]}}