{"id":2382,"date":"2026-04-11T17:06:20","date_gmt":"2026-04-11T17:06:20","guid":{"rendered":"https:\/\/www.machinerybearings.com\/?post_type=product&#038;p=2382"},"modified":"2026-05-03T11:31:28","modified_gmt":"2026-05-03T11:31:28","slug":"7210-angular-contact-ball-bearing-high-precision-high-load-bearing-for-spindle-industrial-machinery","status":"publish","type":"product","link":"https:\/\/www.machinerybearings.com\/cs\/produkt\/7210-angular-contact-ball-bearing-high-precision-high-load-bearing-for-spindle-industrial-machinery\/","title":{"rendered":"7210 \u00dahlov\u00e9 kuli\u010dkov\u00e9 lo\u017eisko \u2013 Lo\u017eisko s vysokou p\u0159esnost\u00ed a vysok\u00fdm zat\u00ed\u017een\u00edm pro v\u0159etena a pr\u016fmyslov\u00e9 stroje"},"content":{"rendered":"<p data-start=\"377\" data-end=\"660\">Tento <strong data-start=\"381\" data-end=\"418\">7210 Angular Contact Ball Bearing<\/strong> is a high-performance precision bearing designed to support combined radial and axial loads. With an optimized contact angle, it provides excellent axial load capacity in one direction while maintaining high rigidity and rotational accuracy.<\/p>\n<p data-start=\"662\" data-end=\"984\">Manufactured from premium-grade chrome steel, and available in stainless steel and ceramic options, the 7210 bearing delivers outstanding durability, low friction, and stable performance under high-speed operating conditions. It is commonly used in matched sets to support bidirectional axial loads in precision machinery.<\/p>\n<p data-start=\"986\" data-end=\"1210\">Due to its high stiffness and excellent heat resistance, the 7210 angular contact bearing is widely used in machine tool spindles, CNC equipment, and high-speed industrial systems where accuracy and reliability are critical.<\/p>\n<h1 data-section-id=\"8av2ty\" data-start=\"1217\" data-end=\"1235\"><span role=\"text\"><strong data-start=\"1219\" data-end=\"1235\">Kl\u00ed\u010dov\u00e9 vlastnosti<\/strong><\/span><\/h1>\n<ul data-start=\"1237\" data-end=\"1573\">\n<li data-section-id=\"1vl001\" data-start=\"1237\" data-end=\"1281\">Podporuje kombinovan\u00e1 radi\u00e1ln\u00ed a axi\u00e1ln\u00ed zat\u00ed\u017een\u00ed<\/li>\n<li data-section-id=\"17jln3q\" data-start=\"1282\" data-end=\"1325\">High rigidity and precision performance<\/li>\n<li data-section-id=\"354tpr\" data-start=\"1326\" data-end=\"1366\">Suitable for high-speed applications<\/li>\n<li data-section-id=\"1faovwz\" data-start=\"1367\" data-end=\"1422\">Can be used in duplex or multi-bearing arrangements<\/li>\n<li data-section-id=\"vearcf\" data-start=\"1423\" data-end=\"1467\">Low friction and reduced heat generation<\/li>\n<li data-section-id=\"1799fsu\" data-start=\"1468\" data-end=\"1519\">Voliteln\u00e9 materi\u00e1ly: nerezov\u00e1 ocel a keramika<\/li>\n<li data-section-id=\"yyz7i2\" data-start=\"1520\" data-end=\"1573\">Ideal for precision machinery and spindle systems<\/li>\n<\/ul>\n<h1 data-section-id=\"10k15yz\" data-start=\"1580\" data-end=\"1610\"><span role=\"text\"><strong data-start=\"1582\" data-end=\"1610\">Technick\u00e9 specifikace<\/strong><\/span><\/h1>\n<div class=\"TyagGW_tableContainer\">\n<div class=\"group TyagGW_tableWrapper flex flex-col-reverse w-fit\" tabindex=\"-1\">\n<table class=\"w-fit min-w-(--thread-content-width)\" data-start=\"1612\" data-end=\"2009\">\n<thead data-start=\"1612\" data-end=\"1633\">\n<tr data-start=\"1612\" data-end=\"1633\">\n<th class=\"\" data-start=\"1612\" data-end=\"1624\" data-col-size=\"sm\">Parametr<\/th>\n<th class=\"\" data-start=\"1624\" data-end=\"1633\" data-col-size=\"sm\">Hodnota<\/th>\n<\/tr>\n<\/thead>\n<tbody data-start=\"1654\" data-end=\"2009\">\n<tr data-start=\"1654\" data-end=\"1678\">\n<td data-start=\"1654\" data-end=\"1670\" data-col-size=\"sm\">Model lo\u017eiska<\/td>\n<td data-start=\"1670\" data-end=\"1678\" data-col-size=\"sm\">7210<\/td>\n<\/tr>\n<tr data-start=\"1679\" data-end=\"1709\">\n<td data-start=\"1679\" data-end=\"1700\" data-col-size=\"sm\">Vnit\u0159n\u00ed pr\u016fm\u011br (d)<\/td>\n<td data-start=\"1700\" data-end=\"1709\" data-col-size=\"sm\">50 mm<\/td>\n<\/tr>\n<tr data-start=\"1710\" data-end=\"1740\">\n<td data-start=\"1710\" data-end=\"1731\" data-col-size=\"sm\">Vn\u011bj\u0161\u00ed pr\u016fm\u011br (D)<\/td>\n<td data-start=\"1731\" data-end=\"1740\" data-col-size=\"sm\">90 mm<\/td>\n<\/tr>\n<tr data-start=\"1741\" data-end=\"1762\">\n<td data-start=\"1741\" data-end=\"1753\" data-col-size=\"sm\">\u0160\u00ed\u0159ka (B)<\/td>\n<td data-start=\"1753\" data-end=\"1762\" data-col-size=\"sm\">20 mm<\/td>\n<\/tr>\n<tr data-start=\"1763\" data-end=\"1796\">\n<td data-start=\"1763\" data-end=\"1779\" data-col-size=\"sm\">Contact Angle<\/td>\n<td data-start=\"1779\" data-end=\"1796\" data-col-size=\"sm\">Typically 30\u00b0<\/td>\n<\/tr>\n<tr data-start=\"1797\" data-end=\"1852\">\n<td data-start=\"1797\" data-end=\"1808\" data-col-size=\"sm\">Materi\u00e1l<\/td>\n<td data-start=\"1808\" data-end=\"1852\" data-col-size=\"sm\">Chromov\u00e1 ocel \/ Nerezov\u00e1 ocel \/ Keramika<\/td>\n<\/tr>\n<tr data-start=\"1853\" data-end=\"1894\">\n<td data-start=\"1853\" data-end=\"1869\" data-col-size=\"sm\">Materi\u00e1l klece<\/td>\n<td data-start=\"1869\" data-end=\"1894\" data-col-size=\"sm\">Ocel \/ Mosaz \/ Nylon<\/td>\n<\/tr>\n<tr data-start=\"1895\" data-end=\"1925\">\n<td data-start=\"1895\" data-end=\"1909\" data-col-size=\"sm\">Maz\u00e1n\u00ed<\/td>\n<td data-start=\"1909\" data-end=\"1925\" data-col-size=\"sm\">Mazivo \/ Olej<\/td>\n<\/tr>\n<tr data-start=\"1926\" data-end=\"1966\">\n<td data-start=\"1926\" data-end=\"1945\" data-col-size=\"sm\">T\u0159\u00edda p\u0159esnosti<\/td>\n<td data-start=\"1945\" data-end=\"1966\" data-col-size=\"sm\">P0 \/ P6 \/ P5 \/ P4<\/td>\n<\/tr>\n<tr data-start=\"1967\" data-end=\"2009\">\n<td data-start=\"1967\" data-end=\"1991\" data-col-size=\"sm\">Prev\u00e1dzkov\u00e1 teplota<\/td>\n<td data-start=\"1991\" data-end=\"2009\" data-col-size=\"sm\">-20\u00b0C a\u017e 120\u00b0C<\/td>\n<\/tr>\n<\/tbody>\n<\/table>\n<\/div>\n<\/div>\n<h1 data-section-id=\"1p00fbj\" data-start=\"2016\" data-end=\"2034\"><span role=\"text\"><strong data-start=\"2018\" data-end=\"2034\">Aplikace<\/strong><\/span><\/h1>\n<p data-start=\"2036\" data-end=\"2092\">The 7210 angular contact ball bearing is widely used in:<\/p>\n<ul data-start=\"2094\" data-end=\"2279\">\n<li data-section-id=\"jm5220\" data-start=\"2094\" data-end=\"2115\">CNC machine tools<\/li>\n<li data-section-id=\"n4pmcz\" data-start=\"2116\" data-end=\"2146\">High-speed spindle systems<\/li>\n<li data-section-id=\"1052t9j\" data-start=\"2147\" data-end=\"2183\">Industrial pumps and compressors<\/li>\n<li data-section-id=\"wk4pe3\" data-start=\"2184\" data-end=\"2215\">Gearboxes and drive systems<\/li>\n<li data-section-id=\"1tqjc7s\" data-start=\"2216\" data-end=\"2241\">P\u0159esn\u00e9 p\u0159\u00edstroje<\/li>\n<li data-section-id=\"10a78zv\" data-start=\"2242\" data-end=\"2279\">Automation and robotics equipment<\/li>\n<\/ul>\n<h1 data-section-id=\"zdmnob\" data-start=\"2286\" data-end=\"2305\"><span role=\"text\"><strong data-start=\"2288\" data-end=\"2305\">Pro\u010d si vybrat n\u00e1s<\/strong><\/span><\/h1>\n<ul data-start=\"2307\" data-end=\"2541\">\n<li data-section-id=\"1hoqfcd\" data-start=\"2307\" data-end=\"2356\">P\u0159\u00edm\u00e9 dod\u00e1vky z tov\u00e1rny s konzistentn\u00ed kvalitou<\/li>\n<li data-section-id=\"1h0w0om\" data-start=\"2357\" data-end=\"2399\">K dispozici jsou OEM a p\u0159izp\u016fsoben\u00e1 \u0159e\u0161en\u00ed<\/li>\n<li data-section-id=\"juz6ao\" data-start=\"2400\" data-end=\"2443\">High precision manufacturing capability<\/li>\n<li data-section-id=\"16fb2bt\" data-start=\"2444\" data-end=\"2492\">Fast global shipping and stable supply chain<\/li>\n<li data-section-id=\"mppwvw\" data-start=\"2493\" data-end=\"2541\">Strict quality control and testing standards<\/li>\n<\/ul>\n<h1 data-section-id=\"1iusff4\" data-start=\"2548\" data-end=\"2557\"><span role=\"text\"><strong data-start=\"2550\" data-end=\"2557\">\u010casto kladen\u00e9 ot\u00e1zky<\/strong><\/span><\/h1>\n<p data-start=\"2559\" data-end=\"2750\"><strong data-start=\"2559\" data-end=\"2623\">Q1: Can 7210 bearings handle axial loads in both directions?<\/strong><br data-start=\"2623\" data-end=\"2626\" \/>A: A single 7210 bearing supports axial load in one direction; for bidirectional loads, they are typically mounted in pairs.<\/p>\n<p data-start=\"2752\" data-end=\"2998\"><strong data-start=\"2752\" data-end=\"2836\">Q2: What is the advantage of angular contact bearings over deep groove bearings?<\/strong><br data-start=\"2836\" data-end=\"2839\" \/>A: Angular contact bearings are designed for combined loads and offer higher axial load capacity and rigidity, making them suitable for precision applications.<\/p>\n<p data-start=\"3000\" data-end=\"3176\"><strong data-start=\"3000\" data-end=\"3058\">Q3: Do you provide ceramic or high-precision versions?<\/strong><br data-start=\"3058\" data-end=\"3061\" \/>A: Yes, ceramic and precision grades such as P5 and P4 are available for high-speed and high-accuracy applications.<\/p>","protected":false},"excerpt":{"rendered":"<p>Tento <strong data-start=\"381\" data-end=\"418\">7210 Angular Contact Ball Bearing<\/strong> is a high-performance precision bearing designed to support combined radial and axial loads. With an optimized contact angle, it provides excellent axial load capacity in one direction while maintaining high rigidity and rotational accuracy.<\/p>","protected":false},"featured_media":2551,"comment_status":"open","ping_status":"closed","template":"","meta":{"site-sidebar-layout":"default","site-content-layout":"","ast-site-content-layout":"default","site-content-style":"default","site-sidebar-style":"default","ast-global-header-display":"","ast-banner-title-visibility":"","ast-main-header-display":"","ast-hfb-above-header-display":"","ast-hfb-below-header-display":"","ast-hfb-mobile-header-display":"","site-post-title":"","ast-breadcrumbs-content":"","ast-featured-img":"","footer-sml-layout":"","ast-disable-related-posts":"","theme-transparent-header-meta":"default","adv-header-id-meta":"","stick-header-meta":"default","header-above-stick-meta":"","header-main-stick-meta":"","header-below-stick-meta":"","astra-migrate-meta-layouts":"set","ast-page-background-enabled":"default","ast-page-background-meta":{"desktop":{"background-color":"","background-image":"","background-repeat":"repeat","background-position":"center center","background-size":"auto","background-attachment":"scroll","background-type":"","background-media":"","overlay-type":"","overlay-color":"","overlay-opacity":"","overlay-gradient":""},"tablet":{"background-color":"","background-image":"","background-repeat":"repeat","background-position":"center center","background-size":"auto","background-attachment":"scroll","background-type":"","background-media":"","overlay-type":"","overlay-color":"","overlay-opacity":"","overlay-gradient":""},"mobile":{"background-color":"","background-image":"","background-repeat":"repeat","background-position":"center center","background-size":"auto","background-attachment":"scroll","background-type":"","background-media":"","overlay-type":"","overlay-color":"","overlay-opacity":"","overlay-gradient":""}},"ast-content-background-meta":{"desktop":{"background-color":"var(--ast-global-color-5)","background-image":"","background-repeat":"repeat","background-position":"center center","background-size":"auto","background-attachment":"scroll","background-type":"","background-media":"","overlay-type":"","overlay-color":"","overlay-opacity":"","overlay-gradient":""},"tablet":{"background-color":"var(--ast-global-color-5)","background-image":"","background-repeat":"repeat","background-position":"center center","background-size":"auto","background-attachment":"scroll","background-type":"","background-media":"","overlay-type":"","overlay-color":"","overlay-opacity":"","overlay-gradient":""},"mobile":{"background-color":"var(--ast-global-color-5)","background-image":"","background-repeat":"repeat","background-position":"center center","background-size":"auto","background-attachment":"scroll","background-type":"","background-media":"","overlay-type":"","overlay-color":"","overlay-opacity":"","overlay-gradient":""}}},"product_brand":[],"product_cat":[21],"product_tag":[74,68,70,51,39,45,71,72,63,69],"class_list":{"0":"post-2382","1":"product","2":"type-product","3":"status-publish","4":"has-post-thumbnail","6":"product_cat-angular-contact-ball-bearings","7":"product_tag-7210-bearing","8":"product_tag-angular-contact-ball-bearing","9":"product_tag-cnc-bearing","10":"product_tag-high-load-bearing","11":"product_tag-high-speed-bearing","12":"product_tag-industrial-bearing","13":"product_tag-machine-tool-bearing","14":"product_tag-oem-bearing-supplier","15":"product_tag-precision-bearing","16":"product_tag-spindle-bearing","17":"desktop-align-left","18":"tablet-align-left","19":"mobile-align-left","20":"ast-product-gallery-layout-horizontal-slider","21":"ast-product-gallery-with-no-image","22":"ast-product-tabs-layout-horizontal","24":"first","25":"instock","26":"shipping-taxable","27":"product-type-simple"},"_links":{"self":[{"href":"https:\/\/www.machinerybearings.com\/cs\/wp-json\/wp\/v2\/product\/2382","targetHints":{"allow":["GET"]}}],"collection":[{"href":"https:\/\/www.machinerybearings.com\/cs\/wp-json\/wp\/v2\/product"}],"about":[{"href":"https:\/\/www.machinerybearings.com\/cs\/wp-json\/wp\/v2\/types\/product"}],"replies":[{"embeddable":true,"href":"https:\/\/www.machinerybearings.com\/cs\/wp-json\/wp\/v2\/comments?post=2382"}],"wp:featuredmedia":[{"embeddable":true,"href":"https:\/\/www.machinerybearings.com\/cs\/wp-json\/wp\/v2\/media\/2551"}],"wp:attachment":[{"href":"https:\/\/www.machinerybearings.com\/cs\/wp-json\/wp\/v2\/media?parent=2382"}],"wp:term":[{"taxonomy":"product_brand","embeddable":true,"href":"https:\/\/www.machinerybearings.com\/cs\/wp-json\/wp\/v2\/product_brand?post=2382"},{"taxonomy":"product_cat","embeddable":true,"href":"https:\/\/www.machinerybearings.com\/cs\/wp-json\/wp\/v2\/product_cat?post=2382"},{"taxonomy":"product_tag","embeddable":true,"href":"https:\/\/www.machinerybearings.com\/cs\/wp-json\/wp\/v2\/product_tag?post=2382"}],"curies":[{"name":"wp","href":"https:\/\/api.w.org\/{rel}","templated":true}]}}