{"id":2387,"date":"2026-04-12T13:33:27","date_gmt":"2026-04-12T13:33:27","guid":{"rendered":"https:\/\/www.machinerybearings.com\/?post_type=product&#038;p=2387"},"modified":"2026-05-03T11:23:31","modified_gmt":"2026-05-03T11:23:31","slug":"7206ac-angular-contact-ball-bearing-high-precision-high-speed-bearing-for-spindle-applications","status":"publish","type":"product","link":"https:\/\/www.machinerybearings.com\/cs\/produkt\/7206ac-angular-contact-ball-bearing-high-precision-high-speed-bearing-for-spindle-applications\/","title":{"rendered":"7206AC \u00dahlov\u00e9 kuli\u010dkov\u00e9 lo\u017eisko \u2013 Vysoce p\u0159esn\u00e9 lo\u017eisko pro vysokorychlostn\u00ed aplikace v\u0159etena"},"content":{"rendered":"<p data-start=\"372\" data-end=\"691\">Tento <strong data-start=\"376\" data-end=\"415\">7206AC Angular Contact Ball Bearing<\/strong> is a high-precision bearing engineered for high-speed and high-accuracy applications. Designed with a <strong data-start=\"518\" data-end=\"539\">25\u00b0 contact angle<\/strong>, it offers an optimal balance between axial load capacity and rotational speed, making it ideal for precision spindle systems and industrial machinery.<\/p>\n<p data-start=\"693\" data-end=\"1017\">Manufactured from premium chrome steel, and available in stainless steel and ceramic options, the 7206AC bearing provides excellent rigidity, low friction, and stable performance under demanding operating conditions. Its advanced internal geometry ensures reduced heat generation, smooth rotation, and extended service life.<\/p>\n<p data-start=\"1019\" data-end=\"1224\">The 7206AC bearing is commonly used in matched pairs or multi-bearing arrangements to support axial loads in both directions, ensuring high positioning accuracy and system stability in precision equipment.<\/p>\n<h1 data-section-id=\"8av2ty\" data-start=\"1231\" data-end=\"1249\"><span role=\"text\"><strong data-start=\"1233\" data-end=\"1249\">Kl\u00ed\u010dov\u00e9 vlastnosti<\/strong><\/span><\/h1>\n<ul data-start=\"1251\" data-end=\"1610\">\n<li data-section-id=\"14qy4qh\" data-start=\"1251\" data-end=\"1309\">25\u00b0 contact angle for balanced speed and load capacity<\/li>\n<li data-section-id=\"255cqv\" data-start=\"1310\" data-end=\"1355\">High precision and high-speed performance<\/li>\n<li data-section-id=\"1bjfrce\" data-start=\"1356\" data-end=\"1403\">Excellent rigidity and rotational stability<\/li>\n<li data-section-id=\"vm3d3e\" data-start=\"1404\" data-end=\"1460\">Suitable for duplex and multi-bearing configurations<\/li>\n<li data-section-id=\"vearcf\" data-start=\"1461\" data-end=\"1505\">Low friction and reduced heat generation<\/li>\n<li data-section-id=\"1799fsu\" data-start=\"1506\" data-end=\"1557\">Voliteln\u00e9 materi\u00e1ly: nerezov\u00e1 ocel a keramika<\/li>\n<li data-section-id=\"jpzbb9\" data-start=\"1558\" data-end=\"1610\">Ideal for precision spindle and CNC applications<\/li>\n<\/ul>\n<h1 data-section-id=\"10k15yz\" data-start=\"1617\" data-end=\"1647\"><span role=\"text\"><strong data-start=\"1619\" data-end=\"1647\">Technick\u00e9 specifikace<\/strong><\/span><\/h1>\n<div class=\"TyagGW_tableContainer\">\n<div class=\"group TyagGW_tableWrapper flex flex-col-reverse w-fit\" tabindex=\"-1\">\n<table class=\"w-fit min-w-(--thread-content-width)\" data-start=\"1649\" data-end=\"2038\">\n<thead data-start=\"1649\" data-end=\"1670\">\n<tr data-start=\"1649\" data-end=\"1670\">\n<th class=\"\" data-start=\"1649\" data-end=\"1661\" data-col-size=\"sm\">Parametr<\/th>\n<th class=\"\" data-start=\"1661\" data-end=\"1670\" data-col-size=\"sm\">Hodnota<\/th>\n<\/tr>\n<\/thead>\n<tbody data-start=\"1691\" data-end=\"2038\">\n<tr data-start=\"1691\" data-end=\"1717\">\n<td data-start=\"1691\" data-end=\"1707\" data-col-size=\"sm\">Model lo\u017eiska<\/td>\n<td data-col-size=\"sm\" data-start=\"1707\" data-end=\"1717\">7206AC<\/td>\n<\/tr>\n<tr data-start=\"1718\" data-end=\"1748\">\n<td data-start=\"1718\" data-end=\"1739\" data-col-size=\"sm\">Vnit\u0159n\u00ed pr\u016fm\u011br (d)<\/td>\n<td data-col-size=\"sm\" data-start=\"1739\" data-end=\"1748\">30 mm<\/td>\n<\/tr>\n<tr data-start=\"1749\" data-end=\"1779\">\n<td data-start=\"1749\" data-end=\"1770\" data-col-size=\"sm\">Vn\u011bj\u0161\u00ed pr\u016fm\u011br (D)<\/td>\n<td data-col-size=\"sm\" data-start=\"1770\" data-end=\"1779\">62 mm<\/td>\n<\/tr>\n<tr data-start=\"1780\" data-end=\"1801\">\n<td data-start=\"1780\" data-end=\"1792\" data-col-size=\"sm\">\u0160\u00ed\u0159ka (B)<\/td>\n<td data-col-size=\"sm\" data-start=\"1792\" data-end=\"1801\">16 mm<\/td>\n<\/tr>\n<tr data-start=\"1802\" data-end=\"1825\">\n<td data-start=\"1802\" data-end=\"1818\" data-col-size=\"sm\">Contact Angle<\/td>\n<td data-col-size=\"sm\" data-start=\"1818\" data-end=\"1825\">25\u00b0<\/td>\n<\/tr>\n<tr data-start=\"1826\" data-end=\"1881\">\n<td data-start=\"1826\" data-end=\"1837\" data-col-size=\"sm\">Materi\u00e1l<\/td>\n<td data-start=\"1837\" data-end=\"1881\" data-col-size=\"sm\">Chromov\u00e1 ocel \/ Nerezov\u00e1 ocel \/ Keramika<\/td>\n<\/tr>\n<tr data-start=\"1882\" data-end=\"1923\">\n<td data-start=\"1882\" data-end=\"1898\" data-col-size=\"sm\">Materi\u00e1l klece<\/td>\n<td data-col-size=\"sm\" data-start=\"1898\" data-end=\"1923\">Ocel \/ Mosaz \/ Nylon<\/td>\n<\/tr>\n<tr data-start=\"1924\" data-end=\"1954\">\n<td data-start=\"1924\" data-end=\"1938\" data-col-size=\"sm\">Maz\u00e1n\u00ed<\/td>\n<td data-start=\"1938\" data-end=\"1954\" data-col-size=\"sm\">Mazivo \/ Olej<\/td>\n<\/tr>\n<tr data-start=\"1955\" data-end=\"1995\">\n<td data-start=\"1955\" data-end=\"1974\" data-col-size=\"sm\">T\u0159\u00edda p\u0159esnosti<\/td>\n<td data-start=\"1974\" data-end=\"1995\" data-col-size=\"sm\">P0 \/ P6 \/ P5 \/ P4<\/td>\n<\/tr>\n<tr data-start=\"1996\" data-end=\"2038\">\n<td data-start=\"1996\" data-end=\"2020\" data-col-size=\"sm\">Prev\u00e1dzkov\u00e1 teplota<\/td>\n<td data-start=\"2020\" data-end=\"2038\" data-col-size=\"sm\">-20\u00b0C a\u017e 120\u00b0C<\/td>\n<\/tr>\n<\/tbody>\n<\/table>\n<\/div>\n<\/div>\n<h1 data-section-id=\"1p00fbj\" data-start=\"2045\" data-end=\"2063\"><span role=\"text\"><strong data-start=\"2047\" data-end=\"2063\">Aplikace<\/strong><\/span><\/h1>\n<p data-start=\"2065\" data-end=\"2133\">The 7206AC precision angular contact ball bearing is widely used in:<\/p>\n<ul data-start=\"2135\" data-end=\"2335\">\n<li data-section-id=\"1ni60xt\" data-start=\"2135\" data-end=\"2164\">V\u0159etenech CNC obr\u00e1b\u011bc\u00edch stroj\u016f<\/li>\n<li data-section-id=\"1sh3jo\" data-start=\"2165\" data-end=\"2199\">High-speed precision machinery<\/li>\n<li data-section-id=\"xwcxty\" data-start=\"2200\" data-end=\"2233\">Industrial automation systems<\/li>\n<li data-section-id=\"dl2tr4\" data-start=\"2234\" data-end=\"2259\">\u010cerpadlech a kompresorech<\/li>\n<li data-section-id=\"15oirsh\" data-start=\"2260\" data-end=\"2298\">P\u0159evodovk\u00e1ch a p\u0159enosov\u00fdch syst\u00e9mech<\/li>\n<li data-section-id=\"1mwmlcy\" data-start=\"2299\" data-end=\"2335\">Robotics and precision equipment<\/li>\n<\/ul>\n<h1 data-section-id=\"zdmnob\" data-start=\"2342\" data-end=\"2361\"><span role=\"text\"><strong data-start=\"2344\" data-end=\"2361\">Pro\u010d si vybrat n\u00e1s<\/strong><\/span><\/h1>\n<ul data-start=\"2363\" data-end=\"2577\">\n<li data-section-id=\"19q7jog\" data-start=\"2363\" data-end=\"2408\">Factory direct supply with stable quality<\/li>\n<li data-section-id=\"w8c53i\" data-start=\"2409\" data-end=\"2453\">Slu\u017eby OEM a p\u0159izp\u016fsoben\u00ed k dispozici<\/li>\n<li data-section-id=\"juz6ao\" data-start=\"2454\" data-end=\"2497\">High precision manufacturing capability<\/li>\n<li data-section-id=\"tuyq12\" data-start=\"2498\" data-end=\"2535\">Rychl\u00e9 dod\u00e1n\u00ed a glob\u00e1ln\u00ed doprava<\/li>\n<li data-section-id=\"1w1qi25\" data-start=\"2536\" data-end=\"2577\">P\u0159\u00edsn\u00e1 kontrola kvality a testov\u00e1n\u00ed<\/li>\n<\/ul>\n<h1 data-section-id=\"1iusff4\" data-start=\"2584\" data-end=\"2593\"><span role=\"text\"><strong data-start=\"2586\" data-end=\"2593\">\u010casto kladen\u00e9 ot\u00e1zky<\/strong><\/span><\/h1>\n<p data-start=\"2595\" data-end=\"2755\"><strong data-start=\"2595\" data-end=\"2633\">Q1: What does \u201cAC\u201d mean in 7206AC?<\/strong><br data-start=\"2633\" data-end=\"2636\" \/>A: \u201cAC\u201d indicates a 25\u00b0 contact angle, which provides a balance between axial load capacity and high-speed performance.<\/p>\n<p data-start=\"2757\" data-end=\"2920\"><strong data-start=\"2757\" data-end=\"2802\">Q2: Can 7206AC bearings be used in pairs?<\/strong><br data-start=\"2802\" data-end=\"2805\" \/>A: Yes, they are commonly installed in pairs to support axial loads in both directions and improve system rigidity.<\/p>\n<p data-start=\"2922\" data-end=\"3098\"><strong data-start=\"2922\" data-end=\"2977\">Q3: Do you offer high-precision or ceramic options?<\/strong><br data-start=\"2977\" data-end=\"2980\" \/>A: Yes, we provide precision grades such as P5 and P4, as well as ceramic hybrid versions for high-speed applications.<\/p>","protected":false},"excerpt":{"rendered":"<p>Tento <strong data-start=\"376\" data-end=\"415\">7206AC Angular Contact Ball Bearing<\/strong> is a high-precision bearing engineered for high-speed and high-accuracy applications. Designed with a <strong data-start=\"518\" data-end=\"539\">25\u00b0 contact angle<\/strong>, it offers an optimal balance between axial load capacity and rotational speed, making it ideal for precision spindle systems and industrial machinery.<\/p>","protected":false},"featured_media":2550,"comment_status":"open","ping_status":"closed","template":"","meta":{"site-sidebar-layout":"default","site-content-layout":"","ast-site-content-layout":"default","site-content-style":"default","site-sidebar-style":"default","ast-global-header-display":"","ast-banner-title-visibility":"","ast-main-header-display":"","ast-hfb-above-header-display":"","ast-hfb-below-header-display":"","ast-hfb-mobile-header-display":"","site-post-title":"","ast-breadcrumbs-content":"","ast-featured-img":"","footer-sml-layout":"","ast-disable-related-posts":"","theme-transparent-header-meta":"default","adv-header-id-meta":"","stick-header-meta":"default","header-above-stick-meta":"","header-main-stick-meta":"","header-below-stick-meta":"","astra-migrate-meta-layouts":"set","ast-page-background-enabled":"default","ast-page-background-meta":{"desktop":{"background-color":"","background-image":"","background-repeat":"repeat","background-position":"center center","background-size":"auto","background-attachment":"scroll","background-type":"","background-media":"","overlay-type":"","overlay-color":"","overlay-opacity":"","overlay-gradient":""},"tablet":{"background-color":"","background-image":"","background-repeat":"repeat","background-position":"center center","background-size":"auto","background-attachment":"scroll","background-type":"","background-media":"","overlay-type":"","overlay-color":"","overlay-opacity":"","overlay-gradient":""},"mobile":{"background-color":"","background-image":"","background-repeat":"repeat","background-position":"center center","background-size":"auto","background-attachment":"scroll","background-type":"","background-media":"","overlay-type":"","overlay-color":"","overlay-opacity":"","overlay-gradient":""}},"ast-content-background-meta":{"desktop":{"background-color":"var(--ast-global-color-5)","background-image":"","background-repeat":"repeat","background-position":"center center","background-size":"auto","background-attachment":"scroll","background-type":"","background-media":"","overlay-type":"","overlay-color":"","overlay-opacity":"","overlay-gradient":""},"tablet":{"background-color":"var(--ast-global-color-5)","background-image":"","background-repeat":"repeat","background-position":"center center","background-size":"auto","background-attachment":"scroll","background-type":"","background-media":"","overlay-type":"","overlay-color":"","overlay-opacity":"","overlay-gradient":""},"mobile":{"background-color":"var(--ast-global-color-5)","background-image":"","background-repeat":"repeat","background-position":"center center","background-size":"auto","background-attachment":"scroll","background-type":"","background-media":"","overlay-type":"","overlay-color":"","overlay-opacity":"","overlay-gradient":""}}},"product_brand":[],"product_cat":[21],"product_tag":[82,81,68,70,73,39,45,72,63,69],"class_list":{"0":"post-2387","1":"product","2":"type-product","3":"status-publish","4":"has-post-thumbnail","6":"product_cat-angular-contact-ball-bearings","7":"product_tag-25-degree-contact-angle-bearing","8":"product_tag-7206ac-bearing","9":"product_tag-angular-contact-ball-bearing","10":"product_tag-cnc-bearing","11":"product_tag-high-accuracy-bearing","12":"product_tag-high-speed-bearing","13":"product_tag-industrial-bearing","14":"product_tag-oem-bearing-supplier","15":"product_tag-precision-bearing","16":"product_tag-spindle-bearing","17":"desktop-align-left","18":"tablet-align-left","19":"mobile-align-left","20":"ast-product-gallery-layout-horizontal-slider","21":"ast-product-gallery-with-no-image","22":"ast-product-tabs-layout-horizontal","24":"first","25":"instock","26":"shipping-taxable","27":"product-type-simple"},"_links":{"self":[{"href":"https:\/\/www.machinerybearings.com\/cs\/wp-json\/wp\/v2\/product\/2387","targetHints":{"allow":["GET"]}}],"collection":[{"href":"https:\/\/www.machinerybearings.com\/cs\/wp-json\/wp\/v2\/product"}],"about":[{"href":"https:\/\/www.machinerybearings.com\/cs\/wp-json\/wp\/v2\/types\/product"}],"replies":[{"embeddable":true,"href":"https:\/\/www.machinerybearings.com\/cs\/wp-json\/wp\/v2\/comments?post=2387"}],"wp:featuredmedia":[{"embeddable":true,"href":"https:\/\/www.machinerybearings.com\/cs\/wp-json\/wp\/v2\/media\/2550"}],"wp:attachment":[{"href":"https:\/\/www.machinerybearings.com\/cs\/wp-json\/wp\/v2\/media?parent=2387"}],"wp:term":[{"taxonomy":"product_brand","embeddable":true,"href":"https:\/\/www.machinerybearings.com\/cs\/wp-json\/wp\/v2\/product_brand?post=2387"},{"taxonomy":"product_cat","embeddable":true,"href":"https:\/\/www.machinerybearings.com\/cs\/wp-json\/wp\/v2\/product_cat?post=2387"},{"taxonomy":"product_tag","embeddable":true,"href":"https:\/\/www.machinerybearings.com\/cs\/wp-json\/wp\/v2\/product_tag?post=2387"}],"curies":[{"name":"wp","href":"https:\/\/api.w.org\/{rel}","templated":true}]}}