{"id":2421,"date":"2026-04-12T15:09:40","date_gmt":"2026-04-12T15:09:40","guid":{"rendered":"https:\/\/www.machinerybearings.com\/?post_type=product&#038;p=2421"},"modified":"2026-05-04T14:05:11","modified_gmt":"2026-05-04T14:05:11","slug":"ucfl204-bearing-unit-flanged-pillow-block-insert-bearing-for-industrial-applications","status":"publish","type":"product","link":"https:\/\/www.machinerybearings.com\/cs\/produkt\/ucfl204-bearing-unit-flanged-pillow-block-insert-bearing-for-industrial-applications\/","title":{"rendered":"UCFL204 lo\u017eiskov\u00e1 jednotka \u2013 Lo\u017eisko s p\u0159\u00edrubou pro pr\u016fmyslov\u00e9 aplikace"},"content":{"rendered":"<p data-start=\"349\" data-end=\"599\">Tento <strong data-start=\"353\" data-end=\"377\">UCFL204 lo\u017eiskov\u00e1 jednotka<\/strong> je montovan\u00e1 lo\u017eiskov\u00e1 sestava skl\u00e1daj\u00edc\u00ed se z <strong data-start=\"424\" data-end=\"484\">vlo\u017ekov\u00e9ho lo\u017eiska UC204 a pouzdra s p\u0159\u00edrubou typu FL se 2 \u0161rouby<\/strong>. Je navr\u017eena pro snadnou instalaci, stabiln\u00ed provoz a spolehlivou podporu h\u0159\u00eddele v kompaktn\u00edch pr\u016fmyslov\u00fdch syst\u00e9mech.<\/p>\n<p data-start=\"601\" data-end=\"928\">Kulov\u00e1 vn\u011bj\u0161\u00ed plocha vlo\u017ekov\u00e9ho lo\u017eiska UC204 umo\u017e\u0148uje samonastaven\u00ed uvnit\u0159 pouzdra, co\u017e pom\u00e1h\u00e1 kompenzovat nesouosost h\u0159\u00eddele a sni\u017eovat instala\u010dn\u00ed chyby. V kombinaci s odoln\u00fdm litinov\u00fdm pouzdrem poskytuje jednotka UCFL204 silnou tuhost a dlouhou \u017eivotnost i p\u0159i nep\u0159etr\u017eit\u00e9m provozu.<\/p>\n<p data-start=\"930\" data-end=\"1048\">Tato lo\u017eiskov\u00e1 jednotka se \u0161iroce pou\u017e\u00edv\u00e1 v stroj\u00edch, kde je vy\u017eadov\u00e1na \u00fasporn\u00e1 instalace a bezpe\u010dn\u00e9 upevn\u011bn\u00ed na p\u0159\u00edrubu.<\/p>\n<h1 data-section-id=\"8av2ty\" data-start=\"1055\" data-end=\"1073\"><span role=\"text\"><strong data-start=\"1057\" data-end=\"1073\">Kl\u00ed\u010dov\u00e9 vlastnosti<\/strong><\/span><\/h1>\n<ul data-start=\"1075\" data-end=\"1418\">\n<li data-section-id=\"1iip39r\" data-start=\"1075\" data-end=\"1137\">Kompletn\u00ed lo\u017eiskov\u00e1 jednotka: vlo\u017eka UC204 + pouzdro FL204<\/li>\n<li data-section-id=\"c8j627\" data-start=\"1138\" data-end=\"1180\">Konstrukce s 2 \u0161rouby pro snadnou mont\u00e1\u017e<\/li>\n<li data-section-id=\"1htcgf9\" data-start=\"1181\" data-end=\"1236\">Samonastavovac\u00ed struktura sni\u017euje instala\u010dn\u00ed chyby<\/li>\n<li data-section-id=\"hz8ven\" data-start=\"1237\" data-end=\"1286\">P\u0159edmazan\u00e9 pro bez\u00fadr\u017ebov\u00fd provoz<\/li>\n<li data-section-id=\"50mpjz\" data-start=\"1287\" data-end=\"1330\">Siln\u00e9 litinov\u00e9 pouzdro pro trvanlivost<\/li>\n<li data-section-id=\"1sh2lpk\" data-start=\"1331\" data-end=\"1375\">Hladk\u00fd provoz se stabiln\u00edm v\u00fdkonem<\/li>\n<li data-section-id=\"1398rv\" data-start=\"1376\" data-end=\"1418\">Vhodn\u00e9 pro nep\u0159etr\u017eit\u00e9 pr\u016fmyslov\u00e9 pou\u017eit\u00ed<\/li>\n<\/ul>\n<h1 data-section-id=\"10k15yz\" data-start=\"1425\" data-end=\"1455\"><span role=\"text\"><strong data-start=\"1427\" data-end=\"1455\">Technick\u00e9 specifikace<\/strong><\/span><\/h1>\n<div class=\"TyagGW_tableContainer\">\n<div class=\"group TyagGW_tableWrapper flex flex-col-reverse w-fit\" tabindex=\"-1\">\n<table class=\"w-fit min-w-(--thread-content-width)\" data-start=\"1457\" data-end=\"1828\">\n<thead data-start=\"1457\" data-end=\"1478\">\n<tr data-start=\"1457\" data-end=\"1478\">\n<th class=\"\" data-start=\"1457\" data-end=\"1469\" data-col-size=\"sm\">Parametr<\/th>\n<th class=\"\" data-start=\"1469\" data-end=\"1478\" data-col-size=\"md\">Hodnota<\/th>\n<\/tr>\n<\/thead>\n<tbody data-start=\"1499\" data-end=\"1828\">\n<tr data-start=\"1499\" data-end=\"1526\">\n<td data-start=\"1499\" data-end=\"1515\" data-col-size=\"sm\">Model lo\u017eiska<\/td>\n<td data-start=\"1515\" data-end=\"1526\" data-col-size=\"md\">UCFL204<\/td>\n<\/tr>\n<tr data-start=\"1527\" data-end=\"1553\">\n<td data-start=\"1527\" data-end=\"1544\" data-col-size=\"sm\">Vlo\u017ekov\u00e9 lo\u017eisko<\/td>\n<td data-start=\"1544\" data-end=\"1553\" data-col-size=\"md\">UC204<\/td>\n<\/tr>\n<tr data-start=\"1554\" data-end=\"1594\">\n<td data-start=\"1554\" data-end=\"1569\" data-col-size=\"sm\">Typ pouzdra<\/td>\n<td data-start=\"1569\" data-end=\"1594\" data-col-size=\"md\">FL 2-bolt p\u0159\u00edrubov\u00e1 jednotka<\/td>\n<\/tr>\n<tr data-start=\"1595\" data-end=\"1621\">\n<td data-start=\"1595\" data-end=\"1612\" data-col-size=\"sm\">Pr\u016fm\u011br h\u0159\u00eddele<\/td>\n<td data-start=\"1612\" data-end=\"1621\" data-col-size=\"md\">20 mm<\/td>\n<\/tr>\n<tr data-start=\"1622\" data-end=\"1681\">\n<td data-start=\"1622\" data-end=\"1633\" data-col-size=\"sm\">Materi\u00e1l<\/td>\n<td data-start=\"1633\" data-end=\"1681\" data-col-size=\"md\">Chromov\u00e1 ocel (lo\u017eisko) \/ Litina (sk\u0159\u00ed\u0148)<\/td>\n<\/tr>\n<tr data-start=\"1682\" data-end=\"1720\">\n<td data-start=\"1682\" data-end=\"1697\" data-col-size=\"sm\">Typ ut\u011bsn\u011bn\u00ed<\/td>\n<td data-start=\"1697\" data-end=\"1720\" data-col-size=\"md\">Gumov\u00e9 ut\u011bsn\u011bn\u00ed (2RS)<\/td>\n<\/tr>\n<tr data-start=\"1721\" data-end=\"1750\">\n<td data-start=\"1721\" data-end=\"1735\" data-col-size=\"sm\">Maz\u00e1n\u00ed<\/td>\n<td data-start=\"1735\" data-end=\"1750\" data-col-size=\"md\">P\u0159edmazan\u00e9<\/td>\n<\/tr>\n<tr data-start=\"1751\" data-end=\"1785\">\n<td data-start=\"1751\" data-end=\"1767\" data-col-size=\"sm\">Typ mont\u00e1\u017ee<\/td>\n<td data-start=\"1767\" data-end=\"1785\" data-col-size=\"md\">P\u0159\u00edrubov\u011b montovan\u00e9<\/td>\n<\/tr>\n<tr data-start=\"1786\" data-end=\"1828\">\n<td data-start=\"1786\" data-end=\"1810\" data-col-size=\"sm\">Prev\u00e1dzkov\u00e1 teplota<\/td>\n<td data-start=\"1810\" data-end=\"1828\" data-col-size=\"md\">-20\u00b0C a\u017e 120\u00b0C<\/td>\n<\/tr>\n<\/tbody>\n<\/table>\n<\/div>\n<\/div>\n<h1 data-section-id=\"1p00fbj\" data-start=\"1835\" data-end=\"1853\"><span role=\"text\"><strong data-start=\"1837\" data-end=\"1853\">Aplikace<\/strong><\/span><\/h1>\n<p data-start=\"1855\" data-end=\"1898\">Lo\u017eiskov\u00e1 jednotka UCFL204 se \u0161iroce pou\u017e\u00edv\u00e1 v:<\/p>\n<ul data-start=\"1900\" data-end=\"2062\">\n<li data-section-id=\"176s2ln\" data-start=\"1900\" data-end=\"1920\">Dopravn\u00ed syst\u00e9my<\/li>\n<li data-section-id=\"1n6ynun\" data-start=\"1921\" data-end=\"1947\">Zem\u011bd\u011blsk\u00e9 stroje<\/li>\n<li data-section-id=\"1htpp6l\" data-start=\"1948\" data-end=\"1971\">Balen\u00ed za\u0159\u00edzen\u00ed<\/li>\n<li data-section-id=\"i9rybb\" data-start=\"1972\" data-end=\"2000\">Stroj\u00edch na zpracov\u00e1n\u00ed potravin<\/li>\n<li data-section-id=\"io1u9n\" data-start=\"2001\" data-end=\"2022\">Textiln\u00ed stroje<\/li>\n<li data-section-id=\"1rjvugo\" data-start=\"2023\" data-end=\"2062\">Syst\u00e9mech lehk\u00e9 pr\u016fmyslov\u00e9 automatizace<\/li>\n<\/ul>\n<h1 data-section-id=\"zdmnob\" data-start=\"2069\" data-end=\"2088\"><span role=\"text\"><strong data-start=\"2071\" data-end=\"2088\">Pro\u010d si vybrat n\u00e1s<\/strong><\/span><\/h1>\n<ul data-start=\"2090\" data-end=\"2300\">\n<li data-section-id=\"17c68gd\" data-start=\"2090\" data-end=\"2139\">Stabiln\u00edm dod\u00e1v\u00e1n\u00ed do tov\u00e1ren s konzistentn\u00ed kvalitou<\/li>\n<li data-section-id=\"u89jr3\" data-start=\"2140\" data-end=\"2184\">K dispozici mo\u017enosti OEM a vlastn\u00ed sk\u0159\u00edn\u011b<\/li>\n<li data-section-id=\"fwknz2\" data-start=\"2185\" data-end=\"2224\">Kompatibiln\u00ed se standardn\u00edmi jednotkami UCFL<\/li>\n<li data-section-id=\"g74bia\" data-start=\"2225\" data-end=\"2258\">Rychl\u00e9 dod\u00e1n\u00ed pro hromadn\u00e9 objedn\u00e1vky<\/li>\n<li data-section-id=\"1u6ytj0\" data-start=\"2259\" data-end=\"2300\">P\u0159\u00edsn\u00e1 inspekce a kontrola kvality<\/li>\n<\/ul>\n<h1 data-section-id=\"1iusff4\" data-start=\"2307\" data-end=\"2316\"><span role=\"text\"><strong data-start=\"2309\" data-end=\"2316\">\u010casto kladen\u00e9 ot\u00e1zky<\/strong><\/span><\/h1>\n<p data-start=\"2318\" data-end=\"2475\"><strong data-start=\"2318\" data-end=\"2354\">Q1: Co je to lo\u017eiskov\u00e1 jednotka UCFL?<\/strong><br data-start=\"2354\" data-end=\"2357\" \/>A: Je to kompletn\u00ed montovan\u00e1 lo\u017eiskov\u00e1 jednotka skl\u00e1daj\u00edc\u00ed se z UC vlo\u017ekov\u00e9ho lo\u017eiska a p\u0159\u00edrubov\u00e9 sk\u0159\u00edn\u011b pro snadnou instalaci.<\/p>\n<p data-start=\"2477\" data-end=\"2593\"><strong data-start=\"2477\" data-end=\"2516\">Q2: Lze UCFL204 snadno vym\u011bnit?<\/strong><br data-start=\"2516\" data-end=\"2519\" \/>A: Ano, je navr\u017eena pro standardn\u00ed v\u00fdm\u011bnu v p\u0159\u00edrubov\u011b montovan\u00fdch syst\u00e9mech.<\/p>\n<p data-start=\"2595\" data-end=\"2710\"><strong data-start=\"2595\" data-end=\"2641\">Q3: Je vhodn\u00e1 pro pra\u0161n\u00e9 prost\u0159ed\u00ed?<\/strong><br data-start=\"2641\" data-end=\"2644\" \/>A: Ano, ut\u011bsn\u011bn\u00fd design pom\u00e1h\u00e1 chr\u00e1nit proti prachu a vlhkosti.<\/p>","protected":false},"excerpt":{"rendered":"<p>Tento <strong data-start=\"353\" data-end=\"377\">UCFL204 lo\u017eiskov\u00e1 jednotka<\/strong> je montovan\u00e1 lo\u017eiskov\u00e1 sestava skl\u00e1daj\u00edc\u00ed se z <strong data-start=\"424\" data-end=\"484\">vlo\u017ekov\u00e9ho lo\u017eiska UC204 a pouzdra s p\u0159\u00edrubou typu FL se 2 \u0161rouby<\/strong>. Je navr\u017eena pro snadnou instalaci, stabiln\u00ed provoz a spolehlivou podporu h\u0159\u00eddele v kompaktn\u00edch pr\u016fmyslov\u00fdch syst\u00e9mech.<\/p>","protected":false},"featured_media":2601,"comment_status":"open","ping_status":"closed","template":"","meta":{"site-sidebar-layout":"default","site-content-layout":"","ast-site-content-layout":"default","site-content-style":"default","site-sidebar-style":"default","ast-global-header-display":"","ast-banner-title-visibility":"","ast-main-header-display":"","ast-hfb-above-header-display":"","ast-hfb-below-header-display":"","ast-hfb-mobile-header-display":"","site-post-title":"","ast-breadcrumbs-content":"","ast-featured-img":"","footer-sml-layout":"","ast-disable-related-posts":"","theme-transparent-header-meta":"default","adv-header-id-meta":"","stick-header-meta":"default","header-above-stick-meta":"","header-main-stick-meta":"","header-below-stick-meta":"","astra-migrate-meta-layouts":"set","ast-page-background-enabled":"default","ast-page-background-meta":{"desktop":{"background-color":"","background-image":"","background-repeat":"repeat","background-position":"center center","background-size":"auto","background-attachment":"scroll","background-type":"","background-media":"","overlay-type":"","overlay-color":"","overlay-opacity":"","overlay-gradient":""},"tablet":{"background-color":"","background-image":"","background-repeat":"repeat","background-position":"center center","background-size":"auto","background-attachment":"scroll","background-type":"","background-media":"","overlay-type":"","overlay-color":"","overlay-opacity":"","overlay-gradient":""},"mobile":{"background-color":"","background-image":"","background-repeat":"repeat","background-position":"center center","background-size":"auto","background-attachment":"scroll","background-type":"","background-media":"","overlay-type":"","overlay-color":"","overlay-opacity":"","overlay-gradient":""}},"ast-content-background-meta":{"desktop":{"background-color":"var(--ast-global-color-5)","background-image":"","background-repeat":"repeat","background-position":"center center","background-size":"auto","background-attachment":"scroll","background-type":"","background-media":"","overlay-type":"","overlay-color":"","overlay-opacity":"","overlay-gradient":""},"tablet":{"background-color":"var(--ast-global-color-5)","background-image":"","background-repeat":"repeat","background-position":"center center","background-size":"auto","background-attachment":"scroll","background-type":"","background-media":"","overlay-type":"","overlay-color":"","overlay-opacity":"","overlay-gradient":""},"mobile":{"background-color":"var(--ast-global-color-5)","background-image":"","background-repeat":"repeat","background-position":"center center","background-size":"auto","background-attachment":"scroll","background-type":"","background-media":"","overlay-type":"","overlay-color":"","overlay-opacity":"","overlay-gradient":""}}},"product_brand":[],"product_cat":[27],"product_tag":[165,169,45,167,72,157,162,166,168,164],"class_list":{"0":"post-2421","1":"product","2":"type-product","3":"status-publish","4":"has-post-thumbnail","6":"product_cat-insert-bearings","7":"product_tag-flange-bearing-unit","8":"product_tag-flange-mounted-bearing","9":"product_tag-industrial-bearing","10":"product_tag-mounted-bearing-unit","11":"product_tag-oem-bearing-supplier","12":"product_tag-pillow-block-bearing","13":"product_tag-self-aligning-bearing","14":"product_tag-uc-insert-bearing","15":"product_tag-ucfl-housing-bearing","16":"product_tag-ucfl204-bearing","17":"desktop-align-left","18":"tablet-align-left","19":"mobile-align-left","20":"ast-product-gallery-layout-horizontal-slider","21":"ast-product-gallery-with-no-image","22":"ast-product-tabs-layout-horizontal","24":"first","25":"instock","26":"shipping-taxable","27":"product-type-simple"},"_links":{"self":[{"href":"https:\/\/www.machinerybearings.com\/cs\/wp-json\/wp\/v2\/product\/2421","targetHints":{"allow":["GET"]}}],"collection":[{"href":"https:\/\/www.machinerybearings.com\/cs\/wp-json\/wp\/v2\/product"}],"about":[{"href":"https:\/\/www.machinerybearings.com\/cs\/wp-json\/wp\/v2\/types\/product"}],"replies":[{"embeddable":true,"href":"https:\/\/www.machinerybearings.com\/cs\/wp-json\/wp\/v2\/comments?post=2421"}],"wp:featuredmedia":[{"embeddable":true,"href":"https:\/\/www.machinerybearings.com\/cs\/wp-json\/wp\/v2\/media\/2601"}],"wp:attachment":[{"href":"https:\/\/www.machinerybearings.com\/cs\/wp-json\/wp\/v2\/media?parent=2421"}],"wp:term":[{"taxonomy":"product_brand","embeddable":true,"href":"https:\/\/www.machinerybearings.com\/cs\/wp-json\/wp\/v2\/product_brand?post=2421"},{"taxonomy":"product_cat","embeddable":true,"href":"https:\/\/www.machinerybearings.com\/cs\/wp-json\/wp\/v2\/product_cat?post=2421"},{"taxonomy":"product_tag","embeddable":true,"href":"https:\/\/www.machinerybearings.com\/cs\/wp-json\/wp\/v2\/product_tag?post=2421"}],"curies":[{"name":"wp","href":"https:\/\/api.w.org\/{rel}","templated":true}]}}