{"id":2422,"date":"2026-04-12T15:14:52","date_gmt":"2026-04-12T15:14:52","guid":{"rendered":"https:\/\/www.machinerybearings.com\/?post_type=product&#038;p=2422"},"modified":"2026-05-04T14:10:09","modified_gmt":"2026-05-04T14:10:09","slug":"ucp205-pillow-block-insert-bearing-unit-self-aligning-mounted-bearing-for-industrial-applications","status":"publish","type":"product","link":"https:\/\/www.machinerybearings.com\/cs\/produkt\/ucp205-pillow-block-insert-bearing-unit-self-aligning-mounted-bearing-for-industrial-applications\/","title":{"rendered":"UCP205 lo\u017eiskov\u00e1 jednotka \u2013 Samoosazovac\u00ed lo\u017eisko pro pr\u016fmyslov\u00e9 aplikace"},"content":{"rendered":"<p data-start=\"363\" data-end=\"674\">Tento <strong data-start=\"367\" data-end=\"410\">UCP205 lo\u017eiskov\u00e1 jednotka s vlo\u017ekou<\/strong> je \u0161iroce pou\u017e\u00edvan\u00e9 \u0159e\u0161en\u00ed montovan\u00fdch lo\u017eisek, kter\u00e9 se skl\u00e1d\u00e1 z <strong data-start=\"469\" data-end=\"529\">vlo\u017ekov\u00e9ho lo\u017eiska UC205 a pouzdra lo\u017eiska s\u00e9rie P<\/strong>. Je navr\u017eeno pro snadnou instalaci, spolehlivou podporu h\u0159\u00eddele a stabiln\u00ed provoz v \u0161irok\u00e9 \u0161k\u00e1le pr\u016fmyslov\u00fdch a zem\u011bd\u011blsk\u00fdch aplikac\u00ed.<\/p>\n<p data-start=\"676\" data-end=\"1021\">Vlo\u017ekov\u00e9 lo\u017eisko UC205 m\u00e1 kulovou vn\u011bj\u0161\u00ed plochu, kter\u00e1 umo\u017e\u0148uje samonastaven\u00ed v pouzd\u0159e, co\u017e pom\u00e1h\u00e1 kompenzovat nesouosost h\u0159\u00eddele a sni\u017eovat instala\u010dn\u00ed nap\u011bt\u00ed. V kombinaci s pevn\u00fdm pouzdrem z litiny poskytuje jednotka UCP205 vynikaj\u00edc\u00ed odolnost a dlouhou \u017eivotnost i za podm\u00ednek trval\u00e9ho zat\u00ed\u017een\u00ed.<\/p>\n<p data-start=\"1023\" data-end=\"1160\">Tato lo\u017eiskov\u00e1 jednotka je p\u0159edmazan\u00e1 a ut\u011bsn\u011bn\u00e1, co\u017e ji \u010din\u00ed s n\u00edzkou \u00fadr\u017ebou a vhodnou pro dlouhodob\u00fd provoz v n\u00e1ro\u010dn\u00fdch prost\u0159ed\u00edch.<\/p>\n<h1 data-section-id=\"8av2ty\" data-start=\"1167\" data-end=\"1185\"><span role=\"text\"><strong data-start=\"1169\" data-end=\"1185\">Kl\u00ed\u010dov\u00e9 vlastnosti<\/strong><\/span><\/h1>\n<ul data-start=\"1187\" data-end=\"1537\">\n<li data-section-id=\"1eo27wa\" data-start=\"1187\" data-end=\"1254\">Kompletn\u00ed jednotka: vlo\u017ekov\u00e9 lo\u017eisko UC205 + pouzdro lo\u017eiska P205<\/li>\n<li data-section-id=\"41j4o2\" data-start=\"1255\" data-end=\"1307\">Samonastavovac\u00ed design sni\u017euje instala\u010dn\u00ed chyby<\/li>\n<li data-section-id=\"g14pap\" data-start=\"1308\" data-end=\"1356\">Siln\u00e9 litinov\u00e9 pouzdro pro vysokou odolnost<\/li>\n<li data-section-id=\"1jun2sr\" data-start=\"1357\" data-end=\"1403\">P\u0159edmazan\u00e9 pro bez\u00fadr\u017ebov\u00fd provoz<\/li>\n<li data-section-id=\"1owb0yh\" data-start=\"1404\" data-end=\"1456\">Vysok\u00e1 kapacita radi\u00e1ln\u00edho zat\u00ed\u017een\u00ed a stabiln\u00ed v\u00fdkon<\/li>\n<li data-section-id=\"1l42fwv\" data-start=\"1457\" data-end=\"1494\">Snadn\u00e1 instalace a v\u00fdm\u011bna<\/li>\n<li data-section-id=\"1398rv\" data-start=\"1495\" data-end=\"1537\">Vhodn\u00e9 pro nep\u0159etr\u017eit\u00e9 pr\u016fmyslov\u00e9 pou\u017eit\u00ed<\/li>\n<\/ul>\n<h1 data-section-id=\"10k15yz\" data-start=\"1544\" data-end=\"1574\"><span role=\"text\"><strong data-start=\"1546\" data-end=\"1574\">Technick\u00e9 specifikace<\/strong><\/span><\/h1>\n<div class=\"TyagGW_tableContainer\">\n<div class=\"group TyagGW_tableWrapper flex flex-col-reverse w-fit\" tabindex=\"-1\">\n<table class=\"w-fit min-w-(--thread-content-width)\" data-start=\"1576\" data-end=\"1960\">\n<thead data-start=\"1576\" data-end=\"1597\">\n<tr data-start=\"1576\" data-end=\"1597\">\n<th class=\"\" data-start=\"1576\" data-end=\"1588\" data-col-size=\"sm\">Parametr<\/th>\n<th class=\"\" data-start=\"1588\" data-end=\"1597\" data-col-size=\"sm\">Hodnota<\/th>\n<\/tr>\n<\/thead>\n<tbody data-start=\"1618\" data-end=\"1960\">\n<tr data-start=\"1618\" data-end=\"1644\">\n<td data-start=\"1618\" data-end=\"1634\" data-col-size=\"sm\">Model lo\u017eiska<\/td>\n<td data-start=\"1634\" data-end=\"1644\" data-col-size=\"sm\">UCP205<\/td>\n<\/tr>\n<tr data-start=\"1645\" data-end=\"1671\">\n<td data-start=\"1645\" data-end=\"1662\" data-col-size=\"sm\">Vlo\u017ekov\u00e9 lo\u017eisko<\/td>\n<td data-start=\"1662\" data-end=\"1671\" data-col-size=\"sm\">UC205<\/td>\n<\/tr>\n<tr data-start=\"1672\" data-end=\"1712\">\n<td data-start=\"1672\" data-end=\"1687\" data-col-size=\"sm\">Typ pouzdra<\/td>\n<td data-start=\"1687\" data-end=\"1712\" data-col-size=\"sm\">Pouzdro s\u00e9rie P<\/td>\n<\/tr>\n<tr data-start=\"1713\" data-end=\"1739\">\n<td data-start=\"1713\" data-end=\"1730\" data-col-size=\"sm\">Pr\u016fm\u011br h\u0159\u00eddele<\/td>\n<td data-start=\"1730\" data-end=\"1739\" data-col-size=\"sm\">25 mm<\/td>\n<\/tr>\n<tr data-start=\"1740\" data-end=\"1772\">\n<td data-start=\"1740\" data-end=\"1759\" data-col-size=\"sm\">Materi\u00e1l pouzdra<\/td>\n<td data-start=\"1759\" data-end=\"1772\" data-col-size=\"sm\">Litina<\/td>\n<\/tr>\n<tr data-start=\"1773\" data-end=\"1808\">\n<td data-start=\"1773\" data-end=\"1792\" data-col-size=\"sm\">Materi\u00e1l lo\u017eiska<\/td>\n<td data-start=\"1792\" data-end=\"1808\" data-col-size=\"sm\">Chromov\u00e1 ocel<\/td>\n<\/tr>\n<tr data-start=\"1809\" data-end=\"1847\">\n<td data-start=\"1809\" data-end=\"1824\" data-col-size=\"sm\">Typ ut\u011bsn\u011bn\u00ed<\/td>\n<td data-start=\"1824\" data-end=\"1847\" data-col-size=\"sm\">Gumov\u00e9 ut\u011bsn\u011bn\u00ed (2RS)<\/td>\n<\/tr>\n<tr data-start=\"1848\" data-end=\"1877\">\n<td data-start=\"1848\" data-end=\"1862\" data-col-size=\"sm\">Maz\u00e1n\u00ed<\/td>\n<td data-start=\"1862\" data-end=\"1877\" data-col-size=\"sm\">P\u0159edmazan\u00e9<\/td>\n<\/tr>\n<tr data-start=\"1878\" data-end=\"1917\">\n<td data-start=\"1878\" data-end=\"1894\" data-col-size=\"sm\">Typ mont\u00e1\u017ee<\/td>\n<td data-start=\"1894\" data-end=\"1917\" data-col-size=\"sm\">Mont\u00e1\u017e na z\u00e1kladnu se 2 \u0161rouby<\/td>\n<\/tr>\n<tr data-start=\"1918\" data-end=\"1960\">\n<td data-start=\"1918\" data-end=\"1942\" data-col-size=\"sm\">Prev\u00e1dzkov\u00e1 teplota<\/td>\n<td data-start=\"1942\" data-end=\"1960\" data-col-size=\"sm\">-20\u00b0C a\u017e 120\u00b0C<\/td>\n<\/tr>\n<\/tbody>\n<\/table>\n<\/div>\n<\/div>\n<h1 data-section-id=\"1p00fbj\" data-start=\"1967\" data-end=\"1985\"><span role=\"text\"><strong data-start=\"1969\" data-end=\"1985\">Aplikace<\/strong><\/span><\/h1>\n<p data-start=\"1987\" data-end=\"2042\">Jednotka lo\u017eiska UCP205 s pol\u0161t\u00e1\u0159ov\u00fdm blokem se \u0161iroce pou\u017e\u00edv\u00e1 v:<\/p>\n<ul data-start=\"2044\" data-end=\"2208\">\n<li data-section-id=\"176s2ln\" data-start=\"2044\" data-end=\"2064\">Dopravn\u00ed syst\u00e9my<\/li>\n<li data-section-id=\"1n6ynun\" data-start=\"2065\" data-end=\"2091\">Zem\u011bd\u011blsk\u00e9 stroje<\/li>\n<li data-section-id=\"1htpp6l\" data-start=\"2092\" data-end=\"2115\">Balen\u00ed za\u0159\u00edzen\u00ed<\/li>\n<li data-section-id=\"io1u9n\" data-start=\"2116\" data-end=\"2137\">Textiln\u00ed stroje<\/li>\n<li data-section-id=\"i9rybb\" data-start=\"2138\" data-end=\"2166\">Stroj\u00edch na zpracov\u00e1n\u00ed potravin<\/li>\n<li data-section-id=\"1075gc1\" data-start=\"2167\" data-end=\"2208\">Syst\u00e9mech lehk\u00e9ho pr\u016fmyslov\u00e9ho p\u0159enosu<\/li>\n<\/ul>\n<h1 data-section-id=\"zdmnob\" data-start=\"2215\" data-end=\"2234\"><span role=\"text\"><strong data-start=\"2217\" data-end=\"2234\">Pro\u010d si vybrat n\u00e1s<\/strong><\/span><\/h1>\n<ul data-start=\"2236\" data-end=\"2459\">\n<li data-section-id=\"17c68gd\" data-start=\"2236\" data-end=\"2285\">Stabiln\u00edm dod\u00e1v\u00e1n\u00ed do tov\u00e1ren s konzistentn\u00ed kvalitou<\/li>\n<li data-section-id=\"1ccoc9p\" data-start=\"2286\" data-end=\"2326\">K dispozici OEM a p\u0159izp\u016fsoben\u00e9 pouzdro<\/li>\n<li data-section-id=\"19poq3t\" data-start=\"2327\" data-end=\"2376\">Kompatibiln\u00ed se standardn\u00edmi syst\u00e9my pol\u0161t\u00e1\u0159ov\u00fdch blok\u016f<\/li>\n<li data-section-id=\"1ons1n2\" data-start=\"2377\" data-end=\"2417\">Rychl\u00e9 dod\u00e1n\u00ed a podpora hromadn\u00fdch objedn\u00e1vek<\/li>\n<li data-section-id=\"1w1qi25\" data-start=\"2418\" data-end=\"2459\">P\u0159\u00edsn\u00e1 kontrola kvality a testov\u00e1n\u00ed<\/li>\n<\/ul>\n<h1 data-section-id=\"1iusff4\" data-start=\"2466\" data-end=\"2475\"><span role=\"text\"><strong data-start=\"2468\" data-end=\"2475\">\u010casto kladen\u00e9 ot\u00e1zky<\/strong><\/span><\/h1>\n<p data-start=\"2477\" data-end=\"2631\"><strong data-start=\"2477\" data-end=\"2512\">Q1: Co je jednotka lo\u017eiska UCP?<\/strong><br data-start=\"2512\" data-end=\"2515\" \/>A: Je to namontovan\u00e1 jednotka lo\u017eiska skl\u00e1daj\u00edc\u00ed se z lo\u017eiska UC a pouzdra pol\u0161t\u00e1\u0159ov\u00e9ho bloku pro snadnou podporu h\u0159\u00eddele.<\/p>\n<p data-start=\"2633\" data-end=\"2751\"><strong data-start=\"2633\" data-end=\"2671\">Q2: Lze UCP205 snadno vym\u011bnit?<\/strong><br data-start=\"2671\" data-end=\"2674\" \/>A: Ano, je navr\u017eena pro standardn\u00ed z\u00e1m\u011bnnost v pr\u016fmyslov\u00fdch syst\u00e9mech.<\/p>\n<p data-start=\"2753\" data-end=\"2906\"><strong data-start=\"2753\" data-end=\"2804\">Q3: Je vhodn\u00e1 pro aplikace s t\u011b\u017ek\u00fdm zat\u00ed\u017een\u00edm?<\/strong><br data-start=\"2804\" data-end=\"2807\" \/>A: Je vhodn\u00e1 pro aplikace se st\u0159edn\u00edm zat\u00ed\u017een\u00edm a nep\u0159etr\u017eit\u00fd provoz v pr\u016fmyslov\u00e9m prost\u0159ed\u00ed.<\/p>","protected":false},"excerpt":{"rendered":"<p>Tento <strong data-start=\"367\" data-end=\"410\">UCP205 lo\u017eiskov\u00e1 jednotka s vlo\u017ekou<\/strong> je \u0161iroce pou\u017e\u00edvan\u00e9 \u0159e\u0161en\u00ed montovan\u00fdch lo\u017eisek, kter\u00e9 se skl\u00e1d\u00e1 z <strong data-start=\"469\" data-end=\"529\">vlo\u017ekov\u00e9ho lo\u017eiska UC205 a pouzdra lo\u017eiska s\u00e9rie P<\/strong>. Je navr\u017eeno pro snadnou instalaci, spolehlivou podporu h\u0159\u00eddele a stabiln\u00ed provoz v \u0161irok\u00e9 \u0161k\u00e1le pr\u016fmyslov\u00fdch a zem\u011bd\u011blsk\u00fdch aplikac\u00ed.<\/p>","protected":false},"featured_media":2602,"comment_status":"open","ping_status":"closed","template":"","meta":{"site-sidebar-layout":"default","site-content-layout":"","ast-site-content-layout":"default","site-content-style":"default","site-sidebar-style":"default","ast-global-header-display":"","ast-banner-title-visibility":"","ast-main-header-display":"","ast-hfb-above-header-display":"","ast-hfb-below-header-display":"","ast-hfb-mobile-header-display":"","site-post-title":"","ast-breadcrumbs-content":"","ast-featured-img":"","footer-sml-layout":"","ast-disable-related-posts":"","theme-transparent-header-meta":"default","adv-header-id-meta":"","stick-header-meta":"default","header-above-stick-meta":"","header-main-stick-meta":"","header-below-stick-meta":"","astra-migrate-meta-layouts":"set","ast-page-background-enabled":"default","ast-page-background-meta":{"desktop":{"background-color":"","background-image":"","background-repeat":"repeat","background-position":"center center","background-size":"auto","background-attachment":"scroll","background-type":"","background-media":"","overlay-type":"","overlay-color":"","overlay-opacity":"","overlay-gradient":""},"tablet":{"background-color":"","background-image":"","background-repeat":"repeat","background-position":"center center","background-size":"auto","background-attachment":"scroll","background-type":"","background-media":"","overlay-type":"","overlay-color":"","overlay-opacity":"","overlay-gradient":""},"mobile":{"background-color":"","background-image":"","background-repeat":"repeat","background-position":"center center","background-size":"auto","background-attachment":"scroll","background-type":"","background-media":"","overlay-type":"","overlay-color":"","overlay-opacity":"","overlay-gradient":""}},"ast-content-background-meta":{"desktop":{"background-color":"var(--ast-global-color-5)","background-image":"","background-repeat":"repeat","background-position":"center center","background-size":"auto","background-attachment":"scroll","background-type":"","background-media":"","overlay-type":"","overlay-color":"","overlay-opacity":"","overlay-gradient":""},"tablet":{"background-color":"var(--ast-global-color-5)","background-image":"","background-repeat":"repeat","background-position":"center center","background-size":"auto","background-attachment":"scroll","background-type":"","background-media":"","overlay-type":"","overlay-color":"","overlay-opacity":"","overlay-gradient":""},"mobile":{"background-color":"var(--ast-global-color-5)","background-image":"","background-repeat":"repeat","background-position":"center center","background-size":"auto","background-attachment":"scroll","background-type":"","background-media":"","overlay-type":"","overlay-color":"","overlay-opacity":"","overlay-gradient":""}}},"product_brand":[],"product_cat":[27],"product_tag":[161,45,171,159,72,157,172,162,155,170],"class_list":{"0":"post-2422","1":"product","2":"type-product","3":"status-publish","4":"has-post-thumbnail","6":"product_cat-insert-bearings","7":"product_tag-bearing-housing-unit","8":"product_tag-industrial-bearing","9":"product_tag-insert-bearing-unit","10":"product_tag-mounted-bearing","11":"product_tag-oem-bearing-supplier","12":"product_tag-pillow-block-bearing","13":"product_tag-plummer-block-bearing","14":"product_tag-self-aligning-bearing","15":"product_tag-uc205-bearing","16":"product_tag-ucp205-bearing","17":"desktop-align-left","18":"tablet-align-left","19":"mobile-align-left","20":"ast-product-gallery-layout-horizontal-slider","21":"ast-product-gallery-with-no-image","22":"ast-product-tabs-layout-horizontal","24":"first","25":"instock","26":"shipping-taxable","27":"product-type-simple"},"_links":{"self":[{"href":"https:\/\/www.machinerybearings.com\/cs\/wp-json\/wp\/v2\/product\/2422","targetHints":{"allow":["GET"]}}],"collection":[{"href":"https:\/\/www.machinerybearings.com\/cs\/wp-json\/wp\/v2\/product"}],"about":[{"href":"https:\/\/www.machinerybearings.com\/cs\/wp-json\/wp\/v2\/types\/product"}],"replies":[{"embeddable":true,"href":"https:\/\/www.machinerybearings.com\/cs\/wp-json\/wp\/v2\/comments?post=2422"}],"wp:featuredmedia":[{"embeddable":true,"href":"https:\/\/www.machinerybearings.com\/cs\/wp-json\/wp\/v2\/media\/2602"}],"wp:attachment":[{"href":"https:\/\/www.machinerybearings.com\/cs\/wp-json\/wp\/v2\/media?parent=2422"}],"wp:term":[{"taxonomy":"product_brand","embeddable":true,"href":"https:\/\/www.machinerybearings.com\/cs\/wp-json\/wp\/v2\/product_brand?post=2422"},{"taxonomy":"product_cat","embeddable":true,"href":"https:\/\/www.machinerybearings.com\/cs\/wp-json\/wp\/v2\/product_cat?post=2422"},{"taxonomy":"product_tag","embeddable":true,"href":"https:\/\/www.machinerybearings.com\/cs\/wp-json\/wp\/v2\/product_tag?post=2422"}],"curies":[{"name":"wp","href":"https:\/\/api.w.org\/{rel}","templated":true}]}}