{"id":2428,"date":"2026-04-12T15:26:31","date_gmt":"2026-04-12T15:26:31","guid":{"rendered":"https:\/\/www.machinerybearings.com\/?post_type=product&#038;p=2428"},"modified":"2026-05-04T13:19:41","modified_gmt":"2026-05-04T13:19:41","slug":"sn210-plummer-block-bearing-housing-heavy-duty-split-housing-for-industrial-shaft-support","status":"publish","type":"product","link":"https:\/\/www.machinerybearings.com\/cs\/produkt\/sn210-plummer-block-bearing-housing-heavy-duty-split-housing-for-industrial-shaft-support\/","title":{"rendered":"SN210 lo\u017eiskov\u00e9 pouzdro Plummerova bloku \u2013 T\u011b\u017ek\u00e9 d\u011blen\u00e9 pouzdro pro podporu pr\u016fmyslov\u00fdch h\u0159\u00eddel\u00ed"},"content":{"rendered":"<p data-start=\"376\" data-end=\"682\">Tento <strong data-start=\"380\" data-end=\"405\">SN210 Bearing Housing<\/strong> is a heavy-duty split-type plummer block housing designed to support rotating shafts in demanding industrial environments. It is widely used with cylindrical roller bearings and spherical roller bearings to ensure stable operation, strong load capacity, and long service life.<\/p>\n<p data-start=\"684\" data-end=\"970\">Manufactured from high-strength cast iron or ductile iron, the SN210 housing provides excellent rigidity, vibration resistance, and structural durability. Its split design allows easy installation and maintenance, enabling quick bearing replacement without dismantling the shaft system.<\/p>\n<p data-start=\"972\" data-end=\"1175\">The SN series housings are widely used in conveyors, mining equipment, steel production lines, and other heavy industrial machinery where reliable shaft alignment and high load performance are essential.<\/p>\n<h1 data-section-id=\"8av2ty\" data-start=\"1182\" data-end=\"1200\"><span role=\"text\"><strong data-start=\"1184\" data-end=\"1200\">Kl\u00ed\u010dov\u00e9 vlastnosti<\/strong><\/span><\/h1>\n<ul data-start=\"1202\" data-end=\"1590\">\n<li data-section-id=\"1x2kwfq\" data-start=\"1202\" data-end=\"1264\">Split housing design for easy installation and maintenance<\/li>\n<li data-section-id=\"1h69h0h\" data-start=\"1265\" data-end=\"1333\">High strength cast iron construction for heavy-duty applications<\/li>\n<li data-section-id=\"1lrcjul\" data-start=\"1334\" data-end=\"1385\">Excellent load capacity and structural rigidity<\/li>\n<li data-section-id=\"1u6kvkj\" data-start=\"1386\" data-end=\"1436\">Siln\u00e1 odolnost v\u016f\u010di vibrac\u00edm a r\u00e1zov\u00fdm zat\u00ed\u017een\u00edm<\/li>\n<li data-section-id=\"xkc3xt\" data-start=\"1437\" data-end=\"1498\">Compatible with cylindrical and spherical roller bearings<\/li>\n<li data-section-id=\"1u1aryh\" data-start=\"1499\" data-end=\"1541\">Easy lubrication and inspection access<\/li>\n<li data-section-id=\"1dvj9rz\" data-start=\"1542\" data-end=\"1590\">Designed for continuous industrial operation<\/li>\n<\/ul>\n<h1 data-section-id=\"10k15yz\" data-start=\"1597\" data-end=\"1627\"><span role=\"text\"><strong data-start=\"1599\" data-end=\"1627\">Technick\u00e9 specifikace<\/strong><\/span><\/h1>\n<div class=\"TyagGW_tableContainer\">\n<div class=\"group TyagGW_tableWrapper flex flex-col-reverse w-fit\" tabindex=\"-1\">\n<table class=\"w-fit min-w-(--thread-content-width)\" data-start=\"1629\" data-end=\"2087\">\n<thead data-start=\"1629\" data-end=\"1650\">\n<tr data-start=\"1629\" data-end=\"1650\">\n<th class=\"\" data-start=\"1629\" data-end=\"1641\" data-col-size=\"sm\">Parametr<\/th>\n<th class=\"\" data-start=\"1641\" data-end=\"1650\" data-col-size=\"md\">Hodnota<\/th>\n<\/tr>\n<\/thead>\n<tbody data-start=\"1671\" data-end=\"2087\">\n<tr data-start=\"1671\" data-end=\"1688\">\n<td data-start=\"1671\" data-end=\"1679\" data-col-size=\"sm\">Model<\/td>\n<td data-start=\"1679\" data-end=\"1688\" data-col-size=\"md\">SN210<\/td>\n<\/tr>\n<tr data-start=\"1689\" data-end=\"1756\">\n<td data-start=\"1689\" data-end=\"1713\" data-col-size=\"sm\">Bearing Compatibility<\/td>\n<td data-start=\"1713\" data-end=\"1756\" data-col-size=\"md\">Cylindrical \/ Spherical Roller Bearings<\/td>\n<\/tr>\n<tr data-start=\"1757\" data-end=\"1803\">\n<td data-start=\"1757\" data-end=\"1772\" data-col-size=\"sm\">Typ pouzdra<\/td>\n<td data-start=\"1772\" data-end=\"1803\" data-col-size=\"md\">Split Plummer Block Housing<\/td>\n<\/tr>\n<tr data-start=\"1804\" data-end=\"1843\">\n<td data-start=\"1804\" data-end=\"1815\" data-col-size=\"sm\">Materi\u00e1l<\/td>\n<td data-start=\"1815\" data-end=\"1843\" data-col-size=\"md\">Cast Iron \/ Ductile Iron<\/td>\n<\/tr>\n<tr data-start=\"1844\" data-end=\"1907\">\n<td data-start=\"1844\" data-end=\"1861\" data-col-size=\"sm\">Pr\u016fm\u011br h\u0159\u00eddele<\/td>\n<td data-start=\"1861\" data-end=\"1907\" data-col-size=\"md\">Standard SN210 fit (application dependent)<\/td>\n<\/tr>\n<tr data-start=\"1908\" data-end=\"1953\">\n<td data-start=\"1908\" data-end=\"1924\" data-col-size=\"sm\">Typ mont\u00e1\u017ee<\/td>\n<td data-start=\"1924\" data-end=\"1953\" data-col-size=\"md\">Base mounted (bolt fixed)<\/td>\n<\/tr>\n<tr data-start=\"1954\" data-end=\"2005\">\n<td data-start=\"1954\" data-end=\"1968\" data-col-size=\"sm\">Maz\u00e1n\u00ed<\/td>\n<td data-start=\"1968\" data-end=\"2005\" data-col-size=\"md\">Grease or oil lubrication options<\/td>\n<\/tr>\n<tr data-start=\"2006\" data-end=\"2048\">\n<td data-start=\"2006\" data-end=\"2030\" data-col-size=\"sm\">Prev\u00e1dzkov\u00e1 teplota<\/td>\n<td data-col-size=\"md\" data-start=\"2030\" data-end=\"2048\">-20\u00b0C a\u017e 150\u00b0C<\/td>\n<\/tr>\n<tr data-start=\"2049\" data-end=\"2087\">\n<td data-start=\"2049\" data-end=\"2061\" data-col-size=\"sm\">Konstrukce<\/td>\n<td data-start=\"2061\" data-end=\"2087\" data-col-size=\"md\">Two-piece split design<\/td>\n<\/tr>\n<\/tbody>\n<\/table>\n<\/div>\n<\/div>\n<h1 data-section-id=\"1p00fbj\" data-start=\"2094\" data-end=\"2112\"><span role=\"text\"><strong data-start=\"2096\" data-end=\"2112\">Aplikace<\/strong><\/span><\/h1>\n<p data-start=\"2114\" data-end=\"2158\">The SN210 bearing housing is widely used in:<\/p>\n<ul data-start=\"2160\" data-end=\"2339\">\n<li data-section-id=\"ew3yor\" data-start=\"2160\" data-end=\"2191\">T\u011b\u017eebn\u00edch a kamenolomov\u00fdch stroj\u00edch<\/li>\n<li data-section-id=\"176s2ln\" data-start=\"2192\" data-end=\"2212\">Dopravn\u00ed syst\u00e9my<\/li>\n<li data-section-id=\"1ur90fc\" data-start=\"2213\" data-end=\"2250\">Steel mills and rolling equipment<\/li>\n<li data-section-id=\"1tqmi6a\" data-start=\"2251\" data-end=\"2278\">Link\u00e1ch na v\u00fdrobu cementu<\/li>\n<li data-section-id=\"942l0d\" data-start=\"2279\" data-end=\"2303\">Pr\u016fmyslov\u00e9 p\u0159evodovky<\/li>\n<li data-section-id=\"1dq8qoq\" data-start=\"2304\" data-end=\"2339\">T\u011b\u017ek\u00e9 p\u0159enosov\u00e9 syst\u00e9my<\/li>\n<\/ul>\n<h1 data-section-id=\"zdmnob\" data-start=\"2346\" data-end=\"2365\"><span role=\"text\"><strong data-start=\"2348\" data-end=\"2365\">Pro\u010d si vybrat n\u00e1s<\/strong><\/span><\/h1>\n<ul data-start=\"2367\" data-end=\"2597\">\n<li data-section-id=\"1gqf0km\" data-start=\"2367\" data-end=\"2405\">Stable factory production capacity<\/li>\n<li data-section-id=\"m7u9xd\" data-start=\"2406\" data-end=\"2452\">OEM and custom machining support available<\/li>\n<li data-section-id=\"dicptw\" data-start=\"2453\" data-end=\"2503\">High-quality cast iron and precision machining<\/li>\n<li data-section-id=\"17f5f0y\" data-start=\"2504\" data-end=\"2550\">Reliable supply for bulk industrial orders<\/li>\n<li data-section-id=\"bhimnc\" data-start=\"2551\" data-end=\"2597\">Rychl\u00e9 glob\u00e1ln\u00ed dod\u00e1n\u00ed a technick\u00e1 podpora<\/li>\n<\/ul>\n<h1 data-section-id=\"1iusff4\" data-start=\"2604\" data-end=\"2613\"><span role=\"text\"><strong data-start=\"2606\" data-end=\"2613\">\u010casto kladen\u00e9 ot\u00e1zky<\/strong><\/span><\/h1>\n<p data-start=\"2615\" data-end=\"2757\"><strong data-start=\"2615\" data-end=\"2666\">Q1: What is the SN210 bearing housing used for?<\/strong><br data-start=\"2666\" data-end=\"2669\" \/>A: It is used to support shafts and house roller bearings in heavy industrial machinery.<\/p>\n<p data-start=\"2759\" data-end=\"2912\"><strong data-start=\"2759\" data-end=\"2823\">Q2: What type of bearings are compatible with SN210 housing?<\/strong><br data-start=\"2823\" data-end=\"2826\" \/>A: It is commonly used with cylindrical roller bearings and spherical roller bearings.<\/p>\n<p data-start=\"2914\" data-end=\"3045\"><strong data-start=\"2914\" data-end=\"2968\">Q3: What is the advantage of split housing design?<\/strong><br data-start=\"2968\" data-end=\"2971\" \/>A: It allows easy installation and maintenance without removing the shaft.<\/p>","protected":false},"excerpt":{"rendered":"<p>Tento <strong data-start=\"380\" data-end=\"405\">SN210 Bearing Housing<\/strong> is a heavy-duty split-type plummer block housing designed to support rotating shafts in demanding industrial environments. It is widely used with cylindrical roller bearings and spherical roller bearings to ensure stable operation, strong load capacity, and long service life.<\/p>","protected":false},"featured_media":2596,"comment_status":"open","ping_status":"closed","template":"","meta":{"site-sidebar-layout":"default","site-content-layout":"","ast-site-content-layout":"default","site-content-style":"default","site-sidebar-style":"default","ast-global-header-display":"","ast-banner-title-visibility":"","ast-main-header-display":"","ast-hfb-above-header-display":"","ast-hfb-below-header-display":"","ast-hfb-mobile-header-display":"","site-post-title":"","ast-breadcrumbs-content":"","ast-featured-img":"","footer-sml-layout":"","ast-disable-related-posts":"","theme-transparent-header-meta":"default","adv-header-id-meta":"","stick-header-meta":"default","header-above-stick-meta":"","header-main-stick-meta":"","header-below-stick-meta":"","astra-migrate-meta-layouts":"set","ast-page-background-enabled":"default","ast-page-background-meta":{"desktop":{"background-color":"","background-image":"","background-repeat":"repeat","background-position":"center center","background-size":"auto","background-attachment":"scroll","background-type":"","background-media":"","overlay-type":"","overlay-color":"","overlay-opacity":"","overlay-gradient":""},"tablet":{"background-color":"","background-image":"","background-repeat":"repeat","background-position":"center center","background-size":"auto","background-attachment":"scroll","background-type":"","background-media":"","overlay-type":"","overlay-color":"","overlay-opacity":"","overlay-gradient":""},"mobile":{"background-color":"","background-image":"","background-repeat":"repeat","background-position":"center center","background-size":"auto","background-attachment":"scroll","background-type":"","background-media":"","overlay-type":"","overlay-color":"","overlay-opacity":"","overlay-gradient":""}},"ast-content-background-meta":{"desktop":{"background-color":"var(--ast-global-color-5)","background-image":"","background-repeat":"repeat","background-position":"center center","background-size":"auto","background-attachment":"scroll","background-type":"","background-media":"","overlay-type":"","overlay-color":"","overlay-opacity":"","overlay-gradient":""},"tablet":{"background-color":"var(--ast-global-color-5)","background-image":"","background-repeat":"repeat","background-position":"center center","background-size":"auto","background-attachment":"scroll","background-type":"","background-media":"","overlay-type":"","overlay-color":"","overlay-opacity":"","overlay-gradient":""},"mobile":{"background-color":"var(--ast-global-color-5)","background-image":"","background-repeat":"repeat","background-position":"center center","background-size":"auto","background-attachment":"scroll","background-type":"","background-media":"","overlay-type":"","overlay-color":"","overlay-opacity":"","overlay-gradient":""}}},"product_brand":[],"product_cat":[31],"product_tag":[161,191,192,190,194,181,193,186,189,182],"class_list":{"0":"post-2428","1":"product","2":"type-product","3":"status-publish","4":"has-post-thumbnail","6":"product_cat-plummer-block","7":"product_tag-bearing-housing-unit","8":"product_tag-cast-iron-housing","9":"product_tag-heavy-duty-housing","10":"product_tag-industrial-bearing-housing","11":"product_tag-oem-bearing-housing-manufacturer","12":"product_tag-plummer-block-housing","13":"product_tag-roller-bearing-housing","14":"product_tag-sn-series-housing","15":"product_tag-sn210-housing","16":"product_tag-split-bearing-housing","17":"desktop-align-left","18":"tablet-align-left","19":"mobile-align-left","20":"ast-product-gallery-layout-horizontal-slider","21":"ast-product-gallery-with-no-image","22":"ast-product-tabs-layout-horizontal","24":"first","25":"instock","26":"shipping-taxable","27":"product-type-simple"},"_links":{"self":[{"href":"https:\/\/www.machinerybearings.com\/cs\/wp-json\/wp\/v2\/product\/2428","targetHints":{"allow":["GET"]}}],"collection":[{"href":"https:\/\/www.machinerybearings.com\/cs\/wp-json\/wp\/v2\/product"}],"about":[{"href":"https:\/\/www.machinerybearings.com\/cs\/wp-json\/wp\/v2\/types\/product"}],"replies":[{"embeddable":true,"href":"https:\/\/www.machinerybearings.com\/cs\/wp-json\/wp\/v2\/comments?post=2428"}],"wp:featuredmedia":[{"embeddable":true,"href":"https:\/\/www.machinerybearings.com\/cs\/wp-json\/wp\/v2\/media\/2596"}],"wp:attachment":[{"href":"https:\/\/www.machinerybearings.com\/cs\/wp-json\/wp\/v2\/media?parent=2428"}],"wp:term":[{"taxonomy":"product_brand","embeddable":true,"href":"https:\/\/www.machinerybearings.com\/cs\/wp-json\/wp\/v2\/product_brand?post=2428"},{"taxonomy":"product_cat","embeddable":true,"href":"https:\/\/www.machinerybearings.com\/cs\/wp-json\/wp\/v2\/product_cat?post=2428"},{"taxonomy":"product_tag","embeddable":true,"href":"https:\/\/www.machinerybearings.com\/cs\/wp-json\/wp\/v2\/product_tag?post=2428"}],"curies":[{"name":"wp","href":"https:\/\/api.w.org\/{rel}","templated":true}]}}