{"id":2435,"date":"2026-04-13T14:21:51","date_gmt":"2026-04-13T14:21:51","guid":{"rendered":"https:\/\/www.machinerybearings.com\/?post_type=product&#038;p=2435"},"modified":"2026-05-11T16:53:19","modified_gmt":"2026-05-11T16:53:19","slug":"1205-self-aligning-ball-bearing-double-row-bearing-for-misalignment-applications","status":"publish","type":"product","link":"https:\/\/www.machinerybearings.com\/cs\/produkt\/1205-self-aligning-ball-bearing-double-row-bearing-for-misalignment-applications\/","title":{"rendered":"1205 Samonastaviteln\u00fd kuli\u010dkov\u00fd lo\u017eisko \u2013 Dvoj\u0159ad\u00e9 lo\u017eisko pro aplikace s nesouosost\u00ed"},"content":{"rendered":"<p data-start=\"354\" data-end=\"704\">Tento <strong data-start=\"358\" data-end=\"393\">1205 samonastaviteln\u00fd kuli\u010dkov\u00fd lo\u017eisko<\/strong> je dvou\u0159ad\u00e9 kuli\u010dkov\u00e9 lo\u017eisko navr\u017een\u00e9 tak, aby vyrovnalo nesouosost h\u0159\u00eddele a ohyb b\u011bhem provozu. Jeho jedine\u010dn\u00e1 sf\u00e9rick\u00e1 vn\u011bj\u0161\u00ed dr\u00e1ha umo\u017e\u0148uje lo\u017eisku automaticky upravit zarovn\u00e1n\u00ed, \u010d\u00edm\u017e se sni\u017euje nap\u011bt\u00ed a zlep\u0161uje v\u00fdkon v aplikac\u00edch, kde je obt\u00ed\u017en\u00e9 udr\u017eet zarovn\u00e1n\u00ed h\u0159\u00eddele nebo pouzdra.<\/p>\n<p data-start=\"706\" data-end=\"1001\">Toto lo\u017eisko je ide\u00e1ln\u00ed pro aplikace vystaven\u00e9 ohybu h\u0159\u00eddele, chyb\u00e1m p\u0159i mont\u00e1\u017ei nebo vibrac\u00edm. Vyrobeno z vysoce kvalitn\u00ed chromov\u00e9 oceli a dostupn\u00e9 v nerezov\u00fdch variant\u00e1ch, lo\u017eisko 1205 poskytuje hladk\u00fd chod, n\u00edzk\u00e9 t\u0159en\u00ed a spolehliv\u00fd v\u00fdkon po dlouhou dobu.<\/p>\n<p data-start=\"1003\" data-end=\"1119\">Kompaktn\u00ed design a samonastaviteln\u00e1 schopnost jej \u010din\u00ed \u0161iroce pou\u017e\u00edvan\u00fdm v pr\u016fmyslov\u00fdch aplikac\u00edch s lehk\u00fdm a\u017e st\u0159edn\u00edm zat\u00ed\u017een\u00edm.<\/p>\n<h1 data-section-id=\"8av2ty\" data-start=\"1126\" data-end=\"1144\"><span role=\"text\"><strong data-start=\"1128\" data-end=\"1144\">Kl\u00ed\u010dov\u00e9 vlastnosti<\/strong><\/span><\/h1>\n<ul data-start=\"1146\" data-end=\"1483\">\n<li data-section-id=\"1fr59o7\" data-start=\"1146\" data-end=\"1205\">Samonastaviteln\u00fd design kompenzuje nesouosost h\u0159\u00eddele<\/li>\n<li data-section-id=\"1id6hoh\" data-start=\"1206\" data-end=\"1258\">Dvou\u0159ad\u00e1 kuli\u010dkov\u00e1 struktura pro zlep\u0161enou stabilitu<\/li>\n<li data-section-id=\"1g811j7\" data-start=\"1259\" data-end=\"1295\">N\u00edzk\u00e9 t\u0159en\u00ed a hladk\u00fd chod<\/li>\n<li data-section-id=\"dcacpc\" data-start=\"1296\" data-end=\"1347\">Vhodn\u00e9 pro aplikace s ohybem h\u0159\u00eddele<\/li>\n<li data-section-id=\"f8hmgc\" data-start=\"1348\" data-end=\"1385\">Snadn\u00e1 instalace a \u00fadr\u017eba<\/li>\n<li data-section-id=\"5mjdxq\" data-start=\"1386\" data-end=\"1431\">Dlouh\u00e1 \u017eivotnost s stabiln\u00edm v\u00fdkonem<\/li>\n<li data-section-id=\"10s930\" data-start=\"1432\" data-end=\"1483\">Dostupn\u00e9 ve verz\u00edch z oceli a nerezov\u00e9 oceli<\/li>\n<\/ul>\n<h1 data-section-id=\"10k15yz\" data-start=\"1490\" data-end=\"1520\"><span role=\"text\"><strong data-start=\"1492\" data-end=\"1520\">Technick\u00e9 specifikace<\/strong><\/span><\/h1>\n<div class=\"TyagGW_tableContainer\">\n<div class=\"group TyagGW_tableWrapper flex flex-col-reverse w-fit\" tabindex=\"-1\">\n<table class=\"w-fit min-w-(--thread-content-width)\" data-start=\"1522\" data-end=\"1943\">\n<thead data-start=\"1522\" data-end=\"1543\">\n<tr data-start=\"1522\" data-end=\"1543\">\n<th class=\"\" data-start=\"1522\" data-end=\"1534\" data-col-size=\"sm\">Parametr<\/th>\n<th class=\"\" data-start=\"1534\" data-end=\"1543\" data-col-size=\"sm\">Hodnota<\/th>\n<\/tr>\n<\/thead>\n<tbody data-start=\"1564\" data-end=\"1943\">\n<tr data-start=\"1564\" data-end=\"1588\">\n<td data-start=\"1564\" data-end=\"1580\" data-col-size=\"sm\">Model lo\u017eiska<\/td>\n<td data-col-size=\"sm\" data-start=\"1580\" data-end=\"1588\">1205<\/td>\n<\/tr>\n<tr data-start=\"1589\" data-end=\"1619\">\n<td data-start=\"1589\" data-end=\"1610\" data-col-size=\"sm\">Vnit\u0159n\u00ed pr\u016fm\u011br (d)<\/td>\n<td data-col-size=\"sm\" data-start=\"1610\" data-end=\"1619\">25 mm<\/td>\n<\/tr>\n<tr data-start=\"1620\" data-end=\"1650\">\n<td data-start=\"1620\" data-end=\"1641\" data-col-size=\"sm\">Vn\u011bj\u0161\u00ed pr\u016fm\u011br (D)<\/td>\n<td data-col-size=\"sm\" data-start=\"1641\" data-end=\"1650\">52 mm<\/td>\n<\/tr>\n<tr data-start=\"1651\" data-end=\"1672\">\n<td data-start=\"1651\" data-end=\"1663\" data-col-size=\"sm\">\u0160\u00ed\u0159ka (B)<\/td>\n<td data-start=\"1663\" data-end=\"1672\" data-col-size=\"sm\">15 mm<\/td>\n<\/tr>\n<tr data-start=\"1673\" data-end=\"1718\">\n<td data-start=\"1673\" data-end=\"1688\" data-col-size=\"sm\">Typ lo\u017eiska<\/td>\n<td data-start=\"1688\" data-end=\"1718\" data-col-size=\"sm\">Samo-vyrovn\u00e1vac\u00ed kuli\u010dkov\u00e9 lo\u017eisko<\/td>\n<\/tr>\n<tr data-start=\"1719\" data-end=\"1745\">\n<td data-start=\"1719\" data-end=\"1731\" data-col-size=\"sm\">Konstrukce<\/td>\n<td data-col-size=\"sm\" data-start=\"1731\" data-end=\"1745\">Dvojit\u00fd \u0159ad<\/td>\n<\/tr>\n<tr data-start=\"1746\" data-end=\"1791\">\n<td data-start=\"1746\" data-end=\"1757\" data-col-size=\"sm\">Materi\u00e1l<\/td>\n<td data-start=\"1757\" data-end=\"1791\" data-col-size=\"sm\">Chromov\u00e1 ocel \/ Nerezov\u00e1 ocel<\/td>\n<\/tr>\n<tr data-start=\"1792\" data-end=\"1833\">\n<td data-start=\"1792\" data-end=\"1808\" data-col-size=\"sm\">Materi\u00e1l klece<\/td>\n<td data-start=\"1808\" data-end=\"1833\" data-col-size=\"sm\">Ocel \/ Mosaz \/ Nylon<\/td>\n<\/tr>\n<tr data-start=\"1834\" data-end=\"1864\">\n<td data-start=\"1834\" data-end=\"1848\" data-col-size=\"sm\">Maz\u00e1n\u00ed<\/td>\n<td data-col-size=\"sm\" data-start=\"1848\" data-end=\"1864\">Mazivo \/ Olej<\/td>\n<\/tr>\n<tr data-start=\"1865\" data-end=\"1900\">\n<td data-start=\"1865\" data-end=\"1884\" data-col-size=\"sm\">T\u0159\u00edda p\u0159esnosti<\/td>\n<td data-start=\"1884\" data-end=\"1900\" data-col-size=\"sm\">P0 \/ P6 \/ P5<\/td>\n<\/tr>\n<tr data-start=\"1901\" data-end=\"1943\">\n<td data-start=\"1901\" data-end=\"1925\" data-col-size=\"sm\">Prev\u00e1dzkov\u00e1 teplota<\/td>\n<td data-col-size=\"sm\" data-start=\"1925\" data-end=\"1943\">-20\u00b0C a\u017e 120\u00b0C<\/td>\n<\/tr>\n<\/tbody>\n<\/table>\n<\/div>\n<\/div>\n<h1 data-section-id=\"1p00fbj\" data-start=\"1950\" data-end=\"1968\"><span role=\"text\"><strong data-start=\"1952\" data-end=\"1968\">Aplikace<\/strong><\/span><\/h1>\n<p data-start=\"1970\" data-end=\"2024\">Samo-vyrovn\u00e1vac\u00ed kuli\u010dkov\u00e9 lo\u017eisko 1205 se \u0161iroce pou\u017e\u00edv\u00e1 v:<\/p>\n<ul data-start=\"2026\" data-end=\"2183\">\n<li data-section-id=\"1n6ynun\" data-start=\"2026\" data-end=\"2052\">Zem\u011bd\u011blsk\u00e9 stroje<\/li>\n<li data-section-id=\"176s2ln\" data-start=\"2053\" data-end=\"2073\">Dopravn\u00ed syst\u00e9my<\/li>\n<li data-section-id=\"io1u9n\" data-start=\"2074\" data-end=\"2095\">Textiln\u00ed stroje<\/li>\n<li data-section-id=\"25txyz\" data-start=\"2096\" data-end=\"2126\">Lehk\u00e1 pr\u016fmyslov\u00e1 za\u0159\u00edzen\u00ed<\/li>\n<li data-section-id=\"646cyz\" data-start=\"2127\" data-end=\"2147\">Ventil\u00e1tory a fukary<\/li>\n<li data-section-id=\"ib1wqr\" data-start=\"2148\" data-end=\"2183\">Mechanick\u00e9 p\u0159enosov\u00e9 syst\u00e9my<\/li>\n<\/ul>\n<h1 data-section-id=\"zdmnob\" data-start=\"2190\" data-end=\"2209\"><span role=\"text\"><strong data-start=\"2192\" data-end=\"2209\">Pro\u010d si vybrat n\u00e1s<\/strong><\/span><\/h1>\n<ul data-start=\"2211\" data-end=\"2428\">\n<li data-section-id=\"t14xel\" data-start=\"2211\" data-end=\"2264\">Stabiln\u00ed v\u00fdroba v tov\u00e1rn\u011b s konzistentn\u00ed kvalitou<\/li>\n<li data-section-id=\"hq554l\" data-start=\"2265\" data-end=\"2310\">Mo\u017enosti OEM a zak\u00e1zkov\u00fdch materi\u00e1l\u016f k dispozici<\/li>\n<li data-section-id=\"18yrkc1\" data-start=\"2311\" data-end=\"2350\">Konkuren\u010dn\u00ed ceny pro hromadn\u00e9 objedn\u00e1vky<\/li>\n<li data-section-id=\"k7xnqf\" data-start=\"2351\" data-end=\"2386\">Rychl\u00e9 dod\u00e1n\u00ed a glob\u00e1ln\u00ed dod\u00e1vky<\/li>\n<li data-section-id=\"1u6ytj0\" data-start=\"2387\" data-end=\"2428\">P\u0159\u00edsn\u00e1 inspekce a kontrola kvality<\/li>\n<\/ul>\n<h1 data-section-id=\"1iusff4\" data-start=\"2435\" data-end=\"2444\"><span role=\"text\"><strong data-start=\"2437\" data-end=\"2444\">\u010casto kladen\u00e9 ot\u00e1zky<\/strong><\/span><\/h1>\n<p data-start=\"2446\" data-end=\"2614\"><strong data-start=\"2446\" data-end=\"2507\">Q1: Jak\u00e1 je v\u00fdhoda samonastaviteln\u00fdch kuli\u010dkov\u00fdch lo\u017eisek?<\/strong><br data-start=\"2507\" data-end=\"2510\" \/>A: Mohou automaticky kompenzovat nesouosost h\u0159\u00eddele, \u010d\u00edm\u017e sni\u017euj\u00ed nap\u011bt\u00ed a prodlu\u017euj\u00ed \u017eivotnost.<\/p>\n<p data-start=\"2616\" data-end=\"2750\"><strong data-start=\"2616\" data-end=\"2661\">Q2: Mohou lo\u017eiska 1205 zvl\u00e1dat t\u011b\u017ek\u00e9 zat\u00ed\u017een\u00ed?<\/strong><br data-start=\"2661\" data-end=\"2664\" \/>A: Jsou vhodn\u00e1 pro aplikace s lehk\u00fdm a\u017e st\u0159edn\u00edm zat\u00ed\u017een\u00edm, nikoli pro t\u011b\u017ek\u00e9 podm\u00ednky.<\/p>\n<p data-start=\"2752\" data-end=\"2874\"><strong data-start=\"2752\" data-end=\"2798\">Q3: Nab\u00edz\u00edte verze z nerezov\u00e9 oceli?<\/strong><br data-start=\"2798\" data-end=\"2801\" \/>A: Ano, mo\u017enosti z nerezov\u00e9 oceli jsou k dispozici pro korozivn\u00ed prost\u0159ed\u00ed.<\/p>","protected":false},"excerpt":{"rendered":"<p>Tento <strong data-start=\"358\" data-end=\"393\">1205 samonastaviteln\u00fd kuli\u010dkov\u00fd lo\u017eisko<\/strong> je dvou\u0159ad\u00e9 kuli\u010dkov\u00e9 lo\u017eisko navr\u017een\u00e9 tak, aby vyrovnalo nesouosost h\u0159\u00eddele a ohyb b\u011bhem provozu. Jeho jedine\u010dn\u00e1 sf\u00e9rick\u00e1 vn\u011bj\u0161\u00ed dr\u00e1ha umo\u017e\u0148uje lo\u017eisku automaticky upravit zarovn\u00e1n\u00ed, \u010d\u00edm\u017e se sni\u017euje nap\u011bt\u00ed a zlep\u0161uje v\u00fdkon v aplikac\u00edch, kde je obt\u00ed\u017en\u00e9 udr\u017eet zarovn\u00e1n\u00ed h\u0159\u00eddele nebo pouzdra.<\/p>","protected":false},"featured_media":2538,"comment_status":"open","ping_status":"closed","template":"","meta":{"site-sidebar-layout":"default","site-content-layout":"","ast-site-content-layout":"default","site-content-style":"default","site-sidebar-style":"default","ast-global-header-display":"","ast-banner-title-visibility":"","ast-main-header-display":"","ast-hfb-above-header-display":"","ast-hfb-below-header-display":"","ast-hfb-mobile-header-display":"","site-post-title":"","ast-breadcrumbs-content":"","ast-featured-img":"","footer-sml-layout":"","ast-disable-related-posts":"","theme-transparent-header-meta":"default","adv-header-id-meta":"","stick-header-meta":"default","header-above-stick-meta":"","header-main-stick-meta":"","header-below-stick-meta":"","astra-migrate-meta-layouts":"set","ast-page-background-enabled":"default","ast-page-background-meta":{"desktop":{"background-color":"","background-image":"","background-repeat":"repeat","background-position":"center center","background-size":"auto","background-attachment":"scroll","background-type":"","background-media":"","overlay-type":"","overlay-color":"","overlay-opacity":"","overlay-gradient":""},"tablet":{"background-color":"","background-image":"","background-repeat":"repeat","background-position":"center center","background-size":"auto","background-attachment":"scroll","background-type":"","background-media":"","overlay-type":"","overlay-color":"","overlay-opacity":"","overlay-gradient":""},"mobile":{"background-color":"","background-image":"","background-repeat":"repeat","background-position":"center center","background-size":"auto","background-attachment":"scroll","background-type":"","background-media":"","overlay-type":"","overlay-color":"","overlay-opacity":"","overlay-gradient":""}},"ast-content-background-meta":{"desktop":{"background-color":"var(--ast-global-color-5)","background-image":"","background-repeat":"repeat","background-position":"center center","background-size":"auto","background-attachment":"scroll","background-type":"","background-media":"","overlay-type":"","overlay-color":"","overlay-opacity":"","overlay-gradient":""},"tablet":{"background-color":"var(--ast-global-color-5)","background-image":"","background-repeat":"repeat","background-position":"center center","background-size":"auto","background-attachment":"scroll","background-type":"","background-media":"","overlay-type":"","overlay-color":"","overlay-opacity":"","overlay-gradient":""},"mobile":{"background-color":"var(--ast-global-color-5)","background-image":"","background-repeat":"repeat","background-position":"center center","background-size":"auto","background-attachment":"scroll","background-type":"","background-media":"","overlay-type":"","overlay-color":"","overlay-opacity":"","overlay-gradient":""}}},"product_brand":[],"product_cat":[22],"product_tag":[204,160,209,206,45,208,207,72,143,205],"class_list":{"0":"post-2435","1":"product","2":"type-product","3":"status-publish","4":"has-post-thumbnail","6":"product_cat-self-aligning-ball-bearings","7":"product_tag-1205-bearing","8":"product_tag-agricultural-bearing","9":"product_tag-conveyor-bearing","10":"product_tag-double-row-bearing","11":"product_tag-industrial-bearing","12":"product_tag-light-duty-bearing","13":"product_tag-misalignment-bearing","14":"product_tag-oem-bearing-supplier","15":"product_tag-precision-bearing-manufacturer","16":"product_tag-self-aligning-ball-bearing","17":"desktop-align-left","18":"tablet-align-left","19":"mobile-align-left","20":"ast-product-gallery-layout-horizontal-slider","21":"ast-product-gallery-with-no-image","22":"ast-product-tabs-layout-horizontal","24":"first","25":"instock","26":"shipping-taxable","27":"product-type-simple"},"_links":{"self":[{"href":"https:\/\/www.machinerybearings.com\/cs\/wp-json\/wp\/v2\/product\/2435","targetHints":{"allow":["GET"]}}],"collection":[{"href":"https:\/\/www.machinerybearings.com\/cs\/wp-json\/wp\/v2\/product"}],"about":[{"href":"https:\/\/www.machinerybearings.com\/cs\/wp-json\/wp\/v2\/types\/product"}],"replies":[{"embeddable":true,"href":"https:\/\/www.machinerybearings.com\/cs\/wp-json\/wp\/v2\/comments?post=2435"}],"wp:featuredmedia":[{"embeddable":true,"href":"https:\/\/www.machinerybearings.com\/cs\/wp-json\/wp\/v2\/media\/2538"}],"wp:attachment":[{"href":"https:\/\/www.machinerybearings.com\/cs\/wp-json\/wp\/v2\/media?parent=2435"}],"wp:term":[{"taxonomy":"product_brand","embeddable":true,"href":"https:\/\/www.machinerybearings.com\/cs\/wp-json\/wp\/v2\/product_brand?post=2435"},{"taxonomy":"product_cat","embeddable":true,"href":"https:\/\/www.machinerybearings.com\/cs\/wp-json\/wp\/v2\/product_cat?post=2435"},{"taxonomy":"product_tag","embeddable":true,"href":"https:\/\/www.machinerybearings.com\/cs\/wp-json\/wp\/v2\/product_tag?post=2435"}],"curies":[{"name":"wp","href":"https:\/\/api.w.org\/{rel}","templated":true}]}}