{"id":2436,"date":"2026-04-13T14:24:10","date_gmt":"2026-04-13T14:24:10","guid":{"rendered":"https:\/\/www.machinerybearings.com\/?post_type=product&#038;p=2436"},"modified":"2026-05-03T05:56:57","modified_gmt":"2026-05-03T05:56:57","slug":"1210-self-aligning-ball-bearing-double-row-bearing-for-shaft-misalignment-applications","status":"publish","type":"product","link":"https:\/\/www.machinerybearings.com\/cs\/produkt\/1210-self-aligning-ball-bearing-double-row-bearing-for-shaft-misalignment-applications\/","title":{"rendered":"1210 Samonastaviteln\u00fd kuli\u010dkov\u00fd lo\u017eisko \u2013 Dvoj\u0159ad\u00e9 lo\u017eisko pro aplikace s nesouosost\u00ed h\u0159\u00eddele"},"content":{"rendered":"<p data-start=\"363\" data-end=\"651\">Tento <strong data-start=\"367\" data-end=\"402\">1210 samonastaviteln\u00fd kuli\u010dkov\u00fd lo\u017eisko<\/strong> je dvou\u0159ad\u00e9 kuli\u010dkov\u00e9 lo\u017eisko navr\u017een\u00e9 tak, aby automaticky kompenzovalo nesouosost a ohyb h\u0159\u00eddele b\u011bhem provozu. Jeho kulov\u00e1 vn\u011bj\u0161\u00ed dr\u00e1ha umo\u017e\u0148uje hladk\u00e9 samonastaven\u00ed, \u010d\u00edm\u017e sni\u017euje nap\u011bt\u00ed na lo\u017eisku a zlep\u0161uje provozn\u00ed stabilitu.<\/p>\n<p data-start=\"653\" data-end=\"960\">Toto lo\u017eisko je zvl\u00e1\u0161t\u011b vhodn\u00e9 pro aplikace, kde mohou nastat instala\u010dn\u00ed chyby, ohyb h\u0159\u00eddele nebo vibrace. Vyrobeno z vysoce kvalitn\u00ed chromov\u00e9 oceli a dostupn\u00e9 v nerezov\u00e9 oceli nebo speci\u00e1ln\u00edch materi\u00e1lov\u00fdch variant\u00e1ch, 1210 lo\u017eisko nab\u00edz\u00ed spolehliv\u00fd v\u00fdkon, n\u00edzk\u00e9 t\u0159en\u00ed a dlouhou \u017eivotnost.<\/p>\n<p data-start=\"962\" data-end=\"1111\">Se svou robustn\u00ed konstrukc\u00ed a v\u011bt\u0161\u00ed velikost\u00ed ve srovn\u00e1n\u00ed s men\u0161\u00edmi modely m\u016f\u017ee 1210 lo\u017eisko podporovat vy\u0161\u0161\u00ed zat\u00ed\u017een\u00ed p\u0159i zachov\u00e1n\u00ed flexibility zarovn\u00e1n\u00ed.<\/p>\n<h1 data-section-id=\"8av2ty\" data-start=\"1118\" data-end=\"1136\"><span role=\"text\"><strong data-start=\"1120\" data-end=\"1136\">Kl\u00ed\u010dov\u00e9 vlastnosti<\/strong><\/span><\/h1>\n<ul data-start=\"1138\" data-end=\"1457\">\n<li data-section-id=\"gmtb4x\" data-start=\"1138\" data-end=\"1192\">Samonastaviteln\u00fd design pro kompenzaci nesouososti<\/li>\n<li data-section-id=\"5a73n5\" data-start=\"1193\" data-end=\"1245\">Dvou\u0159ad\u00e1 kuli\u010dkov\u00e1 struktura pro zv\u00fd\u0161enou stabilitu<\/li>\n<li data-section-id=\"1mpt223\" data-start=\"1246\" data-end=\"1284\">Hladk\u00fd provoz s n\u00edzk\u00fdm t\u0159en\u00edm<\/li>\n<li data-section-id=\"hhcc7k\" data-start=\"1285\" data-end=\"1326\">Vhodn\u00e9 pro aplikace se st\u0159edn\u00edm zat\u00ed\u017een\u00edm<\/li>\n<li data-section-id=\"1cp3td6\" data-start=\"1327\" data-end=\"1371\">Sni\u017euje vibrace a provozn\u00ed nap\u011bt\u00ed<\/li>\n<li data-section-id=\"f8hmgc\" data-start=\"1372\" data-end=\"1409\">Snadn\u00e1 instalace a \u00fadr\u017eba<\/li>\n<li data-section-id=\"fhnbqz\" data-start=\"1410\" data-end=\"1457\">Dlouh\u00e1 \u017eivotnost s spolehliv\u00fdm v\u00fdkonem<\/li>\n<\/ul>\n<h1 data-section-id=\"10k15yz\" data-start=\"1464\" data-end=\"1494\"><span role=\"text\"><strong data-start=\"1466\" data-end=\"1494\">Technick\u00e9 specifikace<\/strong><\/span><\/h1>\n<div class=\"TyagGW_tableContainer\">\n<div class=\"group TyagGW_tableWrapper flex flex-col-reverse w-fit\" tabindex=\"-1\">\n<table class=\"w-fit min-w-(--thread-content-width)\" data-start=\"1496\" data-end=\"1917\">\n<thead data-start=\"1496\" data-end=\"1517\">\n<tr data-start=\"1496\" data-end=\"1517\">\n<th class=\"\" data-start=\"1496\" data-end=\"1508\" data-col-size=\"sm\">Parametr<\/th>\n<th class=\"\" data-start=\"1508\" data-end=\"1517\" data-col-size=\"sm\">Hodnota<\/th>\n<\/tr>\n<\/thead>\n<tbody data-start=\"1538\" data-end=\"1917\">\n<tr data-start=\"1538\" data-end=\"1562\">\n<td data-start=\"1538\" data-end=\"1554\" data-col-size=\"sm\">Model lo\u017eiska<\/td>\n<td data-col-size=\"sm\" data-start=\"1554\" data-end=\"1562\">1210<\/td>\n<\/tr>\n<tr data-start=\"1563\" data-end=\"1593\">\n<td data-start=\"1563\" data-end=\"1584\" data-col-size=\"sm\">Vnit\u0159n\u00ed pr\u016fm\u011br (d)<\/td>\n<td data-col-size=\"sm\" data-start=\"1584\" data-end=\"1593\">50 mm<\/td>\n<\/tr>\n<tr data-start=\"1594\" data-end=\"1624\">\n<td data-start=\"1594\" data-end=\"1615\" data-col-size=\"sm\">Vn\u011bj\u0161\u00ed pr\u016fm\u011br (D)<\/td>\n<td data-col-size=\"sm\" data-start=\"1615\" data-end=\"1624\">90 mm<\/td>\n<\/tr>\n<tr data-start=\"1625\" data-end=\"1646\">\n<td data-start=\"1625\" data-end=\"1637\" data-col-size=\"sm\">\u0160\u00ed\u0159ka (B)<\/td>\n<td data-col-size=\"sm\" data-start=\"1637\" data-end=\"1646\">20 mm<\/td>\n<\/tr>\n<tr data-start=\"1647\" data-end=\"1692\">\n<td data-start=\"1647\" data-end=\"1662\" data-col-size=\"sm\">Typ lo\u017eiska<\/td>\n<td data-col-size=\"sm\" data-start=\"1662\" data-end=\"1692\">Samo-vyrovn\u00e1vac\u00ed kuli\u010dkov\u00e9 lo\u017eisko<\/td>\n<\/tr>\n<tr data-start=\"1693\" data-end=\"1719\">\n<td data-start=\"1693\" data-end=\"1705\" data-col-size=\"sm\">Konstrukce<\/td>\n<td data-col-size=\"sm\" data-start=\"1705\" data-end=\"1719\">Dvojit\u00fd \u0159ad<\/td>\n<\/tr>\n<tr data-start=\"1720\" data-end=\"1765\">\n<td data-start=\"1720\" data-end=\"1731\" data-col-size=\"sm\">Materi\u00e1l<\/td>\n<td data-start=\"1731\" data-end=\"1765\" data-col-size=\"sm\">Chromov\u00e1 ocel \/ Nerezov\u00e1 ocel<\/td>\n<\/tr>\n<tr data-start=\"1766\" data-end=\"1807\">\n<td data-start=\"1766\" data-end=\"1782\" data-col-size=\"sm\">Materi\u00e1l klece<\/td>\n<td data-start=\"1782\" data-end=\"1807\" data-col-size=\"sm\">Ocel \/ Mosaz \/ Nylon<\/td>\n<\/tr>\n<tr data-start=\"1808\" data-end=\"1838\">\n<td data-start=\"1808\" data-end=\"1822\" data-col-size=\"sm\">Maz\u00e1n\u00ed<\/td>\n<td data-col-size=\"sm\" data-start=\"1822\" data-end=\"1838\">Mazivo \/ Olej<\/td>\n<\/tr>\n<tr data-start=\"1839\" data-end=\"1874\">\n<td data-start=\"1839\" data-end=\"1858\" data-col-size=\"sm\">T\u0159\u00edda p\u0159esnosti<\/td>\n<td data-start=\"1858\" data-end=\"1874\" data-col-size=\"sm\">P0 \/ P6 \/ P5<\/td>\n<\/tr>\n<tr data-start=\"1875\" data-end=\"1917\">\n<td data-start=\"1875\" data-end=\"1899\" data-col-size=\"sm\">Prev\u00e1dzkov\u00e1 teplota<\/td>\n<td data-start=\"1899\" data-end=\"1917\" data-col-size=\"sm\">-20\u00b0C a\u017e 120\u00b0C<\/td>\n<\/tr>\n<\/tbody>\n<\/table>\n<\/div>\n<\/div>\n<h1 data-section-id=\"1p00fbj\" data-start=\"1924\" data-end=\"1942\"><span role=\"text\"><strong data-start=\"1926\" data-end=\"1942\">Aplikace<\/strong><\/span><\/h1>\n<p data-start=\"1944\" data-end=\"1998\">1210 samonastaviteln\u00fd kuli\u010dkov\u00fd lo\u017eisko je \u0161iroce pou\u017e\u00edv\u00e1no v:<\/p>\n<ul data-start=\"2000\" data-end=\"2178\">\n<li data-section-id=\"1n6ynun\" data-start=\"2000\" data-end=\"2026\">Zem\u011bd\u011blsk\u00e9 stroje<\/li>\n<li data-section-id=\"176s2ln\" data-start=\"2027\" data-end=\"2047\">Dopravn\u00ed syst\u00e9my<\/li>\n<li data-section-id=\"io1u9n\" data-start=\"2048\" data-end=\"2069\">Textiln\u00ed stroje<\/li>\n<li data-section-id=\"1ahkbyk\" data-start=\"2070\" data-end=\"2101\">Pr\u016fmyslov\u00e9 ventil\u00e1tory a fukary<\/li>\n<li data-section-id=\"1kib5nh\" data-start=\"2102\" data-end=\"2142\">Lehk\u00e9 a\u017e st\u0159edn\u00ed pr\u016fmyslov\u00e9 za\u0159\u00edzen\u00ed<\/li>\n<li data-section-id=\"ib1wqr\" data-start=\"2143\" data-end=\"2178\">Mechanick\u00e9 p\u0159enosov\u00e9 syst\u00e9my<\/li>\n<\/ul>\n<h1 data-section-id=\"zdmnob\" data-start=\"2185\" data-end=\"2204\"><span role=\"text\"><strong data-start=\"2187\" data-end=\"2204\">Pro\u010d si vybrat n\u00e1s<\/strong><\/span><\/h1>\n<ul data-start=\"2206\" data-end=\"2416\">\n<li data-section-id=\"t14xel\" data-start=\"2206\" data-end=\"2259\">Stabiln\u00ed v\u00fdroba v tov\u00e1rn\u011b s konzistentn\u00ed kvalitou<\/li>\n<li data-section-id=\"1h0w0om\" data-start=\"2260\" data-end=\"2302\">K dispozici jsou OEM a p\u0159izp\u016fsoben\u00e1 \u0159e\u0161en\u00ed<\/li>\n<li data-section-id=\"18yrkc1\" data-start=\"2303\" data-end=\"2342\">Konkuren\u010dn\u00ed ceny pro hromadn\u00e9 objedn\u00e1vky<\/li>\n<li data-section-id=\"s44wzj\" data-start=\"2343\" data-end=\"2367\">Rychl\u00e9 glob\u00e1ln\u00ed dod\u00e1n\u00ed<\/li>\n<li data-section-id=\"1kx8zsp\" data-start=\"2368\" data-end=\"2416\">P\u0159\u00edsn\u00fd inspek\u010dn\u00ed a kontroln\u00ed syst\u00e9m kvality<\/li>\n<\/ul>\n<h1 data-section-id=\"1iusff4\" data-start=\"2423\" data-end=\"2432\"><span role=\"text\"><strong data-start=\"2425\" data-end=\"2432\">\u010casto kladen\u00e9 ot\u00e1zky<\/strong><\/span><\/h1>\n<p data-start=\"2434\" data-end=\"2596\"><strong data-start=\"2434\" data-end=\"2498\">Q1: Jak\u00fd je p\u0159\u00ednos samonastaviteln\u00fdch lo\u017eisek jako 1210?<\/strong><br data-start=\"2498\" data-end=\"2501\" \/>A: Automaticky se p\u0159izp\u016fsobuj\u00ed nesouososti h\u0159\u00eddele, \u010d\u00edm\u017e sni\u017euj\u00ed nap\u011bt\u00ed a prodlu\u017euj\u00ed \u017eivotnost lo\u017eiska.<\/p>\n<p data-start=\"2598\" data-end=\"2705\"><strong data-start=\"2598\" data-end=\"2643\">Q2: Mohou lo\u017eiska 1210 zvl\u00e1dat t\u011b\u017ek\u00e9 zat\u00ed\u017een\u00ed?<\/strong><br data-start=\"2643\" data-end=\"2646\" \/>A: Jsou vhodn\u00e1 pro aplikace s lehk\u00fdm a\u017e st\u0159edn\u00edm zat\u00ed\u017een\u00edm.<\/p>\n<p data-start=\"2707\" data-end=\"2837\"><strong data-start=\"2707\" data-end=\"2754\">Q3: Jsou k dispozici verze z nerezov\u00e9 oceli?<\/strong><br data-start=\"2754\" data-end=\"2757\" \/>A: Ano, verze z nerezov\u00e9 oceli a speci\u00e1ln\u00ed materi\u00e1lov\u00e9 mo\u017enosti jsou k dispozici na vy\u017e\u00e1d\u00e1n\u00ed.<\/p>","protected":false},"excerpt":{"rendered":"<p>Tento <strong data-start=\"367\" data-end=\"402\">1210 samonastaviteln\u00fd kuli\u010dkov\u00fd lo\u017eisko<\/strong> je dvou\u0159ad\u00e9 kuli\u010dkov\u00e9 lo\u017eisko navr\u017een\u00e9 tak, aby automaticky kompenzovalo nesouosost a ohyb h\u0159\u00eddele b\u011bhem provozu. Jeho kulov\u00e1 vn\u011bj\u0161\u00ed dr\u00e1ha umo\u017e\u0148uje hladk\u00e9 samonastaven\u00ed, \u010d\u00edm\u017e sni\u017euje nap\u011bt\u00ed na lo\u017eisku a zlep\u0161uje provozn\u00ed stabilitu.<\/p>","protected":false},"featured_media":2539,"comment_status":"open","ping_status":"closed","template":"","meta":{"site-sidebar-layout":"default","site-content-layout":"","ast-site-content-layout":"default","site-content-style":"default","site-sidebar-style":"default","ast-global-header-display":"","ast-banner-title-visibility":"","ast-main-header-display":"","ast-hfb-above-header-display":"","ast-hfb-below-header-display":"","ast-hfb-mobile-header-display":"","site-post-title":"","ast-breadcrumbs-content":"","ast-featured-img":"","footer-sml-layout":"","ast-disable-related-posts":"","theme-transparent-header-meta":"default","adv-header-id-meta":"","stick-header-meta":"default","header-above-stick-meta":"","header-main-stick-meta":"","header-below-stick-meta":"","astra-migrate-meta-layouts":"set","ast-page-background-enabled":"default","ast-page-background-meta":{"desktop":{"background-color":"","background-image":"","background-repeat":"repeat","background-position":"center center","background-size":"auto","background-attachment":"scroll","background-type":"","background-media":"","overlay-type":"","overlay-color":"","overlay-opacity":"","overlay-gradient":""},"tablet":{"background-color":"","background-image":"","background-repeat":"repeat","background-position":"center center","background-size":"auto","background-attachment":"scroll","background-type":"","background-media":"","overlay-type":"","overlay-color":"","overlay-opacity":"","overlay-gradient":""},"mobile":{"background-color":"","background-image":"","background-repeat":"repeat","background-position":"center center","background-size":"auto","background-attachment":"scroll","background-type":"","background-media":"","overlay-type":"","overlay-color":"","overlay-opacity":"","overlay-gradient":""}},"ast-content-background-meta":{"desktop":{"background-color":"var(--ast-global-color-5)","background-image":"","background-repeat":"repeat","background-position":"center center","background-size":"auto","background-attachment":"scroll","background-type":"","background-media":"","overlay-type":"","overlay-color":"","overlay-opacity":"","overlay-gradient":""},"tablet":{"background-color":"var(--ast-global-color-5)","background-image":"","background-repeat":"repeat","background-position":"center center","background-size":"auto","background-attachment":"scroll","background-type":"","background-media":"","overlay-type":"","overlay-color":"","overlay-opacity":"","overlay-gradient":""},"mobile":{"background-color":"var(--ast-global-color-5)","background-image":"","background-repeat":"repeat","background-position":"center center","background-size":"auto","background-attachment":"scroll","background-type":"","background-media":"","overlay-type":"","overlay-color":"","overlay-opacity":"","overlay-gradient":""}}},"product_brand":[],"product_cat":[22],"product_tag":[210,160,209,206,45,211,207,72,143,205],"class_list":{"0":"post-2436","1":"product","2":"type-product","3":"status-publish","4":"has-post-thumbnail","6":"product_cat-self-aligning-ball-bearings","7":"product_tag-1210-bearing","8":"product_tag-agricultural-bearing","9":"product_tag-conveyor-bearing","10":"product_tag-double-row-bearing","11":"product_tag-industrial-bearing","12":"product_tag-mechanical-bearing","13":"product_tag-misalignment-bearing","14":"product_tag-oem-bearing-supplier","15":"product_tag-precision-bearing-manufacturer","16":"product_tag-self-aligning-ball-bearing","17":"desktop-align-left","18":"tablet-align-left","19":"mobile-align-left","20":"ast-product-gallery-layout-horizontal-slider","21":"ast-product-gallery-with-no-image","22":"ast-product-tabs-layout-horizontal","24":"first","25":"instock","26":"shipping-taxable","27":"product-type-simple"},"_links":{"self":[{"href":"https:\/\/www.machinerybearings.com\/cs\/wp-json\/wp\/v2\/product\/2436","targetHints":{"allow":["GET"]}}],"collection":[{"href":"https:\/\/www.machinerybearings.com\/cs\/wp-json\/wp\/v2\/product"}],"about":[{"href":"https:\/\/www.machinerybearings.com\/cs\/wp-json\/wp\/v2\/types\/product"}],"replies":[{"embeddable":true,"href":"https:\/\/www.machinerybearings.com\/cs\/wp-json\/wp\/v2\/comments?post=2436"}],"wp:featuredmedia":[{"embeddable":true,"href":"https:\/\/www.machinerybearings.com\/cs\/wp-json\/wp\/v2\/media\/2539"}],"wp:attachment":[{"href":"https:\/\/www.machinerybearings.com\/cs\/wp-json\/wp\/v2\/media?parent=2436"}],"wp:term":[{"taxonomy":"product_brand","embeddable":true,"href":"https:\/\/www.machinerybearings.com\/cs\/wp-json\/wp\/v2\/product_brand?post=2436"},{"taxonomy":"product_cat","embeddable":true,"href":"https:\/\/www.machinerybearings.com\/cs\/wp-json\/wp\/v2\/product_cat?post=2436"},{"taxonomy":"product_tag","embeddable":true,"href":"https:\/\/www.machinerybearings.com\/cs\/wp-json\/wp\/v2\/product_tag?post=2436"}],"curies":[{"name":"wp","href":"https:\/\/api.w.org\/{rel}","templated":true}]}}