{"id":2438,"date":"2026-04-13T14:27:13","date_gmt":"2026-04-13T14:27:13","guid":{"rendered":"https:\/\/www.machinerybearings.com\/?post_type=product&#038;p=2438"},"modified":"2026-05-03T06:20:40","modified_gmt":"2026-05-03T06:20:40","slug":"2205-double-row-self-aligning-ball-bearing-high-stability-bearing-for-misalignment-applications","status":"publish","type":"product","link":"https:\/\/www.machinerybearings.com\/cs\/produkt\/2205-double-row-self-aligning-ball-bearing-high-stability-bearing-for-misalignment-applications\/","title":{"rendered":"2205 Dvoj\u0159ad\u00e9 samonastaviteln\u00e9 kuli\u010dkov\u00e9 lo\u017eisko \u2013 Lo\u017eisko s vysokou stabilitou pro aplikace s nesouosost\u00ed"},"content":{"rendered":"<p data-start=\"371\" data-end=\"688\">Tento <strong data-start=\"375\" data-end=\"421\">2205 Dvoj\u0159ad\u00e9 samonastaviteln\u00e9 kuli\u010dkov\u00e9 lo\u017eisko<\/strong> je navr\u017eeno tak, aby vyrovnalo nesouosost h\u0159\u00eddele a ohyb p\u0159i zachov\u00e1n\u00ed hladk\u00e9ho a stabiln\u00edho chodu. S dvoj\u0159adovou kuli\u010dkovou strukturou a sf\u00e9rick\u00fdm vn\u011bj\u0161\u00edm z\u00e1vodem toto lo\u017eisko automaticky upravuje zarovn\u00e1n\u00ed, \u010d\u00edm\u017e sni\u017euje nap\u011bt\u00ed a prodlu\u017euje \u017eivotnost.<\/p>\n<p data-start=\"690\" data-end=\"1000\">Ve srovn\u00e1n\u00ed se s\u00e9ri\u00ed 1200 nab\u00edz\u00ed lo\u017eisko 2205 vylep\u0161enou nosnost a zv\u00fd\u0161enou odolnost, co\u017e je \u010din\u00ed vhodn\u00fdmi pro n\u00e1ro\u010dn\u011bj\u0161\u00ed pr\u016fmyslov\u00e9 aplikace. Je vyrobeno z vysoce kvalitn\u00ed chromov\u00e9 oceli a je tak\u00e9 k dispozici v nerezov\u00e9 oceli nebo speci\u00e1ln\u00edch materi\u00e1lov\u00fdch variant\u00e1ch pro korozivn\u00ed prost\u0159ed\u00ed.<\/p>\n<p data-start=\"1002\" data-end=\"1171\">Toto lo\u017eisko se \u0161iroce pou\u017e\u00edv\u00e1 v stroj\u00edch, kde je obt\u00ed\u017en\u00e9 udr\u017eovat zarovn\u00e1n\u00ed h\u0159\u00eddele, a poskytuje spolehliv\u00fd v\u00fdkon i za podm\u00ednek vibrac\u00ed a dynamick\u00e9ho zat\u00ed\u017een\u00ed.<\/p>\n<h1 data-section-id=\"8av2ty\" data-start=\"1178\" data-end=\"1196\"><span role=\"text\"><strong data-start=\"1180\" data-end=\"1196\">Kl\u00ed\u010dov\u00e9 vlastnosti<\/strong><\/span><\/h1>\n<ul data-start=\"1198\" data-end=\"1531\">\n<li data-section-id=\"1fr59o7\" data-start=\"1198\" data-end=\"1257\">Samonastaviteln\u00fd design kompenzuje nesouosost h\u0159\u00eddele<\/li>\n<li data-section-id=\"nnbnhk\" data-start=\"1258\" data-end=\"1315\">Dvou\u0159ad\u00e1 kuli\u010dkov\u00e1 struktura pro zv\u00fd\u0161enou nosnost<\/li>\n<li data-section-id=\"17sk4ga\" data-start=\"1316\" data-end=\"1353\">Hladk\u00fd chod s n\u00edzk\u00fdm t\u0159en\u00edm<\/li>\n<li data-section-id=\"ib4eqx\" data-start=\"1354\" data-end=\"1403\">Vylep\u0161en\u00e1 stabilita za podm\u00ednek vibrac\u00ed<\/li>\n<li data-section-id=\"hhcc7k\" data-start=\"1404\" data-end=\"1445\">Vhodn\u00e9 pro aplikace se st\u0159edn\u00edm zat\u00ed\u017een\u00edm<\/li>\n<li data-section-id=\"f8hmgc\" data-start=\"1446\" data-end=\"1483\">Snadn\u00e1 instalace a \u00fadr\u017eba<\/li>\n<li data-section-id=\"fhnbqz\" data-start=\"1484\" data-end=\"1531\">Dlouh\u00e1 \u017eivotnost s spolehliv\u00fdm v\u00fdkonem<\/li>\n<\/ul>\n<h1 data-section-id=\"10k15yz\" data-start=\"1538\" data-end=\"1568\"><span role=\"text\"><strong data-start=\"1540\" data-end=\"1568\">Technick\u00e9 specifikace<\/strong><\/span><\/h1>\n<div class=\"TyagGW_tableContainer\">\n<div class=\"group TyagGW_tableWrapper flex flex-col-reverse w-fit\" tabindex=\"-1\">\n<table class=\"w-fit min-w-(--thread-content-width)\" data-start=\"1570\" data-end=\"1991\">\n<thead data-start=\"1570\" data-end=\"1591\">\n<tr data-start=\"1570\" data-end=\"1591\">\n<th class=\"\" data-start=\"1570\" data-end=\"1582\" data-col-size=\"sm\">Parametr<\/th>\n<th class=\"\" data-start=\"1582\" data-end=\"1591\" data-col-size=\"sm\">Hodnota<\/th>\n<\/tr>\n<\/thead>\n<tbody data-start=\"1612\" data-end=\"1991\">\n<tr data-start=\"1612\" data-end=\"1636\">\n<td data-start=\"1612\" data-end=\"1628\" data-col-size=\"sm\">Model lo\u017eiska<\/td>\n<td data-start=\"1628\" data-end=\"1636\" data-col-size=\"sm\">2205<\/td>\n<\/tr>\n<tr data-start=\"1637\" data-end=\"1667\">\n<td data-start=\"1637\" data-end=\"1658\" data-col-size=\"sm\">Vnit\u0159n\u00ed pr\u016fm\u011br (d)<\/td>\n<td data-col-size=\"sm\" data-start=\"1658\" data-end=\"1667\">25 mm<\/td>\n<\/tr>\n<tr data-start=\"1668\" data-end=\"1698\">\n<td data-start=\"1668\" data-end=\"1689\" data-col-size=\"sm\">Vn\u011bj\u0161\u00ed pr\u016fm\u011br (D)<\/td>\n<td data-start=\"1689\" data-end=\"1698\" data-col-size=\"sm\">52 mm<\/td>\n<\/tr>\n<tr data-start=\"1699\" data-end=\"1720\">\n<td data-start=\"1699\" data-end=\"1711\" data-col-size=\"sm\">\u0160\u00ed\u0159ka (B)<\/td>\n<td data-col-size=\"sm\" data-start=\"1711\" data-end=\"1720\">18 mm<\/td>\n<\/tr>\n<tr data-start=\"1721\" data-end=\"1766\">\n<td data-start=\"1721\" data-end=\"1736\" data-col-size=\"sm\">Typ lo\u017eiska<\/td>\n<td data-col-size=\"sm\" data-start=\"1736\" data-end=\"1766\">Samo-vyrovn\u00e1vac\u00ed kuli\u010dkov\u00e9 lo\u017eisko<\/td>\n<\/tr>\n<tr data-start=\"1767\" data-end=\"1793\">\n<td data-start=\"1767\" data-end=\"1779\" data-col-size=\"sm\">Konstrukce<\/td>\n<td data-col-size=\"sm\" data-start=\"1779\" data-end=\"1793\">Dvojit\u00fd \u0159ad<\/td>\n<\/tr>\n<tr data-start=\"1794\" data-end=\"1839\">\n<td data-start=\"1794\" data-end=\"1805\" data-col-size=\"sm\">Materi\u00e1l<\/td>\n<td data-start=\"1805\" data-end=\"1839\" data-col-size=\"sm\">Chromov\u00e1 ocel \/ Nerezov\u00e1 ocel<\/td>\n<\/tr>\n<tr data-start=\"1840\" data-end=\"1881\">\n<td data-start=\"1840\" data-end=\"1856\" data-col-size=\"sm\">Materi\u00e1l klece<\/td>\n<td data-col-size=\"sm\" data-start=\"1856\" data-end=\"1881\">Ocel \/ Mosaz \/ Nylon<\/td>\n<\/tr>\n<tr data-start=\"1882\" data-end=\"1912\">\n<td data-start=\"1882\" data-end=\"1896\" data-col-size=\"sm\">Maz\u00e1n\u00ed<\/td>\n<td data-col-size=\"sm\" data-start=\"1896\" data-end=\"1912\">Mazivo \/ Olej<\/td>\n<\/tr>\n<tr data-start=\"1913\" data-end=\"1948\">\n<td data-start=\"1913\" data-end=\"1932\" data-col-size=\"sm\">T\u0159\u00edda p\u0159esnosti<\/td>\n<td data-start=\"1932\" data-end=\"1948\" data-col-size=\"sm\">P0 \/ P6 \/ P5<\/td>\n<\/tr>\n<tr data-start=\"1949\" data-end=\"1991\">\n<td data-start=\"1949\" data-end=\"1973\" data-col-size=\"sm\">Prev\u00e1dzkov\u00e1 teplota<\/td>\n<td data-col-size=\"sm\" data-start=\"1973\" data-end=\"1991\">-20\u00b0C a\u017e 120\u00b0C<\/td>\n<\/tr>\n<\/tbody>\n<\/table>\n<\/div>\n<\/div>\n<h1 data-section-id=\"1p00fbj\" data-start=\"1998\" data-end=\"2016\"><span role=\"text\"><strong data-start=\"2000\" data-end=\"2016\">Aplikace<\/strong><\/span><\/h1>\n<p data-start=\"2018\" data-end=\"2072\">Samonastaviteln\u00e9 kuli\u010dkov\u00e9 lo\u017eisko 2205 se \u0161iroce pou\u017e\u00edv\u00e1 v:<\/p>\n<ul data-start=\"2074\" data-end=\"2252\">\n<li data-section-id=\"1n6ynun\" data-start=\"2074\" data-end=\"2100\">Zem\u011bd\u011blsk\u00e9 stroje<\/li>\n<li data-section-id=\"176s2ln\" data-start=\"2101\" data-end=\"2121\">Dopravn\u00ed syst\u00e9my<\/li>\n<li data-section-id=\"io1u9n\" data-start=\"2122\" data-end=\"2143\">Textiln\u00ed stroje<\/li>\n<li data-section-id=\"1ahkbyk\" data-start=\"2144\" data-end=\"2175\">Pr\u016fmyslov\u00e9 ventil\u00e1tory a fukary<\/li>\n<li data-section-id=\"1kib5nh\" data-start=\"2176\" data-end=\"2216\">Lehk\u00e9 a\u017e st\u0159edn\u00ed pr\u016fmyslov\u00e9 za\u0159\u00edzen\u00ed<\/li>\n<li data-section-id=\"ib1wqr\" data-start=\"2217\" data-end=\"2252\">Mechanick\u00e9 p\u0159enosov\u00e9 syst\u00e9my<\/li>\n<\/ul>\n<h1 data-section-id=\"zdmnob\" data-start=\"2259\" data-end=\"2278\"><span role=\"text\"><strong data-start=\"2261\" data-end=\"2278\">Pro\u010d si vybrat n\u00e1s<\/strong><\/span><\/h1>\n<ul data-start=\"2280\" data-end=\"2504\">\n<li data-section-id=\"t14xel\" data-start=\"2280\" data-end=\"2333\">Stabiln\u00ed v\u00fdroba v tov\u00e1rn\u011b s konzistentn\u00ed kvalitou<\/li>\n<li data-section-id=\"hq554l\" data-start=\"2334\" data-end=\"2379\">Mo\u017enosti OEM a zak\u00e1zkov\u00fdch materi\u00e1l\u016f k dispozici<\/li>\n<li data-section-id=\"18yrkc1\" data-start=\"2380\" data-end=\"2419\">Konkuren\u010dn\u00ed ceny pro hromadn\u00e9 objedn\u00e1vky<\/li>\n<li data-section-id=\"k7xnqf\" data-start=\"2420\" data-end=\"2455\">Rychl\u00e9 dod\u00e1n\u00ed a glob\u00e1ln\u00ed dod\u00e1vky<\/li>\n<li data-section-id=\"1xn5vwo\" data-start=\"2456\" data-end=\"2504\">P\u0159\u00edsn\u00fd syst\u00e9m kontroly kvality a testov\u00e1n\u00ed<\/li>\n<\/ul>\n<h1 data-section-id=\"1iusff4\" data-start=\"2511\" data-end=\"2520\"><span role=\"text\"><strong data-start=\"2513\" data-end=\"2520\">\u010casto kladen\u00e9 ot\u00e1zky<\/strong><\/span><\/h1>\n<p data-start=\"2522\" data-end=\"2667\"><strong data-start=\"2522\" data-end=\"2586\">Q1: Jak\u00e1 je v\u00fdhoda 2205 oproti lo\u017eisk\u016fm 1205?<\/strong><br data-start=\"2586\" data-end=\"2589\" \/>A: Lo\u017eisko 2205 m\u00e1 vy\u0161\u0161\u00ed nosnost a vylep\u0161enou struktur\u00e1ln\u00ed pevnost.<\/p>\n<p data-start=\"2669\" data-end=\"2794\"><strong data-start=\"2669\" data-end=\"2715\">Q2: Mohou lo\u017eiska 2205 zvl\u00e1dat nesouosost?<\/strong><br data-start=\"2715\" data-end=\"2718\" \/>A: Ano, jsou speci\u00e1ln\u011b navr\u017eena tak, aby kompenzovala nesouosost h\u0159\u00eddele.<\/p>\n<p data-start=\"2796\" data-end=\"2940\"><strong data-start=\"2796\" data-end=\"2843\">Q3: Jsou k dispozici verze z nerezov\u00e9 oceli?<\/strong><br data-start=\"2843\" data-end=\"2846\" \/>A: Ano, jsou k dispozici varianty z nerezov\u00e9 oceli a speci\u00e1ln\u00edch materi\u00e1l\u016f pro korozivn\u00ed prost\u0159ed\u00ed.<\/p>","protected":false},"excerpt":{"rendered":"<p>Tento <strong data-start=\"375\" data-end=\"421\">2205 Dvoj\u0159ad\u00e9 samonastaviteln\u00e9 kuli\u010dkov\u00e9 lo\u017eisko<\/strong> je navr\u017eeno tak, aby vyrovnalo nesouosost h\u0159\u00eddele a ohyb p\u0159i zachov\u00e1n\u00ed hladk\u00e9ho a stabiln\u00edho chodu. S dvoj\u0159adovou kuli\u010dkovou strukturou a sf\u00e9rick\u00fdm vn\u011bj\u0161\u00edm z\u00e1vodem toto lo\u017eisko automaticky upravuje zarovn\u00e1n\u00ed, \u010d\u00edm\u017e sni\u017euje nap\u011bt\u00ed a prodlu\u017euje \u017eivotnost.<\/p>","protected":false},"featured_media":2544,"comment_status":"open","ping_status":"closed","template":"","meta":{"site-sidebar-layout":"default","site-content-layout":"","ast-site-content-layout":"default","site-content-style":"default","site-sidebar-style":"default","ast-global-header-display":"","ast-banner-title-visibility":"","ast-main-header-display":"","ast-hfb-above-header-display":"","ast-hfb-below-header-display":"","ast-hfb-mobile-header-display":"","site-post-title":"","ast-breadcrumbs-content":"","ast-featured-img":"","footer-sml-layout":"","ast-disable-related-posts":"","theme-transparent-header-meta":"default","adv-header-id-meta":"","stick-header-meta":"default","header-above-stick-meta":"","header-main-stick-meta":"","header-below-stick-meta":"","astra-migrate-meta-layouts":"set","ast-page-background-enabled":"default","ast-page-background-meta":{"desktop":{"background-color":"","background-image":"","background-repeat":"repeat","background-position":"center center","background-size":"auto","background-attachment":"scroll","background-type":"","background-media":"","overlay-type":"","overlay-color":"","overlay-opacity":"","overlay-gradient":""},"tablet":{"background-color":"","background-image":"","background-repeat":"repeat","background-position":"center center","background-size":"auto","background-attachment":"scroll","background-type":"","background-media":"","overlay-type":"","overlay-color":"","overlay-opacity":"","overlay-gradient":""},"mobile":{"background-color":"","background-image":"","background-repeat":"repeat","background-position":"center center","background-size":"auto","background-attachment":"scroll","background-type":"","background-media":"","overlay-type":"","overlay-color":"","overlay-opacity":"","overlay-gradient":""}},"ast-content-background-meta":{"desktop":{"background-color":"var(--ast-global-color-5)","background-image":"","background-repeat":"repeat","background-position":"center center","background-size":"auto","background-attachment":"scroll","background-type":"","background-media":"","overlay-type":"","overlay-color":"","overlay-opacity":"","overlay-gradient":""},"tablet":{"background-color":"var(--ast-global-color-5)","background-image":"","background-repeat":"repeat","background-position":"center center","background-size":"auto","background-attachment":"scroll","background-type":"","background-media":"","overlay-type":"","overlay-color":"","overlay-opacity":"","overlay-gradient":""},"mobile":{"background-color":"var(--ast-global-color-5)","background-image":"","background-repeat":"repeat","background-position":"center center","background-size":"auto","background-attachment":"scroll","background-type":"","background-media":"","overlay-type":"","overlay-color":"","overlay-opacity":"","overlay-gradient":""}}},"product_brand":[],"product_cat":[22],"product_tag":[212,160,209,206,45,211,207,72,143,205],"class_list":{"0":"post-2438","1":"product","2":"type-product","3":"status-publish","4":"has-post-thumbnail","6":"product_cat-self-aligning-ball-bearings","7":"product_tag-2205-bearing","8":"product_tag-agricultural-bearing","9":"product_tag-conveyor-bearing","10":"product_tag-double-row-bearing","11":"product_tag-industrial-bearing","12":"product_tag-mechanical-bearing","13":"product_tag-misalignment-bearing","14":"product_tag-oem-bearing-supplier","15":"product_tag-precision-bearing-manufacturer","16":"product_tag-self-aligning-ball-bearing","17":"desktop-align-left","18":"tablet-align-left","19":"mobile-align-left","20":"ast-product-gallery-layout-horizontal-slider","21":"ast-product-gallery-with-no-image","22":"ast-product-tabs-layout-horizontal","24":"first","25":"instock","26":"shipping-taxable","27":"product-type-simple"},"_links":{"self":[{"href":"https:\/\/www.machinerybearings.com\/cs\/wp-json\/wp\/v2\/product\/2438","targetHints":{"allow":["GET"]}}],"collection":[{"href":"https:\/\/www.machinerybearings.com\/cs\/wp-json\/wp\/v2\/product"}],"about":[{"href":"https:\/\/www.machinerybearings.com\/cs\/wp-json\/wp\/v2\/types\/product"}],"replies":[{"embeddable":true,"href":"https:\/\/www.machinerybearings.com\/cs\/wp-json\/wp\/v2\/comments?post=2438"}],"wp:featuredmedia":[{"embeddable":true,"href":"https:\/\/www.machinerybearings.com\/cs\/wp-json\/wp\/v2\/media\/2544"}],"wp:attachment":[{"href":"https:\/\/www.machinerybearings.com\/cs\/wp-json\/wp\/v2\/media?parent=2438"}],"wp:term":[{"taxonomy":"product_brand","embeddable":true,"href":"https:\/\/www.machinerybearings.com\/cs\/wp-json\/wp\/v2\/product_brand?post=2438"},{"taxonomy":"product_cat","embeddable":true,"href":"https:\/\/www.machinerybearings.com\/cs\/wp-json\/wp\/v2\/product_cat?post=2438"},{"taxonomy":"product_tag","embeddable":true,"href":"https:\/\/www.machinerybearings.com\/cs\/wp-json\/wp\/v2\/product_tag?post=2438"}],"curies":[{"name":"wp","href":"https:\/\/api.w.org\/{rel}","templated":true}]}}