{"id":2439,"date":"2026-04-13T14:29:22","date_gmt":"2026-04-13T14:29:22","guid":{"rendered":"https:\/\/www.machinerybearings.com\/?post_type=product&#038;p=2439"},"modified":"2026-05-03T06:05:03","modified_gmt":"2026-05-03T06:05:03","slug":"1308-self-aligning-ball-bearing-double-row-bearing-for-shaft-misalignment-industrial-applications","status":"publish","type":"product","link":"https:\/\/www.machinerybearings.com\/cs\/produkt\/1308-self-aligning-ball-bearing-double-row-bearing-for-shaft-misalignment-industrial-applications\/","title":{"rendered":"1308 Samonastaviteln\u00fd kuli\u010dkov\u00fd lo\u017eisko \u2013 Dvoj\u0159ad\u00e9 lo\u017eisko pro nesouosost h\u0159\u00eddele a pr\u016fmyslov\u00e9 aplikace"},"content":{"rendered":"<p data-start=\"369\" data-end=\"656\">Tento <strong data-start=\"373\" data-end=\"408\">1308 Samo-rovnaj\u00edc\u00ed kuli\u010dkov\u00e9 lo\u017eisko<\/strong> je dvou\u0159ad\u00e9 lo\u017eisko speci\u00e1ln\u011b navr\u017een\u00e9 pro vyrovn\u00e1n\u00ed nesouososti h\u0159\u00eddele a ohybu b\u011bhem provozu. S jeho kulov\u00fdm vn\u011bj\u0161\u00edm b\u011bhounem se toto lo\u017eisko automaticky p\u0159izp\u016fsobuje zarovn\u00e1n\u00ed, co\u017e zaji\u0161\u0165uje hladk\u00fd chod a sni\u017euje vnit\u0159n\u00ed nap\u011bt\u00ed.<\/p>\n<p data-start=\"658\" data-end=\"943\">Ve srovn\u00e1n\u00ed s men\u0161\u00edmi \u0159adami nab\u00edz\u00ed 1308 lo\u017eisko vy\u0161\u0161\u00ed nosnost a zlep\u0161enou struktur\u00e1ln\u00ed pevnost, co\u017e jej \u010din\u00ed vhodn\u00fdm pro st\u0159edn\u00ed a\u017e relativn\u011b t\u011b\u017ek\u00e9 pr\u016fmyslov\u00e9 aplikace. Spolehliv\u011b funguje v syst\u00e9mech, kde m\u016f\u017ee doch\u00e1zet k ohybu h\u0159\u00eddele, vibrac\u00edm nebo chyb\u00e1m p\u0159i instalaci.<\/p>\n<p data-start=\"945\" data-end=\"1137\">Vyrobeno z vysoce kvalitn\u00ed chromov\u00e9 oceli a dostupn\u00e9 v nerezov\u00e9 oceli nebo speci\u00e1ln\u00edch materi\u00e1lov\u00fdch variant\u00e1ch, 1308 lo\u017eisko poskytuje n\u00edzk\u00e9 t\u0159en\u00ed, stabiln\u00ed v\u00fdkon a prodlou\u017eenou \u017eivotnost.<\/p>\n<h1 data-section-id=\"8av2ty\" data-start=\"1144\" data-end=\"1162\"><span role=\"text\"><strong data-start=\"1146\" data-end=\"1162\">Kl\u00ed\u010dov\u00e9 vlastnosti<\/strong><\/span><\/h1>\n<ul data-start=\"1164\" data-end=\"1500\">\n<li data-section-id=\"1fr59o7\" data-start=\"1164\" data-end=\"1223\">Samonastaviteln\u00fd design kompenzuje nesouosost h\u0159\u00eddele<\/li>\n<li data-section-id=\"nnbnhk\" data-start=\"1224\" data-end=\"1281\">Dvou\u0159ad\u00e1 kuli\u010dkov\u00e1 struktura pro zv\u00fd\u0161enou nosnost<\/li>\n<li data-section-id=\"1mpt223\" data-start=\"1282\" data-end=\"1320\">Hladk\u00fd provoz s n\u00edzk\u00fdm t\u0159en\u00edm<\/li>\n<li data-section-id=\"1cx40cl\" data-start=\"1321\" data-end=\"1370\">Vhodn\u00e9 pro aplikace se st\u0159edn\u00edmi a\u017e vysok\u00fdmi zat\u00ed\u017een\u00edmi<\/li>\n<li data-section-id=\"1cp3td6\" data-start=\"1371\" data-end=\"1415\">Sni\u017euje vibrace a provozn\u00ed nap\u011bt\u00ed<\/li>\n<li data-section-id=\"f8hmgc\" data-start=\"1416\" data-end=\"1453\">Snadn\u00e1 instalace a \u00fadr\u017eba<\/li>\n<li data-section-id=\"1kczbua\" data-start=\"1454\" data-end=\"1500\">Dlouh\u00e1 \u017eivotnost a spolehliv\u00fd v\u00fdkon<\/li>\n<\/ul>\n<h1 data-section-id=\"10k15yz\" data-start=\"1507\" data-end=\"1537\"><span role=\"text\"><strong data-start=\"1509\" data-end=\"1537\">Technick\u00e9 specifikace<\/strong><\/span><\/h1>\n<div class=\"TyagGW_tableContainer\">\n<div class=\"group TyagGW_tableWrapper flex flex-col-reverse w-fit\" tabindex=\"-1\">\n<table class=\"w-fit min-w-(--thread-content-width)\" data-start=\"1539\" data-end=\"1960\">\n<thead data-start=\"1539\" data-end=\"1560\">\n<tr data-start=\"1539\" data-end=\"1560\">\n<th class=\"\" data-start=\"1539\" data-end=\"1551\" data-col-size=\"sm\">Parametr<\/th>\n<th class=\"\" data-start=\"1551\" data-end=\"1560\" data-col-size=\"sm\">Hodnota<\/th>\n<\/tr>\n<\/thead>\n<tbody data-start=\"1581\" data-end=\"1960\">\n<tr data-start=\"1581\" data-end=\"1605\">\n<td data-start=\"1581\" data-end=\"1597\" data-col-size=\"sm\">Model lo\u017eiska<\/td>\n<td data-start=\"1597\" data-end=\"1605\" data-col-size=\"sm\">1308<\/td>\n<\/tr>\n<tr data-start=\"1606\" data-end=\"1636\">\n<td data-start=\"1606\" data-end=\"1627\" data-col-size=\"sm\">Vnit\u0159n\u00ed pr\u016fm\u011br (d)<\/td>\n<td data-start=\"1627\" data-end=\"1636\" data-col-size=\"sm\">40 mm<\/td>\n<\/tr>\n<tr data-start=\"1637\" data-end=\"1667\">\n<td data-start=\"1637\" data-end=\"1658\" data-col-size=\"sm\">Vn\u011bj\u0161\u00ed pr\u016fm\u011br (D)<\/td>\n<td data-start=\"1658\" data-end=\"1667\" data-col-size=\"sm\">90 mm<\/td>\n<\/tr>\n<tr data-start=\"1668\" data-end=\"1689\">\n<td data-start=\"1668\" data-end=\"1680\" data-col-size=\"sm\">\u0160\u00ed\u0159ka (B)<\/td>\n<td data-start=\"1680\" data-end=\"1689\" data-col-size=\"sm\">23 mm<\/td>\n<\/tr>\n<tr data-start=\"1690\" data-end=\"1735\">\n<td data-start=\"1690\" data-end=\"1705\" data-col-size=\"sm\">Typ lo\u017eiska<\/td>\n<td data-start=\"1705\" data-end=\"1735\" data-col-size=\"sm\">Samo-vyrovn\u00e1vac\u00ed kuli\u010dkov\u00e9 lo\u017eisko<\/td>\n<\/tr>\n<tr data-start=\"1736\" data-end=\"1762\">\n<td data-start=\"1736\" data-end=\"1748\" data-col-size=\"sm\">Konstrukce<\/td>\n<td data-start=\"1748\" data-end=\"1762\" data-col-size=\"sm\">Dvojit\u00fd \u0159ad<\/td>\n<\/tr>\n<tr data-start=\"1763\" data-end=\"1808\">\n<td data-start=\"1763\" data-end=\"1774\" data-col-size=\"sm\">Materi\u00e1l<\/td>\n<td data-start=\"1774\" data-end=\"1808\" data-col-size=\"sm\">Chromov\u00e1 ocel \/ Nerezov\u00e1 ocel<\/td>\n<\/tr>\n<tr data-start=\"1809\" data-end=\"1850\">\n<td data-start=\"1809\" data-end=\"1825\" data-col-size=\"sm\">Materi\u00e1l klece<\/td>\n<td data-start=\"1825\" data-end=\"1850\" data-col-size=\"sm\">Ocel \/ Mosaz \/ Nylon<\/td>\n<\/tr>\n<tr data-start=\"1851\" data-end=\"1881\">\n<td data-start=\"1851\" data-end=\"1865\" data-col-size=\"sm\">Maz\u00e1n\u00ed<\/td>\n<td data-start=\"1865\" data-end=\"1881\" data-col-size=\"sm\">Mazivo \/ Olej<\/td>\n<\/tr>\n<tr data-start=\"1882\" data-end=\"1917\">\n<td data-start=\"1882\" data-end=\"1901\" data-col-size=\"sm\">T\u0159\u00edda p\u0159esnosti<\/td>\n<td data-start=\"1901\" data-end=\"1917\" data-col-size=\"sm\">P0 \/ P6 \/ P5<\/td>\n<\/tr>\n<tr data-start=\"1918\" data-end=\"1960\">\n<td data-start=\"1918\" data-end=\"1942\" data-col-size=\"sm\">Prev\u00e1dzkov\u00e1 teplota<\/td>\n<td data-start=\"1942\" data-end=\"1960\" data-col-size=\"sm\">-20\u00b0C a\u017e 120\u00b0C<\/td>\n<\/tr>\n<\/tbody>\n<\/table>\n<\/div>\n<\/div>\n<h1 data-section-id=\"1p00fbj\" data-start=\"1967\" data-end=\"1985\"><span role=\"text\"><strong data-start=\"1969\" data-end=\"1985\">Aplikace<\/strong><\/span><\/h1>\n<p data-start=\"1987\" data-end=\"2041\">1308 samo-rovnaj\u00edc\u00ed kuli\u010dkov\u00e9 lo\u017eisko se \u0161iroce pou\u017e\u00edv\u00e1 v:<\/p>\n<ul data-start=\"2043\" data-end=\"2221\">\n<li data-section-id=\"1n6ynun\" data-start=\"2043\" data-end=\"2069\">Zem\u011bd\u011blsk\u00e9 stroje<\/li>\n<li data-section-id=\"176s2ln\" data-start=\"2070\" data-end=\"2090\">Dopravn\u00ed syst\u00e9my<\/li>\n<li data-section-id=\"1ahkbyk\" data-start=\"2091\" data-end=\"2122\">Pr\u016fmyslov\u00e9 ventil\u00e1tory a fukary<\/li>\n<li data-section-id=\"io1u9n\" data-start=\"2123\" data-end=\"2144\">Textiln\u00ed stroje<\/li>\n<li data-section-id=\"ib1wqr\" data-start=\"2145\" data-end=\"2180\">Mechanick\u00e9 p\u0159enosov\u00e9 syst\u00e9my<\/li>\n<li data-section-id=\"1kib5nh\" data-start=\"2181\" data-end=\"2221\">Lehk\u00e9 a\u017e st\u0159edn\u00ed pr\u016fmyslov\u00e9 za\u0159\u00edzen\u00ed<\/li>\n<\/ul>\n<h1 data-section-id=\"zdmnob\" data-start=\"2228\" data-end=\"2247\"><span role=\"text\"><strong data-start=\"2230\" data-end=\"2247\">Pro\u010d si vybrat n\u00e1s<\/strong><\/span><\/h1>\n<ul data-start=\"2249\" data-end=\"2466\">\n<li data-section-id=\"t14xel\" data-start=\"2249\" data-end=\"2302\">Stabiln\u00ed v\u00fdroba v tov\u00e1rn\u011b s konzistentn\u00ed kvalitou<\/li>\n<li data-section-id=\"hq554l\" data-start=\"2303\" data-end=\"2348\">Mo\u017enosti OEM a zak\u00e1zkov\u00fdch materi\u00e1l\u016f k dispozici<\/li>\n<li data-section-id=\"18yrkc1\" data-start=\"2349\" data-end=\"2388\">Konkuren\u010dn\u00ed ceny pro hromadn\u00e9 objedn\u00e1vky<\/li>\n<li data-section-id=\"k7xnqf\" data-start=\"2389\" data-end=\"2424\">Rychl\u00e9 dod\u00e1n\u00ed a glob\u00e1ln\u00ed dod\u00e1vky<\/li>\n<li data-section-id=\"1u6ytj0\" data-start=\"2425\" data-end=\"2466\">P\u0159\u00edsn\u00e1 inspekce a kontrola kvality<\/li>\n<\/ul>\n<h1 data-section-id=\"1iusff4\" data-start=\"2473\" data-end=\"2482\"><span role=\"text\"><strong data-start=\"2475\" data-end=\"2482\">\u010casto kladen\u00e9 ot\u00e1zky<\/strong><\/span><\/h1>\n<p data-start=\"2484\" data-end=\"2653\"><strong data-start=\"2484\" data-end=\"2550\">Q1: Jak\u00e1 je hlavn\u00ed v\u00fdhoda samo-rovnaj\u00edc\u00edch lo\u017eisek 1308?<\/strong><br data-start=\"2550\" data-end=\"2553\" \/>A: Automaticky kompenzuj\u00ed nesouosost h\u0159\u00eddele, sni\u017euj\u00ed nap\u011bt\u00ed a prodlu\u017euj\u00ed \u017eivotnost.<\/p>\n<p data-start=\"2655\" data-end=\"2816\"><strong data-start=\"2655\" data-end=\"2708\">Q2: Je 1308 vhodn\u00e9 pro aplikace s t\u011b\u017ek\u00fdm zat\u00ed\u017een\u00edm?<\/strong><br data-start=\"2708\" data-end=\"2711\" \/>A: Je vhodn\u00e9 pro st\u0159edn\u00ed a\u017e relativn\u011b vysok\u00e1 zat\u00ed\u017een\u00ed, ale ne pro extr\u00e9mn\u00ed t\u011b\u017ek\u00e9 podm\u00ednky.<\/p>\n<p data-start=\"2818\" data-end=\"2951\"><strong data-start=\"2818\" data-end=\"2865\">Q3: Jsou k dispozici verze z nerezov\u00e9 oceli?<\/strong><br data-start=\"2865\" data-end=\"2868\" \/>A: Ano, nerezov\u00e1 ocel a mo\u017enosti p\u0159izp\u016fsoben\u00fdch materi\u00e1l\u016f jsou k dispozici na po\u017e\u00e1d\u00e1n\u00ed.<\/p>","protected":false},"excerpt":{"rendered":"<p>Tento <strong data-start=\"373\" data-end=\"408\">1308 Samo-rovnaj\u00edc\u00ed kuli\u010dkov\u00e9 lo\u017eisko<\/strong> je dvou\u0159ad\u00e9 lo\u017eisko speci\u00e1ln\u011b navr\u017een\u00e9 pro vyrovn\u00e1n\u00ed nesouososti h\u0159\u00eddele a ohybu b\u011bhem provozu. S jeho kulov\u00fdm vn\u011bj\u0161\u00edm b\u011bhounem se toto lo\u017eisko automaticky p\u0159izp\u016fsobuje zarovn\u00e1n\u00ed, co\u017e zaji\u0161\u0165uje hladk\u00fd chod a sni\u017euje vnit\u0159n\u00ed nap\u011bt\u00ed.<\/p>","protected":false},"featured_media":2540,"comment_status":"open","ping_status":"closed","template":"","meta":{"site-sidebar-layout":"default","site-content-layout":"","ast-site-content-layout":"default","site-content-style":"default","site-sidebar-style":"default","ast-global-header-display":"","ast-banner-title-visibility":"","ast-main-header-display":"","ast-hfb-above-header-display":"","ast-hfb-below-header-display":"","ast-hfb-mobile-header-display":"","site-post-title":"","ast-breadcrumbs-content":"","ast-featured-img":"","footer-sml-layout":"","ast-disable-related-posts":"","theme-transparent-header-meta":"default","adv-header-id-meta":"","stick-header-meta":"default","header-above-stick-meta":"","header-main-stick-meta":"","header-below-stick-meta":"","astra-migrate-meta-layouts":"set","ast-page-background-enabled":"default","ast-page-background-meta":{"desktop":{"background-color":"","background-image":"","background-repeat":"repeat","background-position":"center center","background-size":"auto","background-attachment":"scroll","background-type":"","background-media":"","overlay-type":"","overlay-color":"","overlay-opacity":"","overlay-gradient":""},"tablet":{"background-color":"","background-image":"","background-repeat":"repeat","background-position":"center center","background-size":"auto","background-attachment":"scroll","background-type":"","background-media":"","overlay-type":"","overlay-color":"","overlay-opacity":"","overlay-gradient":""},"mobile":{"background-color":"","background-image":"","background-repeat":"repeat","background-position":"center center","background-size":"auto","background-attachment":"scroll","background-type":"","background-media":"","overlay-type":"","overlay-color":"","overlay-opacity":"","overlay-gradient":""}},"ast-content-background-meta":{"desktop":{"background-color":"var(--ast-global-color-5)","background-image":"","background-repeat":"repeat","background-position":"center center","background-size":"auto","background-attachment":"scroll","background-type":"","background-media":"","overlay-type":"","overlay-color":"","overlay-opacity":"","overlay-gradient":""},"tablet":{"background-color":"var(--ast-global-color-5)","background-image":"","background-repeat":"repeat","background-position":"center center","background-size":"auto","background-attachment":"scroll","background-type":"","background-media":"","overlay-type":"","overlay-color":"","overlay-opacity":"","overlay-gradient":""},"mobile":{"background-color":"var(--ast-global-color-5)","background-image":"","background-repeat":"repeat","background-position":"center center","background-size":"auto","background-attachment":"scroll","background-type":"","background-media":"","overlay-type":"","overlay-color":"","overlay-opacity":"","overlay-gradient":""}}},"product_brand":[],"product_cat":[22],"product_tag":[213,160,209,206,45,211,207,72,143,205],"class_list":{"0":"post-2439","1":"product","2":"type-product","3":"status-publish","4":"has-post-thumbnail","6":"product_cat-self-aligning-ball-bearings","7":"product_tag-1308-bearing","8":"product_tag-agricultural-bearing","9":"product_tag-conveyor-bearing","10":"product_tag-double-row-bearing","11":"product_tag-industrial-bearing","12":"product_tag-mechanical-bearing","13":"product_tag-misalignment-bearing","14":"product_tag-oem-bearing-supplier","15":"product_tag-precision-bearing-manufacturer","16":"product_tag-self-aligning-ball-bearing","17":"desktop-align-left","18":"tablet-align-left","19":"mobile-align-left","20":"ast-product-gallery-layout-horizontal-slider","21":"ast-product-gallery-with-no-image","22":"ast-product-tabs-layout-horizontal","24":"first","25":"instock","26":"shipping-taxable","27":"product-type-simple"},"_links":{"self":[{"href":"https:\/\/www.machinerybearings.com\/cs\/wp-json\/wp\/v2\/product\/2439","targetHints":{"allow":["GET"]}}],"collection":[{"href":"https:\/\/www.machinerybearings.com\/cs\/wp-json\/wp\/v2\/product"}],"about":[{"href":"https:\/\/www.machinerybearings.com\/cs\/wp-json\/wp\/v2\/types\/product"}],"replies":[{"embeddable":true,"href":"https:\/\/www.machinerybearings.com\/cs\/wp-json\/wp\/v2\/comments?post=2439"}],"wp:featuredmedia":[{"embeddable":true,"href":"https:\/\/www.machinerybearings.com\/cs\/wp-json\/wp\/v2\/media\/2540"}],"wp:attachment":[{"href":"https:\/\/www.machinerybearings.com\/cs\/wp-json\/wp\/v2\/media?parent=2439"}],"wp:term":[{"taxonomy":"product_brand","embeddable":true,"href":"https:\/\/www.machinerybearings.com\/cs\/wp-json\/wp\/v2\/product_brand?post=2439"},{"taxonomy":"product_cat","embeddable":true,"href":"https:\/\/www.machinerybearings.com\/cs\/wp-json\/wp\/v2\/product_cat?post=2439"},{"taxonomy":"product_tag","embeddable":true,"href":"https:\/\/www.machinerybearings.com\/cs\/wp-json\/wp\/v2\/product_tag?post=2439"}],"curies":[{"name":"wp","href":"https:\/\/api.w.org\/{rel}","templated":true}]}}