{"id":2440,"date":"2026-04-13T14:32:45","date_gmt":"2026-04-13T14:32:45","guid":{"rendered":"https:\/\/www.machinerybearings.com\/?post_type=product&#038;p=2440"},"modified":"2026-05-04T14:15:15","modified_gmt":"2026-05-04T14:15:15","slug":"wide-inner-ring-bearing-insert-bearing-with-extended-inner-ring-for-enhanced-shaft-support","status":"publish","type":"product","link":"https:\/\/www.machinerybearings.com\/cs\/produkt\/wide-inner-ring-bearing-insert-bearing-with-extended-inner-ring-for-enhanced-shaft-support\/","title":{"rendered":"\u0160irok\u00e9 lo\u017eisko s vnit\u0159n\u00edm krou\u017ekem \u2013 Vlo\u017ekov\u00e9 lo\u017eisko s prodlou\u017een\u00fdm vnit\u0159n\u00edm krou\u017ekem pro lep\u0161\u00ed podporu h\u0159\u00eddele"},"content":{"rendered":"<p data-start=\"376\" data-end=\"699\">Tento <strong data-start=\"380\" data-end=\"407\">Lo\u017eisko s \u0161irok\u00fdm vnit\u0159n\u00edm krou\u017ekem<\/strong> je specializovan\u00e9 vlo\u017ekov\u00e9 lo\u017eisko navr\u017een\u00e9 s prodlou\u017een\u00fdm vnit\u0159n\u00edm krou\u017ekem na jedn\u00e9 nebo obou stran\u00e1ch. Tento design poskytuje dodate\u010dnou podporu h\u0159\u00eddele, zlep\u0161enou stabilitu a lep\u0161\u00ed zaji\u0161t\u011bn\u00ed, co\u017e jej \u010din\u00ed ide\u00e1ln\u00edm pro aplikace s nesouosost\u00ed h\u0159\u00eddele, vibracemi nebo omezenou d\u00e9lkou podpory h\u0159\u00eddele.<\/p>\n<p data-start=\"701\" data-end=\"997\">\u0160iroce pou\u017e\u00edvan\u00e1 v zem\u011bd\u011blsk\u00fdch stroj\u00edch a dopravn\u00edch syst\u00e9mech, lo\u017eiska s \u0161irok\u00fdm vnit\u0159n\u00edm krou\u017ekem jsou obvykle montov\u00e1na v pouzdrech nebo p\u0159\u00edrubov\u00fdch sk\u0159\u00edn\u00edch. Prodlou\u017een\u00fd vnit\u0159n\u00ed krou\u017eek umo\u017e\u0148uje bezpe\u010dn\u00e9 upevn\u011bn\u00ed pomoc\u00ed zaji\u0161\u0165ovac\u00edch \u0161roub\u016f nebo excentrick\u00fdch z\u00e1mkov\u00fdch obj\u00edmek, co\u017e zaji\u0161\u0165uje spolehliv\u00fd provoz za podm\u00ednek dynamick\u00e9ho zat\u00ed\u017een\u00ed.<\/p>\n<p data-start=\"999\" data-end=\"1194\">Vyroben\u00e1 z vysoce kvalitn\u00ed chromov\u00e9 oceli a dostupn\u00e1 v nerezov\u00fdch verz\u00edch, tato lo\u017eiska nab\u00edzej\u00ed vynikaj\u00edc\u00ed odolnost, hladk\u00fd chod a dlouhou \u017eivotnost v n\u00e1ro\u010dn\u00fdch prost\u0159ed\u00edch.<\/p>\n<h1 data-section-id=\"8av2ty\" data-start=\"1201\" data-end=\"1219\"><span role=\"text\"><strong data-start=\"1203\" data-end=\"1219\">Kl\u00ed\u010dov\u00e9 vlastnosti<\/strong><\/span><\/h1>\n<ul data-start=\"1221\" data-end=\"1567\">\n<li data-section-id=\"19holap\" data-start=\"1221\" data-end=\"1271\">Prodlou\u017een\u00fd vnit\u0159n\u00ed krou\u017eek pro zv\u00fd\u0161enou podporu h\u0159\u00eddele<\/li>\n<li data-section-id=\"1j20xvq\" data-start=\"1272\" data-end=\"1332\">Zlep\u0161en\u00e1 stabilita v aplikac\u00edch s deformac\u00ed h\u0159\u00eddele<\/li>\n<li data-section-id=\"1te2cmv\" data-start=\"1333\" data-end=\"1387\">Bezpe\u010dn\u00e9 zaji\u0161t\u011bn\u00ed pomoc\u00ed zaji\u0161\u0165ovac\u00edch \u0161roub\u016f nebo excentrick\u00e9 obj\u00edmky<\/li>\n<li data-section-id=\"3br2ju\" data-start=\"1388\" data-end=\"1426\">Samonastaviteln\u00fd design vn\u011bj\u0161\u00ed plochy<\/li>\n<li data-section-id=\"hwxtx0\" data-start=\"1427\" data-end=\"1476\">Vhodn\u00e9 pro pouzdra a p\u0159\u00edrubov\u00e9 sk\u0159\u00edn\u011b<\/li>\n<li data-section-id=\"1lzu0yl\" data-start=\"1477\" data-end=\"1516\">P\u0159edmazan\u00e9 pro snadnou \u00fadr\u017ebu<\/li>\n<li data-section-id=\"1u6kvkj\" data-start=\"1517\" data-end=\"1567\">Siln\u00e1 odolnost v\u016f\u010di vibrac\u00edm a r\u00e1zov\u00fdm zat\u00ed\u017een\u00edm<\/li>\n<\/ul>\n<h1 data-section-id=\"10k15yz\" data-start=\"1574\" data-end=\"1604\"><span role=\"text\"><strong data-start=\"1576\" data-end=\"1604\">Technick\u00e9 specifikace<\/strong><\/span><\/h1>\n<div class=\"TyagGW_tableContainer\">\n<div class=\"group TyagGW_tableWrapper flex flex-col-reverse w-fit\" tabindex=\"-1\">\n<table class=\"w-fit min-w-(--thread-content-width)\" data-start=\"1606\" data-end=\"2064\">\n<thead data-start=\"1606\" data-end=\"1627\">\n<tr data-start=\"1606\" data-end=\"1627\">\n<th class=\"\" data-start=\"1606\" data-end=\"1618\" data-col-size=\"sm\">Parametr<\/th>\n<th class=\"\" data-start=\"1618\" data-end=\"1627\" data-col-size=\"md\">Hodnota<\/th>\n<\/tr>\n<\/thead>\n<tbody data-start=\"1648\" data-end=\"2064\">\n<tr data-start=\"1648\" data-end=\"1697\">\n<td data-start=\"1648\" data-end=\"1663\" data-col-size=\"sm\">Typ lo\u017eiska<\/td>\n<td data-col-size=\"md\" data-start=\"1663\" data-end=\"1697\">Vlo\u017ekov\u00e9 lo\u017eisko s \u0161irok\u00fdm vnit\u0159n\u00edm krou\u017ekem<\/td>\n<\/tr>\n<tr data-start=\"1698\" data-end=\"1762\">\n<td data-start=\"1698\" data-end=\"1710\" data-col-size=\"sm\">Konstrukce<\/td>\n<td data-col-size=\"md\" data-start=\"1710\" data-end=\"1762\">Jednoduch\u00e9 \u0159adov\u00e9 kuli\u010dkov\u00e9 lo\u017eisko s prodlou\u017een\u00fdm vnit\u0159n\u00edm krou\u017ekem<\/td>\n<\/tr>\n<tr data-start=\"1763\" data-end=\"1808\">\n<td data-start=\"1763\" data-end=\"1774\" data-col-size=\"sm\">Materi\u00e1l<\/td>\n<td data-col-size=\"md\" data-start=\"1774\" data-end=\"1808\">Chromov\u00e1 ocel \/ Nerezov\u00e1 ocel<\/td>\n<\/tr>\n<tr data-start=\"1809\" data-end=\"1866\">\n<td data-start=\"1809\" data-end=\"1826\" data-col-size=\"sm\">Zp\u016fsob zaji\u0161t\u011bn\u00ed<\/td>\n<td data-col-size=\"md\" data-start=\"1826\" data-end=\"1866\">\u0160roub pro nastaven\u00ed \/ Eccentrick\u00e1 z\u00e1mkov\u00e1 obj\u00edmka<\/td>\n<\/tr>\n<tr data-start=\"1867\" data-end=\"1904\">\n<td data-start=\"1867\" data-end=\"1882\" data-col-size=\"sm\">Typ ut\u011bsn\u011bn\u00ed<\/td>\n<td data-col-size=\"md\" data-start=\"1882\" data-end=\"1904\">Gumov\u00e9 t\u011bsn\u011bn\u00ed (2RS)<\/td>\n<\/tr>\n<tr data-start=\"1905\" data-end=\"1934\">\n<td data-start=\"1905\" data-end=\"1919\" data-col-size=\"sm\">Maz\u00e1n\u00ed<\/td>\n<td data-col-size=\"md\" data-start=\"1919\" data-end=\"1934\">P\u0159edmazan\u00e9<\/td>\n<\/tr>\n<tr data-start=\"1935\" data-end=\"1986\">\n<td data-start=\"1935\" data-end=\"1959\" data-col-size=\"sm\">Kompatibilita s pouzdrem<\/td>\n<td data-col-size=\"md\" data-start=\"1959\" data-end=\"1986\">S\u00e9rie UCP \/ UCF \/ UCFL<\/td>\n<\/tr>\n<tr data-start=\"1987\" data-end=\"2029\">\n<td data-start=\"1987\" data-end=\"2011\" data-col-size=\"sm\">Prev\u00e1dzkov\u00e1 teplota<\/td>\n<td data-col-size=\"md\" data-start=\"2011\" data-end=\"2029\">-20\u00b0C a\u017e 120\u00b0C<\/td>\n<\/tr>\n<tr data-start=\"2030\" data-end=\"2064\">\n<td data-start=\"2030\" data-end=\"2042\" data-col-size=\"sm\">Typ zat\u00ed\u017een\u00ed<\/td>\n<td data-col-size=\"md\" data-start=\"2042\" data-end=\"2064\">St\u0159edn\u00ed radi\u00e1ln\u00ed zat\u00ed\u017een\u00ed<\/td>\n<\/tr>\n<\/tbody>\n<\/table>\n<\/div>\n<\/div>\n<h1 data-section-id=\"1p00fbj\" data-start=\"2071\" data-end=\"2089\"><span role=\"text\"><strong data-start=\"2073\" data-end=\"2089\">Aplikace<\/strong><\/span><\/h1>\n<p data-start=\"2091\" data-end=\"2135\">Lo\u017eiska s \u0161irok\u00fdm vnit\u0159n\u00edm krou\u017ekem se \u0161iroce pou\u017e\u00edvaj\u00ed v:<\/p>\n<ul data-start=\"2137\" data-end=\"2291\">\n<li data-section-id=\"1n6ynun\" data-start=\"2137\" data-end=\"2163\">Zem\u011bd\u011blsk\u00e9 stroje<\/li>\n<li data-section-id=\"176s2ln\" data-start=\"2164\" data-end=\"2184\">Dopravn\u00ed syst\u00e9my<\/li>\n<li data-section-id=\"1vok1mu\" data-start=\"2185\" data-end=\"2214\">Za\u0159\u00edzen\u00ed pro tr\u00e1vn\u00edky a zahrady<\/li>\n<li data-section-id=\"io1u9n\" data-start=\"2215\" data-end=\"2236\">Textiln\u00ed stroje<\/li>\n<li data-section-id=\"1htpp6l\" data-start=\"2237\" data-end=\"2260\">Balen\u00ed za\u0159\u00edzen\u00ed<\/li>\n<li data-section-id=\"14dhqtb\" data-start=\"2261\" data-end=\"2291\">Lehk\u00e9 pr\u016fmyslov\u00e9 stroje<\/li>\n<\/ul>\n<h1 data-section-id=\"zdmnob\" data-start=\"2298\" data-end=\"2317\"><span role=\"text\"><strong data-start=\"2300\" data-end=\"2317\">Pro\u010d si vybrat n\u00e1s<\/strong><\/span><\/h1>\n<ul data-start=\"2319\" data-end=\"2558\">\n<li data-section-id=\"27wjk1\" data-start=\"2319\" data-end=\"2372\">Siln\u00e9 zku\u0161enosti s v\u00fdrobou vlo\u017ekov\u00fdch lo\u017eisek<\/li>\n<li data-section-id=\"1rc9oj3\" data-start=\"2373\" data-end=\"2419\">K dispozici OEM a vlastn\u00ed z\u00e1mkov\u00e1 \u0159e\u0161en\u00ed<\/li>\n<li data-section-id=\"1veetvt\" data-start=\"2420\" data-end=\"2470\">Vysoce kvalitn\u00ed materi\u00e1ly se stabiln\u00edm v\u00fdkonem<\/li>\n<li data-section-id=\"25hgpv\" data-start=\"2471\" data-end=\"2513\">Kompatibiln\u00ed se standardn\u00edmi jednotkami pouzder<\/li>\n<li data-section-id=\"1lpvtyk\" data-start=\"2514\" data-end=\"2558\">Rychl\u00e9 dod\u00e1n\u00ed a schopnost hromadn\u00e9ho dod\u00e1n\u00ed<\/li>\n<\/ul>\n<h1 data-section-id=\"1iusff4\" data-start=\"2565\" data-end=\"2574\"><span role=\"text\"><strong data-start=\"2567\" data-end=\"2574\">\u010casto kladen\u00e9 ot\u00e1zky<\/strong><\/span><\/h1>\n<p data-start=\"2576\" data-end=\"2751\"><strong data-start=\"2576\" data-end=\"2635\">Q1: Jak\u00e1 je v\u00fdhoda lo\u017eiska s \u0161irok\u00fdm vnit\u0159n\u00edm krou\u017ekem?<\/strong><br data-start=\"2635\" data-end=\"2638\" \/>A: Poskytuje lep\u0161\u00ed podporu h\u0159\u00eddele a stabilitu, zejm\u00e9na v aplikac\u00edch s ohybem h\u0159\u00eddele nebo vibracemi.<\/p>\n<p data-start=\"2753\" data-end=\"2877\"><strong data-start=\"2753\" data-end=\"2799\">Q2: Jak je lo\u017eisko upevn\u011bno k h\u0159\u00eddeli?<\/strong><br data-start=\"2799\" data-end=\"2802\" \/>A: Obvykle je zaji\u0161t\u011bno pomoc\u00ed \u0161roub\u016f pro nastaven\u00ed nebo eccentrick\u00e9 z\u00e1mkov\u00e9 obj\u00edmky.<\/p>\n<p data-start=\"2879\" data-end=\"3013\"><strong data-start=\"2879\" data-end=\"2938\">Q3: Lze ho pou\u017e\u00edt se standardn\u00edmi pouzdry na pol\u0161t\u00e1\u0159e?<\/strong><br data-start=\"2938\" data-end=\"2941\" \/>A: Ano, je kompatibiln\u00ed se standardn\u00edmi UCP, UCF a UCFL bytov\u00fdmi jednotkami.<\/p>","protected":false},"excerpt":{"rendered":"<p>Tento <strong data-start=\"380\" data-end=\"407\">Lo\u017eisko s \u0161irok\u00fdm vnit\u0159n\u00edm krou\u017ekem<\/strong> je specializovan\u00e9 vlo\u017ekov\u00e9 lo\u017eisko navr\u017een\u00e9 s prodlou\u017een\u00fdm vnit\u0159n\u00edm krou\u017ekem na jedn\u00e9 nebo obou stran\u00e1ch. Tento design poskytuje dodate\u010dnou podporu h\u0159\u00eddele, zlep\u0161enou stabilitu a lep\u0161\u00ed zaji\u0161t\u011bn\u00ed, co\u017e jej \u010din\u00ed ide\u00e1ln\u00edm pro aplikace s nesouosost\u00ed h\u0159\u00eddele, vibracemi nebo omezenou d\u00e9lkou podpory h\u0159\u00eddele.<\/p>","protected":false},"featured_media":2603,"comment_status":"open","ping_status":"closed","template":"","meta":{"site-sidebar-layout":"default","site-content-layout":"","ast-site-content-layout":"default","site-content-style":"default","site-sidebar-style":"default","ast-global-header-display":"","ast-banner-title-visibility":"","ast-main-header-display":"","ast-hfb-above-header-display":"","ast-hfb-below-header-display":"","ast-hfb-mobile-header-display":"","site-post-title":"","ast-breadcrumbs-content":"","ast-featured-img":"","footer-sml-layout":"","ast-disable-related-posts":"","theme-transparent-header-meta":"default","adv-header-id-meta":"","stick-header-meta":"default","header-above-stick-meta":"","header-main-stick-meta":"","header-below-stick-meta":"","astra-migrate-meta-layouts":"set","ast-page-background-enabled":"default","ast-page-background-meta":{"desktop":{"background-color":"","background-image":"","background-repeat":"repeat","background-position":"center center","background-size":"auto","background-attachment":"scroll","background-type":"","background-media":"","overlay-type":"","overlay-color":"","overlay-opacity":"","overlay-gradient":""},"tablet":{"background-color":"","background-image":"","background-repeat":"repeat","background-position":"center center","background-size":"auto","background-attachment":"scroll","background-type":"","background-media":"","overlay-type":"","overlay-color":"","overlay-opacity":"","overlay-gradient":""},"mobile":{"background-color":"","background-image":"","background-repeat":"repeat","background-position":"center center","background-size":"auto","background-attachment":"scroll","background-type":"","background-media":"","overlay-type":"","overlay-color":"","overlay-opacity":"","overlay-gradient":""}},"ast-content-background-meta":{"desktop":{"background-color":"var(--ast-global-color-5)","background-image":"","background-repeat":"repeat","background-position":"center center","background-size":"auto","background-attachment":"scroll","background-type":"","background-media":"","overlay-type":"","overlay-color":"","overlay-opacity":"","overlay-gradient":""},"tablet":{"background-color":"var(--ast-global-color-5)","background-image":"","background-repeat":"repeat","background-position":"center center","background-size":"auto","background-attachment":"scroll","background-type":"","background-media":"","overlay-type":"","overlay-color":"","overlay-opacity":"","overlay-gradient":""},"mobile":{"background-color":"var(--ast-global-color-5)","background-image":"","background-repeat":"repeat","background-position":"center center","background-size":"auto","background-attachment":"scroll","background-type":"","background-media":"","overlay-type":"","overlay-color":"","overlay-opacity":"","overlay-gradient":""}}},"product_brand":[],"product_cat":[22],"product_tag":[160,209,45,156,159,72,157,162,215,214],"class_list":{"0":"post-2440","1":"product","2":"type-product","3":"status-publish","4":"has-post-thumbnail","6":"product_cat-self-aligning-ball-bearings","7":"product_tag-agricultural-bearing","8":"product_tag-conveyor-bearing","9":"product_tag-industrial-bearing","10":"product_tag-insert-bearing","11":"product_tag-mounted-bearing","12":"product_tag-oem-bearing-supplier","13":"product_tag-pillow-block-bearing","14":"product_tag-self-aligning-bearing","15":"product_tag-uc-bearing","16":"product_tag-wide-inner-ring-bearing","17":"desktop-align-left","18":"tablet-align-left","19":"mobile-align-left","20":"ast-product-gallery-layout-horizontal-slider","21":"ast-product-gallery-with-no-image","22":"ast-product-tabs-layout-horizontal","24":"first","25":"instock","26":"shipping-taxable","27":"product-type-simple"},"_links":{"self":[{"href":"https:\/\/www.machinerybearings.com\/cs\/wp-json\/wp\/v2\/product\/2440","targetHints":{"allow":["GET"]}}],"collection":[{"href":"https:\/\/www.machinerybearings.com\/cs\/wp-json\/wp\/v2\/product"}],"about":[{"href":"https:\/\/www.machinerybearings.com\/cs\/wp-json\/wp\/v2\/types\/product"}],"replies":[{"embeddable":true,"href":"https:\/\/www.machinerybearings.com\/cs\/wp-json\/wp\/v2\/comments?post=2440"}],"wp:featuredmedia":[{"embeddable":true,"href":"https:\/\/www.machinerybearings.com\/cs\/wp-json\/wp\/v2\/media\/2603"}],"wp:attachment":[{"href":"https:\/\/www.machinerybearings.com\/cs\/wp-json\/wp\/v2\/media?parent=2440"}],"wp:term":[{"taxonomy":"product_brand","embeddable":true,"href":"https:\/\/www.machinerybearings.com\/cs\/wp-json\/wp\/v2\/product_brand?post=2440"},{"taxonomy":"product_cat","embeddable":true,"href":"https:\/\/www.machinerybearings.com\/cs\/wp-json\/wp\/v2\/product_cat?post=2440"},{"taxonomy":"product_tag","embeddable":true,"href":"https:\/\/www.machinerybearings.com\/cs\/wp-json\/wp\/v2\/product_tag?post=2440"}],"curies":[{"name":"wp","href":"https:\/\/api.w.org\/{rel}","templated":true}]}}