{"id":2444,"date":"2026-04-13T14:39:55","date_gmt":"2026-04-13T14:39:55","guid":{"rendered":"https:\/\/www.machinerybearings.com\/?post_type=product&#038;p=2444"},"modified":"2026-05-03T06:24:41","modified_gmt":"2026-05-03T06:24:41","slug":"22205-spherical-roller-bearing-self-aligning-heavy-load-bearing-for-industrial-applications","status":"publish","type":"product","link":"https:\/\/www.machinerybearings.com\/cs\/produkt\/22205-spherical-roller-bearing-self-aligning-heavy-load-bearing-for-industrial-applications\/","title":{"rendered":"22205 Sf\u00e9rick\u00e9 v\u00e1le\u010dkov\u00e9 lo\u017eisko \u2013 Samonastaviteln\u00e9 lo\u017eisko pro t\u011b\u017ek\u00e9 zat\u00ed\u017een\u00ed pro pr\u016fmyslov\u00e9 aplikace"},"content":{"rendered":"<p data-start=\"379\" data-end=\"690\">Tento <strong data-start=\"383\" data-end=\"417\">22205 Sf\u00e9rick\u00e9 v\u00e1le\u010dkov\u00e9 lo\u017eisko<\/strong> je dvou\u0159ad\u00e9 v\u00e1le\u010dkov\u00e9 lo\u017eisko navr\u017een\u00e9 pro zvl\u00e1d\u00e1n\u00ed t\u011b\u017ek\u00fdch radi\u00e1ln\u00edch zat\u00ed\u017een\u00ed a m\u00edrn\u00fdch axi\u00e1ln\u00edch zat\u00ed\u017een\u00ed, zat\u00edmco kompenzuje nesouosost h\u0159\u00eddele. Jeho sf\u00e9rick\u00e1 dr\u00e1ha umo\u017e\u0148uje automatick\u00e9 zarovn\u00e1n\u00ed, co\u017e je ide\u00e1ln\u00ed pro aplikace, kde doch\u00e1z\u00ed k ohybu h\u0159\u00eddele nebo chyb\u00e1m p\u0159i instalaci.<\/p>\n<p data-start=\"692\" data-end=\"953\">Toto lo\u017eisko je navr\u017eeno pro vysokou odolnost a spolehlivost za drsn\u00fdch pracovn\u00edch podm\u00ednek. Ve srovn\u00e1n\u00ed se samo-zarovn\u00e1vac\u00edmi kuli\u010dkov\u00fdmi lo\u017eisky nab\u00edzej\u00ed sf\u00e9rick\u00e1 v\u00e1le\u010dkov\u00e1 lo\u017eiska jako 22205 v\u00fdrazn\u011b vy\u0161\u0161\u00ed nosnost a zlep\u0161enou odolnost proti n\u00e1raz\u016fm a vibrac\u00edm.<\/p>\n<p data-start=\"955\" data-end=\"1136\">Vyrobeno z vysoce kvalitn\u00ed slitiny nebo chromov\u00e9 oceli, lo\u017eisko 22205 zaji\u0161\u0165uje dlouhou \u017eivotnost, hladk\u00fd chod a konzistentn\u00ed v\u00fdkon v n\u00e1ro\u010dn\u00fdch pr\u016fmyslov\u00fdch prost\u0159ed\u00edch.<\/p>\n<h1 data-section-id=\"8av2ty\" data-start=\"1143\" data-end=\"1161\"><span role=\"text\"><strong data-start=\"1145\" data-end=\"1161\">Kl\u00ed\u010dov\u00e9 vlastnosti<\/strong><\/span><\/h1>\n<ul data-start=\"1163\" data-end=\"1499\">\n<li data-section-id=\"17ys86f\" data-start=\"1163\" data-end=\"1220\">Vysok\u00e1 radi\u00e1ln\u00ed nosnost pro t\u011b\u017ek\u00e9 aplikace<\/li>\n<li data-section-id=\"1fr59o7\" data-start=\"1221\" data-end=\"1280\">Samonastaviteln\u00fd design kompenzuje nesouosost h\u0159\u00eddele<\/li>\n<li data-section-id=\"1vl001\" data-start=\"1281\" data-end=\"1325\">Podporuje kombinovan\u00e1 radi\u00e1ln\u00ed a axi\u00e1ln\u00ed zat\u00ed\u017een\u00ed<\/li>\n<li data-section-id=\"4qe041\" data-start=\"1326\" data-end=\"1373\">Vynikaj\u00edc\u00ed odolnost proti n\u00e1raz\u016fm a vibrac\u00edm<\/li>\n<li data-section-id=\"js9du9\" data-start=\"1374\" data-end=\"1418\">Dlouh\u00e1 \u017eivotnost za drsn\u00fdch podm\u00ednek<\/li>\n<li data-section-id=\"xjurbh\" data-start=\"1419\" data-end=\"1456\">N\u00edzk\u00e9 t\u0159en\u00ed a stabiln\u00ed provoz<\/li>\n<li data-section-id=\"1398rv\" data-start=\"1457\" data-end=\"1499\">Vhodn\u00e9 pro nep\u0159etr\u017eit\u00e9 pr\u016fmyslov\u00e9 pou\u017eit\u00ed<\/li>\n<\/ul>\n<h1 data-section-id=\"10k15yz\" data-start=\"1506\" data-end=\"1536\"><span role=\"text\"><strong data-start=\"1508\" data-end=\"1536\">Technick\u00e9 specifikace<\/strong><\/span><\/h1>\n<div class=\"TyagGW_tableContainer\">\n<div class=\"group TyagGW_tableWrapper flex flex-col-reverse w-fit\" tabindex=\"-1\">\n<table class=\"w-fit min-w-(--thread-content-width)\" data-start=\"1538\" data-end=\"1953\">\n<thead data-start=\"1538\" data-end=\"1559\">\n<tr data-start=\"1538\" data-end=\"1559\">\n<th class=\"\" data-start=\"1538\" data-end=\"1550\" data-col-size=\"sm\">Parametr<\/th>\n<th class=\"\" data-start=\"1550\" data-end=\"1559\" data-col-size=\"sm\">Hodnota<\/th>\n<\/tr>\n<\/thead>\n<tbody data-start=\"1580\" data-end=\"1953\">\n<tr data-start=\"1580\" data-end=\"1605\">\n<td data-start=\"1580\" data-end=\"1596\" data-col-size=\"sm\">Model lo\u017eiska<\/td>\n<td data-start=\"1596\" data-end=\"1605\" data-col-size=\"sm\">22205<\/td>\n<\/tr>\n<tr data-start=\"1606\" data-end=\"1636\">\n<td data-start=\"1606\" data-end=\"1627\" data-col-size=\"sm\">Vnit\u0159n\u00ed pr\u016fm\u011br (d)<\/td>\n<td data-col-size=\"sm\" data-start=\"1627\" data-end=\"1636\">25 mm<\/td>\n<\/tr>\n<tr data-start=\"1637\" data-end=\"1667\">\n<td data-start=\"1637\" data-end=\"1658\" data-col-size=\"sm\">Vn\u011bj\u0161\u00ed pr\u016fm\u011br (D)<\/td>\n<td data-start=\"1658\" data-end=\"1667\" data-col-size=\"sm\">52 mm<\/td>\n<\/tr>\n<tr data-start=\"1668\" data-end=\"1689\">\n<td data-start=\"1668\" data-end=\"1680\" data-col-size=\"sm\">\u0160\u00ed\u0159ka (B)<\/td>\n<td data-col-size=\"sm\" data-start=\"1680\" data-end=\"1689\">18 mm<\/td>\n<\/tr>\n<tr data-start=\"1690\" data-end=\"1733\">\n<td data-start=\"1690\" data-end=\"1705\" data-col-size=\"sm\">Typ lo\u017eiska<\/td>\n<td data-col-size=\"sm\" data-start=\"1705\" data-end=\"1733\">Sf\u00e9rick\u00e9 v\u00e1le\u010dkov\u00e9 lo\u017eisko<\/td>\n<\/tr>\n<tr data-start=\"1734\" data-end=\"1767\">\n<td data-start=\"1734\" data-end=\"1746\" data-col-size=\"sm\">Konstrukce<\/td>\n<td data-start=\"1746\" data-end=\"1767\" data-col-size=\"sm\">Dvou\u0159ad\u00fd v\u00e1le\u010dek<\/td>\n<\/tr>\n<tr data-start=\"1768\" data-end=\"1809\">\n<td data-start=\"1768\" data-end=\"1779\" data-col-size=\"sm\">Materi\u00e1l<\/td>\n<td data-start=\"1779\" data-end=\"1809\" data-col-size=\"sm\">Chromov\u00e1 ocel \/ Slitinov\u00e1 ocel<\/td>\n<\/tr>\n<tr data-start=\"1810\" data-end=\"1843\">\n<td data-start=\"1810\" data-end=\"1826\" data-col-size=\"sm\">Materi\u00e1l klece<\/td>\n<td data-start=\"1826\" data-end=\"1843\" data-col-size=\"sm\">Ocel \/ Mosaz<\/td>\n<\/tr>\n<tr data-start=\"1844\" data-end=\"1874\">\n<td data-start=\"1844\" data-end=\"1858\" data-col-size=\"sm\">Maz\u00e1n\u00ed<\/td>\n<td data-start=\"1858\" data-end=\"1874\" data-col-size=\"sm\">Mazivo \/ Olej<\/td>\n<\/tr>\n<tr data-start=\"1875\" data-end=\"1910\">\n<td data-start=\"1875\" data-end=\"1894\" data-col-size=\"sm\">T\u0159\u00edda p\u0159esnosti<\/td>\n<td data-start=\"1894\" data-end=\"1910\" data-col-size=\"sm\">P0 \/ P6 \/ P5<\/td>\n<\/tr>\n<tr data-start=\"1911\" data-end=\"1953\">\n<td data-start=\"1911\" data-end=\"1935\" data-col-size=\"sm\">Prev\u00e1dzkov\u00e1 teplota<\/td>\n<td data-start=\"1935\" data-end=\"1953\" data-col-size=\"sm\">-20\u00b0C a\u017e 150\u00b0C<\/td>\n<\/tr>\n<\/tbody>\n<\/table>\n<\/div>\n<\/div>\n<h1 data-section-id=\"1p00fbj\" data-start=\"1960\" data-end=\"1978\"><span role=\"text\"><strong data-start=\"1962\" data-end=\"1978\">Aplikace<\/strong><\/span><\/h1>\n<p data-start=\"1980\" data-end=\"2033\">Sf\u00e9rick\u00e9 v\u00e1le\u010dkov\u00e9 lo\u017eisko 22205 se \u0161iroce pou\u017e\u00edv\u00e1 v:<\/p>\n<ul data-start=\"2035\" data-end=\"2219\">\n<li data-section-id=\"byc78f\" data-start=\"2035\" data-end=\"2066\">Za\u0159\u00edzen\u00ed pro t\u011b\u017ebu a lomy<\/li>\n<li data-section-id=\"176s2ln\" data-start=\"2067\" data-end=\"2087\">Dopravn\u00ed syst\u00e9my<\/li>\n<li data-section-id=\"1n6ynun\" data-start=\"2088\" data-end=\"2114\">Zem\u011bd\u011blsk\u00e9 stroje<\/li>\n<li data-section-id=\"942l0d\" data-start=\"2115\" data-end=\"2139\">Pr\u016fmyslov\u00e9 p\u0159evodovky<\/li>\n<li data-section-id=\"10ok9wi\" data-start=\"2140\" data-end=\"2177\">V\u00fdrobn\u00ed linky na ocel a cement<\/li>\n<li data-section-id=\"azxdeo\" data-start=\"2178\" data-end=\"2219\">Syst\u00e9my t\u011b\u017ek\u00e9ho mechanick\u00e9ho p\u0159enosu<\/li>\n<\/ul>\n<h1 data-section-id=\"zdmnob\" data-start=\"2226\" data-end=\"2245\"><span role=\"text\"><strong data-start=\"2228\" data-end=\"2245\">Pro\u010d si vybrat n\u00e1s<\/strong><\/span><\/h1>\n<ul data-start=\"2247\" data-end=\"2490\">\n<li data-section-id=\"1vbjgp6\" data-start=\"2247\" data-end=\"2304\">Siln\u00e1 schopnost ve v\u00fdrob\u011b lo\u017eisek pro t\u011b\u017ek\u00e9 zat\u00ed\u017een\u00ed<\/li>\n<li data-section-id=\"1eol690\" data-start=\"2305\" data-end=\"2343\">K dispozici \u0159e\u0161en\u00ed OEM a na m\u00edru<\/li>\n<li data-section-id=\"gy7e8t\" data-start=\"2344\" data-end=\"2398\">Vysoce kvalitn\u00ed materi\u00e1ly s p\u0159\u00edsnou kontrolou kvality<\/li>\n<li data-section-id=\"rqr2fb\" data-start=\"2399\" data-end=\"2443\">Stabiln\u00ed dod\u00e1vky pro pr\u016fmyslov\u00e9 hromadn\u00e9 objedn\u00e1vky<\/li>\n<li data-section-id=\"bhimnc\" data-start=\"2444\" data-end=\"2490\">Rychl\u00e9 glob\u00e1ln\u00ed dod\u00e1n\u00ed a technick\u00e1 podpora<\/li>\n<\/ul>\n<h1 data-section-id=\"1iusff4\" data-start=\"2497\" data-end=\"2506\"><span role=\"text\"><strong data-start=\"2499\" data-end=\"2506\">\u010casto kladen\u00e9 ot\u00e1zky<\/strong><\/span><\/h1>\n<p data-start=\"2508\" data-end=\"2645\"><strong data-start=\"2508\" data-end=\"2567\">Q1: Jak\u00e1 je v\u00fdhoda sf\u00e9rick\u00fdch v\u00e1le\u010dkov\u00fdch lo\u017eisek?<\/strong><br data-start=\"2567\" data-end=\"2570\" \/>A: Poskytuj\u00ed vysokou nosnost a vynikaj\u00edc\u00ed kompenzaci nesouososti.<\/p>\n<p data-start=\"2647\" data-end=\"2770\"><strong data-start=\"2647\" data-end=\"2693\">Q2: Mohou lo\u017eiska 22205 zvl\u00e1dat t\u011b\u017ek\u00e9 zat\u00ed\u017een\u00ed?<\/strong><br data-start=\"2693\" data-end=\"2696\" \/>A: Ano, jsou navr\u017eena pro t\u011b\u017ek\u00e9 radi\u00e1ln\u00ed zat\u00ed\u017een\u00ed a m\u00edrn\u00e9 axi\u00e1ln\u00ed zat\u00ed\u017een\u00ed.<\/p>\n<p data-start=\"2772\" data-end=\"2896\"><strong data-start=\"2772\" data-end=\"2822\">Q3: Jsou k dispozici materi\u00e1ly nebo designy na m\u00edru?<\/strong><br data-start=\"2822\" data-end=\"2825\" \/>A: Ano, podporujeme OEM p\u0159izp\u016fsoben\u00ed na z\u00e1klad\u011b po\u017eadavk\u016f aplikace.<\/p>","protected":false},"excerpt":{"rendered":"<p>Tento <strong data-start=\"383\" data-end=\"417\">22205 Sf\u00e9rick\u00e9 v\u00e1le\u010dkov\u00e9 lo\u017eisko<\/strong> je dvou\u0159ad\u00e9 v\u00e1le\u010dkov\u00e9 lo\u017eisko navr\u017een\u00e9 pro zvl\u00e1d\u00e1n\u00ed t\u011b\u017ek\u00fdch radi\u00e1ln\u00edch zat\u00ed\u017een\u00ed a m\u00edrn\u00fdch axi\u00e1ln\u00edch zat\u00ed\u017een\u00ed, zat\u00edmco kompenzuje nesouosost h\u0159\u00eddele. Jeho sf\u00e9rick\u00e1 dr\u00e1ha umo\u017e\u0148uje automatick\u00e9 zarovn\u00e1n\u00ed, co\u017e je ide\u00e1ln\u00ed pro aplikace, kde doch\u00e1z\u00ed k ohybu h\u0159\u00eddele nebo chyb\u00e1m p\u0159i instalaci.<\/p>","protected":false},"featured_media":2545,"comment_status":"open","ping_status":"closed","template":"","meta":{"site-sidebar-layout":"default","site-content-layout":"","ast-site-content-layout":"default","site-content-style":"default","site-sidebar-style":"default","ast-global-header-display":"","ast-banner-title-visibility":"","ast-main-header-display":"","ast-hfb-above-header-display":"","ast-hfb-below-header-display":"","ast-hfb-mobile-header-display":"","site-post-title":"","ast-breadcrumbs-content":"","ast-featured-img":"","footer-sml-layout":"","ast-disable-related-posts":"","theme-transparent-header-meta":"default","adv-header-id-meta":"","stick-header-meta":"default","header-above-stick-meta":"","header-main-stick-meta":"","header-below-stick-meta":"","astra-migrate-meta-layouts":"set","ast-page-background-enabled":"default","ast-page-background-meta":{"desktop":{"background-color":"","background-image":"","background-repeat":"repeat","background-position":"center center","background-size":"auto","background-attachment":"scroll","background-type":"","background-media":"","overlay-type":"","overlay-color":"","overlay-opacity":"","overlay-gradient":""},"tablet":{"background-color":"","background-image":"","background-repeat":"repeat","background-position":"center center","background-size":"auto","background-attachment":"scroll","background-type":"","background-media":"","overlay-type":"","overlay-color":"","overlay-opacity":"","overlay-gradient":""},"mobile":{"background-color":"","background-image":"","background-repeat":"repeat","background-position":"center center","background-size":"auto","background-attachment":"scroll","background-type":"","background-media":"","overlay-type":"","overlay-color":"","overlay-opacity":"","overlay-gradient":""}},"ast-content-background-meta":{"desktop":{"background-color":"var(--ast-global-color-5)","background-image":"","background-repeat":"repeat","background-position":"center center","background-size":"auto","background-attachment":"scroll","background-type":"","background-media":"","overlay-type":"","overlay-color":"","overlay-opacity":"","overlay-gradient":""},"tablet":{"background-color":"var(--ast-global-color-5)","background-image":"","background-repeat":"repeat","background-position":"center center","background-size":"auto","background-attachment":"scroll","background-type":"","background-media":"","overlay-type":"","overlay-color":"","overlay-opacity":"","overlay-gradient":""},"mobile":{"background-color":"var(--ast-global-color-5)","background-image":"","background-repeat":"repeat","background-position":"center center","background-size":"auto","background-attachment":"scroll","background-type":"","background-media":"","overlay-type":"","overlay-color":"","overlay-opacity":"","overlay-gradient":""}}},"product_brand":[],"product_cat":[24],"product_tag":[218,209,78,56,51,45,119,72,219,153],"class_list":{"0":"post-2444","1":"product","2":"type-product","3":"status-publish","4":"has-post-thumbnail","6":"product_cat-spherical-roller-bearings","7":"product_tag-22205-bearing","8":"product_tag-conveyor-bearing","9":"product_tag-gearbox-bearing","10":"product_tag-heavy-duty-bearing","11":"product_tag-high-load-bearing","12":"product_tag-industrial-bearing","13":"product_tag-mining-bearing","14":"product_tag-oem-bearing-supplier","15":"product_tag-self-aligning-roller-bearing","16":"product_tag-spherical-roller-bearing","17":"desktop-align-left","18":"tablet-align-left","19":"mobile-align-left","20":"ast-product-gallery-layout-horizontal-slider","21":"ast-product-gallery-with-no-image","22":"ast-product-tabs-layout-horizontal","24":"first","25":"instock","26":"shipping-taxable","27":"product-type-simple"},"_links":{"self":[{"href":"https:\/\/www.machinerybearings.com\/cs\/wp-json\/wp\/v2\/product\/2444","targetHints":{"allow":["GET"]}}],"collection":[{"href":"https:\/\/www.machinerybearings.com\/cs\/wp-json\/wp\/v2\/product"}],"about":[{"href":"https:\/\/www.machinerybearings.com\/cs\/wp-json\/wp\/v2\/types\/product"}],"replies":[{"embeddable":true,"href":"https:\/\/www.machinerybearings.com\/cs\/wp-json\/wp\/v2\/comments?post=2444"}],"wp:featuredmedia":[{"embeddable":true,"href":"https:\/\/www.machinerybearings.com\/cs\/wp-json\/wp\/v2\/media\/2545"}],"wp:attachment":[{"href":"https:\/\/www.machinerybearings.com\/cs\/wp-json\/wp\/v2\/media?parent=2444"}],"wp:term":[{"taxonomy":"product_brand","embeddable":true,"href":"https:\/\/www.machinerybearings.com\/cs\/wp-json\/wp\/v2\/product_brand?post=2444"},{"taxonomy":"product_cat","embeddable":true,"href":"https:\/\/www.machinerybearings.com\/cs\/wp-json\/wp\/v2\/product_cat?post=2444"},{"taxonomy":"product_tag","embeddable":true,"href":"https:\/\/www.machinerybearings.com\/cs\/wp-json\/wp\/v2\/product_tag?post=2444"}],"curies":[{"name":"wp","href":"https:\/\/api.w.org\/{rel}","templated":true}]}}