{"id":2446,"date":"2026-04-13T14:44:47","date_gmt":"2026-04-13T14:44:47","guid":{"rendered":"https:\/\/www.machinerybearings.com\/?post_type=product&#038;p=2446"},"modified":"2026-05-03T06:29:37","modified_gmt":"2026-05-03T06:29:37","slug":"22210-spherical-roller-bearing-heavy-load-self-aligning-bearing-for-industrial-machinery","status":"publish","type":"product","link":"https:\/\/www.machinerybearings.com\/cs\/produkt\/22210-spherical-roller-bearing-heavy-load-self-aligning-bearing-for-industrial-machinery\/","title":{"rendered":"22210 Sf\u00e9rick\u00e9 v\u00e1le\u010dkov\u00e9 lo\u017eisko \u2013 Samonastaviteln\u00e9 lo\u017eisko pro t\u011b\u017ek\u00e9 zat\u00ed\u017een\u00ed pro pr\u016fmyslov\u00e9 stroje"},"content":{"rendered":"<p data-start=\"365\" data-end=\"710\">Tento <strong data-start=\"369\" data-end=\"403\">22210 Sf\u00e9rick\u00e9 v\u00e1le\u010dkov\u00e9 lo\u017eisko<\/strong> je vysoce v\u00fdkonn\u00e9 dvou\u0159ad\u00e9 lo\u017eisko navr\u017een\u00e9 tak, aby zvl\u00e1dalo t\u011b\u017ek\u00e9 radi\u00e1ln\u00ed zat\u00ed\u017een\u00ed a m\u00edrn\u00e9 axi\u00e1ln\u00ed zat\u00ed\u017een\u00ed, zat\u00edmco kompenzuje nesouosost h\u0159\u00eddele. Jeho sf\u00e9rick\u00e1 dr\u00e1ha umo\u017e\u0148uje automatick\u00e9 zarovn\u00e1n\u00ed, co\u017e je ide\u00e1ln\u00ed pro aplikace s ohybem h\u0159\u00eddele, instala\u010dn\u00edmi chybami nebo dynamick\u00fdmi provozn\u00edmi podm\u00ednkami.<\/p>\n<p data-start=\"712\" data-end=\"971\">Ve srovn\u00e1n\u00ed se standardn\u00edmi kuli\u010dkov\u00fdmi lo\u017eisky nab\u00edz\u00ed lo\u017eisko 22210 vynikaj\u00edc\u00ed nosnost, zv\u00fd\u0161enou odolnost a vynikaj\u00edc\u00ed odolnost proti n\u00e1raz\u016fm a vibrac\u00edm. Je \u0161iroce pou\u017e\u00edv\u00e1no v t\u011b\u017ek\u00fdch pr\u016fmyslov\u00fdch prost\u0159ed\u00edch, kde je spolehlivost a dlouh\u00e1 \u017eivotnost kritick\u00e1.<\/p>\n<p data-start=\"973\" data-end=\"1150\">Vyrobeno z vysoce kvalitn\u00ed chromov\u00e9 oceli nebo legovan\u00e9 oceli, lo\u017eisko 22210 zaji\u0161\u0165uje hladk\u00fd chod, sn\u00ed\u017een\u00e9 t\u0159en\u00ed a stabiln\u00ed v\u00fdkon p\u0159i kontinu\u00e1ln\u00edch zat\u011b\u017eovac\u00edch podm\u00ednk\u00e1ch.<\/p>\n<h1 data-section-id=\"8av2ty\" data-start=\"1157\" data-end=\"1175\"><span role=\"text\"><strong data-start=\"1159\" data-end=\"1175\">Kl\u00ed\u010dov\u00e9 vlastnosti<\/strong><\/span><\/h1>\n<ul data-start=\"1177\" data-end=\"1536\">\n<li data-section-id=\"17ys86f\" data-start=\"1177\" data-end=\"1234\">Vysok\u00e1 radi\u00e1ln\u00ed nosnost pro t\u011b\u017ek\u00e9 aplikace<\/li>\n<li data-section-id=\"1fr59o7\" data-start=\"1235\" data-end=\"1294\">Samonastaviteln\u00fd design kompenzuje nesouosost h\u0159\u00eddele<\/li>\n<li data-section-id=\"1vl001\" data-start=\"1295\" data-end=\"1339\">Podporuje kombinovan\u00e1 radi\u00e1ln\u00ed a axi\u00e1ln\u00ed zat\u00ed\u017een\u00ed<\/li>\n<li data-section-id=\"1n39sdg\" data-start=\"1340\" data-end=\"1393\">Vynikaj\u00edc\u00ed odolnost proti vibrac\u00edm a n\u00e1razov\u00fdm zat\u00ed\u017een\u00edm<\/li>\n<li data-section-id=\"yc3667\" data-start=\"1394\" data-end=\"1448\">Dlouh\u00e1 \u017eivotnost v drsn\u00fdch pr\u016fmyslov\u00fdch prost\u0159ed\u00edch<\/li>\n<li data-section-id=\"1mpt223\" data-start=\"1449\" data-end=\"1487\">Hladk\u00fd provoz s n\u00edzk\u00fdm t\u0159en\u00edm<\/li>\n<li data-section-id=\"1u0azbc\" data-start=\"1488\" data-end=\"1536\">Vhodn\u00e9 pro nep\u0159etr\u017eit\u00fd provoz p\u0159i t\u011b\u017ek\u00fdch zat\u00ed\u017een\u00edch<\/li>\n<\/ul>\n<h1 data-section-id=\"10k15yz\" data-start=\"1543\" data-end=\"1573\"><span role=\"text\"><strong data-start=\"1545\" data-end=\"1573\">Technick\u00e9 specifikace<\/strong><\/span><\/h1>\n<div class=\"TyagGW_tableContainer\">\n<div class=\"group TyagGW_tableWrapper flex flex-col-reverse w-fit\" tabindex=\"-1\">\n<table class=\"w-fit min-w-(--thread-content-width)\" data-start=\"1575\" data-end=\"1990\">\n<thead data-start=\"1575\" data-end=\"1596\">\n<tr data-start=\"1575\" data-end=\"1596\">\n<th class=\"\" data-start=\"1575\" data-end=\"1587\" data-col-size=\"sm\">Parametr<\/th>\n<th class=\"\" data-start=\"1587\" data-end=\"1596\" data-col-size=\"sm\">Hodnota<\/th>\n<\/tr>\n<\/thead>\n<tbody data-start=\"1617\" data-end=\"1990\">\n<tr data-start=\"1617\" data-end=\"1642\">\n<td data-start=\"1617\" data-end=\"1633\" data-col-size=\"sm\">Model lo\u017eiska<\/td>\n<td data-col-size=\"sm\" data-start=\"1633\" data-end=\"1642\">22210<\/td>\n<\/tr>\n<tr data-start=\"1643\" data-end=\"1673\">\n<td data-start=\"1643\" data-end=\"1664\" data-col-size=\"sm\">Vnit\u0159n\u00ed pr\u016fm\u011br (d)<\/td>\n<td data-start=\"1664\" data-end=\"1673\" data-col-size=\"sm\">50 mm<\/td>\n<\/tr>\n<tr data-start=\"1674\" data-end=\"1704\">\n<td data-start=\"1674\" data-end=\"1695\" data-col-size=\"sm\">Vn\u011bj\u0161\u00ed pr\u016fm\u011br (D)<\/td>\n<td data-start=\"1695\" data-end=\"1704\" data-col-size=\"sm\">90 mm<\/td>\n<\/tr>\n<tr data-start=\"1705\" data-end=\"1726\">\n<td data-start=\"1705\" data-end=\"1717\" data-col-size=\"sm\">\u0160\u00ed\u0159ka (B)<\/td>\n<td data-start=\"1717\" data-end=\"1726\" data-col-size=\"sm\">23 mm<\/td>\n<\/tr>\n<tr data-start=\"1727\" data-end=\"1770\">\n<td data-start=\"1727\" data-end=\"1742\" data-col-size=\"sm\">Typ lo\u017eiska<\/td>\n<td data-start=\"1742\" data-end=\"1770\" data-col-size=\"sm\">Sf\u00e9rick\u00e9 v\u00e1le\u010dkov\u00e9 lo\u017eisko<\/td>\n<\/tr>\n<tr data-start=\"1771\" data-end=\"1804\">\n<td data-start=\"1771\" data-end=\"1783\" data-col-size=\"sm\">Konstrukce<\/td>\n<td data-start=\"1783\" data-end=\"1804\" data-col-size=\"sm\">Dvou\u0159ad\u00fd v\u00e1le\u010dek<\/td>\n<\/tr>\n<tr data-start=\"1805\" data-end=\"1846\">\n<td data-start=\"1805\" data-end=\"1816\" data-col-size=\"sm\">Materi\u00e1l<\/td>\n<td data-start=\"1816\" data-end=\"1846\" data-col-size=\"sm\">Chromov\u00e1 ocel \/ Slitinov\u00e1 ocel<\/td>\n<\/tr>\n<tr data-start=\"1847\" data-end=\"1880\">\n<td data-start=\"1847\" data-end=\"1863\" data-col-size=\"sm\">Materi\u00e1l klece<\/td>\n<td data-col-size=\"sm\" data-start=\"1863\" data-end=\"1880\">Ocel \/ Mosaz<\/td>\n<\/tr>\n<tr data-start=\"1881\" data-end=\"1911\">\n<td data-start=\"1881\" data-end=\"1895\" data-col-size=\"sm\">Maz\u00e1n\u00ed<\/td>\n<td data-start=\"1895\" data-end=\"1911\" data-col-size=\"sm\">Mazivo \/ Olej<\/td>\n<\/tr>\n<tr data-start=\"1912\" data-end=\"1947\">\n<td data-start=\"1912\" data-end=\"1931\" data-col-size=\"sm\">T\u0159\u00edda p\u0159esnosti<\/td>\n<td data-start=\"1931\" data-end=\"1947\" data-col-size=\"sm\">P0 \/ P6 \/ P5<\/td>\n<\/tr>\n<tr data-start=\"1948\" data-end=\"1990\">\n<td data-start=\"1948\" data-end=\"1972\" data-col-size=\"sm\">Prev\u00e1dzkov\u00e1 teplota<\/td>\n<td data-col-size=\"sm\" data-start=\"1972\" data-end=\"1990\">-20\u00b0C a\u017e 150\u00b0C<\/td>\n<\/tr>\n<\/tbody>\n<\/table>\n<\/div>\n<\/div>\n<h1 data-section-id=\"1p00fbj\" data-start=\"1997\" data-end=\"2015\"><span role=\"text\"><strong data-start=\"1999\" data-end=\"2015\">Aplikace<\/strong><\/span><\/h1>\n<p data-start=\"2017\" data-end=\"2070\">Sf\u00e9rick\u00e9 v\u00e1le\u010dkov\u00e9 lo\u017eisko 22210 se \u0161iroce pou\u017e\u00edv\u00e1 v:<\/p>\n<ul data-start=\"2072\" data-end=\"2256\">\n<li data-section-id=\"ew3yor\" data-start=\"2072\" data-end=\"2103\">T\u011b\u017eebn\u00edch a kamenolomov\u00fdch stroj\u00edch<\/li>\n<li data-section-id=\"176s2ln\" data-start=\"2104\" data-end=\"2124\">Dopravn\u00ed syst\u00e9my<\/li>\n<li data-section-id=\"942l0d\" data-start=\"2125\" data-end=\"2149\">Pr\u016fmyslov\u00e9 p\u0159evodovky<\/li>\n<li data-section-id=\"10ok9wi\" data-start=\"2150\" data-end=\"2187\">V\u00fdrobn\u00ed linky na ocel a cement<\/li>\n<li data-section-id=\"azxdeo\" data-start=\"2188\" data-end=\"2229\">Syst\u00e9my t\u011b\u017ek\u00e9ho mechanick\u00e9ho p\u0159enosu<\/li>\n<li data-section-id=\"y8acu3\" data-start=\"2230\" data-end=\"2256\">Zem\u011bd\u011blsk\u00fdch stroj\u00edch<\/li>\n<\/ul>\n<h1 data-section-id=\"zdmnob\" data-start=\"2263\" data-end=\"2282\"><span role=\"text\"><strong data-start=\"2265\" data-end=\"2282\">Pro\u010d si vybrat n\u00e1s<\/strong><\/span><\/h1>\n<ul data-start=\"2284\" data-end=\"2526\">\n<li data-section-id=\"3u22ud\" data-start=\"2284\" data-end=\"2343\">Siln\u00e1 v\u00fdrobn\u00ed kapacita pro lo\u017eiska pro t\u011b\u017ek\u00e9 zat\u00ed\u017een\u00ed<\/li>\n<li data-section-id=\"1eol690\" data-start=\"2344\" data-end=\"2382\">K dispozici \u0159e\u0161en\u00ed OEM a na m\u00edru<\/li>\n<li data-section-id=\"1hszmfc\" data-start=\"2383\" data-end=\"2434\">Vysoce kvalitn\u00ed materi\u00e1ly a precizn\u00ed zpracov\u00e1n\u00ed<\/li>\n<li data-section-id=\"rqr2fb\" data-start=\"2435\" data-end=\"2479\">Stabiln\u00ed dod\u00e1vky pro pr\u016fmyslov\u00e9 hromadn\u00e9 objedn\u00e1vky<\/li>\n<li data-section-id=\"bhimnc\" data-start=\"2480\" data-end=\"2526\">Rychl\u00e9 glob\u00e1ln\u00ed dod\u00e1n\u00ed a technick\u00e1 podpora<\/li>\n<\/ul>\n<h1 data-section-id=\"1iusff4\" data-start=\"2533\" data-end=\"2542\"><span role=\"text\"><strong data-start=\"2535\" data-end=\"2542\">\u010casto kladen\u00e9 ot\u00e1zky<\/strong><\/span><\/h1>\n<p data-start=\"2544\" data-end=\"2720\"><strong data-start=\"2544\" data-end=\"2614\">Q1: Jak\u00e1 je hlavn\u00ed v\u00fdhoda sf\u00e9rick\u00fdch v\u00e1le\u010dkov\u00fdch lo\u017eisek 22210?<\/strong><br data-start=\"2614\" data-end=\"2617\" \/>A: Poskytuj\u00ed vysokou nosnost a vynikaj\u00edc\u00ed kompenzaci nesouososti pro aplikace s t\u011b\u017ek\u00fdm zat\u00ed\u017een\u00edm.<\/p>\n<p data-start=\"2722\" data-end=\"2851\"><strong data-start=\"2722\" data-end=\"2768\">Q2: Mohou lo\u017eiska 22210 zvl\u00e1dat axi\u00e1ln\u00ed zat\u00ed\u017een\u00ed?<\/strong><br data-start=\"2768\" data-end=\"2771\" \/>A: Ano, mohou podporovat m\u00edrn\u00e9 axi\u00e1ln\u00ed zat\u00ed\u017een\u00ed krom\u011b t\u011b\u017ek\u00fdch radi\u00e1ln\u00edch zat\u00ed\u017een\u00ed.<\/p>\n<p data-start=\"2853\" data-end=\"2986\"><strong data-start=\"2853\" data-end=\"2895\">Q3: Jsou k dispozici p\u0159izp\u016fsoben\u00e9 verze?<\/strong><br data-start=\"2895\" data-end=\"2898\" \/>A: Ano, nab\u00edz\u00edme OEM p\u0159izp\u016fsoben\u00ed v\u010detn\u011b materi\u00e1l\u016f, v\u016fl\u00ed a t\u0159\u00edd p\u0159esnosti.<\/p>","protected":false},"excerpt":{"rendered":"<p>Tento <strong data-start=\"369\" data-end=\"403\">22210 Sf\u00e9rick\u00e9 v\u00e1le\u010dkov\u00e9 lo\u017eisko<\/strong> je vysoce v\u00fdkonn\u00e9 dvou\u0159ad\u00e9 lo\u017eisko navr\u017een\u00e9 tak, aby zvl\u00e1dalo t\u011b\u017ek\u00e9 radi\u00e1ln\u00ed zat\u00ed\u017een\u00ed a m\u00edrn\u00e9 axi\u00e1ln\u00ed zat\u00ed\u017een\u00ed, zat\u00edmco kompenzuje nesouosost h\u0159\u00eddele. Jeho sf\u00e9rick\u00e1 dr\u00e1ha umo\u017e\u0148uje automatick\u00e9 zarovn\u00e1n\u00ed, co\u017e je ide\u00e1ln\u00ed pro aplikace s ohybem h\u0159\u00eddele, instala\u010dn\u00edmi chybami nebo dynamick\u00fdmi provozn\u00edmi podm\u00ednkami.<\/p>","protected":false},"featured_media":2546,"comment_status":"open","ping_status":"closed","template":"","meta":{"site-sidebar-layout":"default","site-content-layout":"","ast-site-content-layout":"default","site-content-style":"default","site-sidebar-style":"default","ast-global-header-display":"","ast-banner-title-visibility":"","ast-main-header-display":"","ast-hfb-above-header-display":"","ast-hfb-below-header-display":"","ast-hfb-mobile-header-display":"","site-post-title":"","ast-breadcrumbs-content":"","ast-featured-img":"","footer-sml-layout":"","ast-disable-related-posts":"","theme-transparent-header-meta":"default","adv-header-id-meta":"","stick-header-meta":"default","header-above-stick-meta":"","header-main-stick-meta":"","header-below-stick-meta":"","astra-migrate-meta-layouts":"set","ast-page-background-enabled":"default","ast-page-background-meta":{"desktop":{"background-color":"","background-image":"","background-repeat":"repeat","background-position":"center center","background-size":"auto","background-attachment":"scroll","background-type":"","background-media":"","overlay-type":"","overlay-color":"","overlay-opacity":"","overlay-gradient":""},"tablet":{"background-color":"","background-image":"","background-repeat":"repeat","background-position":"center center","background-size":"auto","background-attachment":"scroll","background-type":"","background-media":"","overlay-type":"","overlay-color":"","overlay-opacity":"","overlay-gradient":""},"mobile":{"background-color":"","background-image":"","background-repeat":"repeat","background-position":"center center","background-size":"auto","background-attachment":"scroll","background-type":"","background-media":"","overlay-type":"","overlay-color":"","overlay-opacity":"","overlay-gradient":""}},"ast-content-background-meta":{"desktop":{"background-color":"var(--ast-global-color-5)","background-image":"","background-repeat":"repeat","background-position":"center center","background-size":"auto","background-attachment":"scroll","background-type":"","background-media":"","overlay-type":"","overlay-color":"","overlay-opacity":"","overlay-gradient":""},"tablet":{"background-color":"var(--ast-global-color-5)","background-image":"","background-repeat":"repeat","background-position":"center center","background-size":"auto","background-attachment":"scroll","background-type":"","background-media":"","overlay-type":"","overlay-color":"","overlay-opacity":"","overlay-gradient":""},"mobile":{"background-color":"var(--ast-global-color-5)","background-image":"","background-repeat":"repeat","background-position":"center center","background-size":"auto","background-attachment":"scroll","background-type":"","background-media":"","overlay-type":"","overlay-color":"","overlay-opacity":"","overlay-gradient":""}}},"product_brand":[],"product_cat":[24],"product_tag":[220,209,78,56,51,45,119,72,219,153],"class_list":{"0":"post-2446","1":"product","2":"type-product","3":"status-publish","4":"has-post-thumbnail","6":"product_cat-spherical-roller-bearings","7":"product_tag-22210-bearing","8":"product_tag-conveyor-bearing","9":"product_tag-gearbox-bearing","10":"product_tag-heavy-duty-bearing","11":"product_tag-high-load-bearing","12":"product_tag-industrial-bearing","13":"product_tag-mining-bearing","14":"product_tag-oem-bearing-supplier","15":"product_tag-self-aligning-roller-bearing","16":"product_tag-spherical-roller-bearing","17":"desktop-align-left","18":"tablet-align-left","19":"mobile-align-left","20":"ast-product-gallery-layout-horizontal-slider","21":"ast-product-gallery-with-no-image","22":"ast-product-tabs-layout-horizontal","24":"first","25":"instock","26":"shipping-taxable","27":"product-type-simple"},"_links":{"self":[{"href":"https:\/\/www.machinerybearings.com\/cs\/wp-json\/wp\/v2\/product\/2446","targetHints":{"allow":["GET"]}}],"collection":[{"href":"https:\/\/www.machinerybearings.com\/cs\/wp-json\/wp\/v2\/product"}],"about":[{"href":"https:\/\/www.machinerybearings.com\/cs\/wp-json\/wp\/v2\/types\/product"}],"replies":[{"embeddable":true,"href":"https:\/\/www.machinerybearings.com\/cs\/wp-json\/wp\/v2\/comments?post=2446"}],"wp:featuredmedia":[{"embeddable":true,"href":"https:\/\/www.machinerybearings.com\/cs\/wp-json\/wp\/v2\/media\/2546"}],"wp:attachment":[{"href":"https:\/\/www.machinerybearings.com\/cs\/wp-json\/wp\/v2\/media?parent=2446"}],"wp:term":[{"taxonomy":"product_brand","embeddable":true,"href":"https:\/\/www.machinerybearings.com\/cs\/wp-json\/wp\/v2\/product_brand?post=2446"},{"taxonomy":"product_cat","embeddable":true,"href":"https:\/\/www.machinerybearings.com\/cs\/wp-json\/wp\/v2\/product_cat?post=2446"},{"taxonomy":"product_tag","embeddable":true,"href":"https:\/\/www.machinerybearings.com\/cs\/wp-json\/wp\/v2\/product_tag?post=2446"}],"curies":[{"name":"wp","href":"https:\/\/api.w.org\/{rel}","templated":true}]}}