{"id":2448,"date":"2026-04-13T14:47:11","date_gmt":"2026-04-13T14:47:11","guid":{"rendered":"https:\/\/www.machinerybearings.com\/?post_type=product&#038;p=2448"},"modified":"2026-05-03T05:44:19","modified_gmt":"2026-05-03T05:44:19","slug":"22312-spherical-roller-bearing-heavy-load-self-aligning-bearing-for-industrial-applications","status":"publish","type":"product","link":"https:\/\/www.machinerybearings.com\/cs\/produkt\/22312-spherical-roller-bearing-heavy-load-self-aligning-bearing-for-industrial-applications\/","title":{"rendered":"22312 Sf\u00e9rick\u00e9 v\u00e1le\u010dkov\u00e9 lo\u017eisko \u2013 Samonastaviteln\u00e9 lo\u017eisko pro t\u011b\u017ek\u00e9 zat\u00ed\u017een\u00ed pro pr\u016fmyslov\u00e9 aplikace"},"content":{"rendered":"<p data-start=\"386\" data-end=\"712\">Tento <strong data-start=\"390\" data-end=\"424\">22312 Sf\u00e9rick\u00e9 v\u00e1le\u010dkov\u00e9 lo\u017eisko<\/strong> je t\u011b\u017ek\u00e9, dvou\u0159ad\u00e9 lo\u017eisko navr\u017een\u00e9 tak, aby zvl\u00e1dalo extr\u00e9mn\u011b vysok\u00e9 radi\u00e1ln\u00ed zat\u00ed\u017een\u00ed a m\u00edrn\u00e9 axi\u00e1ln\u00ed zat\u00ed\u017een\u00ed, zat\u00edmco kompenzuje nesouosost h\u0159\u00eddele. Jeho design sf\u00e9rick\u00e9ho b\u011bhounu umo\u017e\u0148uje automatick\u00e9 zarovn\u00e1n\u00ed, co\u017e zaji\u0161\u0165uje stabiln\u00ed v\u00fdkon i p\u0159i ohybu h\u0159\u00eddele nebo instala\u010dn\u00edch chyb\u00e1ch.<\/p>\n<p data-start=\"714\" data-end=\"980\">Ve srovn\u00e1n\u00ed se s\u00e9ri\u00ed 22200 nab\u00edzej\u00ed lo\u017eiska s\u00e9rie 22300 <strong data-start=\"776\" data-end=\"868\">vy\u0161\u0161\u00ed nosnost, v\u011bt\u0161\u00ed odolnost a zlep\u0161enou odolnost proti n\u00e1raz\u016fm a vibrac\u00edm<\/strong>, co\u017e je \u010din\u00ed ide\u00e1ln\u00edmi pro n\u00e1ro\u010dn\u00e1 pr\u016fmyslov\u00e1 prost\u0159ed\u00ed, jako je t\u011b\u017eba, v\u00fdroba oceli a t\u011b\u017ek\u00e9 stroje.<\/p>\n<p data-start=\"982\" data-end=\"1161\">Vyrobeno z vysoce kvalitn\u00ed slitiny nebo chromov\u00e9 oceli, lo\u017eisko 22312 poskytuje vynikaj\u00edc\u00ed pevnost, odolnost proti opot\u0159eben\u00ed a dlouhou \u017eivotnost p\u0159i nep\u0159etr\u017eit\u00fdch podm\u00ednk\u00e1ch t\u011b\u017ek\u00e9ho zat\u00ed\u017een\u00ed.<\/p>\n<h1 data-section-id=\"8av2ty\" data-start=\"1168\" data-end=\"1186\"><span role=\"text\"><strong data-start=\"1170\" data-end=\"1186\">Kl\u00ed\u010dov\u00e9 vlastnosti<\/strong><\/span><\/h1>\n<ul data-start=\"1188\" data-end=\"1516\">\n<li data-section-id=\"1bxkwpw\" data-start=\"1188\" data-end=\"1227\">Extr\u00e9mn\u011b vysok\u00e1 nosnost radi\u00e1ln\u00edho zat\u00ed\u017een\u00ed<\/li>\n<li data-section-id=\"1fr59o7\" data-start=\"1228\" data-end=\"1287\">Samonastaviteln\u00fd design kompenzuje nesouosost h\u0159\u00eddele<\/li>\n<li data-section-id=\"1vl001\" data-start=\"1288\" data-end=\"1332\">Podporuje kombinovan\u00e1 radi\u00e1ln\u00ed a axi\u00e1ln\u00ed zat\u00ed\u017een\u00ed<\/li>\n<li data-section-id=\"rdribk\" data-start=\"1333\" data-end=\"1379\">Vynikaj\u00edc\u00ed odolnost proti n\u00e1raz\u016fm a vibrac\u00edm<\/li>\n<li data-section-id=\"1vtlpw4\" data-start=\"1380\" data-end=\"1432\">Zpevn\u011bn\u00e1 konstrukce pro aplikace s t\u011b\u017ek\u00fdm zat\u00ed\u017een\u00edm<\/li>\n<li data-section-id=\"js9du9\" data-start=\"1433\" data-end=\"1477\">Dlouh\u00e1 \u017eivotnost za drsn\u00fdch podm\u00ednek<\/li>\n<li data-section-id=\"1mpt223\" data-start=\"1478\" data-end=\"1516\">Hladk\u00fd provoz s n\u00edzk\u00fdm t\u0159en\u00edm<\/li>\n<\/ul>\n<h1 data-section-id=\"10k15yz\" data-start=\"1523\" data-end=\"1553\"><span role=\"text\"><strong data-start=\"1525\" data-end=\"1553\">Technick\u00e9 specifikace<\/strong><\/span><\/h1>\n<div class=\"TyagGW_tableContainer\">\n<div class=\"group TyagGW_tableWrapper flex flex-col-reverse w-fit\" tabindex=\"-1\">\n<table class=\"w-fit min-w-(--thread-content-width)\" data-start=\"1555\" data-end=\"1971\">\n<thead data-start=\"1555\" data-end=\"1576\">\n<tr data-start=\"1555\" data-end=\"1576\">\n<th class=\"\" data-start=\"1555\" data-end=\"1567\" data-col-size=\"sm\">Parametr<\/th>\n<th class=\"\" data-start=\"1567\" data-end=\"1576\" data-col-size=\"sm\">Hodnota<\/th>\n<\/tr>\n<\/thead>\n<tbody data-start=\"1597\" data-end=\"1971\">\n<tr data-start=\"1597\" data-end=\"1622\">\n<td data-start=\"1597\" data-end=\"1613\" data-col-size=\"sm\">Model lo\u017eiska<\/td>\n<td data-start=\"1613\" data-end=\"1622\" data-col-size=\"sm\">22312<\/td>\n<\/tr>\n<tr data-start=\"1623\" data-end=\"1653\">\n<td data-start=\"1623\" data-end=\"1644\" data-col-size=\"sm\">Vnit\u0159n\u00ed pr\u016fm\u011br (d)<\/td>\n<td data-col-size=\"sm\" data-start=\"1644\" data-end=\"1653\">60 mm<\/td>\n<\/tr>\n<tr data-start=\"1654\" data-end=\"1685\">\n<td data-start=\"1654\" data-end=\"1675\" data-col-size=\"sm\">Vn\u011bj\u0161\u00ed pr\u016fm\u011br (D)<\/td>\n<td data-start=\"1675\" data-end=\"1685\" data-col-size=\"sm\">130 mm<\/td>\n<\/tr>\n<tr data-start=\"1686\" data-end=\"1707\">\n<td data-start=\"1686\" data-end=\"1698\" data-col-size=\"sm\">\u0160\u00ed\u0159ka (B)<\/td>\n<td data-start=\"1698\" data-end=\"1707\" data-col-size=\"sm\">46 mm<\/td>\n<\/tr>\n<tr data-start=\"1708\" data-end=\"1751\">\n<td data-start=\"1708\" data-end=\"1723\" data-col-size=\"sm\">Typ lo\u017eiska<\/td>\n<td data-start=\"1723\" data-end=\"1751\" data-col-size=\"sm\">Sf\u00e9rick\u00e9 v\u00e1le\u010dkov\u00e9 lo\u017eisko<\/td>\n<\/tr>\n<tr data-start=\"1752\" data-end=\"1785\">\n<td data-start=\"1752\" data-end=\"1764\" data-col-size=\"sm\">Konstrukce<\/td>\n<td data-start=\"1764\" data-end=\"1785\" data-col-size=\"sm\">Dvou\u0159ad\u00fd v\u00e1le\u010dek<\/td>\n<\/tr>\n<tr data-start=\"1786\" data-end=\"1827\">\n<td data-start=\"1786\" data-end=\"1797\" data-col-size=\"sm\">Materi\u00e1l<\/td>\n<td data-start=\"1797\" data-end=\"1827\" data-col-size=\"sm\">Chromov\u00e1 ocel \/ Slitinov\u00e1 ocel<\/td>\n<\/tr>\n<tr data-start=\"1828\" data-end=\"1861\">\n<td data-start=\"1828\" data-end=\"1844\" data-col-size=\"sm\">Materi\u00e1l klece<\/td>\n<td data-start=\"1844\" data-end=\"1861\" data-col-size=\"sm\">Ocel \/ Mosaz<\/td>\n<\/tr>\n<tr data-start=\"1862\" data-end=\"1892\">\n<td data-start=\"1862\" data-end=\"1876\" data-col-size=\"sm\">Maz\u00e1n\u00ed<\/td>\n<td data-start=\"1876\" data-end=\"1892\" data-col-size=\"sm\">Mazivo \/ Olej<\/td>\n<\/tr>\n<tr data-start=\"1893\" data-end=\"1928\">\n<td data-start=\"1893\" data-end=\"1912\" data-col-size=\"sm\">T\u0159\u00edda p\u0159esnosti<\/td>\n<td data-start=\"1912\" data-end=\"1928\" data-col-size=\"sm\">P0 \/ P6 \/ P5<\/td>\n<\/tr>\n<tr data-start=\"1929\" data-end=\"1971\">\n<td data-start=\"1929\" data-end=\"1953\" data-col-size=\"sm\">Prev\u00e1dzkov\u00e1 teplota<\/td>\n<td data-start=\"1953\" data-end=\"1971\" data-col-size=\"sm\">-20\u00b0C a\u017e 150\u00b0C<\/td>\n<\/tr>\n<\/tbody>\n<\/table>\n<\/div>\n<\/div>\n<h1 data-section-id=\"1p00fbj\" data-start=\"1978\" data-end=\"1996\"><span role=\"text\"><strong data-start=\"1980\" data-end=\"1996\">Aplikace<\/strong><\/span><\/h1>\n<p data-start=\"1998\" data-end=\"2051\">Sf\u00e9rick\u00e9 v\u00e1le\u010dkov\u00e9 lo\u017eisko 22312 se \u0161iroce pou\u017e\u00edv\u00e1 v:<\/p>\n<ul data-start=\"2053\" data-end=\"2234\">\n<li data-section-id=\"byc78f\" data-start=\"2053\" data-end=\"2084\">Za\u0159\u00edzen\u00ed pro t\u011b\u017ebu a lomy<\/li>\n<li data-section-id=\"10jsg4s\" data-start=\"2085\" data-end=\"2122\">Ocel\u00e1rn\u00e1ch a v\u00e1lcovac\u00edch stroj\u00edch<\/li>\n<li data-section-id=\"siir4p\" data-start=\"2123\" data-end=\"2154\">Syst\u00e9mech dopravn\u00edk\u016f pro t\u011b\u017ek\u00e9 zat\u00ed\u017een\u00ed<\/li>\n<li data-section-id=\"1tqmi6a\" data-start=\"2155\" data-end=\"2182\">Link\u00e1ch na v\u00fdrobu cementu<\/li>\n<li data-section-id=\"942l0d\" data-start=\"2183\" data-end=\"2207\">Pr\u016fmyslov\u00e9 p\u0159evodovky<\/li>\n<li data-section-id=\"19d9gij\" data-start=\"2208\" data-end=\"2234\">Stavebn\u00edch stroj\u00edch<\/li>\n<\/ul>\n<h1 data-section-id=\"zdmnob\" data-start=\"2241\" data-end=\"2260\"><span role=\"text\"><strong data-start=\"2243\" data-end=\"2260\">Pro\u010d si vybrat n\u00e1s<\/strong><\/span><\/h1>\n<ul data-start=\"2262\" data-end=\"2521\">\n<li data-section-id=\"1ygtht\" data-start=\"2262\" data-end=\"2318\">Siln\u00e1 odbornost v oblasti v\u00fdroby lo\u017eisek pro t\u011b\u017ek\u00e9 zat\u00ed\u017een\u00ed<\/li>\n<li data-section-id=\"8lis3h\" data-start=\"2319\" data-end=\"2369\">K dispozici jsou OEM a vlastn\u00ed in\u017een\u00fdrsk\u00e1 \u0159e\u0161en\u00ed<\/li>\n<li data-section-id=\"gy7e8t\" data-start=\"2370\" data-end=\"2424\">Vysoce kvalitn\u00ed materi\u00e1ly s p\u0159\u00edsnou kontrolou kvality<\/li>\n<li data-section-id=\"h81w5g\" data-start=\"2425\" data-end=\"2474\">Spolehliv\u00e1 dod\u00e1vka pro velk\u00e9 pr\u016fmyslov\u00e9 projekty<\/li>\n<li data-section-id=\"bhimnc\" data-start=\"2475\" data-end=\"2521\">Rychl\u00e9 glob\u00e1ln\u00ed dod\u00e1n\u00ed a technick\u00e1 podpora<\/li>\n<\/ul>\n<h1 data-section-id=\"1iusff4\" data-start=\"2528\" data-end=\"2537\"><span role=\"text\"><strong data-start=\"2530\" data-end=\"2537\">\u010casto kladen\u00e9 ot\u00e1zky<\/strong><\/span><\/h1>\n<p data-start=\"2539\" data-end=\"2727\"><strong data-start=\"2539\" data-end=\"2606\">Q1: Jak\u00fd je rozd\u00edl mezi lo\u017eisky s\u00e9rie 222 a 223?<\/strong><br data-start=\"2606\" data-end=\"2609\" \/>A: S\u00e9rie 223 m\u00e1 vy\u0161\u0161\u00ed nosnost a je navr\u017eena pro t\u011b\u017e\u0161\u00ed aplikace ve srovn\u00e1n\u00ed se s\u00e9ri\u00ed 222.<\/p>\n<p data-start=\"2729\" data-end=\"2883\"><strong data-start=\"2729\" data-end=\"2780\">Q2: Je 22312 vhodn\u00e9 pro t\u011b\u017ek\u00e9 pr\u016fmyslov\u00e9 pou\u017eit\u00ed?<\/strong><br data-start=\"2780\" data-end=\"2783\" \/>A: Ano, je speci\u00e1ln\u011b navr\u017eeno pro extr\u00e9mn\u00ed zat\u011b\u017eovac\u00ed podm\u00ednky v pr\u016fmyslech, jako je t\u011b\u017eba a ocel\u00e1\u0159stv\u00ed.<\/p>\n<p data-start=\"2885\" data-end=\"3022\"><strong data-start=\"2885\" data-end=\"2930\">Q3: M\u016f\u017ee toto lo\u017eisko zvl\u00e1dnout nesouosost?<\/strong><br data-start=\"2930\" data-end=\"2933\" \/>A: Ano, kulov\u00fd design umo\u017e\u0148uje automatick\u00e9 zarovn\u00e1n\u00ed a sni\u017euje nap\u011bt\u00ed v syst\u00e9mu.<\/p>","protected":false},"excerpt":{"rendered":"<p>Tento <strong data-start=\"390\" data-end=\"424\">22312 Sf\u00e9rick\u00e9 v\u00e1le\u010dkov\u00e9 lo\u017eisko<\/strong> je t\u011b\u017ek\u00e9, dvou\u0159ad\u00e9 lo\u017eisko navr\u017een\u00e9 tak, aby zvl\u00e1dalo extr\u00e9mn\u011b vysok\u00e9 radi\u00e1ln\u00ed zat\u00ed\u017een\u00ed a m\u00edrn\u00e9 axi\u00e1ln\u00ed zat\u00ed\u017een\u00ed, zat\u00edmco kompenzuje nesouosost h\u0159\u00eddele. Jeho design sf\u00e9rick\u00e9ho b\u011bhounu umo\u017e\u0148uje automatick\u00e9 zarovn\u00e1n\u00ed, co\u017e zaji\u0161\u0165uje stabiln\u00ed v\u00fdkon i p\u0159i ohybu h\u0159\u00eddele nebo instala\u010dn\u00edch chyb\u00e1ch.<\/p>","protected":false},"featured_media":2536,"comment_status":"open","ping_status":"closed","template":"","meta":{"site-sidebar-layout":"default","site-content-layout":"","ast-site-content-layout":"default","site-content-style":"default","site-sidebar-style":"default","ast-global-header-display":"","ast-banner-title-visibility":"","ast-main-header-display":"","ast-hfb-above-header-display":"","ast-hfb-below-header-display":"","ast-hfb-mobile-header-display":"","site-post-title":"","ast-breadcrumbs-content":"","ast-featured-img":"","footer-sml-layout":"","ast-disable-related-posts":"","theme-transparent-header-meta":"default","adv-header-id-meta":"","stick-header-meta":"default","header-above-stick-meta":"","header-main-stick-meta":"","header-below-stick-meta":"","astra-migrate-meta-layouts":"set","ast-page-background-enabled":"default","ast-page-background-meta":{"desktop":{"background-color":"","background-image":"","background-repeat":"repeat","background-position":"center center","background-size":"auto","background-attachment":"scroll","background-type":"","background-media":"","overlay-type":"","overlay-color":"","overlay-opacity":"","overlay-gradient":""},"tablet":{"background-color":"","background-image":"","background-repeat":"repeat","background-position":"center center","background-size":"auto","background-attachment":"scroll","background-type":"","background-media":"","overlay-type":"","overlay-color":"","overlay-opacity":"","overlay-gradient":""},"mobile":{"background-color":"","background-image":"","background-repeat":"repeat","background-position":"center center","background-size":"auto","background-attachment":"scroll","background-type":"","background-media":"","overlay-type":"","overlay-color":"","overlay-opacity":"","overlay-gradient":""}},"ast-content-background-meta":{"desktop":{"background-color":"var(--ast-global-color-5)","background-image":"","background-repeat":"repeat","background-position":"center center","background-size":"auto","background-attachment":"scroll","background-type":"","background-media":"","overlay-type":"","overlay-color":"","overlay-opacity":"","overlay-gradient":""},"tablet":{"background-color":"var(--ast-global-color-5)","background-image":"","background-repeat":"repeat","background-position":"center center","background-size":"auto","background-attachment":"scroll","background-type":"","background-media":"","overlay-type":"","overlay-color":"","overlay-opacity":"","overlay-gradient":""},"mobile":{"background-color":"var(--ast-global-color-5)","background-image":"","background-repeat":"repeat","background-position":"center center","background-size":"auto","background-attachment":"scroll","background-type":"","background-media":"","overlay-type":"","overlay-color":"","overlay-opacity":"","overlay-gradient":""}}},"product_brand":[],"product_cat":[24],"product_tag":[221,209,78,151,45,119,72,219,153,150],"class_list":{"0":"post-2448","1":"product","2":"type-product","3":"status-publish","4":"has-post-thumbnail","6":"product_cat-spherical-roller-bearings","7":"product_tag-22312-bearing","8":"product_tag-conveyor-bearing","9":"product_tag-gearbox-bearing","10":"product_tag-heavy-load-bearing","11":"product_tag-industrial-bearing","12":"product_tag-mining-bearing","13":"product_tag-oem-bearing-supplier","14":"product_tag-self-aligning-roller-bearing","15":"product_tag-spherical-roller-bearing","16":"product_tag-steel-mill-bearing","17":"desktop-align-left","18":"tablet-align-left","19":"mobile-align-left","20":"ast-product-gallery-layout-horizontal-slider","21":"ast-product-gallery-with-no-image","22":"ast-product-tabs-layout-horizontal","24":"first","25":"instock","26":"shipping-taxable","27":"product-type-simple"},"_links":{"self":[{"href":"https:\/\/www.machinerybearings.com\/cs\/wp-json\/wp\/v2\/product\/2448","targetHints":{"allow":["GET"]}}],"collection":[{"href":"https:\/\/www.machinerybearings.com\/cs\/wp-json\/wp\/v2\/product"}],"about":[{"href":"https:\/\/www.machinerybearings.com\/cs\/wp-json\/wp\/v2\/types\/product"}],"replies":[{"embeddable":true,"href":"https:\/\/www.machinerybearings.com\/cs\/wp-json\/wp\/v2\/comments?post=2448"}],"wp:featuredmedia":[{"embeddable":true,"href":"https:\/\/www.machinerybearings.com\/cs\/wp-json\/wp\/v2\/media\/2536"}],"wp:attachment":[{"href":"https:\/\/www.machinerybearings.com\/cs\/wp-json\/wp\/v2\/media?parent=2448"}],"wp:term":[{"taxonomy":"product_brand","embeddable":true,"href":"https:\/\/www.machinerybearings.com\/cs\/wp-json\/wp\/v2\/product_brand?post=2448"},{"taxonomy":"product_cat","embeddable":true,"href":"https:\/\/www.machinerybearings.com\/cs\/wp-json\/wp\/v2\/product_cat?post=2448"},{"taxonomy":"product_tag","embeddable":true,"href":"https:\/\/www.machinerybearings.com\/cs\/wp-json\/wp\/v2\/product_tag?post=2448"}],"curies":[{"name":"wp","href":"https:\/\/api.w.org\/{rel}","templated":true}]}}