{"id":2449,"date":"2026-04-13T14:51:13","date_gmt":"2026-04-13T14:51:13","guid":{"rendered":"https:\/\/www.machinerybearings.com\/?post_type=product&#038;p=2449"},"modified":"2026-05-03T05:40:19","modified_gmt":"2026-05-03T05:40:19","slug":"23022-spherical-roller-bearing-large-size-heavy-load-bearing-for-industrial-machinery","status":"publish","type":"product","link":"https:\/\/www.machinerybearings.com\/cs\/produkt\/23022-spherical-roller-bearing-large-size-heavy-load-bearing-for-industrial-machinery\/","title":{"rendered":"23022 Sf\u00e9rick\u00e9 v\u00e1le\u010dkov\u00e9 lo\u017eisko \u2013 Velk\u00e9 lo\u017eisko pro t\u011b\u017ek\u00e9 zat\u00ed\u017een\u00ed pro pr\u016fmyslov\u00e9 stroje"},"content":{"rendered":"<p data-start=\"383\" data-end=\"755\">Tento <strong data-start=\"387\" data-end=\"421\">23022 Sf\u00e9rick\u00e9 v\u00e1le\u010dkov\u00e9 lo\u017eisko<\/strong> je velk\u00e9, t\u011b\u017ek\u00e9 lo\u017eisko navr\u017een\u00e9 pro podporu extr\u00e9mn\u011b vysok\u00fdch radi\u00e1ln\u00edch zat\u00ed\u017een\u00ed a m\u00edrn\u00fdch axi\u00e1ln\u00edch zat\u00ed\u017een\u00ed v n\u00e1ro\u010dn\u00fdch pr\u016fmyslov\u00fdch prost\u0159ed\u00edch. Jeho dvou\u0159ad\u00e1 v\u00e1le\u010dkov\u00e1 struktura a sf\u00e9rick\u00e1 dr\u00e1ha umo\u017e\u0148uj\u00ed automatick\u00e9 zarovn\u00e1n\u00ed, co\u017e ho \u010din\u00ed vysoce vhodn\u00fdm pro aplikace zahrnuj\u00edc\u00ed nesouosost h\u0159\u00eddele, ohyb nebo siln\u00e9 vibrace.<\/p>\n<p data-start=\"757\" data-end=\"1072\">Jako sou\u010d\u00e1st s\u00e9rie 23000 m\u00e1 lo\u017eisko 23022 \u0161ir\u0161\u00ed pr\u016f\u0159ez a zv\u00fd\u0161enou nosnost ve srovn\u00e1n\u00ed s men\u0161\u00edmi modely, co\u017e ho \u010din\u00ed ide\u00e1ln\u00edm pro velk\u00e9 stroje a t\u011b\u017ek\u00e9 pr\u016fmyslov\u00e9 syst\u00e9my. Zaji\u0161\u0165uje stabiln\u00ed provoz, sn\u00ed\u017een\u00e9 t\u0159en\u00ed a prodlou\u017eenou \u017eivotnost i p\u0159i nep\u0159etr\u017eit\u00e9m vysok\u00e9m zat\u00ed\u017een\u00ed.<\/p>\n<p data-start=\"1074\" data-end=\"1237\">Vyrobeno z vysoce kvalitn\u00ed slitiny nebo chromov\u00e9 oceli, toto lo\u017eisko poskytuje vynikaj\u00edc\u00ed odolnost proti opot\u0159eben\u00ed, trvanlivost a spolehlivost v drsn\u00fdch provozn\u00edch podm\u00ednk\u00e1ch.<\/p>\n<h1 data-section-id=\"8av2ty\" data-start=\"1244\" data-end=\"1262\"><span role=\"text\"><strong data-start=\"1246\" data-end=\"1262\">Kl\u00ed\u010dov\u00e9 vlastnosti<\/strong><\/span><\/h1>\n<ul data-start=\"1264\" data-end=\"1618\">\n<li data-section-id=\"xw7v8y\" data-start=\"1264\" data-end=\"1320\">Velk\u00e9 lo\u017eisko pro t\u011b\u017ek\u00e9 pr\u016fmyslov\u00e9 aplikace<\/li>\n<li data-section-id=\"1bxkwpw\" data-start=\"1321\" data-end=\"1360\">Extr\u00e9mn\u011b vysok\u00e1 nosnost radi\u00e1ln\u00edho zat\u00ed\u017een\u00ed<\/li>\n<li data-section-id=\"1fr59o7\" data-start=\"1361\" data-end=\"1420\">Samonastaviteln\u00fd design kompenzuje nesouosost h\u0159\u00eddele<\/li>\n<li data-section-id=\"1vl001\" data-start=\"1421\" data-end=\"1465\">Podporuje kombinovan\u00e1 radi\u00e1ln\u00ed a axi\u00e1ln\u00ed zat\u00ed\u017een\u00ed<\/li>\n<li data-section-id=\"1n39sdg\" data-start=\"1466\" data-end=\"1519\">Vynikaj\u00edc\u00ed odolnost proti vibrac\u00edm a n\u00e1razov\u00fdm zat\u00ed\u017een\u00edm<\/li>\n<li data-section-id=\"jg05ft\" data-start=\"1520\" data-end=\"1568\">Dlouh\u00e1 \u017eivotnost p\u0159i nep\u0159etr\u017eit\u00e9m provozu<\/li>\n<li data-section-id=\"a2gkmg\" data-start=\"1569\" data-end=\"1618\">Vhodn\u00e9 pro drsn\u00e9 a n\u00e1ro\u010dn\u00e9 prost\u0159ed\u00ed<\/li>\n<\/ul>\n<h1 data-section-id=\"10k15yz\" data-start=\"1625\" data-end=\"1655\"><span role=\"text\"><strong data-start=\"1627\" data-end=\"1655\">Technick\u00e9 specifikace<\/strong><\/span><\/h1>\n<div class=\"TyagGW_tableContainer\">\n<div class=\"group TyagGW_tableWrapper flex flex-col-reverse w-fit\" tabindex=\"-1\">\n<table class=\"w-fit min-w-(--thread-content-width)\" data-start=\"1657\" data-end=\"2074\">\n<thead data-start=\"1657\" data-end=\"1678\">\n<tr data-start=\"1657\" data-end=\"1678\">\n<th class=\"\" data-start=\"1657\" data-end=\"1669\" data-col-size=\"sm\">Parametr<\/th>\n<th class=\"\" data-start=\"1669\" data-end=\"1678\" data-col-size=\"sm\">Hodnota<\/th>\n<\/tr>\n<\/thead>\n<tbody data-start=\"1699\" data-end=\"2074\">\n<tr data-start=\"1699\" data-end=\"1724\">\n<td data-start=\"1699\" data-end=\"1715\" data-col-size=\"sm\">Model lo\u017eiska<\/td>\n<td data-start=\"1715\" data-end=\"1724\" data-col-size=\"sm\">23022<\/td>\n<\/tr>\n<tr data-start=\"1725\" data-end=\"1756\">\n<td data-start=\"1725\" data-end=\"1746\" data-col-size=\"sm\">Vnit\u0159n\u00ed pr\u016fm\u011br (d)<\/td>\n<td data-start=\"1746\" data-end=\"1756\" data-col-size=\"sm\">110 mm<\/td>\n<\/tr>\n<tr data-start=\"1757\" data-end=\"1788\">\n<td data-start=\"1757\" data-end=\"1778\" data-col-size=\"sm\">Vn\u011bj\u0161\u00ed pr\u016fm\u011br (D)<\/td>\n<td data-start=\"1778\" data-end=\"1788\" data-col-size=\"sm\">170 mm<\/td>\n<\/tr>\n<tr data-start=\"1789\" data-end=\"1810\">\n<td data-start=\"1789\" data-end=\"1801\" data-col-size=\"sm\">\u0160\u00ed\u0159ka (B)<\/td>\n<td data-start=\"1801\" data-end=\"1810\" data-col-size=\"sm\">45 mm<\/td>\n<\/tr>\n<tr data-start=\"1811\" data-end=\"1854\">\n<td data-start=\"1811\" data-end=\"1826\" data-col-size=\"sm\">Typ lo\u017eiska<\/td>\n<td data-start=\"1826\" data-end=\"1854\" data-col-size=\"sm\">Sf\u00e9rick\u00e9 v\u00e1le\u010dkov\u00e9 lo\u017eisko<\/td>\n<\/tr>\n<tr data-start=\"1855\" data-end=\"1888\">\n<td data-start=\"1855\" data-end=\"1867\" data-col-size=\"sm\">Konstrukce<\/td>\n<td data-start=\"1867\" data-end=\"1888\" data-col-size=\"sm\">Dvou\u0159ad\u00fd v\u00e1le\u010dek<\/td>\n<\/tr>\n<tr data-start=\"1889\" data-end=\"1930\">\n<td data-start=\"1889\" data-end=\"1900\" data-col-size=\"sm\">Materi\u00e1l<\/td>\n<td data-start=\"1900\" data-end=\"1930\" data-col-size=\"sm\">Chromov\u00e1 ocel \/ Slitinov\u00e1 ocel<\/td>\n<\/tr>\n<tr data-start=\"1931\" data-end=\"1964\">\n<td data-start=\"1931\" data-end=\"1947\" data-col-size=\"sm\">Materi\u00e1l klece<\/td>\n<td data-col-size=\"sm\" data-start=\"1947\" data-end=\"1964\">Ocel \/ Mosaz<\/td>\n<\/tr>\n<tr data-start=\"1965\" data-end=\"1995\">\n<td data-start=\"1965\" data-end=\"1979\" data-col-size=\"sm\">Maz\u00e1n\u00ed<\/td>\n<td data-start=\"1979\" data-end=\"1995\" data-col-size=\"sm\">Mazivo \/ Olej<\/td>\n<\/tr>\n<tr data-start=\"1996\" data-end=\"2031\">\n<td data-start=\"1996\" data-end=\"2015\" data-col-size=\"sm\">T\u0159\u00edda p\u0159esnosti<\/td>\n<td data-start=\"2015\" data-end=\"2031\" data-col-size=\"sm\">P0 \/ P6 \/ P5<\/td>\n<\/tr>\n<tr data-start=\"2032\" data-end=\"2074\">\n<td data-start=\"2032\" data-end=\"2056\" data-col-size=\"sm\">Prev\u00e1dzkov\u00e1 teplota<\/td>\n<td data-start=\"2056\" data-end=\"2074\" data-col-size=\"sm\">-20\u00b0C a\u017e 150\u00b0C<\/td>\n<\/tr>\n<\/tbody>\n<\/table>\n<\/div>\n<\/div>\n<h1 data-section-id=\"1p00fbj\" data-start=\"2081\" data-end=\"2099\"><span role=\"text\"><strong data-start=\"2083\" data-end=\"2099\">Aplikace<\/strong><\/span><\/h1>\n<p data-start=\"2101\" data-end=\"2154\">Sf\u00e9rick\u00e9 v\u00e1le\u010dkov\u00e9 lo\u017eisko 23022 se \u0161iroce pou\u017e\u00edv\u00e1 v:<\/p>\n<ul data-start=\"2156\" data-end=\"2353\">\n<li data-section-id=\"ew3yor\" data-start=\"2156\" data-end=\"2187\">T\u011b\u017eebn\u00edch a kamenolomov\u00fdch stroj\u00edch<\/li>\n<li data-section-id=\"vrb1u3\" data-start=\"2188\" data-end=\"2231\">Ocel\u00e1rn\u00e1ch a t\u011b\u017ek\u00fdch v\u00e1lcovac\u00edch za\u0159\u00edzen\u00edch<\/li>\n<li data-section-id=\"oy2bti\" data-start=\"2232\" data-end=\"2258\">Velk\u00fdch dopravn\u00edch syst\u00e9mech<\/li>\n<li data-section-id=\"1tqmi6a\" data-start=\"2259\" data-end=\"2286\">Link\u00e1ch na v\u00fdrobu cementu<\/li>\n<li data-section-id=\"oxv5q8\" data-start=\"2287\" data-end=\"2322\">V\u011btrn\u00e9 energii a energetick\u00fdch za\u0159\u00edzen\u00edch<\/li>\n<li data-section-id=\"qz39ge\" data-start=\"2323\" data-end=\"2353\">T\u011b\u017ek\u00fdch pr\u016fmyslov\u00fdch p\u0159evodovk\u00e1ch<\/li>\n<\/ul>\n<h1 data-section-id=\"zdmnob\" data-start=\"2360\" data-end=\"2379\"><span role=\"text\"><strong data-start=\"2362\" data-end=\"2379\">Pro\u010d si vybrat n\u00e1s<\/strong><\/span><\/h1>\n<ul data-start=\"2381\" data-end=\"2655\">\n<li data-section-id=\"1u48kst\" data-start=\"2381\" data-end=\"2438\">Siln\u00e1 schopnost ve v\u00fdrob\u011b velk\u00fdch lo\u017eisek<\/li>\n<li data-section-id=\"1otcjj4\" data-start=\"2439\" data-end=\"2498\">OEM a vlastn\u00ed \u0159e\u0161en\u00ed dostupn\u00e1 pro t\u011b\u017ek\u00fd pr\u016fmysl<\/li>\n<li data-section-id=\"u3pp8e\" data-start=\"2499\" data-end=\"2554\">Vysoce kvalitn\u00ed materi\u00e1ly s pokro\u010dil\u00fdm tepeln\u00fdm zpracov\u00e1n\u00edm<\/li>\n<li data-section-id=\"1yivzpg\" data-start=\"2555\" data-end=\"2608\">Stabiln\u00ed dod\u00e1vky pro velk\u00e9 pr\u016fmyslov\u00e9 projekty<\/li>\n<li data-section-id=\"bhimnc\" data-start=\"2609\" data-end=\"2655\">Rychl\u00e9 glob\u00e1ln\u00ed dod\u00e1n\u00ed a technick\u00e1 podpora<\/li>\n<\/ul>\n<h1 data-section-id=\"1iusff4\" data-start=\"2662\" data-end=\"2671\"><span role=\"text\"><strong data-start=\"2664\" data-end=\"2671\">\u010casto kladen\u00e9 ot\u00e1zky<\/strong><\/span><\/h1>\n<p data-start=\"2673\" data-end=\"2846\"><strong data-start=\"2673\" data-end=\"2721\">Q1: Co d\u011bl\u00e1 23022 \u201clo\u017eiskem velk\u00e9 velikosti\u201d?<\/strong><br data-start=\"2721\" data-end=\"2724\" \/>A: Jeho v\u011bt\u0161\u00ed rozm\u011bry a vy\u0161\u0161\u00ed nosnost ho \u010din\u00ed vhodn\u00fdm pro t\u011b\u017ek\u00e9 pr\u016fmyslov\u00e9 stroje a velk\u00e9 h\u0159\u00eddelov\u00e9 syst\u00e9my.<\/p>\n<p data-start=\"2848\" data-end=\"3000\"><strong data-start=\"2848\" data-end=\"2893\">Q2: M\u016f\u017ee toto lo\u017eisko zvl\u00e1dnout nesouosost?<\/strong><br data-start=\"2893\" data-end=\"2896\" \/>A: Ano, design sf\u00e9rick\u00fdch v\u00e1lcov\u00fdch lo\u017eisek umo\u017e\u0148uje automatick\u00e9 zarovn\u00e1n\u00ed a sni\u017euje nap\u011bt\u00ed zp\u016fsoben\u00e9 ohybem h\u0159\u00eddele.<\/p>\n<p data-start=\"3002\" data-end=\"3147\"><strong data-start=\"3002\" data-end=\"3056\">Q3: Je k dispozici p\u0159izp\u016fsoben\u00ed pro velk\u00e1 lo\u017eiska?<\/strong><br data-start=\"3056\" data-end=\"3059\" \/>A: Ano, nab\u00edz\u00edme OEM p\u0159izp\u016fsoben\u00ed v\u010detn\u011b materi\u00e1l\u016f, v\u016fl\u00ed a speci\u00e1ln\u00edch povlak\u016f.<\/p>","protected":false},"excerpt":{"rendered":"<p>Tento <strong data-start=\"387\" data-end=\"421\">23022 Sf\u00e9rick\u00e9 v\u00e1le\u010dkov\u00e9 lo\u017eisko<\/strong> je velk\u00e9, t\u011b\u017ek\u00e9 lo\u017eisko navr\u017een\u00e9 pro podporu extr\u00e9mn\u011b vysok\u00fdch radi\u00e1ln\u00edch zat\u00ed\u017een\u00ed a m\u00edrn\u00fdch axi\u00e1ln\u00edch zat\u00ed\u017een\u00ed v n\u00e1ro\u010dn\u00fdch pr\u016fmyslov\u00fdch prost\u0159ed\u00edch. Jeho dvou\u0159ad\u00e1 v\u00e1le\u010dkov\u00e1 struktura a sf\u00e9rick\u00e1 dr\u00e1ha umo\u017e\u0148uj\u00ed automatick\u00e9 zarovn\u00e1n\u00ed, co\u017e ho \u010din\u00ed vysoce vhodn\u00fdm pro aplikace zahrnuj\u00edc\u00ed nesouosost h\u0159\u00eddele, ohyb nebo siln\u00e9 vibrace.<\/p>","protected":false},"featured_media":2535,"comment_status":"open","ping_status":"closed","template":"","meta":{"site-sidebar-layout":"default","site-content-layout":"","ast-site-content-layout":"default","site-content-style":"default","site-sidebar-style":"default","ast-global-header-display":"","ast-banner-title-visibility":"","ast-main-header-display":"","ast-hfb-above-header-display":"","ast-hfb-below-header-display":"","ast-hfb-mobile-header-display":"","site-post-title":"","ast-breadcrumbs-content":"","ast-featured-img":"","footer-sml-layout":"","ast-disable-related-posts":"","theme-transparent-header-meta":"default","adv-header-id-meta":"","stick-header-meta":"default","header-above-stick-meta":"","header-main-stick-meta":"","header-below-stick-meta":"","astra-migrate-meta-layouts":"set","ast-page-background-enabled":"default","ast-page-background-meta":{"desktop":{"background-color":"","background-image":"","background-repeat":"repeat","background-position":"center center","background-size":"auto","background-attachment":"scroll","background-type":"","background-media":"","overlay-type":"","overlay-color":"","overlay-opacity":"","overlay-gradient":""},"tablet":{"background-color":"","background-image":"","background-repeat":"repeat","background-position":"center center","background-size":"auto","background-attachment":"scroll","background-type":"","background-media":"","overlay-type":"","overlay-color":"","overlay-opacity":"","overlay-gradient":""},"mobile":{"background-color":"","background-image":"","background-repeat":"repeat","background-position":"center center","background-size":"auto","background-attachment":"scroll","background-type":"","background-media":"","overlay-type":"","overlay-color":"","overlay-opacity":"","overlay-gradient":""}},"ast-content-background-meta":{"desktop":{"background-color":"var(--ast-global-color-5)","background-image":"","background-repeat":"repeat","background-position":"center center","background-size":"auto","background-attachment":"scroll","background-type":"","background-media":"","overlay-type":"","overlay-color":"","overlay-opacity":"","overlay-gradient":""},"tablet":{"background-color":"var(--ast-global-color-5)","background-image":"","background-repeat":"repeat","background-position":"center center","background-size":"auto","background-attachment":"scroll","background-type":"","background-media":"","overlay-type":"","overlay-color":"","overlay-opacity":"","overlay-gradient":""},"mobile":{"background-color":"var(--ast-global-color-5)","background-image":"","background-repeat":"repeat","background-position":"center center","background-size":"auto","background-attachment":"scroll","background-type":"","background-media":"","overlay-type":"","overlay-color":"","overlay-opacity":"","overlay-gradient":""}}},"product_brand":[],"product_cat":[24],"product_tag":[222,209,78,56,45,57,119,72,153,150],"class_list":{"0":"post-2449","1":"product","2":"type-product","3":"status-publish","4":"has-post-thumbnail","6":"product_cat-spherical-roller-bearings","7":"product_tag-23022-bearing","8":"product_tag-conveyor-bearing","9":"product_tag-gearbox-bearing","10":"product_tag-heavy-duty-bearing","11":"product_tag-industrial-bearing","12":"product_tag-large-size-bearing","13":"product_tag-mining-bearing","14":"product_tag-oem-bearing-supplier","15":"product_tag-spherical-roller-bearing","16":"product_tag-steel-mill-bearing","17":"desktop-align-left","18":"tablet-align-left","19":"mobile-align-left","20":"ast-product-gallery-layout-horizontal-slider","21":"ast-product-gallery-with-no-image","22":"ast-product-tabs-layout-horizontal","24":"first","25":"instock","26":"shipping-taxable","27":"product-type-simple"},"_links":{"self":[{"href":"https:\/\/www.machinerybearings.com\/cs\/wp-json\/wp\/v2\/product\/2449","targetHints":{"allow":["GET"]}}],"collection":[{"href":"https:\/\/www.machinerybearings.com\/cs\/wp-json\/wp\/v2\/product"}],"about":[{"href":"https:\/\/www.machinerybearings.com\/cs\/wp-json\/wp\/v2\/types\/product"}],"replies":[{"embeddable":true,"href":"https:\/\/www.machinerybearings.com\/cs\/wp-json\/wp\/v2\/comments?post=2449"}],"wp:featuredmedia":[{"embeddable":true,"href":"https:\/\/www.machinerybearings.com\/cs\/wp-json\/wp\/v2\/media\/2535"}],"wp:attachment":[{"href":"https:\/\/www.machinerybearings.com\/cs\/wp-json\/wp\/v2\/media?parent=2449"}],"wp:term":[{"taxonomy":"product_brand","embeddable":true,"href":"https:\/\/www.machinerybearings.com\/cs\/wp-json\/wp\/v2\/product_brand?post=2449"},{"taxonomy":"product_cat","embeddable":true,"href":"https:\/\/www.machinerybearings.com\/cs\/wp-json\/wp\/v2\/product_cat?post=2449"},{"taxonomy":"product_tag","embeddable":true,"href":"https:\/\/www.machinerybearings.com\/cs\/wp-json\/wp\/v2\/product_tag?post=2449"}],"curies":[{"name":"wp","href":"https:\/\/api.w.org\/{rel}","templated":true}]}}