{"id":2452,"date":"2026-04-13T15:02:11","date_gmt":"2026-04-13T15:02:11","guid":{"rendered":"https:\/\/www.machinerybearings.com\/?post_type=product&#038;p=2452"},"modified":"2026-05-03T05:28:34","modified_gmt":"2026-05-03T05:28:34","slug":"vibrating-screen-bearing-for-heavy-duty-mining-and-industrial-equipment","status":"publish","type":"product","link":"https:\/\/www.machinerybearings.com\/cs\/produkt\/vibrating-screen-bearing-for-heavy-duty-mining-and-industrial-equipment\/","title":{"rendered":"Lo\u017eisko pro vibra\u010dn\u00ed s\u00edta pro t\u011b\u017ek\u00e9 t\u011b\u017eebn\u00ed a pr\u016fmyslov\u00e9 za\u0159\u00edzen\u00ed"},"content":{"rendered":"<h3 data-section-id=\"1c8nfac\" data-start=\"214\" data-end=\"242\">Lo\u017eisko pro vibra\u010dn\u00ed s\u00edta<\/h3>\n<p data-start=\"244\" data-end=\"430\">Lo\u017eiska pro vibra\u010dn\u00ed s\u00edta jsou speci\u00e1ln\u011b navr\u017eena pro podm\u00ednky vysok\u00e9ho zat\u00ed\u017een\u00ed a vysok\u00e9ho vibrac\u00ed v t\u011b\u017eb\u011b, kamenolomech, zpracov\u00e1n\u00ed agreg\u00e1t\u016f a t\u011b\u017ek\u00e9m pr\u016fmyslov\u00e9m t\u0159\u00eddic\u00edm za\u0159\u00edzen\u00ed.<\/p>\n<p data-start=\"432\" data-end=\"576\">Jsou navr\u017eena tak, aby udr\u017eovala stabiln\u00ed v\u00fdkon p\u0159i nep\u0159etr\u017eit\u00fdch n\u00e1razov\u00fdch zat\u00ed\u017een\u00edch, vysok\u00fdch rota\u010dn\u00edch vibrac\u00edch a t\u011b\u017ek\u00fdch podm\u00ednk\u00e1ch nesouososti.<\/p>\n<p data-start=\"578\" data-end=\"790\">Ve srovn\u00e1n\u00ed se standardn\u00edmi pr\u016fmyslov\u00fdmi lo\u017eisky nab\u00edzej\u00ed lo\u017eiska pro vibra\u010dn\u00ed s\u00edta siln\u011bj\u0161\u00ed vnit\u0159n\u00ed vyztu\u017een\u00ed, optimalizovanou v\u016fli a zlep\u0161enou odolnost proti \u00fanav\u011b, aby zajistila dlouhou \u017eivotnost v drsn\u00fdch prost\u0159ed\u00edch.<\/p>\n<h2 data-section-id=\"28z5ez\" data-start=\"797\" data-end=\"828\">\ud83d\udd37 Tabulka technick\u00fdch parametr\u016f<\/h2>\n<div class=\"TyagGW_tableContainer\">\n<div class=\"group TyagGW_tableWrapper flex flex-col-reverse w-fit\" tabindex=\"-1\">\n<table class=\"w-fit min-w-(--thread-content-width)\" data-start=\"830\" data-end=\"1415\">\n<thead data-start=\"830\" data-end=\"854\">\n<tr data-start=\"830\" data-end=\"854\">\n<th class=\"\" data-start=\"830\" data-end=\"837\" data-col-size=\"sm\">Polo\u017eka<\/th>\n<th class=\"\" data-start=\"837\" data-end=\"854\" data-col-size=\"md\">Specifikace<\/th>\n<\/tr>\n<\/thead>\n<tbody data-start=\"879\" data-end=\"1415\">\n<tr data-start=\"879\" data-end=\"950\">\n<td data-start=\"879\" data-end=\"894\" data-col-size=\"sm\">Typ lo\u017eiska<\/td>\n<td data-start=\"894\" data-end=\"950\" data-col-size=\"md\">Sf\u00e9rick\u00e9 v\u00e1le\u010dkov\u00e9 lo\u017eisko \/ Lo\u017eisko pro t\u011b\u017ek\u00e9 zat\u00ed\u017een\u00ed<\/td>\n<\/tr>\n<tr data-start=\"951\" data-end=\"997\">\n<td data-start=\"951\" data-end=\"963\" data-col-size=\"sm\">Typ zat\u00ed\u017een\u00ed<\/td>\n<td data-col-size=\"md\" data-start=\"963\" data-end=\"997\">Vysok\u00e9 radi\u00e1ln\u00ed zat\u00ed\u017een\u00ed + n\u00e1razov\u00e9 zat\u00ed\u017een\u00ed<\/td>\n<\/tr>\n<tr data-start=\"998\" data-end=\"1056\">\n<td data-start=\"998\" data-end=\"1020\" data-col-size=\"sm\">Provozn\u00ed podm\u00ednka<\/td>\n<td data-col-size=\"md\" data-start=\"1020\" data-end=\"1056\">Vysok\u00e9 vibrace, nep\u0159etr\u017eit\u00fd n\u00e1raz<\/td>\n<\/tr>\n<tr data-start=\"1057\" data-end=\"1103\">\n<td data-start=\"1057\" data-end=\"1068\" data-col-size=\"sm\">Materi\u00e1l<\/td>\n<td data-start=\"1068\" data-end=\"1103\" data-col-size=\"md\">Ocel GCr15 \/ GCr15SiMn<\/td>\n<\/tr>\n<tr data-start=\"1104\" data-end=\"1154\">\n<td data-start=\"1104\" data-end=\"1116\" data-col-size=\"sm\">Typ klece<\/td>\n<td data-col-size=\"md\" data-start=\"1116\" data-end=\"1154\">Ocelov\u00e1 klec \/ Mosazn\u00e1 klec (voliteln\u011b)<\/td>\n<\/tr>\n<tr data-start=\"1155\" data-end=\"1192\">\n<td data-start=\"1155\" data-end=\"1167\" data-col-size=\"sm\">V\u016fle<\/td>\n<td data-start=\"1167\" data-end=\"1192\" data-col-size=\"md\">C3 \/ C4 \/ C5 voliteln\u011b<\/td>\n<\/tr>\n<tr data-start=\"1193\" data-end=\"1236\">\n<td data-start=\"1193\" data-end=\"1207\" data-col-size=\"sm\">Maz\u00e1n\u00ed<\/td>\n<td data-col-size=\"md\" data-start=\"1207\" data-end=\"1236\">Maz\u00e1n\u00ed tukem nebo olejem<\/td>\n<\/tr>\n<tr data-start=\"1237\" data-end=\"1300\">\n<td data-start=\"1237\" data-end=\"1257\" data-col-size=\"sm\">Teplotn\u00ed rozsah<\/td>\n<td data-col-size=\"md\" data-start=\"1257\" data-end=\"1300\">-30\u00b0C a\u017e 200\u00b0C (z\u00e1vis\u00ed na typu maziva)<\/td>\n<\/tr>\n<tr data-start=\"1301\" data-end=\"1355\">\n<td data-start=\"1301\" data-end=\"1318\" data-col-size=\"sm\">Mo\u017enost ut\u011bsn\u011bn\u00ed<\/td>\n<td data-col-size=\"md\" data-start=\"1318\" data-end=\"1355\">Otev\u0159en\u00fd \/ Utesn\u011bn\u00fd \/ Prachot\u011bsn\u00fd design<\/td>\n<\/tr>\n<tr data-start=\"1356\" data-end=\"1415\">\n<td data-start=\"1356\" data-end=\"1382\" data-col-size=\"sm\">Schopnost nesouososti<\/td>\n<td data-col-size=\"md\" data-start=\"1382\" data-end=\"1415\">Vysok\u00e1 schopnost samonastaven\u00ed<\/td>\n<\/tr>\n<\/tbody>\n<\/table>\n<\/div>\n<\/div>\n<h2 data-section-id=\"1y8un7j\" data-start=\"1422\" data-end=\"1440\">\ud83d\udd37 Kl\u00ed\u010dov\u00e9 vlastnosti<\/h2>\n<ul data-start=\"1442\" data-end=\"1785\">\n<li data-section-id=\"1u8enpv\" data-start=\"1442\" data-end=\"1496\">Navr\u017eeno pro prost\u0159ed\u00ed s vysokou frekvenc\u00ed vibrac\u00ed<\/li>\n<li data-section-id=\"1kldcsm\" data-start=\"1497\" data-end=\"1553\">Vynikaj\u00edc\u00ed odolnost proti n\u00e1raz\u016fm a t\u011b\u017ek\u00fdm radi\u00e1ln\u00edm zat\u00ed\u017een\u00edm<\/li>\n<li data-section-id=\"y8b7hk\" data-start=\"1554\" data-end=\"1620\">Siln\u00fd v\u00fdkon samonastaven\u00ed pro sn\u00ed\u017een\u00ed instala\u010dn\u00edho nap\u011bt\u00ed<\/li>\n<li data-section-id=\"5rf9z8\" data-start=\"1621\" data-end=\"1673\">Prodlou\u017een\u00e1 \u017eivotnost p\u0159i nep\u0159etr\u017eit\u00e9m provozu<\/li>\n<li data-section-id=\"1h13109\" data-start=\"1674\" data-end=\"1720\">Sn\u00ed\u017een\u00e1 frekvence \u00fadr\u017eby a prostoje<\/li>\n<li data-section-id=\"ektqkh\" data-start=\"1721\" data-end=\"1785\">Vhodn\u00e9 pro prach, vlhkost a tvrd\u00e9 pr\u016fmyslov\u00e9 podm\u00ednky<\/li>\n<\/ul>\n<h2 data-section-id=\"1mxbwoh\" data-start=\"1792\" data-end=\"1815\">\ud83d\udd37 Oblasti pou\u017eit\u00ed<\/h2>\n<ul data-start=\"1817\" data-end=\"2024\">\n<li data-section-id=\"1bd7p6v\" data-start=\"1817\" data-end=\"1845\">T\u0159\u00edd\u00edc\u00ed vibra\u010dn\u00ed s\u00edta<\/li>\n<li data-section-id=\"15q8jif\" data-start=\"1846\" data-end=\"1885\">Za\u0159\u00edzen\u00ed na drcen\u00ed a t\u0159\u00edd\u011bn\u00ed kamen\u016f<\/li>\n<li data-section-id=\"14v4408\" data-start=\"1886\" data-end=\"1915\">Za\u0159\u00edzen\u00ed na zpracov\u00e1n\u00ed uhl\u00ed<\/li>\n<li data-section-id=\"1tqmi6a\" data-start=\"1916\" data-end=\"1943\">Link\u00e1ch na v\u00fdrobu cementu<\/li>\n<li data-section-id=\"ewy2ju\" data-start=\"1944\" data-end=\"1989\">Syst\u00e9my metalurgie a zpracov\u00e1n\u00ed miner\u00e1l\u016f<\/li>\n<li data-section-id=\"xfcvsg\" data-start=\"1990\" data-end=\"2024\">Stroje na t\u011b\u017ebu a agreg\u00e1ty<\/li>\n<\/ul>\n<h2 data-section-id=\"1a1u7ke\" data-start=\"2031\" data-end=\"2059\">\ud83d\udd37 In\u017een\u00fdrsk\u00e9 v\u00fdhody<\/h2>\n<p data-start=\"2061\" data-end=\"2200\">Vibra\u010dn\u00ed s\u00ed\u0165ov\u00e9 za\u0159\u00edzen\u00ed vytv\u00e1\u0159\u00ed kontinu\u00e1ln\u00ed dynamick\u00e9 nap\u011bt\u00ed na lo\u017eisk\u00e1ch, co\u017e \u010dasto vede k p\u0159ed\u010dasn\u00e9mu selh\u00e1n\u00ed standardn\u00edch typ\u016f lo\u017eisek.<\/p>\n<p data-start=\"2202\" data-end=\"2266\">Tento produkt je navr\u017een tak, aby \u0159e\u0161il b\u011b\u017en\u00e9 probl\u00e9my selh\u00e1n\u00ed, jako jsou:<\/p>\n<ul data-start=\"2268\" data-end=\"2409\">\n<li data-section-id=\"14i90g7\" data-start=\"2268\" data-end=\"2296\">\u00danavov\u00e9 prask\u00e1n\u00ed dr\u00e1hy<\/li>\n<li data-section-id=\"bk7bso\" data-start=\"2297\" data-end=\"2333\">Deformace klece pod vibracemi<\/li>\n<li data-section-id=\"2qwo8v\" data-start=\"2334\" data-end=\"2379\">Selh\u00e1n\u00ed maz\u00e1n\u00ed kv\u016fli nahromad\u011bn\u00ed tepla<\/li>\n<li data-section-id=\"ty5bi0\" data-start=\"2380\" data-end=\"2409\">Opot\u0159eben\u00ed zp\u016fsoben\u00e9 nespr\u00e1vn\u00fdm zarovn\u00e1n\u00edm<\/li>\n<\/ul>\n<p data-start=\"2411\" data-end=\"2532\">Optimalizac\u00ed vnit\u0159n\u00ed geometrie a pevnosti materi\u00e1lu se v\u00fdrazn\u011b zvy\u0161uje \u017eivotnost v t\u011b\u017ek\u00fdch aplikac\u00edch.<\/p>\n<h2 data-section-id=\"bf9ua4\" data-start=\"2539\" data-end=\"2559\">\ud83d\udd37 Mo\u017enosti na m\u00edru<\/h2>\n<p data-start=\"2561\" data-end=\"2601\">Podporujeme OEM a p\u0159izp\u016fsoben\u00e1 \u0159e\u0161en\u00ed:<\/p>\n<ul data-start=\"2603\" data-end=\"2823\">\n<li data-section-id=\"12z25a6\" data-start=\"2603\" data-end=\"2645\">P\u0159izp\u016fsoben\u00ed vnit\u0159n\u00edho a vn\u011bj\u0161\u00edho pr\u016fm\u011bru<\/li>\n<li data-section-id=\"11j4pt1\" data-start=\"2646\" data-end=\"2690\">V\u00fdb\u011br materi\u00e1lu klece (ocel nebo mosaz)<\/li>\n<li data-section-id=\"rh4t0y\" data-start=\"2691\" data-end=\"2732\">\u00daprava t\u0159\u00eddy v\u016fle (C3\/C4\/C5)<\/li>\n<li data-section-id=\"wvf30s\" data-start=\"2733\" data-end=\"2780\">Speci\u00e1ln\u00ed tepeln\u00e1 \u00faprava pro vysok\u00e9 teploty<\/li>\n<li data-section-id=\"14r2iv5\" data-start=\"2781\" data-end=\"2823\">Prachot\u011bsn\u00e1 a ut\u011bsn\u011bn\u00e1 konstrukce<\/li>\n<\/ul>","protected":false},"excerpt":{"rendered":"<p data-start=\"244\" data-end=\"430\">Lo\u017eiska pro vibra\u010dn\u00ed s\u00edta jsou speci\u00e1ln\u011b navr\u017eena pro podm\u00ednky vysok\u00e9ho zat\u00ed\u017een\u00ed a vysok\u00e9ho vibrac\u00ed v t\u011b\u017eb\u011b, kamenolomech, zpracov\u00e1n\u00ed agreg\u00e1t\u016f a t\u011b\u017ek\u00e9m pr\u016fmyslov\u00e9m t\u0159\u00eddic\u00edm za\u0159\u00edzen\u00ed.<\/p>\n<p data-start=\"432\" data-end=\"576\">Jsou navr\u017eena tak, aby udr\u017eovala stabiln\u00ed v\u00fdkon p\u0159i nep\u0159etr\u017eit\u00fdch n\u00e1razov\u00fdch zat\u00ed\u017een\u00edch, vysok\u00fdch rota\u010dn\u00edch vibrac\u00edch a t\u011b\u017ek\u00fdch podm\u00ednk\u00e1ch nesouososti.<\/p>","protected":false},"featured_media":2533,"comment_status":"open","ping_status":"closed","template":"","meta":{"site-sidebar-layout":"default","site-content-layout":"","ast-site-content-layout":"default","site-content-style":"default","site-sidebar-style":"default","ast-global-header-display":"","ast-banner-title-visibility":"","ast-main-header-display":"","ast-hfb-above-header-display":"","ast-hfb-below-header-display":"","ast-hfb-mobile-header-display":"","site-post-title":"","ast-breadcrumbs-content":"","ast-featured-img":"","footer-sml-layout":"","ast-disable-related-posts":"","theme-transparent-header-meta":"default","adv-header-id-meta":"","stick-header-meta":"default","header-above-stick-meta":"","header-main-stick-meta":"","header-below-stick-meta":"","astra-migrate-meta-layouts":"set","ast-page-background-enabled":"default","ast-page-background-meta":{"desktop":{"background-color":"","background-image":"","background-repeat":"repeat","background-position":"center center","background-size":"auto","background-attachment":"scroll","background-type":"","background-media":"","overlay-type":"","overlay-color":"","overlay-opacity":"","overlay-gradient":""},"tablet":{"background-color":"","background-image":"","background-repeat":"repeat","background-position":"center center","background-size":"auto","background-attachment":"scroll","background-type":"","background-media":"","overlay-type":"","overlay-color":"","overlay-opacity":"","overlay-gradient":""},"mobile":{"background-color":"","background-image":"","background-repeat":"repeat","background-position":"center center","background-size":"auto","background-attachment":"scroll","background-type":"","background-media":"","overlay-type":"","overlay-color":"","overlay-opacity":"","overlay-gradient":""}},"ast-content-background-meta":{"desktop":{"background-color":"var(--ast-global-color-5)","background-image":"","background-repeat":"repeat","background-position":"center center","background-size":"auto","background-attachment":"scroll","background-type":"","background-media":"","overlay-type":"","overlay-color":"","overlay-opacity":"","overlay-gradient":""},"tablet":{"background-color":"var(--ast-global-color-5)","background-image":"","background-repeat":"repeat","background-position":"center center","background-size":"auto","background-attachment":"scroll","background-type":"","background-media":"","overlay-type":"","overlay-color":"","overlay-opacity":"","overlay-gradient":""},"mobile":{"background-color":"var(--ast-global-color-5)","background-image":"","background-repeat":"repeat","background-position":"center center","background-size":"auto","background-attachment":"scroll","background-type":"","background-media":"","overlay-type":"","overlay-color":"","overlay-opacity":"","overlay-gradient":""}}},"product_brand":[],"product_cat":[24],"product_tag":[231,234,232,233,56,51,228,119,47,230,162,229,153,235,227],"class_list":{"0":"post-2452","1":"product","2":"type-product","3":"status-publish","4":"has-post-thumbnail","6":"product_cat-spherical-roller-bearings","7":"product_tag-aggregate-equipment-bearing","8":"product_tag-c4-clearance-bearing","9":"product_tag-cement-plant-bearing","10":"product_tag-gcr15-bearing","11":"product_tag-heavy-duty-bearing","12":"product_tag-high-load-bearing","13":"product_tag-industrial-roller-bearing","14":"product_tag-mining-bearing","15":"product_tag-oem-bearing-manufacturer","16":"product_tag-quarry-machine-bearing","17":"product_tag-self-aligning-bearing","18":"product_tag-shock-resistant-bearing","19":"product_tag-spherical-roller-bearing","20":"product_tag-vibrating-machinery-parts","21":"product_tag-vibrating-screen-bearing","22":"desktop-align-left","23":"tablet-align-left","24":"mobile-align-left","25":"ast-product-gallery-layout-horizontal-slider","26":"ast-product-gallery-with-no-image","27":"ast-product-tabs-layout-horizontal","29":"first","30":"instock","31":"shipping-taxable","32":"product-type-simple"},"_links":{"self":[{"href":"https:\/\/www.machinerybearings.com\/cs\/wp-json\/wp\/v2\/product\/2452","targetHints":{"allow":["GET"]}}],"collection":[{"href":"https:\/\/www.machinerybearings.com\/cs\/wp-json\/wp\/v2\/product"}],"about":[{"href":"https:\/\/www.machinerybearings.com\/cs\/wp-json\/wp\/v2\/types\/product"}],"replies":[{"embeddable":true,"href":"https:\/\/www.machinerybearings.com\/cs\/wp-json\/wp\/v2\/comments?post=2452"}],"wp:featuredmedia":[{"embeddable":true,"href":"https:\/\/www.machinerybearings.com\/cs\/wp-json\/wp\/v2\/media\/2533"}],"wp:attachment":[{"href":"https:\/\/www.machinerybearings.com\/cs\/wp-json\/wp\/v2\/media?parent=2452"}],"wp:term":[{"taxonomy":"product_brand","embeddable":true,"href":"https:\/\/www.machinerybearings.com\/cs\/wp-json\/wp\/v2\/product_brand?post=2452"},{"taxonomy":"product_cat","embeddable":true,"href":"https:\/\/www.machinerybearings.com\/cs\/wp-json\/wp\/v2\/product_cat?post=2452"},{"taxonomy":"product_tag","embeddable":true,"href":"https:\/\/www.machinerybearings.com\/cs\/wp-json\/wp\/v2\/product_tag?post=2452"}],"curies":[{"name":"wp","href":"https:\/\/api.w.org\/{rel}","templated":true}]}}