{"id":2453,"date":"2026-04-13T15:06:47","date_gmt":"2026-04-13T15:06:47","guid":{"rendered":"https:\/\/www.machinerybearings.com\/?post_type=product&#038;p=2453"},"modified":"2026-05-03T05:20:35","modified_gmt":"2026-05-03T05:20:35","slug":"30205-tapered-roller-bearing-for-high-radial-and-axial-load-applications","status":"publish","type":"product","link":"https:\/\/www.machinerybearings.com\/cs\/produkt\/30205-tapered-roller-bearing-for-high-radial-and-axial-load-applications\/","title":{"rendered":"30205 Ku\u017eel\u00edkov\u00e9 lo\u017eisko pro aplikace s vysok\u00fdm radi\u00e1ln\u00edm a axi\u00e1ln\u00edm zat\u00ed\u017een\u00edm"},"content":{"rendered":"<p data-start=\"231\" data-end=\"438\">Kuli\u010dkov\u00e9 lo\u017eisko 30205 je navr\u017eeno tak, aby podporovalo kombinovan\u00e9 radi\u00e1ln\u00ed a axi\u00e1ln\u00ed zat\u00ed\u017een\u00ed, co\u017e z n\u011bj \u010din\u00ed \u0161iroce pou\u017e\u00edvan\u00e9 v automobilov\u00fdch syst\u00e9mech, p\u0159evodovk\u00e1ch, zem\u011bd\u011blsk\u00fdch stroj\u00edch a pr\u016fmyslov\u00e9m p\u0159enosov\u00e9m za\u0159\u00edzen\u00ed.<\/p>\n<p data-start=\"440\" data-end=\"694\">Jeho ku\u017eelov\u00e9 vnit\u0159n\u00ed a vn\u011bj\u0161\u00ed dr\u00e1hy umo\u017e\u0148uj\u00ed v\u00e1le\u010dk\u016fm ot\u00e1\u010det se s minim\u00e1ln\u00edm t\u0159en\u00edm a efektivn\u011b rozd\u011blovat zat\u00ed\u017een\u00ed po kontaktn\u00ed plo\u0161e. Tato struktura zlep\u0161uje trvanlivost a v\u00fdkon p\u0159i vysok\u00e9m zat\u00ed\u017een\u00ed a st\u0159edn\u00edch rychlostech.<\/p>\n<h2 data-section-id=\"vlh4km\" data-start=\"701\" data-end=\"727\">\ud83d\udd37 Technick\u00e9 parametry<\/h2>\n<div class=\"TyagGW_tableContainer\">\n<div class=\"group TyagGW_tableWrapper flex flex-col-reverse w-fit\" tabindex=\"-1\">\n<table class=\"w-fit min-w-(--thread-content-width)\" data-start=\"729\" data-end=\"1218\">\n<thead data-start=\"729\" data-end=\"753\">\n<tr data-start=\"729\" data-end=\"753\">\n<th class=\"\" data-start=\"729\" data-end=\"736\" data-col-size=\"sm\">Polo\u017eka<\/th>\n<th class=\"\" data-start=\"736\" data-end=\"753\" data-col-size=\"sm\">Specifikace<\/th>\n<\/tr>\n<\/thead>\n<tbody data-start=\"778\" data-end=\"1218\">\n<tr data-start=\"778\" data-end=\"819\">\n<td data-start=\"778\" data-end=\"793\" data-col-size=\"sm\">Typ lo\u017eiska<\/td>\n<td data-start=\"793\" data-end=\"819\" data-col-size=\"sm\">Ku\u017eel\u00edkov\u00e9 lo\u017eisko<\/td>\n<\/tr>\n<tr data-start=\"820\" data-end=\"837\">\n<td data-start=\"820\" data-end=\"828\" data-col-size=\"sm\">Model<\/td>\n<td data-start=\"828\" data-end=\"837\" data-col-size=\"sm\">30205<\/td>\n<\/tr>\n<tr data-start=\"838\" data-end=\"868\">\n<td data-start=\"838\" data-end=\"859\" data-col-size=\"sm\">Vnit\u0159n\u00ed pr\u016fm\u011br (d)<\/td>\n<td data-col-size=\"sm\" data-start=\"859\" data-end=\"868\">25 mm<\/td>\n<\/tr>\n<tr data-start=\"869\" data-end=\"899\">\n<td data-start=\"869\" data-end=\"890\" data-col-size=\"sm\">Vn\u011bj\u0161\u00ed pr\u016fm\u011br (D)<\/td>\n<td data-col-size=\"sm\" data-start=\"890\" data-end=\"899\">52 mm<\/td>\n<\/tr>\n<tr data-start=\"900\" data-end=\"924\">\n<td data-start=\"900\" data-end=\"912\" data-col-size=\"sm\">\u0160\u00ed\u0159ka (T)<\/td>\n<td data-start=\"912\" data-end=\"924\" data-col-size=\"sm\">16,25 mm<\/td>\n<\/tr>\n<tr data-start=\"925\" data-end=\"969\">\n<td data-start=\"925\" data-end=\"937\" data-col-size=\"sm\">Typ zat\u00ed\u017een\u00ed<\/td>\n<td data-col-size=\"sm\" data-start=\"937\" data-end=\"969\">Kombinovan\u00e9 radi\u00e1ln\u00ed + axi\u00e1ln\u00ed zat\u00ed\u017een\u00ed<\/td>\n<\/tr>\n<tr data-start=\"970\" data-end=\"1000\">\n<td data-start=\"970\" data-end=\"986\" data-col-size=\"sm\">Materi\u00e1l klece<\/td>\n<td data-col-size=\"sm\" data-start=\"986\" data-end=\"1000\">Ocelov\u00e1 klec<\/td>\n<\/tr>\n<tr data-start=\"1001\" data-end=\"1036\">\n<td data-start=\"1001\" data-end=\"1012\" data-col-size=\"sm\">Materi\u00e1l<\/td>\n<td data-start=\"1012\" data-end=\"1036\" data-col-size=\"sm\">Chromov\u00e1 ocel (GCr15)<\/td>\n<\/tr>\n<tr data-start=\"1037\" data-end=\"1080\">\n<td data-start=\"1037\" data-end=\"1051\" data-col-size=\"sm\">Maz\u00e1n\u00ed<\/td>\n<td data-start=\"1051\" data-end=\"1080\" data-col-size=\"sm\">Maz\u00e1n\u00ed tukem nebo olejem<\/td>\n<\/tr>\n<tr data-start=\"1081\" data-end=\"1130\">\n<td data-start=\"1081\" data-end=\"1093\" data-col-size=\"sm\">Konstrukce<\/td>\n<td data-col-size=\"sm\" data-start=\"1093\" data-end=\"1130\">Jednoradov\u00e9 ku\u017eel\u00edkov\u00e9 lo\u017eisko<\/td>\n<\/tr>\n<tr data-start=\"1131\" data-end=\"1179\">\n<td data-start=\"1131\" data-end=\"1150\" data-col-size=\"sm\">Rychlostn\u00ed schopnost<\/td>\n<td data-start=\"1150\" data-end=\"1179\" data-col-size=\"sm\">Aplikace se st\u0159edn\u00ed rychlost\u00ed<\/td>\n<\/tr>\n<tr data-start=\"1180\" data-end=\"1218\">\n<td data-start=\"1180\" data-end=\"1200\" data-col-size=\"sm\">Teplotn\u00ed rozsah<\/td>\n<td data-start=\"1200\" data-end=\"1218\" data-col-size=\"sm\">-30 \u00b0C a\u017e 150 \u00b0C<\/td>\n<\/tr>\n<\/tbody>\n<\/table>\n<\/div>\n<\/div>\n<h2 data-section-id=\"1y8un7j\" data-start=\"1225\" data-end=\"1243\">\ud83d\udd37 Kl\u00ed\u010dov\u00e9 vlastnosti<\/h2>\n<ul data-start=\"1245\" data-end=\"1522\">\n<li data-section-id=\"7oool5\" data-start=\"1245\" data-end=\"1300\">Podporuje sou\u010dasn\u011b radi\u00e1ln\u00ed a axi\u00e1ln\u00ed zat\u00ed\u017een\u00ed<\/li>\n<li data-section-id=\"nemjer\" data-start=\"1301\" data-end=\"1343\">Vysok\u00e1 nosnost s kompaktn\u00edm designem<\/li>\n<li data-section-id=\"xjurbh\" data-start=\"1344\" data-end=\"1381\">N\u00edzk\u00e9 t\u0159en\u00ed a stabiln\u00ed provoz<\/li>\n<li data-section-id=\"1i63cz\" data-start=\"1382\" data-end=\"1431\">Dlouh\u00e1 \u017eivotnost za t\u011b\u017ek\u00fdch podm\u00ednek<\/li>\n<li data-section-id=\"f8hmgc\" data-start=\"1432\" data-end=\"1469\">Snadn\u00e1 instalace a \u00fadr\u017eba<\/li>\n<li data-section-id=\"1u616wn\" data-start=\"1470\" data-end=\"1522\">Vhodn\u00e9 pro vysoce p\u0159esn\u00e9 p\u0159enosov\u00e9 syst\u00e9my<\/li>\n<\/ul>\n<h2 data-section-id=\"4t5b8m\" data-start=\"1529\" data-end=\"1547\">\ud83d\udd37 Aplikace<\/h2>\n<ul data-start=\"1549\" data-end=\"1745\">\n<li data-section-id=\"16jv93o\" data-start=\"1549\" data-end=\"1574\">Automobilov\u00e9 n\u00e1boje kol<\/li>\n<li data-section-id=\"6p9cs0\" data-start=\"1575\" data-end=\"1601\">P\u0159evodovky a reduktory<\/li>\n<li data-section-id=\"1n6ynun\" data-start=\"1602\" data-end=\"1628\">Zem\u011bd\u011blsk\u00e9 stroje<\/li>\n<li data-section-id=\"16fhp27\" data-start=\"1629\" data-end=\"1655\">Stavebn\u00ed stroje<\/li>\n<li data-section-id=\"1gp8co3\" data-start=\"1656\" data-end=\"1688\">Pr\u016fmyslov\u00e9 motory a pohony<\/li>\n<li data-section-id=\"176s2ln\" data-start=\"1689\" data-end=\"1709\">Dopravn\u00ed syst\u00e9my<\/li>\n<li data-section-id=\"1dq8qoq\" data-start=\"1710\" data-end=\"1745\">T\u011b\u017ek\u00e9 p\u0159enosov\u00e9 syst\u00e9my<\/li>\n<\/ul>\n<h2 data-section-id=\"1a1u7ke\" data-start=\"1752\" data-end=\"1780\">\ud83d\udd37 In\u017een\u00fdrsk\u00e9 v\u00fdhody<\/h2>\n<p data-start=\"1782\" data-end=\"1943\">Ku\u017eelov\u00e1 v\u00e1le\u010dkov\u00e1 struktura umo\u017e\u0148uje lep\u0161\u00ed rozlo\u017een\u00ed zat\u00ed\u017een\u00ed ve srovn\u00e1n\u00ed s kuli\u010dkov\u00fdmi lo\u017eisky, co\u017e v\u00fdrazn\u011b zlep\u0161uje v\u00fdkon v aplikac\u00edch s kombinovan\u00fdmi silami.<\/p>\n<p data-start=\"1945\" data-end=\"2071\">Tak\u00e9 sni\u017euje koncentraci nap\u011bt\u00ed na okraj\u00edch, zvy\u0161uje odolnost proti \u00fanav\u011b a prodlu\u017euje \u017eivotnost lo\u017eiska p\u0159i nep\u0159etr\u017eit\u00e9m provozu.<\/p>\n<h2 data-section-id=\"bf9ua4\" data-start=\"2078\" data-end=\"2098\">\ud83d\udd37 Mo\u017enosti na m\u00edru<\/h2>\n<ul data-start=\"2100\" data-end=\"2251\">\n<li data-section-id=\"4ijb\" data-start=\"2100\" data-end=\"2124\">Nastaven\u00ed v\u016fle<\/li>\n<li data-section-id=\"5s0eb7\" data-start=\"2125\" data-end=\"2150\">Vylep\u0161en\u00ed materi\u00e1lu klece<\/li>\n<li data-section-id=\"1jq34of\" data-start=\"2151\" data-end=\"2186\">Pln\u011bn\u00ed vysokoteplotn\u00edmi mazivy<\/li>\n<li data-section-id=\"1515c9l\" data-start=\"2187\" data-end=\"2220\">Mo\u017enosti uzav\u0159en\u00e9ho nebo otev\u0159en\u00e9ho designu<\/li>\n<li data-section-id=\"1vg6tkw\" data-start=\"2221\" data-end=\"2251\">OEM branding a balen\u00ed<\/li>\n<\/ul>","protected":false},"excerpt":{"rendered":"<p>Kuli\u010dkov\u00e9 lo\u017eisko 30205 je navr\u017eeno tak, aby podporovalo kombinovan\u00e9 radi\u00e1ln\u00ed a axi\u00e1ln\u00ed zat\u00ed\u017een\u00ed, co\u017e z n\u011bj \u010din\u00ed \u0161iroce pou\u017e\u00edvan\u00e9 v automobilov\u00fdch syst\u00e9mech, p\u0159evodovk\u00e1ch, zem\u011bd\u011blsk\u00fdch stroj\u00edch a pr\u016fmyslov\u00e9m p\u0159enosov\u00e9m za\u0159\u00edzen\u00ed.<\/p>","protected":false},"featured_media":2532,"comment_status":"open","ping_status":"closed","template":"","meta":{"site-sidebar-layout":"default","site-content-layout":"","ast-site-content-layout":"default","site-content-style":"default","site-sidebar-style":"default","ast-global-header-display":"","ast-banner-title-visibility":"","ast-main-header-display":"","ast-hfb-above-header-display":"","ast-hfb-below-header-display":"","ast-hfb-mobile-header-display":"","site-post-title":"","ast-breadcrumbs-content":"","ast-featured-img":"","footer-sml-layout":"","ast-disable-related-posts":"","theme-transparent-header-meta":"default","adv-header-id-meta":"","stick-header-meta":"default","header-above-stick-meta":"","header-main-stick-meta":"","header-below-stick-meta":"","astra-migrate-meta-layouts":"set","ast-page-background-enabled":"default","ast-page-background-meta":{"desktop":{"background-color":"","background-image":"","background-repeat":"repeat","background-position":"center center","background-size":"auto","background-attachment":"scroll","background-type":"","background-media":"","overlay-type":"","overlay-color":"","overlay-opacity":"","overlay-gradient":""},"tablet":{"background-color":"","background-image":"","background-repeat":"repeat","background-position":"center center","background-size":"auto","background-attachment":"scroll","background-type":"","background-media":"","overlay-type":"","overlay-color":"","overlay-opacity":"","overlay-gradient":""},"mobile":{"background-color":"","background-image":"","background-repeat":"repeat","background-position":"center center","background-size":"auto","background-attachment":"scroll","background-type":"","background-media":"","overlay-type":"","overlay-color":"","overlay-opacity":"","overlay-gradient":""}},"ast-content-background-meta":{"desktop":{"background-color":"var(--ast-global-color-5)","background-image":"","background-repeat":"repeat","background-position":"center center","background-size":"auto","background-attachment":"scroll","background-type":"","background-media":"","overlay-type":"","overlay-color":"","overlay-opacity":"","overlay-gradient":""},"tablet":{"background-color":"var(--ast-global-color-5)","background-image":"","background-repeat":"repeat","background-position":"center center","background-size":"auto","background-attachment":"scroll","background-type":"","background-media":"","overlay-type":"","overlay-color":"","overlay-opacity":"","overlay-gradient":""},"mobile":{"background-color":"var(--ast-global-color-5)","background-image":"","background-repeat":"repeat","background-position":"center center","background-size":"auto","background-attachment":"scroll","background-type":"","background-media":"","overlay-type":"","overlay-color":"","overlay-opacity":"","overlay-gradient":""}}},"product_brand":[],"product_cat":[23],"product_tag":[236,237,240,233,78,56,51,45,47,239,241,154,242,238],"class_list":{"0":"post-2453","1":"product","2":"type-product","3":"status-publish","4":"has-post-thumbnail","6":"product_cat-tapered-roller-bearings","7":"product_tag-30205-tapered-roller-bearing","8":"product_tag-automotive-bearing","9":"product_tag-chrome-steel-bearing","10":"product_tag-gcr15-bearing","11":"product_tag-gearbox-bearing","12":"product_tag-heavy-duty-bearing","13":"product_tag-high-load-bearing","14":"product_tag-industrial-bearing","15":"product_tag-oem-bearing-manufacturer","16":"product_tag-radial-axial-bearing","17":"product_tag-single-row-roller-bearing","18":"product_tag-tapered-roller-bearing","19":"product_tag-transmission-bearing","20":"product_tag-wheel-hub-bearing","21":"desktop-align-left","22":"tablet-align-left","23":"mobile-align-left","24":"ast-product-gallery-layout-horizontal-slider","25":"ast-product-gallery-with-no-image","26":"ast-product-tabs-layout-horizontal","28":"first","29":"instock","30":"shipping-taxable","31":"product-type-simple"},"_links":{"self":[{"href":"https:\/\/www.machinerybearings.com\/cs\/wp-json\/wp\/v2\/product\/2453","targetHints":{"allow":["GET"]}}],"collection":[{"href":"https:\/\/www.machinerybearings.com\/cs\/wp-json\/wp\/v2\/product"}],"about":[{"href":"https:\/\/www.machinerybearings.com\/cs\/wp-json\/wp\/v2\/types\/product"}],"replies":[{"embeddable":true,"href":"https:\/\/www.machinerybearings.com\/cs\/wp-json\/wp\/v2\/comments?post=2453"}],"wp:featuredmedia":[{"embeddable":true,"href":"https:\/\/www.machinerybearings.com\/cs\/wp-json\/wp\/v2\/media\/2532"}],"wp:attachment":[{"href":"https:\/\/www.machinerybearings.com\/cs\/wp-json\/wp\/v2\/media?parent=2453"}],"wp:term":[{"taxonomy":"product_brand","embeddable":true,"href":"https:\/\/www.machinerybearings.com\/cs\/wp-json\/wp\/v2\/product_brand?post=2453"},{"taxonomy":"product_cat","embeddable":true,"href":"https:\/\/www.machinerybearings.com\/cs\/wp-json\/wp\/v2\/product_cat?post=2453"},{"taxonomy":"product_tag","embeddable":true,"href":"https:\/\/www.machinerybearings.com\/cs\/wp-json\/wp\/v2\/product_tag?post=2453"}],"curies":[{"name":"wp","href":"https:\/\/api.w.org\/{rel}","templated":true}]}}