{"id":2455,"date":"2026-04-13T15:09:58","date_gmt":"2026-04-13T15:09:58","guid":{"rendered":"https:\/\/www.machinerybearings.com\/?post_type=product&#038;p=2455"},"modified":"2026-05-03T05:17:20","modified_gmt":"2026-05-03T05:17:20","slug":"30306-tapered-roller-bearing-for-heavy-load-industrial-applications","status":"publish","type":"product","link":"https:\/\/www.machinerybearings.com\/cs\/produkt\/30306-tapered-roller-bearing-for-heavy-load-industrial-applications\/","title":{"rendered":"30306 Ku\u017eel\u00edkov\u00e9 lo\u017eisko pro pr\u016fmyslov\u00e9 aplikace s t\u011b\u017ek\u00fdm zat\u00ed\u017een\u00edm"},"content":{"rendered":"<p data-start=\"149\" data-end=\"451\">Kuli\u010dkov\u00e9 lo\u017eisko 30306 je navr\u017eeno tak, aby zvl\u00e1dalo kombinovan\u00e9 radi\u00e1ln\u00ed a axi\u00e1ln\u00ed zat\u00ed\u017een\u00ed, co\u017e je \u010din\u00ed vhodn\u00fdm pro st\u0159edn\u011b t\u011b\u017ek\u00e9 a\u017e t\u011b\u017ek\u00e9 pr\u016fmyslov\u00e9 aplikace. Jeho ku\u017eelov\u00e1 geometrie umo\u017e\u0148uje efektivn\u00ed rozlo\u017een\u00ed zat\u00ed\u017een\u00ed mezi valiv\u00fdmi prvky, \u010d\u00edm\u017e zvy\u0161uje trvanlivost a sni\u017euje t\u0159en\u00ed b\u011bhem provozu.<\/p>\n<p data-start=\"453\" data-end=\"626\">Tento model se \u0161iroce pou\u017e\u00edv\u00e1 v automobilov\u00fdch syst\u00e9mech, p\u0159evodovk\u00e1ch, zem\u011bd\u011blsk\u00fdch stroj\u00edch a stavebn\u00edch za\u0159\u00edzen\u00edch, kde je vy\u017eadov\u00e1na stabilita p\u0159i zat\u00ed\u017een\u00ed a dlouh\u00e1 \u017eivotnost.<\/p>\n<h3 data-section-id=\"sse2nj\" data-start=\"633\" data-end=\"657\">Technick\u00e9 parametry<\/h3>\n<div class=\"TyagGW_tableContainer\">\n<div class=\"group TyagGW_tableWrapper flex flex-col-reverse w-fit\" tabindex=\"-1\">\n<table class=\"w-fit min-w-(--thread-content-width)\" data-start=\"659\" data-end=\"1141\">\n<thead data-start=\"659\" data-end=\"683\">\n<tr data-start=\"659\" data-end=\"683\">\n<th class=\"\" data-start=\"659\" data-end=\"666\" data-col-size=\"sm\">Polo\u017eka<\/th>\n<th class=\"\" data-start=\"666\" data-end=\"683\" data-col-size=\"sm\">Specifikace<\/th>\n<\/tr>\n<\/thead>\n<tbody data-start=\"708\" data-end=\"1141\">\n<tr data-start=\"708\" data-end=\"749\">\n<td data-start=\"708\" data-end=\"723\" data-col-size=\"sm\">Typ lo\u017eiska<\/td>\n<td data-start=\"723\" data-end=\"749\" data-col-size=\"sm\">Ku\u017eel\u00edkov\u00e9 lo\u017eisko<\/td>\n<\/tr>\n<tr data-start=\"750\" data-end=\"767\">\n<td data-start=\"750\" data-end=\"758\" data-col-size=\"sm\">Model<\/td>\n<td data-start=\"758\" data-end=\"767\" data-col-size=\"sm\">30306<\/td>\n<\/tr>\n<tr data-start=\"768\" data-end=\"798\">\n<td data-start=\"768\" data-end=\"789\" data-col-size=\"sm\">Vnit\u0159n\u00ed pr\u016fm\u011br (d)<\/td>\n<td data-start=\"789\" data-end=\"798\" data-col-size=\"sm\">30 mm<\/td>\n<\/tr>\n<tr data-start=\"799\" data-end=\"829\">\n<td data-start=\"799\" data-end=\"820\" data-col-size=\"sm\">Vn\u011bj\u0161\u00ed pr\u016fm\u011br (D)<\/td>\n<td data-col-size=\"sm\" data-start=\"820\" data-end=\"829\">72 mm<\/td>\n<\/tr>\n<tr data-start=\"830\" data-end=\"854\">\n<td data-start=\"830\" data-end=\"842\" data-col-size=\"sm\">\u0160\u00ed\u0159ka (T)<\/td>\n<td data-start=\"842\" data-end=\"854\" data-col-size=\"sm\">20,75 mm<\/td>\n<\/tr>\n<tr data-start=\"855\" data-end=\"895\">\n<td data-start=\"855\" data-end=\"867\" data-col-size=\"sm\">Typ zat\u00ed\u017een\u00ed<\/td>\n<td data-start=\"867\" data-end=\"895\" data-col-size=\"sm\">Radi\u00e1ln\u00ed zat\u00ed\u017een\u00ed + Axi\u00e1ln\u00ed zat\u00ed\u017een\u00ed<\/td>\n<\/tr>\n<tr data-start=\"896\" data-end=\"926\">\n<td data-start=\"896\" data-end=\"912\" data-col-size=\"sm\">Materi\u00e1l klece<\/td>\n<td data-start=\"912\" data-end=\"926\" data-col-size=\"sm\">Ocelov\u00e1 klec<\/td>\n<\/tr>\n<tr data-start=\"927\" data-end=\"960\">\n<td data-start=\"927\" data-end=\"938\" data-col-size=\"sm\">Materi\u00e1l<\/td>\n<td data-start=\"938\" data-end=\"960\" data-col-size=\"sm\">Ocel GCr15<\/td>\n<\/tr>\n<tr data-start=\"961\" data-end=\"1004\">\n<td data-start=\"961\" data-end=\"975\" data-col-size=\"sm\">Maz\u00e1n\u00ed<\/td>\n<td data-start=\"975\" data-end=\"1004\" data-col-size=\"sm\">Maz\u00e1n\u00ed tukem nebo olejem<\/td>\n<\/tr>\n<tr data-start=\"1005\" data-end=\"1054\">\n<td data-start=\"1005\" data-end=\"1017\" data-col-size=\"sm\">Konstrukce<\/td>\n<td data-start=\"1017\" data-end=\"1054\" data-col-size=\"sm\">Jednoradov\u00e9 ku\u017eel\u00edkov\u00e9 lo\u017eisko<\/td>\n<\/tr>\n<tr data-start=\"1055\" data-end=\"1102\">\n<td data-start=\"1055\" data-end=\"1073\" data-col-size=\"sm\">Provozn\u00ed rychlost<\/td>\n<td data-start=\"1073\" data-end=\"1102\" data-col-size=\"sm\">Aplikace se st\u0159edn\u00ed rychlost\u00ed<\/td>\n<\/tr>\n<tr data-start=\"1103\" data-end=\"1141\">\n<td data-start=\"1103\" data-end=\"1123\" data-col-size=\"sm\">Teplotn\u00ed rozsah<\/td>\n<td data-start=\"1123\" data-end=\"1141\" data-col-size=\"sm\">-30 \u00b0C a\u017e 150 \u00b0C<\/td>\n<\/tr>\n<\/tbody>\n<\/table>\n<\/div>\n<\/div>\n<h3 data-section-id=\"1iz91iu\" data-start=\"1148\" data-end=\"1164\">Kl\u00ed\u010dov\u00e9 vlastnosti<\/h3>\n<ul data-start=\"1166\" data-end=\"1430\">\n<li data-section-id=\"1vl001\" data-start=\"1166\" data-end=\"1210\">Podporuje kombinovan\u00e1 radi\u00e1ln\u00ed a axi\u00e1ln\u00ed zat\u00ed\u017een\u00ed<\/li>\n<li data-section-id=\"tqfpov\" data-start=\"1211\" data-end=\"1242\">Vysok\u00e1 nosnost<\/li>\n<li data-section-id=\"1e4pl9p\" data-start=\"1243\" data-end=\"1292\">Stabiln\u00ed v\u00fdkon p\u0159i nep\u0159etr\u017eit\u00e9m provozu<\/li>\n<li data-section-id=\"fmcfrv\" data-start=\"1293\" data-end=\"1333\">Sn\u00ed\u017een\u00e9 t\u0159en\u00ed a generov\u00e1n\u00ed tepla<\/li>\n<li data-section-id=\"6jlrvu\" data-start=\"1334\" data-end=\"1382\">Dlouh\u00e1 \u017eivotnost v t\u011b\u017ek\u00fdch podm\u00ednk\u00e1ch<\/li>\n<li data-section-id=\"1ugr03r\" data-start=\"1383\" data-end=\"1430\">Vhodn\u00e9 pro podm\u00ednky n\u00e1razu a vibrac\u00ed<\/li>\n<\/ul>\n<h3 data-section-id=\"wggvqn\" data-start=\"1437\" data-end=\"1453\">Aplikace<\/h3>\n<ul data-start=\"1455\" data-end=\"1676\">\n<li data-section-id=\"16jv93o\" data-start=\"1455\" data-end=\"1480\">Automobilov\u00e9 n\u00e1boje kol<\/li>\n<li data-section-id=\"15oirsh\" data-start=\"1481\" data-end=\"1519\">P\u0159evodovk\u00e1ch a p\u0159enosov\u00fdch syst\u00e9mech<\/li>\n<li data-section-id=\"1n6ynun\" data-start=\"1520\" data-end=\"1546\">Zem\u011bd\u011blsk\u00e9 stroje<\/li>\n<li data-section-id=\"19d9gij\" data-start=\"1547\" data-end=\"1573\">Stavebn\u00edch stroj\u00edch<\/li>\n<li data-section-id=\"gcuaph\" data-start=\"1574\" data-end=\"1602\">Pr\u016fmyslov\u00e9 pohonn\u00e9 syst\u00e9my<\/li>\n<li data-section-id=\"1xhvdi8\" data-start=\"1603\" data-end=\"1633\">T\u011b\u017eebn\u00ed a t\u011b\u017ek\u00e1 za\u0159\u00edzen\u00ed<\/li>\n<li data-section-id=\"4ay2tg\" data-start=\"1634\" data-end=\"1676\">Dopravn\u00ed a manipula\u010dn\u00ed syst\u00e9my<\/li>\n<\/ul>\n<h3 data-section-id=\"gqbmdj\" data-start=\"1683\" data-end=\"1709\">In\u017een\u00fdrsk\u00e9 v\u00fdhody<\/h3>\n<p data-start=\"1711\" data-end=\"1877\">Ku\u017eelov\u00e1 v\u00e1le\u010dkov\u00e1 struktura zlep\u0161uje \u00fa\u010dinnost kontaktu mezi v\u00e1lci a dr\u00e1hami, co\u017e umo\u017e\u0148uje lo\u017eisku zvl\u00e1dat vy\u0161\u0161\u00ed zat\u00ed\u017een\u00ed ve srovn\u00e1n\u00ed se standardn\u00edmi kuli\u010dkov\u00fdmi lo\u017eisky.<\/p>\n<p data-start=\"1879\" data-end=\"2005\">Tak\u00e9 sni\u017euje koncentraci nap\u011bt\u00ed, zlep\u0161uje stabilitu zarovn\u00e1n\u00ed a zvy\u0161uje odolnost proti \u00fanav\u011b p\u0159i dlouhodob\u00e9m provozu.<\/p>\n<h3 data-section-id=\"ex11qd\" data-start=\"2012\" data-end=\"2030\">Mo\u017enosti na m\u00edru<\/h3>\n<ul data-start=\"2032\" data-end=\"2219\">\n<li data-section-id=\"1mm7wk0\" data-start=\"2032\" data-end=\"2065\">\u00daprava vnit\u0159n\u00ed v\u016fle<\/li>\n<li data-section-id=\"11j4pt1\" data-start=\"2066\" data-end=\"2110\">V\u00fdb\u011br materi\u00e1lu klece (ocel nebo mosaz)<\/li>\n<li data-section-id=\"1515c9l\" data-start=\"2111\" data-end=\"2144\">Mo\u017enosti uzav\u0159en\u00e9ho nebo otev\u0159en\u00e9ho designu<\/li>\n<li data-section-id=\"1jq34of\" data-start=\"2145\" data-end=\"2180\">Pln\u011bn\u00ed vysokoteplotn\u00edmi mazivy<\/li>\n<li data-section-id=\"1mlx5yn\" data-start=\"2181\" data-end=\"2219\">Podpora OEM zna\u010dkov\u00e1n\u00ed a balen\u00ed<\/li>\n<\/ul>","protected":false},"excerpt":{"rendered":"<p>Kuli\u010dkov\u00e9 lo\u017eisko 30306 je navr\u017eeno tak, aby zvl\u00e1dalo kombinovan\u00e9 radi\u00e1ln\u00ed a axi\u00e1ln\u00ed zat\u00ed\u017een\u00ed, co\u017e je \u010din\u00ed vhodn\u00fdm pro st\u0159edn\u011b t\u011b\u017ek\u00e9 a\u017e t\u011b\u017ek\u00e9 pr\u016fmyslov\u00e9 aplikace. Jeho ku\u017eelov\u00e1 geometrie umo\u017e\u0148uje efektivn\u00ed rozlo\u017een\u00ed zat\u00ed\u017een\u00ed mezi valiv\u00fdmi prvky, \u010d\u00edm\u017e zvy\u0161uje trvanlivost a sni\u017euje t\u0159en\u00ed b\u011bhem provozu.<\/p>","protected":false},"featured_media":2531,"comment_status":"open","ping_status":"closed","template":"","meta":{"site-sidebar-layout":"default","site-content-layout":"","ast-site-content-layout":"default","site-content-style":"default","site-sidebar-style":"default","ast-global-header-display":"","ast-banner-title-visibility":"","ast-main-header-display":"","ast-hfb-above-header-display":"","ast-hfb-below-header-display":"","ast-hfb-mobile-header-display":"","site-post-title":"","ast-breadcrumbs-content":"","ast-featured-img":"","footer-sml-layout":"","ast-disable-related-posts":"","theme-transparent-header-meta":"default","adv-header-id-meta":"","stick-header-meta":"default","header-above-stick-meta":"","header-main-stick-meta":"","header-below-stick-meta":"","astra-migrate-meta-layouts":"set","ast-page-background-enabled":"default","ast-page-background-meta":{"desktop":{"background-color":"","background-image":"","background-repeat":"repeat","background-position":"center center","background-size":"auto","background-attachment":"scroll","background-type":"","background-media":"","overlay-type":"","overlay-color":"","overlay-opacity":"","overlay-gradient":""},"tablet":{"background-color":"","background-image":"","background-repeat":"repeat","background-position":"center center","background-size":"auto","background-attachment":"scroll","background-type":"","background-media":"","overlay-type":"","overlay-color":"","overlay-opacity":"","overlay-gradient":""},"mobile":{"background-color":"","background-image":"","background-repeat":"repeat","background-position":"center center","background-size":"auto","background-attachment":"scroll","background-type":"","background-media":"","overlay-type":"","overlay-color":"","overlay-opacity":"","overlay-gradient":""}},"ast-content-background-meta":{"desktop":{"background-color":"var(--ast-global-color-5)","background-image":"","background-repeat":"repeat","background-position":"center center","background-size":"auto","background-attachment":"scroll","background-type":"","background-media":"","overlay-type":"","overlay-color":"","overlay-opacity":"","overlay-gradient":""},"tablet":{"background-color":"var(--ast-global-color-5)","background-image":"","background-repeat":"repeat","background-position":"center center","background-size":"auto","background-attachment":"scroll","background-type":"","background-media":"","overlay-type":"","overlay-color":"","overlay-opacity":"","overlay-gradient":""},"mobile":{"background-color":"var(--ast-global-color-5)","background-image":"","background-repeat":"repeat","background-position":"center center","background-size":"auto","background-attachment":"scroll","background-type":"","background-media":"","overlay-type":"","overlay-color":"","overlay-opacity":"","overlay-gradient":""}}},"product_brand":[],"product_cat":[23],"product_tag":[243,237,240,233,78,56,51,45,47,239,241,154,242,238],"class_list":{"0":"post-2455","1":"product","2":"type-product","3":"status-publish","4":"has-post-thumbnail","6":"product_cat-tapered-roller-bearings","7":"product_tag-30306-bearing","8":"product_tag-automotive-bearing","9":"product_tag-chrome-steel-bearing","10":"product_tag-gcr15-bearing","11":"product_tag-gearbox-bearing","12":"product_tag-heavy-duty-bearing","13":"product_tag-high-load-bearing","14":"product_tag-industrial-bearing","15":"product_tag-oem-bearing-manufacturer","16":"product_tag-radial-axial-bearing","17":"product_tag-single-row-roller-bearing","18":"product_tag-tapered-roller-bearing","19":"product_tag-transmission-bearing","20":"product_tag-wheel-hub-bearing","21":"desktop-align-left","22":"tablet-align-left","23":"mobile-align-left","24":"ast-product-gallery-layout-horizontal-slider","25":"ast-product-gallery-with-no-image","26":"ast-product-tabs-layout-horizontal","28":"first","29":"instock","30":"shipping-taxable","31":"product-type-simple"},"_links":{"self":[{"href":"https:\/\/www.machinerybearings.com\/cs\/wp-json\/wp\/v2\/product\/2455","targetHints":{"allow":["GET"]}}],"collection":[{"href":"https:\/\/www.machinerybearings.com\/cs\/wp-json\/wp\/v2\/product"}],"about":[{"href":"https:\/\/www.machinerybearings.com\/cs\/wp-json\/wp\/v2\/types\/product"}],"replies":[{"embeddable":true,"href":"https:\/\/www.machinerybearings.com\/cs\/wp-json\/wp\/v2\/comments?post=2455"}],"wp:featuredmedia":[{"embeddable":true,"href":"https:\/\/www.machinerybearings.com\/cs\/wp-json\/wp\/v2\/media\/2531"}],"wp:attachment":[{"href":"https:\/\/www.machinerybearings.com\/cs\/wp-json\/wp\/v2\/media?parent=2455"}],"wp:term":[{"taxonomy":"product_brand","embeddable":true,"href":"https:\/\/www.machinerybearings.com\/cs\/wp-json\/wp\/v2\/product_brand?post=2455"},{"taxonomy":"product_cat","embeddable":true,"href":"https:\/\/www.machinerybearings.com\/cs\/wp-json\/wp\/v2\/product_cat?post=2455"},{"taxonomy":"product_tag","embeddable":true,"href":"https:\/\/www.machinerybearings.com\/cs\/wp-json\/wp\/v2\/product_tag?post=2455"}],"curies":[{"name":"wp","href":"https:\/\/api.w.org\/{rel}","templated":true}]}}