{"id":2458,"date":"2026-04-13T15:15:27","date_gmt":"2026-04-13T15:15:27","guid":{"rendered":"https:\/\/www.machinerybearings.com\/?post_type=product&#038;p=2458"},"modified":"2026-05-03T05:04:49","modified_gmt":"2026-05-03T05:04:49","slug":"32008-tapered-roller-bearing-for-automotive-and-industrial-load-applications","status":"publish","type":"product","link":"https:\/\/www.machinerybearings.com\/cs\/produkt\/32008-tapered-roller-bearing-for-automotive-and-industrial-load-applications\/","title":{"rendered":"32008 Ku\u017eel\u00edkov\u00e9 lo\u017eisko pro automobilov\u00e9 a pr\u016fmyslov\u00e9 aplikace zat\u00ed\u017een\u00ed"},"content":{"rendered":"<p data-start=\"111\" data-end=\"387\">Ku\u017eel\u00edkov\u00e1 lo\u017eiska 32008 jsou navr\u017eena tak, aby zvl\u00e1dala kombinovan\u00e9 radi\u00e1ln\u00ed a axi\u00e1ln\u00ed zat\u00ed\u017een\u00ed s vysokou \u00fa\u010dinnost\u00ed a stabilitou. Jejich ku\u017eelov\u00e1 geometrie v\u00e1le\u010dk\u016f zaji\u0161\u0165uje hladk\u00fd p\u0159enos zat\u00ed\u017een\u00ed, sn\u00ed\u017een\u00e9 t\u0159en\u00ed a spolehliv\u00fd v\u00fdkon za podm\u00ednek st\u0159edn\u00edho zat\u00ed\u017een\u00ed a m\u00edrn\u00e9 rychlosti.<\/p>\n<p data-start=\"389\" data-end=\"560\">Toto lo\u017eisko se \u0161iroce pou\u017e\u00edv\u00e1 v automobilov\u00fdch syst\u00e9mech, zem\u011bd\u011blsk\u00fdch stroj\u00edch, p\u0159evodovk\u00e1ch a pr\u016fmyslov\u00e9m vybaven\u00ed, kde je vy\u017eadov\u00e1na kompaktn\u00ed struktura a vysok\u00e1 nosnost.<\/p>\n<h3 data-section-id=\"sse2nj\" data-start=\"567\" data-end=\"591\">Technick\u00e9 parametry<\/h3>\n<div class=\"TyagGW_tableContainer\">\n<div class=\"group TyagGW_tableWrapper flex flex-col-reverse w-fit\" tabindex=\"-1\">\n<table class=\"w-fit min-w-(--thread-content-width)\" data-start=\"593\" data-end=\"1072\">\n<thead data-start=\"593\" data-end=\"617\">\n<tr data-start=\"593\" data-end=\"617\">\n<th class=\"\" data-start=\"593\" data-end=\"600\" data-col-size=\"sm\">Polo\u017eka<\/th>\n<th class=\"\" data-start=\"600\" data-end=\"617\" data-col-size=\"sm\">Specifikace<\/th>\n<\/tr>\n<\/thead>\n<tbody data-start=\"642\" data-end=\"1072\">\n<tr data-start=\"642\" data-end=\"683\">\n<td data-start=\"642\" data-end=\"657\" data-col-size=\"sm\">Typ lo\u017eiska<\/td>\n<td data-start=\"657\" data-end=\"683\" data-col-size=\"sm\">Ku\u017eel\u00edkov\u00e9 lo\u017eisko<\/td>\n<\/tr>\n<tr data-start=\"684\" data-end=\"701\">\n<td data-start=\"684\" data-end=\"692\" data-col-size=\"sm\">Model<\/td>\n<td data-start=\"692\" data-end=\"701\" data-col-size=\"sm\">32008<\/td>\n<\/tr>\n<tr data-start=\"702\" data-end=\"732\">\n<td data-start=\"702\" data-end=\"723\" data-col-size=\"sm\">Vnit\u0159n\u00ed pr\u016fm\u011br (d)<\/td>\n<td data-start=\"723\" data-end=\"732\" data-col-size=\"sm\">40 mm<\/td>\n<\/tr>\n<tr data-start=\"733\" data-end=\"763\">\n<td data-start=\"733\" data-end=\"754\" data-col-size=\"sm\">Vn\u011bj\u0161\u00ed pr\u016fm\u011br (D)<\/td>\n<td data-start=\"754\" data-end=\"763\" data-col-size=\"sm\">68 mm<\/td>\n<\/tr>\n<tr data-start=\"764\" data-end=\"785\">\n<td data-start=\"764\" data-end=\"776\" data-col-size=\"sm\">\u0160\u00ed\u0159ka (T)<\/td>\n<td data-start=\"776\" data-end=\"785\" data-col-size=\"sm\">19 mm<\/td>\n<\/tr>\n<tr data-start=\"786\" data-end=\"826\">\n<td data-start=\"786\" data-end=\"798\" data-col-size=\"sm\">Typ zat\u00ed\u017een\u00ed<\/td>\n<td data-start=\"798\" data-end=\"826\" data-col-size=\"sm\">Radi\u00e1ln\u00ed zat\u00ed\u017een\u00ed + Axi\u00e1ln\u00ed zat\u00ed\u017een\u00ed<\/td>\n<\/tr>\n<tr data-start=\"827\" data-end=\"857\">\n<td data-start=\"827\" data-end=\"843\" data-col-size=\"sm\">Materi\u00e1l klece<\/td>\n<td data-start=\"843\" data-end=\"857\" data-col-size=\"sm\">Ocelov\u00e1 klec<\/td>\n<\/tr>\n<tr data-start=\"858\" data-end=\"891\">\n<td data-start=\"858\" data-end=\"869\" data-col-size=\"sm\">Materi\u00e1l<\/td>\n<td data-start=\"869\" data-end=\"891\" data-col-size=\"sm\">Ocel GCr15<\/td>\n<\/tr>\n<tr data-start=\"892\" data-end=\"935\">\n<td data-start=\"892\" data-end=\"906\" data-col-size=\"sm\">Maz\u00e1n\u00ed<\/td>\n<td data-start=\"906\" data-end=\"935\" data-col-size=\"sm\">Maz\u00e1n\u00ed tukem nebo olejem<\/td>\n<\/tr>\n<tr data-start=\"936\" data-end=\"985\">\n<td data-start=\"936\" data-end=\"948\" data-col-size=\"sm\">Konstrukce<\/td>\n<td data-start=\"948\" data-end=\"985\" data-col-size=\"sm\">Jednoradov\u00e9 ku\u017eel\u00edkov\u00e9 lo\u017eisko<\/td>\n<\/tr>\n<tr data-start=\"986\" data-end=\"1033\">\n<td data-start=\"986\" data-end=\"1004\" data-col-size=\"sm\">Provozn\u00ed rychlost<\/td>\n<td data-start=\"1004\" data-end=\"1033\" data-col-size=\"sm\">Aplikace se st\u0159edn\u00ed rychlost\u00ed<\/td>\n<\/tr>\n<tr data-start=\"1034\" data-end=\"1072\">\n<td data-start=\"1034\" data-end=\"1054\" data-col-size=\"sm\">Teplotn\u00ed rozsah<\/td>\n<td data-start=\"1054\" data-end=\"1072\" data-col-size=\"sm\">-30 \u00b0C a\u017e 150 \u00b0C<\/td>\n<\/tr>\n<\/tbody>\n<\/table>\n<\/div>\n<\/div>\n<h3 data-section-id=\"1iz91iu\" data-start=\"1079\" data-end=\"1095\">Kl\u00ed\u010dov\u00e9 vlastnosti<\/h3>\n<ul data-start=\"1097\" data-end=\"1388\">\n<li data-section-id=\"1vl001\" data-start=\"1097\" data-end=\"1141\">Podporuje kombinovan\u00e1 radi\u00e1ln\u00ed a axi\u00e1ln\u00ed zat\u00ed\u017een\u00ed<\/li>\n<li data-section-id=\"1srodc3\" data-start=\"1142\" data-end=\"1184\">Kompaktn\u00ed design s vysokou nosnost\u00ed<\/li>\n<li data-section-id=\"93gu7o\" data-start=\"1185\" data-end=\"1241\">Stabiln\u00ed provoz za nep\u0159etr\u017eit\u00fdch pracovn\u00edch podm\u00ednek<\/li>\n<li data-section-id=\"fmcfrv\" data-start=\"1242\" data-end=\"1282\">Sn\u00ed\u017een\u00e9 t\u0159en\u00ed a generov\u00e1n\u00ed tepla<\/li>\n<li data-section-id=\"77ge0v\" data-start=\"1283\" data-end=\"1331\">Dlouh\u00e1 \u017eivotnost v pr\u016fmyslov\u00e9m prost\u0159ed\u00ed<\/li>\n<li data-section-id=\"1fuex6u\" data-start=\"1332\" data-end=\"1388\">Vhodn\u00e9 pro podm\u00ednky n\u00e1razu a m\u00edrn\u00e9ho vibrace<\/li>\n<\/ul>\n<h3 data-section-id=\"wggvqn\" data-start=\"1395\" data-end=\"1411\">Aplikace<\/h3>\n<ul data-start=\"1413\" data-end=\"1640\">\n<li data-section-id=\"16jv93o\" data-start=\"1413\" data-end=\"1438\">Automobilov\u00e9 n\u00e1boje kol<\/li>\n<li data-section-id=\"15oirsh\" data-start=\"1439\" data-end=\"1477\">P\u0159evodovk\u00e1ch a p\u0159enosov\u00fdch syst\u00e9mech<\/li>\n<li data-section-id=\"1n6ynun\" data-start=\"1478\" data-end=\"1504\">Zem\u011bd\u011blsk\u00e9 stroje<\/li>\n<li data-section-id=\"16fhp27\" data-start=\"1505\" data-end=\"1531\">Stavebn\u00ed stroje<\/li>\n<li data-section-id=\"gcuaph\" data-start=\"1532\" data-end=\"1560\">Pr\u016fmyslov\u00e9 pohonn\u00e9 syst\u00e9my<\/li>\n<li data-section-id=\"4ay2tg\" data-start=\"1561\" data-end=\"1603\">Dopravn\u00ed a manipula\u010dn\u00ed syst\u00e9my<\/li>\n<li data-section-id=\"a5j0us\" data-start=\"1604\" data-end=\"1640\">Lehk\u00e9 a\u017e st\u0159edn\u00ed t\u011b\u017eebn\u00ed stroje<\/li>\n<\/ul>\n<h3 data-section-id=\"gqbmdj\" data-start=\"1647\" data-end=\"1673\">In\u017een\u00fdrsk\u00e9 v\u00fdhody<\/h3>\n<p data-start=\"1675\" data-end=\"1844\">Ku\u017eel\u00edkov\u00e9 lo\u017eisko 32008 poskytuje efektivn\u00ed rozlo\u017een\u00ed zat\u00ed\u017een\u00ed prost\u0159ednictv\u00edm sv\u00fdch ku\u017eelovit\u00fdch v\u00e1le\u010dkov\u00fdch prvk\u016f, \u010d\u00edm\u017e sni\u017euje okrajov\u00e9 nap\u011bt\u00ed a zlep\u0161uje provozn\u00ed stabilitu.<\/p>\n<p data-start=\"1846\" data-end=\"1975\">Jeho struktura zvy\u0161uje odolnost proti \u00fanav\u011b a zaji\u0161\u0165uje spolehliv\u00fd v\u00fdkon v aplikac\u00edch s kombinovan\u00fdmi axi\u00e1ln\u00edmi a radi\u00e1ln\u00edmi silami.<\/p>\n<h3 data-section-id=\"ex11qd\" data-start=\"1982\" data-end=\"2000\">Mo\u017enosti na m\u00edru<\/h3>\n<ul data-start=\"2002\" data-end=\"2206\">\n<li data-section-id=\"1x00fvb\" data-start=\"2002\" data-end=\"2052\">Nastaven\u00ed vnit\u0159n\u00ed v\u016fle (C3\/C4 voliteln\u00e9)<\/li>\n<li data-section-id=\"11j4pt1\" data-start=\"2053\" data-end=\"2097\">V\u00fdb\u011br materi\u00e1lu klece (ocel nebo mosaz)<\/li>\n<li data-section-id=\"1icjogp\" data-start=\"2098\" data-end=\"2131\">Mo\u017enosti otev\u0159en\u00e9ho nebo uzav\u0159en\u00e9ho designu<\/li>\n<li data-section-id=\"1jq34of\" data-start=\"2132\" data-end=\"2167\">Pln\u011bn\u00ed vysokoteplotn\u00edmi mazivy<\/li>\n<li data-section-id=\"1mlx5yn\" data-start=\"2168\" data-end=\"2206\">Podpora OEM zna\u010dkov\u00e1n\u00ed a balen\u00ed<\/li>\n<\/ul>","protected":false},"excerpt":{"rendered":"<p>Ku\u017eel\u00edkov\u00e1 lo\u017eiska 32008 jsou navr\u017eena tak, aby zvl\u00e1dala kombinovan\u00e9 radi\u00e1ln\u00ed a axi\u00e1ln\u00ed zat\u00ed\u017een\u00ed s vysokou \u00fa\u010dinnost\u00ed a stabilitou. Jejich ku\u017eelov\u00e1 geometrie v\u00e1le\u010dk\u016f zaji\u0161\u0165uje hladk\u00fd p\u0159enos zat\u00ed\u017een\u00ed, sn\u00ed\u017een\u00e9 t\u0159en\u00ed a spolehliv\u00fd v\u00fdkon za podm\u00ednek st\u0159edn\u00edho zat\u00ed\u017een\u00ed a m\u00edrn\u00e9 rychlosti.<\/p>","protected":false},"featured_media":2524,"comment_status":"open","ping_status":"closed","template":"","meta":{"site-sidebar-layout":"default","site-content-layout":"","ast-site-content-layout":"default","site-content-style":"default","site-sidebar-style":"default","ast-global-header-display":"","ast-banner-title-visibility":"","ast-main-header-display":"","ast-hfb-above-header-display":"","ast-hfb-below-header-display":"","ast-hfb-mobile-header-display":"","site-post-title":"","ast-breadcrumbs-content":"","ast-featured-img":"","footer-sml-layout":"","ast-disable-related-posts":"","theme-transparent-header-meta":"default","adv-header-id-meta":"","stick-header-meta":"default","header-above-stick-meta":"","header-main-stick-meta":"","header-below-stick-meta":"","astra-migrate-meta-layouts":"set","ast-page-background-enabled":"default","ast-page-background-meta":{"desktop":{"background-color":"","background-image":"","background-repeat":"repeat","background-position":"center center","background-size":"auto","background-attachment":"scroll","background-type":"","background-media":"","overlay-type":"","overlay-color":"","overlay-opacity":"","overlay-gradient":""},"tablet":{"background-color":"","background-image":"","background-repeat":"repeat","background-position":"center center","background-size":"auto","background-attachment":"scroll","background-type":"","background-media":"","overlay-type":"","overlay-color":"","overlay-opacity":"","overlay-gradient":""},"mobile":{"background-color":"","background-image":"","background-repeat":"repeat","background-position":"center center","background-size":"auto","background-attachment":"scroll","background-type":"","background-media":"","overlay-type":"","overlay-color":"","overlay-opacity":"","overlay-gradient":""}},"ast-content-background-meta":{"desktop":{"background-color":"var(--ast-global-color-5)","background-image":"","background-repeat":"repeat","background-position":"center center","background-size":"auto","background-attachment":"scroll","background-type":"","background-media":"","overlay-type":"","overlay-color":"","overlay-opacity":"","overlay-gradient":""},"tablet":{"background-color":"var(--ast-global-color-5)","background-image":"","background-repeat":"repeat","background-position":"center center","background-size":"auto","background-attachment":"scroll","background-type":"","background-media":"","overlay-type":"","overlay-color":"","overlay-opacity":"","overlay-gradient":""},"mobile":{"background-color":"var(--ast-global-color-5)","background-image":"","background-repeat":"repeat","background-position":"center center","background-size":"auto","background-attachment":"scroll","background-type":"","background-media":"","overlay-type":"","overlay-color":"","overlay-opacity":"","overlay-gradient":""}}},"product_brand":[],"product_cat":[23],"product_tag":[245,237,240,233,78,56,45,47,239,241,154,242,238],"class_list":{"0":"post-2458","1":"product","2":"type-product","3":"status-publish","4":"has-post-thumbnail","6":"product_cat-tapered-roller-bearings","7":"product_tag-32008-bearing","8":"product_tag-automotive-bearing","9":"product_tag-chrome-steel-bearing","10":"product_tag-gcr15-bearing","11":"product_tag-gearbox-bearing","12":"product_tag-heavy-duty-bearing","13":"product_tag-industrial-bearing","14":"product_tag-oem-bearing-manufacturer","15":"product_tag-radial-axial-bearing","16":"product_tag-single-row-roller-bearing","17":"product_tag-tapered-roller-bearing","18":"product_tag-transmission-bearing","19":"product_tag-wheel-hub-bearing","20":"desktop-align-left","21":"tablet-align-left","22":"mobile-align-left","23":"ast-product-gallery-layout-horizontal-slider","24":"ast-product-gallery-with-no-image","25":"ast-product-tabs-layout-horizontal","27":"first","28":"instock","29":"shipping-taxable","30":"product-type-simple"},"_links":{"self":[{"href":"https:\/\/www.machinerybearings.com\/cs\/wp-json\/wp\/v2\/product\/2458","targetHints":{"allow":["GET"]}}],"collection":[{"href":"https:\/\/www.machinerybearings.com\/cs\/wp-json\/wp\/v2\/product"}],"about":[{"href":"https:\/\/www.machinerybearings.com\/cs\/wp-json\/wp\/v2\/types\/product"}],"replies":[{"embeddable":true,"href":"https:\/\/www.machinerybearings.com\/cs\/wp-json\/wp\/v2\/comments?post=2458"}],"wp:featuredmedia":[{"embeddable":true,"href":"https:\/\/www.machinerybearings.com\/cs\/wp-json\/wp\/v2\/media\/2524"}],"wp:attachment":[{"href":"https:\/\/www.machinerybearings.com\/cs\/wp-json\/wp\/v2\/media?parent=2458"}],"wp:term":[{"taxonomy":"product_brand","embeddable":true,"href":"https:\/\/www.machinerybearings.com\/cs\/wp-json\/wp\/v2\/product_brand?post=2458"},{"taxonomy":"product_cat","embeddable":true,"href":"https:\/\/www.machinerybearings.com\/cs\/wp-json\/wp\/v2\/product_cat?post=2458"},{"taxonomy":"product_tag","embeddable":true,"href":"https:\/\/www.machinerybearings.com\/cs\/wp-json\/wp\/v2\/product_tag?post=2458"}],"curies":[{"name":"wp","href":"https:\/\/api.w.org\/{rel}","templated":true}]}}