{"id":2463,"date":"2026-04-13T15:30:28","date_gmt":"2026-04-13T15:30:28","guid":{"rendered":"https:\/\/www.machinerybearings.com\/?post_type=product&#038;p=2463"},"modified":"2026-05-03T04:39:59","modified_gmt":"2026-05-03T04:39:59","slug":"51210-thrust-ball-bearing-for-high-axial-load-industrial-applications","status":"publish","type":"product","link":"https:\/\/www.machinerybearings.com\/cs\/produkt\/51210-thrust-ball-bearing-for-high-axial-load-industrial-applications\/","title":{"rendered":"51210 Kuli\u010dkov\u00e9 lo\u017eisko pro vysok\u00e9 axi\u00e1ln\u00ed zat\u00ed\u017een\u00ed pr\u016fmyslov\u00e9 aplikace"},"content":{"rendered":"<p data-start=\"104\" data-end=\"387\">The 51210 thrust ball bearing is designed to support high axial loads in one direction while operating at low to medium speeds. It consists of precision-machined shaft and housing washers with a cage-guided ball assembly, ensuring smooth axial load transmission and stable operation.<\/p>\n<p data-start=\"389\" data-end=\"562\">This model is widely used in industrial machinery, automotive systems, pumps, and vertical shaft assemblies where strong axial support and positioning accuracy are required.<\/p>\n<h3 data-section-id=\"sse2nj\" data-start=\"569\" data-end=\"593\">Technick\u00e9 parametry<\/h3>\n<div class=\"TyagGW_tableContainer\">\n<div class=\"group TyagGW_tableWrapper flex flex-col-reverse w-fit\" tabindex=\"-1\">\n<table class=\"w-fit min-w-(--thread-content-width)\" data-start=\"595\" data-end=\"1084\">\n<thead data-start=\"595\" data-end=\"619\">\n<tr data-start=\"595\" data-end=\"619\">\n<th class=\"\" data-start=\"595\" data-end=\"602\" data-col-size=\"sm\">Polo\u017eka<\/th>\n<th class=\"\" data-start=\"602\" data-end=\"619\" data-col-size=\"sm\">Specifikace<\/th>\n<\/tr>\n<\/thead>\n<tbody data-start=\"644\" data-end=\"1084\">\n<tr data-start=\"644\" data-end=\"682\">\n<td data-start=\"644\" data-end=\"659\" data-col-size=\"sm\">Typ lo\u017eiska<\/td>\n<td data-start=\"659\" data-end=\"682\" data-col-size=\"sm\">Thrust Ball Bearing<\/td>\n<\/tr>\n<tr data-start=\"683\" data-end=\"700\">\n<td data-start=\"683\" data-end=\"691\" data-col-size=\"sm\">Model<\/td>\n<td data-start=\"691\" data-end=\"700\" data-col-size=\"sm\">51210<\/td>\n<\/tr>\n<tr data-start=\"701\" data-end=\"731\">\n<td data-start=\"701\" data-end=\"722\" data-col-size=\"sm\">Vnit\u0159n\u00ed pr\u016fm\u011br (d)<\/td>\n<td data-col-size=\"sm\" data-start=\"722\" data-end=\"731\">50 mm<\/td>\n<\/tr>\n<tr data-start=\"732\" data-end=\"762\">\n<td data-start=\"732\" data-end=\"753\" data-col-size=\"sm\">Vn\u011bj\u0161\u00ed pr\u016fm\u011br (D)<\/td>\n<td data-col-size=\"sm\" data-start=\"753\" data-end=\"762\">78 mm<\/td>\n<\/tr>\n<tr data-start=\"763\" data-end=\"785\">\n<td data-start=\"763\" data-end=\"776\" data-col-size=\"sm\">Height (H)<\/td>\n<td data-start=\"776\" data-end=\"785\" data-col-size=\"sm\">22 mm<\/td>\n<\/tr>\n<tr data-start=\"786\" data-end=\"828\">\n<td data-start=\"786\" data-end=\"798\" data-col-size=\"sm\">Typ zat\u00ed\u017een\u00ed<\/td>\n<td data-start=\"798\" data-end=\"828\" data-col-size=\"sm\">Axial load (one direction)<\/td>\n<\/tr>\n<tr data-start=\"829\" data-end=\"859\">\n<td data-start=\"829\" data-end=\"845\" data-col-size=\"sm\">Materi\u00e1l klece<\/td>\n<td data-start=\"845\" data-end=\"859\" data-col-size=\"sm\">Ocelov\u00e1 klec<\/td>\n<\/tr>\n<tr data-start=\"860\" data-end=\"893\">\n<td data-start=\"860\" data-end=\"871\" data-col-size=\"sm\">Materi\u00e1l<\/td>\n<td data-start=\"871\" data-end=\"893\" data-col-size=\"sm\">Ocel GCr15<\/td>\n<\/tr>\n<tr data-start=\"894\" data-end=\"937\">\n<td data-start=\"894\" data-end=\"908\" data-col-size=\"sm\">Maz\u00e1n\u00ed<\/td>\n<td data-col-size=\"sm\" data-start=\"908\" data-end=\"937\">Maz\u00e1n\u00ed tukem nebo olejem<\/td>\n<\/tr>\n<tr data-start=\"938\" data-end=\"990\">\n<td data-start=\"938\" data-end=\"950\" data-col-size=\"sm\">Konstrukce<\/td>\n<td data-col-size=\"sm\" data-start=\"950\" data-end=\"990\">Single direction thrust ball bearing<\/td>\n<\/tr>\n<tr data-start=\"991\" data-end=\"1045\">\n<td data-start=\"991\" data-end=\"1009\" data-col-size=\"sm\">Provozn\u00ed rychlost<\/td>\n<td data-col-size=\"sm\" data-start=\"1009\" data-end=\"1045\">Low to medium speed applications<\/td>\n<\/tr>\n<tr data-start=\"1046\" data-end=\"1084\">\n<td data-start=\"1046\" data-end=\"1066\" data-col-size=\"sm\">Teplotn\u00ed rozsah<\/td>\n<td data-start=\"1066\" data-end=\"1084\" data-col-size=\"sm\">-30 \u00b0C a\u017e 150 \u00b0C<\/td>\n<\/tr>\n<\/tbody>\n<\/table>\n<\/div>\n<\/div>\n<h3 data-section-id=\"1iz91iu\" data-start=\"1091\" data-end=\"1107\">Kl\u00ed\u010dov\u00e9 vlastnosti<\/h3>\n<ul data-start=\"1109\" data-end=\"1371\">\n<li data-section-id=\"1q7s0eq\" data-start=\"1109\" data-end=\"1146\">High axial load carrying capacity<\/li>\n<li data-section-id=\"1e4pl9p\" data-start=\"1147\" data-end=\"1196\">Stabiln\u00ed v\u00fdkon p\u0159i nep\u0159etr\u017eit\u00e9m provozu<\/li>\n<li data-section-id=\"7i9ka1\" data-start=\"1197\" data-end=\"1239\">Low friction and smooth axial movement<\/li>\n<li data-section-id=\"1lacplx\" data-start=\"1240\" data-end=\"1281\">Compact and easy-to-install structure<\/li>\n<li data-section-id=\"1jt2y3e\" data-start=\"1282\" data-end=\"1322\">High precision for shaft positioning<\/li>\n<li data-section-id=\"77ge0v\" data-start=\"1323\" data-end=\"1371\">Dlouh\u00e1 \u017eivotnost v pr\u016fmyslov\u00e9m prost\u0159ed\u00ed<\/li>\n<\/ul>\n<h3 data-section-id=\"wggvqn\" data-start=\"1378\" data-end=\"1394\">Aplikace<\/h3>\n<ul data-start=\"1396\" data-end=\"1621\">\n<li data-section-id=\"mg5yuj\" data-start=\"1396\" data-end=\"1431\">Automotive transmission systems<\/li>\n<li data-section-id=\"942l0d\" data-start=\"1432\" data-end=\"1456\">Pr\u016fmyslov\u00e9 p\u0159evodovky<\/li>\n<li data-section-id=\"1saoje3\" data-start=\"1457\" data-end=\"1491\">Vertical shaft support systems<\/li>\n<li data-section-id=\"dl2tr4\" data-start=\"1492\" data-end=\"1517\">\u010cerpadlech a kompresorech<\/li>\n<li data-section-id=\"11yyv18\" data-start=\"1518\" data-end=\"1558\">Machine tools and spindle assemblies<\/li>\n<li data-section-id=\"1jmg69j\" data-start=\"1559\" data-end=\"1594\">Heavy-duty industrial equipment<\/li>\n<li data-section-id=\"1n6ynun\" data-start=\"1595\" data-end=\"1621\">Zem\u011bd\u011blsk\u00e9 stroje<\/li>\n<\/ul>\n<h3 data-section-id=\"gqbmdj\" data-start=\"1628\" data-end=\"1654\">In\u017een\u00fdrsk\u00e9 v\u00fdhody<\/h3>\n<p data-start=\"1656\" data-end=\"1820\">The 51210 thrust ball bearing is optimized for axial force control, reducing friction losses while maintaining stable shaft positioning under heavy load conditions.<\/p>\n<p data-start=\"1822\" data-end=\"1941\">Its robust design ensures reliable operation in applications where axial stress is dominant and radial load is minimal.<\/p>\n<h3 data-section-id=\"ex11qd\" data-start=\"1948\" data-end=\"1966\">Mo\u017enosti na m\u00edru<\/h3>\n<ul data-start=\"1968\" data-end=\"2180\">\n<li data-section-id=\"1e91zo4\" data-start=\"1968\" data-end=\"2014\">Precision grade customization (P0, P6, P5)<\/li>\n<li data-section-id=\"yopuor\" data-start=\"2015\" data-end=\"2066\">Cage material upgrade (steel or brass optional)<\/li>\n<li data-section-id=\"1jq34of\" data-start=\"2067\" data-end=\"2102\">Pln\u011bn\u00ed vysokoteplotn\u00edmi mazivy<\/li>\n<li data-section-id=\"n8fd4q\" data-start=\"2103\" data-end=\"2141\">Open or shielded structure options<\/li>\n<li data-section-id=\"1mlx5yn\" data-start=\"2142\" data-end=\"2180\">Podpora OEM zna\u010dkov\u00e1n\u00ed a balen\u00ed<\/li>\n<\/ul>","protected":false},"excerpt":{"rendered":"<p>The 51210 thrust ball bearing is designed to support high axial loads in one direction while operating at low to medium speeds. It consists of precision-machined shaft and housing washers with a cage-guided ball assembly, ensuring smooth axial load transmission and stable operation.<\/p>","protected":false},"featured_media":2519,"comment_status":"open","ping_status":"closed","template":"","meta":{"site-sidebar-layout":"default","site-content-layout":"","ast-site-content-layout":"default","site-content-style":"default","site-sidebar-style":"default","ast-global-header-display":"","ast-banner-title-visibility":"","ast-main-header-display":"","ast-hfb-above-header-display":"","ast-hfb-below-header-display":"","ast-hfb-mobile-header-display":"","site-post-title":"","ast-breadcrumbs-content":"","ast-featured-img":"","footer-sml-layout":"","ast-disable-related-posts":"","theme-transparent-header-meta":"default","adv-header-id-meta":"","stick-header-meta":"default","header-above-stick-meta":"","header-main-stick-meta":"","header-below-stick-meta":"","astra-migrate-meta-layouts":"set","ast-page-background-enabled":"default","ast-page-background-meta":{"desktop":{"background-color":"","background-image":"","background-repeat":"repeat","background-position":"center center","background-size":"auto","background-attachment":"scroll","background-type":"","background-media":"","overlay-type":"","overlay-color":"","overlay-opacity":"","overlay-gradient":""},"tablet":{"background-color":"","background-image":"","background-repeat":"repeat","background-position":"center center","background-size":"auto","background-attachment":"scroll","background-type":"","background-media":"","overlay-type":"","overlay-color":"","overlay-opacity":"","overlay-gradient":""},"mobile":{"background-color":"","background-image":"","background-repeat":"repeat","background-position":"center center","background-size":"auto","background-attachment":"scroll","background-type":"","background-media":"","overlay-type":"","overlay-color":"","overlay-opacity":"","overlay-gradient":""}},"ast-content-background-meta":{"desktop":{"background-color":"var(--ast-global-color-5)","background-image":"","background-repeat":"repeat","background-position":"center center","background-size":"auto","background-attachment":"scroll","background-type":"","background-media":"","overlay-type":"","overlay-color":"","overlay-opacity":"","overlay-gradient":""},"tablet":{"background-color":"var(--ast-global-color-5)","background-image":"","background-repeat":"repeat","background-position":"center center","background-size":"auto","background-attachment":"scroll","background-type":"","background-media":"","overlay-type":"","overlay-color":"","overlay-opacity":"","overlay-gradient":""},"mobile":{"background-color":"var(--ast-global-color-5)","background-image":"","background-repeat":"repeat","background-position":"center center","background-size":"auto","background-attachment":"scroll","background-type":"","background-media":"","overlay-type":"","overlay-color":"","overlay-opacity":"","overlay-gradient":""}}},"product_brand":[],"product_cat":[26],"product_tag":[262,260,240,233,78,264,45,102,71,47,104,263],"class_list":{"0":"post-2463","1":"product","2":"type-product","3":"status-publish","4":"has-post-thumbnail","6":"product_cat-thrust-ball-bearings","7":"product_tag-51210-bearing","8":"product_tag-axial-bearing","9":"product_tag-chrome-steel-bearing","10":"product_tag-gcr15-bearing","11":"product_tag-gearbox-bearing","12":"product_tag-heavy-duty-thrust-bearing","13":"product_tag-industrial-bearing","14":"product_tag-low-friction-bearing","15":"product_tag-machine-tool-bearing","16":"product_tag-oem-bearing-manufacturer","17":"product_tag-pump-bearing","18":"product_tag-thrust-ball-bearing","19":"desktop-align-left","20":"tablet-align-left","21":"mobile-align-left","22":"ast-product-gallery-layout-horizontal-slider","23":"ast-product-gallery-with-no-image","24":"ast-product-tabs-layout-horizontal","26":"first","27":"instock","28":"shipping-taxable","29":"product-type-simple"},"_links":{"self":[{"href":"https:\/\/www.machinerybearings.com\/cs\/wp-json\/wp\/v2\/product\/2463","targetHints":{"allow":["GET"]}}],"collection":[{"href":"https:\/\/www.machinerybearings.com\/cs\/wp-json\/wp\/v2\/product"}],"about":[{"href":"https:\/\/www.machinerybearings.com\/cs\/wp-json\/wp\/v2\/types\/product"}],"replies":[{"embeddable":true,"href":"https:\/\/www.machinerybearings.com\/cs\/wp-json\/wp\/v2\/comments?post=2463"}],"wp:featuredmedia":[{"embeddable":true,"href":"https:\/\/www.machinerybearings.com\/cs\/wp-json\/wp\/v2\/media\/2519"}],"wp:attachment":[{"href":"https:\/\/www.machinerybearings.com\/cs\/wp-json\/wp\/v2\/media?parent=2463"}],"wp:term":[{"taxonomy":"product_brand","embeddable":true,"href":"https:\/\/www.machinerybearings.com\/cs\/wp-json\/wp\/v2\/product_brand?post=2463"},{"taxonomy":"product_cat","embeddable":true,"href":"https:\/\/www.machinerybearings.com\/cs\/wp-json\/wp\/v2\/product_cat?post=2463"},{"taxonomy":"product_tag","embeddable":true,"href":"https:\/\/www.machinerybearings.com\/cs\/wp-json\/wp\/v2\/product_tag?post=2463"}],"curies":[{"name":"wp","href":"https:\/\/api.w.org\/{rel}","templated":true}]}}