{"id":2421,"date":"2026-04-12T15:09:40","date_gmt":"2026-04-12T15:09:40","guid":{"rendered":"https:\/\/www.machinerybearings.com\/?post_type=product&#038;p=2421"},"modified":"2026-05-04T14:05:11","modified_gmt":"2026-05-04T14:05:11","slug":"ucfl204-bearing-unit-flanged-pillow-block-insert-bearing-for-industrial-applications","status":"publish","type":"product","link":"https:\/\/www.machinerybearings.com\/de\/produkt\/ucfl204-bearing-unit-flanged-pillow-block-insert-bearing-for-industrial-applications\/","title":{"rendered":"UCFL204 Lager-Einheit \u2013 Flanschlager-Pillow-Block-Einsatzlager f\u00fcr industrielle Anwendungen"},"content":{"rendered":"<p data-start=\"349\" data-end=\"599\">Das <strong data-start=\"353\" data-end=\"377\">UCFL204 Lageranordnung<\/strong> ist eine montierte Lageranordnung, die aus einem <strong data-start=\"424\" data-end=\"484\">UC204 Einsatzlager und einem FL-Typ 2-Bolzen-Flanschgeh\u00e4use besteht<\/strong>. Es ist f\u00fcr eine einfache Installation, stabilen Betrieb und zuverl\u00e4ssige Wellenunterst\u00fctzung in kompakten Industriesystemen ausgelegt.<\/p>\n<p data-start=\"601\" data-end=\"928\">Die sph\u00e4rische Au\u00dfenseite des UC204 Einsatzlagers erm\u00f6glicht eine Selbstjustierung im Geh\u00e4use, was hilft, Wellenfehlstellungen auszugleichen und Installationsfehler zu reduzieren. In Kombination mit einem langlebigen Gusseisen-Flanschgeh\u00e4use bietet die UCFL204 Einheit starke Steifigkeit und eine lange Lebensdauer, selbst bei kontinuierlichem Betrieb.<\/p>\n<p data-start=\"930\" data-end=\"1048\">Diese Lageranordnung wird h\u00e4ufig in Maschinen eingesetzt, wo platzsparende Installation und sichere Flanschmontage erforderlich sind.<\/p>\n<h1 data-section-id=\"8av2ty\" data-start=\"1055\" data-end=\"1073\"><span role=\"text\"><strong data-start=\"1057\" data-end=\"1073\">Hauptmerkmale<\/strong><\/span><\/h1>\n<ul data-start=\"1075\" data-end=\"1418\">\n<li data-section-id=\"1iip39r\" data-start=\"1075\" data-end=\"1137\">Vollst\u00e4ndige Lageranordnung: UC204 Einsatz + FL204 Flanschgeh\u00e4use<\/li>\n<li data-section-id=\"c8j627\" data-start=\"1138\" data-end=\"1180\">2-Bolzen-Flanschdesign f\u00fcr einfache Montage<\/li>\n<li data-section-id=\"1htcgf9\" data-start=\"1181\" data-end=\"1236\">Selbstjustierende Struktur reduziert Installationsfehler<\/li>\n<li data-section-id=\"hz8ven\" data-start=\"1237\" data-end=\"1286\">Vorbeschmiert f\u00fcr wartungsfreien Betrieb<\/li>\n<li data-section-id=\"50mpjz\" data-start=\"1287\" data-end=\"1330\">Starkes Gusseisengeh\u00e4use f\u00fcr Langlebigkeit<\/li>\n<li data-section-id=\"1sh2lpk\" data-start=\"1331\" data-end=\"1375\">Sanfter Betrieb mit stabiler Leistung<\/li>\n<li data-section-id=\"1398rv\" data-start=\"1376\" data-end=\"1418\">Geeignet f\u00fcr den kontinuierlichen industriellen Einsatz<\/li>\n<\/ul>\n<h1 data-section-id=\"10k15yz\" data-start=\"1425\" data-end=\"1455\"><span role=\"text\"><strong data-start=\"1427\" data-end=\"1455\">Technische Spezifikationen<\/strong><\/span><\/h1>\n<div class=\"TyagGW_tableContainer\">\n<div class=\"group TyagGW_tableWrapper flex flex-col-reverse w-fit\" tabindex=\"-1\">\n<table class=\"w-fit min-w-(--thread-content-width)\" data-start=\"1457\" data-end=\"1828\">\n<thead data-start=\"1457\" data-end=\"1478\">\n<tr data-start=\"1457\" data-end=\"1478\">\n<th class=\"\" data-start=\"1457\" data-end=\"1469\" data-col-size=\"sm\">Parameter<\/th>\n<th class=\"\" data-start=\"1469\" data-end=\"1478\" data-col-size=\"md\">Wert<\/th>\n<\/tr>\n<\/thead>\n<tbody data-start=\"1499\" data-end=\"1828\">\n<tr data-start=\"1499\" data-end=\"1526\">\n<td data-start=\"1499\" data-end=\"1515\" data-col-size=\"sm\">Lager Modell<\/td>\n<td data-start=\"1515\" data-end=\"1526\" data-col-size=\"md\">UCFL204<\/td>\n<\/tr>\n<tr data-start=\"1527\" data-end=\"1553\">\n<td data-start=\"1527\" data-end=\"1544\" data-col-size=\"sm\">Eins\u00e4tze-Lager<\/td>\n<td data-start=\"1544\" data-end=\"1553\" data-col-size=\"md\">UC204<\/td>\n<\/tr>\n<tr data-start=\"1554\" data-end=\"1594\">\n<td data-start=\"1554\" data-end=\"1569\" data-col-size=\"sm\">Geh\u00e4usetyp<\/td>\n<td data-start=\"1569\" data-end=\"1594\" data-col-size=\"md\">FL 2-Bolzen-Flansch-Einheit<\/td>\n<\/tr>\n<tr data-start=\"1595\" data-end=\"1621\">\n<td data-start=\"1595\" data-end=\"1612\" data-col-size=\"sm\">Wellen-Durchmesser<\/td>\n<td data-start=\"1612\" data-end=\"1621\" data-col-size=\"md\">20 mm<\/td>\n<\/tr>\n<tr data-start=\"1622\" data-end=\"1681\">\n<td data-start=\"1622\" data-end=\"1633\" data-col-size=\"sm\">Material<\/td>\n<td data-start=\"1633\" data-end=\"1681\" data-col-size=\"md\">Chromstahl (W\u00e4lzlager) \/ Gusseisen (Geh\u00e4use)<\/td>\n<\/tr>\n<tr data-start=\"1682\" data-end=\"1720\">\n<td data-start=\"1682\" data-end=\"1697\" data-col-size=\"sm\">Dichtungsart<\/td>\n<td data-start=\"1697\" data-end=\"1720\" data-col-size=\"md\">Gummi abgedichtet (2RS)<\/td>\n<\/tr>\n<tr data-start=\"1721\" data-end=\"1750\">\n<td data-start=\"1721\" data-end=\"1735\" data-col-size=\"sm\">Schmierung<\/td>\n<td data-start=\"1735\" data-end=\"1750\" data-col-size=\"md\">Vorgefettet<\/td>\n<\/tr>\n<tr data-start=\"1751\" data-end=\"1785\">\n<td data-start=\"1751\" data-end=\"1767\" data-col-size=\"sm\">Montagetyp<\/td>\n<td data-start=\"1767\" data-end=\"1785\" data-col-size=\"md\">Flanschmontiert<\/td>\n<\/tr>\n<tr data-start=\"1786\" data-end=\"1828\">\n<td data-start=\"1786\" data-end=\"1810\" data-col-size=\"sm\">Betriebstemperatur<\/td>\n<td data-start=\"1810\" data-end=\"1828\" data-col-size=\"md\">-20\u00b0C bis 120\u00b0C<\/td>\n<\/tr>\n<\/tbody>\n<\/table>\n<\/div>\n<\/div>\n<h1 data-section-id=\"1p00fbj\" data-start=\"1835\" data-end=\"1853\"><span role=\"text\"><strong data-start=\"1837\" data-end=\"1853\">Anwendungen<\/strong><\/span><\/h1>\n<p data-start=\"1855\" data-end=\"1898\">Die UCFL204 W\u00e4lzlager-Einheit wird h\u00e4ufig verwendet in:<\/p>\n<ul data-start=\"1900\" data-end=\"2062\">\n<li data-section-id=\"176s2ln\" data-start=\"1900\" data-end=\"1920\">F\u00f6rderanlagen<\/li>\n<li data-section-id=\"1n6ynun\" data-start=\"1921\" data-end=\"1947\">Landmaschinen<\/li>\n<li data-section-id=\"1htpp6l\" data-start=\"1948\" data-end=\"1971\">Verpackungsmaschinen<\/li>\n<li data-section-id=\"i9rybb\" data-start=\"1972\" data-end=\"2000\">Lebensmittelverarbeitungsmaschinen<\/li>\n<li data-section-id=\"io1u9n\" data-start=\"2001\" data-end=\"2022\">Textilmaschinen<\/li>\n<li data-section-id=\"1rjvugo\" data-start=\"2023\" data-end=\"2062\">Leichten Automatisierungssystemen der Industrie<\/li>\n<\/ul>\n<h1 data-section-id=\"zdmnob\" data-start=\"2069\" data-end=\"2088\"><span role=\"text\"><strong data-start=\"2071\" data-end=\"2088\">Warum uns w\u00e4hlen<\/strong><\/span><\/h1>\n<ul data-start=\"2090\" data-end=\"2300\">\n<li data-section-id=\"17c68gd\" data-start=\"2090\" data-end=\"2139\">Stabile Fabrikversorgung mit gleichbleibender Qualit\u00e4t<\/li>\n<li data-section-id=\"u89jr3\" data-start=\"2140\" data-end=\"2184\">OEM- und ma\u00dfgeschneiderte Geh\u00e4useoptionen verf\u00fcgbar<\/li>\n<li data-section-id=\"fwknz2\" data-start=\"2185\" data-end=\"2224\">Kompatibel mit Standard-UCFL-Einheiten<\/li>\n<li data-section-id=\"g74bia\" data-start=\"2225\" data-end=\"2258\">Schnelle Lieferung f\u00fcr Gro\u00dfbestellungen<\/li>\n<li data-section-id=\"1u6ytj0\" data-start=\"2259\" data-end=\"2300\">Strenge Inspektion und Qualit\u00e4tskontrolle<\/li>\n<\/ul>\n<h1 data-section-id=\"1iusff4\" data-start=\"2307\" data-end=\"2316\"><span role=\"text\"><strong data-start=\"2309\" data-end=\"2316\">FAQ<\/strong><\/span><\/h1>\n<p data-start=\"2318\" data-end=\"2475\"><strong data-start=\"2318\" data-end=\"2354\">Q1: Was ist eine UCFL W\u00e4lzlager-Einheit?<\/strong><br data-start=\"2354\" data-end=\"2357\" \/>A: Es ist eine komplett montierte W\u00e4lzlager-Einheit, die aus einem UC-Einsatzlager und einem Flanschgeh\u00e4use f\u00fcr eine einfache Installation besteht.<\/p>\n<p data-start=\"2477\" data-end=\"2593\"><strong data-start=\"2477\" data-end=\"2516\">Q2: Kann die UCFL204 leicht ersetzt werden?<\/strong><br data-start=\"2516\" data-end=\"2519\" \/>A: Ja, sie ist f\u00fcr den Standardersatz in flanschmontierten Systemen konzipiert.<\/p>\n<p data-start=\"2595\" data-end=\"2710\"><strong data-start=\"2595\" data-end=\"2641\">Q3: Ist sie f\u00fcr staubige Umgebungen geeignet?<\/strong><br data-start=\"2641\" data-end=\"2644\" \/>A: Ja, das geschlossene Design hilft, gegen Staub und Feuchtigkeit zu sch\u00fctzen.<\/p>","protected":false},"excerpt":{"rendered":"<p>Das <strong data-start=\"353\" data-end=\"377\">UCFL204 Lageranordnung<\/strong> ist eine montierte Lageranordnung, die aus einem <strong data-start=\"424\" data-end=\"484\">UC204 Einsatzlager und einem FL-Typ 2-Bolzen-Flanschgeh\u00e4use besteht<\/strong>. Es ist f\u00fcr eine einfache Installation, stabilen Betrieb und zuverl\u00e4ssige Wellenunterst\u00fctzung in kompakten Industriesystemen ausgelegt.<\/p>","protected":false},"featured_media":2601,"comment_status":"open","ping_status":"closed","template":"","meta":{"site-sidebar-layout":"default","site-content-layout":"","ast-site-content-layout":"default","site-content-style":"default","site-sidebar-style":"default","ast-global-header-display":"","ast-banner-title-visibility":"","ast-main-header-display":"","ast-hfb-above-header-display":"","ast-hfb-below-header-display":"","ast-hfb-mobile-header-display":"","site-post-title":"","ast-breadcrumbs-content":"","ast-featured-img":"","footer-sml-layout":"","ast-disable-related-posts":"","theme-transparent-header-meta":"default","adv-header-id-meta":"","stick-header-meta":"default","header-above-stick-meta":"","header-main-stick-meta":"","header-below-stick-meta":"","astra-migrate-meta-layouts":"set","ast-page-background-enabled":"default","ast-page-background-meta":{"desktop":{"background-color":"","background-image":"","background-repeat":"repeat","background-position":"center center","background-size":"auto","background-attachment":"scroll","background-type":"","background-media":"","overlay-type":"","overlay-color":"","overlay-opacity":"","overlay-gradient":""},"tablet":{"background-color":"","background-image":"","background-repeat":"repeat","background-position":"center center","background-size":"auto","background-attachment":"scroll","background-type":"","background-media":"","overlay-type":"","overlay-color":"","overlay-opacity":"","overlay-gradient":""},"mobile":{"background-color":"","background-image":"","background-repeat":"repeat","background-position":"center center","background-size":"auto","background-attachment":"scroll","background-type":"","background-media":"","overlay-type":"","overlay-color":"","overlay-opacity":"","overlay-gradient":""}},"ast-content-background-meta":{"desktop":{"background-color":"var(--ast-global-color-5)","background-image":"","background-repeat":"repeat","background-position":"center center","background-size":"auto","background-attachment":"scroll","background-type":"","background-media":"","overlay-type":"","overlay-color":"","overlay-opacity":"","overlay-gradient":""},"tablet":{"background-color":"var(--ast-global-color-5)","background-image":"","background-repeat":"repeat","background-position":"center center","background-size":"auto","background-attachment":"scroll","background-type":"","background-media":"","overlay-type":"","overlay-color":"","overlay-opacity":"","overlay-gradient":""},"mobile":{"background-color":"var(--ast-global-color-5)","background-image":"","background-repeat":"repeat","background-position":"center center","background-size":"auto","background-attachment":"scroll","background-type":"","background-media":"","overlay-type":"","overlay-color":"","overlay-opacity":"","overlay-gradient":""}}},"product_brand":[],"product_cat":[27],"product_tag":[165,169,45,167,72,157,162,166,168,164],"class_list":{"0":"post-2421","1":"product","2":"type-product","3":"status-publish","4":"has-post-thumbnail","6":"product_cat-insert-bearings","7":"product_tag-flange-bearing-unit","8":"product_tag-flange-mounted-bearing","9":"product_tag-industrial-bearing","10":"product_tag-mounted-bearing-unit","11":"product_tag-oem-bearing-supplier","12":"product_tag-pillow-block-bearing","13":"product_tag-self-aligning-bearing","14":"product_tag-uc-insert-bearing","15":"product_tag-ucfl-housing-bearing","16":"product_tag-ucfl204-bearing","17":"desktop-align-left","18":"tablet-align-left","19":"mobile-align-left","20":"ast-product-gallery-layout-horizontal-slider","21":"ast-product-gallery-with-no-image","22":"ast-product-tabs-layout-horizontal","24":"first","25":"instock","26":"shipping-taxable","27":"product-type-simple"},"_links":{"self":[{"href":"https:\/\/www.machinerybearings.com\/de\/wp-json\/wp\/v2\/product\/2421","targetHints":{"allow":["GET"]}}],"collection":[{"href":"https:\/\/www.machinerybearings.com\/de\/wp-json\/wp\/v2\/product"}],"about":[{"href":"https:\/\/www.machinerybearings.com\/de\/wp-json\/wp\/v2\/types\/product"}],"replies":[{"embeddable":true,"href":"https:\/\/www.machinerybearings.com\/de\/wp-json\/wp\/v2\/comments?post=2421"}],"wp:featuredmedia":[{"embeddable":true,"href":"https:\/\/www.machinerybearings.com\/de\/wp-json\/wp\/v2\/media\/2601"}],"wp:attachment":[{"href":"https:\/\/www.machinerybearings.com\/de\/wp-json\/wp\/v2\/media?parent=2421"}],"wp:term":[{"taxonomy":"product_brand","embeddable":true,"href":"https:\/\/www.machinerybearings.com\/de\/wp-json\/wp\/v2\/product_brand?post=2421"},{"taxonomy":"product_cat","embeddable":true,"href":"https:\/\/www.machinerybearings.com\/de\/wp-json\/wp\/v2\/product_cat?post=2421"},{"taxonomy":"product_tag","embeddable":true,"href":"https:\/\/www.machinerybearings.com\/de\/wp-json\/wp\/v2\/product_tag?post=2421"}],"curies":[{"name":"wp","href":"https:\/\/api.w.org\/{rel}","templated":true}]}}