{"id":2422,"date":"2026-04-12T15:14:52","date_gmt":"2026-04-12T15:14:52","guid":{"rendered":"https:\/\/www.machinerybearings.com\/?post_type=product&#038;p=2422"},"modified":"2026-05-04T14:10:09","modified_gmt":"2026-05-04T14:10:09","slug":"ucp205-pillow-block-insert-bearing-unit-self-aligning-mounted-bearing-for-industrial-applications","status":"publish","type":"product","link":"https:\/\/www.machinerybearings.com\/de\/produkt\/ucp205-pillow-block-insert-bearing-unit-self-aligning-mounted-bearing-for-industrial-applications\/","title":{"rendered":"UCP205 Pillow-Block-Einsatzlager-Einheit \u2013 Selbstjustierendes montiertes Lager f\u00fcr industrielle Anwendungen"},"content":{"rendered":"<p data-start=\"363\" data-end=\"674\">Das <strong data-start=\"367\" data-end=\"410\">UCP205 Pillow Block Insertlager Einheit<\/strong> ist eine weit verbreitete montierte Lagerl\u00f6sung, die aus einem <strong data-start=\"469\" data-end=\"529\">UC205 Eins\u00e4tze-Lager und einem P-Serie Pillow Block Geh\u00e4use besteht<\/strong>. Es ist f\u00fcr eine einfache Installation, zuverl\u00e4ssige Wellenunterst\u00fctzung und stabilen Betrieb in einer Vielzahl von industriellen und landwirtschaftlichen Anwendungen konzipiert.<\/p>\n<p data-start=\"676\" data-end=\"1021\">Das UC205 Eins\u00e4tze-Lager verf\u00fcgt \u00fcber eine sph\u00e4rische Au\u00dfenseite, die eine Selbstjustierung im Geh\u00e4use erm\u00f6glicht, wodurch Wellenfehlstellungen ausgeglichen und Installationsstress reduziert werden. In Kombination mit einem starken Gusseisen-Pillow Block Geh\u00e4use bietet die UCP205 Einheit hervorragende Haltbarkeit und lange Lebensdauer, selbst unter kontinuierlichen Belastungsbedingungen.<\/p>\n<p data-start=\"1023\" data-end=\"1160\">Diese Lagereinheit ist vorge\u00f6lt und abgedichtet, was sie wartungsarm und f\u00fcr den langfristigen Betrieb in anspruchsvollen Umgebungen geeignet macht.<\/p>\n<h1 data-section-id=\"8av2ty\" data-start=\"1167\" data-end=\"1185\"><span role=\"text\"><strong data-start=\"1169\" data-end=\"1185\">Hauptmerkmale<\/strong><\/span><\/h1>\n<ul data-start=\"1187\" data-end=\"1537\">\n<li data-section-id=\"1eo27wa\" data-start=\"1187\" data-end=\"1254\">Komplett Einheit: UC205 Eins\u00e4tze-Lager + P205 Pillow Block Geh\u00e4use<\/li>\n<li data-section-id=\"41j4o2\" data-start=\"1255\" data-end=\"1307\">Selbstjustierendes Design reduziert Installationsfehler<\/li>\n<li data-section-id=\"g14pap\" data-start=\"1308\" data-end=\"1356\">Starkes Gusseisen-Geh\u00e4use f\u00fcr hohe Haltbarkeit<\/li>\n<li data-section-id=\"1jun2sr\" data-start=\"1357\" data-end=\"1403\">Vorgefettet f\u00fcr wartungsfreien Betrieb<\/li>\n<li data-section-id=\"1owb0yh\" data-start=\"1404\" data-end=\"1456\">Hohe radiale Tragf\u00e4higkeit und stabile Leistung<\/li>\n<li data-section-id=\"1l42fwv\" data-start=\"1457\" data-end=\"1494\">Einfache Installation und Austausch<\/li>\n<li data-section-id=\"1398rv\" data-start=\"1495\" data-end=\"1537\">Geeignet f\u00fcr den kontinuierlichen industriellen Einsatz<\/li>\n<\/ul>\n<h1 data-section-id=\"10k15yz\" data-start=\"1544\" data-end=\"1574\"><span role=\"text\"><strong data-start=\"1546\" data-end=\"1574\">Technische Spezifikationen<\/strong><\/span><\/h1>\n<div class=\"TyagGW_tableContainer\">\n<div class=\"group TyagGW_tableWrapper flex flex-col-reverse w-fit\" tabindex=\"-1\">\n<table class=\"w-fit min-w-(--thread-content-width)\" data-start=\"1576\" data-end=\"1960\">\n<thead data-start=\"1576\" data-end=\"1597\">\n<tr data-start=\"1576\" data-end=\"1597\">\n<th class=\"\" data-start=\"1576\" data-end=\"1588\" data-col-size=\"sm\">Parameter<\/th>\n<th class=\"\" data-start=\"1588\" data-end=\"1597\" data-col-size=\"sm\">Wert<\/th>\n<\/tr>\n<\/thead>\n<tbody data-start=\"1618\" data-end=\"1960\">\n<tr data-start=\"1618\" data-end=\"1644\">\n<td data-start=\"1618\" data-end=\"1634\" data-col-size=\"sm\">Lager Modell<\/td>\n<td data-start=\"1634\" data-end=\"1644\" data-col-size=\"sm\">UCP205<\/td>\n<\/tr>\n<tr data-start=\"1645\" data-end=\"1671\">\n<td data-start=\"1645\" data-end=\"1662\" data-col-size=\"sm\">Eins\u00e4tze-Lager<\/td>\n<td data-start=\"1662\" data-end=\"1671\" data-col-size=\"sm\">UC205<\/td>\n<\/tr>\n<tr data-start=\"1672\" data-end=\"1712\">\n<td data-start=\"1672\" data-end=\"1687\" data-col-size=\"sm\">Geh\u00e4usetyp<\/td>\n<td data-start=\"1687\" data-end=\"1712\" data-col-size=\"sm\">P-Serie Pillow Block<\/td>\n<\/tr>\n<tr data-start=\"1713\" data-end=\"1739\">\n<td data-start=\"1713\" data-end=\"1730\" data-col-size=\"sm\">Wellen-Durchmesser<\/td>\n<td data-start=\"1730\" data-end=\"1739\" data-col-size=\"sm\">25 mm<\/td>\n<\/tr>\n<tr data-start=\"1740\" data-end=\"1772\">\n<td data-start=\"1740\" data-end=\"1759\" data-col-size=\"sm\">Geh\u00e4usematerial<\/td>\n<td data-start=\"1759\" data-end=\"1772\" data-col-size=\"sm\">Gusseisen<\/td>\n<\/tr>\n<tr data-start=\"1773\" data-end=\"1808\">\n<td data-start=\"1773\" data-end=\"1792\" data-col-size=\"sm\">Lager-Material<\/td>\n<td data-start=\"1792\" data-end=\"1808\" data-col-size=\"sm\">Chromstahl<\/td>\n<\/tr>\n<tr data-start=\"1809\" data-end=\"1847\">\n<td data-start=\"1809\" data-end=\"1824\" data-col-size=\"sm\">Dichtungsart<\/td>\n<td data-start=\"1824\" data-end=\"1847\" data-col-size=\"sm\">Gummi abgedichtet (2RS)<\/td>\n<\/tr>\n<tr data-start=\"1848\" data-end=\"1877\">\n<td data-start=\"1848\" data-end=\"1862\" data-col-size=\"sm\">Schmierung<\/td>\n<td data-start=\"1862\" data-end=\"1877\" data-col-size=\"sm\">Vorgefettet<\/td>\n<\/tr>\n<tr data-start=\"1878\" data-end=\"1917\">\n<td data-start=\"1878\" data-end=\"1894\" data-col-size=\"sm\">Montagetyp<\/td>\n<td data-start=\"1894\" data-end=\"1917\" data-col-size=\"sm\">2-Bolzen-Basis montiert<\/td>\n<\/tr>\n<tr data-start=\"1918\" data-end=\"1960\">\n<td data-start=\"1918\" data-end=\"1942\" data-col-size=\"sm\">Betriebstemperatur<\/td>\n<td data-start=\"1942\" data-end=\"1960\" data-col-size=\"sm\">-20\u00b0C bis 120\u00b0C<\/td>\n<\/tr>\n<\/tbody>\n<\/table>\n<\/div>\n<\/div>\n<h1 data-section-id=\"1p00fbj\" data-start=\"1967\" data-end=\"1985\"><span role=\"text\"><strong data-start=\"1969\" data-end=\"1985\">Anwendungen<\/strong><\/span><\/h1>\n<p data-start=\"1987\" data-end=\"2042\">Die UCP205 Lagerblockeinheit wird h\u00e4ufig verwendet in:<\/p>\n<ul data-start=\"2044\" data-end=\"2208\">\n<li data-section-id=\"176s2ln\" data-start=\"2044\" data-end=\"2064\">F\u00f6rderanlagen<\/li>\n<li data-section-id=\"1n6ynun\" data-start=\"2065\" data-end=\"2091\">Landmaschinen<\/li>\n<li data-section-id=\"1htpp6l\" data-start=\"2092\" data-end=\"2115\">Verpackungsmaschinen<\/li>\n<li data-section-id=\"io1u9n\" data-start=\"2116\" data-end=\"2137\">Textilmaschinen<\/li>\n<li data-section-id=\"i9rybb\" data-start=\"2138\" data-end=\"2166\">Lebensmittelverarbeitungsmaschinen<\/li>\n<li data-section-id=\"1075gc1\" data-start=\"2167\" data-end=\"2208\">Leichten industriellen \u00dcbertragungssystemen<\/li>\n<\/ul>\n<h1 data-section-id=\"zdmnob\" data-start=\"2215\" data-end=\"2234\"><span role=\"text\"><strong data-start=\"2217\" data-end=\"2234\">Warum uns w\u00e4hlen<\/strong><\/span><\/h1>\n<ul data-start=\"2236\" data-end=\"2459\">\n<li data-section-id=\"17c68gd\" data-start=\"2236\" data-end=\"2285\">Stabile Fabrikversorgung mit gleichbleibender Qualit\u00e4t<\/li>\n<li data-section-id=\"1ccoc9p\" data-start=\"2286\" data-end=\"2326\">OEM- und ma\u00dfgeschneiderte Geh\u00e4use verf\u00fcgbar<\/li>\n<li data-section-id=\"19poq3t\" data-start=\"2327\" data-end=\"2376\">Kompatibel mit standardm\u00e4\u00dfigen Lagerblocksystemen<\/li>\n<li data-section-id=\"1ons1n2\" data-start=\"2377\" data-end=\"2417\">Schnelle Lieferung und Unterst\u00fctzung bei Gro\u00dfbestellungen<\/li>\n<li data-section-id=\"1w1qi25\" data-start=\"2418\" data-end=\"2459\">Strenge Qualit\u00e4tsinspektion und -pr\u00fcfung<\/li>\n<\/ul>\n<h1 data-section-id=\"1iusff4\" data-start=\"2466\" data-end=\"2475\"><span role=\"text\"><strong data-start=\"2468\" data-end=\"2475\">FAQ<\/strong><\/span><\/h1>\n<p data-start=\"2477\" data-end=\"2631\"><strong data-start=\"2477\" data-end=\"2512\">Q1: Was ist eine UCP-Lagereinheit?<\/strong><br data-start=\"2512\" data-end=\"2515\" \/>A: Es ist eine montierte Lagereinheit, die aus einem UC-Einschlaglager und einem Lagerblockgeh\u00e4use f\u00fcr eine einfache Wellenunterst\u00fctzung besteht.<\/p>\n<p data-start=\"2633\" data-end=\"2751\"><strong data-start=\"2633\" data-end=\"2671\">Q2: Kann die UCP205 leicht ersetzt werden?<\/strong><br data-start=\"2671\" data-end=\"2674\" \/>A: Ja, sie ist f\u00fcr die standardm\u00e4\u00dfige Austauschbarkeit in industriellen Systemen ausgelegt.<\/p>\n<p data-start=\"2753\" data-end=\"2906\"><strong data-start=\"2753\" data-end=\"2804\">Q3: Ist sie f\u00fcr Anwendungen mit schweren Lasten geeignet?<\/strong><br data-start=\"2804\" data-end=\"2807\" \/>A: Sie ist f\u00fcr Anwendungen mit mittlerer Last und kontinuierlichem Betrieb in industriellen Umgebungen geeignet.<\/p>","protected":false},"excerpt":{"rendered":"<p>Das <strong data-start=\"367\" data-end=\"410\">UCP205 Pillow Block Insertlager Einheit<\/strong> ist eine weit verbreitete montierte Lagerl\u00f6sung, die aus einem <strong data-start=\"469\" data-end=\"529\">UC205 Eins\u00e4tze-Lager und einem P-Serie Pillow Block Geh\u00e4use besteht<\/strong>. Es ist f\u00fcr eine einfache Installation, zuverl\u00e4ssige Wellenunterst\u00fctzung und stabilen Betrieb in einer Vielzahl von industriellen und landwirtschaftlichen Anwendungen konzipiert.<\/p>","protected":false},"featured_media":2602,"comment_status":"open","ping_status":"closed","template":"","meta":{"site-sidebar-layout":"default","site-content-layout":"","ast-site-content-layout":"default","site-content-style":"default","site-sidebar-style":"default","ast-global-header-display":"","ast-banner-title-visibility":"","ast-main-header-display":"","ast-hfb-above-header-display":"","ast-hfb-below-header-display":"","ast-hfb-mobile-header-display":"","site-post-title":"","ast-breadcrumbs-content":"","ast-featured-img":"","footer-sml-layout":"","ast-disable-related-posts":"","theme-transparent-header-meta":"default","adv-header-id-meta":"","stick-header-meta":"default","header-above-stick-meta":"","header-main-stick-meta":"","header-below-stick-meta":"","astra-migrate-meta-layouts":"set","ast-page-background-enabled":"default","ast-page-background-meta":{"desktop":{"background-color":"","background-image":"","background-repeat":"repeat","background-position":"center center","background-size":"auto","background-attachment":"scroll","background-type":"","background-media":"","overlay-type":"","overlay-color":"","overlay-opacity":"","overlay-gradient":""},"tablet":{"background-color":"","background-image":"","background-repeat":"repeat","background-position":"center center","background-size":"auto","background-attachment":"scroll","background-type":"","background-media":"","overlay-type":"","overlay-color":"","overlay-opacity":"","overlay-gradient":""},"mobile":{"background-color":"","background-image":"","background-repeat":"repeat","background-position":"center center","background-size":"auto","background-attachment":"scroll","background-type":"","background-media":"","overlay-type":"","overlay-color":"","overlay-opacity":"","overlay-gradient":""}},"ast-content-background-meta":{"desktop":{"background-color":"var(--ast-global-color-5)","background-image":"","background-repeat":"repeat","background-position":"center center","background-size":"auto","background-attachment":"scroll","background-type":"","background-media":"","overlay-type":"","overlay-color":"","overlay-opacity":"","overlay-gradient":""},"tablet":{"background-color":"var(--ast-global-color-5)","background-image":"","background-repeat":"repeat","background-position":"center center","background-size":"auto","background-attachment":"scroll","background-type":"","background-media":"","overlay-type":"","overlay-color":"","overlay-opacity":"","overlay-gradient":""},"mobile":{"background-color":"var(--ast-global-color-5)","background-image":"","background-repeat":"repeat","background-position":"center center","background-size":"auto","background-attachment":"scroll","background-type":"","background-media":"","overlay-type":"","overlay-color":"","overlay-opacity":"","overlay-gradient":""}}},"product_brand":[],"product_cat":[27],"product_tag":[161,45,171,159,72,157,172,162,155,170],"class_list":{"0":"post-2422","1":"product","2":"type-product","3":"status-publish","4":"has-post-thumbnail","6":"product_cat-insert-bearings","7":"product_tag-bearing-housing-unit","8":"product_tag-industrial-bearing","9":"product_tag-insert-bearing-unit","10":"product_tag-mounted-bearing","11":"product_tag-oem-bearing-supplier","12":"product_tag-pillow-block-bearing","13":"product_tag-plummer-block-bearing","14":"product_tag-self-aligning-bearing","15":"product_tag-uc205-bearing","16":"product_tag-ucp205-bearing","17":"desktop-align-left","18":"tablet-align-left","19":"mobile-align-left","20":"ast-product-gallery-layout-horizontal-slider","21":"ast-product-gallery-with-no-image","22":"ast-product-tabs-layout-horizontal","24":"first","25":"instock","26":"shipping-taxable","27":"product-type-simple"},"_links":{"self":[{"href":"https:\/\/www.machinerybearings.com\/de\/wp-json\/wp\/v2\/product\/2422","targetHints":{"allow":["GET"]}}],"collection":[{"href":"https:\/\/www.machinerybearings.com\/de\/wp-json\/wp\/v2\/product"}],"about":[{"href":"https:\/\/www.machinerybearings.com\/de\/wp-json\/wp\/v2\/types\/product"}],"replies":[{"embeddable":true,"href":"https:\/\/www.machinerybearings.com\/de\/wp-json\/wp\/v2\/comments?post=2422"}],"wp:featuredmedia":[{"embeddable":true,"href":"https:\/\/www.machinerybearings.com\/de\/wp-json\/wp\/v2\/media\/2602"}],"wp:attachment":[{"href":"https:\/\/www.machinerybearings.com\/de\/wp-json\/wp\/v2\/media?parent=2422"}],"wp:term":[{"taxonomy":"product_brand","embeddable":true,"href":"https:\/\/www.machinerybearings.com\/de\/wp-json\/wp\/v2\/product_brand?post=2422"},{"taxonomy":"product_cat","embeddable":true,"href":"https:\/\/www.machinerybearings.com\/de\/wp-json\/wp\/v2\/product_cat?post=2422"},{"taxonomy":"product_tag","embeddable":true,"href":"https:\/\/www.machinerybearings.com\/de\/wp-json\/wp\/v2\/product_tag?post=2422"}],"curies":[{"name":"wp","href":"https:\/\/api.w.org\/{rel}","templated":true}]}}