{"id":2444,"date":"2026-04-13T14:39:55","date_gmt":"2026-04-13T14:39:55","guid":{"rendered":"https:\/\/www.machinerybearings.com\/?post_type=product&#038;p=2444"},"modified":"2026-05-03T06:24:41","modified_gmt":"2026-05-03T06:24:41","slug":"22205-spherical-roller-bearing-self-aligning-heavy-load-bearing-for-industrial-applications","status":"publish","type":"product","link":"https:\/\/www.machinerybearings.com\/de\/produkt\/22205-spherical-roller-bearing-self-aligning-heavy-load-bearing-for-industrial-applications\/","title":{"rendered":"22205 Sph\u00e4risches Rollenlager \u2013 Selbstjustierendes Schwerlastlager f\u00fcr industrielle Anwendungen"},"content":{"rendered":"<p data-start=\"379\" data-end=\"690\">Das <strong data-start=\"383\" data-end=\"417\">22205 Kugelrollenlager<\/strong> ist ein doppelt reihiges Rollenlager, das f\u00fcr hohe radiale Lasten und moderate axiale Lasten ausgelegt ist und gleichzeitig Wellenfehlstellungen ausgleicht. Seine sph\u00e4rische Lauffl\u00e4che erm\u00f6glicht eine automatische Ausrichtung, was es ideal f\u00fcr Anwendungen macht, bei denen Wellenabweichungen oder Installationsfehler auftreten.<\/p>\n<p data-start=\"692\" data-end=\"953\">Dieses Lager ist f\u00fcr hohe Haltbarkeit und Zuverl\u00e4ssigkeit unter rauen Arbeitsbedingungen ausgelegt. Im Vergleich zu selbstausrichtenden Kugellagern bieten Kugelrollenlager wie 22205 eine deutlich h\u00f6here Tragf\u00e4higkeit und verbesserte Widerstandsf\u00e4higkeit gegen St\u00f6\u00dfe und Vibrationen.<\/p>\n<p data-start=\"955\" data-end=\"1136\">Hergestellt aus hochwertigem Legierungs- oder Chromstahl, gew\u00e4hrleistet das 22205 Lager eine lange Lebensdauer, einen reibungslosen Betrieb und eine konstante Leistung in anspruchsvollen Industrieumgebungen.<\/p>\n<h1 data-section-id=\"8av2ty\" data-start=\"1143\" data-end=\"1161\"><span role=\"text\"><strong data-start=\"1145\" data-end=\"1161\">Hauptmerkmale<\/strong><\/span><\/h1>\n<ul data-start=\"1163\" data-end=\"1499\">\n<li data-section-id=\"17ys86f\" data-start=\"1163\" data-end=\"1220\">Hohe radiale Tragf\u00e4higkeit f\u00fcr Schwerlastanwendungen<\/li>\n<li data-section-id=\"1fr59o7\" data-start=\"1221\" data-end=\"1280\">Selbstjustierendes Design kompensiert Wellenfehlstellungen<\/li>\n<li data-section-id=\"1vl001\" data-start=\"1281\" data-end=\"1325\">Unterst\u00fctzt kombinierte radiale und axiale Lasten<\/li>\n<li data-section-id=\"4qe041\" data-start=\"1326\" data-end=\"1373\">Ausgezeichnete Widerstandsf\u00e4higkeit gegen St\u00f6\u00dfe und Vibrationen<\/li>\n<li data-section-id=\"js9du9\" data-start=\"1374\" data-end=\"1418\">Lange Lebensdauer unter rauen Bedingungen<\/li>\n<li data-section-id=\"xjurbh\" data-start=\"1419\" data-end=\"1456\">Geringer Reibungswiderstand und stabiler Betrieb<\/li>\n<li data-section-id=\"1398rv\" data-start=\"1457\" data-end=\"1499\">Geeignet f\u00fcr den kontinuierlichen industriellen Einsatz<\/li>\n<\/ul>\n<h1 data-section-id=\"10k15yz\" data-start=\"1506\" data-end=\"1536\"><span role=\"text\"><strong data-start=\"1508\" data-end=\"1536\">Technische Spezifikationen<\/strong><\/span><\/h1>\n<div class=\"TyagGW_tableContainer\">\n<div class=\"group TyagGW_tableWrapper flex flex-col-reverse w-fit\" tabindex=\"-1\">\n<table class=\"w-fit min-w-(--thread-content-width)\" data-start=\"1538\" data-end=\"1953\">\n<thead data-start=\"1538\" data-end=\"1559\">\n<tr data-start=\"1538\" data-end=\"1559\">\n<th class=\"\" data-start=\"1538\" data-end=\"1550\" data-col-size=\"sm\">Parameter<\/th>\n<th class=\"\" data-start=\"1550\" data-end=\"1559\" data-col-size=\"sm\">Wert<\/th>\n<\/tr>\n<\/thead>\n<tbody data-start=\"1580\" data-end=\"1953\">\n<tr data-start=\"1580\" data-end=\"1605\">\n<td data-start=\"1580\" data-end=\"1596\" data-col-size=\"sm\">Lager Modell<\/td>\n<td data-start=\"1596\" data-end=\"1605\" data-col-size=\"sm\">22205<\/td>\n<\/tr>\n<tr data-start=\"1606\" data-end=\"1636\">\n<td data-start=\"1606\" data-end=\"1627\" data-col-size=\"sm\">Innendurchmesser (d)<\/td>\n<td data-col-size=\"sm\" data-start=\"1627\" data-end=\"1636\">25 mm<\/td>\n<\/tr>\n<tr data-start=\"1637\" data-end=\"1667\">\n<td data-start=\"1637\" data-end=\"1658\" data-col-size=\"sm\">Au\u00dfendurchmesser (D)<\/td>\n<td data-start=\"1658\" data-end=\"1667\" data-col-size=\"sm\">52 mm<\/td>\n<\/tr>\n<tr data-start=\"1668\" data-end=\"1689\">\n<td data-start=\"1668\" data-end=\"1680\" data-col-size=\"sm\">Breite (B)<\/td>\n<td data-col-size=\"sm\" data-start=\"1680\" data-end=\"1689\">18 mm<\/td>\n<\/tr>\n<tr data-start=\"1690\" data-end=\"1733\">\n<td data-start=\"1690\" data-end=\"1705\" data-col-size=\"sm\">Lagerart<\/td>\n<td data-col-size=\"sm\" data-start=\"1705\" data-end=\"1733\">Kugelrollenlager<\/td>\n<\/tr>\n<tr data-start=\"1734\" data-end=\"1767\">\n<td data-start=\"1734\" data-end=\"1746\" data-col-size=\"sm\">Struktur<\/td>\n<td data-start=\"1746\" data-end=\"1767\" data-col-size=\"sm\">Doppelte Reihe Rollen<\/td>\n<\/tr>\n<tr data-start=\"1768\" data-end=\"1809\">\n<td data-start=\"1768\" data-end=\"1779\" data-col-size=\"sm\">Material<\/td>\n<td data-start=\"1779\" data-end=\"1809\" data-col-size=\"sm\">Chromstahl \/ Legierungsstahl<\/td>\n<\/tr>\n<tr data-start=\"1810\" data-end=\"1843\">\n<td data-start=\"1810\" data-end=\"1826\" data-col-size=\"sm\">K\u00e4figmaterial<\/td>\n<td data-start=\"1826\" data-end=\"1843\" data-col-size=\"sm\">Stahl \/ Messing<\/td>\n<\/tr>\n<tr data-start=\"1844\" data-end=\"1874\">\n<td data-start=\"1844\" data-end=\"1858\" data-col-size=\"sm\">Schmierung<\/td>\n<td data-start=\"1858\" data-end=\"1874\" data-col-size=\"sm\">Fett \/ \u00d6l<\/td>\n<\/tr>\n<tr data-start=\"1875\" data-end=\"1910\">\n<td data-start=\"1875\" data-end=\"1894\" data-col-size=\"sm\">Pr\u00e4zisionsbewertung<\/td>\n<td data-start=\"1894\" data-end=\"1910\" data-col-size=\"sm\">P0 \/ P6 \/ P5<\/td>\n<\/tr>\n<tr data-start=\"1911\" data-end=\"1953\">\n<td data-start=\"1911\" data-end=\"1935\" data-col-size=\"sm\">Betriebstemperatur<\/td>\n<td data-start=\"1935\" data-end=\"1953\" data-col-size=\"sm\">-20\u00b0C bis 150\u00b0C<\/td>\n<\/tr>\n<\/tbody>\n<\/table>\n<\/div>\n<\/div>\n<h1 data-section-id=\"1p00fbj\" data-start=\"1960\" data-end=\"1978\"><span role=\"text\"><strong data-start=\"1962\" data-end=\"1978\">Anwendungen<\/strong><\/span><\/h1>\n<p data-start=\"1980\" data-end=\"2033\">Das 22205 Kugelrollenlager wird h\u00e4ufig verwendet in:<\/p>\n<ul data-start=\"2035\" data-end=\"2219\">\n<li data-section-id=\"byc78f\" data-start=\"2035\" data-end=\"2066\">Bergbau- und Steinbruchausr\u00fcstung<\/li>\n<li data-section-id=\"176s2ln\" data-start=\"2067\" data-end=\"2087\">F\u00f6rderanlagen<\/li>\n<li data-section-id=\"1n6ynun\" data-start=\"2088\" data-end=\"2114\">Landmaschinen<\/li>\n<li data-section-id=\"942l0d\" data-start=\"2115\" data-end=\"2139\">Industriellen Getrieben<\/li>\n<li data-section-id=\"10ok9wi\" data-start=\"2140\" data-end=\"2177\">Stahl- und Zementproduktionslinien<\/li>\n<li data-section-id=\"azxdeo\" data-start=\"2178\" data-end=\"2219\">Schweren mechanischen \u00dcbertragungssystemen<\/li>\n<\/ul>\n<h1 data-section-id=\"zdmnob\" data-start=\"2226\" data-end=\"2245\"><span role=\"text\"><strong data-start=\"2228\" data-end=\"2245\">Warum uns w\u00e4hlen<\/strong><\/span><\/h1>\n<ul data-start=\"2247\" data-end=\"2490\">\n<li data-section-id=\"1vbjgp6\" data-start=\"2247\" data-end=\"2304\">Starke F\u00e4higkeit in der Herstellung von Schwerlastlagern<\/li>\n<li data-section-id=\"1eol690\" data-start=\"2305\" data-end=\"2343\">OEM- und ma\u00dfgeschneiderte L\u00f6sungen verf\u00fcgbar<\/li>\n<li data-section-id=\"gy7e8t\" data-start=\"2344\" data-end=\"2398\">Hochwertige Materialien mit strenger Qualit\u00e4tskontrolle<\/li>\n<li data-section-id=\"rqr2fb\" data-start=\"2399\" data-end=\"2443\">Stabile Versorgung f\u00fcr industrielle Gro\u00dfbestellungen<\/li>\n<li data-section-id=\"bhimnc\" data-start=\"2444\" data-end=\"2490\">Schnelle weltweite Lieferung und technische Unterst\u00fctzung<\/li>\n<\/ul>\n<h1 data-section-id=\"1iusff4\" data-start=\"2497\" data-end=\"2506\"><span role=\"text\"><strong data-start=\"2499\" data-end=\"2506\">FAQ<\/strong><\/span><\/h1>\n<p data-start=\"2508\" data-end=\"2645\"><strong data-start=\"2508\" data-end=\"2567\">Q1: Was ist der Vorteil von Kugelrollenlagern?<\/strong><br data-start=\"2567\" data-end=\"2570\" \/>A: Sie bieten eine hohe Tragf\u00e4higkeit und hervorragende Fehlalinierungskompensation.<\/p>\n<p data-start=\"2647\" data-end=\"2770\"><strong data-start=\"2647\" data-end=\"2693\">Q2: K\u00f6nnen 22205 Lager schwere Lasten bew\u00e4ltigen?<\/strong><br data-start=\"2693\" data-end=\"2696\" \/>A: Ja, sie sind f\u00fcr schwere radiale Lasten und moderate axiale Lasten ausgelegt.<\/p>\n<p data-start=\"2772\" data-end=\"2896\"><strong data-start=\"2772\" data-end=\"2822\">Q3: Sind ma\u00dfgeschneiderte Materialien oder Designs verf\u00fcgbar?<\/strong><br data-start=\"2822\" data-end=\"2825\" \/>A: Ja, wir unterst\u00fctzen die OEM-Anpassung basierend auf den Anwendungsanforderungen.<\/p>","protected":false},"excerpt":{"rendered":"<p>Das <strong data-start=\"383\" data-end=\"417\">22205 Kugelrollenlager<\/strong> ist ein doppelt reihiges Rollenlager, das f\u00fcr hohe radiale Lasten und moderate axiale Lasten ausgelegt ist und gleichzeitig Wellenfehlstellungen ausgleicht. Seine sph\u00e4rische Lauffl\u00e4che erm\u00f6glicht eine automatische Ausrichtung, was es ideal f\u00fcr Anwendungen macht, bei denen Wellenabweichungen oder Installationsfehler auftreten.<\/p>","protected":false},"featured_media":2545,"comment_status":"open","ping_status":"closed","template":"","meta":{"site-sidebar-layout":"default","site-content-layout":"","ast-site-content-layout":"default","site-content-style":"default","site-sidebar-style":"default","ast-global-header-display":"","ast-banner-title-visibility":"","ast-main-header-display":"","ast-hfb-above-header-display":"","ast-hfb-below-header-display":"","ast-hfb-mobile-header-display":"","site-post-title":"","ast-breadcrumbs-content":"","ast-featured-img":"","footer-sml-layout":"","ast-disable-related-posts":"","theme-transparent-header-meta":"default","adv-header-id-meta":"","stick-header-meta":"default","header-above-stick-meta":"","header-main-stick-meta":"","header-below-stick-meta":"","astra-migrate-meta-layouts":"set","ast-page-background-enabled":"default","ast-page-background-meta":{"desktop":{"background-color":"","background-image":"","background-repeat":"repeat","background-position":"center center","background-size":"auto","background-attachment":"scroll","background-type":"","background-media":"","overlay-type":"","overlay-color":"","overlay-opacity":"","overlay-gradient":""},"tablet":{"background-color":"","background-image":"","background-repeat":"repeat","background-position":"center center","background-size":"auto","background-attachment":"scroll","background-type":"","background-media":"","overlay-type":"","overlay-color":"","overlay-opacity":"","overlay-gradient":""},"mobile":{"background-color":"","background-image":"","background-repeat":"repeat","background-position":"center center","background-size":"auto","background-attachment":"scroll","background-type":"","background-media":"","overlay-type":"","overlay-color":"","overlay-opacity":"","overlay-gradient":""}},"ast-content-background-meta":{"desktop":{"background-color":"var(--ast-global-color-5)","background-image":"","background-repeat":"repeat","background-position":"center center","background-size":"auto","background-attachment":"scroll","background-type":"","background-media":"","overlay-type":"","overlay-color":"","overlay-opacity":"","overlay-gradient":""},"tablet":{"background-color":"var(--ast-global-color-5)","background-image":"","background-repeat":"repeat","background-position":"center center","background-size":"auto","background-attachment":"scroll","background-type":"","background-media":"","overlay-type":"","overlay-color":"","overlay-opacity":"","overlay-gradient":""},"mobile":{"background-color":"var(--ast-global-color-5)","background-image":"","background-repeat":"repeat","background-position":"center center","background-size":"auto","background-attachment":"scroll","background-type":"","background-media":"","overlay-type":"","overlay-color":"","overlay-opacity":"","overlay-gradient":""}}},"product_brand":[],"product_cat":[24],"product_tag":[218,209,78,56,51,45,119,72,219,153],"class_list":{"0":"post-2444","1":"product","2":"type-product","3":"status-publish","4":"has-post-thumbnail","6":"product_cat-spherical-roller-bearings","7":"product_tag-22205-bearing","8":"product_tag-conveyor-bearing","9":"product_tag-gearbox-bearing","10":"product_tag-heavy-duty-bearing","11":"product_tag-high-load-bearing","12":"product_tag-industrial-bearing","13":"product_tag-mining-bearing","14":"product_tag-oem-bearing-supplier","15":"product_tag-self-aligning-roller-bearing","16":"product_tag-spherical-roller-bearing","17":"desktop-align-left","18":"tablet-align-left","19":"mobile-align-left","20":"ast-product-gallery-layout-horizontal-slider","21":"ast-product-gallery-with-no-image","22":"ast-product-tabs-layout-horizontal","24":"first","25":"instock","26":"shipping-taxable","27":"product-type-simple"},"_links":{"self":[{"href":"https:\/\/www.machinerybearings.com\/de\/wp-json\/wp\/v2\/product\/2444","targetHints":{"allow":["GET"]}}],"collection":[{"href":"https:\/\/www.machinerybearings.com\/de\/wp-json\/wp\/v2\/product"}],"about":[{"href":"https:\/\/www.machinerybearings.com\/de\/wp-json\/wp\/v2\/types\/product"}],"replies":[{"embeddable":true,"href":"https:\/\/www.machinerybearings.com\/de\/wp-json\/wp\/v2\/comments?post=2444"}],"wp:featuredmedia":[{"embeddable":true,"href":"https:\/\/www.machinerybearings.com\/de\/wp-json\/wp\/v2\/media\/2545"}],"wp:attachment":[{"href":"https:\/\/www.machinerybearings.com\/de\/wp-json\/wp\/v2\/media?parent=2444"}],"wp:term":[{"taxonomy":"product_brand","embeddable":true,"href":"https:\/\/www.machinerybearings.com\/de\/wp-json\/wp\/v2\/product_brand?post=2444"},{"taxonomy":"product_cat","embeddable":true,"href":"https:\/\/www.machinerybearings.com\/de\/wp-json\/wp\/v2\/product_cat?post=2444"},{"taxonomy":"product_tag","embeddable":true,"href":"https:\/\/www.machinerybearings.com\/de\/wp-json\/wp\/v2\/product_tag?post=2444"}],"curies":[{"name":"wp","href":"https:\/\/api.w.org\/{rel}","templated":true}]}}