{"id":2448,"date":"2026-04-13T14:47:11","date_gmt":"2026-04-13T14:47:11","guid":{"rendered":"https:\/\/www.machinerybearings.com\/?post_type=product&#038;p=2448"},"modified":"2026-05-03T05:44:19","modified_gmt":"2026-05-03T05:44:19","slug":"22312-spherical-roller-bearing-heavy-load-self-aligning-bearing-for-industrial-applications","status":"publish","type":"product","link":"https:\/\/www.machinerybearings.com\/de\/produkt\/22312-spherical-roller-bearing-heavy-load-self-aligning-bearing-for-industrial-applications\/","title":{"rendered":"22312 Sph\u00e4risches Rollenlager \u2013 Schwerlast-Selbstjustierendes Lager f\u00fcr industrielle Anwendungen"},"content":{"rendered":"<p data-start=\"386\" data-end=\"712\">Das <strong data-start=\"390\" data-end=\"424\">22312 Kugelrollenlager<\/strong> ist ein schweres, doppelt reihiges Lager, das f\u00fcr extrem hohe radiale Lasten und moderate axiale Lasten ausgelegt ist und gleichzeitig Wellenfehlstellungen ausgleicht. Sein kugelf\u00f6rmiges Laufbahn-Design erm\u00f6glicht eine automatische Ausrichtung und gew\u00e4hrleistet eine stabile Leistung, selbst bei Wellenverformungen oder Installationsfehlern.<\/p>\n<p data-start=\"714\" data-end=\"980\">Im Vergleich zur 22200-Serie bieten die Lager der 22300-Serie <strong data-start=\"776\" data-end=\"868\">eine h\u00f6here Tragf\u00e4higkeit, gr\u00f6\u00dfere Haltbarkeit und verbesserte Widerstandsf\u00e4higkeit gegen St\u00f6\u00dfe und Vibrationen<\/strong>, was sie ideal f\u00fcr anspruchsvolle industrielle Umgebungen wie Bergbau, Stahlproduktion und schwere Maschinen macht.<\/p>\n<p data-start=\"982\" data-end=\"1161\">Hergestellt aus hochwertigem Legierungs- oder Chromstahl, bietet das 22312 Lager hervorragende Festigkeit, Verschlei\u00dffestigkeit und eine lange Lebensdauer unter kontinuierlichen Schwerlastbedingungen.<\/p>\n<h1 data-section-id=\"8av2ty\" data-start=\"1168\" data-end=\"1186\"><span role=\"text\"><strong data-start=\"1170\" data-end=\"1186\">Hauptmerkmale<\/strong><\/span><\/h1>\n<ul data-start=\"1188\" data-end=\"1516\">\n<li data-section-id=\"1bxkwpw\" data-start=\"1188\" data-end=\"1227\">Extrem hohe radiale Tragf\u00e4higkeit<\/li>\n<li data-section-id=\"1fr59o7\" data-start=\"1228\" data-end=\"1287\">Selbstjustierendes Design kompensiert Wellenfehlstellungen<\/li>\n<li data-section-id=\"1vl001\" data-start=\"1288\" data-end=\"1332\">Unterst\u00fctzt kombinierte radiale und axiale Lasten<\/li>\n<li data-section-id=\"rdribk\" data-start=\"1333\" data-end=\"1379\">\u00dcberlegene Widerstandsf\u00e4higkeit gegen St\u00f6\u00dfe und Vibrationen<\/li>\n<li data-section-id=\"1vtlpw4\" data-start=\"1380\" data-end=\"1432\">Verst\u00e4rkte Struktur f\u00fcr Schwerlastanwendungen<\/li>\n<li data-section-id=\"js9du9\" data-start=\"1433\" data-end=\"1477\">Lange Lebensdauer unter rauen Bedingungen<\/li>\n<li data-section-id=\"1mpt223\" data-start=\"1478\" data-end=\"1516\">Sanfter Betrieb mit geringer Reibung<\/li>\n<\/ul>\n<h1 data-section-id=\"10k15yz\" data-start=\"1523\" data-end=\"1553\"><span role=\"text\"><strong data-start=\"1525\" data-end=\"1553\">Technische Spezifikationen<\/strong><\/span><\/h1>\n<div class=\"TyagGW_tableContainer\">\n<div class=\"group TyagGW_tableWrapper flex flex-col-reverse w-fit\" tabindex=\"-1\">\n<table class=\"w-fit min-w-(--thread-content-width)\" data-start=\"1555\" data-end=\"1971\">\n<thead data-start=\"1555\" data-end=\"1576\">\n<tr data-start=\"1555\" data-end=\"1576\">\n<th class=\"\" data-start=\"1555\" data-end=\"1567\" data-col-size=\"sm\">Parameter<\/th>\n<th class=\"\" data-start=\"1567\" data-end=\"1576\" data-col-size=\"sm\">Wert<\/th>\n<\/tr>\n<\/thead>\n<tbody data-start=\"1597\" data-end=\"1971\">\n<tr data-start=\"1597\" data-end=\"1622\">\n<td data-start=\"1597\" data-end=\"1613\" data-col-size=\"sm\">Lager Modell<\/td>\n<td data-start=\"1613\" data-end=\"1622\" data-col-size=\"sm\">22312<\/td>\n<\/tr>\n<tr data-start=\"1623\" data-end=\"1653\">\n<td data-start=\"1623\" data-end=\"1644\" data-col-size=\"sm\">Innendurchmesser (d)<\/td>\n<td data-col-size=\"sm\" data-start=\"1644\" data-end=\"1653\">60 mm<\/td>\n<\/tr>\n<tr data-start=\"1654\" data-end=\"1685\">\n<td data-start=\"1654\" data-end=\"1675\" data-col-size=\"sm\">Au\u00dfendurchmesser (D)<\/td>\n<td data-start=\"1675\" data-end=\"1685\" data-col-size=\"sm\">130 mm<\/td>\n<\/tr>\n<tr data-start=\"1686\" data-end=\"1707\">\n<td data-start=\"1686\" data-end=\"1698\" data-col-size=\"sm\">Breite (B)<\/td>\n<td data-start=\"1698\" data-end=\"1707\" data-col-size=\"sm\">46 mm<\/td>\n<\/tr>\n<tr data-start=\"1708\" data-end=\"1751\">\n<td data-start=\"1708\" data-end=\"1723\" data-col-size=\"sm\">Lagerart<\/td>\n<td data-start=\"1723\" data-end=\"1751\" data-col-size=\"sm\">Kugelrollenlager<\/td>\n<\/tr>\n<tr data-start=\"1752\" data-end=\"1785\">\n<td data-start=\"1752\" data-end=\"1764\" data-col-size=\"sm\">Struktur<\/td>\n<td data-start=\"1764\" data-end=\"1785\" data-col-size=\"sm\">Doppelte Reihe Rollen<\/td>\n<\/tr>\n<tr data-start=\"1786\" data-end=\"1827\">\n<td data-start=\"1786\" data-end=\"1797\" data-col-size=\"sm\">Material<\/td>\n<td data-start=\"1797\" data-end=\"1827\" data-col-size=\"sm\">Chromstahl \/ Legierungsstahl<\/td>\n<\/tr>\n<tr data-start=\"1828\" data-end=\"1861\">\n<td data-start=\"1828\" data-end=\"1844\" data-col-size=\"sm\">K\u00e4figmaterial<\/td>\n<td data-start=\"1844\" data-end=\"1861\" data-col-size=\"sm\">Stahl \/ Messing<\/td>\n<\/tr>\n<tr data-start=\"1862\" data-end=\"1892\">\n<td data-start=\"1862\" data-end=\"1876\" data-col-size=\"sm\">Schmierung<\/td>\n<td data-start=\"1876\" data-end=\"1892\" data-col-size=\"sm\">Fett \/ \u00d6l<\/td>\n<\/tr>\n<tr data-start=\"1893\" data-end=\"1928\">\n<td data-start=\"1893\" data-end=\"1912\" data-col-size=\"sm\">Pr\u00e4zisionsbewertung<\/td>\n<td data-start=\"1912\" data-end=\"1928\" data-col-size=\"sm\">P0 \/ P6 \/ P5<\/td>\n<\/tr>\n<tr data-start=\"1929\" data-end=\"1971\">\n<td data-start=\"1929\" data-end=\"1953\" data-col-size=\"sm\">Betriebstemperatur<\/td>\n<td data-start=\"1953\" data-end=\"1971\" data-col-size=\"sm\">-20\u00b0C bis 150\u00b0C<\/td>\n<\/tr>\n<\/tbody>\n<\/table>\n<\/div>\n<\/div>\n<h1 data-section-id=\"1p00fbj\" data-start=\"1978\" data-end=\"1996\"><span role=\"text\"><strong data-start=\"1980\" data-end=\"1996\">Anwendungen<\/strong><\/span><\/h1>\n<p data-start=\"1998\" data-end=\"2051\">Das 22312 Kugelrollenlager wird h\u00e4ufig eingesetzt in:<\/p>\n<ul data-start=\"2053\" data-end=\"2234\">\n<li data-section-id=\"byc78f\" data-start=\"2053\" data-end=\"2084\">Bergbau- und Steinbruchausr\u00fcstung<\/li>\n<li data-section-id=\"10jsg4s\" data-start=\"2085\" data-end=\"2122\">Stahlwerken und Walzmaschinen<\/li>\n<li data-section-id=\"siir4p\" data-start=\"2123\" data-end=\"2154\">Schwerlastf\u00f6rderanlagen<\/li>\n<li data-section-id=\"1tqmi6a\" data-start=\"2155\" data-end=\"2182\">Zementproduktionslinien<\/li>\n<li data-section-id=\"942l0d\" data-start=\"2183\" data-end=\"2207\">Industriellen Getrieben<\/li>\n<li data-section-id=\"19d9gij\" data-start=\"2208\" data-end=\"2234\">Baumaschinen<\/li>\n<\/ul>\n<h1 data-section-id=\"zdmnob\" data-start=\"2241\" data-end=\"2260\"><span role=\"text\"><strong data-start=\"2243\" data-end=\"2260\">Warum uns w\u00e4hlen<\/strong><\/span><\/h1>\n<ul data-start=\"2262\" data-end=\"2521\">\n<li data-section-id=\"1ygtht\" data-start=\"2262\" data-end=\"2318\">Starke Expertise in der Herstellung von Schwerlastlagern<\/li>\n<li data-section-id=\"8lis3h\" data-start=\"2319\" data-end=\"2369\">OEM- und ma\u00dfgeschneiderte Ingenieurl\u00f6sungen verf\u00fcgbar<\/li>\n<li data-section-id=\"gy7e8t\" data-start=\"2370\" data-end=\"2424\">Hochwertige Materialien mit strenger Qualit\u00e4tskontrolle<\/li>\n<li data-section-id=\"h81w5g\" data-start=\"2425\" data-end=\"2474\">Zuverl\u00e4ssige Versorgung f\u00fcr gro\u00dfe Industrieprojekte<\/li>\n<li data-section-id=\"bhimnc\" data-start=\"2475\" data-end=\"2521\">Schnelle weltweite Lieferung und technische Unterst\u00fctzung<\/li>\n<\/ul>\n<h1 data-section-id=\"1iusff4\" data-start=\"2528\" data-end=\"2537\"><span role=\"text\"><strong data-start=\"2530\" data-end=\"2537\">FAQ<\/strong><\/span><\/h1>\n<p data-start=\"2539\" data-end=\"2727\"><strong data-start=\"2539\" data-end=\"2606\">Q1: Was ist der Unterschied zwischen 222 und 223 Serienlagern?<\/strong><br data-start=\"2606\" data-end=\"2609\" \/>A: Die 223-Serie hat eine h\u00f6here Tragf\u00e4higkeit und ist f\u00fcr schwerere Anwendungen im Vergleich zur 222-Serie ausgelegt.<\/p>\n<p data-start=\"2729\" data-end=\"2883\"><strong data-start=\"2729\" data-end=\"2780\">Q2: Ist 22312 f\u00fcr den schweren industriellen Einsatz geeignet?<\/strong><br data-start=\"2780\" data-end=\"2783\" \/>A: Ja, es ist speziell f\u00fcr extreme Lastbedingungen in Branchen wie Bergbau und Stahl entwickelt.<\/p>\n<p data-start=\"2885\" data-end=\"3022\"><strong data-start=\"2885\" data-end=\"2930\">Q3: Kann dieses Lager mit Fehlstellungen umgehen?<\/strong><br data-start=\"2930\" data-end=\"2933\" \/>A: Ja, das sph\u00e4rische Design erm\u00f6glicht eine automatische Ausrichtung und reduziert die Belastung des Systems.<\/p>","protected":false},"excerpt":{"rendered":"<p>Das <strong data-start=\"390\" data-end=\"424\">22312 Kugelrollenlager<\/strong> ist ein schweres, doppelt reihiges Lager, das f\u00fcr extrem hohe radiale Lasten und moderate axiale Lasten ausgelegt ist und gleichzeitig Wellenfehlstellungen ausgleicht. Sein kugelf\u00f6rmiges Laufbahn-Design erm\u00f6glicht eine automatische Ausrichtung und gew\u00e4hrleistet eine stabile Leistung, selbst bei Wellenverformungen oder Installationsfehlern.<\/p>","protected":false},"featured_media":2536,"comment_status":"open","ping_status":"closed","template":"","meta":{"site-sidebar-layout":"default","site-content-layout":"","ast-site-content-layout":"default","site-content-style":"default","site-sidebar-style":"default","ast-global-header-display":"","ast-banner-title-visibility":"","ast-main-header-display":"","ast-hfb-above-header-display":"","ast-hfb-below-header-display":"","ast-hfb-mobile-header-display":"","site-post-title":"","ast-breadcrumbs-content":"","ast-featured-img":"","footer-sml-layout":"","ast-disable-related-posts":"","theme-transparent-header-meta":"default","adv-header-id-meta":"","stick-header-meta":"default","header-above-stick-meta":"","header-main-stick-meta":"","header-below-stick-meta":"","astra-migrate-meta-layouts":"set","ast-page-background-enabled":"default","ast-page-background-meta":{"desktop":{"background-color":"","background-image":"","background-repeat":"repeat","background-position":"center center","background-size":"auto","background-attachment":"scroll","background-type":"","background-media":"","overlay-type":"","overlay-color":"","overlay-opacity":"","overlay-gradient":""},"tablet":{"background-color":"","background-image":"","background-repeat":"repeat","background-position":"center center","background-size":"auto","background-attachment":"scroll","background-type":"","background-media":"","overlay-type":"","overlay-color":"","overlay-opacity":"","overlay-gradient":""},"mobile":{"background-color":"","background-image":"","background-repeat":"repeat","background-position":"center center","background-size":"auto","background-attachment":"scroll","background-type":"","background-media":"","overlay-type":"","overlay-color":"","overlay-opacity":"","overlay-gradient":""}},"ast-content-background-meta":{"desktop":{"background-color":"var(--ast-global-color-5)","background-image":"","background-repeat":"repeat","background-position":"center center","background-size":"auto","background-attachment":"scroll","background-type":"","background-media":"","overlay-type":"","overlay-color":"","overlay-opacity":"","overlay-gradient":""},"tablet":{"background-color":"var(--ast-global-color-5)","background-image":"","background-repeat":"repeat","background-position":"center center","background-size":"auto","background-attachment":"scroll","background-type":"","background-media":"","overlay-type":"","overlay-color":"","overlay-opacity":"","overlay-gradient":""},"mobile":{"background-color":"var(--ast-global-color-5)","background-image":"","background-repeat":"repeat","background-position":"center center","background-size":"auto","background-attachment":"scroll","background-type":"","background-media":"","overlay-type":"","overlay-color":"","overlay-opacity":"","overlay-gradient":""}}},"product_brand":[],"product_cat":[24],"product_tag":[221,209,78,151,45,119,72,219,153,150],"class_list":{"0":"post-2448","1":"product","2":"type-product","3":"status-publish","4":"has-post-thumbnail","6":"product_cat-spherical-roller-bearings","7":"product_tag-22312-bearing","8":"product_tag-conveyor-bearing","9":"product_tag-gearbox-bearing","10":"product_tag-heavy-load-bearing","11":"product_tag-industrial-bearing","12":"product_tag-mining-bearing","13":"product_tag-oem-bearing-supplier","14":"product_tag-self-aligning-roller-bearing","15":"product_tag-spherical-roller-bearing","16":"product_tag-steel-mill-bearing","17":"desktop-align-left","18":"tablet-align-left","19":"mobile-align-left","20":"ast-product-gallery-layout-horizontal-slider","21":"ast-product-gallery-with-no-image","22":"ast-product-tabs-layout-horizontal","24":"first","25":"instock","26":"shipping-taxable","27":"product-type-simple"},"_links":{"self":[{"href":"https:\/\/www.machinerybearings.com\/de\/wp-json\/wp\/v2\/product\/2448","targetHints":{"allow":["GET"]}}],"collection":[{"href":"https:\/\/www.machinerybearings.com\/de\/wp-json\/wp\/v2\/product"}],"about":[{"href":"https:\/\/www.machinerybearings.com\/de\/wp-json\/wp\/v2\/types\/product"}],"replies":[{"embeddable":true,"href":"https:\/\/www.machinerybearings.com\/de\/wp-json\/wp\/v2\/comments?post=2448"}],"wp:featuredmedia":[{"embeddable":true,"href":"https:\/\/www.machinerybearings.com\/de\/wp-json\/wp\/v2\/media\/2536"}],"wp:attachment":[{"href":"https:\/\/www.machinerybearings.com\/de\/wp-json\/wp\/v2\/media?parent=2448"}],"wp:term":[{"taxonomy":"product_brand","embeddable":true,"href":"https:\/\/www.machinerybearings.com\/de\/wp-json\/wp\/v2\/product_brand?post=2448"},{"taxonomy":"product_cat","embeddable":true,"href":"https:\/\/www.machinerybearings.com\/de\/wp-json\/wp\/v2\/product_cat?post=2448"},{"taxonomy":"product_tag","embeddable":true,"href":"https:\/\/www.machinerybearings.com\/de\/wp-json\/wp\/v2\/product_tag?post=2448"}],"curies":[{"name":"wp","href":"https:\/\/api.w.org\/{rel}","templated":true}]}}