{"id":2451,"date":"2026-04-13T14:56:13","date_gmt":"2026-04-13T14:56:13","guid":{"rendered":"https:\/\/www.machinerybearings.com\/?post_type=product&#038;p=2451"},"modified":"2026-05-03T05:34:13","modified_gmt":"2026-05-03T05:34:13","slug":"mining-equipment-bearing-heavy-duty-bearings-for-mining-machinery-harsh-industrial-conditions","status":"publish","type":"product","link":"https:\/\/www.machinerybearings.com\/de\/produkt\/mining-equipment-bearing-heavy-duty-bearings-for-mining-machinery-harsh-industrial-conditions\/","title":{"rendered":"Bergbauausr\u00fcstungslager \u2013 Schwerlastlager f\u00fcr Bergbaumaschinen und raue industrielle Bedingungen"},"content":{"rendered":"<p data-start=\"414\" data-end=\"706\">Das <strong data-start=\"418\" data-end=\"446\">Mining Equipment Bearing<\/strong> is specially designed for extreme working conditions in mining, quarrying, and mineral processing industries. These bearings are engineered to withstand heavy radial loads, shock loads, vibration, dust, and contamination commonly found in mining environments.<\/p>\n<p data-start=\"708\" data-end=\"938\">We offer a full range of mining bearings, including <strong data-start=\"760\" data-end=\"850\">spherical roller bearings, cylindrical roller bearings, and heavy-duty insert bearings<\/strong>, all designed for maximum durability and stable performance under continuous operation.<\/p>\n<p data-start=\"940\" data-end=\"1221\">Mining equipment bearings are manufactured using high-strength alloy steel with advanced heat treatment processes to ensure excellent wear resistance, fatigue strength, and long service life. They are widely used in crushers, conveyors, vibrating screens, and excavation machinery.<\/p>\n<h1 data-section-id=\"8av2ty\" data-start=\"1228\" data-end=\"1246\"><span role=\"text\"><strong data-start=\"1230\" data-end=\"1246\">Hauptmerkmale<\/strong><\/span><\/h1>\n<ul data-start=\"1248\" data-end=\"1638\">\n<li data-section-id=\"1jc8543\" data-start=\"1248\" data-end=\"1308\">Extremely high load capacity for heavy mining operations<\/li>\n<li data-section-id=\"hi7lv5\" data-start=\"1309\" data-end=\"1372\">Excellent resistance to shock, vibration, and contamination<\/li>\n<li data-section-id=\"7lh6bk\" data-start=\"1373\" data-end=\"1418\">Suitable for harsh and dusty environments<\/li>\n<li data-section-id=\"14igxpp\" data-start=\"1419\" data-end=\"1472\">Long service life under continuous heavy-duty use<\/li>\n<li data-section-id=\"1cornke\" data-start=\"1473\" data-end=\"1539\">Available in multiple bearing types for different applications<\/li>\n<li data-section-id=\"7r6ck7\" data-start=\"1540\" data-end=\"1599\">High strength alloy steel with precision heat treatment<\/li>\n<li data-section-id=\"1eol690\" data-start=\"1600\" data-end=\"1638\">OEM- und ma\u00dfgeschneiderte L\u00f6sungen verf\u00fcgbar<\/li>\n<\/ul>\n<h1 data-section-id=\"1xtfdwh\" data-start=\"1645\" data-end=\"1688\"><span role=\"text\"><strong data-start=\"1647\" data-end=\"1688\">Bearing Types for Mining Applications<\/strong><\/span><\/h1>\n<h3 data-section-id=\"s89z5c\" data-start=\"1690\" data-end=\"1723\"><span role=\"text\"><strong data-start=\"1694\" data-end=\"1723\">Kugelrollenlager<\/strong><\/span><\/h3>\n<ul data-start=\"1724\" data-end=\"1819\">\n<li data-section-id=\"9gnsnp\" data-start=\"1724\" data-end=\"1772\">Best for heavy radial loads and misalignment<\/li>\n<li data-section-id=\"vuggd2\" data-start=\"1773\" data-end=\"1819\">Ideal for crushers and vibrating equipment<\/li>\n<\/ul>\n<h3 data-section-id=\"8upnt7\" data-start=\"1821\" data-end=\"1856\"><span role=\"text\"><strong data-start=\"1825\" data-end=\"1856\">Zylinderrollenlager<\/strong><\/span><\/h3>\n<ul data-start=\"1857\" data-end=\"1937\">\n<li data-section-id=\"1daen9m\" data-start=\"1857\" data-end=\"1892\">High rigidity and load capacity<\/li>\n<li data-section-id=\"14fy3za\" data-start=\"1893\" data-end=\"1937\">Suitable for gearboxes and motor systems<\/li>\n<\/ul>\n<h3 data-section-id=\"4fz63e\" data-start=\"1939\" data-end=\"1974\"><span role=\"text\"><strong data-start=\"1943\" data-end=\"1974\">Insert Bearings (UC Series)<\/strong><\/span><\/h3>\n<ul data-start=\"1975\" data-end=\"2053\">\n<li data-section-id=\"x8w5hr\" data-start=\"1975\" data-end=\"2015\">Used in conveyor and support systems<\/li>\n<li data-section-id=\"f8hmgc\" data-start=\"2016\" data-end=\"2053\">Einfache Installation und Wartung<\/li>\n<\/ul>\n<h1 data-section-id=\"10k15yz\" data-start=\"2060\" data-end=\"2090\"><span role=\"text\"><strong data-start=\"2062\" data-end=\"2090\">Technische Spezifikationen<\/strong><\/span><\/h1>\n<div class=\"TyagGW_tableContainer\">\n<div class=\"group TyagGW_tableWrapper flex flex-col-reverse w-fit\" tabindex=\"-1\">\n<table class=\"w-fit min-w-(--thread-content-width)\" data-start=\"2092\" data-end=\"2524\">\n<thead data-start=\"2092\" data-end=\"2113\">\n<tr data-start=\"2092\" data-end=\"2113\">\n<th class=\"\" data-start=\"2092\" data-end=\"2104\" data-col-size=\"sm\">Parameter<\/th>\n<th class=\"\" data-start=\"2104\" data-end=\"2113\" data-col-size=\"md\">Wert<\/th>\n<\/tr>\n<\/thead>\n<tbody data-start=\"2134\" data-end=\"2524\">\n<tr data-start=\"2134\" data-end=\"2195\">\n<td data-start=\"2134\" data-end=\"2150\" data-col-size=\"sm\">Bearing Types<\/td>\n<td data-start=\"2150\" data-end=\"2195\" data-col-size=\"md\">Spherical \/ Cylindrical \/ Insert Bearings<\/td>\n<\/tr>\n<tr data-start=\"2196\" data-end=\"2237\">\n<td data-start=\"2196\" data-end=\"2207\" data-col-size=\"sm\">Material<\/td>\n<td data-start=\"2207\" data-end=\"2237\" data-col-size=\"md\">Chromstahl \/ Legierungsstahl<\/td>\n<\/tr>\n<tr data-start=\"2238\" data-end=\"2280\">\n<td data-start=\"2238\" data-end=\"2250\" data-col-size=\"sm\">Lasttyp<\/td>\n<td data-start=\"2250\" data-end=\"2280\" data-col-size=\"md\">Heavy radial + shock loads<\/td>\n<\/tr>\n<tr data-start=\"2281\" data-end=\"2333\">\n<td data-start=\"2281\" data-end=\"2299\" data-col-size=\"sm\">Sealing Options<\/td>\n<td data-start=\"2299\" data-end=\"2333\" data-col-size=\"md\">Open \/ Sealed \/ Dust-resistant<\/td>\n<\/tr>\n<tr data-start=\"2334\" data-end=\"2390\">\n<td data-start=\"2334\" data-end=\"2348\" data-col-size=\"sm\">Schmierung<\/td>\n<td data-start=\"2348\" data-end=\"2390\" data-col-size=\"md\">Grease \/ Oil \/ Centralized lubrication<\/td>\n<\/tr>\n<tr data-start=\"2391\" data-end=\"2425\">\n<td data-start=\"2391\" data-end=\"2409\" data-col-size=\"sm\">Precision Grade<\/td>\n<td data-start=\"2409\" data-end=\"2425\" data-col-size=\"md\">P0 \/ P6 \/ P5<\/td>\n<\/tr>\n<tr data-start=\"2426\" data-end=\"2468\">\n<td data-start=\"2426\" data-end=\"2450\" data-col-size=\"sm\">Betriebstemperatur<\/td>\n<td data-start=\"2450\" data-end=\"2468\" data-col-size=\"md\">-20\u00b0C to 200\u00b0C<\/td>\n<\/tr>\n<tr data-start=\"2469\" data-end=\"2524\">\n<td data-start=\"2469\" data-end=\"2483\" data-col-size=\"sm\">Environment<\/td>\n<td data-start=\"2483\" data-end=\"2524\" data-col-size=\"md\">Dusty \/ high vibration \/ heavy impact<\/td>\n<\/tr>\n<\/tbody>\n<\/table>\n<\/div>\n<\/div>\n<h1 data-section-id=\"1p00fbj\" data-start=\"2531\" data-end=\"2549\"><span role=\"text\"><strong data-start=\"2533\" data-end=\"2549\">Anwendungen<\/strong><\/span><\/h1>\n<p data-start=\"2551\" data-end=\"2596\">Mining equipment bearings are widely used in:<\/p>\n<ul data-start=\"2598\" data-end=\"2805\">\n<li data-section-id=\"1hm8zi0\" data-start=\"2598\" data-end=\"2632\">Jaw crushers and cone crushers<\/li>\n<li data-section-id=\"1qcgnds\" data-start=\"2633\" data-end=\"2666\">Vibrating screens and feeders<\/li>\n<li data-section-id=\"176s2ln\" data-start=\"2667\" data-end=\"2687\">F\u00f6rderanlagen<\/li>\n<li data-section-id=\"1fegppv\" data-start=\"2688\" data-end=\"2714\">Excavators and loaders<\/li>\n<li data-section-id=\"wbwlih\" data-start=\"2715\" data-end=\"2733\">Grinding mills<\/li>\n<li data-section-id=\"xflhh9\" data-start=\"2734\" data-end=\"2766\">Mineral processing machinery<\/li>\n<li data-section-id=\"m0z63e\" data-start=\"2767\" data-end=\"2805\">Heavy-duty industrial gear systems<\/li>\n<\/ul>\n<h1 data-section-id=\"zdmnob\" data-start=\"2812\" data-end=\"2831\"><span role=\"text\"><strong data-start=\"2814\" data-end=\"2831\">Warum uns w\u00e4hlen<\/strong><\/span><\/h1>\n<ul data-start=\"2833\" data-end=\"3088\">\n<li data-section-id=\"7snvj9\" data-start=\"2833\" data-end=\"2894\">Strong manufacturing capability for mining-grade bearings<\/li>\n<li data-section-id=\"u3pp8e\" data-start=\"2895\" data-end=\"2950\">Hochwertige Materialien mit fortschrittlicher W\u00e4rmebehandlung<\/li>\n<li data-section-id=\"hlanll\" data-start=\"2951\" data-end=\"2997\">OEM customization for extreme environments<\/li>\n<li data-section-id=\"1r56v98\" data-start=\"2998\" data-end=\"3041\">Stable supply for large mining projects<\/li>\n<li data-section-id=\"bhimnc\" data-start=\"3042\" data-end=\"3088\">Schnelle weltweite Lieferung und technische Unterst\u00fctzung<\/li>\n<\/ul>\n<h1 data-section-id=\"1iusff4\" data-start=\"3095\" data-end=\"3104\"><span role=\"text\"><strong data-start=\"3097\" data-end=\"3104\">FAQ<\/strong><\/span><\/h1>\n<p data-start=\"3106\" data-end=\"3278\"><strong data-start=\"3106\" data-end=\"3164\">Q1: What type of bearing is best for mining equipment?<\/strong><br data-start=\"3164\" data-end=\"3167\" \/>A: Spherical roller bearings are most commonly used due to their high load capacity and misalignment tolerance.<\/p>\n<p data-start=\"3280\" data-end=\"3431\"><strong data-start=\"3280\" data-end=\"3334\">Q2: Can these bearings work in dusty environments?<\/strong><br data-start=\"3334\" data-end=\"3337\" \/>A: Yes, they are designed with sealing and lubrication options for harsh and dusty conditions.<\/p>\n<p data-start=\"3433\" data-end=\"3569\"><strong data-start=\"3433\" data-end=\"3483\">Q3: Do you support customized mining bearings?<\/strong><br data-start=\"3483\" data-end=\"3486\" \/>A: Yes, we provide OEM solutions based on load, size, and application requirements.<\/p>","protected":false},"excerpt":{"rendered":"<p>Das <strong data-start=\"418\" data-end=\"446\">Mining Equipment Bearing<\/strong> is specially designed for extreme working conditions in mining, quarrying, and mineral processing industries. These bearings are engineered to withstand heavy radial loads, shock loads, vibration, dust, and contamination commonly found in mining environments.<\/p>","protected":false},"featured_media":2534,"comment_status":"open","ping_status":"closed","template":"","meta":{"site-sidebar-layout":"default","site-content-layout":"","ast-site-content-layout":"default","site-content-style":"default","site-sidebar-style":"default","ast-global-header-display":"","ast-banner-title-visibility":"","ast-main-header-display":"","ast-hfb-above-header-display":"","ast-hfb-below-header-display":"","ast-hfb-mobile-header-display":"","site-post-title":"","ast-breadcrumbs-content":"","ast-featured-img":"","footer-sml-layout":"","ast-disable-related-posts":"","theme-transparent-header-meta":"default","adv-header-id-meta":"","stick-header-meta":"default","header-above-stick-meta":"","header-main-stick-meta":"","header-below-stick-meta":"","astra-migrate-meta-layouts":"set","ast-page-background-enabled":"default","ast-page-background-meta":{"desktop":{"background-color":"","background-image":"","background-repeat":"repeat","background-position":"center center","background-size":"auto","background-attachment":"scroll","background-type":"","background-media":"","overlay-type":"","overlay-color":"","overlay-opacity":"","overlay-gradient":""},"tablet":{"background-color":"","background-image":"","background-repeat":"repeat","background-position":"center center","background-size":"auto","background-attachment":"scroll","background-type":"","background-media":"","overlay-type":"","overlay-color":"","overlay-opacity":"","overlay-gradient":""},"mobile":{"background-color":"","background-image":"","background-repeat":"repeat","background-position":"center center","background-size":"auto","background-attachment":"scroll","background-type":"","background-media":"","overlay-type":"","overlay-color":"","overlay-opacity":"","overlay-gradient":""}},"ast-content-background-meta":{"desktop":{"background-color":"var(--ast-global-color-5)","background-image":"","background-repeat":"repeat","background-position":"center center","background-size":"auto","background-attachment":"scroll","background-type":"","background-media":"","overlay-type":"","overlay-color":"","overlay-opacity":"","overlay-gradient":""},"tablet":{"background-color":"var(--ast-global-color-5)","background-image":"","background-repeat":"repeat","background-position":"center center","background-size":"auto","background-attachment":"scroll","background-type":"","background-media":"","overlay-type":"","overlay-color":"","overlay-opacity":"","overlay-gradient":""},"mobile":{"background-color":"var(--ast-global-color-5)","background-image":"","background-repeat":"repeat","background-position":"center center","background-size":"auto","background-attachment":"scroll","background-type":"","background-media":"","overlay-type":"","overlay-color":"","overlay-opacity":"","overlay-gradient":""}}},"product_brand":[],"product_cat":[24],"product_tag":[209,224,56,51,45,223,225,72,153,226],"class_list":{"0":"post-2451","1":"product","2":"type-product","3":"status-publish","4":"has-post-thumbnail","6":"product_cat-spherical-roller-bearings","7":"product_tag-conveyor-bearing","8":"product_tag-crusher-bearing","9":"product_tag-heavy-duty-bearing","10":"product_tag-high-load-bearing","11":"product_tag-industrial-bearing","12":"product_tag-mining-equipment-bearing","13":"product_tag-mining-machinery-parts","14":"product_tag-oem-bearing-supplier","15":"product_tag-spherical-roller-bearing","16":"product_tag-vibration-resistant-bearing","17":"desktop-align-left","18":"tablet-align-left","19":"mobile-align-left","20":"ast-product-gallery-layout-horizontal-slider","21":"ast-product-gallery-with-no-image","22":"ast-product-tabs-layout-horizontal","24":"first","25":"instock","26":"shipping-taxable","27":"product-type-simple"},"_links":{"self":[{"href":"https:\/\/www.machinerybearings.com\/de\/wp-json\/wp\/v2\/product\/2451","targetHints":{"allow":["GET"]}}],"collection":[{"href":"https:\/\/www.machinerybearings.com\/de\/wp-json\/wp\/v2\/product"}],"about":[{"href":"https:\/\/www.machinerybearings.com\/de\/wp-json\/wp\/v2\/types\/product"}],"replies":[{"embeddable":true,"href":"https:\/\/www.machinerybearings.com\/de\/wp-json\/wp\/v2\/comments?post=2451"}],"wp:featuredmedia":[{"embeddable":true,"href":"https:\/\/www.machinerybearings.com\/de\/wp-json\/wp\/v2\/media\/2534"}],"wp:attachment":[{"href":"https:\/\/www.machinerybearings.com\/de\/wp-json\/wp\/v2\/media?parent=2451"}],"wp:term":[{"taxonomy":"product_brand","embeddable":true,"href":"https:\/\/www.machinerybearings.com\/de\/wp-json\/wp\/v2\/product_brand?post=2451"},{"taxonomy":"product_cat","embeddable":true,"href":"https:\/\/www.machinerybearings.com\/de\/wp-json\/wp\/v2\/product_cat?post=2451"},{"taxonomy":"product_tag","embeddable":true,"href":"https:\/\/www.machinerybearings.com\/de\/wp-json\/wp\/v2\/product_tag?post=2451"}],"curies":[{"name":"wp","href":"https:\/\/api.w.org\/{rel}","templated":true}]}}