{"id":2453,"date":"2026-04-13T15:06:47","date_gmt":"2026-04-13T15:06:47","guid":{"rendered":"https:\/\/www.machinerybearings.com\/?post_type=product&#038;p=2453"},"modified":"2026-05-03T05:20:35","modified_gmt":"2026-05-03T05:20:35","slug":"30205-tapered-roller-bearing-for-high-radial-and-axial-load-applications","status":"publish","type":"product","link":"https:\/\/www.machinerybearings.com\/de\/produkt\/30205-tapered-roller-bearing-for-high-radial-and-axial-load-applications\/","title":{"rendered":"30205 Kegelrollenlager f\u00fcr hohe radiale und axiale Lastanwendungen"},"content":{"rendered":"<p data-start=\"231\" data-end=\"438\">Das 30205 Kegelrollenlager ist daf\u00fcr ausgelegt, kombinierte radiale und axiale Lasten zu unterst\u00fctzen, was es in Automobilsystemen, Getrieben, landwirtschaftlichen Maschinen und industriellen \u00dcbertragungseinrichtungen weit verbreitet macht.<\/p>\n<p data-start=\"440\" data-end=\"694\">Die konischen Innen- und Au\u00dfenringlaufbahnen erm\u00f6glichen es den Rollen, mit minimaler Reibung zu rotieren, w\u00e4hrend die Lasten effizient \u00fcber die Kontaktfl\u00e4che verteilt werden. Diese Struktur verbessert die Haltbarkeit und Leistung unter Hochlast- und Mittelgeschwindigkeitsbedingungen.<\/p>\n<h2 data-section-id=\"vlh4km\" data-start=\"701\" data-end=\"727\">\ud83d\udd37 Technische Parameter<\/h2>\n<div class=\"TyagGW_tableContainer\">\n<div class=\"group TyagGW_tableWrapper flex flex-col-reverse w-fit\" tabindex=\"-1\">\n<table class=\"w-fit min-w-(--thread-content-width)\" data-start=\"729\" data-end=\"1218\">\n<thead data-start=\"729\" data-end=\"753\">\n<tr data-start=\"729\" data-end=\"753\">\n<th class=\"\" data-start=\"729\" data-end=\"736\" data-col-size=\"sm\">Artikel<\/th>\n<th class=\"\" data-start=\"736\" data-end=\"753\" data-col-size=\"sm\">Spezifikation<\/th>\n<\/tr>\n<\/thead>\n<tbody data-start=\"778\" data-end=\"1218\">\n<tr data-start=\"778\" data-end=\"819\">\n<td data-start=\"778\" data-end=\"793\" data-col-size=\"sm\">Lagerart<\/td>\n<td data-start=\"793\" data-end=\"819\" data-col-size=\"sm\">Kegelrollenlager<\/td>\n<\/tr>\n<tr data-start=\"820\" data-end=\"837\">\n<td data-start=\"820\" data-end=\"828\" data-col-size=\"sm\">Modell<\/td>\n<td data-start=\"828\" data-end=\"837\" data-col-size=\"sm\">30205<\/td>\n<\/tr>\n<tr data-start=\"838\" data-end=\"868\">\n<td data-start=\"838\" data-end=\"859\" data-col-size=\"sm\">Innendurchmesser (d)<\/td>\n<td data-col-size=\"sm\" data-start=\"859\" data-end=\"868\">25 mm<\/td>\n<\/tr>\n<tr data-start=\"869\" data-end=\"899\">\n<td data-start=\"869\" data-end=\"890\" data-col-size=\"sm\">Au\u00dfendurchmesser (D)<\/td>\n<td data-col-size=\"sm\" data-start=\"890\" data-end=\"899\">52 mm<\/td>\n<\/tr>\n<tr data-start=\"900\" data-end=\"924\">\n<td data-start=\"900\" data-end=\"912\" data-col-size=\"sm\">Breite (T)<\/td>\n<td data-start=\"912\" data-end=\"924\" data-col-size=\"sm\">16,25 mm<\/td>\n<\/tr>\n<tr data-start=\"925\" data-end=\"969\">\n<td data-start=\"925\" data-end=\"937\" data-col-size=\"sm\">Lasttyp<\/td>\n<td data-col-size=\"sm\" data-start=\"937\" data-end=\"969\">Radiale + axiale kombinierte Last<\/td>\n<\/tr>\n<tr data-start=\"970\" data-end=\"1000\">\n<td data-start=\"970\" data-end=\"986\" data-col-size=\"sm\">K\u00e4figmaterial<\/td>\n<td data-col-size=\"sm\" data-start=\"986\" data-end=\"1000\">Stahlk\u00e4fig<\/td>\n<\/tr>\n<tr data-start=\"1001\" data-end=\"1036\">\n<td data-start=\"1001\" data-end=\"1012\" data-col-size=\"sm\">Material<\/td>\n<td data-start=\"1012\" data-end=\"1036\" data-col-size=\"sm\">Chromstahl (GCr15)<\/td>\n<\/tr>\n<tr data-start=\"1037\" data-end=\"1080\">\n<td data-start=\"1037\" data-end=\"1051\" data-col-size=\"sm\">Schmierung<\/td>\n<td data-start=\"1051\" data-end=\"1080\" data-col-size=\"sm\">Fett- oder \u00d6lschmierung<\/td>\n<\/tr>\n<tr data-start=\"1081\" data-end=\"1130\">\n<td data-start=\"1081\" data-end=\"1093\" data-col-size=\"sm\">Struktur<\/td>\n<td data-col-size=\"sm\" data-start=\"1093\" data-end=\"1130\">Einreihiges Kegelrollenlager<\/td>\n<\/tr>\n<tr data-start=\"1131\" data-end=\"1179\">\n<td data-start=\"1131\" data-end=\"1150\" data-col-size=\"sm\">Geschwindigkeitsf\u00e4higkeit<\/td>\n<td data-start=\"1150\" data-end=\"1179\" data-col-size=\"sm\">Anwendungen mit mittlerer Geschwindigkeit<\/td>\n<\/tr>\n<tr data-start=\"1180\" data-end=\"1218\">\n<td data-start=\"1180\" data-end=\"1200\" data-col-size=\"sm\">Temperaturbereich<\/td>\n<td data-start=\"1200\" data-end=\"1218\" data-col-size=\"sm\">-30\u00b0C bis 150\u00b0C<\/td>\n<\/tr>\n<\/tbody>\n<\/table>\n<\/div>\n<\/div>\n<h2 data-section-id=\"1y8un7j\" data-start=\"1225\" data-end=\"1243\">\ud83d\udd37 Hauptmerkmale<\/h2>\n<ul data-start=\"1245\" data-end=\"1522\">\n<li data-section-id=\"7oool5\" data-start=\"1245\" data-end=\"1300\">Unterst\u00fctzt gleichzeitig radiale und axiale Lasten<\/li>\n<li data-section-id=\"nemjer\" data-start=\"1301\" data-end=\"1343\">Hohe Tragf\u00e4higkeit mit kompaktem Design<\/li>\n<li data-section-id=\"xjurbh\" data-start=\"1344\" data-end=\"1381\">Geringer Reibungswiderstand und stabiler Betrieb<\/li>\n<li data-section-id=\"1i63cz\" data-start=\"1382\" data-end=\"1431\">Lange Lebensdauer unter Schwerlastbedingungen<\/li>\n<li data-section-id=\"f8hmgc\" data-start=\"1432\" data-end=\"1469\">Einfache Installation und Wartung<\/li>\n<li data-section-id=\"1u616wn\" data-start=\"1470\" data-end=\"1522\">Geeignet f\u00fcr hochpr\u00e4zise \u00dcbertragungssysteme<\/li>\n<\/ul>\n<h2 data-section-id=\"4t5b8m\" data-start=\"1529\" data-end=\"1547\">\ud83d\udd37 Anwendungen<\/h2>\n<ul data-start=\"1549\" data-end=\"1745\">\n<li data-section-id=\"16jv93o\" data-start=\"1549\" data-end=\"1574\">Automobil-Radnaben<\/li>\n<li data-section-id=\"6p9cs0\" data-start=\"1575\" data-end=\"1601\">Getriebe und Reduzierst\u00fccke<\/li>\n<li data-section-id=\"1n6ynun\" data-start=\"1602\" data-end=\"1628\">Landmaschinen<\/li>\n<li data-section-id=\"16fhp27\" data-start=\"1629\" data-end=\"1655\">Baumaschinen<\/li>\n<li data-section-id=\"1gp8co3\" data-start=\"1656\" data-end=\"1688\">Industriemotoren und Antriebe<\/li>\n<li data-section-id=\"176s2ln\" data-start=\"1689\" data-end=\"1709\">F\u00f6rderanlagen<\/li>\n<li data-section-id=\"1dq8qoq\" data-start=\"1710\" data-end=\"1745\">Schwerlast-\u00dcbertragungssysteme<\/li>\n<\/ul>\n<h2 data-section-id=\"1a1u7ke\" data-start=\"1752\" data-end=\"1780\">\ud83d\udd37 Ingenieurvorteile<\/h2>\n<p data-start=\"1782\" data-end=\"1943\">Die konische Rollenstruktur erm\u00f6glicht eine bessere Lastverteilung im Vergleich zu Kugellagern, was die Leistung in Anwendungen mit kombinierten Kr\u00e4ften erheblich verbessert.<\/p>\n<p data-start=\"1945\" data-end=\"2071\">Sie reduziert auch die Randspannungs-Konzentration, verbessert die Erm\u00fcdungsbest\u00e4ndigkeit und verl\u00e4ngert die Lebensdauer der Lager bei kontinuierlichem Betrieb.<\/p>\n<h2 data-section-id=\"bf9ua4\" data-start=\"2078\" data-end=\"2098\">\ud83d\udd37 Anpassungsoptionen<\/h2>\n<ul data-start=\"2100\" data-end=\"2251\">\n<li data-section-id=\"4ijb\" data-start=\"2100\" data-end=\"2124\">Spielanpassung<\/li>\n<li data-section-id=\"5s0eb7\" data-start=\"2125\" data-end=\"2150\">K\u00e4figmaterial-Upgrade<\/li>\n<li data-section-id=\"1jq34of\" data-start=\"2151\" data-end=\"2186\">Hochtemperaturfettf\u00fcllung<\/li>\n<li data-section-id=\"1515c9l\" data-start=\"2187\" data-end=\"2220\">Geschlossene oder offene Designoptionen<\/li>\n<li data-section-id=\"1vg6tkw\" data-start=\"2221\" data-end=\"2251\">OEM-Branding und Verpackung<\/li>\n<\/ul>","protected":false},"excerpt":{"rendered":"<p>Das 30205 Kegelrollenlager ist daf\u00fcr ausgelegt, kombinierte radiale und axiale Lasten zu unterst\u00fctzen, was es in Automobilsystemen, Getrieben, landwirtschaftlichen Maschinen und industriellen \u00dcbertragungseinrichtungen weit verbreitet macht.<\/p>","protected":false},"featured_media":2532,"comment_status":"open","ping_status":"closed","template":"","meta":{"site-sidebar-layout":"default","site-content-layout":"","ast-site-content-layout":"default","site-content-style":"default","site-sidebar-style":"default","ast-global-header-display":"","ast-banner-title-visibility":"","ast-main-header-display":"","ast-hfb-above-header-display":"","ast-hfb-below-header-display":"","ast-hfb-mobile-header-display":"","site-post-title":"","ast-breadcrumbs-content":"","ast-featured-img":"","footer-sml-layout":"","ast-disable-related-posts":"","theme-transparent-header-meta":"default","adv-header-id-meta":"","stick-header-meta":"default","header-above-stick-meta":"","header-main-stick-meta":"","header-below-stick-meta":"","astra-migrate-meta-layouts":"set","ast-page-background-enabled":"default","ast-page-background-meta":{"desktop":{"background-color":"","background-image":"","background-repeat":"repeat","background-position":"center center","background-size":"auto","background-attachment":"scroll","background-type":"","background-media":"","overlay-type":"","overlay-color":"","overlay-opacity":"","overlay-gradient":""},"tablet":{"background-color":"","background-image":"","background-repeat":"repeat","background-position":"center center","background-size":"auto","background-attachment":"scroll","background-type":"","background-media":"","overlay-type":"","overlay-color":"","overlay-opacity":"","overlay-gradient":""},"mobile":{"background-color":"","background-image":"","background-repeat":"repeat","background-position":"center center","background-size":"auto","background-attachment":"scroll","background-type":"","background-media":"","overlay-type":"","overlay-color":"","overlay-opacity":"","overlay-gradient":""}},"ast-content-background-meta":{"desktop":{"background-color":"var(--ast-global-color-5)","background-image":"","background-repeat":"repeat","background-position":"center center","background-size":"auto","background-attachment":"scroll","background-type":"","background-media":"","overlay-type":"","overlay-color":"","overlay-opacity":"","overlay-gradient":""},"tablet":{"background-color":"var(--ast-global-color-5)","background-image":"","background-repeat":"repeat","background-position":"center center","background-size":"auto","background-attachment":"scroll","background-type":"","background-media":"","overlay-type":"","overlay-color":"","overlay-opacity":"","overlay-gradient":""},"mobile":{"background-color":"var(--ast-global-color-5)","background-image":"","background-repeat":"repeat","background-position":"center center","background-size":"auto","background-attachment":"scroll","background-type":"","background-media":"","overlay-type":"","overlay-color":"","overlay-opacity":"","overlay-gradient":""}}},"product_brand":[],"product_cat":[23],"product_tag":[236,237,240,233,78,56,51,45,47,239,241,154,242,238],"class_list":{"0":"post-2453","1":"product","2":"type-product","3":"status-publish","4":"has-post-thumbnail","6":"product_cat-tapered-roller-bearings","7":"product_tag-30205-tapered-roller-bearing","8":"product_tag-automotive-bearing","9":"product_tag-chrome-steel-bearing","10":"product_tag-gcr15-bearing","11":"product_tag-gearbox-bearing","12":"product_tag-heavy-duty-bearing","13":"product_tag-high-load-bearing","14":"product_tag-industrial-bearing","15":"product_tag-oem-bearing-manufacturer","16":"product_tag-radial-axial-bearing","17":"product_tag-single-row-roller-bearing","18":"product_tag-tapered-roller-bearing","19":"product_tag-transmission-bearing","20":"product_tag-wheel-hub-bearing","21":"desktop-align-left","22":"tablet-align-left","23":"mobile-align-left","24":"ast-product-gallery-layout-horizontal-slider","25":"ast-product-gallery-with-no-image","26":"ast-product-tabs-layout-horizontal","28":"first","29":"instock","30":"shipping-taxable","31":"product-type-simple"},"_links":{"self":[{"href":"https:\/\/www.machinerybearings.com\/de\/wp-json\/wp\/v2\/product\/2453","targetHints":{"allow":["GET"]}}],"collection":[{"href":"https:\/\/www.machinerybearings.com\/de\/wp-json\/wp\/v2\/product"}],"about":[{"href":"https:\/\/www.machinerybearings.com\/de\/wp-json\/wp\/v2\/types\/product"}],"replies":[{"embeddable":true,"href":"https:\/\/www.machinerybearings.com\/de\/wp-json\/wp\/v2\/comments?post=2453"}],"wp:featuredmedia":[{"embeddable":true,"href":"https:\/\/www.machinerybearings.com\/de\/wp-json\/wp\/v2\/media\/2532"}],"wp:attachment":[{"href":"https:\/\/www.machinerybearings.com\/de\/wp-json\/wp\/v2\/media?parent=2453"}],"wp:term":[{"taxonomy":"product_brand","embeddable":true,"href":"https:\/\/www.machinerybearings.com\/de\/wp-json\/wp\/v2\/product_brand?post=2453"},{"taxonomy":"product_cat","embeddable":true,"href":"https:\/\/www.machinerybearings.com\/de\/wp-json\/wp\/v2\/product_cat?post=2453"},{"taxonomy":"product_tag","embeddable":true,"href":"https:\/\/www.machinerybearings.com\/de\/wp-json\/wp\/v2\/product_tag?post=2453"}],"curies":[{"name":"wp","href":"https:\/\/api.w.org\/{rel}","templated":true}]}}