{"id":2455,"date":"2026-04-13T15:09:58","date_gmt":"2026-04-13T15:09:58","guid":{"rendered":"https:\/\/www.machinerybearings.com\/?post_type=product&#038;p=2455"},"modified":"2026-05-03T05:17:20","modified_gmt":"2026-05-03T05:17:20","slug":"30306-tapered-roller-bearing-for-heavy-load-industrial-applications","status":"publish","type":"product","link":"https:\/\/www.machinerybearings.com\/de\/produkt\/30306-tapered-roller-bearing-for-heavy-load-industrial-applications\/","title":{"rendered":"30306 Kegelrollenlager f\u00fcr schwere industrielle Anwendungen"},"content":{"rendered":"<p data-start=\"149\" data-end=\"451\">Das 30306 Kegelrollenlager ist so konzipiert, dass es kombinierte radiale und axiale Lasten bew\u00e4ltigen kann, was es f\u00fcr mittel- bis schwerlastige industrielle Anwendungen geeignet macht. Seine konische Geometrie erm\u00f6glicht eine effiziente Lastverteilung \u00fcber die W\u00e4lzk\u00f6rper, verbessert die Haltbarkeit und reduziert die Reibung w\u00e4hrend des Betriebs.<\/p>\n<p data-start=\"453\" data-end=\"626\">Dieses Modell wird h\u00e4ufig in Automobilsystemen, Getrieben, landwirtschaftlichen Maschinen und Baumaschinen eingesetzt, wo Stabilit\u00e4t unter Last und eine lange Lebensdauer erforderlich sind.<\/p>\n<h3 data-section-id=\"sse2nj\" data-start=\"633\" data-end=\"657\">Technische Parameter<\/h3>\n<div class=\"TyagGW_tableContainer\">\n<div class=\"group TyagGW_tableWrapper flex flex-col-reverse w-fit\" tabindex=\"-1\">\n<table class=\"w-fit min-w-(--thread-content-width)\" data-start=\"659\" data-end=\"1141\">\n<thead data-start=\"659\" data-end=\"683\">\n<tr data-start=\"659\" data-end=\"683\">\n<th class=\"\" data-start=\"659\" data-end=\"666\" data-col-size=\"sm\">Artikel<\/th>\n<th class=\"\" data-start=\"666\" data-end=\"683\" data-col-size=\"sm\">Spezifikation<\/th>\n<\/tr>\n<\/thead>\n<tbody data-start=\"708\" data-end=\"1141\">\n<tr data-start=\"708\" data-end=\"749\">\n<td data-start=\"708\" data-end=\"723\" data-col-size=\"sm\">Lagerart<\/td>\n<td data-start=\"723\" data-end=\"749\" data-col-size=\"sm\">Kegelrollenlager<\/td>\n<\/tr>\n<tr data-start=\"750\" data-end=\"767\">\n<td data-start=\"750\" data-end=\"758\" data-col-size=\"sm\">Modell<\/td>\n<td data-start=\"758\" data-end=\"767\" data-col-size=\"sm\">30306<\/td>\n<\/tr>\n<tr data-start=\"768\" data-end=\"798\">\n<td data-start=\"768\" data-end=\"789\" data-col-size=\"sm\">Innendurchmesser (d)<\/td>\n<td data-start=\"789\" data-end=\"798\" data-col-size=\"sm\">30 mm<\/td>\n<\/tr>\n<tr data-start=\"799\" data-end=\"829\">\n<td data-start=\"799\" data-end=\"820\" data-col-size=\"sm\">Au\u00dfendurchmesser (D)<\/td>\n<td data-col-size=\"sm\" data-start=\"820\" data-end=\"829\">72 mm<\/td>\n<\/tr>\n<tr data-start=\"830\" data-end=\"854\">\n<td data-start=\"830\" data-end=\"842\" data-col-size=\"sm\">Breite (T)<\/td>\n<td data-start=\"842\" data-end=\"854\" data-col-size=\"sm\">20,75 mm<\/td>\n<\/tr>\n<tr data-start=\"855\" data-end=\"895\">\n<td data-start=\"855\" data-end=\"867\" data-col-size=\"sm\">Lasttyp<\/td>\n<td data-start=\"867\" data-end=\"895\" data-col-size=\"sm\">Radiallast + Axiallast<\/td>\n<\/tr>\n<tr data-start=\"896\" data-end=\"926\">\n<td data-start=\"896\" data-end=\"912\" data-col-size=\"sm\">K\u00e4figmaterial<\/td>\n<td data-start=\"912\" data-end=\"926\" data-col-size=\"sm\">Stahlk\u00e4fig<\/td>\n<\/tr>\n<tr data-start=\"927\" data-end=\"960\">\n<td data-start=\"927\" data-end=\"938\" data-col-size=\"sm\">Material<\/td>\n<td data-start=\"938\" data-end=\"960\" data-col-size=\"sm\">GCr15 Chromstahl<\/td>\n<\/tr>\n<tr data-start=\"961\" data-end=\"1004\">\n<td data-start=\"961\" data-end=\"975\" data-col-size=\"sm\">Schmierung<\/td>\n<td data-start=\"975\" data-end=\"1004\" data-col-size=\"sm\">Fett- oder \u00d6lschmierung<\/td>\n<\/tr>\n<tr data-start=\"1005\" data-end=\"1054\">\n<td data-start=\"1005\" data-end=\"1017\" data-col-size=\"sm\">Struktur<\/td>\n<td data-start=\"1017\" data-end=\"1054\" data-col-size=\"sm\">Einreihiges Kegelrollenlager<\/td>\n<\/tr>\n<tr data-start=\"1055\" data-end=\"1102\">\n<td data-start=\"1055\" data-end=\"1073\" data-col-size=\"sm\">Betriebsdrehzahl<\/td>\n<td data-start=\"1073\" data-end=\"1102\" data-col-size=\"sm\">Anwendungen mit mittlerer Geschwindigkeit<\/td>\n<\/tr>\n<tr data-start=\"1103\" data-end=\"1141\">\n<td data-start=\"1103\" data-end=\"1123\" data-col-size=\"sm\">Temperaturbereich<\/td>\n<td data-start=\"1123\" data-end=\"1141\" data-col-size=\"sm\">-30\u00b0C bis 150\u00b0C<\/td>\n<\/tr>\n<\/tbody>\n<\/table>\n<\/div>\n<\/div>\n<h3 data-section-id=\"1iz91iu\" data-start=\"1148\" data-end=\"1164\">Hauptmerkmale<\/h3>\n<ul data-start=\"1166\" data-end=\"1430\">\n<li data-section-id=\"1vl001\" data-start=\"1166\" data-end=\"1210\">Unterst\u00fctzt kombinierte radiale und axiale Lasten<\/li>\n<li data-section-id=\"tqfpov\" data-start=\"1211\" data-end=\"1242\">Hohe Tragf\u00e4higkeit<\/li>\n<li data-section-id=\"1e4pl9p\" data-start=\"1243\" data-end=\"1292\">Stabile Leistung unter kontinuierlichem Betrieb<\/li>\n<li data-section-id=\"fmcfrv\" data-start=\"1293\" data-end=\"1333\">Reduzierte Reibung und W\u00e4rmeentwicklung<\/li>\n<li data-section-id=\"6jlrvu\" data-start=\"1334\" data-end=\"1382\">Lange Lebensdauer in schwerlastigen Umgebungen<\/li>\n<li data-section-id=\"1ugr03r\" data-start=\"1383\" data-end=\"1430\">Geeignet f\u00fcr Sto\u00df- und Vibrationsbedingungen<\/li>\n<\/ul>\n<h3 data-section-id=\"wggvqn\" data-start=\"1437\" data-end=\"1453\">Anwendungen<\/h3>\n<ul data-start=\"1455\" data-end=\"1676\">\n<li data-section-id=\"16jv93o\" data-start=\"1455\" data-end=\"1480\">Automobil-Radnaben<\/li>\n<li data-section-id=\"15oirsh\" data-start=\"1481\" data-end=\"1519\">Getriebe und \u00dcbertragungssysteme<\/li>\n<li data-section-id=\"1n6ynun\" data-start=\"1520\" data-end=\"1546\">Landmaschinen<\/li>\n<li data-section-id=\"19d9gij\" data-start=\"1547\" data-end=\"1573\">Baumaschinen<\/li>\n<li data-section-id=\"gcuaph\" data-start=\"1574\" data-end=\"1602\">Industrielle Antriebssysteme<\/li>\n<li data-section-id=\"1xhvdi8\" data-start=\"1603\" data-end=\"1633\">Bergbau- und schwere Ausr\u00fcstung<\/li>\n<li data-section-id=\"4ay2tg\" data-start=\"1634\" data-end=\"1676\">F\u00f6rder- und Materialhandhabungssysteme<\/li>\n<\/ul>\n<h3 data-section-id=\"gqbmdj\" data-start=\"1683\" data-end=\"1709\">Technische Vorteile<\/h3>\n<p data-start=\"1711\" data-end=\"1877\">Die Kegelrollenstruktur verbessert die Kontakt-effizienz zwischen Rollen und Laufbahnen, sodass das Lager h\u00f6here Lasten im Vergleich zu Standardkugellagern bew\u00e4ltigen kann.<\/p>\n<p data-start=\"1879\" data-end=\"2005\">Es reduziert auch die Spannungs Konzentration, verbessert die Ausrichtungsstabilit\u00e4t und erh\u00f6ht die Erm\u00fcdungsbest\u00e4ndigkeit bei langfristigem Betrieb.<\/p>\n<h3 data-section-id=\"ex11qd\" data-start=\"2012\" data-end=\"2030\">Anpassungsoptionen<\/h3>\n<ul data-start=\"2032\" data-end=\"2219\">\n<li data-section-id=\"1mm7wk0\" data-start=\"2032\" data-end=\"2065\">Einstellung des Innenraums<\/li>\n<li data-section-id=\"11j4pt1\" data-start=\"2066\" data-end=\"2110\">Auswahl des K\u00e4figmaterials (Stahl oder Messing)<\/li>\n<li data-section-id=\"1515c9l\" data-start=\"2111\" data-end=\"2144\">Geschlossene oder offene Designoptionen<\/li>\n<li data-section-id=\"1jq34of\" data-start=\"2145\" data-end=\"2180\">Hochtemperaturfettf\u00fcllung<\/li>\n<li data-section-id=\"1mlx5yn\" data-start=\"2181\" data-end=\"2219\">Unterst\u00fctzung bei OEM-Branding und Verpackung<\/li>\n<\/ul>","protected":false},"excerpt":{"rendered":"<p>Das 30306 Kegelrollenlager ist so konzipiert, dass es kombinierte radiale und axiale Lasten bew\u00e4ltigen kann, was es f\u00fcr mittel- bis schwerlastige industrielle Anwendungen geeignet macht. Seine konische Geometrie erm\u00f6glicht eine effiziente Lastverteilung \u00fcber die W\u00e4lzk\u00f6rper, verbessert die Haltbarkeit und reduziert die Reibung w\u00e4hrend des Betriebs.<\/p>","protected":false},"featured_media":2531,"comment_status":"open","ping_status":"closed","template":"","meta":{"site-sidebar-layout":"default","site-content-layout":"","ast-site-content-layout":"default","site-content-style":"default","site-sidebar-style":"default","ast-global-header-display":"","ast-banner-title-visibility":"","ast-main-header-display":"","ast-hfb-above-header-display":"","ast-hfb-below-header-display":"","ast-hfb-mobile-header-display":"","site-post-title":"","ast-breadcrumbs-content":"","ast-featured-img":"","footer-sml-layout":"","ast-disable-related-posts":"","theme-transparent-header-meta":"default","adv-header-id-meta":"","stick-header-meta":"default","header-above-stick-meta":"","header-main-stick-meta":"","header-below-stick-meta":"","astra-migrate-meta-layouts":"set","ast-page-background-enabled":"default","ast-page-background-meta":{"desktop":{"background-color":"","background-image":"","background-repeat":"repeat","background-position":"center center","background-size":"auto","background-attachment":"scroll","background-type":"","background-media":"","overlay-type":"","overlay-color":"","overlay-opacity":"","overlay-gradient":""},"tablet":{"background-color":"","background-image":"","background-repeat":"repeat","background-position":"center center","background-size":"auto","background-attachment":"scroll","background-type":"","background-media":"","overlay-type":"","overlay-color":"","overlay-opacity":"","overlay-gradient":""},"mobile":{"background-color":"","background-image":"","background-repeat":"repeat","background-position":"center center","background-size":"auto","background-attachment":"scroll","background-type":"","background-media":"","overlay-type":"","overlay-color":"","overlay-opacity":"","overlay-gradient":""}},"ast-content-background-meta":{"desktop":{"background-color":"var(--ast-global-color-5)","background-image":"","background-repeat":"repeat","background-position":"center center","background-size":"auto","background-attachment":"scroll","background-type":"","background-media":"","overlay-type":"","overlay-color":"","overlay-opacity":"","overlay-gradient":""},"tablet":{"background-color":"var(--ast-global-color-5)","background-image":"","background-repeat":"repeat","background-position":"center center","background-size":"auto","background-attachment":"scroll","background-type":"","background-media":"","overlay-type":"","overlay-color":"","overlay-opacity":"","overlay-gradient":""},"mobile":{"background-color":"var(--ast-global-color-5)","background-image":"","background-repeat":"repeat","background-position":"center center","background-size":"auto","background-attachment":"scroll","background-type":"","background-media":"","overlay-type":"","overlay-color":"","overlay-opacity":"","overlay-gradient":""}}},"product_brand":[],"product_cat":[23],"product_tag":[243,237,240,233,78,56,51,45,47,239,241,154,242,238],"class_list":{"0":"post-2455","1":"product","2":"type-product","3":"status-publish","4":"has-post-thumbnail","6":"product_cat-tapered-roller-bearings","7":"product_tag-30306-bearing","8":"product_tag-automotive-bearing","9":"product_tag-chrome-steel-bearing","10":"product_tag-gcr15-bearing","11":"product_tag-gearbox-bearing","12":"product_tag-heavy-duty-bearing","13":"product_tag-high-load-bearing","14":"product_tag-industrial-bearing","15":"product_tag-oem-bearing-manufacturer","16":"product_tag-radial-axial-bearing","17":"product_tag-single-row-roller-bearing","18":"product_tag-tapered-roller-bearing","19":"product_tag-transmission-bearing","20":"product_tag-wheel-hub-bearing","21":"desktop-align-left","22":"tablet-align-left","23":"mobile-align-left","24":"ast-product-gallery-layout-horizontal-slider","25":"ast-product-gallery-with-no-image","26":"ast-product-tabs-layout-horizontal","28":"first","29":"instock","30":"shipping-taxable","31":"product-type-simple"},"_links":{"self":[{"href":"https:\/\/www.machinerybearings.com\/de\/wp-json\/wp\/v2\/product\/2455","targetHints":{"allow":["GET"]}}],"collection":[{"href":"https:\/\/www.machinerybearings.com\/de\/wp-json\/wp\/v2\/product"}],"about":[{"href":"https:\/\/www.machinerybearings.com\/de\/wp-json\/wp\/v2\/types\/product"}],"replies":[{"embeddable":true,"href":"https:\/\/www.machinerybearings.com\/de\/wp-json\/wp\/v2\/comments?post=2455"}],"wp:featuredmedia":[{"embeddable":true,"href":"https:\/\/www.machinerybearings.com\/de\/wp-json\/wp\/v2\/media\/2531"}],"wp:attachment":[{"href":"https:\/\/www.machinerybearings.com\/de\/wp-json\/wp\/v2\/media?parent=2455"}],"wp:term":[{"taxonomy":"product_brand","embeddable":true,"href":"https:\/\/www.machinerybearings.com\/de\/wp-json\/wp\/v2\/product_brand?post=2455"},{"taxonomy":"product_cat","embeddable":true,"href":"https:\/\/www.machinerybearings.com\/de\/wp-json\/wp\/v2\/product_cat?post=2455"},{"taxonomy":"product_tag","embeddable":true,"href":"https:\/\/www.machinerybearings.com\/de\/wp-json\/wp\/v2\/product_tag?post=2455"}],"curies":[{"name":"wp","href":"https:\/\/api.w.org\/{rel}","templated":true}]}}