{"id":2458,"date":"2026-04-13T15:15:27","date_gmt":"2026-04-13T15:15:27","guid":{"rendered":"https:\/\/www.machinerybearings.com\/?post_type=product&#038;p=2458"},"modified":"2026-05-03T05:04:49","modified_gmt":"2026-05-03T05:04:49","slug":"32008-tapered-roller-bearing-for-automotive-and-industrial-load-applications","status":"publish","type":"product","link":"https:\/\/www.machinerybearings.com\/de\/produkt\/32008-tapered-roller-bearing-for-automotive-and-industrial-load-applications\/","title":{"rendered":"32008 Kegelrollenlager f\u00fcr Automobil- und industrielle Lastanwendungen"},"content":{"rendered":"<p data-start=\"111\" data-end=\"387\">Das 32008 Kegelrollenlager ist so konzipiert, dass es kombinierte radiale und axiale Lasten mit hoher Effizienz und Stabilit\u00e4t bew\u00e4ltigt. Seine Kegelrollen-Geometrie sorgt f\u00fcr eine reibungslose Last\u00fcbertragung, reduzierte Reibung und zuverl\u00e4ssige Leistung unter Bedingungen mit mittlerer Last und moderater Geschwindigkeit.<\/p>\n<p data-start=\"389\" data-end=\"560\">Dieses Lager wird h\u00e4ufig in Automobilsystemen, landwirtschaftlichen Maschinen, Getrieben und Industrieanlagen eingesetzt, wo eine kompakte Bauweise und hohe Tragf\u00e4higkeit erforderlich sind.<\/p>\n<h3 data-section-id=\"sse2nj\" data-start=\"567\" data-end=\"591\">Technische Parameter<\/h3>\n<div class=\"TyagGW_tableContainer\">\n<div class=\"group TyagGW_tableWrapper flex flex-col-reverse w-fit\" tabindex=\"-1\">\n<table class=\"w-fit min-w-(--thread-content-width)\" data-start=\"593\" data-end=\"1072\">\n<thead data-start=\"593\" data-end=\"617\">\n<tr data-start=\"593\" data-end=\"617\">\n<th class=\"\" data-start=\"593\" data-end=\"600\" data-col-size=\"sm\">Artikel<\/th>\n<th class=\"\" data-start=\"600\" data-end=\"617\" data-col-size=\"sm\">Spezifikation<\/th>\n<\/tr>\n<\/thead>\n<tbody data-start=\"642\" data-end=\"1072\">\n<tr data-start=\"642\" data-end=\"683\">\n<td data-start=\"642\" data-end=\"657\" data-col-size=\"sm\">Lagerart<\/td>\n<td data-start=\"657\" data-end=\"683\" data-col-size=\"sm\">Kegelrollenlager<\/td>\n<\/tr>\n<tr data-start=\"684\" data-end=\"701\">\n<td data-start=\"684\" data-end=\"692\" data-col-size=\"sm\">Modell<\/td>\n<td data-start=\"692\" data-end=\"701\" data-col-size=\"sm\">32008<\/td>\n<\/tr>\n<tr data-start=\"702\" data-end=\"732\">\n<td data-start=\"702\" data-end=\"723\" data-col-size=\"sm\">Innendurchmesser (d)<\/td>\n<td data-start=\"723\" data-end=\"732\" data-col-size=\"sm\">40 mm<\/td>\n<\/tr>\n<tr data-start=\"733\" data-end=\"763\">\n<td data-start=\"733\" data-end=\"754\" data-col-size=\"sm\">Au\u00dfendurchmesser (D)<\/td>\n<td data-start=\"754\" data-end=\"763\" data-col-size=\"sm\">68 mm<\/td>\n<\/tr>\n<tr data-start=\"764\" data-end=\"785\">\n<td data-start=\"764\" data-end=\"776\" data-col-size=\"sm\">Breite (T)<\/td>\n<td data-start=\"776\" data-end=\"785\" data-col-size=\"sm\">19 mm<\/td>\n<\/tr>\n<tr data-start=\"786\" data-end=\"826\">\n<td data-start=\"786\" data-end=\"798\" data-col-size=\"sm\">Lasttyp<\/td>\n<td data-start=\"798\" data-end=\"826\" data-col-size=\"sm\">Radiallast + Axiallast<\/td>\n<\/tr>\n<tr data-start=\"827\" data-end=\"857\">\n<td data-start=\"827\" data-end=\"843\" data-col-size=\"sm\">K\u00e4figmaterial<\/td>\n<td data-start=\"843\" data-end=\"857\" data-col-size=\"sm\">Stahlk\u00e4fig<\/td>\n<\/tr>\n<tr data-start=\"858\" data-end=\"891\">\n<td data-start=\"858\" data-end=\"869\" data-col-size=\"sm\">Material<\/td>\n<td data-start=\"869\" data-end=\"891\" data-col-size=\"sm\">GCr15 Chromstahl<\/td>\n<\/tr>\n<tr data-start=\"892\" data-end=\"935\">\n<td data-start=\"892\" data-end=\"906\" data-col-size=\"sm\">Schmierung<\/td>\n<td data-start=\"906\" data-end=\"935\" data-col-size=\"sm\">Fett- oder \u00d6lschmierung<\/td>\n<\/tr>\n<tr data-start=\"936\" data-end=\"985\">\n<td data-start=\"936\" data-end=\"948\" data-col-size=\"sm\">Struktur<\/td>\n<td data-start=\"948\" data-end=\"985\" data-col-size=\"sm\">Einreihiges Kegelrollenlager<\/td>\n<\/tr>\n<tr data-start=\"986\" data-end=\"1033\">\n<td data-start=\"986\" data-end=\"1004\" data-col-size=\"sm\">Betriebsdrehzahl<\/td>\n<td data-start=\"1004\" data-end=\"1033\" data-col-size=\"sm\">Anwendungen mit mittlerer Geschwindigkeit<\/td>\n<\/tr>\n<tr data-start=\"1034\" data-end=\"1072\">\n<td data-start=\"1034\" data-end=\"1054\" data-col-size=\"sm\">Temperaturbereich<\/td>\n<td data-start=\"1054\" data-end=\"1072\" data-col-size=\"sm\">-30\u00b0C bis 150\u00b0C<\/td>\n<\/tr>\n<\/tbody>\n<\/table>\n<\/div>\n<\/div>\n<h3 data-section-id=\"1iz91iu\" data-start=\"1079\" data-end=\"1095\">Hauptmerkmale<\/h3>\n<ul data-start=\"1097\" data-end=\"1388\">\n<li data-section-id=\"1vl001\" data-start=\"1097\" data-end=\"1141\">Unterst\u00fctzt kombinierte radiale und axiale Lasten<\/li>\n<li data-section-id=\"1srodc3\" data-start=\"1142\" data-end=\"1184\">Kompakte Bauweise mit hoher Tragf\u00e4higkeit<\/li>\n<li data-section-id=\"93gu7o\" data-start=\"1185\" data-end=\"1241\">Stabile Betriebsbedingungen unter kontinuierlichen Arbeitsbedingungen<\/li>\n<li data-section-id=\"fmcfrv\" data-start=\"1242\" data-end=\"1282\">Reduzierte Reibung und W\u00e4rmeentwicklung<\/li>\n<li data-section-id=\"77ge0v\" data-start=\"1283\" data-end=\"1331\">Lange Lebensdauer in industriellen Umgebungen<\/li>\n<li data-section-id=\"1fuex6u\" data-start=\"1332\" data-end=\"1388\">Geeignet f\u00fcr Sto\u00df- und moderate Vibrationsbedingungen<\/li>\n<\/ul>\n<h3 data-section-id=\"wggvqn\" data-start=\"1395\" data-end=\"1411\">Anwendungen<\/h3>\n<ul data-start=\"1413\" data-end=\"1640\">\n<li data-section-id=\"16jv93o\" data-start=\"1413\" data-end=\"1438\">Automobil-Radnaben<\/li>\n<li data-section-id=\"15oirsh\" data-start=\"1439\" data-end=\"1477\">Getriebe und \u00dcbertragungssysteme<\/li>\n<li data-section-id=\"1n6ynun\" data-start=\"1478\" data-end=\"1504\">Landmaschinen<\/li>\n<li data-section-id=\"16fhp27\" data-start=\"1505\" data-end=\"1531\">Baumaschinen<\/li>\n<li data-section-id=\"gcuaph\" data-start=\"1532\" data-end=\"1560\">Industrielle Antriebssysteme<\/li>\n<li data-section-id=\"4ay2tg\" data-start=\"1561\" data-end=\"1603\">F\u00f6rder- und Materialhandhabungssysteme<\/li>\n<li data-section-id=\"a5j0us\" data-start=\"1604\" data-end=\"1640\">Leichte bis mittlere Bergbaumaschinen<\/li>\n<\/ul>\n<h3 data-section-id=\"gqbmdj\" data-start=\"1647\" data-end=\"1673\">Technische Vorteile<\/h3>\n<p data-start=\"1675\" data-end=\"1844\">Das 32008 Kegelrollenlager bietet eine effiziente Lastverteilung durch seine konusf\u00f6rmigen W\u00e4lzk\u00f6rper, reduziert Randbelastungen und verbessert die Betriebssicherheit.<\/p>\n<p data-start=\"1846\" data-end=\"1975\">Seine Struktur erh\u00f6ht die Erm\u00fcdungsbest\u00e4ndigkeit und gew\u00e4hrleistet eine zuverl\u00e4ssige Leistung in Anwendungen mit kombinierten axialen und radialen Kr\u00e4ften.<\/p>\n<h3 data-section-id=\"ex11qd\" data-start=\"1982\" data-end=\"2000\">Anpassungsoptionen<\/h3>\n<ul data-start=\"2002\" data-end=\"2206\">\n<li data-section-id=\"1x00fvb\" data-start=\"2002\" data-end=\"2052\">Einstellung des Innenraums (C3\/C4 optional)<\/li>\n<li data-section-id=\"11j4pt1\" data-start=\"2053\" data-end=\"2097\">Auswahl des K\u00e4figmaterials (Stahl oder Messing)<\/li>\n<li data-section-id=\"1icjogp\" data-start=\"2098\" data-end=\"2131\">Offene oder geschlossene Designoptionen<\/li>\n<li data-section-id=\"1jq34of\" data-start=\"2132\" data-end=\"2167\">Hochtemperaturfettf\u00fcllung<\/li>\n<li data-section-id=\"1mlx5yn\" data-start=\"2168\" data-end=\"2206\">Unterst\u00fctzung bei OEM-Branding und Verpackung<\/li>\n<\/ul>","protected":false},"excerpt":{"rendered":"<p>Das 32008 Kegelrollenlager ist so konzipiert, dass es kombinierte radiale und axiale Lasten mit hoher Effizienz und Stabilit\u00e4t bew\u00e4ltigt. Seine Kegelrollen-Geometrie sorgt f\u00fcr eine reibungslose Last\u00fcbertragung, reduzierte Reibung und zuverl\u00e4ssige Leistung unter Bedingungen mit mittlerer Last und moderater Geschwindigkeit.<\/p>","protected":false},"featured_media":2524,"comment_status":"open","ping_status":"closed","template":"","meta":{"site-sidebar-layout":"default","site-content-layout":"","ast-site-content-layout":"default","site-content-style":"default","site-sidebar-style":"default","ast-global-header-display":"","ast-banner-title-visibility":"","ast-main-header-display":"","ast-hfb-above-header-display":"","ast-hfb-below-header-display":"","ast-hfb-mobile-header-display":"","site-post-title":"","ast-breadcrumbs-content":"","ast-featured-img":"","footer-sml-layout":"","ast-disable-related-posts":"","theme-transparent-header-meta":"default","adv-header-id-meta":"","stick-header-meta":"default","header-above-stick-meta":"","header-main-stick-meta":"","header-below-stick-meta":"","astra-migrate-meta-layouts":"set","ast-page-background-enabled":"default","ast-page-background-meta":{"desktop":{"background-color":"","background-image":"","background-repeat":"repeat","background-position":"center center","background-size":"auto","background-attachment":"scroll","background-type":"","background-media":"","overlay-type":"","overlay-color":"","overlay-opacity":"","overlay-gradient":""},"tablet":{"background-color":"","background-image":"","background-repeat":"repeat","background-position":"center center","background-size":"auto","background-attachment":"scroll","background-type":"","background-media":"","overlay-type":"","overlay-color":"","overlay-opacity":"","overlay-gradient":""},"mobile":{"background-color":"","background-image":"","background-repeat":"repeat","background-position":"center center","background-size":"auto","background-attachment":"scroll","background-type":"","background-media":"","overlay-type":"","overlay-color":"","overlay-opacity":"","overlay-gradient":""}},"ast-content-background-meta":{"desktop":{"background-color":"var(--ast-global-color-5)","background-image":"","background-repeat":"repeat","background-position":"center center","background-size":"auto","background-attachment":"scroll","background-type":"","background-media":"","overlay-type":"","overlay-color":"","overlay-opacity":"","overlay-gradient":""},"tablet":{"background-color":"var(--ast-global-color-5)","background-image":"","background-repeat":"repeat","background-position":"center center","background-size":"auto","background-attachment":"scroll","background-type":"","background-media":"","overlay-type":"","overlay-color":"","overlay-opacity":"","overlay-gradient":""},"mobile":{"background-color":"var(--ast-global-color-5)","background-image":"","background-repeat":"repeat","background-position":"center center","background-size":"auto","background-attachment":"scroll","background-type":"","background-media":"","overlay-type":"","overlay-color":"","overlay-opacity":"","overlay-gradient":""}}},"product_brand":[],"product_cat":[23],"product_tag":[245,237,240,233,78,56,45,47,239,241,154,242,238],"class_list":{"0":"post-2458","1":"product","2":"type-product","3":"status-publish","4":"has-post-thumbnail","6":"product_cat-tapered-roller-bearings","7":"product_tag-32008-bearing","8":"product_tag-automotive-bearing","9":"product_tag-chrome-steel-bearing","10":"product_tag-gcr15-bearing","11":"product_tag-gearbox-bearing","12":"product_tag-heavy-duty-bearing","13":"product_tag-industrial-bearing","14":"product_tag-oem-bearing-manufacturer","15":"product_tag-radial-axial-bearing","16":"product_tag-single-row-roller-bearing","17":"product_tag-tapered-roller-bearing","18":"product_tag-transmission-bearing","19":"product_tag-wheel-hub-bearing","20":"desktop-align-left","21":"tablet-align-left","22":"mobile-align-left","23":"ast-product-gallery-layout-horizontal-slider","24":"ast-product-gallery-with-no-image","25":"ast-product-tabs-layout-horizontal","27":"first","28":"instock","29":"shipping-taxable","30":"product-type-simple"},"_links":{"self":[{"href":"https:\/\/www.machinerybearings.com\/de\/wp-json\/wp\/v2\/product\/2458","targetHints":{"allow":["GET"]}}],"collection":[{"href":"https:\/\/www.machinerybearings.com\/de\/wp-json\/wp\/v2\/product"}],"about":[{"href":"https:\/\/www.machinerybearings.com\/de\/wp-json\/wp\/v2\/types\/product"}],"replies":[{"embeddable":true,"href":"https:\/\/www.machinerybearings.com\/de\/wp-json\/wp\/v2\/comments?post=2458"}],"wp:featuredmedia":[{"embeddable":true,"href":"https:\/\/www.machinerybearings.com\/de\/wp-json\/wp\/v2\/media\/2524"}],"wp:attachment":[{"href":"https:\/\/www.machinerybearings.com\/de\/wp-json\/wp\/v2\/media?parent=2458"}],"wp:term":[{"taxonomy":"product_brand","embeddable":true,"href":"https:\/\/www.machinerybearings.com\/de\/wp-json\/wp\/v2\/product_brand?post=2458"},{"taxonomy":"product_cat","embeddable":true,"href":"https:\/\/www.machinerybearings.com\/de\/wp-json\/wp\/v2\/product_cat?post=2458"},{"taxonomy":"product_tag","embeddable":true,"href":"https:\/\/www.machinerybearings.com\/de\/wp-json\/wp\/v2\/product_tag?post=2458"}],"curies":[{"name":"wp","href":"https:\/\/api.w.org\/{rel}","templated":true}]}}