{"id":2371,"date":"2026-04-11T16:08:56","date_gmt":"2026-04-11T16:08:56","guid":{"rendered":"https:\/\/www.machinerybearings.com\/?post_type=product&#038;p=2371"},"modified":"2026-05-04T11:35:44","modified_gmt":"2026-05-04T11:35:44","slug":"6308-deep-groove-ball-bearing-heavy-duty-high-load-bearing-for-industrial-machinery-motors","status":"publish","type":"product","link":"https:\/\/www.machinerybearings.com\/es\/producto\/6308-deep-groove-ball-bearing-heavy-duty-high-load-bearing-for-industrial-machinery-motors\/","title":{"rendered":"Rodamiento de bolas de surco profundo 6308 \u2013 Rodamiento de alta carga y servicio pesado para maquinaria industrial y motores"},"content":{"rendered":"<p data-start=\"402\" data-end=\"714\">El <strong data-start=\"406\" data-end=\"439\">Rodamiento de bolas de surco profundo 6308<\/strong> es un rodamiento de alta resistencia dise\u00f1ado para manejar cargas radiales altas y cargas axiales moderadas en ambas direcciones. Con surcos de pista profundos y bolas de acero de precisi\u00f3n, garantiza una rotaci\u00f3n suave, baja fricci\u00f3n y un rendimiento confiable en condiciones de operaci\u00f3n exigentes.<\/p>\n<p data-start=\"716\" data-end=\"1084\">Fabricado con acero cromado de alta calidad, y disponible en variantes de acero inoxidable y cer\u00e1mica, el rodamiento 6308 proporciona excelente durabilidad, resistencia al desgaste y protecci\u00f3n contra la corrosi\u00f3n. Se ofrece en m\u00faltiples configuraciones, incluyendo tipo abierto, escudo met\u00e1lico (ZZ) y sellado de goma (2RS), lo que le permite funcionar de manera eficiente en diversos entornos industriales.<\/p>\n<p data-start=\"1086\" data-end=\"1267\">Gracias a su construcci\u00f3n robusta y alta capacidad de carga, el rodamiento 6308 se utiliza ampliamente en maquinaria pesada, motores el\u00e9ctricos, equipos de miner\u00eda y sistemas de transmisi\u00f3n industrial.<\/p>\n<h1 data-section-id=\"8av2ty\" data-start=\"1274\" data-end=\"1292\"><span role=\"text\"><strong data-start=\"1276\" data-end=\"1292\">Caracter\u00edsticas Clave<\/strong><\/span><\/h1>\n<ul data-start=\"1294\" data-end=\"1650\">\n<li data-section-id=\"bwqvck\" data-start=\"1294\" data-end=\"1344\">Alta capacidad de carga para aplicaciones de alta resistencia<\/li>\n<li data-section-id=\"vw4nbe\" data-start=\"1345\" data-end=\"1397\">Funcionamiento suave con baja fricci\u00f3n y bajo ruido<\/li>\n<li data-section-id=\"11wwjkv\" data-start=\"1398\" data-end=\"1461\">Disponible en tipo abierto, ZZ (escudo met\u00e1lico) y 2RS (sello de goma)<\/li>\n<li data-section-id=\"ll8nwg\" data-start=\"1462\" data-end=\"1505\">Fuerte durabilidad y larga vida \u00fatil<\/li>\n<li data-section-id=\"1adeiig\" data-start=\"1506\" data-end=\"1561\">Excelente resistencia al desgaste y a entornos dif\u00edciles<\/li>\n<li data-section-id=\"1799fsu\" data-start=\"1562\" data-end=\"1613\">Materiales opcionales: acero inoxidable y cer\u00e1mica<\/li>\n<li data-section-id=\"15114ml\" data-start=\"1614\" data-end=\"1650\">Adecuado para suministro OEM y al por mayor<\/li>\n<\/ul>\n<h1 data-section-id=\"10k15yz\" data-start=\"1657\" data-end=\"1687\"><span role=\"text\"><strong data-start=\"1659\" data-end=\"1687\">Especificaciones T\u00e9cnicas<\/strong><\/span><\/h1>\n<div class=\"TyagGW_tableContainer\">\n<div class=\"group TyagGW_tableWrapper flex flex-col-reverse w-fit\" tabindex=\"-1\">\n<table class=\"w-fit min-w-(--thread-content-width)\" data-start=\"1689\" data-end=\"2094\">\n<thead data-start=\"1689\" data-end=\"1710\">\n<tr data-start=\"1689\" data-end=\"1710\">\n<th class=\"\" data-start=\"1689\" data-end=\"1701\" data-col-size=\"sm\">Par\u00e1metro<\/th>\n<th class=\"\" data-start=\"1701\" data-end=\"1710\" data-col-size=\"sm\">Valor<\/th>\n<\/tr>\n<\/thead>\n<tbody data-start=\"1731\" data-end=\"2094\">\n<tr data-start=\"1731\" data-end=\"1755\">\n<td data-start=\"1731\" data-end=\"1747\" data-col-size=\"sm\">Modelo de Rodamiento<\/td>\n<td data-col-size=\"sm\" data-start=\"1747\" data-end=\"1755\">6308<\/td>\n<\/tr>\n<tr data-start=\"1756\" data-end=\"1786\">\n<td data-start=\"1756\" data-end=\"1777\" data-col-size=\"sm\">Di\u00e1metro Interior (d)<\/td>\n<td data-col-size=\"sm\" data-start=\"1777\" data-end=\"1786\">40 mm<\/td>\n<\/tr>\n<tr data-start=\"1787\" data-end=\"1817\">\n<td data-start=\"1787\" data-end=\"1808\" data-col-size=\"sm\">Di\u00e1metro Exterior (D)<\/td>\n<td data-col-size=\"sm\" data-start=\"1808\" data-end=\"1817\">90 mm<\/td>\n<\/tr>\n<tr data-start=\"1818\" data-end=\"1839\">\n<td data-start=\"1818\" data-end=\"1830\" data-col-size=\"sm\">Ancho (B)<\/td>\n<td data-col-size=\"sm\" data-start=\"1830\" data-end=\"1839\">23 mm<\/td>\n<\/tr>\n<tr data-start=\"1840\" data-end=\"1895\">\n<td data-start=\"1840\" data-end=\"1851\" data-col-size=\"sm\">Material<\/td>\n<td data-col-size=\"sm\" data-start=\"1851\" data-end=\"1895\">Acero cromado \/ Acero inoxidable \/ Cer\u00e1mica<\/td>\n<\/tr>\n<tr data-start=\"1896\" data-end=\"1937\">\n<td data-start=\"1896\" data-end=\"1912\" data-col-size=\"sm\">Material de la Jaula<\/td>\n<td data-col-size=\"sm\" data-start=\"1912\" data-end=\"1937\">Acero \/ Lat\u00f3n \/ Nylon<\/td>\n<\/tr>\n<tr data-start=\"1938\" data-end=\"1972\">\n<td data-start=\"1938\" data-end=\"1953\" data-col-size=\"sm\">Tipo de sellado<\/td>\n<td data-col-size=\"sm\" data-start=\"1953\" data-end=\"1972\">Abierto \/ ZZ \/ 2RS<\/td>\n<\/tr>\n<tr data-start=\"1973\" data-end=\"2020\">\n<td data-start=\"1973\" data-end=\"1992\" data-col-size=\"sm\">Clasificaci\u00f3n de Precisi\u00f3n<\/td>\n<td data-col-size=\"sm\" data-start=\"1992\" data-end=\"2020\">ABEC-1 \/ ABEC-3 \/ ABEC-5<\/td>\n<\/tr>\n<tr data-start=\"2021\" data-end=\"2051\">\n<td data-start=\"2021\" data-end=\"2035\" data-col-size=\"sm\">Lubricaci\u00f3n<\/td>\n<td data-col-size=\"sm\" data-start=\"2035\" data-end=\"2051\">Grasa \/ Aceite<\/td>\n<\/tr>\n<tr data-start=\"2052\" data-end=\"2094\">\n<td data-start=\"2052\" data-end=\"2076\" data-col-size=\"sm\">Temperatura de Funcionamiento<\/td>\n<td data-col-size=\"sm\" data-start=\"2076\" data-end=\"2094\">-20\u00b0C a 120\u00b0C<\/td>\n<\/tr>\n<\/tbody>\n<\/table>\n<\/div>\n<\/div>\n<h1 data-section-id=\"1p00fbj\" data-start=\"2101\" data-end=\"2119\"><span role=\"text\"><strong data-start=\"2103\" data-end=\"2119\">Aplicaciones<\/strong><\/span><\/h1>\n<p data-start=\"2121\" data-end=\"2173\">El rodamiento de bolas de ranura profunda 6308 se utiliza ampliamente en:<\/p>\n<ul data-start=\"2175\" data-end=\"2370\">\n<li data-section-id=\"1s8l1ph\" data-start=\"2175\" data-end=\"2215\">Grandes motores el\u00e9ctricos y generadores<\/li>\n<li data-section-id=\"q2883m\" data-start=\"2216\" data-end=\"2246\">Maquinaria industrial pesada<\/li>\n<li data-section-id=\"i7ylry\" data-start=\"2247\" data-end=\"2284\">Equipos de miner\u00eda y construcci\u00f3n<\/li>\n<li data-section-id=\"15oirsh\" data-start=\"2285\" data-end=\"2323\">Cajas de engranajes y sistemas de transmisi\u00f3n<\/li>\n<li data-section-id=\"dl2tr4\" data-start=\"2324\" data-end=\"2349\">Bombas y compresores<\/li>\n<li data-section-id=\"176s2ln\" data-start=\"2350\" data-end=\"2370\">Sistemas de transporte<\/li>\n<\/ul>\n<h1 data-section-id=\"zdmnob\" data-start=\"2377\" data-end=\"2396\"><span role=\"text\"><strong data-start=\"2379\" data-end=\"2396\">Por qu\u00e9 Elegirnos<\/strong><\/span><\/h1>\n<ul data-start=\"2398\" data-end=\"2652\">\n<li data-section-id=\"e72s0b\" data-start=\"2398\" data-end=\"2458\">Suministro directo de f\u00e1brica con calidad estable y consistente<\/li>\n<li data-section-id=\"w8c53i\" data-start=\"2459\" data-end=\"2503\">Servicios de OEM y personalizaci\u00f3n disponibles<\/li>\n<li data-section-id=\"b8nq5v\" data-start=\"2504\" data-end=\"2557\">Precios competitivos para pedidos al por mayor y a largo plazo<\/li>\n<li data-section-id=\"1dhnpi9\" data-start=\"2558\" data-end=\"2600\">Producci\u00f3n r\u00e1pida y entrega mundial<\/li>\n<li data-section-id=\"e7h9xh\" data-start=\"2601\" data-end=\"2652\">Inspecci\u00f3n de calidad estricta y est\u00e1ndares de prueba<\/li>\n<\/ul>\n<h1 data-section-id=\"1iusff4\" data-start=\"2659\" data-end=\"2668\"><span role=\"text\"><strong data-start=\"2661\" data-end=\"2668\">Preguntas frecuentes<\/strong><\/span><\/h1>\n<p data-start=\"2670\" data-end=\"2890\"><strong data-start=\"2670\" data-end=\"2730\">P1: \u00bfCu\u00e1l es la diferencia entre 6308-ZZ y 6308-2RS?<\/strong><br data-start=\"2730\" data-end=\"2733\" \/>A: 6308-ZZ utiliza escudos de metal para mayor velocidad y menor fricci\u00f3n, mientras que 6308-2RS utiliza sellos de goma para un mejor rendimiento de sellado contra el polvo y la humedad.<\/p>\n<p data-start=\"2892\" data-end=\"3067\"><strong data-start=\"2892\" data-end=\"2954\">Q2: \u00bfPuede proporcionar versiones de alta resistencia o alta precisi\u00f3n?<\/strong><br data-start=\"2954\" data-end=\"2957\" \/>A: S\u00ed, ofrecemos opciones de alta carga, alta precisi\u00f3n y materiales personalizados que incluyen acero inoxidable y cer\u00e1mica.<\/p>\n<p data-start=\"3069\" data-end=\"3232\"><strong data-start=\"3069\" data-end=\"3112\">Q3: \u00bfApoyan pedidos OEM y al por mayor?<\/strong><br data-start=\"3112\" data-end=\"3115\" \/>A: S\u00ed, apoyamos servicios OEM que incluyen especificaciones personalizadas, embalaje y marca para pedidos de gran volumen.<\/p>","protected":false},"excerpt":{"rendered":"<p>El <strong data-start=\"406\" data-end=\"439\">Rodamiento de bolas de surco profundo 6308<\/strong> es un rodamiento de alta resistencia dise\u00f1ado para manejar cargas radiales altas y cargas axiales moderadas en ambas direcciones. Con surcos de pista profundos y bolas de acero de precisi\u00f3n, garantiza una rotaci\u00f3n suave, baja fricci\u00f3n y un rendimiento confiable en condiciones de operaci\u00f3n exigentes.<\/p>","protected":false},"featured_media":2579,"comment_status":"open","ping_status":"closed","template":"","meta":{"site-sidebar-layout":"default","site-content-layout":"","ast-site-content-layout":"default","site-content-style":"default","site-sidebar-style":"default","ast-global-header-display":"","ast-banner-title-visibility":"","ast-main-header-display":"","ast-hfb-above-header-display":"","ast-hfb-below-header-display":"","ast-hfb-mobile-header-display":"","site-post-title":"","ast-breadcrumbs-content":"","ast-featured-img":"","footer-sml-layout":"","ast-disable-related-posts":"","theme-transparent-header-meta":"default","adv-header-id-meta":"","stick-header-meta":"default","header-above-stick-meta":"","header-main-stick-meta":"","header-below-stick-meta":"","astra-migrate-meta-layouts":"set","ast-page-background-enabled":"default","ast-page-background-meta":{"desktop":{"background-color":"","background-image":"","background-repeat":"repeat","background-position":"center center","background-size":"auto","background-attachment":"scroll","background-type":"","background-media":"","overlay-type":"","overlay-color":"","overlay-opacity":"","overlay-gradient":""},"tablet":{"background-color":"","background-image":"","background-repeat":"repeat","background-position":"center center","background-size":"auto","background-attachment":"scroll","background-type":"","background-media":"","overlay-type":"","overlay-color":"","overlay-opacity":"","overlay-gradient":""},"mobile":{"background-color":"","background-image":"","background-repeat":"repeat","background-position":"center center","background-size":"auto","background-attachment":"scroll","background-type":"","background-media":"","overlay-type":"","overlay-color":"","overlay-opacity":"","overlay-gradient":""}},"ast-content-background-meta":{"desktop":{"background-color":"var(--ast-global-color-5)","background-image":"","background-repeat":"repeat","background-position":"center center","background-size":"auto","background-attachment":"scroll","background-type":"","background-media":"","overlay-type":"","overlay-color":"","overlay-opacity":"","overlay-gradient":""},"tablet":{"background-color":"var(--ast-global-color-5)","background-image":"","background-repeat":"repeat","background-position":"center center","background-size":"auto","background-attachment":"scroll","background-type":"","background-media":"","overlay-type":"","overlay-color":"","overlay-opacity":"","overlay-gradient":""},"mobile":{"background-color":"var(--ast-global-color-5)","background-image":"","background-repeat":"repeat","background-position":"center center","background-size":"auto","background-attachment":"scroll","background-type":"","background-media":"","overlay-type":"","overlay-color":"","overlay-opacity":"","overlay-gradient":""}}},"product_brand":[],"product_cat":[15],"product_tag":[55,53,54,41,33,56,51,45,57,38],"class_list":{"0":"post-2371","1":"product","2":"type-product","3":"status-publish","4":"has-post-thumbnail","6":"product_cat-deep-groove-ball-bearings","7":"product_tag-6308-2rs-bearing","8":"product_tag-6308-bearing","9":"product_tag-6308-zz-bearing","10":"product_tag-bearing-manufacturer","11":"product_tag-deep-groove-ball-bearing","12":"product_tag-heavy-duty-bearing","13":"product_tag-high-load-bearing","14":"product_tag-industrial-bearing","15":"product_tag-large-size-bearing","16":"product_tag-motor-bearing","17":"desktop-align-left","18":"tablet-align-left","19":"mobile-align-left","20":"ast-product-gallery-layout-horizontal-slider","21":"ast-product-gallery-with-no-image","22":"ast-product-tabs-layout-horizontal","24":"first","25":"instock","26":"shipping-taxable","27":"product-type-simple"},"_links":{"self":[{"href":"https:\/\/www.machinerybearings.com\/es\/wp-json\/wp\/v2\/product\/2371","targetHints":{"allow":["GET"]}}],"collection":[{"href":"https:\/\/www.machinerybearings.com\/es\/wp-json\/wp\/v2\/product"}],"about":[{"href":"https:\/\/www.machinerybearings.com\/es\/wp-json\/wp\/v2\/types\/product"}],"replies":[{"embeddable":true,"href":"https:\/\/www.machinerybearings.com\/es\/wp-json\/wp\/v2\/comments?post=2371"}],"wp:featuredmedia":[{"embeddable":true,"href":"https:\/\/www.machinerybearings.com\/es\/wp-json\/wp\/v2\/media\/2579"}],"wp:attachment":[{"href":"https:\/\/www.machinerybearings.com\/es\/wp-json\/wp\/v2\/media?parent=2371"}],"wp:term":[{"taxonomy":"product_brand","embeddable":true,"href":"https:\/\/www.machinerybearings.com\/es\/wp-json\/wp\/v2\/product_brand?post=2371"},{"taxonomy":"product_cat","embeddable":true,"href":"https:\/\/www.machinerybearings.com\/es\/wp-json\/wp\/v2\/product_cat?post=2371"},{"taxonomy":"product_tag","embeddable":true,"href":"https:\/\/www.machinerybearings.com\/es\/wp-json\/wp\/v2\/product_tag?post=2371"}],"curies":[{"name":"wp","href":"https:\/\/api.w.org\/{rel}","templated":true}]}}