{"id":2435,"date":"2026-04-13T14:21:51","date_gmt":"2026-04-13T14:21:51","guid":{"rendered":"https:\/\/www.machinerybearings.com\/?post_type=product&#038;p=2435"},"modified":"2026-05-03T05:52:26","modified_gmt":"2026-05-03T05:52:26","slug":"1205-self-aligning-ball-bearing-double-row-bearing-for-misalignment-applications","status":"publish","type":"product","link":"https:\/\/www.machinerybearings.com\/es\/producto\/1205-self-aligning-ball-bearing-double-row-bearing-for-misalignment-applications\/","title":{"rendered":"1205 Rodamiento de bolas autoalineante \u2013 Rodamiento de doble fila para aplicaciones de desalineaci\u00f3n"},"content":{"rendered":"<p data-start=\"354\" data-end=\"704\">El <strong data-start=\"358\" data-end=\"393\">Rodamiento de Bolas Autoalineante 1205<\/strong> es un rodamiento de bolas de doble fila dise\u00f1ado para acomodar desalineaciones y deflexiones del eje durante la operaci\u00f3n. Su exclusivo camino de rodadura esf\u00e9rico exterior permite que el rodamiento ajuste autom\u00e1ticamente la alineaci\u00f3n, reduciendo el estr\u00e9s y mejorando el rendimiento en aplicaciones donde la alineaci\u00f3n del eje o la carcasa es dif\u00edcil de mantener.<\/p>\n<p data-start=\"706\" data-end=\"1001\">Este rodamiento es ideal para aplicaciones sujetas a deflexi\u00f3n del eje, errores de montaje o vibraci\u00f3n. Fabricado con acero cromado de alta calidad y disponible en opciones de acero inoxidable, el rodamiento 1205 proporciona un funcionamiento suave, baja fricci\u00f3n y un rendimiento confiable durante una vida \u00fatil prolongada.<\/p>\n<p data-start=\"1003\" data-end=\"1119\">El dise\u00f1o compacto y la capacidad de autoalineaci\u00f3n lo hacen ampliamente utilizado en aplicaciones industriales de carga ligera a media.<\/p>\n<h1 data-section-id=\"8av2ty\" data-start=\"1126\" data-end=\"1144\"><span role=\"text\"><strong data-start=\"1128\" data-end=\"1144\">Caracter\u00edsticas Clave<\/strong><\/span><\/h1>\n<ul data-start=\"1146\" data-end=\"1483\">\n<li data-section-id=\"1fr59o7\" data-start=\"1146\" data-end=\"1205\">Dise\u00f1o autoalineante que compensa la desalineaci\u00f3n del eje<\/li>\n<li data-section-id=\"1id6hoh\" data-start=\"1206\" data-end=\"1258\">Estructura de bolas de doble fila para mayor estabilidad<\/li>\n<li data-section-id=\"1g811j7\" data-start=\"1259\" data-end=\"1295\">Baja fricci\u00f3n y rotaci\u00f3n suave<\/li>\n<li data-section-id=\"dcacpc\" data-start=\"1296\" data-end=\"1347\">Adecuado para aplicaciones con deflexi\u00f3n del eje<\/li>\n<li data-section-id=\"f8hmgc\" data-start=\"1348\" data-end=\"1385\">F\u00e1cil instalaci\u00f3n y mantenimiento<\/li>\n<li data-section-id=\"5mjdxq\" data-start=\"1386\" data-end=\"1431\">Larga vida \u00fatil con rendimiento estable<\/li>\n<li data-section-id=\"10s930\" data-start=\"1432\" data-end=\"1483\">Disponible en versiones de acero y acero inoxidable<\/li>\n<\/ul>\n<h1 data-section-id=\"10k15yz\" data-start=\"1490\" data-end=\"1520\"><span role=\"text\"><strong data-start=\"1492\" data-end=\"1520\">Especificaciones T\u00e9cnicas<\/strong><\/span><\/h1>\n<div class=\"TyagGW_tableContainer\">\n<div class=\"group TyagGW_tableWrapper flex flex-col-reverse w-fit\" tabindex=\"-1\">\n<table class=\"w-fit min-w-(--thread-content-width)\" data-start=\"1522\" data-end=\"1943\">\n<thead data-start=\"1522\" data-end=\"1543\">\n<tr data-start=\"1522\" data-end=\"1543\">\n<th class=\"\" data-start=\"1522\" data-end=\"1534\" data-col-size=\"sm\">Par\u00e1metro<\/th>\n<th class=\"\" data-start=\"1534\" data-end=\"1543\" data-col-size=\"sm\">Valor<\/th>\n<\/tr>\n<\/thead>\n<tbody data-start=\"1564\" data-end=\"1943\">\n<tr data-start=\"1564\" data-end=\"1588\">\n<td data-start=\"1564\" data-end=\"1580\" data-col-size=\"sm\">Modelo de Rodamiento<\/td>\n<td data-col-size=\"sm\" data-start=\"1580\" data-end=\"1588\">1205<\/td>\n<\/tr>\n<tr data-start=\"1589\" data-end=\"1619\">\n<td data-start=\"1589\" data-end=\"1610\" data-col-size=\"sm\">Di\u00e1metro Interior (d)<\/td>\n<td data-col-size=\"sm\" data-start=\"1610\" data-end=\"1619\">25 mm<\/td>\n<\/tr>\n<tr data-start=\"1620\" data-end=\"1650\">\n<td data-start=\"1620\" data-end=\"1641\" data-col-size=\"sm\">Di\u00e1metro Exterior (D)<\/td>\n<td data-col-size=\"sm\" data-start=\"1641\" data-end=\"1650\">52 mm<\/td>\n<\/tr>\n<tr data-start=\"1651\" data-end=\"1672\">\n<td data-start=\"1651\" data-end=\"1663\" data-col-size=\"sm\">Ancho (B)<\/td>\n<td data-start=\"1663\" data-end=\"1672\" data-col-size=\"sm\">15 mm<\/td>\n<\/tr>\n<tr data-start=\"1673\" data-end=\"1718\">\n<td data-start=\"1673\" data-end=\"1688\" data-col-size=\"sm\">Tipo de Rodamiento<\/td>\n<td data-start=\"1688\" data-end=\"1718\" data-col-size=\"sm\">Rodamiento de Bolas Autoalineante<\/td>\n<\/tr>\n<tr data-start=\"1719\" data-end=\"1745\">\n<td data-start=\"1719\" data-end=\"1731\" data-col-size=\"sm\">Estructura<\/td>\n<td data-col-size=\"sm\" data-start=\"1731\" data-end=\"1745\">Doble Fila<\/td>\n<\/tr>\n<tr data-start=\"1746\" data-end=\"1791\">\n<td data-start=\"1746\" data-end=\"1757\" data-col-size=\"sm\">Material<\/td>\n<td data-start=\"1757\" data-end=\"1791\" data-col-size=\"sm\">Acero Cromado \/ Acero Inoxidable<\/td>\n<\/tr>\n<tr data-start=\"1792\" data-end=\"1833\">\n<td data-start=\"1792\" data-end=\"1808\" data-col-size=\"sm\">Material de la Jaula<\/td>\n<td data-start=\"1808\" data-end=\"1833\" data-col-size=\"sm\">Acero \/ Lat\u00f3n \/ Nylon<\/td>\n<\/tr>\n<tr data-start=\"1834\" data-end=\"1864\">\n<td data-start=\"1834\" data-end=\"1848\" data-col-size=\"sm\">Lubricaci\u00f3n<\/td>\n<td data-col-size=\"sm\" data-start=\"1848\" data-end=\"1864\">Grasa \/ Aceite<\/td>\n<\/tr>\n<tr data-start=\"1865\" data-end=\"1900\">\n<td data-start=\"1865\" data-end=\"1884\" data-col-size=\"sm\">Clasificaci\u00f3n de Precisi\u00f3n<\/td>\n<td data-start=\"1884\" data-end=\"1900\" data-col-size=\"sm\">P0 \/ P6 \/ P5<\/td>\n<\/tr>\n<tr data-start=\"1901\" data-end=\"1943\">\n<td data-start=\"1901\" data-end=\"1925\" data-col-size=\"sm\">Temperatura de Funcionamiento<\/td>\n<td data-col-size=\"sm\" data-start=\"1925\" data-end=\"1943\">-20\u00b0C a 120\u00b0C<\/td>\n<\/tr>\n<\/tbody>\n<\/table>\n<\/div>\n<\/div>\n<h1 data-section-id=\"1p00fbj\" data-start=\"1950\" data-end=\"1968\"><span role=\"text\"><strong data-start=\"1952\" data-end=\"1968\">Aplicaciones<\/strong><\/span><\/h1>\n<p data-start=\"1970\" data-end=\"2024\">El rodamiento de bolas autoalineante 1205 se utiliza ampliamente en:<\/p>\n<ul data-start=\"2026\" data-end=\"2183\">\n<li data-section-id=\"1n6ynun\" data-start=\"2026\" data-end=\"2052\">Maquinaria agr\u00edcola<\/li>\n<li data-section-id=\"176s2ln\" data-start=\"2053\" data-end=\"2073\">Sistemas de transporte<\/li>\n<li data-section-id=\"io1u9n\" data-start=\"2074\" data-end=\"2095\">Maquinaria textil<\/li>\n<li data-section-id=\"25txyz\" data-start=\"2096\" data-end=\"2126\">Equipos industriales ligeros<\/li>\n<li data-section-id=\"646cyz\" data-start=\"2127\" data-end=\"2147\">Ventiladores y sopladores<\/li>\n<li data-section-id=\"ib1wqr\" data-start=\"2148\" data-end=\"2183\">Sistemas de transmisi\u00f3n mec\u00e1nica<\/li>\n<\/ul>\n<h1 data-section-id=\"zdmnob\" data-start=\"2190\" data-end=\"2209\"><span role=\"text\"><strong data-start=\"2192\" data-end=\"2209\">Por qu\u00e9 Elegirnos<\/strong><\/span><\/h1>\n<ul data-start=\"2211\" data-end=\"2428\">\n<li data-section-id=\"t14xel\" data-start=\"2211\" data-end=\"2264\">Producci\u00f3n estable en f\u00e1brica con calidad consistente<\/li>\n<li data-section-id=\"hq554l\" data-start=\"2265\" data-end=\"2310\">Opciones de material OEM y personalizadas disponibles<\/li>\n<li data-section-id=\"18yrkc1\" data-start=\"2311\" data-end=\"2350\">Precios competitivos para pedidos al por mayor<\/li>\n<li data-section-id=\"k7xnqf\" data-start=\"2351\" data-end=\"2386\">Entrega r\u00e1pida y suministro global<\/li>\n<li data-section-id=\"1u6ytj0\" data-start=\"2387\" data-end=\"2428\">Inspecci\u00f3n estricta y control de calidad<\/li>\n<\/ul>\n<h1 data-section-id=\"1iusff4\" data-start=\"2435\" data-end=\"2444\"><span role=\"text\"><strong data-start=\"2437\" data-end=\"2444\">Preguntas frecuentes<\/strong><\/span><\/h1>\n<p data-start=\"2446\" data-end=\"2614\"><strong data-start=\"2446\" data-end=\"2507\">P1: \u00bfCu\u00e1l es la ventaja de los rodamientos de bolas autoalineables?<\/strong><br data-start=\"2507\" data-end=\"2510\" \/>R: Pueden compensar autom\u00e1ticamente el desalineamiento del eje, reduciendo el estr\u00e9s y prolongando la vida \u00fatil.<\/p>\n<p data-start=\"2616\" data-end=\"2750\"><strong data-start=\"2616\" data-end=\"2661\">P2: \u00bfPueden los rodamientos 1205 manejar cargas pesadas?<\/strong><br data-start=\"2661\" data-end=\"2664\" \/>R: Son adecuados para aplicaciones de carga ligera a media, no para condiciones de trabajo pesado.<\/p>\n<p data-start=\"2752\" data-end=\"2874\"><strong data-start=\"2752\" data-end=\"2798\">P3: \u00bfOfrecen versiones de acero inoxidable?<\/strong><br data-start=\"2798\" data-end=\"2801\" \/>R: S\u00ed, hay opciones de acero inoxidable disponibles para entornos corrosivos.<\/p>","protected":false},"excerpt":{"rendered":"<p>El <strong data-start=\"358\" data-end=\"393\">Rodamiento de Bolas Autoalineante 1205<\/strong> es un rodamiento de bolas de doble fila dise\u00f1ado para acomodar desalineaciones y deflexiones del eje durante la operaci\u00f3n. Su exclusivo camino de rodadura esf\u00e9rico exterior permite que el rodamiento ajuste autom\u00e1ticamente la alineaci\u00f3n, reduciendo el estr\u00e9s y mejorando el rendimiento en aplicaciones donde la alineaci\u00f3n del eje o la carcasa es dif\u00edcil de mantener.<\/p>","protected":false},"featured_media":2538,"comment_status":"open","ping_status":"closed","template":"","meta":{"site-sidebar-layout":"default","site-content-layout":"","ast-site-content-layout":"default","site-content-style":"default","site-sidebar-style":"default","ast-global-header-display":"","ast-banner-title-visibility":"","ast-main-header-display":"","ast-hfb-above-header-display":"","ast-hfb-below-header-display":"","ast-hfb-mobile-header-display":"","site-post-title":"","ast-breadcrumbs-content":"","ast-featured-img":"","footer-sml-layout":"","ast-disable-related-posts":"","theme-transparent-header-meta":"default","adv-header-id-meta":"","stick-header-meta":"default","header-above-stick-meta":"","header-main-stick-meta":"","header-below-stick-meta":"","astra-migrate-meta-layouts":"set","ast-page-background-enabled":"default","ast-page-background-meta":{"desktop":{"background-color":"","background-image":"","background-repeat":"repeat","background-position":"center center","background-size":"auto","background-attachment":"scroll","background-type":"","background-media":"","overlay-type":"","overlay-color":"","overlay-opacity":"","overlay-gradient":""},"tablet":{"background-color":"","background-image":"","background-repeat":"repeat","background-position":"center center","background-size":"auto","background-attachment":"scroll","background-type":"","background-media":"","overlay-type":"","overlay-color":"","overlay-opacity":"","overlay-gradient":""},"mobile":{"background-color":"","background-image":"","background-repeat":"repeat","background-position":"center center","background-size":"auto","background-attachment":"scroll","background-type":"","background-media":"","overlay-type":"","overlay-color":"","overlay-opacity":"","overlay-gradient":""}},"ast-content-background-meta":{"desktop":{"background-color":"var(--ast-global-color-5)","background-image":"","background-repeat":"repeat","background-position":"center center","background-size":"auto","background-attachment":"scroll","background-type":"","background-media":"","overlay-type":"","overlay-color":"","overlay-opacity":"","overlay-gradient":""},"tablet":{"background-color":"var(--ast-global-color-5)","background-image":"","background-repeat":"repeat","background-position":"center center","background-size":"auto","background-attachment":"scroll","background-type":"","background-media":"","overlay-type":"","overlay-color":"","overlay-opacity":"","overlay-gradient":""},"mobile":{"background-color":"var(--ast-global-color-5)","background-image":"","background-repeat":"repeat","background-position":"center center","background-size":"auto","background-attachment":"scroll","background-type":"","background-media":"","overlay-type":"","overlay-color":"","overlay-opacity":"","overlay-gradient":""}}},"product_brand":[],"product_cat":[22],"product_tag":[204,160,209,206,45,208,207,72,143,205],"class_list":{"0":"post-2435","1":"product","2":"type-product","3":"status-publish","4":"has-post-thumbnail","6":"product_cat-self-aligning-ball-bearings","7":"product_tag-1205-bearing","8":"product_tag-agricultural-bearing","9":"product_tag-conveyor-bearing","10":"product_tag-double-row-bearing","11":"product_tag-industrial-bearing","12":"product_tag-light-duty-bearing","13":"product_tag-misalignment-bearing","14":"product_tag-oem-bearing-supplier","15":"product_tag-precision-bearing-manufacturer","16":"product_tag-self-aligning-ball-bearing","17":"desktop-align-left","18":"tablet-align-left","19":"mobile-align-left","20":"ast-product-gallery-layout-horizontal-slider","21":"ast-product-gallery-with-no-image","22":"ast-product-tabs-layout-horizontal","24":"first","25":"instock","26":"shipping-taxable","27":"product-type-simple"},"_links":{"self":[{"href":"https:\/\/www.machinerybearings.com\/es\/wp-json\/wp\/v2\/product\/2435","targetHints":{"allow":["GET"]}}],"collection":[{"href":"https:\/\/www.machinerybearings.com\/es\/wp-json\/wp\/v2\/product"}],"about":[{"href":"https:\/\/www.machinerybearings.com\/es\/wp-json\/wp\/v2\/types\/product"}],"replies":[{"embeddable":true,"href":"https:\/\/www.machinerybearings.com\/es\/wp-json\/wp\/v2\/comments?post=2435"}],"wp:featuredmedia":[{"embeddable":true,"href":"https:\/\/www.machinerybearings.com\/es\/wp-json\/wp\/v2\/media\/2538"}],"wp:attachment":[{"href":"https:\/\/www.machinerybearings.com\/es\/wp-json\/wp\/v2\/media?parent=2435"}],"wp:term":[{"taxonomy":"product_brand","embeddable":true,"href":"https:\/\/www.machinerybearings.com\/es\/wp-json\/wp\/v2\/product_brand?post=2435"},{"taxonomy":"product_cat","embeddable":true,"href":"https:\/\/www.machinerybearings.com\/es\/wp-json\/wp\/v2\/product_cat?post=2435"},{"taxonomy":"product_tag","embeddable":true,"href":"https:\/\/www.machinerybearings.com\/es\/wp-json\/wp\/v2\/product_tag?post=2435"}],"curies":[{"name":"wp","href":"https:\/\/api.w.org\/{rel}","templated":true}]}}