{"id":2369,"date":"2026-04-11T15:49:21","date_gmt":"2026-04-11T15:49:21","guid":{"rendered":"https:\/\/www.machinerybearings.com\/?post_type=product&#038;p=2369"},"modified":"2026-05-03T14:26:38","modified_gmt":"2026-05-03T14:26:38","slug":"6205-deep-groove-ball-bearing-high-load-high-speed-bearing-for-motors-pumps-industrial-equipment","status":"publish","type":"product","link":"https:\/\/www.machinerybearings.com\/fi\/tuote\/6205-deep-groove-ball-bearing-high-load-high-speed-bearing-for-motors-pumps-industrial-equipment\/","title":{"rendered":"6205 Syv\u00e4urakuulalaakeri \u2013 Suurkuormitukselle ja korkealle nopeudelle moottoreille, pumpuille ja teollisuuslaitteille"},"content":{"rendered":"<p data-start=\"407\" data-end=\"705\">T\u00e4m\u00e4 <strong data-start=\"411\" data-end=\"444\">6205 Syv\u00e4urainen kuula-laakeri<\/strong> on laajalti k\u00e4ytetty ja monipuolinen laakeri, joka on suunniteltu korkealle kuormakapasiteetille, sujuvalle py\u00f6rimiselle ja pitk\u00e4lle k\u00e4ytt\u00f6i\u00e4lle. Syvill\u00e4 urilla ja tarkkuuster\u00e4ksisill\u00e4 kuulailla varustettuna se kykenee tukemaan sek\u00e4 s\u00e4teitt\u00e4isi\u00e4 kuormia ett\u00e4 kohtuullisia aksiaalisia kuormia molempiin suuntiin.<\/p>\n<p data-start=\"707\" data-end=\"1070\">Valmistettu korkealaatuisesta kromiter\u00e4ksest\u00e4 ja saatavana ruostumattomasta ter\u00e4ksest\u00e4 ja keraamisista vaihtoehdoista, 6205 laakeri tarjoaa erinomaisen kest\u00e4vyyden, kulutuskest\u00e4vyyden ja korroosionsuojan. Se on saatavana useissa kokoonpanoissa, mukaan lukien avoin tyyppi, metallisuojus (ZZ) ja kumitiiviste (2RS), varmistaen luotettavan suorituskyvyn eri k\u00e4ytt\u00f6olosuhteissa.<\/p>\n<p data-start=\"1072\" data-end=\"1239\">Vankkarakenteensa ja suurinopeuskykyns\u00e4 ansiosta 6205 laakeri on ihanteellinen s\u00e4hk\u00f6moottoreille, pumpuille, maatalouskoneille ja teollisille siirtoj\u00e4rjestelmille.<\/p>\n<h1 data-section-id=\"8av2ty\" data-start=\"1246\" data-end=\"1264\"><span role=\"text\"><strong data-start=\"1248\" data-end=\"1264\">Avainominaisuudet<\/strong><\/span><\/h1>\n<ul data-start=\"1266\" data-end=\"1590\">\n<li data-section-id=\"jc024j\" data-start=\"1266\" data-end=\"1315\">Korkea kuormakapasiteetti ja suurinopeudellinen suorituskyky<\/li>\n<li data-section-id=\"18ey2rm\" data-start=\"1316\" data-end=\"1353\">Matala kitka ja sujuva toiminta<\/li>\n<li data-section-id=\"11wwjkv\" data-start=\"1354\" data-end=\"1417\">Saatavana Avoimena, ZZ (metallisuojus) ja 2RS (kumitiiviste)<\/li>\n<li data-section-id=\"1nj7ysv\" data-start=\"1418\" data-end=\"1465\">Kest\u00e4v\u00e4 rakenne pitk\u00e4ll\u00e4 k\u00e4ytt\u00f6i\u00e4ll\u00e4<\/li>\n<li data-section-id=\"rusbjz\" data-start=\"1466\" data-end=\"1501\">Matala melu ja v\u00e4hentynyt t\u00e4rin\u00e4<\/li>\n<li data-section-id=\"1799fsu\" data-start=\"1502\" data-end=\"1553\">Valinnaiset materiaalit: ruostumaton ter\u00e4s ja keraami<\/li>\n<li data-section-id=\"15114ml\" data-start=\"1554\" data-end=\"1590\">Sopii OEM:lle ja suurtoimituksiin<\/li>\n<\/ul>\n<h1 data-section-id=\"10k15yz\" data-start=\"1597\" data-end=\"1627\"><span role=\"text\"><strong data-start=\"1599\" data-end=\"1627\">Teknisi\u00e4 tietoja<\/strong><\/span><\/h1>\n<div class=\"TyagGW_tableContainer\">\n<div class=\"group TyagGW_tableWrapper flex flex-col-reverse w-fit\" tabindex=\"-1\">\n<table class=\"w-fit min-w-(--thread-content-width)\" data-start=\"1629\" data-end=\"2026\">\n<thead data-start=\"1629\" data-end=\"1650\">\n<tr data-start=\"1629\" data-end=\"1650\">\n<th class=\"\" data-start=\"1629\" data-end=\"1641\" data-col-size=\"sm\">Parametri<\/th>\n<th class=\"\" data-start=\"1641\" data-end=\"1650\" data-col-size=\"sm\">Arvo<\/th>\n<\/tr>\n<\/thead>\n<tbody data-start=\"1671\" data-end=\"2026\">\n<tr data-start=\"1671\" data-end=\"1695\">\n<td data-start=\"1671\" data-end=\"1687\" data-col-size=\"sm\">Laakerimalli<\/td>\n<td data-col-size=\"sm\" data-start=\"1687\" data-end=\"1695\">6205<\/td>\n<\/tr>\n<tr data-start=\"1696\" data-end=\"1726\">\n<td data-start=\"1696\" data-end=\"1717\" data-col-size=\"sm\">Sis\u00e4halkaisija (d)<\/td>\n<td data-col-size=\"sm\" data-start=\"1717\" data-end=\"1726\">25 mm<\/td>\n<\/tr>\n<tr data-start=\"1727\" data-end=\"1757\">\n<td data-start=\"1727\" data-end=\"1748\" data-col-size=\"sm\">Ulkohalkaisija (D)<\/td>\n<td data-col-size=\"sm\" data-start=\"1748\" data-end=\"1757\">52 mm<\/td>\n<\/tr>\n<tr data-start=\"1758\" data-end=\"1779\">\n<td data-start=\"1758\" data-end=\"1770\" data-col-size=\"sm\">Leveys (B)<\/td>\n<td data-col-size=\"sm\" data-start=\"1770\" data-end=\"1779\">15 mm<\/td>\n<\/tr>\n<tr data-start=\"1780\" data-end=\"1835\">\n<td data-start=\"1780\" data-end=\"1791\" data-col-size=\"sm\">Materiaali<\/td>\n<td data-start=\"1791\" data-end=\"1835\" data-col-size=\"sm\">Kromiter\u00e4s \/ Ruostumaton ter\u00e4s \/ Keraami<\/td>\n<\/tr>\n<tr data-start=\"1836\" data-end=\"1869\">\n<td data-start=\"1836\" data-end=\"1852\" data-col-size=\"sm\">Keh\u00e4materiaali<\/td>\n<td data-col-size=\"sm\" data-start=\"1852\" data-end=\"1869\">Ter\u00e4s \/ Nailon<\/td>\n<\/tr>\n<tr data-start=\"1870\" data-end=\"1904\">\n<td data-start=\"1870\" data-end=\"1885\" data-col-size=\"sm\">Tiivistystyyppi<\/td>\n<td data-start=\"1885\" data-end=\"1904\" data-col-size=\"sm\">Avoin \/ ZZ \/ 2RS<\/td>\n<\/tr>\n<tr data-start=\"1905\" data-end=\"1952\">\n<td data-start=\"1905\" data-end=\"1924\" data-col-size=\"sm\">Tarkkuusluokitus<\/td>\n<td data-start=\"1924\" data-end=\"1952\" data-col-size=\"sm\">ABEC-1 \/ ABEC-3 \/ ABEC-5<\/td>\n<\/tr>\n<tr data-start=\"1953\" data-end=\"1983\">\n<td data-start=\"1953\" data-end=\"1967\" data-col-size=\"sm\">Voitelu<\/td>\n<td data-col-size=\"sm\" data-start=\"1967\" data-end=\"1983\">Rasva \/ \u00d6ljy<\/td>\n<\/tr>\n<tr data-start=\"1984\" data-end=\"2026\">\n<td data-start=\"1984\" data-end=\"2008\" data-col-size=\"sm\">K\u00e4ytt\u00f6l\u00e4mp\u00f6tila<\/td>\n<td data-col-size=\"sm\" data-start=\"2008\" data-end=\"2026\">-20\u00b0C - 120\u00b0C<\/td>\n<\/tr>\n<\/tbody>\n<\/table>\n<\/div>\n<\/div>\n<h1 data-section-id=\"1p00fbj\" data-start=\"2033\" data-end=\"2051\"><span role=\"text\"><strong data-start=\"2035\" data-end=\"2051\">Sovellukset<\/strong><\/span><\/h1>\n<p data-start=\"2053\" data-end=\"2105\">6205 syv\u00e4urainen kuula-laakeri on laajalti k\u00e4yt\u00f6ss\u00e4:<\/p>\n<ul data-start=\"2107\" data-end=\"2281\">\n<li data-section-id=\"19ja8o\" data-start=\"2107\" data-end=\"2141\">S\u00e4hk\u00f6moottoreissa ja generaattoreissa<\/li>\n<li data-section-id=\"dl2tr4\" data-start=\"2142\" data-end=\"2167\">Pumpuissa ja kompressoreissa<\/li>\n<li data-section-id=\"1n6ynun\" data-start=\"2168\" data-end=\"2194\">Maatalouskoneet<\/li>\n<li data-section-id=\"15oirsh\" data-start=\"2195\" data-end=\"2233\">Vaihteistoissa ja siirtoj\u00e4rjestelmiss\u00e4<\/li>\n<li data-section-id=\"1fzl3dj\" data-start=\"2234\" data-end=\"2256\">Kuljetuslaitteissa<\/li>\n<li data-section-id=\"ho81mp\" data-start=\"2257\" data-end=\"2281\">Teollisuuslaitteissa<\/li>\n<\/ul>\n<h1 data-section-id=\"zdmnob\" data-start=\"2288\" data-end=\"2307\"><span role=\"text\"><strong data-start=\"2290\" data-end=\"2307\">Miksi valita meid\u00e4t<\/strong><\/span><\/h1>\n<ul data-start=\"2309\" data-end=\"2521\">\n<li data-section-id=\"1hoqfcd\" data-start=\"2309\" data-end=\"2358\">Tehdasmyynti johdonmukaisella laadulla<\/li>\n<li data-section-id=\"1h0w0om\" data-start=\"2359\" data-end=\"2401\">OEM- ja r\u00e4\u00e4t\u00e4l\u00f6ityj\u00e4 ratkaisuja saatavilla<\/li>\n<li data-section-id=\"18yrkc1\" data-start=\"2402\" data-end=\"2441\">Kilpailukykyiset hinnat suurtilauksille<\/li>\n<li data-section-id=\"tuyq12\" data-start=\"2442\" data-end=\"2479\">Nopea toimitus ja globaali toimitus<\/li>\n<li data-section-id=\"1warmzg\" data-start=\"2480\" data-end=\"2521\">Tiukka laadunvalvonta ja tarkastus<\/li>\n<\/ul>\n<h1 data-section-id=\"1iusff4\" data-start=\"2528\" data-end=\"2537\"><span role=\"text\"><strong data-start=\"2530\" data-end=\"2537\">UKK<\/strong><\/span><\/h1>\n<p data-start=\"2539\" data-end=\"2750\"><strong data-start=\"2539\" data-end=\"2599\">K1: Mik\u00e4 on ero 6205-ZZ:n ja 6205-2RS:n v\u00e4lill\u00e4?<\/strong><br data-start=\"2599\" data-end=\"2602\" \/>V: 6205-ZZ k\u00e4ytt\u00e4\u00e4 metallisuojuksia korkeammalle nopeudelle ja alhaisemmalle kitkalle, kun taas 6205-2RS k\u00e4ytt\u00e4\u00e4 kumitiivisteit\u00e4 paremman suojan tarjoamiseksi p\u00f6lylt\u00e4 ja kosteudelta.<\/p>\n<p data-start=\"2752\" data-end=\"2928\"><strong data-start=\"2752\" data-end=\"2816\">K2: Voitteko toimittaa korkealaatuisia tai keraamisia 6205-laakereita?<\/strong><br data-start=\"2816\" data-end=\"2819\" \/>V: Kyll\u00e4, tarjoamme korkealaatuisia luokkia sek\u00e4 hybridisi\u00e4 ett\u00e4 t\u00e4ysin keraamisia vaihtoehtoja vaativiin sovelluksiin.<\/p>\n<p data-start=\"2930\" data-end=\"3084\"><strong data-start=\"2930\" data-end=\"2973\">Q3: Tukeeko teid\u00e4n OEM- ja suurtilauspalveluja?<\/strong><br data-start=\"2973\" data-end=\"2976\" \/>V: Kyll\u00e4, tarjoamme OEM-palveluja, mukaan lukien r\u00e4\u00e4t\u00e4l\u00f6idyt materiaalit, pakkaukset ja br\u00e4nd\u00e4ys suurille tilauksille.<\/p>","protected":false},"excerpt":{"rendered":"<p>T\u00e4m\u00e4 <strong data-start=\"411\" data-end=\"444\">6205 Syv\u00e4urainen kuula-laakeri<\/strong> on laajalti k\u00e4ytetty ja monipuolinen laakeri, joka on suunniteltu korkealle kuormakapasiteetille, sujuvalle py\u00f6rimiselle ja pitk\u00e4lle k\u00e4ytt\u00f6i\u00e4lle. Syvill\u00e4 urilla ja tarkkuuster\u00e4ksisill\u00e4 kuulailla varustettuna se kykenee tukemaan sek\u00e4 s\u00e4teitt\u00e4isi\u00e4 kuormia ett\u00e4 kohtuullisia aksiaalisia kuormia molempiin suuntiin.<\/p>","protected":false},"featured_media":2575,"comment_status":"open","ping_status":"closed","template":"","meta":{"site-sidebar-layout":"default","site-content-layout":"","ast-site-content-layout":"default","site-content-style":"default","site-sidebar-style":"default","ast-global-header-display":"","ast-banner-title-visibility":"","ast-main-header-display":"","ast-hfb-above-header-display":"","ast-hfb-below-header-display":"","ast-hfb-mobile-header-display":"","site-post-title":"","ast-breadcrumbs-content":"","ast-featured-img":"","footer-sml-layout":"","ast-disable-related-posts":"","theme-transparent-header-meta":"default","adv-header-id-meta":"","stick-header-meta":"default","header-above-stick-meta":"","header-main-stick-meta":"","header-below-stick-meta":"","astra-migrate-meta-layouts":"set","ast-page-background-enabled":"default","ast-page-background-meta":{"desktop":{"background-color":"","background-image":"","background-repeat":"repeat","background-position":"center center","background-size":"auto","background-attachment":"scroll","background-type":"","background-media":"","overlay-type":"","overlay-color":"","overlay-opacity":"","overlay-gradient":""},"tablet":{"background-color":"","background-image":"","background-repeat":"repeat","background-position":"center center","background-size":"auto","background-attachment":"scroll","background-type":"","background-media":"","overlay-type":"","overlay-color":"","overlay-opacity":"","overlay-gradient":""},"mobile":{"background-color":"","background-image":"","background-repeat":"repeat","background-position":"center center","background-size":"auto","background-attachment":"scroll","background-type":"","background-media":"","overlay-type":"","overlay-color":"","overlay-opacity":"","overlay-gradient":""}},"ast-content-background-meta":{"desktop":{"background-color":"var(--ast-global-color-5)","background-image":"","background-repeat":"repeat","background-position":"center center","background-size":"auto","background-attachment":"scroll","background-type":"","background-media":"","overlay-type":"","overlay-color":"","overlay-opacity":"","overlay-gradient":""},"tablet":{"background-color":"var(--ast-global-color-5)","background-image":"","background-repeat":"repeat","background-position":"center center","background-size":"auto","background-attachment":"scroll","background-type":"","background-media":"","overlay-type":"","overlay-color":"","overlay-opacity":"","overlay-gradient":""},"mobile":{"background-color":"var(--ast-global-color-5)","background-image":"","background-repeat":"repeat","background-position":"center center","background-size":"auto","background-attachment":"scroll","background-type":"","background-media":"","overlay-type":"","overlay-color":"","overlay-opacity":"","overlay-gradient":""}}},"product_brand":[],"product_cat":[15],"product_tag":[50,48,49,46,33,52,51,45,38,47],"class_list":{"0":"post-2369","1":"product","2":"type-product","3":"status-publish","4":"has-post-thumbnail","6":"product_cat-deep-groove-ball-bearings","7":"product_tag-6205-2rs-bearing","8":"product_tag-6205-bearing","9":"product_tag-6205-zz-bearing","10":"product_tag-bearing-supplier","11":"product_tag-deep-groove-ball-bearing","12":"product_tag-electric-motor-bearing","13":"product_tag-high-load-bearing","14":"product_tag-industrial-bearing","15":"product_tag-motor-bearing","16":"product_tag-oem-bearing-manufacturer","17":"desktop-align-left","18":"tablet-align-left","19":"mobile-align-left","20":"ast-product-gallery-layout-horizontal-slider","21":"ast-product-gallery-with-no-image","22":"ast-product-tabs-layout-horizontal","24":"first","25":"instock","26":"shipping-taxable","27":"product-type-simple"},"_links":{"self":[{"href":"https:\/\/www.machinerybearings.com\/fi\/wp-json\/wp\/v2\/product\/2369","targetHints":{"allow":["GET"]}}],"collection":[{"href":"https:\/\/www.machinerybearings.com\/fi\/wp-json\/wp\/v2\/product"}],"about":[{"href":"https:\/\/www.machinerybearings.com\/fi\/wp-json\/wp\/v2\/types\/product"}],"replies":[{"embeddable":true,"href":"https:\/\/www.machinerybearings.com\/fi\/wp-json\/wp\/v2\/comments?post=2369"}],"wp:featuredmedia":[{"embeddable":true,"href":"https:\/\/www.machinerybearings.com\/fi\/wp-json\/wp\/v2\/media\/2575"}],"wp:attachment":[{"href":"https:\/\/www.machinerybearings.com\/fi\/wp-json\/wp\/v2\/media?parent=2369"}],"wp:term":[{"taxonomy":"product_brand","embeddable":true,"href":"https:\/\/www.machinerybearings.com\/fi\/wp-json\/wp\/v2\/product_brand?post=2369"},{"taxonomy":"product_cat","embeddable":true,"href":"https:\/\/www.machinerybearings.com\/fi\/wp-json\/wp\/v2\/product_cat?post=2369"},{"taxonomy":"product_tag","embeddable":true,"href":"https:\/\/www.machinerybearings.com\/fi\/wp-json\/wp\/v2\/product_tag?post=2369"}],"curies":[{"name":"wp","href":"https:\/\/api.w.org\/{rel}","templated":true}]}}