{"id":2372,"date":"2026-04-11T16:12:43","date_gmt":"2026-04-11T16:12:43","guid":{"rendered":"https:\/\/www.machinerybearings.com\/?post_type=product&#038;p=2372"},"modified":"2026-05-03T06:16:02","modified_gmt":"2026-05-03T06:16:02","slug":"16010-thin-section-deep-groove-ball-bearing-lightweight-large-diameter-bearing-for-industrial-applications","status":"publish","type":"product","link":"https:\/\/www.machinerybearings.com\/fi\/tuote\/16010-thin-section-deep-groove-ball-bearing-lightweight-large-diameter-bearing-for-industrial-applications\/","title":{"rendered":"16010 Ohutosa syv\u00e4ura kuula-laakeri \u2013 Kevyt suuri halkaisija laakeri teollisuusk\u00e4ytt\u00f6\u00f6n"},"content":{"rendered":"<p data-start=\"419\" data-end=\"755\">T\u00e4m\u00e4 <strong data-start=\"423\" data-end=\"470\">16010 ohut profiili syv\u00e4 urakuulalaakeri<\/strong> on suunniteltu sovelluksiin, joissa vaaditaan kompaktia poikkileikkausta yhdistettyn\u00e4 suhteellisen suureen sis\u00e4- ja ulkohalkaisijaan. Sen kapean profiilin ja optimoidun sis\u00e4geometrian ansiosta se tarjoaa v\u00e4hennetyn painon, alhaisemman kitkan ja tehokkaan tilank\u00e4yt\u00f6n ilman suorituskyvyn heikent\u00e4mist\u00e4.<\/p>\n<p data-start=\"757\" data-end=\"1053\">Valmistettu korkealaatuisesta kromiter\u00e4ksest\u00e4, ja saatavana ruostumattomasta ter\u00e4ksest\u00e4 ja keraamisina vaihtoehtoina, 16010 laakeri tarjoaa erinomaisen kest\u00e4vyys, korroosionkest\u00e4vyys ja sujuva toiminta. Sen syv\u00e4 urasuunnittelu mahdollistaa sek\u00e4 radiaalisten kuormien ett\u00e4 kevyiden aksiaalisten kuormien tukemisen molempiin suuntiin.<\/p>\n<p data-start=\"1055\" data-end=\"1292\">Saatavana avoimena, metallisuojalla (ZZ) ja kumitiivisteell\u00e4 (2RS) varustettuina, 16010 ohut profiili laakeri on sopiva laajalle teollisuusymp\u00e4rist\u00f6lle, erityisesti siell\u00e4, miss\u00e4 tilans\u00e4\u00e4st\u00f6 ja kevyt muotoilu ovat kriittisi\u00e4.<\/p>\n<h1 data-section-id=\"8av2ty\" data-start=\"1299\" data-end=\"1317\"><span role=\"text\"><strong data-start=\"1301\" data-end=\"1317\">Avainominaisuudet<\/strong><\/span><\/h1>\n<ul data-start=\"1319\" data-end=\"1682\">\n<li data-section-id=\"1ck2v1g\" data-start=\"1319\" data-end=\"1378\">Ohut poikkileikkaussuunnittelu tilans\u00e4\u00e4st\u00f6 sovelluksiin<\/li>\n<li data-section-id=\"1qqsaq8\" data-start=\"1379\" data-end=\"1436\">Kevyt rakenne v\u00e4hennetyn py\u00f6rimisj\u00e4ykkyyden kanssa<\/li>\n<li data-section-id=\"1bkzhsf\" data-start=\"1437\" data-end=\"1474\">Sujuva ja alhaiskitkatoiminta<\/li>\n<li data-section-id=\"46y8gf\" data-start=\"1475\" data-end=\"1522\">Tukee radiaalisia kuormia ja kevyit\u00e4 aksiaalisia kuormia<\/li>\n<li data-section-id=\"97kjp5\" data-start=\"1523\" data-end=\"1572\">Saatavana Avoimena, ZZ ja 2RS konfiguraatioina<\/li>\n<li data-section-id=\"1799fsu\" data-start=\"1573\" data-end=\"1624\">Valinnaiset materiaalit: ruostumaton ter\u00e4s ja keraami<\/li>\n<li data-section-id=\"mm83ej\" data-start=\"1625\" data-end=\"1682\">Sopii tarkkuuslaitteille ja OEM-sovelluksille<\/li>\n<\/ul>\n<h1 data-section-id=\"10k15yz\" data-start=\"1689\" data-end=\"1719\"><span role=\"text\"><strong data-start=\"1691\" data-end=\"1719\">Teknisi\u00e4 tietoja<\/strong><\/span><\/h1>\n<div class=\"TyagGW_tableContainer\">\n<div class=\"group TyagGW_tableWrapper flex flex-col-reverse w-fit\" tabindex=\"-1\">\n<table class=\"w-fit min-w-(--thread-content-width)\" data-start=\"1721\" data-end=\"2119\">\n<thead data-start=\"1721\" data-end=\"1742\">\n<tr data-start=\"1721\" data-end=\"1742\">\n<th class=\"\" data-start=\"1721\" data-end=\"1733\" data-col-size=\"sm\">Parametri<\/th>\n<th class=\"\" data-start=\"1733\" data-end=\"1742\" data-col-size=\"sm\">Arvo<\/th>\n<\/tr>\n<\/thead>\n<tbody data-start=\"1763\" data-end=\"2119\">\n<tr data-start=\"1763\" data-end=\"1788\">\n<td data-start=\"1763\" data-end=\"1779\" data-col-size=\"sm\">Laakerimalli<\/td>\n<td data-start=\"1779\" data-end=\"1788\" data-col-size=\"sm\">16010<\/td>\n<\/tr>\n<tr data-start=\"1789\" data-end=\"1819\">\n<td data-start=\"1789\" data-end=\"1810\" data-col-size=\"sm\">Sis\u00e4halkaisija (d)<\/td>\n<td data-start=\"1810\" data-end=\"1819\" data-col-size=\"sm\">50 mm<\/td>\n<\/tr>\n<tr data-start=\"1820\" data-end=\"1850\">\n<td data-start=\"1820\" data-end=\"1841\" data-col-size=\"sm\">Ulkohalkaisija (D)<\/td>\n<td data-col-size=\"sm\" data-start=\"1841\" data-end=\"1850\">80 mm<\/td>\n<\/tr>\n<tr data-start=\"1851\" data-end=\"1872\">\n<td data-start=\"1851\" data-end=\"1863\" data-col-size=\"sm\">Leveys (B)<\/td>\n<td data-col-size=\"sm\" data-start=\"1863\" data-end=\"1872\">10 mm<\/td>\n<\/tr>\n<tr data-start=\"1873\" data-end=\"1928\">\n<td data-start=\"1873\" data-end=\"1884\" data-col-size=\"sm\">Materiaali<\/td>\n<td data-col-size=\"sm\" data-start=\"1884\" data-end=\"1928\">Kromiter\u00e4s \/ Ruostumaton ter\u00e4s \/ Keraami<\/td>\n<\/tr>\n<tr data-start=\"1929\" data-end=\"1962\">\n<td data-start=\"1929\" data-end=\"1945\" data-col-size=\"sm\">Keh\u00e4materiaali<\/td>\n<td data-col-size=\"sm\" data-start=\"1945\" data-end=\"1962\">Ter\u00e4s \/ Nailon<\/td>\n<\/tr>\n<tr data-start=\"1963\" data-end=\"1997\">\n<td data-start=\"1963\" data-end=\"1978\" data-col-size=\"sm\">Tiivistystyyppi<\/td>\n<td data-start=\"1978\" data-end=\"1997\" data-col-size=\"sm\">Avoin \/ ZZ \/ 2RS<\/td>\n<\/tr>\n<tr data-start=\"1998\" data-end=\"2045\">\n<td data-start=\"1998\" data-end=\"2017\" data-col-size=\"sm\">Tarkkuusluokitus<\/td>\n<td data-col-size=\"sm\" data-start=\"2017\" data-end=\"2045\">ABEC-1 \/ ABEC-3 \/ ABEC-5<\/td>\n<\/tr>\n<tr data-start=\"2046\" data-end=\"2076\">\n<td data-start=\"2046\" data-end=\"2060\" data-col-size=\"sm\">Voitelu<\/td>\n<td data-col-size=\"sm\" data-start=\"2060\" data-end=\"2076\">Rasva \/ \u00d6ljy<\/td>\n<\/tr>\n<tr data-start=\"2077\" data-end=\"2119\">\n<td data-start=\"2077\" data-end=\"2101\" data-col-size=\"sm\">K\u00e4ytt\u00f6l\u00e4mp\u00f6tila<\/td>\n<td data-col-size=\"sm\" data-start=\"2101\" data-end=\"2119\">-20\u00b0C - 120\u00b0C<\/td>\n<\/tr>\n<\/tbody>\n<\/table>\n<\/div>\n<\/div>\n<h1 data-section-id=\"1p00fbj\" data-start=\"2126\" data-end=\"2144\"><span role=\"text\"><strong data-start=\"2128\" data-end=\"2144\">Sovellukset<\/strong><\/span><\/h1>\n<p data-start=\"2146\" data-end=\"2200\">16010 ohutkerros kuulalaakeria k\u00e4ytet\u00e4\u00e4n laajalti:<\/p>\n<ul data-start=\"2202\" data-end=\"2400\">\n<li data-section-id=\"atmlbz\" data-start=\"2202\" data-end=\"2238\">Kevyt teollisuuskalusto<\/li>\n<li data-section-id=\"1q02707\" data-start=\"2239\" data-end=\"2274\">Robotiikka- ja automaatioj\u00e4rjestelm\u00e4t<\/li>\n<li data-section-id=\"kh47jd\" data-start=\"2275\" data-end=\"2296\">L\u00e4\u00e4ketieteellinen laitteisto<\/li>\n<li data-section-id=\"1tqjc7s\" data-start=\"2297\" data-end=\"2322\">Tarkkuusinstrumentit<\/li>\n<li data-section-id=\"1170ol2\" data-start=\"2323\" data-end=\"2360\">Kuljetus- ja siirtoj\u00e4rjestelm\u00e4t<\/li>\n<li data-section-id=\"pjwe9y\" data-start=\"2361\" data-end=\"2400\">Tilarajoitteiset mekaaniset kokoonpanot<\/li>\n<\/ul>\n<h1 data-section-id=\"zdmnob\" data-start=\"2407\" data-end=\"2426\"><span role=\"text\"><strong data-start=\"2409\" data-end=\"2426\">Miksi valita meid\u00e4t<\/strong><\/span><\/h1>\n<ul data-start=\"2428\" data-end=\"2639\">\n<li data-section-id=\"xx8vmd\" data-start=\"2428\" data-end=\"2475\">Suora tehdastoimitus luotettavalla laadulla<\/li>\n<li data-section-id=\"ary9wy\" data-start=\"2476\" data-end=\"2520\">OEM- ja r\u00e4\u00e4t\u00e4l\u00f6intipalvelut saatavilla<\/li>\n<li data-section-id=\"18yrkc1\" data-start=\"2521\" data-end=\"2560\">Kilpailukykyiset hinnat suurtilauksille<\/li>\n<li data-section-id=\"1x678vr\" data-start=\"2561\" data-end=\"2600\">Nopea tuotanto ja globaali toimitus<\/li>\n<li data-section-id=\"1oidmxg\" data-start=\"2601\" data-end=\"2639\">Tiukka laadunvalvonta ja testaus<\/li>\n<\/ul>\n<h1 data-section-id=\"1iusff4\" data-start=\"2646\" data-end=\"2655\"><span role=\"text\"><strong data-start=\"2648\" data-end=\"2655\">UKK<\/strong><\/span><\/h1>\n<p data-start=\"2657\" data-end=\"2876\"><strong data-start=\"2657\" data-end=\"2731\">K1: Mik\u00e4 tekee ohutkerroslaakereista erilaisia kuin standardilaakerit?<\/strong><br data-start=\"2731\" data-end=\"2734\" \/>V: Ohutkerroslaakerit ovat pienennetty poikkileikkaus, mik\u00e4 mahdollistaa kevyemm\u00e4n painon ja tilaa s\u00e4\u00e4st\u00e4v\u00e4n muotoilun hyv\u00e4n suorituskyvyn s\u00e4ilytt\u00e4en.<\/p>\n<p data-start=\"2878\" data-end=\"3062\"><strong data-start=\"2878\" data-end=\"2947\">K2: Voitteko tarjota ruostumattomasta ter\u00e4ksest\u00e4 tai keraamisia versioita 16010:st\u00e4?<\/strong><br data-start=\"2947\" data-end=\"2950\" \/>V: Kyll\u00e4, tarjoamme ruostumattoman ter\u00e4ksen ja keraamisia vaihtoehtoja korroosionkest\u00e4vyyden ja huipputehokkaiden sovellusten vuoksi.<\/p>\n<p data-start=\"3064\" data-end=\"3201\"><strong data-start=\"3064\" data-end=\"3116\">K3: Tuketteko r\u00e4\u00e4t\u00e4l\u00f6inti\u00e4 ja OEM-tilauksia?<\/strong><br data-start=\"3116\" data-end=\"3119\" \/>V: Kyll\u00e4, tuemme r\u00e4\u00e4t\u00e4l\u00f6ityj\u00e4 mittoja, materiaaleja ja br\u00e4nd\u00e4yst\u00e4 suurtilauksille.<\/p>","protected":false},"excerpt":{"rendered":"<p>T\u00e4m\u00e4 <strong data-start=\"423\" data-end=\"470\">16010 ohut profiili syv\u00e4 urakuulalaakeri<\/strong> on suunniteltu sovelluksiin, joissa vaaditaan kompaktia poikkileikkausta yhdistettyn\u00e4 suhteellisen suureen sis\u00e4- ja ulkohalkaisijaan. Sen kapean profiilin ja optimoidun sis\u00e4geometrian ansiosta se tarjoaa v\u00e4hennetyn painon, alhaisemman kitkan ja tehokkaan tilank\u00e4yt\u00f6n ilman suorituskyvyn heikent\u00e4mist\u00e4.<\/p>","protected":false},"featured_media":2542,"comment_status":"open","ping_status":"closed","template":"","meta":{"site-sidebar-layout":"default","site-content-layout":"","ast-site-content-layout":"default","site-content-style":"default","site-sidebar-style":"default","ast-global-header-display":"","ast-banner-title-visibility":"","ast-main-header-display":"","ast-hfb-above-header-display":"","ast-hfb-below-header-display":"","ast-hfb-mobile-header-display":"","site-post-title":"","ast-breadcrumbs-content":"","ast-featured-img":"","footer-sml-layout":"","ast-disable-related-posts":"","theme-transparent-header-meta":"default","adv-header-id-meta":"","stick-header-meta":"default","header-above-stick-meta":"","header-main-stick-meta":"","header-below-stick-meta":"","astra-migrate-meta-layouts":"set","ast-page-background-enabled":"default","ast-page-background-meta":{"desktop":{"background-color":"","background-image":"","background-repeat":"repeat","background-position":"center center","background-size":"auto","background-attachment":"scroll","background-type":"","background-media":"","overlay-type":"","overlay-color":"","overlay-opacity":"","overlay-gradient":""},"tablet":{"background-color":"","background-image":"","background-repeat":"repeat","background-position":"center center","background-size":"auto","background-attachment":"scroll","background-type":"","background-media":"","overlay-type":"","overlay-color":"","overlay-opacity":"","overlay-gradient":""},"mobile":{"background-color":"","background-image":"","background-repeat":"repeat","background-position":"center center","background-size":"auto","background-attachment":"scroll","background-type":"","background-media":"","overlay-type":"","overlay-color":"","overlay-opacity":"","overlay-gradient":""}},"ast-content-background-meta":{"desktop":{"background-color":"var(--ast-global-color-5)","background-image":"","background-repeat":"repeat","background-position":"center center","background-size":"auto","background-attachment":"scroll","background-type":"","background-media":"","overlay-type":"","overlay-color":"","overlay-opacity":"","overlay-gradient":""},"tablet":{"background-color":"var(--ast-global-color-5)","background-image":"","background-repeat":"repeat","background-position":"center center","background-size":"auto","background-attachment":"scroll","background-type":"","background-media":"","overlay-type":"","overlay-color":"","overlay-opacity":"","overlay-gradient":""},"mobile":{"background-color":"var(--ast-global-color-5)","background-image":"","background-repeat":"repeat","background-position":"center center","background-size":"auto","background-attachment":"scroll","background-type":"","background-media":"","overlay-type":"","overlay-color":"","overlay-opacity":"","overlay-gradient":""}}},"product_brand":[],"product_cat":[15],"product_tag":[58,46,33,45,62,61,47,63,60,59],"class_list":{"0":"post-2372","1":"product","2":"type-product","3":"status-publish","4":"has-post-thumbnail","6":"product_cat-deep-groove-ball-bearings","7":"product_tag-16010-bearing","8":"product_tag-bearing-supplier","9":"product_tag-deep-groove-ball-bearing","10":"product_tag-industrial-bearing","11":"product_tag-large-diameter-bearing","12":"product_tag-lightweight-bearing","13":"product_tag-oem-bearing-manufacturer","14":"product_tag-precision-bearing","15":"product_tag-slim-bearing","16":"product_tag-thin-section-ball-bearing","17":"desktop-align-left","18":"tablet-align-left","19":"mobile-align-left","20":"ast-product-gallery-layout-horizontal-slider","21":"ast-product-gallery-with-no-image","22":"ast-product-tabs-layout-horizontal","24":"first","25":"instock","26":"shipping-taxable","27":"product-type-simple"},"_links":{"self":[{"href":"https:\/\/www.machinerybearings.com\/fi\/wp-json\/wp\/v2\/product\/2372","targetHints":{"allow":["GET"]}}],"collection":[{"href":"https:\/\/www.machinerybearings.com\/fi\/wp-json\/wp\/v2\/product"}],"about":[{"href":"https:\/\/www.machinerybearings.com\/fi\/wp-json\/wp\/v2\/types\/product"}],"replies":[{"embeddable":true,"href":"https:\/\/www.machinerybearings.com\/fi\/wp-json\/wp\/v2\/comments?post=2372"}],"wp:featuredmedia":[{"embeddable":true,"href":"https:\/\/www.machinerybearings.com\/fi\/wp-json\/wp\/v2\/media\/2542"}],"wp:attachment":[{"href":"https:\/\/www.machinerybearings.com\/fi\/wp-json\/wp\/v2\/media?parent=2372"}],"wp:term":[{"taxonomy":"product_brand","embeddable":true,"href":"https:\/\/www.machinerybearings.com\/fi\/wp-json\/wp\/v2\/product_brand?post=2372"},{"taxonomy":"product_cat","embeddable":true,"href":"https:\/\/www.machinerybearings.com\/fi\/wp-json\/wp\/v2\/product_cat?post=2372"},{"taxonomy":"product_tag","embeddable":true,"href":"https:\/\/www.machinerybearings.com\/fi\/wp-json\/wp\/v2\/product_tag?post=2372"}],"curies":[{"name":"wp","href":"https:\/\/api.w.org\/{rel}","templated":true}]}}