{"id":2387,"date":"2026-04-12T13:33:27","date_gmt":"2026-04-12T13:33:27","guid":{"rendered":"https:\/\/www.machinerybearings.com\/?post_type=product&#038;p=2387"},"modified":"2026-05-03T11:23:31","modified_gmt":"2026-05-03T11:23:31","slug":"7206ac-kulmaontto-pallonlaakeri-korkea-tarkkuus-korkean-nopeuden-laakeri-akselihakemistoihin","status":"publish","type":"product","link":"https:\/\/www.machinerybearings.com\/fi\/tuote\/7206ac-kulmaontto-pallonlaakeri-korkea-tarkkuus-korkean-nopeuden-laakeri-akselihakemistoihin\/","title":{"rendered":"7206AC Kulma-kontaktikuula-laakeri \u2013 Korkealaatuinen korkean nopeuden laakeri spindelisovelluksiin"},"content":{"rendered":"<p data-start=\"372\" data-end=\"691\">T\u00e4m\u00e4 <strong data-start=\"376\" data-end=\"415\">7206AC kulmapallo laakeri<\/strong> on korkean tarkkuuden laakeri, joka on suunniteltu suurinopeus- ja tarkkuussovelluksiin. Suunniteltu <strong data-start=\"518\" data-end=\"539\">25\u00b0 kosketuskulmalla<\/strong>, se tarjoaa optimaalisen tasapainon aksiaalisen kuormakapasiteetin ja py\u00f6rimisnopeuden v\u00e4lill\u00e4, mik\u00e4 tekee siit\u00e4 ihanteellisen tarkkuusakselij\u00e4rjestelmille ja teollisuuslaitteille.<\/p>\n<p data-start=\"693\" data-end=\"1017\">Valmistettu korkealaatuisesta kromiter\u00e4ksest\u00e4, ja saatavana ruostumattomasta ter\u00e4ksest\u00e4 ja keraamisista vaihtoehdoista, 7206AC laakeri tarjoaa erinomaisen j\u00e4ykkyyden, alhaisen kitkan ja vakaan suorituskyvyn vaativissa k\u00e4ytt\u00f6olosuhteissa. Sen edistynyt sis\u00e4inen geometria varmistaa v\u00e4h\u00e4isen l\u00e4mm\u00f6ntuoton, sujuvan py\u00f6rimisen ja pitk\u00e4n k\u00e4ytt\u00f6i\u00e4n.<\/p>\n<p data-start=\"1019\" data-end=\"1224\">7206AC laakeria k\u00e4ytet\u00e4\u00e4n yleisesti paritettuina tai monilaakerij\u00e4rjestelyiss\u00e4 tukemaan aksiaalisia kuormia molempiin suuntiin, varmistaen korkean paikannustarkkuuden ja j\u00e4rjestelm\u00e4n vakauden tarkkuuslaitteissa.<\/p>\n<h1 data-section-id=\"8av2ty\" data-start=\"1231\" data-end=\"1249\"><span role=\"text\"><strong data-start=\"1233\" data-end=\"1249\">Avainominaisuudet<\/strong><\/span><\/h1>\n<ul data-start=\"1251\" data-end=\"1610\">\n<li data-section-id=\"14qy4qh\" data-start=\"1251\" data-end=\"1309\">25\u00b0 kosketuskulma tasapainotetulle nopeudelle ja kuormakapasiteetille<\/li>\n<li data-section-id=\"255cqv\" data-start=\"1310\" data-end=\"1355\">Korkea tarkkuus ja suurinopeudellinen suorituskyky<\/li>\n<li data-section-id=\"1bjfrce\" data-start=\"1356\" data-end=\"1403\">Erinomainen j\u00e4ykkyys ja py\u00f6rimisvakavuus<\/li>\n<li data-section-id=\"vm3d3e\" data-start=\"1404\" data-end=\"1460\">Sopii duplex- ja monilaakerikokoonpanoihin<\/li>\n<li data-section-id=\"vearcf\" data-start=\"1461\" data-end=\"1505\">Alhainen kitka ja v\u00e4hentynyt l\u00e4mm\u00f6ntuotto<\/li>\n<li data-section-id=\"1799fsu\" data-start=\"1506\" data-end=\"1557\">Valinnaiset materiaalit: ruostumaton ter\u00e4s ja keraami<\/li>\n<li data-section-id=\"jpzbb9\" data-start=\"1558\" data-end=\"1610\">Ihanteellinen tarkkuusakseli- ja CNC-sovelluksiin<\/li>\n<\/ul>\n<h1 data-section-id=\"10k15yz\" data-start=\"1617\" data-end=\"1647\"><span role=\"text\"><strong data-start=\"1619\" data-end=\"1647\">Teknisi\u00e4 tietoja<\/strong><\/span><\/h1>\n<div class=\"TyagGW_tableContainer\">\n<div class=\"group TyagGW_tableWrapper flex flex-col-reverse w-fit\" tabindex=\"-1\">\n<table class=\"w-fit min-w-(--thread-content-width)\" data-start=\"1649\" data-end=\"2038\">\n<thead data-start=\"1649\" data-end=\"1670\">\n<tr data-start=\"1649\" data-end=\"1670\">\n<th class=\"\" data-start=\"1649\" data-end=\"1661\" data-col-size=\"sm\">Parametri<\/th>\n<th class=\"\" data-start=\"1661\" data-end=\"1670\" data-col-size=\"sm\">Arvo<\/th>\n<\/tr>\n<\/thead>\n<tbody data-start=\"1691\" data-end=\"2038\">\n<tr data-start=\"1691\" data-end=\"1717\">\n<td data-start=\"1691\" data-end=\"1707\" data-col-size=\"sm\">Laakerimalli<\/td>\n<td data-col-size=\"sm\" data-start=\"1707\" data-end=\"1717\">7206AC<\/td>\n<\/tr>\n<tr data-start=\"1718\" data-end=\"1748\">\n<td data-start=\"1718\" data-end=\"1739\" data-col-size=\"sm\">Sis\u00e4halkaisija (d)<\/td>\n<td data-col-size=\"sm\" data-start=\"1739\" data-end=\"1748\">30 mm<\/td>\n<\/tr>\n<tr data-start=\"1749\" data-end=\"1779\">\n<td data-start=\"1749\" data-end=\"1770\" data-col-size=\"sm\">Ulkohalkaisija (D)<\/td>\n<td data-col-size=\"sm\" data-start=\"1770\" data-end=\"1779\">62 mm<\/td>\n<\/tr>\n<tr data-start=\"1780\" data-end=\"1801\">\n<td data-start=\"1780\" data-end=\"1792\" data-col-size=\"sm\">Leveys (B)<\/td>\n<td data-col-size=\"sm\" data-start=\"1792\" data-end=\"1801\">16 mm<\/td>\n<\/tr>\n<tr data-start=\"1802\" data-end=\"1825\">\n<td data-start=\"1802\" data-end=\"1818\" data-col-size=\"sm\">Kosketuskulma<\/td>\n<td data-col-size=\"sm\" data-start=\"1818\" data-end=\"1825\">25\u00b0<\/td>\n<\/tr>\n<tr data-start=\"1826\" data-end=\"1881\">\n<td data-start=\"1826\" data-end=\"1837\" data-col-size=\"sm\">Materiaali<\/td>\n<td data-start=\"1837\" data-end=\"1881\" data-col-size=\"sm\">Kromiter\u00e4s \/ Ruostumaton ter\u00e4s \/ Keraami<\/td>\n<\/tr>\n<tr data-start=\"1882\" data-end=\"1923\">\n<td data-start=\"1882\" data-end=\"1898\" data-col-size=\"sm\">Keh\u00e4materiaali<\/td>\n<td data-col-size=\"sm\" data-start=\"1898\" data-end=\"1923\">Ter\u00e4s \/ Messinki \/ Nailon<\/td>\n<\/tr>\n<tr data-start=\"1924\" data-end=\"1954\">\n<td data-start=\"1924\" data-end=\"1938\" data-col-size=\"sm\">Voitelu<\/td>\n<td data-start=\"1938\" data-end=\"1954\" data-col-size=\"sm\">Rasva \/ \u00d6ljy<\/td>\n<\/tr>\n<tr data-start=\"1955\" data-end=\"1995\">\n<td data-start=\"1955\" data-end=\"1974\" data-col-size=\"sm\">Tarkkuusluokitus<\/td>\n<td data-start=\"1974\" data-end=\"1995\" data-col-size=\"sm\">P0 \/ P6 \/ P5 \/ P4<\/td>\n<\/tr>\n<tr data-start=\"1996\" data-end=\"2038\">\n<td data-start=\"1996\" data-end=\"2020\" data-col-size=\"sm\">K\u00e4ytt\u00f6l\u00e4mp\u00f6tila<\/td>\n<td data-start=\"2020\" data-end=\"2038\" data-col-size=\"sm\">-20\u00b0C - 120\u00b0C<\/td>\n<\/tr>\n<\/tbody>\n<\/table>\n<\/div>\n<\/div>\n<h1 data-section-id=\"1p00fbj\" data-start=\"2045\" data-end=\"2063\"><span role=\"text\"><strong data-start=\"2047\" data-end=\"2063\">Sovellukset<\/strong><\/span><\/h1>\n<p data-start=\"2065\" data-end=\"2133\">7206AC-tarkkuuskulmainen laakeri on laajasti k\u00e4yt\u00f6ss\u00e4:<\/p>\n<ul data-start=\"2135\" data-end=\"2335\">\n<li data-section-id=\"1ni60xt\" data-start=\"2135\" data-end=\"2164\">CNC-koneistuskoneiden p\u00e4\u00e4akselit<\/li>\n<li data-section-id=\"1sh3jo\" data-start=\"2165\" data-end=\"2199\">Korkean nopeuden tarkkuuskoneet<\/li>\n<li data-section-id=\"xwcxty\" data-start=\"2200\" data-end=\"2233\">Teollisuuden automaatioj\u00e4rjestelm\u00e4t<\/li>\n<li data-section-id=\"dl2tr4\" data-start=\"2234\" data-end=\"2259\">Pumpuissa ja kompressoreissa<\/li>\n<li data-section-id=\"15oirsh\" data-start=\"2260\" data-end=\"2298\">Vaihteistoissa ja siirtoj\u00e4rjestelmiss\u00e4<\/li>\n<li data-section-id=\"1mwmlcy\" data-start=\"2299\" data-end=\"2335\">Robotiikka ja tarkkuuslaitteet<\/li>\n<\/ul>\n<h1 data-section-id=\"zdmnob\" data-start=\"2342\" data-end=\"2361\"><span role=\"text\"><strong data-start=\"2344\" data-end=\"2361\">Miksi valita meid\u00e4t<\/strong><\/span><\/h1>\n<ul data-start=\"2363\" data-end=\"2577\">\n<li data-section-id=\"19q7jog\" data-start=\"2363\" data-end=\"2408\">Tehtaalta suoraan toimitus vakaalla laadulla<\/li>\n<li data-section-id=\"w8c53i\" data-start=\"2409\" data-end=\"2453\">OEM- ja r\u00e4\u00e4t\u00e4l\u00f6intipalvelut saatavilla<\/li>\n<li data-section-id=\"juz6ao\" data-start=\"2454\" data-end=\"2497\">Korkean tarkkuuden valmistuskyky<\/li>\n<li data-section-id=\"tuyq12\" data-start=\"2498\" data-end=\"2535\">Nopea toimitus ja globaali toimitus<\/li>\n<li data-section-id=\"1w1qi25\" data-start=\"2536\" data-end=\"2577\">Tiukka laadunvalvonta ja testaus<\/li>\n<\/ul>\n<h1 data-section-id=\"1iusff4\" data-start=\"2584\" data-end=\"2593\"><span role=\"text\"><strong data-start=\"2586\" data-end=\"2593\">UKK<\/strong><\/span><\/h1>\n<p data-start=\"2595\" data-end=\"2755\"><strong data-start=\"2595\" data-end=\"2633\">Q1: Mit\u00e4 \u201cAC\u201d tarkoittaa 7206AC:ss\u00e4?<\/strong><br data-start=\"2633\" data-end=\"2636\" \/>A: \u201cAC\u201d tarkoittaa 25\u00b0 kosketuskulmaa, joka tarjoaa tasapainon aksiaalisen kuormituskapasiteetin ja korkean nopeuden suorituskyvyn v\u00e4lill\u00e4.<\/p>\n<p data-start=\"2757\" data-end=\"2920\"><strong data-start=\"2757\" data-end=\"2802\">Q2: Voiko 7206AC-laakereita k\u00e4ytt\u00e4\u00e4 pareittain?<\/strong><br data-start=\"2802\" data-end=\"2805\" \/>A: Kyll\u00e4, niit\u00e4 asennetaan yleisesti pareittain tukemaan aksiaalisia kuormia molempiin suuntiin ja parantamaan j\u00e4rjestelm\u00e4n j\u00e4ykkyytt\u00e4.<\/p>\n<p data-start=\"2922\" data-end=\"3098\"><strong data-start=\"2922\" data-end=\"2977\">Q3: Tarjoatteko korkean tarkkuuden tai keraamisia vaihtoehtoja?<\/strong><br data-start=\"2977\" data-end=\"2980\" \/>A: Kyll\u00e4, tarjoamme tarkkuusluokkia kuten P5 ja P4, sek\u00e4 keraamisia hybridiversioita korkean nopeuden sovelluksiin.<\/p>","protected":false},"excerpt":{"rendered":"<p>T\u00e4m\u00e4 <strong data-start=\"376\" data-end=\"415\">7206AC kulmapallo laakeri<\/strong> on korkean tarkkuuden laakeri, joka on suunniteltu suurinopeus- ja tarkkuussovelluksiin. Suunniteltu <strong data-start=\"518\" data-end=\"539\">25\u00b0 kosketuskulmalla<\/strong>, se tarjoaa optimaalisen tasapainon aksiaalisen kuormakapasiteetin ja py\u00f6rimisnopeuden v\u00e4lill\u00e4, mik\u00e4 tekee siit\u00e4 ihanteellisen tarkkuusakselij\u00e4rjestelmille ja teollisuuslaitteille.<\/p>","protected":false},"featured_media":2550,"comment_status":"open","ping_status":"closed","template":"","meta":{"site-sidebar-layout":"default","site-content-layout":"","ast-site-content-layout":"default","site-content-style":"default","site-sidebar-style":"default","ast-global-header-display":"","ast-banner-title-visibility":"","ast-main-header-display":"","ast-hfb-above-header-display":"","ast-hfb-below-header-display":"","ast-hfb-mobile-header-display":"","site-post-title":"","ast-breadcrumbs-content":"","ast-featured-img":"","footer-sml-layout":"","ast-disable-related-posts":"","theme-transparent-header-meta":"default","adv-header-id-meta":"","stick-header-meta":"default","header-above-stick-meta":"","header-main-stick-meta":"","header-below-stick-meta":"","astra-migrate-meta-layouts":"set","ast-page-background-enabled":"default","ast-page-background-meta":{"desktop":{"background-color":"","background-image":"","background-repeat":"repeat","background-position":"center center","background-size":"auto","background-attachment":"scroll","background-type":"","background-media":"","overlay-type":"","overlay-color":"","overlay-opacity":"","overlay-gradient":""},"tablet":{"background-color":"","background-image":"","background-repeat":"repeat","background-position":"center center","background-size":"auto","background-attachment":"scroll","background-type":"","background-media":"","overlay-type":"","overlay-color":"","overlay-opacity":"","overlay-gradient":""},"mobile":{"background-color":"","background-image":"","background-repeat":"repeat","background-position":"center center","background-size":"auto","background-attachment":"scroll","background-type":"","background-media":"","overlay-type":"","overlay-color":"","overlay-opacity":"","overlay-gradient":""}},"ast-content-background-meta":{"desktop":{"background-color":"var(--ast-global-color-5)","background-image":"","background-repeat":"repeat","background-position":"center center","background-size":"auto","background-attachment":"scroll","background-type":"","background-media":"","overlay-type":"","overlay-color":"","overlay-opacity":"","overlay-gradient":""},"tablet":{"background-color":"var(--ast-global-color-5)","background-image":"","background-repeat":"repeat","background-position":"center center","background-size":"auto","background-attachment":"scroll","background-type":"","background-media":"","overlay-type":"","overlay-color":"","overlay-opacity":"","overlay-gradient":""},"mobile":{"background-color":"var(--ast-global-color-5)","background-image":"","background-repeat":"repeat","background-position":"center center","background-size":"auto","background-attachment":"scroll","background-type":"","background-media":"","overlay-type":"","overlay-color":"","overlay-opacity":"","overlay-gradient":""}}},"product_brand":[],"product_cat":[21],"product_tag":[82,81,68,70,73,39,45,72,63,69],"class_list":{"0":"post-2387","1":"product","2":"type-product","3":"status-publish","4":"has-post-thumbnail","6":"product_cat-angular-contact-ball-bearings","7":"product_tag-25-degree-contact-angle-bearing","8":"product_tag-7206ac-bearing","9":"product_tag-angular-contact-ball-bearing","10":"product_tag-cnc-bearing","11":"product_tag-high-accuracy-bearing","12":"product_tag-high-speed-bearing","13":"product_tag-industrial-bearing","14":"product_tag-oem-bearing-supplier","15":"product_tag-precision-bearing","16":"product_tag-spindle-bearing","17":"desktop-align-left","18":"tablet-align-left","19":"mobile-align-left","20":"ast-product-gallery-layout-horizontal-slider","21":"ast-product-gallery-with-no-image","22":"ast-product-tabs-layout-horizontal","24":"first","25":"instock","26":"shipping-taxable","27":"product-type-simple"},"_links":{"self":[{"href":"https:\/\/www.machinerybearings.com\/fi\/wp-json\/wp\/v2\/product\/2387","targetHints":{"allow":["GET"]}}],"collection":[{"href":"https:\/\/www.machinerybearings.com\/fi\/wp-json\/wp\/v2\/product"}],"about":[{"href":"https:\/\/www.machinerybearings.com\/fi\/wp-json\/wp\/v2\/types\/product"}],"replies":[{"embeddable":true,"href":"https:\/\/www.machinerybearings.com\/fi\/wp-json\/wp\/v2\/comments?post=2387"}],"wp:featuredmedia":[{"embeddable":true,"href":"https:\/\/www.machinerybearings.com\/fi\/wp-json\/wp\/v2\/media\/2550"}],"wp:attachment":[{"href":"https:\/\/www.machinerybearings.com\/fi\/wp-json\/wp\/v2\/media?parent=2387"}],"wp:term":[{"taxonomy":"product_brand","embeddable":true,"href":"https:\/\/www.machinerybearings.com\/fi\/wp-json\/wp\/v2\/product_brand?post=2387"},{"taxonomy":"product_cat","embeddable":true,"href":"https:\/\/www.machinerybearings.com\/fi\/wp-json\/wp\/v2\/product_cat?post=2387"},{"taxonomy":"product_tag","embeddable":true,"href":"https:\/\/www.machinerybearings.com\/fi\/wp-json\/wp\/v2\/product_tag?post=2387"}],"curies":[{"name":"wp","href":"https:\/\/api.w.org\/{rel}","templated":true}]}}