{"id":2406,"date":"2026-04-12T14:38:59","date_gmt":"2026-04-12T14:38:59","guid":{"rendered":"https:\/\/www.machinerybearings.com\/?post_type=product&#038;p=2406"},"modified":"2026-05-04T12:37:15","modified_gmt":"2026-05-04T12:37:15","slug":"nj2206-cylindrical-roller-bearing-high-load-single-row-bearing-for-industrial-applications","status":"publish","type":"product","link":"https:\/\/www.machinerybearings.com\/fi\/tuote\/nj2206-cylindrical-roller-bearing-high-load-single-row-bearing-for-industrial-applications\/","title":{"rendered":"NJ2206 sylinterim\u00e4inen rullalaakeri \u2013 Korkean kuormituksen yksirivinen laakeri teollisiin sovelluksiin"},"content":{"rendered":"<p data-start=\"372\" data-end=\"682\">T\u00e4m\u00e4 <strong data-start=\"376\" data-end=\"413\">NJ2206 Cylindrical Roller Bearing<\/strong> is a high-performance bearing designed to support heavy radial loads while also allowing limited axial load in one direction. Its NJ-type structure includes a fixed inner ring rib and a loose outer ring rib, providing excellent guidance and stability during operation.<\/p>\n<p data-start=\"684\" data-end=\"969\">Manufactured from premium chrome steel and available in stainless steel and special material options, the NJ2206 bearing delivers high rigidity, low friction, and long service life. It is widely used in industrial machinery where reliability, load capacity, and precision are critical.<\/p>\n<p data-start=\"971\" data-end=\"1160\">Thanks to its separable design, the NJ2206 bearing is easy to install, inspect, and maintain, making it suitable for demanding mechanical systems operating under continuous load conditions.<\/p>\n<h1 data-section-id=\"8av2ty\" data-start=\"1167\" data-end=\"1185\"><span role=\"text\"><strong data-start=\"1169\" data-end=\"1185\">Avainominaisuudet<\/strong><\/span><\/h1>\n<ul data-start=\"1187\" data-end=\"1563\">\n<li data-section-id=\"xpk7u9\" data-start=\"1187\" data-end=\"1252\">High radial load capacity with axial support in one direction<\/li>\n<li data-section-id=\"9jc3dm\" data-start=\"1253\" data-end=\"1299\">NJ-type design with inner ring double ribs<\/li>\n<li data-section-id=\"k0i610\" data-start=\"1300\" data-end=\"1350\">Low friction and stable high-speed performance<\/li>\n<li data-section-id=\"1t0r671\" data-start=\"1351\" data-end=\"1412\">Separable structure for easy installation and maintenance<\/li>\n<li data-section-id=\"5i6uo9\" data-start=\"1413\" data-end=\"1452\">High rigidity and long service life<\/li>\n<li data-section-id=\"qd0666\" data-start=\"1453\" data-end=\"1504\">Suitable for heavy-duty industrial applications<\/li>\n<li data-section-id=\"1lco1zh\" data-start=\"1505\" data-end=\"1563\">Optional stainless steel and special material versions<\/li>\n<\/ul>\n<h1 data-section-id=\"10k15yz\" data-start=\"1570\" data-end=\"1600\"><span role=\"text\"><strong data-start=\"1572\" data-end=\"1600\">Teknisi\u00e4 tietoja<\/strong><\/span><\/h1>\n<div class=\"TyagGW_tableContainer\">\n<div class=\"group TyagGW_tableWrapper flex flex-col-reverse w-fit\" tabindex=\"-1\">\n<table class=\"w-fit min-w-(--thread-content-width)\" data-start=\"1602\" data-end=\"2008\">\n<thead data-start=\"1602\" data-end=\"1623\">\n<tr data-start=\"1602\" data-end=\"1623\">\n<th class=\"\" data-start=\"1602\" data-end=\"1614\" data-col-size=\"sm\">Parametri<\/th>\n<th class=\"\" data-start=\"1614\" data-end=\"1623\" data-col-size=\"sm\">Arvo<\/th>\n<\/tr>\n<\/thead>\n<tbody data-start=\"1644\" data-end=\"2008\">\n<tr data-start=\"1644\" data-end=\"1670\">\n<td data-start=\"1644\" data-end=\"1660\" data-col-size=\"sm\">Laakerimalli<\/td>\n<td data-col-size=\"sm\" data-start=\"1660\" data-end=\"1670\">NJ2206<\/td>\n<\/tr>\n<tr data-start=\"1671\" data-end=\"1701\">\n<td data-start=\"1671\" data-end=\"1692\" data-col-size=\"sm\">Sis\u00e4halkaisija (d)<\/td>\n<td data-start=\"1692\" data-end=\"1701\" data-col-size=\"sm\">30 mm<\/td>\n<\/tr>\n<tr data-start=\"1702\" data-end=\"1732\">\n<td data-start=\"1702\" data-end=\"1723\" data-col-size=\"sm\">Ulkohalkaisija (D)<\/td>\n<td data-start=\"1723\" data-end=\"1732\" data-col-size=\"sm\">62 mm<\/td>\n<\/tr>\n<tr data-start=\"1733\" data-end=\"1754\">\n<td data-start=\"1733\" data-end=\"1745\" data-col-size=\"sm\">Leveys (B)<\/td>\n<td data-start=\"1745\" data-end=\"1754\" data-col-size=\"sm\">20 mm<\/td>\n<\/tr>\n<tr data-start=\"1755\" data-end=\"1810\">\n<td data-start=\"1755\" data-end=\"1770\" data-col-size=\"sm\">Laakertype<\/td>\n<td data-col-size=\"sm\" data-start=\"1770\" data-end=\"1810\">Cylindrical Roller Bearing (NJ Type)<\/td>\n<\/tr>\n<tr data-start=\"1811\" data-end=\"1856\">\n<td data-start=\"1811\" data-end=\"1822\" data-col-size=\"sm\">Materiaali<\/td>\n<td data-col-size=\"sm\" data-start=\"1822\" data-end=\"1856\">Kromiter\u00e4s \/ Ruostumaton ter\u00e4s<\/td>\n<\/tr>\n<tr data-start=\"1857\" data-end=\"1898\">\n<td data-start=\"1857\" data-end=\"1873\" data-col-size=\"sm\">Keh\u00e4materiaali<\/td>\n<td data-start=\"1873\" data-end=\"1898\" data-col-size=\"sm\">Ter\u00e4s \/ Messinki \/ Nailon<\/td>\n<\/tr>\n<tr data-start=\"1899\" data-end=\"1929\">\n<td data-start=\"1899\" data-end=\"1913\" data-col-size=\"sm\">Voitelu<\/td>\n<td data-start=\"1913\" data-end=\"1929\" data-col-size=\"sm\">Rasva \/ \u00d6ljy<\/td>\n<\/tr>\n<tr data-start=\"1930\" data-end=\"1965\">\n<td data-start=\"1930\" data-end=\"1949\" data-col-size=\"sm\">Tarkkuusluokitus<\/td>\n<td data-start=\"1949\" data-end=\"1965\" data-col-size=\"sm\">P0 \/ P6 \/ P5<\/td>\n<\/tr>\n<tr data-start=\"1966\" data-end=\"2008\">\n<td data-start=\"1966\" data-end=\"1990\" data-col-size=\"sm\">K\u00e4ytt\u00f6l\u00e4mp\u00f6tila<\/td>\n<td data-col-size=\"sm\" data-start=\"1990\" data-end=\"2008\">-20\u00b0C - 120\u00b0C<\/td>\n<\/tr>\n<\/tbody>\n<\/table>\n<\/div>\n<\/div>\n<h1 data-section-id=\"1p00fbj\" data-start=\"2015\" data-end=\"2033\"><span role=\"text\"><strong data-start=\"2017\" data-end=\"2033\">Sovellukset<\/strong><\/span><\/h1>\n<p data-start=\"2035\" data-end=\"2091\">The NJ2206 cylindrical roller bearing is widely used in:<\/p>\n<ul data-start=\"2093\" data-end=\"2283\">\n<li data-section-id=\"15oirsh\" data-start=\"2093\" data-end=\"2131\">Vaihteistoissa ja siirtoj\u00e4rjestelmiss\u00e4<\/li>\n<li data-section-id=\"19ja8o\" data-start=\"2132\" data-end=\"2166\">S\u00e4hk\u00f6moottoreissa ja generaattoreissa<\/li>\n<li data-section-id=\"1052t9j\" data-start=\"2167\" data-end=\"2203\">Industrial pumps and compressors<\/li>\n<li data-section-id=\"1hksgdi\" data-start=\"2204\" data-end=\"2221\">Machine tools<\/li>\n<li data-section-id=\"1xhvdi8\" data-start=\"2222\" data-end=\"2252\">Kaivostoiminta ja raskaat koneet<\/li>\n<li data-section-id=\"12p5tyk\" data-start=\"2253\" data-end=\"2283\">Conveyor and drive systems<\/li>\n<\/ul>\n<h1 data-section-id=\"zdmnob\" data-start=\"2290\" data-end=\"2309\"><span role=\"text\"><strong data-start=\"2292\" data-end=\"2309\">Miksi valita meid\u00e4t<\/strong><\/span><\/h1>\n<ul data-start=\"2311\" data-end=\"2516\">\n<li data-section-id=\"19q7jog\" data-start=\"2311\" data-end=\"2356\">Tehtaalta suoraan toimitus vakaalla laadulla<\/li>\n<li data-section-id=\"r3ng4h\" data-start=\"2357\" data-end=\"2395\">OEM and custom engineering support<\/li>\n<li data-section-id=\"14z99ux\" data-start=\"2396\" data-end=\"2442\">High load-bearing manufacturing capability<\/li>\n<li data-section-id=\"s44wzj\" data-start=\"2443\" data-end=\"2467\">Nopea globaali toimitus<\/li>\n<li data-section-id=\"1xn5vwo\" data-start=\"2468\" data-end=\"2516\">Tiukka laatuvalvonta ja testausj\u00e4rjestelm\u00e4<\/li>\n<\/ul>\n<h1 data-section-id=\"1iusff4\" data-start=\"2523\" data-end=\"2532\"><span role=\"text\"><strong data-start=\"2525\" data-end=\"2532\">UKK<\/strong><\/span><\/h1>\n<p data-start=\"2534\" data-end=\"2740\"><strong data-start=\"2534\" data-end=\"2611\">Q1: What is the difference between NJ and NU cylindrical roller bearings?<\/strong><br data-start=\"2611\" data-end=\"2614\" \/>A: NJ bearings can support axial load in one direction, while NU bearings mainly support radial load and allow axial movement.<\/p>\n<p data-start=\"2742\" data-end=\"2881\"><strong data-start=\"2742\" data-end=\"2797\">Q2: Is NJ2206 suitable for heavy-duty applications?<\/strong><br data-start=\"2797\" data-end=\"2800\" \/>A: Yes, it is designed for high radial load and industrial heavy-duty conditions.<\/p>\n<p data-start=\"2883\" data-end=\"3024\"><strong data-start=\"2883\" data-end=\"2938\">Q3: Do you provide stainless steel NJ2206 bearings?<\/strong><br data-start=\"2938\" data-end=\"2941\" \/>A: Kyll\u00e4, ruostumatonta ter\u00e4st\u00e4 ja r\u00e4\u00e4t\u00e4l\u00f6ityj\u00e4 materiaalivaihtoehtoja on saatavana pyynn\u00f6st\u00e4.<\/p>","protected":false},"excerpt":{"rendered":"<p>T\u00e4m\u00e4 <strong data-start=\"376\" data-end=\"413\">NJ2206 Cylindrical Roller Bearing<\/strong> is a high-performance bearing designed to support heavy radial loads while also allowing limited axial load in one direction. Its NJ-type structure includes a fixed inner ring rib and a loose outer ring rib, providing excellent guidance and stability during operation.<\/p>","protected":false},"featured_media":2589,"comment_status":"open","ping_status":"closed","template":"","meta":{"site-sidebar-layout":"default","site-content-layout":"","ast-site-content-layout":"default","site-content-style":"default","site-sidebar-style":"default","ast-global-header-display":"","ast-banner-title-visibility":"","ast-main-header-display":"","ast-hfb-above-header-display":"","ast-hfb-below-header-display":"","ast-hfb-mobile-header-display":"","site-post-title":"","ast-breadcrumbs-content":"","ast-featured-img":"","footer-sml-layout":"","ast-disable-related-posts":"","theme-transparent-header-meta":"default","adv-header-id-meta":"","stick-header-meta":"default","header-above-stick-meta":"","header-main-stick-meta":"","header-below-stick-meta":"","astra-migrate-meta-layouts":"set","ast-page-background-enabled":"default","ast-page-background-meta":{"desktop":{"background-color":"","background-image":"","background-repeat":"repeat","background-position":"center center","background-size":"auto","background-attachment":"scroll","background-type":"","background-media":"","overlay-type":"","overlay-color":"","overlay-opacity":"","overlay-gradient":""},"tablet":{"background-color":"","background-image":"","background-repeat":"repeat","background-position":"center center","background-size":"auto","background-attachment":"scroll","background-type":"","background-media":"","overlay-type":"","overlay-color":"","overlay-opacity":"","overlay-gradient":""},"mobile":{"background-color":"","background-image":"","background-repeat":"repeat","background-position":"center center","background-size":"auto","background-attachment":"scroll","background-type":"","background-media":"","overlay-type":"","overlay-color":"","overlay-opacity":"","overlay-gradient":""}},"ast-content-background-meta":{"desktop":{"background-color":"var(--ast-global-color-5)","background-image":"","background-repeat":"repeat","background-position":"center center","background-size":"auto","background-attachment":"scroll","background-type":"","background-media":"","overlay-type":"","overlay-color":"","overlay-opacity":"","overlay-gradient":""},"tablet":{"background-color":"var(--ast-global-color-5)","background-image":"","background-repeat":"repeat","background-position":"center center","background-size":"auto","background-attachment":"scroll","background-type":"","background-media":"","overlay-type":"","overlay-color":"","overlay-opacity":"","overlay-gradient":""},"mobile":{"background-color":"var(--ast-global-color-5)","background-image":"","background-repeat":"repeat","background-position":"center center","background-size":"auto","background-attachment":"scroll","background-type":"","background-media":"","overlay-type":"","overlay-color":"","overlay-opacity":"","overlay-gradient":""}}},"product_brand":[],"product_cat":[25],"product_tag":[139,78,51,45,38,142,141,122,143,133],"class_list":{"0":"post-2406","1":"product","2":"type-product","3":"status-publish","4":"has-post-thumbnail","6":"product_cat-cylindrical-roller-bearings","7":"product_tag-cylindrical-roller-bearing","8":"product_tag-gearbox-bearing","9":"product_tag-high-load-bearing","10":"product_tag-industrial-bearing","11":"product_tag-motor-bearing","12":"product_tag-nj-type-bearing","13":"product_tag-nj2206-bearing","14":"product_tag-oem-bearing","15":"product_tag-precision-bearing-manufacturer","16":"product_tag-roller-bearing-supplier","17":"desktop-align-left","18":"tablet-align-left","19":"mobile-align-left","20":"ast-product-gallery-layout-horizontal-slider","21":"ast-product-gallery-with-no-image","22":"ast-product-tabs-layout-horizontal","24":"first","25":"instock","26":"shipping-taxable","27":"product-type-simple"},"_links":{"self":[{"href":"https:\/\/www.machinerybearings.com\/fi\/wp-json\/wp\/v2\/product\/2406","targetHints":{"allow":["GET"]}}],"collection":[{"href":"https:\/\/www.machinerybearings.com\/fi\/wp-json\/wp\/v2\/product"}],"about":[{"href":"https:\/\/www.machinerybearings.com\/fi\/wp-json\/wp\/v2\/types\/product"}],"replies":[{"embeddable":true,"href":"https:\/\/www.machinerybearings.com\/fi\/wp-json\/wp\/v2\/comments?post=2406"}],"wp:featuredmedia":[{"embeddable":true,"href":"https:\/\/www.machinerybearings.com\/fi\/wp-json\/wp\/v2\/media\/2589"}],"wp:attachment":[{"href":"https:\/\/www.machinerybearings.com\/fi\/wp-json\/wp\/v2\/media?parent=2406"}],"wp:term":[{"taxonomy":"product_brand","embeddable":true,"href":"https:\/\/www.machinerybearings.com\/fi\/wp-json\/wp\/v2\/product_brand?post=2406"},{"taxonomy":"product_cat","embeddable":true,"href":"https:\/\/www.machinerybearings.com\/fi\/wp-json\/wp\/v2\/product_cat?post=2406"},{"taxonomy":"product_tag","embeddable":true,"href":"https:\/\/www.machinerybearings.com\/fi\/wp-json\/wp\/v2\/product_tag?post=2406"}],"curies":[{"name":"wp","href":"https:\/\/api.w.org\/{rel}","templated":true}]}}