{"id":2421,"date":"2026-04-12T15:09:40","date_gmt":"2026-04-12T15:09:40","guid":{"rendered":"https:\/\/www.machinerybearings.com\/?post_type=product&#038;p=2421"},"modified":"2026-05-04T14:05:11","modified_gmt":"2026-05-04T14:05:11","slug":"ucfl204-bearing-unit-flanged-pillow-block-insert-bearing-for-industrial-applications","status":"publish","type":"product","link":"https:\/\/www.machinerybearings.com\/fi\/tuote\/ucfl204-bearing-unit-flanged-pillow-block-insert-bearing-for-industrial-applications\/","title":{"rendered":"UCFL204 laakeriyksikk\u00f6 \u2013 Flange-patjalaukerin sis\u00e4laakeri teollisiin sovelluksiin"},"content":{"rendered":"<p data-start=\"349\" data-end=\"599\">T\u00e4m\u00e4 <strong data-start=\"353\" data-end=\"377\">UCFL204 Laakeriyksikk\u00f6<\/strong> on kiinnitetty laakerikokoonpano, joka koostuu <strong data-start=\"424\" data-end=\"484\">UC204 sis\u00e4laakerista ja FL-tyypin 2-pulttisesta laippakotelosta<\/strong>. Se on suunniteltu helppoa asennusta, vakaata toimintaa ja luotettavaa akselitukea varten kompakteissa teollisuusj\u00e4rjestelmiss\u00e4.<\/p>\n<p data-start=\"601\" data-end=\"928\">UC204 sis\u00e4laakerin pallomainen ulkopinta mahdollistaa itsesuuntautumisen kotelossa, mik\u00e4 auttaa kompensoimaan akselin v\u00e4\u00e4r\u00e4linjausta ja v\u00e4hent\u00e4m\u00e4\u00e4n asennusvirheit\u00e4. Yhdistettyn\u00e4 kest\u00e4v\u00e4\u00e4n valurautalaippakoteloon, UCFL204-yksikk\u00f6 tarjoaa vahvaa j\u00e4ykkyytt\u00e4 ja pitk\u00e4\u00e4 k\u00e4ytt\u00f6ik\u00e4\u00e4 jopa jatkuvassa k\u00e4yt\u00f6ss\u00e4.<\/p>\n<p data-start=\"930\" data-end=\"1048\">T\u00e4t\u00e4 laakeriyksikk\u00f6\u00e4 k\u00e4ytet\u00e4\u00e4n laajalti koneissa, joissa tarvitaan tilaa s\u00e4\u00e4st\u00e4v\u00e4\u00e4 asennusta ja turvallista laippakiinnityst\u00e4.<\/p>\n<h1 data-section-id=\"8av2ty\" data-start=\"1055\" data-end=\"1073\"><span role=\"text\"><strong data-start=\"1057\" data-end=\"1073\">Avainominaisuudet<\/strong><\/span><\/h1>\n<ul data-start=\"1075\" data-end=\"1418\">\n<li data-section-id=\"1iip39r\" data-start=\"1075\" data-end=\"1137\">T\u00e4ydellinen laakeriyksikk\u00f6: UC204 sis\u00e4laakeri + FL204 laippakotelo<\/li>\n<li data-section-id=\"c8j627\" data-start=\"1138\" data-end=\"1180\">2-pulttinen laippasuunnittelu helppoa asennusta varten<\/li>\n<li data-section-id=\"1htcgf9\" data-start=\"1181\" data-end=\"1236\">Itsesuuntautuva rakenne v\u00e4hent\u00e4\u00e4 asennusvirheit\u00e4<\/li>\n<li data-section-id=\"hz8ven\" data-start=\"1237\" data-end=\"1286\">Esirasvattu huoltovapaata toimintaa varten<\/li>\n<li data-section-id=\"50mpjz\" data-start=\"1287\" data-end=\"1330\">Vahva valurautakotelo kest\u00e4vyydelle<\/li>\n<li data-section-id=\"1sh2lpk\" data-start=\"1331\" data-end=\"1375\">Sujuva toiminta vakaalla suorituskyvyll\u00e4<\/li>\n<li data-section-id=\"1398rv\" data-start=\"1376\" data-end=\"1418\">Sopii jatkuvaan teolliseen k\u00e4ytt\u00f6\u00f6n<\/li>\n<\/ul>\n<h1 data-section-id=\"10k15yz\" data-start=\"1425\" data-end=\"1455\"><span role=\"text\"><strong data-start=\"1427\" data-end=\"1455\">Teknisi\u00e4 tietoja<\/strong><\/span><\/h1>\n<div class=\"TyagGW_tableContainer\">\n<div class=\"group TyagGW_tableWrapper flex flex-col-reverse w-fit\" tabindex=\"-1\">\n<table class=\"w-fit min-w-(--thread-content-width)\" data-start=\"1457\" data-end=\"1828\">\n<thead data-start=\"1457\" data-end=\"1478\">\n<tr data-start=\"1457\" data-end=\"1478\">\n<th class=\"\" data-start=\"1457\" data-end=\"1469\" data-col-size=\"sm\">Parametri<\/th>\n<th class=\"\" data-start=\"1469\" data-end=\"1478\" data-col-size=\"md\">Arvo<\/th>\n<\/tr>\n<\/thead>\n<tbody data-start=\"1499\" data-end=\"1828\">\n<tr data-start=\"1499\" data-end=\"1526\">\n<td data-start=\"1499\" data-end=\"1515\" data-col-size=\"sm\">Laakerimalli<\/td>\n<td data-start=\"1515\" data-end=\"1526\" data-col-size=\"md\">UCFL204<\/td>\n<\/tr>\n<tr data-start=\"1527\" data-end=\"1553\">\n<td data-start=\"1527\" data-end=\"1544\" data-col-size=\"sm\">Lis\u00e4laakeri<\/td>\n<td data-start=\"1544\" data-end=\"1553\" data-col-size=\"md\">UC204<\/td>\n<\/tr>\n<tr data-start=\"1554\" data-end=\"1594\">\n<td data-start=\"1554\" data-end=\"1569\" data-col-size=\"sm\">Kotelotyyppi<\/td>\n<td data-start=\"1569\" data-end=\"1594\" data-col-size=\"md\">FL 2-pulttinen flangiokappale<\/td>\n<\/tr>\n<tr data-start=\"1595\" data-end=\"1621\">\n<td data-start=\"1595\" data-end=\"1612\" data-col-size=\"sm\">Akselin halkaisija<\/td>\n<td data-start=\"1612\" data-end=\"1621\" data-col-size=\"md\">20 mm<\/td>\n<\/tr>\n<tr data-start=\"1622\" data-end=\"1681\">\n<td data-start=\"1622\" data-end=\"1633\" data-col-size=\"sm\">Materiaali<\/td>\n<td data-start=\"1633\" data-end=\"1681\" data-col-size=\"md\">Kromiter\u00e4s (laakeri) \/ Valurauta (kotelo)<\/td>\n<\/tr>\n<tr data-start=\"1682\" data-end=\"1720\">\n<td data-start=\"1682\" data-end=\"1697\" data-col-size=\"sm\">Tiivistystyyppi<\/td>\n<td data-start=\"1697\" data-end=\"1720\" data-col-size=\"md\">Kumitiivistetty (2RS)<\/td>\n<\/tr>\n<tr data-start=\"1721\" data-end=\"1750\">\n<td data-start=\"1721\" data-end=\"1735\" data-col-size=\"sm\">Voitelu<\/td>\n<td data-start=\"1735\" data-end=\"1750\" data-col-size=\"md\">Esirasvattu<\/td>\n<\/tr>\n<tr data-start=\"1751\" data-end=\"1785\">\n<td data-start=\"1751\" data-end=\"1767\" data-col-size=\"sm\">Asennustyyppi<\/td>\n<td data-start=\"1767\" data-end=\"1785\" data-col-size=\"md\">Flangille asennettu<\/td>\n<\/tr>\n<tr data-start=\"1786\" data-end=\"1828\">\n<td data-start=\"1786\" data-end=\"1810\" data-col-size=\"sm\">K\u00e4ytt\u00f6l\u00e4mp\u00f6tila<\/td>\n<td data-start=\"1810\" data-end=\"1828\" data-col-size=\"md\">-20\u00b0C - 120\u00b0C<\/td>\n<\/tr>\n<\/tbody>\n<\/table>\n<\/div>\n<\/div>\n<h1 data-section-id=\"1p00fbj\" data-start=\"1835\" data-end=\"1853\"><span role=\"text\"><strong data-start=\"1837\" data-end=\"1853\">Sovellukset<\/strong><\/span><\/h1>\n<p data-start=\"1855\" data-end=\"1898\">UCFL204-laakeriyksikk\u00f6\u00e4 k\u00e4ytet\u00e4\u00e4n laajalti:<\/p>\n<ul data-start=\"1900\" data-end=\"2062\">\n<li data-section-id=\"176s2ln\" data-start=\"1900\" data-end=\"1920\">Kuljetinj\u00e4rjestelm\u00e4t<\/li>\n<li data-section-id=\"1n6ynun\" data-start=\"1921\" data-end=\"1947\">Maatalouskoneet<\/li>\n<li data-section-id=\"1htpp6l\" data-start=\"1948\" data-end=\"1971\">Pakkauskoneet<\/li>\n<li data-section-id=\"i9rybb\" data-start=\"1972\" data-end=\"2000\">Elintarvikkeiden k\u00e4sittelykoneissa<\/li>\n<li data-section-id=\"io1u9n\" data-start=\"2001\" data-end=\"2022\">Tekstiilikoneet<\/li>\n<li data-section-id=\"1rjvugo\" data-start=\"2023\" data-end=\"2062\">Kevyiss\u00e4 teollisuusautomaatioj\u00e4rjestelmiss\u00e4<\/li>\n<\/ul>\n<h1 data-section-id=\"zdmnob\" data-start=\"2069\" data-end=\"2088\"><span role=\"text\"><strong data-start=\"2071\" data-end=\"2088\">Miksi valita meid\u00e4t<\/strong><\/span><\/h1>\n<ul data-start=\"2090\" data-end=\"2300\">\n<li data-section-id=\"17c68gd\" data-start=\"2090\" data-end=\"2139\">Vakaa tehdastoimitus johdonmukaisella laadulla<\/li>\n<li data-section-id=\"u89jr3\" data-start=\"2140\" data-end=\"2184\">OEM- ja r\u00e4\u00e4t\u00e4l\u00f6ityj\u00e4 kotelovaihtoehtoja saatavilla<\/li>\n<li data-section-id=\"fwknz2\" data-start=\"2185\" data-end=\"2224\">Yhteensopiva standardien UCFL-yksik\u00f6iden kanssa<\/li>\n<li data-section-id=\"g74bia\" data-start=\"2225\" data-end=\"2258\">Nopea toimitus suurille tilauksille<\/li>\n<li data-section-id=\"1u6ytj0\" data-start=\"2259\" data-end=\"2300\">Tiukka tarkastus ja laatuvalvonta<\/li>\n<\/ul>\n<h1 data-section-id=\"1iusff4\" data-start=\"2307\" data-end=\"2316\"><span role=\"text\"><strong data-start=\"2309\" data-end=\"2316\">UKK<\/strong><\/span><\/h1>\n<p data-start=\"2318\" data-end=\"2475\"><strong data-start=\"2318\" data-end=\"2354\">Q1: Mik\u00e4 on UCFL-laakeriyksikk\u00f6?<\/strong><br data-start=\"2354\" data-end=\"2357\" \/>A: Se on t\u00e4ydellinen asennettu laakeriyksikk\u00f6, joka koostuu UC-insert-laakerista ja flangikotelosta helppoa asennusta varten.<\/p>\n<p data-start=\"2477\" data-end=\"2593\"><strong data-start=\"2477\" data-end=\"2516\">Q2: Voiko UCFL204:n vaihtaa helposti?<\/strong><br data-start=\"2516\" data-end=\"2519\" \/>A: Kyll\u00e4, se on suunniteltu standardivaihtoon flangille asennetuissa j\u00e4rjestelmiss\u00e4.<\/p>\n<p data-start=\"2595\" data-end=\"2710\"><strong data-start=\"2595\" data-end=\"2641\">Q3: Onko se sopiva p\u00f6lyisiin ymp\u00e4rist\u00f6ihin?<\/strong><br data-start=\"2641\" data-end=\"2644\" \/>A: Kyll\u00e4, tiivistetty muotoilu auttaa suojaamaan p\u00f6lylt\u00e4 ja kosteudelta.<\/p>","protected":false},"excerpt":{"rendered":"<p>T\u00e4m\u00e4 <strong data-start=\"353\" data-end=\"377\">UCFL204 Laakeriyksikk\u00f6<\/strong> on kiinnitetty laakerikokoonpano, joka koostuu <strong data-start=\"424\" data-end=\"484\">UC204 sis\u00e4laakerista ja FL-tyypin 2-pulttisesta laippakotelosta<\/strong>. Se on suunniteltu helppoa asennusta, vakaata toimintaa ja luotettavaa akselitukea varten kompakteissa teollisuusj\u00e4rjestelmiss\u00e4.<\/p>","protected":false},"featured_media":2601,"comment_status":"open","ping_status":"closed","template":"","meta":{"site-sidebar-layout":"default","site-content-layout":"","ast-site-content-layout":"default","site-content-style":"default","site-sidebar-style":"default","ast-global-header-display":"","ast-banner-title-visibility":"","ast-main-header-display":"","ast-hfb-above-header-display":"","ast-hfb-below-header-display":"","ast-hfb-mobile-header-display":"","site-post-title":"","ast-breadcrumbs-content":"","ast-featured-img":"","footer-sml-layout":"","ast-disable-related-posts":"","theme-transparent-header-meta":"default","adv-header-id-meta":"","stick-header-meta":"default","header-above-stick-meta":"","header-main-stick-meta":"","header-below-stick-meta":"","astra-migrate-meta-layouts":"set","ast-page-background-enabled":"default","ast-page-background-meta":{"desktop":{"background-color":"","background-image":"","background-repeat":"repeat","background-position":"center center","background-size":"auto","background-attachment":"scroll","background-type":"","background-media":"","overlay-type":"","overlay-color":"","overlay-opacity":"","overlay-gradient":""},"tablet":{"background-color":"","background-image":"","background-repeat":"repeat","background-position":"center center","background-size":"auto","background-attachment":"scroll","background-type":"","background-media":"","overlay-type":"","overlay-color":"","overlay-opacity":"","overlay-gradient":""},"mobile":{"background-color":"","background-image":"","background-repeat":"repeat","background-position":"center center","background-size":"auto","background-attachment":"scroll","background-type":"","background-media":"","overlay-type":"","overlay-color":"","overlay-opacity":"","overlay-gradient":""}},"ast-content-background-meta":{"desktop":{"background-color":"var(--ast-global-color-5)","background-image":"","background-repeat":"repeat","background-position":"center center","background-size":"auto","background-attachment":"scroll","background-type":"","background-media":"","overlay-type":"","overlay-color":"","overlay-opacity":"","overlay-gradient":""},"tablet":{"background-color":"var(--ast-global-color-5)","background-image":"","background-repeat":"repeat","background-position":"center center","background-size":"auto","background-attachment":"scroll","background-type":"","background-media":"","overlay-type":"","overlay-color":"","overlay-opacity":"","overlay-gradient":""},"mobile":{"background-color":"var(--ast-global-color-5)","background-image":"","background-repeat":"repeat","background-position":"center center","background-size":"auto","background-attachment":"scroll","background-type":"","background-media":"","overlay-type":"","overlay-color":"","overlay-opacity":"","overlay-gradient":""}}},"product_brand":[],"product_cat":[27],"product_tag":[165,169,45,167,72,157,162,166,168,164],"class_list":{"0":"post-2421","1":"product","2":"type-product","3":"status-publish","4":"has-post-thumbnail","6":"product_cat-insert-bearings","7":"product_tag-flange-bearing-unit","8":"product_tag-flange-mounted-bearing","9":"product_tag-industrial-bearing","10":"product_tag-mounted-bearing-unit","11":"product_tag-oem-bearing-supplier","12":"product_tag-pillow-block-bearing","13":"product_tag-self-aligning-bearing","14":"product_tag-uc-insert-bearing","15":"product_tag-ucfl-housing-bearing","16":"product_tag-ucfl204-bearing","17":"desktop-align-left","18":"tablet-align-left","19":"mobile-align-left","20":"ast-product-gallery-layout-horizontal-slider","21":"ast-product-gallery-with-no-image","22":"ast-product-tabs-layout-horizontal","24":"first","25":"instock","26":"shipping-taxable","27":"product-type-simple"},"_links":{"self":[{"href":"https:\/\/www.machinerybearings.com\/fi\/wp-json\/wp\/v2\/product\/2421","targetHints":{"allow":["GET"]}}],"collection":[{"href":"https:\/\/www.machinerybearings.com\/fi\/wp-json\/wp\/v2\/product"}],"about":[{"href":"https:\/\/www.machinerybearings.com\/fi\/wp-json\/wp\/v2\/types\/product"}],"replies":[{"embeddable":true,"href":"https:\/\/www.machinerybearings.com\/fi\/wp-json\/wp\/v2\/comments?post=2421"}],"wp:featuredmedia":[{"embeddable":true,"href":"https:\/\/www.machinerybearings.com\/fi\/wp-json\/wp\/v2\/media\/2601"}],"wp:attachment":[{"href":"https:\/\/www.machinerybearings.com\/fi\/wp-json\/wp\/v2\/media?parent=2421"}],"wp:term":[{"taxonomy":"product_brand","embeddable":true,"href":"https:\/\/www.machinerybearings.com\/fi\/wp-json\/wp\/v2\/product_brand?post=2421"},{"taxonomy":"product_cat","embeddable":true,"href":"https:\/\/www.machinerybearings.com\/fi\/wp-json\/wp\/v2\/product_cat?post=2421"},{"taxonomy":"product_tag","embeddable":true,"href":"https:\/\/www.machinerybearings.com\/fi\/wp-json\/wp\/v2\/product_tag?post=2421"}],"curies":[{"name":"wp","href":"https:\/\/api.w.org\/{rel}","templated":true}]}}