{"id":2422,"date":"2026-04-12T15:14:52","date_gmt":"2026-04-12T15:14:52","guid":{"rendered":"https:\/\/www.machinerybearings.com\/?post_type=product&#038;p=2422"},"modified":"2026-05-04T14:10:09","modified_gmt":"2026-05-04T14:10:09","slug":"ucp205-pillow-block-insert-bearing-unit-self-aligning-mounted-bearing-for-industrial-applications","status":"publish","type":"product","link":"https:\/\/www.machinerybearings.com\/fi\/tuote\/ucp205-pillow-block-insert-bearing-unit-self-aligning-mounted-bearing-for-industrial-applications\/","title":{"rendered":"UCP205 patjalaukerin sis\u00e4laakeriyksikk\u00f6 \u2013 Itseohjautuva asennettu laakeri teollisiin sovelluksiin"},"content":{"rendered":"<p data-start=\"363\" data-end=\"674\">T\u00e4m\u00e4 <strong data-start=\"367\" data-end=\"410\">UCP205 Tyynylohko Lis\u00e4laakeriyksikk\u00f6<\/strong> on laajalti k\u00e4ytetty asennettu laakeriratkaisu, joka koostuu <strong data-start=\"469\" data-end=\"529\">UC205 lis\u00e4laakerista ja P-sarjan tyynylohko kotelosta<\/strong>. Se on suunniteltu helppoa asennusta, luotettavaa akselitukea ja vakaata toimintaa varten laajalla teollisuuden ja maatalouden sovellusalueella.<\/p>\n<p data-start=\"676\" data-end=\"1021\">UC205 lis\u00e4laakerissa on pallomainen ulkopinta, joka mahdollistaa itses\u00e4\u00e4d\u00f6n kotelossa, auttaen kompensoimaan akselin v\u00e4\u00e4r\u00e4linjausta ja v\u00e4hent\u00e4m\u00e4\u00e4n asennusj\u00e4nnityst\u00e4. Yhdistettyn\u00e4 vahvaan valurautatyynylohko koteloon, UCP205 yksikk\u00f6 tarjoaa erinomaisen kest\u00e4vyys ja pitk\u00e4n k\u00e4ytt\u00f6i\u00e4n jopa jatkuvissa kuormitustilanteissa.<\/p>\n<p data-start=\"1023\" data-end=\"1160\">T\u00e4m\u00e4 laakeriyksikk\u00f6 on esirasvattu ja tiivistetty, mik\u00e4 tekee siit\u00e4 v\u00e4h\u00e4n huoltoa vaativan ja sopivan pitk\u00e4aikaiseen k\u00e4ytt\u00f6\u00f6n vaativissa ymp\u00e4rist\u00f6iss\u00e4.<\/p>\n<h1 data-section-id=\"8av2ty\" data-start=\"1167\" data-end=\"1185\"><span role=\"text\"><strong data-start=\"1169\" data-end=\"1185\">Avainominaisuudet<\/strong><\/span><\/h1>\n<ul data-start=\"1187\" data-end=\"1537\">\n<li data-section-id=\"1eo27wa\" data-start=\"1187\" data-end=\"1254\">T\u00e4ydellinen yksikk\u00f6: UC205 lis\u00e4laakeri + P205 tyynylohko kotelo<\/li>\n<li data-section-id=\"41j4o2\" data-start=\"1255\" data-end=\"1307\">Itses\u00e4\u00e4tyv\u00e4 muotoilu v\u00e4hent\u00e4\u00e4 asennusvirheit\u00e4<\/li>\n<li data-section-id=\"g14pap\" data-start=\"1308\" data-end=\"1356\">Vahva valurautakotelo korkealle kest\u00e4vyydelle<\/li>\n<li data-section-id=\"1jun2sr\" data-start=\"1357\" data-end=\"1403\">Esirasvattu huoltovapaaseen toimintaan<\/li>\n<li data-section-id=\"1owb0yh\" data-start=\"1404\" data-end=\"1456\">Korkea radiaalikuormituskapasiteetti ja vakaa suorituskyky<\/li>\n<li data-section-id=\"1l42fwv\" data-start=\"1457\" data-end=\"1494\">Helppo asennus ja vaihto<\/li>\n<li data-section-id=\"1398rv\" data-start=\"1495\" data-end=\"1537\">Sopii jatkuvaan teolliseen k\u00e4ytt\u00f6\u00f6n<\/li>\n<\/ul>\n<h1 data-section-id=\"10k15yz\" data-start=\"1544\" data-end=\"1574\"><span role=\"text\"><strong data-start=\"1546\" data-end=\"1574\">Teknisi\u00e4 tietoja<\/strong><\/span><\/h1>\n<div class=\"TyagGW_tableContainer\">\n<div class=\"group TyagGW_tableWrapper flex flex-col-reverse w-fit\" tabindex=\"-1\">\n<table class=\"w-fit min-w-(--thread-content-width)\" data-start=\"1576\" data-end=\"1960\">\n<thead data-start=\"1576\" data-end=\"1597\">\n<tr data-start=\"1576\" data-end=\"1597\">\n<th class=\"\" data-start=\"1576\" data-end=\"1588\" data-col-size=\"sm\">Parametri<\/th>\n<th class=\"\" data-start=\"1588\" data-end=\"1597\" data-col-size=\"sm\">Arvo<\/th>\n<\/tr>\n<\/thead>\n<tbody data-start=\"1618\" data-end=\"1960\">\n<tr data-start=\"1618\" data-end=\"1644\">\n<td data-start=\"1618\" data-end=\"1634\" data-col-size=\"sm\">Laakerimalli<\/td>\n<td data-start=\"1634\" data-end=\"1644\" data-col-size=\"sm\">UCP205<\/td>\n<\/tr>\n<tr data-start=\"1645\" data-end=\"1671\">\n<td data-start=\"1645\" data-end=\"1662\" data-col-size=\"sm\">Lis\u00e4laakeri<\/td>\n<td data-start=\"1662\" data-end=\"1671\" data-col-size=\"sm\">UC205<\/td>\n<\/tr>\n<tr data-start=\"1672\" data-end=\"1712\">\n<td data-start=\"1672\" data-end=\"1687\" data-col-size=\"sm\">Kotelotyyppi<\/td>\n<td data-start=\"1687\" data-end=\"1712\" data-col-size=\"sm\">P-sarjan tyynylohko<\/td>\n<\/tr>\n<tr data-start=\"1713\" data-end=\"1739\">\n<td data-start=\"1713\" data-end=\"1730\" data-col-size=\"sm\">Akselin halkaisija<\/td>\n<td data-start=\"1730\" data-end=\"1739\" data-col-size=\"sm\">25 mm<\/td>\n<\/tr>\n<tr data-start=\"1740\" data-end=\"1772\">\n<td data-start=\"1740\" data-end=\"1759\" data-col-size=\"sm\">Kotelomateriaali<\/td>\n<td data-start=\"1759\" data-end=\"1772\" data-col-size=\"sm\">Valurauta<\/td>\n<\/tr>\n<tr data-start=\"1773\" data-end=\"1808\">\n<td data-start=\"1773\" data-end=\"1792\" data-col-size=\"sm\">Laakermateriaali<\/td>\n<td data-start=\"1792\" data-end=\"1808\" data-col-size=\"sm\">Kromiter\u00e4s<\/td>\n<\/tr>\n<tr data-start=\"1809\" data-end=\"1847\">\n<td data-start=\"1809\" data-end=\"1824\" data-col-size=\"sm\">Tiivistystyyppi<\/td>\n<td data-start=\"1824\" data-end=\"1847\" data-col-size=\"sm\">Kumitiivistetty (2RS)<\/td>\n<\/tr>\n<tr data-start=\"1848\" data-end=\"1877\">\n<td data-start=\"1848\" data-end=\"1862\" data-col-size=\"sm\">Voitelu<\/td>\n<td data-start=\"1862\" data-end=\"1877\" data-col-size=\"sm\">Esirasvattu<\/td>\n<\/tr>\n<tr data-start=\"1878\" data-end=\"1917\">\n<td data-start=\"1878\" data-end=\"1894\" data-col-size=\"sm\">Asennustyyppi<\/td>\n<td data-start=\"1894\" data-end=\"1917\" data-col-size=\"sm\">2-pulttinen pohja-asennus<\/td>\n<\/tr>\n<tr data-start=\"1918\" data-end=\"1960\">\n<td data-start=\"1918\" data-end=\"1942\" data-col-size=\"sm\">K\u00e4ytt\u00f6l\u00e4mp\u00f6tila<\/td>\n<td data-start=\"1942\" data-end=\"1960\" data-col-size=\"sm\">-20\u00b0C - 120\u00b0C<\/td>\n<\/tr>\n<\/tbody>\n<\/table>\n<\/div>\n<\/div>\n<h1 data-section-id=\"1p00fbj\" data-start=\"1967\" data-end=\"1985\"><span role=\"text\"><strong data-start=\"1969\" data-end=\"1985\">Sovellukset<\/strong><\/span><\/h1>\n<p data-start=\"1987\" data-end=\"2042\">UCP205 tyynylaakeriyksikk\u00f6\u00e4 k\u00e4ytet\u00e4\u00e4n laajalti:<\/p>\n<ul data-start=\"2044\" data-end=\"2208\">\n<li data-section-id=\"176s2ln\" data-start=\"2044\" data-end=\"2064\">Kuljetinj\u00e4rjestelm\u00e4t<\/li>\n<li data-section-id=\"1n6ynun\" data-start=\"2065\" data-end=\"2091\">Maatalouskoneet<\/li>\n<li data-section-id=\"1htpp6l\" data-start=\"2092\" data-end=\"2115\">Pakkauskoneet<\/li>\n<li data-section-id=\"io1u9n\" data-start=\"2116\" data-end=\"2137\">Tekstiilikoneet<\/li>\n<li data-section-id=\"i9rybb\" data-start=\"2138\" data-end=\"2166\">Elintarvikkeiden k\u00e4sittelykoneissa<\/li>\n<li data-section-id=\"1075gc1\" data-start=\"2167\" data-end=\"2208\">Kevyiss\u00e4 teollisuuden siirtoj\u00e4rjestelmiss\u00e4<\/li>\n<\/ul>\n<h1 data-section-id=\"zdmnob\" data-start=\"2215\" data-end=\"2234\"><span role=\"text\"><strong data-start=\"2217\" data-end=\"2234\">Miksi valita meid\u00e4t<\/strong><\/span><\/h1>\n<ul data-start=\"2236\" data-end=\"2459\">\n<li data-section-id=\"17c68gd\" data-start=\"2236\" data-end=\"2285\">Vakaa tehdastoimitus johdonmukaisella laadulla<\/li>\n<li data-section-id=\"1ccoc9p\" data-start=\"2286\" data-end=\"2326\">OEM- ja r\u00e4\u00e4t\u00e4l\u00f6ity kotelo saatavilla<\/li>\n<li data-section-id=\"19poq3t\" data-start=\"2327\" data-end=\"2376\">Yhteensopiva standardien tyynylaakerij\u00e4rjestelmien kanssa<\/li>\n<li data-section-id=\"1ons1n2\" data-start=\"2377\" data-end=\"2417\">Nopea toimitus ja tukee suuria tilauksia<\/li>\n<li data-section-id=\"1w1qi25\" data-start=\"2418\" data-end=\"2459\">Tiukka laadunvalvonta ja testaus<\/li>\n<\/ul>\n<h1 data-section-id=\"1iusff4\" data-start=\"2466\" data-end=\"2475\"><span role=\"text\"><strong data-start=\"2468\" data-end=\"2475\">UKK<\/strong><\/span><\/h1>\n<p data-start=\"2477\" data-end=\"2631\"><strong data-start=\"2477\" data-end=\"2512\">K1: Mik\u00e4 on UCP-laakeriyksikk\u00f6?<\/strong><br data-start=\"2512\" data-end=\"2515\" \/>V: Se on asennettu laakeriyksikk\u00f6, joka koostuu UC-insert-laakerista ja tyynylaakerikotelosta helppoa akselitukea varten.<\/p>\n<p data-start=\"2633\" data-end=\"2751\"><strong data-start=\"2633\" data-end=\"2671\">K2: Voiko UCP205:n vaihtaa helposti?<\/strong><br data-start=\"2671\" data-end=\"2674\" \/>V: Kyll\u00e4, se on suunniteltu standardin mukaiseksi vaihdettavuudeksi teollisuusj\u00e4rjestelmiss\u00e4.<\/p>\n<p data-start=\"2753\" data-end=\"2906\"><strong data-start=\"2753\" data-end=\"2804\">K3: Onko se sopiva raskaille kuormitussovelluksille?<\/strong><br data-start=\"2804\" data-end=\"2807\" \/>V: Se on sopiva keskikuormitussovelluksiin ja jatkuvaan k\u00e4ytt\u00f6\u00f6n teollisissa ymp\u00e4rist\u00f6iss\u00e4.<\/p>","protected":false},"excerpt":{"rendered":"<p>T\u00e4m\u00e4 <strong data-start=\"367\" data-end=\"410\">UCP205 Tyynylohko Lis\u00e4laakeriyksikk\u00f6<\/strong> on laajalti k\u00e4ytetty asennettu laakeriratkaisu, joka koostuu <strong data-start=\"469\" data-end=\"529\">UC205 lis\u00e4laakerista ja P-sarjan tyynylohko kotelosta<\/strong>. Se on suunniteltu helppoa asennusta, luotettavaa akselitukea ja vakaata toimintaa varten laajalla teollisuuden ja maatalouden sovellusalueella.<\/p>","protected":false},"featured_media":2602,"comment_status":"open","ping_status":"closed","template":"","meta":{"site-sidebar-layout":"default","site-content-layout":"","ast-site-content-layout":"default","site-content-style":"default","site-sidebar-style":"default","ast-global-header-display":"","ast-banner-title-visibility":"","ast-main-header-display":"","ast-hfb-above-header-display":"","ast-hfb-below-header-display":"","ast-hfb-mobile-header-display":"","site-post-title":"","ast-breadcrumbs-content":"","ast-featured-img":"","footer-sml-layout":"","ast-disable-related-posts":"","theme-transparent-header-meta":"default","adv-header-id-meta":"","stick-header-meta":"default","header-above-stick-meta":"","header-main-stick-meta":"","header-below-stick-meta":"","astra-migrate-meta-layouts":"set","ast-page-background-enabled":"default","ast-page-background-meta":{"desktop":{"background-color":"","background-image":"","background-repeat":"repeat","background-position":"center center","background-size":"auto","background-attachment":"scroll","background-type":"","background-media":"","overlay-type":"","overlay-color":"","overlay-opacity":"","overlay-gradient":""},"tablet":{"background-color":"","background-image":"","background-repeat":"repeat","background-position":"center center","background-size":"auto","background-attachment":"scroll","background-type":"","background-media":"","overlay-type":"","overlay-color":"","overlay-opacity":"","overlay-gradient":""},"mobile":{"background-color":"","background-image":"","background-repeat":"repeat","background-position":"center center","background-size":"auto","background-attachment":"scroll","background-type":"","background-media":"","overlay-type":"","overlay-color":"","overlay-opacity":"","overlay-gradient":""}},"ast-content-background-meta":{"desktop":{"background-color":"var(--ast-global-color-5)","background-image":"","background-repeat":"repeat","background-position":"center center","background-size":"auto","background-attachment":"scroll","background-type":"","background-media":"","overlay-type":"","overlay-color":"","overlay-opacity":"","overlay-gradient":""},"tablet":{"background-color":"var(--ast-global-color-5)","background-image":"","background-repeat":"repeat","background-position":"center center","background-size":"auto","background-attachment":"scroll","background-type":"","background-media":"","overlay-type":"","overlay-color":"","overlay-opacity":"","overlay-gradient":""},"mobile":{"background-color":"var(--ast-global-color-5)","background-image":"","background-repeat":"repeat","background-position":"center center","background-size":"auto","background-attachment":"scroll","background-type":"","background-media":"","overlay-type":"","overlay-color":"","overlay-opacity":"","overlay-gradient":""}}},"product_brand":[],"product_cat":[27],"product_tag":[161,45,171,159,72,157,172,162,155,170],"class_list":{"0":"post-2422","1":"product","2":"type-product","3":"status-publish","4":"has-post-thumbnail","6":"product_cat-insert-bearings","7":"product_tag-bearing-housing-unit","8":"product_tag-industrial-bearing","9":"product_tag-insert-bearing-unit","10":"product_tag-mounted-bearing","11":"product_tag-oem-bearing-supplier","12":"product_tag-pillow-block-bearing","13":"product_tag-plummer-block-bearing","14":"product_tag-self-aligning-bearing","15":"product_tag-uc205-bearing","16":"product_tag-ucp205-bearing","17":"desktop-align-left","18":"tablet-align-left","19":"mobile-align-left","20":"ast-product-gallery-layout-horizontal-slider","21":"ast-product-gallery-with-no-image","22":"ast-product-tabs-layout-horizontal","24":"first","25":"instock","26":"shipping-taxable","27":"product-type-simple"},"_links":{"self":[{"href":"https:\/\/www.machinerybearings.com\/fi\/wp-json\/wp\/v2\/product\/2422","targetHints":{"allow":["GET"]}}],"collection":[{"href":"https:\/\/www.machinerybearings.com\/fi\/wp-json\/wp\/v2\/product"}],"about":[{"href":"https:\/\/www.machinerybearings.com\/fi\/wp-json\/wp\/v2\/types\/product"}],"replies":[{"embeddable":true,"href":"https:\/\/www.machinerybearings.com\/fi\/wp-json\/wp\/v2\/comments?post=2422"}],"wp:featuredmedia":[{"embeddable":true,"href":"https:\/\/www.machinerybearings.com\/fi\/wp-json\/wp\/v2\/media\/2602"}],"wp:attachment":[{"href":"https:\/\/www.machinerybearings.com\/fi\/wp-json\/wp\/v2\/media?parent=2422"}],"wp:term":[{"taxonomy":"product_brand","embeddable":true,"href":"https:\/\/www.machinerybearings.com\/fi\/wp-json\/wp\/v2\/product_brand?post=2422"},{"taxonomy":"product_cat","embeddable":true,"href":"https:\/\/www.machinerybearings.com\/fi\/wp-json\/wp\/v2\/product_cat?post=2422"},{"taxonomy":"product_tag","embeddable":true,"href":"https:\/\/www.machinerybearings.com\/fi\/wp-json\/wp\/v2\/product_tag?post=2422"}],"curies":[{"name":"wp","href":"https:\/\/api.w.org\/{rel}","templated":true}]}}