{"id":2435,"date":"2026-04-13T14:21:51","date_gmt":"2026-04-13T14:21:51","guid":{"rendered":"https:\/\/www.machinerybearings.com\/?post_type=product&#038;p=2435"},"modified":"2026-05-03T05:52:26","modified_gmt":"2026-05-03T05:52:26","slug":"1205-self-aligning-ball-bearing-double-row-bearing-for-misalignment-applications","status":"publish","type":"product","link":"https:\/\/www.machinerybearings.com\/fi\/tuote\/1205-self-aligning-ball-bearing-double-row-bearing-for-misalignment-applications\/","title":{"rendered":"1205 Itseohjautuva kuula-laakeri \u2013 Kaksoisrivi laakeri v\u00e4\u00e4ristym\u00e4k\u00e4ytt\u00f6\u00f6n"},"content":{"rendered":"<p data-start=\"354\" data-end=\"704\">T\u00e4m\u00e4 <strong data-start=\"358\" data-end=\"393\">1205 Itseohjautuva kuula-laakeri<\/strong> on kaksirivinen kuula-laakeri, joka on suunniteltu siet\u00e4m\u00e4\u00e4n akselin virheasentoa ja taipumaa k\u00e4yt\u00f6n aikana. Sen ainutlaatuinen pallomainen ulkorata mahdollistaa laakerin automaattisen s\u00e4\u00e4t\u00e4misen, mik\u00e4 v\u00e4hent\u00e4\u00e4 rasitusta ja parantaa suorituskyky\u00e4 sovelluksissa, joissa akselin tai kotelon kohdistaminen on vaikeaa yll\u00e4pit\u00e4\u00e4.<\/p>\n<p data-start=\"706\" data-end=\"1001\">T\u00e4m\u00e4 laakeri on ihanteellinen sovelluksiin, jotka altistuvat akselin taipumalle, asennusvirheille tai t\u00e4rin\u00e4lle. Valmistettu korkealaatuisesta kromiter\u00e4ksest\u00e4 ja saatavana ruostumattomasta ter\u00e4ksest\u00e4, 1205 laakeri tarjoaa sujuvaa toimintaa, alhaista kitkaa ja luotettavaa suorituskyky\u00e4 pitk\u00e4n k\u00e4ytt\u00f6i\u00e4n aikana.<\/p>\n<p data-start=\"1003\" data-end=\"1119\">Kompakti muotoilu ja itseohjautuva kyky tekev\u00e4t siit\u00e4 laajalti k\u00e4ytetyn kevyiss\u00e4 ja keskikokoisissa teollisuussovelluksissa.<\/p>\n<h1 data-section-id=\"8av2ty\" data-start=\"1126\" data-end=\"1144\"><span role=\"text\"><strong data-start=\"1128\" data-end=\"1144\">Avainominaisuudet<\/strong><\/span><\/h1>\n<ul data-start=\"1146\" data-end=\"1483\">\n<li data-section-id=\"1fr59o7\" data-start=\"1146\" data-end=\"1205\">Itseohjautuva muotoilu kompensoi akselin virheasentoa<\/li>\n<li data-section-id=\"1id6hoh\" data-start=\"1206\" data-end=\"1258\">Kaksirivinen kuularakenne parantaa vakautta<\/li>\n<li data-section-id=\"1g811j7\" data-start=\"1259\" data-end=\"1295\">Alhainen kitka ja sujuva py\u00f6riminen<\/li>\n<li data-section-id=\"dcacpc\" data-start=\"1296\" data-end=\"1347\">Sopii sovelluksiin, joissa on akselin taipumaa<\/li>\n<li data-section-id=\"f8hmgc\" data-start=\"1348\" data-end=\"1385\">Helppo asennus ja huolto<\/li>\n<li data-section-id=\"5mjdxq\" data-start=\"1386\" data-end=\"1431\">Pitk\u00e4 k\u00e4ytt\u00f6ik\u00e4 vakaalla suorituskyvyll\u00e4<\/li>\n<li data-section-id=\"10s930\" data-start=\"1432\" data-end=\"1483\">Saatavana ter\u00e4s- ja ruostumattomasta ter\u00e4ksest\u00e4 valmistettuina versioina<\/li>\n<\/ul>\n<h1 data-section-id=\"10k15yz\" data-start=\"1490\" data-end=\"1520\"><span role=\"text\"><strong data-start=\"1492\" data-end=\"1520\">Teknisi\u00e4 tietoja<\/strong><\/span><\/h1>\n<div class=\"TyagGW_tableContainer\">\n<div class=\"group TyagGW_tableWrapper flex flex-col-reverse w-fit\" tabindex=\"-1\">\n<table class=\"w-fit min-w-(--thread-content-width)\" data-start=\"1522\" data-end=\"1943\">\n<thead data-start=\"1522\" data-end=\"1543\">\n<tr data-start=\"1522\" data-end=\"1543\">\n<th class=\"\" data-start=\"1522\" data-end=\"1534\" data-col-size=\"sm\">Parametri<\/th>\n<th class=\"\" data-start=\"1534\" data-end=\"1543\" data-col-size=\"sm\">Arvo<\/th>\n<\/tr>\n<\/thead>\n<tbody data-start=\"1564\" data-end=\"1943\">\n<tr data-start=\"1564\" data-end=\"1588\">\n<td data-start=\"1564\" data-end=\"1580\" data-col-size=\"sm\">Laakerimalli<\/td>\n<td data-col-size=\"sm\" data-start=\"1580\" data-end=\"1588\">1205<\/td>\n<\/tr>\n<tr data-start=\"1589\" data-end=\"1619\">\n<td data-start=\"1589\" data-end=\"1610\" data-col-size=\"sm\">Sis\u00e4halkaisija (d)<\/td>\n<td data-col-size=\"sm\" data-start=\"1610\" data-end=\"1619\">25 mm<\/td>\n<\/tr>\n<tr data-start=\"1620\" data-end=\"1650\">\n<td data-start=\"1620\" data-end=\"1641\" data-col-size=\"sm\">Ulkohalkaisija (D)<\/td>\n<td data-col-size=\"sm\" data-start=\"1641\" data-end=\"1650\">52 mm<\/td>\n<\/tr>\n<tr data-start=\"1651\" data-end=\"1672\">\n<td data-start=\"1651\" data-end=\"1663\" data-col-size=\"sm\">Leveys (B)<\/td>\n<td data-start=\"1663\" data-end=\"1672\" data-col-size=\"sm\">15 mm<\/td>\n<\/tr>\n<tr data-start=\"1673\" data-end=\"1718\">\n<td data-start=\"1673\" data-end=\"1688\" data-col-size=\"sm\">Laakertype<\/td>\n<td data-start=\"1688\" data-end=\"1718\" data-col-size=\"sm\">Itseohjautuva kuulalaakeri<\/td>\n<\/tr>\n<tr data-start=\"1719\" data-end=\"1745\">\n<td data-start=\"1719\" data-end=\"1731\" data-col-size=\"sm\">Rakenne<\/td>\n<td data-col-size=\"sm\" data-start=\"1731\" data-end=\"1745\">Kaksoisrivi<\/td>\n<\/tr>\n<tr data-start=\"1746\" data-end=\"1791\">\n<td data-start=\"1746\" data-end=\"1757\" data-col-size=\"sm\">Materiaali<\/td>\n<td data-start=\"1757\" data-end=\"1791\" data-col-size=\"sm\">Kromiter\u00e4s \/ Ruostumaton ter\u00e4s<\/td>\n<\/tr>\n<tr data-start=\"1792\" data-end=\"1833\">\n<td data-start=\"1792\" data-end=\"1808\" data-col-size=\"sm\">Keh\u00e4materiaali<\/td>\n<td data-start=\"1808\" data-end=\"1833\" data-col-size=\"sm\">Ter\u00e4s \/ Messinki \/ Nailon<\/td>\n<\/tr>\n<tr data-start=\"1834\" data-end=\"1864\">\n<td data-start=\"1834\" data-end=\"1848\" data-col-size=\"sm\">Voitelu<\/td>\n<td data-col-size=\"sm\" data-start=\"1848\" data-end=\"1864\">Rasva \/ \u00d6ljy<\/td>\n<\/tr>\n<tr data-start=\"1865\" data-end=\"1900\">\n<td data-start=\"1865\" data-end=\"1884\" data-col-size=\"sm\">Tarkkuusluokitus<\/td>\n<td data-start=\"1884\" data-end=\"1900\" data-col-size=\"sm\">P0 \/ P6 \/ P5<\/td>\n<\/tr>\n<tr data-start=\"1901\" data-end=\"1943\">\n<td data-start=\"1901\" data-end=\"1925\" data-col-size=\"sm\">K\u00e4ytt\u00f6l\u00e4mp\u00f6tila<\/td>\n<td data-col-size=\"sm\" data-start=\"1925\" data-end=\"1943\">-20\u00b0C - 120\u00b0C<\/td>\n<\/tr>\n<\/tbody>\n<\/table>\n<\/div>\n<\/div>\n<h1 data-section-id=\"1p00fbj\" data-start=\"1950\" data-end=\"1968\"><span role=\"text\"><strong data-start=\"1952\" data-end=\"1968\">Sovellukset<\/strong><\/span><\/h1>\n<p data-start=\"1970\" data-end=\"2024\">1205 itseohjautuva kuulalaakeri on laajasti k\u00e4yt\u00f6ss\u00e4:<\/p>\n<ul data-start=\"2026\" data-end=\"2183\">\n<li data-section-id=\"1n6ynun\" data-start=\"2026\" data-end=\"2052\">Maatalouskoneet<\/li>\n<li data-section-id=\"176s2ln\" data-start=\"2053\" data-end=\"2073\">Kuljetinj\u00e4rjestelm\u00e4t<\/li>\n<li data-section-id=\"io1u9n\" data-start=\"2074\" data-end=\"2095\">Tekstiilikoneet<\/li>\n<li data-section-id=\"25txyz\" data-start=\"2096\" data-end=\"2126\">Kevyt teollisuuskalusto<\/li>\n<li data-section-id=\"646cyz\" data-start=\"2127\" data-end=\"2147\">Tuulettimet ja puhaltimet<\/li>\n<li data-section-id=\"ib1wqr\" data-start=\"2148\" data-end=\"2183\">Mekaaniset siirtoj\u00e4rjestelm\u00e4t<\/li>\n<\/ul>\n<h1 data-section-id=\"zdmnob\" data-start=\"2190\" data-end=\"2209\"><span role=\"text\"><strong data-start=\"2192\" data-end=\"2209\">Miksi valita meid\u00e4t<\/strong><\/span><\/h1>\n<ul data-start=\"2211\" data-end=\"2428\">\n<li data-section-id=\"t14xel\" data-start=\"2211\" data-end=\"2264\">Vakaa tehdastuotanto johdonmukaisella laadulla<\/li>\n<li data-section-id=\"hq554l\" data-start=\"2265\" data-end=\"2310\">OEM- ja r\u00e4\u00e4t\u00e4l\u00f6ityjen materiaalivaihtoehtojen saatavuus<\/li>\n<li data-section-id=\"18yrkc1\" data-start=\"2311\" data-end=\"2350\">Kilpailukykyiset hinnat suurtilauksille<\/li>\n<li data-section-id=\"k7xnqf\" data-start=\"2351\" data-end=\"2386\">Nopea toimitus ja globaali toimitus<\/li>\n<li data-section-id=\"1u6ytj0\" data-start=\"2387\" data-end=\"2428\">Tiukka tarkastus ja laatuvalvonta<\/li>\n<\/ul>\n<h1 data-section-id=\"1iusff4\" data-start=\"2435\" data-end=\"2444\"><span role=\"text\"><strong data-start=\"2437\" data-end=\"2444\">UKK<\/strong><\/span><\/h1>\n<p data-start=\"2446\" data-end=\"2614\"><strong data-start=\"2446\" data-end=\"2507\">K1: Mik\u00e4 on itses\u00e4\u00e4tyvien kuulalaakereiden etu?<\/strong><br data-start=\"2507\" data-end=\"2510\" \/>V: Ne voivat automaattisesti kompensoida akselin virheasentoa, v\u00e4hent\u00e4en rasitusta ja pident\u00e4en k\u00e4ytt\u00f6ik\u00e4\u00e4.<\/p>\n<p data-start=\"2616\" data-end=\"2750\"><strong data-start=\"2616\" data-end=\"2661\">K2: Voiko 1205-laakerit k\u00e4sitell\u00e4 raskaita kuormia?<\/strong><br data-start=\"2661\" data-end=\"2664\" \/>V: Ne soveltuvat kevyisiin ja keskikokoisiin kuormitussovelluksiin, eiv\u00e4t raskaisiin olosuhteisiin.<\/p>\n<p data-start=\"2752\" data-end=\"2874\"><strong data-start=\"2752\" data-end=\"2798\">K3: Tarjoatteko ruostumattomasta ter\u00e4ksest\u00e4 valmistettuja versioita?<\/strong><br data-start=\"2798\" data-end=\"2801\" \/>V: Kyll\u00e4, ruostumattoman ter\u00e4ksen vaihtoehtoja on saatavilla sy\u00f6vytt\u00e4viss\u00e4 ymp\u00e4rist\u00f6iss\u00e4.<\/p>","protected":false},"excerpt":{"rendered":"<p>T\u00e4m\u00e4 <strong data-start=\"358\" data-end=\"393\">1205 Itseohjautuva kuula-laakeri<\/strong> on kaksirivinen kuula-laakeri, joka on suunniteltu siet\u00e4m\u00e4\u00e4n akselin virheasentoa ja taipumaa k\u00e4yt\u00f6n aikana. Sen ainutlaatuinen pallomainen ulkorata mahdollistaa laakerin automaattisen s\u00e4\u00e4t\u00e4misen, mik\u00e4 v\u00e4hent\u00e4\u00e4 rasitusta ja parantaa suorituskyky\u00e4 sovelluksissa, joissa akselin tai kotelon kohdistaminen on vaikeaa yll\u00e4pit\u00e4\u00e4.<\/p>","protected":false},"featured_media":2538,"comment_status":"open","ping_status":"closed","template":"","meta":{"site-sidebar-layout":"default","site-content-layout":"","ast-site-content-layout":"default","site-content-style":"default","site-sidebar-style":"default","ast-global-header-display":"","ast-banner-title-visibility":"","ast-main-header-display":"","ast-hfb-above-header-display":"","ast-hfb-below-header-display":"","ast-hfb-mobile-header-display":"","site-post-title":"","ast-breadcrumbs-content":"","ast-featured-img":"","footer-sml-layout":"","ast-disable-related-posts":"","theme-transparent-header-meta":"default","adv-header-id-meta":"","stick-header-meta":"default","header-above-stick-meta":"","header-main-stick-meta":"","header-below-stick-meta":"","astra-migrate-meta-layouts":"set","ast-page-background-enabled":"default","ast-page-background-meta":{"desktop":{"background-color":"","background-image":"","background-repeat":"repeat","background-position":"center center","background-size":"auto","background-attachment":"scroll","background-type":"","background-media":"","overlay-type":"","overlay-color":"","overlay-opacity":"","overlay-gradient":""},"tablet":{"background-color":"","background-image":"","background-repeat":"repeat","background-position":"center center","background-size":"auto","background-attachment":"scroll","background-type":"","background-media":"","overlay-type":"","overlay-color":"","overlay-opacity":"","overlay-gradient":""},"mobile":{"background-color":"","background-image":"","background-repeat":"repeat","background-position":"center center","background-size":"auto","background-attachment":"scroll","background-type":"","background-media":"","overlay-type":"","overlay-color":"","overlay-opacity":"","overlay-gradient":""}},"ast-content-background-meta":{"desktop":{"background-color":"var(--ast-global-color-5)","background-image":"","background-repeat":"repeat","background-position":"center center","background-size":"auto","background-attachment":"scroll","background-type":"","background-media":"","overlay-type":"","overlay-color":"","overlay-opacity":"","overlay-gradient":""},"tablet":{"background-color":"var(--ast-global-color-5)","background-image":"","background-repeat":"repeat","background-position":"center center","background-size":"auto","background-attachment":"scroll","background-type":"","background-media":"","overlay-type":"","overlay-color":"","overlay-opacity":"","overlay-gradient":""},"mobile":{"background-color":"var(--ast-global-color-5)","background-image":"","background-repeat":"repeat","background-position":"center center","background-size":"auto","background-attachment":"scroll","background-type":"","background-media":"","overlay-type":"","overlay-color":"","overlay-opacity":"","overlay-gradient":""}}},"product_brand":[],"product_cat":[22],"product_tag":[204,160,209,206,45,208,207,72,143,205],"class_list":{"0":"post-2435","1":"product","2":"type-product","3":"status-publish","4":"has-post-thumbnail","6":"product_cat-self-aligning-ball-bearings","7":"product_tag-1205-bearing","8":"product_tag-agricultural-bearing","9":"product_tag-conveyor-bearing","10":"product_tag-double-row-bearing","11":"product_tag-industrial-bearing","12":"product_tag-light-duty-bearing","13":"product_tag-misalignment-bearing","14":"product_tag-oem-bearing-supplier","15":"product_tag-precision-bearing-manufacturer","16":"product_tag-self-aligning-ball-bearing","17":"desktop-align-left","18":"tablet-align-left","19":"mobile-align-left","20":"ast-product-gallery-layout-horizontal-slider","21":"ast-product-gallery-with-no-image","22":"ast-product-tabs-layout-horizontal","24":"first","25":"instock","26":"shipping-taxable","27":"product-type-simple"},"_links":{"self":[{"href":"https:\/\/www.machinerybearings.com\/fi\/wp-json\/wp\/v2\/product\/2435","targetHints":{"allow":["GET"]}}],"collection":[{"href":"https:\/\/www.machinerybearings.com\/fi\/wp-json\/wp\/v2\/product"}],"about":[{"href":"https:\/\/www.machinerybearings.com\/fi\/wp-json\/wp\/v2\/types\/product"}],"replies":[{"embeddable":true,"href":"https:\/\/www.machinerybearings.com\/fi\/wp-json\/wp\/v2\/comments?post=2435"}],"wp:featuredmedia":[{"embeddable":true,"href":"https:\/\/www.machinerybearings.com\/fi\/wp-json\/wp\/v2\/media\/2538"}],"wp:attachment":[{"href":"https:\/\/www.machinerybearings.com\/fi\/wp-json\/wp\/v2\/media?parent=2435"}],"wp:term":[{"taxonomy":"product_brand","embeddable":true,"href":"https:\/\/www.machinerybearings.com\/fi\/wp-json\/wp\/v2\/product_brand?post=2435"},{"taxonomy":"product_cat","embeddable":true,"href":"https:\/\/www.machinerybearings.com\/fi\/wp-json\/wp\/v2\/product_cat?post=2435"},{"taxonomy":"product_tag","embeddable":true,"href":"https:\/\/www.machinerybearings.com\/fi\/wp-json\/wp\/v2\/product_tag?post=2435"}],"curies":[{"name":"wp","href":"https:\/\/api.w.org\/{rel}","templated":true}]}}