{"id":2438,"date":"2026-04-13T14:27:13","date_gmt":"2026-04-13T14:27:13","guid":{"rendered":"https:\/\/www.machinerybearings.com\/?post_type=product&#038;p=2438"},"modified":"2026-05-03T06:20:40","modified_gmt":"2026-05-03T06:20:40","slug":"2205-double-row-self-aligning-ball-bearing-high-stability-bearing-for-misalignment-applications","status":"publish","type":"product","link":"https:\/\/www.machinerybearings.com\/fi\/tuote\/2205-double-row-self-aligning-ball-bearing-high-stability-bearing-for-misalignment-applications\/","title":{"rendered":"2205 Kaksoisrivi itseohjautuva kuula-laakeri \u2013 Korkean vakauden laakeri v\u00e4\u00e4ristym\u00e4k\u00e4ytt\u00f6\u00f6n"},"content":{"rendered":"<p data-start=\"371\" data-end=\"688\">T\u00e4m\u00e4 <strong data-start=\"375\" data-end=\"421\">2205 Kaksoisrivi Itseohjautuva Kuulalaakeri<\/strong> on suunniteltu sopeutumaan akselin virheasentoon ja taipumaan samalla, kun se yll\u00e4pit\u00e4\u00e4 sujuvaa ja vakaata toimintaa. Kaksoisrivikuularakenne ja pallomainen ulkokehys mahdollistavat t\u00e4m\u00e4n laakerin automaattisen kohdistamisen, v\u00e4hent\u00e4en rasitusta ja pident\u00e4en k\u00e4ytt\u00f6ik\u00e4\u00e4.<\/p>\n<p data-start=\"690\" data-end=\"1000\">Verrattuna 1200-sarjaan, 2205 laakeri tarjoaa paremman kuormankantokyvyn ja parannetun kest\u00e4vyys, mik\u00e4 tekee siit\u00e4 sopivan vaativampiin teollisiin sovelluksiin. Se on valmistettu korkealaatuisesta kromiter\u00e4ksest\u00e4 ja saatavilla my\u00f6s ruostumattomasta ter\u00e4ksest\u00e4 tai erityismateriaaleista korroosiota kest\u00e4viss\u00e4 ymp\u00e4rist\u00f6iss\u00e4.<\/p>\n<p data-start=\"1002\" data-end=\"1171\">T\u00e4t\u00e4 laakeria k\u00e4ytet\u00e4\u00e4n laajalti koneissa, joissa akselin kohdistaminen on vaikeaa yll\u00e4pit\u00e4\u00e4, tarjoten luotettavaa suorituskyky\u00e4 jopa t\u00e4rin\u00e4n ja dynaamisten kuormitusten olosuhteissa.<\/p>\n<h1 data-section-id=\"8av2ty\" data-start=\"1178\" data-end=\"1196\"><span role=\"text\"><strong data-start=\"1180\" data-end=\"1196\">Avainominaisuudet<\/strong><\/span><\/h1>\n<ul data-start=\"1198\" data-end=\"1531\">\n<li data-section-id=\"1fr59o7\" data-start=\"1198\" data-end=\"1257\">Itseohjautuva muotoilu kompensoi akselin virheasentoa<\/li>\n<li data-section-id=\"nnbnhk\" data-start=\"1258\" data-end=\"1315\">Kaksirivinen kuularakenne lis\u00e4\u00e4ntyneelle kuormankantokyvylle<\/li>\n<li data-section-id=\"17sk4ga\" data-start=\"1316\" data-end=\"1353\">Sujuva py\u00f6riminen alhaisella kitkalla<\/li>\n<li data-section-id=\"ib4eqx\" data-start=\"1354\" data-end=\"1403\">Parannettu vakaus t\u00e4rin\u00e4n olosuhteissa<\/li>\n<li data-section-id=\"hhcc7k\" data-start=\"1404\" data-end=\"1445\">Sopii keskikokoisiin kuormasovelluksiin<\/li>\n<li data-section-id=\"f8hmgc\" data-start=\"1446\" data-end=\"1483\">Helppo asennus ja huolto<\/li>\n<li data-section-id=\"fhnbqz\" data-start=\"1484\" data-end=\"1531\">Pitk\u00e4 k\u00e4ytt\u00f6ik\u00e4 luotettavalla suorituskyvyll\u00e4<\/li>\n<\/ul>\n<h1 data-section-id=\"10k15yz\" data-start=\"1538\" data-end=\"1568\"><span role=\"text\"><strong data-start=\"1540\" data-end=\"1568\">Teknisi\u00e4 tietoja<\/strong><\/span><\/h1>\n<div class=\"TyagGW_tableContainer\">\n<div class=\"group TyagGW_tableWrapper flex flex-col-reverse w-fit\" tabindex=\"-1\">\n<table class=\"w-fit min-w-(--thread-content-width)\" data-start=\"1570\" data-end=\"1991\">\n<thead data-start=\"1570\" data-end=\"1591\">\n<tr data-start=\"1570\" data-end=\"1591\">\n<th class=\"\" data-start=\"1570\" data-end=\"1582\" data-col-size=\"sm\">Parametri<\/th>\n<th class=\"\" data-start=\"1582\" data-end=\"1591\" data-col-size=\"sm\">Arvo<\/th>\n<\/tr>\n<\/thead>\n<tbody data-start=\"1612\" data-end=\"1991\">\n<tr data-start=\"1612\" data-end=\"1636\">\n<td data-start=\"1612\" data-end=\"1628\" data-col-size=\"sm\">Laakerimalli<\/td>\n<td data-start=\"1628\" data-end=\"1636\" data-col-size=\"sm\">2205<\/td>\n<\/tr>\n<tr data-start=\"1637\" data-end=\"1667\">\n<td data-start=\"1637\" data-end=\"1658\" data-col-size=\"sm\">Sis\u00e4halkaisija (d)<\/td>\n<td data-col-size=\"sm\" data-start=\"1658\" data-end=\"1667\">25 mm<\/td>\n<\/tr>\n<tr data-start=\"1668\" data-end=\"1698\">\n<td data-start=\"1668\" data-end=\"1689\" data-col-size=\"sm\">Ulkohalkaisija (D)<\/td>\n<td data-start=\"1689\" data-end=\"1698\" data-col-size=\"sm\">52 mm<\/td>\n<\/tr>\n<tr data-start=\"1699\" data-end=\"1720\">\n<td data-start=\"1699\" data-end=\"1711\" data-col-size=\"sm\">Leveys (B)<\/td>\n<td data-col-size=\"sm\" data-start=\"1711\" data-end=\"1720\">18 mm<\/td>\n<\/tr>\n<tr data-start=\"1721\" data-end=\"1766\">\n<td data-start=\"1721\" data-end=\"1736\" data-col-size=\"sm\">Laakertype<\/td>\n<td data-col-size=\"sm\" data-start=\"1736\" data-end=\"1766\">Itseohjautuva kuulalaakeri<\/td>\n<\/tr>\n<tr data-start=\"1767\" data-end=\"1793\">\n<td data-start=\"1767\" data-end=\"1779\" data-col-size=\"sm\">Rakenne<\/td>\n<td data-col-size=\"sm\" data-start=\"1779\" data-end=\"1793\">Kaksoisrivi<\/td>\n<\/tr>\n<tr data-start=\"1794\" data-end=\"1839\">\n<td data-start=\"1794\" data-end=\"1805\" data-col-size=\"sm\">Materiaali<\/td>\n<td data-start=\"1805\" data-end=\"1839\" data-col-size=\"sm\">Kromiter\u00e4s \/ Ruostumaton ter\u00e4s<\/td>\n<\/tr>\n<tr data-start=\"1840\" data-end=\"1881\">\n<td data-start=\"1840\" data-end=\"1856\" data-col-size=\"sm\">Keh\u00e4materiaali<\/td>\n<td data-col-size=\"sm\" data-start=\"1856\" data-end=\"1881\">Ter\u00e4s \/ Messinki \/ Nailon<\/td>\n<\/tr>\n<tr data-start=\"1882\" data-end=\"1912\">\n<td data-start=\"1882\" data-end=\"1896\" data-col-size=\"sm\">Voitelu<\/td>\n<td data-col-size=\"sm\" data-start=\"1896\" data-end=\"1912\">Rasva \/ \u00d6ljy<\/td>\n<\/tr>\n<tr data-start=\"1913\" data-end=\"1948\">\n<td data-start=\"1913\" data-end=\"1932\" data-col-size=\"sm\">Tarkkuusluokitus<\/td>\n<td data-start=\"1932\" data-end=\"1948\" data-col-size=\"sm\">P0 \/ P6 \/ P5<\/td>\n<\/tr>\n<tr data-start=\"1949\" data-end=\"1991\">\n<td data-start=\"1949\" data-end=\"1973\" data-col-size=\"sm\">K\u00e4ytt\u00f6l\u00e4mp\u00f6tila<\/td>\n<td data-col-size=\"sm\" data-start=\"1973\" data-end=\"1991\">-20\u00b0C - 120\u00b0C<\/td>\n<\/tr>\n<\/tbody>\n<\/table>\n<\/div>\n<\/div>\n<h1 data-section-id=\"1p00fbj\" data-start=\"1998\" data-end=\"2016\"><span role=\"text\"><strong data-start=\"2000\" data-end=\"2016\">Sovellukset<\/strong><\/span><\/h1>\n<p data-start=\"2018\" data-end=\"2072\">2205 itseohjautuva kuulalaakeri on laajalti k\u00e4yt\u00f6ss\u00e4:<\/p>\n<ul data-start=\"2074\" data-end=\"2252\">\n<li data-section-id=\"1n6ynun\" data-start=\"2074\" data-end=\"2100\">Maatalouskoneet<\/li>\n<li data-section-id=\"176s2ln\" data-start=\"2101\" data-end=\"2121\">Kuljetinj\u00e4rjestelm\u00e4t<\/li>\n<li data-section-id=\"io1u9n\" data-start=\"2122\" data-end=\"2143\">Tekstiilikoneet<\/li>\n<li data-section-id=\"1ahkbyk\" data-start=\"2144\" data-end=\"2175\">Teollisuusfanit ja puhaltimet<\/li>\n<li data-section-id=\"1kib5nh\" data-start=\"2176\" data-end=\"2216\">Kevyt ja keskikokoinen teollisuuskalusto<\/li>\n<li data-section-id=\"ib1wqr\" data-start=\"2217\" data-end=\"2252\">Mekaaniset siirtoj\u00e4rjestelm\u00e4t<\/li>\n<\/ul>\n<h1 data-section-id=\"zdmnob\" data-start=\"2259\" data-end=\"2278\"><span role=\"text\"><strong data-start=\"2261\" data-end=\"2278\">Miksi valita meid\u00e4t<\/strong><\/span><\/h1>\n<ul data-start=\"2280\" data-end=\"2504\">\n<li data-section-id=\"t14xel\" data-start=\"2280\" data-end=\"2333\">Vakaa tehdastuotanto johdonmukaisella laadulla<\/li>\n<li data-section-id=\"hq554l\" data-start=\"2334\" data-end=\"2379\">OEM- ja r\u00e4\u00e4t\u00e4l\u00f6ityjen materiaalivaihtoehtojen saatavuus<\/li>\n<li data-section-id=\"18yrkc1\" data-start=\"2380\" data-end=\"2419\">Kilpailukykyiset hinnat suurtilauksille<\/li>\n<li data-section-id=\"k7xnqf\" data-start=\"2420\" data-end=\"2455\">Nopea toimitus ja globaali toimitus<\/li>\n<li data-section-id=\"1xn5vwo\" data-start=\"2456\" data-end=\"2504\">Tiukka laatuvalvonta ja testausj\u00e4rjestelm\u00e4<\/li>\n<\/ul>\n<h1 data-section-id=\"1iusff4\" data-start=\"2511\" data-end=\"2520\"><span role=\"text\"><strong data-start=\"2513\" data-end=\"2520\">UKK<\/strong><\/span><\/h1>\n<p data-start=\"2522\" data-end=\"2667\"><strong data-start=\"2522\" data-end=\"2586\">K1: Mik\u00e4 on 2205:n etu verrattuna 1205-laakereihin?<\/strong><br data-start=\"2586\" data-end=\"2589\" \/>V: 2205-laakerilla on suurempi kuormankantokyky ja parannettu rakenteellinen vahvuus.<\/p>\n<p data-start=\"2669\" data-end=\"2794\"><strong data-start=\"2669\" data-end=\"2715\">K2: Voiko 2205-laakerit k\u00e4sitell\u00e4 virheasentoa?<\/strong><br data-start=\"2715\" data-end=\"2718\" \/>V: Kyll\u00e4, ne on erityisesti suunniteltu kompensoimaan akselin virheasentoa.<\/p>\n<p data-start=\"2796\" data-end=\"2940\"><strong data-start=\"2796\" data-end=\"2843\">K3: Onko saatavilla ruostumattomasta ter\u00e4ksest\u00e4 valmistettuja versioita?<\/strong><br data-start=\"2843\" data-end=\"2846\" \/>V: Kyll\u00e4, ruostumattomasta ter\u00e4ksest\u00e4 ja erityismateriaaleista on saatavilla vaihtoehtoja korroosiota kest\u00e4viin ymp\u00e4rist\u00f6ihin.<\/p>","protected":false},"excerpt":{"rendered":"<p>T\u00e4m\u00e4 <strong data-start=\"375\" data-end=\"421\">2205 Kaksoisrivi Itseohjautuva Kuulalaakeri<\/strong> on suunniteltu sopeutumaan akselin virheasentoon ja taipumaan samalla, kun se yll\u00e4pit\u00e4\u00e4 sujuvaa ja vakaata toimintaa. Kaksoisrivikuularakenne ja pallomainen ulkokehys mahdollistavat t\u00e4m\u00e4n laakerin automaattisen kohdistamisen, v\u00e4hent\u00e4en rasitusta ja pident\u00e4en k\u00e4ytt\u00f6ik\u00e4\u00e4.<\/p>","protected":false},"featured_media":2544,"comment_status":"open","ping_status":"closed","template":"","meta":{"site-sidebar-layout":"default","site-content-layout":"","ast-site-content-layout":"default","site-content-style":"default","site-sidebar-style":"default","ast-global-header-display":"","ast-banner-title-visibility":"","ast-main-header-display":"","ast-hfb-above-header-display":"","ast-hfb-below-header-display":"","ast-hfb-mobile-header-display":"","site-post-title":"","ast-breadcrumbs-content":"","ast-featured-img":"","footer-sml-layout":"","ast-disable-related-posts":"","theme-transparent-header-meta":"default","adv-header-id-meta":"","stick-header-meta":"default","header-above-stick-meta":"","header-main-stick-meta":"","header-below-stick-meta":"","astra-migrate-meta-layouts":"set","ast-page-background-enabled":"default","ast-page-background-meta":{"desktop":{"background-color":"","background-image":"","background-repeat":"repeat","background-position":"center center","background-size":"auto","background-attachment":"scroll","background-type":"","background-media":"","overlay-type":"","overlay-color":"","overlay-opacity":"","overlay-gradient":""},"tablet":{"background-color":"","background-image":"","background-repeat":"repeat","background-position":"center center","background-size":"auto","background-attachment":"scroll","background-type":"","background-media":"","overlay-type":"","overlay-color":"","overlay-opacity":"","overlay-gradient":""},"mobile":{"background-color":"","background-image":"","background-repeat":"repeat","background-position":"center center","background-size":"auto","background-attachment":"scroll","background-type":"","background-media":"","overlay-type":"","overlay-color":"","overlay-opacity":"","overlay-gradient":""}},"ast-content-background-meta":{"desktop":{"background-color":"var(--ast-global-color-5)","background-image":"","background-repeat":"repeat","background-position":"center center","background-size":"auto","background-attachment":"scroll","background-type":"","background-media":"","overlay-type":"","overlay-color":"","overlay-opacity":"","overlay-gradient":""},"tablet":{"background-color":"var(--ast-global-color-5)","background-image":"","background-repeat":"repeat","background-position":"center center","background-size":"auto","background-attachment":"scroll","background-type":"","background-media":"","overlay-type":"","overlay-color":"","overlay-opacity":"","overlay-gradient":""},"mobile":{"background-color":"var(--ast-global-color-5)","background-image":"","background-repeat":"repeat","background-position":"center center","background-size":"auto","background-attachment":"scroll","background-type":"","background-media":"","overlay-type":"","overlay-color":"","overlay-opacity":"","overlay-gradient":""}}},"product_brand":[],"product_cat":[22],"product_tag":[212,160,209,206,45,211,207,72,143,205],"class_list":{"0":"post-2438","1":"product","2":"type-product","3":"status-publish","4":"has-post-thumbnail","6":"product_cat-self-aligning-ball-bearings","7":"product_tag-2205-bearing","8":"product_tag-agricultural-bearing","9":"product_tag-conveyor-bearing","10":"product_tag-double-row-bearing","11":"product_tag-industrial-bearing","12":"product_tag-mechanical-bearing","13":"product_tag-misalignment-bearing","14":"product_tag-oem-bearing-supplier","15":"product_tag-precision-bearing-manufacturer","16":"product_tag-self-aligning-ball-bearing","17":"desktop-align-left","18":"tablet-align-left","19":"mobile-align-left","20":"ast-product-gallery-layout-horizontal-slider","21":"ast-product-gallery-with-no-image","22":"ast-product-tabs-layout-horizontal","24":"first","25":"instock","26":"shipping-taxable","27":"product-type-simple"},"_links":{"self":[{"href":"https:\/\/www.machinerybearings.com\/fi\/wp-json\/wp\/v2\/product\/2438","targetHints":{"allow":["GET"]}}],"collection":[{"href":"https:\/\/www.machinerybearings.com\/fi\/wp-json\/wp\/v2\/product"}],"about":[{"href":"https:\/\/www.machinerybearings.com\/fi\/wp-json\/wp\/v2\/types\/product"}],"replies":[{"embeddable":true,"href":"https:\/\/www.machinerybearings.com\/fi\/wp-json\/wp\/v2\/comments?post=2438"}],"wp:featuredmedia":[{"embeddable":true,"href":"https:\/\/www.machinerybearings.com\/fi\/wp-json\/wp\/v2\/media\/2544"}],"wp:attachment":[{"href":"https:\/\/www.machinerybearings.com\/fi\/wp-json\/wp\/v2\/media?parent=2438"}],"wp:term":[{"taxonomy":"product_brand","embeddable":true,"href":"https:\/\/www.machinerybearings.com\/fi\/wp-json\/wp\/v2\/product_brand?post=2438"},{"taxonomy":"product_cat","embeddable":true,"href":"https:\/\/www.machinerybearings.com\/fi\/wp-json\/wp\/v2\/product_cat?post=2438"},{"taxonomy":"product_tag","embeddable":true,"href":"https:\/\/www.machinerybearings.com\/fi\/wp-json\/wp\/v2\/product_tag?post=2438"}],"curies":[{"name":"wp","href":"https:\/\/api.w.org\/{rel}","templated":true}]}}