{"id":2439,"date":"2026-04-13T14:29:22","date_gmt":"2026-04-13T14:29:22","guid":{"rendered":"https:\/\/www.machinerybearings.com\/?post_type=product&#038;p=2439"},"modified":"2026-05-03T06:05:03","modified_gmt":"2026-05-03T06:05:03","slug":"1308-self-aligning-ball-bearing-double-row-bearing-for-shaft-misalignment-industrial-applications","status":"publish","type":"product","link":"https:\/\/www.machinerybearings.com\/fi\/tuote\/1308-self-aligning-ball-bearing-double-row-bearing-for-shaft-misalignment-industrial-applications\/","title":{"rendered":"1308 Itseohjautuva kuula-laakeri \u2013 Kaksoisrivi laakeri akselin v\u00e4\u00e4ristym\u00e4- ja teollisuusk\u00e4ytt\u00f6\u00f6n"},"content":{"rendered":"<p data-start=\"369\" data-end=\"656\">T\u00e4m\u00e4 <strong data-start=\"373\" data-end=\"408\">1308 Itseohjautuva kuula-laakeri<\/strong> on kaksirivinen laakeri, joka on erityisesti suunniteltu ottamaan huomioon akselin virheasento ja taipuma k\u00e4yt\u00f6n aikana. Sen pallomainen ulkopinta s\u00e4\u00e4t\u00e4\u00e4 automaattisesti kohdistusta, varmistaen sujuvan py\u00f6rimisen ja v\u00e4hent\u00e4en sis\u00e4ist\u00e4 rasitusta.<\/p>\n<p data-start=\"658\" data-end=\"943\">Verrattuna pienempiin sarjoihin, 1308 laakeri tarjoaa suuremman kuormankantokyvyn ja parannetun rakenteellisen vahvuuden, mik\u00e4 tekee siit\u00e4 sopivan keskikokoisiin ja suhteellisen raskaisiin teollisiin sovelluksiin. Se toimii luotettavasti j\u00e4rjestelmiss\u00e4, joissa akselin taipumista, v\u00e4r\u00e4htely\u00e4 tai asennusvirheit\u00e4 voi esiinty\u00e4.<\/p>\n<p data-start=\"945\" data-end=\"1137\">Valmistettu korkealaatuisesta kromiter\u00e4ksest\u00e4 ja saatavana ruostumattomasta ter\u00e4ksest\u00e4 tai erityismateriaaleista, 1308 laakeri tarjoaa alhaista kitkaa, vakaata suorituskyky\u00e4 ja pitk\u00e4\u00e4 k\u00e4ytt\u00f6ik\u00e4\u00e4.<\/p>\n<h1 data-section-id=\"8av2ty\" data-start=\"1144\" data-end=\"1162\"><span role=\"text\"><strong data-start=\"1146\" data-end=\"1162\">Avainominaisuudet<\/strong><\/span><\/h1>\n<ul data-start=\"1164\" data-end=\"1500\">\n<li data-section-id=\"1fr59o7\" data-start=\"1164\" data-end=\"1223\">Itseohjautuva muotoilu kompensoi akselin virheasentoa<\/li>\n<li data-section-id=\"nnbnhk\" data-start=\"1224\" data-end=\"1281\">Kaksirivinen kuularakenne lis\u00e4\u00e4ntyneelle kuormankantokyvylle<\/li>\n<li data-section-id=\"1mpt223\" data-start=\"1282\" data-end=\"1320\">Sujuva toiminta alhaisella kitkalla<\/li>\n<li data-section-id=\"1cx40cl\" data-start=\"1321\" data-end=\"1370\">Sopii keskikokoisiin ja suuriin kuormasovelluksiin<\/li>\n<li data-section-id=\"1cp3td6\" data-start=\"1371\" data-end=\"1415\">V\u00e4hent\u00e4\u00e4 t\u00e4rin\u00e4\u00e4 ja toimintakuormitusta<\/li>\n<li data-section-id=\"f8hmgc\" data-start=\"1416\" data-end=\"1453\">Helppo asennus ja huolto<\/li>\n<li data-section-id=\"1kczbua\" data-start=\"1454\" data-end=\"1500\">Pitk\u00e4 k\u00e4ytt\u00f6ik\u00e4 ja luotettava suorituskyky<\/li>\n<\/ul>\n<h1 data-section-id=\"10k15yz\" data-start=\"1507\" data-end=\"1537\"><span role=\"text\"><strong data-start=\"1509\" data-end=\"1537\">Teknisi\u00e4 tietoja<\/strong><\/span><\/h1>\n<div class=\"TyagGW_tableContainer\">\n<div class=\"group TyagGW_tableWrapper flex flex-col-reverse w-fit\" tabindex=\"-1\">\n<table class=\"w-fit min-w-(--thread-content-width)\" data-start=\"1539\" data-end=\"1960\">\n<thead data-start=\"1539\" data-end=\"1560\">\n<tr data-start=\"1539\" data-end=\"1560\">\n<th class=\"\" data-start=\"1539\" data-end=\"1551\" data-col-size=\"sm\">Parametri<\/th>\n<th class=\"\" data-start=\"1551\" data-end=\"1560\" data-col-size=\"sm\">Arvo<\/th>\n<\/tr>\n<\/thead>\n<tbody data-start=\"1581\" data-end=\"1960\">\n<tr data-start=\"1581\" data-end=\"1605\">\n<td data-start=\"1581\" data-end=\"1597\" data-col-size=\"sm\">Laakerimalli<\/td>\n<td data-start=\"1597\" data-end=\"1605\" data-col-size=\"sm\">1308<\/td>\n<\/tr>\n<tr data-start=\"1606\" data-end=\"1636\">\n<td data-start=\"1606\" data-end=\"1627\" data-col-size=\"sm\">Sis\u00e4halkaisija (d)<\/td>\n<td data-start=\"1627\" data-end=\"1636\" data-col-size=\"sm\">40 mm<\/td>\n<\/tr>\n<tr data-start=\"1637\" data-end=\"1667\">\n<td data-start=\"1637\" data-end=\"1658\" data-col-size=\"sm\">Ulkohalkaisija (D)<\/td>\n<td data-start=\"1658\" data-end=\"1667\" data-col-size=\"sm\">90 mm<\/td>\n<\/tr>\n<tr data-start=\"1668\" data-end=\"1689\">\n<td data-start=\"1668\" data-end=\"1680\" data-col-size=\"sm\">Leveys (B)<\/td>\n<td data-start=\"1680\" data-end=\"1689\" data-col-size=\"sm\">23 mm<\/td>\n<\/tr>\n<tr data-start=\"1690\" data-end=\"1735\">\n<td data-start=\"1690\" data-end=\"1705\" data-col-size=\"sm\">Laakertype<\/td>\n<td data-start=\"1705\" data-end=\"1735\" data-col-size=\"sm\">Itseohjautuva kuulalaakeri<\/td>\n<\/tr>\n<tr data-start=\"1736\" data-end=\"1762\">\n<td data-start=\"1736\" data-end=\"1748\" data-col-size=\"sm\">Rakenne<\/td>\n<td data-start=\"1748\" data-end=\"1762\" data-col-size=\"sm\">Kaksoisrivi<\/td>\n<\/tr>\n<tr data-start=\"1763\" data-end=\"1808\">\n<td data-start=\"1763\" data-end=\"1774\" data-col-size=\"sm\">Materiaali<\/td>\n<td data-start=\"1774\" data-end=\"1808\" data-col-size=\"sm\">Kromiter\u00e4s \/ Ruostumaton ter\u00e4s<\/td>\n<\/tr>\n<tr data-start=\"1809\" data-end=\"1850\">\n<td data-start=\"1809\" data-end=\"1825\" data-col-size=\"sm\">Keh\u00e4materiaali<\/td>\n<td data-start=\"1825\" data-end=\"1850\" data-col-size=\"sm\">Ter\u00e4s \/ Messinki \/ Nailon<\/td>\n<\/tr>\n<tr data-start=\"1851\" data-end=\"1881\">\n<td data-start=\"1851\" data-end=\"1865\" data-col-size=\"sm\">Voitelu<\/td>\n<td data-start=\"1865\" data-end=\"1881\" data-col-size=\"sm\">Rasva \/ \u00d6ljy<\/td>\n<\/tr>\n<tr data-start=\"1882\" data-end=\"1917\">\n<td data-start=\"1882\" data-end=\"1901\" data-col-size=\"sm\">Tarkkuusluokitus<\/td>\n<td data-start=\"1901\" data-end=\"1917\" data-col-size=\"sm\">P0 \/ P6 \/ P5<\/td>\n<\/tr>\n<tr data-start=\"1918\" data-end=\"1960\">\n<td data-start=\"1918\" data-end=\"1942\" data-col-size=\"sm\">K\u00e4ytt\u00f6l\u00e4mp\u00f6tila<\/td>\n<td data-start=\"1942\" data-end=\"1960\" data-col-size=\"sm\">-20\u00b0C - 120\u00b0C<\/td>\n<\/tr>\n<\/tbody>\n<\/table>\n<\/div>\n<\/div>\n<h1 data-section-id=\"1p00fbj\" data-start=\"1967\" data-end=\"1985\"><span role=\"text\"><strong data-start=\"1969\" data-end=\"1985\">Sovellukset<\/strong><\/span><\/h1>\n<p data-start=\"1987\" data-end=\"2041\">1308 itseohjautuva kuula-laakeri on laajalti k\u00e4yt\u00f6ss\u00e4:<\/p>\n<ul data-start=\"2043\" data-end=\"2221\">\n<li data-section-id=\"1n6ynun\" data-start=\"2043\" data-end=\"2069\">Maatalouskoneet<\/li>\n<li data-section-id=\"176s2ln\" data-start=\"2070\" data-end=\"2090\">Kuljetinj\u00e4rjestelm\u00e4t<\/li>\n<li data-section-id=\"1ahkbyk\" data-start=\"2091\" data-end=\"2122\">Teollisuusfanit ja puhaltimet<\/li>\n<li data-section-id=\"io1u9n\" data-start=\"2123\" data-end=\"2144\">Tekstiilikoneet<\/li>\n<li data-section-id=\"ib1wqr\" data-start=\"2145\" data-end=\"2180\">Mekaaniset siirtoj\u00e4rjestelm\u00e4t<\/li>\n<li data-section-id=\"1kib5nh\" data-start=\"2181\" data-end=\"2221\">Kevyt ja keskikokoinen teollisuuskalusto<\/li>\n<\/ul>\n<h1 data-section-id=\"zdmnob\" data-start=\"2228\" data-end=\"2247\"><span role=\"text\"><strong data-start=\"2230\" data-end=\"2247\">Miksi valita meid\u00e4t<\/strong><\/span><\/h1>\n<ul data-start=\"2249\" data-end=\"2466\">\n<li data-section-id=\"t14xel\" data-start=\"2249\" data-end=\"2302\">Vakaa tehdastuotanto johdonmukaisella laadulla<\/li>\n<li data-section-id=\"hq554l\" data-start=\"2303\" data-end=\"2348\">OEM- ja r\u00e4\u00e4t\u00e4l\u00f6ityjen materiaalivaihtoehtojen saatavuus<\/li>\n<li data-section-id=\"18yrkc1\" data-start=\"2349\" data-end=\"2388\">Kilpailukykyiset hinnat suurtilauksille<\/li>\n<li data-section-id=\"k7xnqf\" data-start=\"2389\" data-end=\"2424\">Nopea toimitus ja globaali toimitus<\/li>\n<li data-section-id=\"1u6ytj0\" data-start=\"2425\" data-end=\"2466\">Tiukka tarkastus ja laatuvalvonta<\/li>\n<\/ul>\n<h1 data-section-id=\"1iusff4\" data-start=\"2473\" data-end=\"2482\"><span role=\"text\"><strong data-start=\"2475\" data-end=\"2482\">UKK<\/strong><\/span><\/h1>\n<p data-start=\"2484\" data-end=\"2653\"><strong data-start=\"2484\" data-end=\"2550\">Q1: Mik\u00e4 on 1308 itseohjautuvien laakereiden p\u00e4\u00e4etu?<\/strong><br data-start=\"2550\" data-end=\"2553\" \/>A: Ne kompensoivat automaattisesti akselin virheasentoa, v\u00e4hent\u00e4en rasitusta ja pident\u00e4en k\u00e4ytt\u00f6ik\u00e4\u00e4.<\/p>\n<p data-start=\"2655\" data-end=\"2816\"><strong data-start=\"2655\" data-end=\"2708\">Q2: Onko 1308 sopiva raskaisiin kuormasovelluksiin?<\/strong><br data-start=\"2708\" data-end=\"2711\" \/>A: Se sopii keskikokoisiin ja suhteellisen suuriin kuormasovelluksiin, mutta ei \u00e4\u00e4rimm\u00e4isiin raskaisiin olosuhteisiin.<\/p>\n<p data-start=\"2818\" data-end=\"2951\"><strong data-start=\"2818\" data-end=\"2865\">K3: Onko saatavilla ruostumattomasta ter\u00e4ksest\u00e4 valmistettuja versioita?<\/strong><br data-start=\"2865\" data-end=\"2868\" \/>A: Kyll\u00e4, ruostumatonta ter\u00e4st\u00e4 ja r\u00e4\u00e4t\u00e4l\u00f6ityj\u00e4 materiaalivaihtoehtoja on saatavana pyynn\u00f6st\u00e4.<\/p>","protected":false},"excerpt":{"rendered":"<p>T\u00e4m\u00e4 <strong data-start=\"373\" data-end=\"408\">1308 Itseohjautuva kuula-laakeri<\/strong> on kaksirivinen laakeri, joka on erityisesti suunniteltu ottamaan huomioon akselin virheasento ja taipuma k\u00e4yt\u00f6n aikana. Sen pallomainen ulkopinta s\u00e4\u00e4t\u00e4\u00e4 automaattisesti kohdistusta, varmistaen sujuvan py\u00f6rimisen ja v\u00e4hent\u00e4en sis\u00e4ist\u00e4 rasitusta.<\/p>","protected":false},"featured_media":2540,"comment_status":"open","ping_status":"closed","template":"","meta":{"site-sidebar-layout":"default","site-content-layout":"","ast-site-content-layout":"default","site-content-style":"default","site-sidebar-style":"default","ast-global-header-display":"","ast-banner-title-visibility":"","ast-main-header-display":"","ast-hfb-above-header-display":"","ast-hfb-below-header-display":"","ast-hfb-mobile-header-display":"","site-post-title":"","ast-breadcrumbs-content":"","ast-featured-img":"","footer-sml-layout":"","ast-disable-related-posts":"","theme-transparent-header-meta":"default","adv-header-id-meta":"","stick-header-meta":"default","header-above-stick-meta":"","header-main-stick-meta":"","header-below-stick-meta":"","astra-migrate-meta-layouts":"set","ast-page-background-enabled":"default","ast-page-background-meta":{"desktop":{"background-color":"","background-image":"","background-repeat":"repeat","background-position":"center center","background-size":"auto","background-attachment":"scroll","background-type":"","background-media":"","overlay-type":"","overlay-color":"","overlay-opacity":"","overlay-gradient":""},"tablet":{"background-color":"","background-image":"","background-repeat":"repeat","background-position":"center center","background-size":"auto","background-attachment":"scroll","background-type":"","background-media":"","overlay-type":"","overlay-color":"","overlay-opacity":"","overlay-gradient":""},"mobile":{"background-color":"","background-image":"","background-repeat":"repeat","background-position":"center center","background-size":"auto","background-attachment":"scroll","background-type":"","background-media":"","overlay-type":"","overlay-color":"","overlay-opacity":"","overlay-gradient":""}},"ast-content-background-meta":{"desktop":{"background-color":"var(--ast-global-color-5)","background-image":"","background-repeat":"repeat","background-position":"center center","background-size":"auto","background-attachment":"scroll","background-type":"","background-media":"","overlay-type":"","overlay-color":"","overlay-opacity":"","overlay-gradient":""},"tablet":{"background-color":"var(--ast-global-color-5)","background-image":"","background-repeat":"repeat","background-position":"center center","background-size":"auto","background-attachment":"scroll","background-type":"","background-media":"","overlay-type":"","overlay-color":"","overlay-opacity":"","overlay-gradient":""},"mobile":{"background-color":"var(--ast-global-color-5)","background-image":"","background-repeat":"repeat","background-position":"center center","background-size":"auto","background-attachment":"scroll","background-type":"","background-media":"","overlay-type":"","overlay-color":"","overlay-opacity":"","overlay-gradient":""}}},"product_brand":[],"product_cat":[22],"product_tag":[213,160,209,206,45,211,207,72,143,205],"class_list":{"0":"post-2439","1":"product","2":"type-product","3":"status-publish","4":"has-post-thumbnail","6":"product_cat-self-aligning-ball-bearings","7":"product_tag-1308-bearing","8":"product_tag-agricultural-bearing","9":"product_tag-conveyor-bearing","10":"product_tag-double-row-bearing","11":"product_tag-industrial-bearing","12":"product_tag-mechanical-bearing","13":"product_tag-misalignment-bearing","14":"product_tag-oem-bearing-supplier","15":"product_tag-precision-bearing-manufacturer","16":"product_tag-self-aligning-ball-bearing","17":"desktop-align-left","18":"tablet-align-left","19":"mobile-align-left","20":"ast-product-gallery-layout-horizontal-slider","21":"ast-product-gallery-with-no-image","22":"ast-product-tabs-layout-horizontal","24":"first","25":"instock","26":"shipping-taxable","27":"product-type-simple"},"_links":{"self":[{"href":"https:\/\/www.machinerybearings.com\/fi\/wp-json\/wp\/v2\/product\/2439","targetHints":{"allow":["GET"]}}],"collection":[{"href":"https:\/\/www.machinerybearings.com\/fi\/wp-json\/wp\/v2\/product"}],"about":[{"href":"https:\/\/www.machinerybearings.com\/fi\/wp-json\/wp\/v2\/types\/product"}],"replies":[{"embeddable":true,"href":"https:\/\/www.machinerybearings.com\/fi\/wp-json\/wp\/v2\/comments?post=2439"}],"wp:featuredmedia":[{"embeddable":true,"href":"https:\/\/www.machinerybearings.com\/fi\/wp-json\/wp\/v2\/media\/2540"}],"wp:attachment":[{"href":"https:\/\/www.machinerybearings.com\/fi\/wp-json\/wp\/v2\/media?parent=2439"}],"wp:term":[{"taxonomy":"product_brand","embeddable":true,"href":"https:\/\/www.machinerybearings.com\/fi\/wp-json\/wp\/v2\/product_brand?post=2439"},{"taxonomy":"product_cat","embeddable":true,"href":"https:\/\/www.machinerybearings.com\/fi\/wp-json\/wp\/v2\/product_cat?post=2439"},{"taxonomy":"product_tag","embeddable":true,"href":"https:\/\/www.machinerybearings.com\/fi\/wp-json\/wp\/v2\/product_tag?post=2439"}],"curies":[{"name":"wp","href":"https:\/\/api.w.org\/{rel}","templated":true}]}}