{"id":2440,"date":"2026-04-13T14:32:45","date_gmt":"2026-04-13T14:32:45","guid":{"rendered":"https:\/\/www.machinerybearings.com\/?post_type=product&#038;p=2440"},"modified":"2026-05-04T14:15:15","modified_gmt":"2026-05-04T14:15:15","slug":"wide-inner-ring-bearing-insert-bearing-with-extended-inner-ring-for-enhanced-shaft-support","status":"publish","type":"product","link":"https:\/\/www.machinerybearings.com\/fi\/tuote\/wide-inner-ring-bearing-insert-bearing-with-extended-inner-ring-for-enhanced-shaft-support\/","title":{"rendered":"Laaja sis\u00e4renkaan laakeri \u2013 Sis\u00e4laakeri, jossa on pidennetty sis\u00e4renka, parannetulle akselitukea varten"},"content":{"rendered":"<p data-start=\"376\" data-end=\"699\">T\u00e4m\u00e4 <strong data-start=\"380\" data-end=\"407\">Laaja sis\u00e4renkaalla varustettu laakeri<\/strong> on erikoisvalmisteinen insert-laakeri, jossa on pidennetty sis\u00e4renkaat yhdell\u00e4 tai molemmilla puolilla. T\u00e4m\u00e4 muotoilu tarjoaa lis\u00e4tukea akselille, parantaa vakautta ja tarjoaa paremman lukituskyvyn, mik\u00e4 tekee siit\u00e4 ihanteellisen sovelluksiin, joissa on akselin v\u00e4\u00e4r\u00e4 kohdistus, v\u00e4r\u00e4htely tai rajoitettu akselitukipituus.<\/p>\n<p data-start=\"701\" data-end=\"997\">Laajasti k\u00e4ytetty maatalouskoneissa ja kuljetinj\u00e4rjestelmiss\u00e4, laajat sis\u00e4renkaalla varustetut laakerit asennetaan tyynylohko- tai laippakoteloihin. Pitk\u00e4 sis\u00e4renkaat mahdollistavat turvallisen kiinnitt\u00e4misen k\u00e4ytt\u00e4m\u00e4ll\u00e4 asetussiruja tai eksentrisia lukituskauloja, varmistaen luotettavan toiminnan dynaamisissa kuormitusolosuhteissa.<\/p>\n<p data-start=\"999\" data-end=\"1194\">Valmistettu korkealaatuisesta kromiter\u00e4ksest\u00e4 ja saatavana ruostumattomasta ter\u00e4ksest\u00e4, n\u00e4m\u00e4 laakerit tarjoavat erinomaisen kest\u00e4vyys, sujuvan py\u00f6rimisen ja pitk\u00e4n k\u00e4ytt\u00f6i\u00e4n vaativissa ymp\u00e4rist\u00f6iss\u00e4.<\/p>\n<h1 data-section-id=\"8av2ty\" data-start=\"1201\" data-end=\"1219\"><span role=\"text\"><strong data-start=\"1203\" data-end=\"1219\">Avainominaisuudet<\/strong><\/span><\/h1>\n<ul data-start=\"1221\" data-end=\"1567\">\n<li data-section-id=\"19holap\" data-start=\"1221\" data-end=\"1271\">Pitk\u00e4 sis\u00e4renkaat parantamaan akselitukea<\/li>\n<li data-section-id=\"1j20xvq\" data-start=\"1272\" data-end=\"1332\">Parannettu vakaus sovelluksissa, joissa on akselin taipuma<\/li>\n<li data-section-id=\"1te2cmv\" data-start=\"1333\" data-end=\"1387\">Turvallinen lukitus asetussiruilla tai eksentrisell\u00e4 kaulalla<\/li>\n<li data-section-id=\"3br2ju\" data-start=\"1388\" data-end=\"1426\">Itses\u00e4\u00e4tyv\u00e4 ulkopinnan muotoilu<\/li>\n<li data-section-id=\"hwxtx0\" data-start=\"1427\" data-end=\"1476\">Sopii tyynylohko- ja laippakoteloihin<\/li>\n<li data-section-id=\"1lzu0yl\" data-start=\"1477\" data-end=\"1516\">Esikennotettu helppoa huoltoa varten<\/li>\n<li data-section-id=\"1u6kvkj\" data-start=\"1517\" data-end=\"1567\">Vahva kest\u00e4vyys v\u00e4r\u00e4htely\u00e4 ja iskuja vastaan<\/li>\n<\/ul>\n<h1 data-section-id=\"10k15yz\" data-start=\"1574\" data-end=\"1604\"><span role=\"text\"><strong data-start=\"1576\" data-end=\"1604\">Teknisi\u00e4 tietoja<\/strong><\/span><\/h1>\n<div class=\"TyagGW_tableContainer\">\n<div class=\"group TyagGW_tableWrapper flex flex-col-reverse w-fit\" tabindex=\"-1\">\n<table class=\"w-fit min-w-(--thread-content-width)\" data-start=\"1606\" data-end=\"2064\">\n<thead data-start=\"1606\" data-end=\"1627\">\n<tr data-start=\"1606\" data-end=\"1627\">\n<th class=\"\" data-start=\"1606\" data-end=\"1618\" data-col-size=\"sm\">Parametri<\/th>\n<th class=\"\" data-start=\"1618\" data-end=\"1627\" data-col-size=\"md\">Arvo<\/th>\n<\/tr>\n<\/thead>\n<tbody data-start=\"1648\" data-end=\"2064\">\n<tr data-start=\"1648\" data-end=\"1697\">\n<td data-start=\"1648\" data-end=\"1663\" data-col-size=\"sm\">Laakertype<\/td>\n<td data-col-size=\"md\" data-start=\"1663\" data-end=\"1697\">Laaja sis\u00e4renkaalla varustettu insert-laakeri<\/td>\n<\/tr>\n<tr data-start=\"1698\" data-end=\"1762\">\n<td data-start=\"1698\" data-end=\"1710\" data-col-size=\"sm\">Rakenne<\/td>\n<td data-col-size=\"md\" data-start=\"1710\" data-end=\"1762\">Yhden rivin kuulalaakeri, jossa on pidennetty sis\u00e4renkaat<\/td>\n<\/tr>\n<tr data-start=\"1763\" data-end=\"1808\">\n<td data-start=\"1763\" data-end=\"1774\" data-col-size=\"sm\">Materiaali<\/td>\n<td data-col-size=\"md\" data-start=\"1774\" data-end=\"1808\">Kromiter\u00e4s \/ Ruostumaton ter\u00e4s<\/td>\n<\/tr>\n<tr data-start=\"1809\" data-end=\"1866\">\n<td data-start=\"1809\" data-end=\"1826\" data-col-size=\"sm\">Lukitusmenetelm\u00e4<\/td>\n<td data-col-size=\"md\" data-start=\"1826\" data-end=\"1866\">Kiinnitysruuvi \/ Eccentric-lukituskaulus<\/td>\n<\/tr>\n<tr data-start=\"1867\" data-end=\"1904\">\n<td data-start=\"1867\" data-end=\"1882\" data-col-size=\"sm\">Tiivistystyyppi<\/td>\n<td data-col-size=\"md\" data-start=\"1882\" data-end=\"1904\">Kumitiivisteet (2RS)<\/td>\n<\/tr>\n<tr data-start=\"1905\" data-end=\"1934\">\n<td data-start=\"1905\" data-end=\"1919\" data-col-size=\"sm\">Voitelu<\/td>\n<td data-col-size=\"md\" data-start=\"1919\" data-end=\"1934\">Esirasvattu<\/td>\n<\/tr>\n<tr data-start=\"1935\" data-end=\"1986\">\n<td data-start=\"1935\" data-end=\"1959\" data-col-size=\"sm\">Kotelo-yhteensopivuus<\/td>\n<td data-col-size=\"md\" data-start=\"1959\" data-end=\"1986\">UCP \/ UCF \/ UCFL-sarjat<\/td>\n<\/tr>\n<tr data-start=\"1987\" data-end=\"2029\">\n<td data-start=\"1987\" data-end=\"2011\" data-col-size=\"sm\">K\u00e4ytt\u00f6l\u00e4mp\u00f6tila<\/td>\n<td data-col-size=\"md\" data-start=\"2011\" data-end=\"2029\">-20\u00b0C - 120\u00b0C<\/td>\n<\/tr>\n<tr data-start=\"2030\" data-end=\"2064\">\n<td data-start=\"2030\" data-end=\"2042\" data-col-size=\"sm\">Kuormatyypit<\/td>\n<td data-col-size=\"md\" data-start=\"2042\" data-end=\"2064\">Keskikokoinen s\u00e4teitt\u00e4inen kuormitus<\/td>\n<\/tr>\n<\/tbody>\n<\/table>\n<\/div>\n<\/div>\n<h1 data-section-id=\"1p00fbj\" data-start=\"2071\" data-end=\"2089\"><span role=\"text\"><strong data-start=\"2073\" data-end=\"2089\">Sovellukset<\/strong><\/span><\/h1>\n<p data-start=\"2091\" data-end=\"2135\">Laajat sis\u00e4renkaat ovat laajalti k\u00e4yt\u00f6ss\u00e4:<\/p>\n<ul data-start=\"2137\" data-end=\"2291\">\n<li data-section-id=\"1n6ynun\" data-start=\"2137\" data-end=\"2163\">Maatalouskoneet<\/li>\n<li data-section-id=\"176s2ln\" data-start=\"2164\" data-end=\"2184\">Kuljetinj\u00e4rjestelm\u00e4t<\/li>\n<li data-section-id=\"1vok1mu\" data-start=\"2185\" data-end=\"2214\">Nurmikko- ja puutarhakoneet<\/li>\n<li data-section-id=\"io1u9n\" data-start=\"2215\" data-end=\"2236\">Tekstiilikoneet<\/li>\n<li data-section-id=\"1htpp6l\" data-start=\"2237\" data-end=\"2260\">Pakkauskoneet<\/li>\n<li data-section-id=\"14dhqtb\" data-start=\"2261\" data-end=\"2291\">Kevyt teollisuuskalusto<\/li>\n<\/ul>\n<h1 data-section-id=\"zdmnob\" data-start=\"2298\" data-end=\"2317\"><span role=\"text\"><strong data-start=\"2300\" data-end=\"2317\">Miksi valita meid\u00e4t<\/strong><\/span><\/h1>\n<ul data-start=\"2319\" data-end=\"2558\">\n<li data-section-id=\"27wjk1\" data-start=\"2319\" data-end=\"2372\">Vahva kokemus sis\u00e4laakerivalmistuksesta<\/li>\n<li data-section-id=\"1rc9oj3\" data-start=\"2373\" data-end=\"2419\">OEM- ja r\u00e4\u00e4t\u00e4l\u00f6idyt lukitusratkaisut saatavilla<\/li>\n<li data-section-id=\"1veetvt\" data-start=\"2420\" data-end=\"2470\">Korkealaatuiset materiaalit vakaalla suorituskyvyll\u00e4<\/li>\n<li data-section-id=\"25hgpv\" data-start=\"2471\" data-end=\"2513\">Yhteensopiva standardikoteloyksik\u00f6iden kanssa<\/li>\n<li data-section-id=\"1lpvtyk\" data-start=\"2514\" data-end=\"2558\">Nopea toimitus ja suurtoimituskyky<\/li>\n<\/ul>\n<h1 data-section-id=\"1iusff4\" data-start=\"2565\" data-end=\"2574\"><span role=\"text\"><strong data-start=\"2567\" data-end=\"2574\">UKK<\/strong><\/span><\/h1>\n<p data-start=\"2576\" data-end=\"2751\"><strong data-start=\"2576\" data-end=\"2635\">K1: Mik\u00e4 on laajan sis\u00e4renkaan laakerin etu?<\/strong><br data-start=\"2635\" data-end=\"2638\" \/>V: Se tarjoaa paremman akselituen ja vakauden, erityisesti sovelluksissa, joissa on akselin taipumaa tai v\u00e4r\u00e4htely\u00e4.<\/p>\n<p data-start=\"2753\" data-end=\"2877\"><strong data-start=\"2753\" data-end=\"2799\">K2: Miten laakeri kiinnitet\u00e4\u00e4n akseliin?<\/strong><br data-start=\"2799\" data-end=\"2802\" \/>V: Se kiinnitet\u00e4\u00e4n tyypillisesti kiinnitysruuveilla tai eksentrisell\u00e4 lukituskauluksella.<\/p>\n<p data-start=\"2879\" data-end=\"3013\"><strong data-start=\"2879\" data-end=\"2938\">K3: Voiko sit\u00e4 k\u00e4ytt\u00e4\u00e4 standardien tyynylohkojen koteloiden kanssa?<\/strong><br data-start=\"2938\" data-end=\"2941\" \/>A: Kyll\u00e4, se on yhteensopiva standardien UCP, UCF ja UCFL koteloyksik\u00f6iden kanssa.<\/p>","protected":false},"excerpt":{"rendered":"<p>T\u00e4m\u00e4 <strong data-start=\"380\" data-end=\"407\">Laaja sis\u00e4renkaalla varustettu laakeri<\/strong> on erikoisvalmisteinen insert-laakeri, jossa on pidennetty sis\u00e4renkaat yhdell\u00e4 tai molemmilla puolilla. T\u00e4m\u00e4 muotoilu tarjoaa lis\u00e4tukea akselille, parantaa vakautta ja tarjoaa paremman lukituskyvyn, mik\u00e4 tekee siit\u00e4 ihanteellisen sovelluksiin, joissa on akselin v\u00e4\u00e4r\u00e4 kohdistus, v\u00e4r\u00e4htely tai rajoitettu akselitukipituus.<\/p>","protected":false},"featured_media":2603,"comment_status":"open","ping_status":"closed","template":"","meta":{"site-sidebar-layout":"default","site-content-layout":"","ast-site-content-layout":"default","site-content-style":"default","site-sidebar-style":"default","ast-global-header-display":"","ast-banner-title-visibility":"","ast-main-header-display":"","ast-hfb-above-header-display":"","ast-hfb-below-header-display":"","ast-hfb-mobile-header-display":"","site-post-title":"","ast-breadcrumbs-content":"","ast-featured-img":"","footer-sml-layout":"","ast-disable-related-posts":"","theme-transparent-header-meta":"default","adv-header-id-meta":"","stick-header-meta":"default","header-above-stick-meta":"","header-main-stick-meta":"","header-below-stick-meta":"","astra-migrate-meta-layouts":"set","ast-page-background-enabled":"default","ast-page-background-meta":{"desktop":{"background-color":"","background-image":"","background-repeat":"repeat","background-position":"center center","background-size":"auto","background-attachment":"scroll","background-type":"","background-media":"","overlay-type":"","overlay-color":"","overlay-opacity":"","overlay-gradient":""},"tablet":{"background-color":"","background-image":"","background-repeat":"repeat","background-position":"center center","background-size":"auto","background-attachment":"scroll","background-type":"","background-media":"","overlay-type":"","overlay-color":"","overlay-opacity":"","overlay-gradient":""},"mobile":{"background-color":"","background-image":"","background-repeat":"repeat","background-position":"center center","background-size":"auto","background-attachment":"scroll","background-type":"","background-media":"","overlay-type":"","overlay-color":"","overlay-opacity":"","overlay-gradient":""}},"ast-content-background-meta":{"desktop":{"background-color":"var(--ast-global-color-5)","background-image":"","background-repeat":"repeat","background-position":"center center","background-size":"auto","background-attachment":"scroll","background-type":"","background-media":"","overlay-type":"","overlay-color":"","overlay-opacity":"","overlay-gradient":""},"tablet":{"background-color":"var(--ast-global-color-5)","background-image":"","background-repeat":"repeat","background-position":"center center","background-size":"auto","background-attachment":"scroll","background-type":"","background-media":"","overlay-type":"","overlay-color":"","overlay-opacity":"","overlay-gradient":""},"mobile":{"background-color":"var(--ast-global-color-5)","background-image":"","background-repeat":"repeat","background-position":"center center","background-size":"auto","background-attachment":"scroll","background-type":"","background-media":"","overlay-type":"","overlay-color":"","overlay-opacity":"","overlay-gradient":""}}},"product_brand":[],"product_cat":[22],"product_tag":[160,209,45,156,159,72,157,162,215,214],"class_list":{"0":"post-2440","1":"product","2":"type-product","3":"status-publish","4":"has-post-thumbnail","6":"product_cat-self-aligning-ball-bearings","7":"product_tag-agricultural-bearing","8":"product_tag-conveyor-bearing","9":"product_tag-industrial-bearing","10":"product_tag-insert-bearing","11":"product_tag-mounted-bearing","12":"product_tag-oem-bearing-supplier","13":"product_tag-pillow-block-bearing","14":"product_tag-self-aligning-bearing","15":"product_tag-uc-bearing","16":"product_tag-wide-inner-ring-bearing","17":"desktop-align-left","18":"tablet-align-left","19":"mobile-align-left","20":"ast-product-gallery-layout-horizontal-slider","21":"ast-product-gallery-with-no-image","22":"ast-product-tabs-layout-horizontal","24":"first","25":"instock","26":"shipping-taxable","27":"product-type-simple"},"_links":{"self":[{"href":"https:\/\/www.machinerybearings.com\/fi\/wp-json\/wp\/v2\/product\/2440","targetHints":{"allow":["GET"]}}],"collection":[{"href":"https:\/\/www.machinerybearings.com\/fi\/wp-json\/wp\/v2\/product"}],"about":[{"href":"https:\/\/www.machinerybearings.com\/fi\/wp-json\/wp\/v2\/types\/product"}],"replies":[{"embeddable":true,"href":"https:\/\/www.machinerybearings.com\/fi\/wp-json\/wp\/v2\/comments?post=2440"}],"wp:featuredmedia":[{"embeddable":true,"href":"https:\/\/www.machinerybearings.com\/fi\/wp-json\/wp\/v2\/media\/2603"}],"wp:attachment":[{"href":"https:\/\/www.machinerybearings.com\/fi\/wp-json\/wp\/v2\/media?parent=2440"}],"wp:term":[{"taxonomy":"product_brand","embeddable":true,"href":"https:\/\/www.machinerybearings.com\/fi\/wp-json\/wp\/v2\/product_brand?post=2440"},{"taxonomy":"product_cat","embeddable":true,"href":"https:\/\/www.machinerybearings.com\/fi\/wp-json\/wp\/v2\/product_cat?post=2440"},{"taxonomy":"product_tag","embeddable":true,"href":"https:\/\/www.machinerybearings.com\/fi\/wp-json\/wp\/v2\/product_tag?post=2440"}],"curies":[{"name":"wp","href":"https:\/\/api.w.org\/{rel}","templated":true}]}}