{"id":2444,"date":"2026-04-13T14:39:55","date_gmt":"2026-04-13T14:39:55","guid":{"rendered":"https:\/\/www.machinerybearings.com\/?post_type=product&#038;p=2444"},"modified":"2026-05-03T06:24:41","modified_gmt":"2026-05-03T06:24:41","slug":"22205-spherical-roller-bearing-self-aligning-heavy-load-bearing-for-industrial-applications","status":"publish","type":"product","link":"https:\/\/www.machinerybearings.com\/fi\/tuote\/22205-spherical-roller-bearing-self-aligning-heavy-load-bearing-for-industrial-applications\/","title":{"rendered":"22205 Pallorullalaakeri \u2013 Itseohjautuva raskaan kuorman laakeri teollisuusk\u00e4ytt\u00f6\u00f6n"},"content":{"rendered":"<p data-start=\"379\" data-end=\"690\">T\u00e4m\u00e4 <strong data-start=\"383\" data-end=\"417\">22205 Pallom\u00e4nt\u00e4laakeri<\/strong> on kaksirivinen rullalaakeri, joka on suunniteltu kest\u00e4m\u00e4\u00e4n suuria s\u00e4teitt\u00e4isi\u00e4 kuormia ja kohtuullisia aksiaalisia kuormia samalla kun se kompensoi akselin v\u00e4\u00e4ristymi\u00e4. Sen pallomainen juoksupinta mahdollistaa automaattisen kohdistamisen, mik\u00e4 tekee siit\u00e4 ihanteellisen sovelluksiin, joissa akselin taipuminen tai asennusvirheet esiintyv\u00e4t.<\/p>\n<p data-start=\"692\" data-end=\"953\">T\u00e4m\u00e4 laakeri on suunniteltu korkealle kest\u00e4vyydelle ja luotettavuudelle vaativissa ty\u00f6olosuhteissa. Verrattuna itses\u00e4\u00e4tyviin kuulalaakereihin, pallom\u00e4nt\u00e4laakerit kuten 22205 tarjoavat merkitt\u00e4v\u00e4sti suuremman kuormankest\u00e4vyyden ja parannetun iskunkest\u00e4vyyden ja t\u00e4rin\u00e4nsietokyvyn.<\/p>\n<p data-start=\"955\" data-end=\"1136\">Valmistettu korkealaatuisesta seoster\u00e4ksest\u00e4 tai kromiter\u00e4ksest\u00e4, 22205 laakeri takaa pitk\u00e4n k\u00e4ytt\u00f6i\u00e4n, sujuvan toiminnan ja johdonmukaisen suorituskyvyn vaativissa teollisuusymp\u00e4rist\u00f6iss\u00e4.<\/p>\n<h1 data-section-id=\"8av2ty\" data-start=\"1143\" data-end=\"1161\"><span role=\"text\"><strong data-start=\"1145\" data-end=\"1161\">Avainominaisuudet<\/strong><\/span><\/h1>\n<ul data-start=\"1163\" data-end=\"1499\">\n<li data-section-id=\"17ys86f\" data-start=\"1163\" data-end=\"1220\">Korkea s\u00e4teitt\u00e4inen kuormankest\u00e4vyys raskaan k\u00e4yt\u00f6n sovelluksiin<\/li>\n<li data-section-id=\"1fr59o7\" data-start=\"1221\" data-end=\"1280\">Itseohjautuva muotoilu kompensoi akselin virheasentoa<\/li>\n<li data-section-id=\"1vl001\" data-start=\"1281\" data-end=\"1325\">Tukee yhdistettyj\u00e4 s\u00e4teitt\u00e4isi\u00e4 ja aksiaalisia kuormia<\/li>\n<li data-section-id=\"4qe041\" data-start=\"1326\" data-end=\"1373\">Erinomainen iskunkest\u00e4vyys ja t\u00e4rin\u00e4nsietokyky<\/li>\n<li data-section-id=\"js9du9\" data-start=\"1374\" data-end=\"1418\">Pitk\u00e4 k\u00e4ytt\u00f6ik\u00e4 vaativissa olosuhteissa<\/li>\n<li data-section-id=\"xjurbh\" data-start=\"1419\" data-end=\"1456\">Alhainen kitka ja vakaa toiminta<\/li>\n<li data-section-id=\"1398rv\" data-start=\"1457\" data-end=\"1499\">Sopii jatkuvaan teolliseen k\u00e4ytt\u00f6\u00f6n<\/li>\n<\/ul>\n<h1 data-section-id=\"10k15yz\" data-start=\"1506\" data-end=\"1536\"><span role=\"text\"><strong data-start=\"1508\" data-end=\"1536\">Teknisi\u00e4 tietoja<\/strong><\/span><\/h1>\n<div class=\"TyagGW_tableContainer\">\n<div class=\"group TyagGW_tableWrapper flex flex-col-reverse w-fit\" tabindex=\"-1\">\n<table class=\"w-fit min-w-(--thread-content-width)\" data-start=\"1538\" data-end=\"1953\">\n<thead data-start=\"1538\" data-end=\"1559\">\n<tr data-start=\"1538\" data-end=\"1559\">\n<th class=\"\" data-start=\"1538\" data-end=\"1550\" data-col-size=\"sm\">Parametri<\/th>\n<th class=\"\" data-start=\"1550\" data-end=\"1559\" data-col-size=\"sm\">Arvo<\/th>\n<\/tr>\n<\/thead>\n<tbody data-start=\"1580\" data-end=\"1953\">\n<tr data-start=\"1580\" data-end=\"1605\">\n<td data-start=\"1580\" data-end=\"1596\" data-col-size=\"sm\">Laakerimalli<\/td>\n<td data-start=\"1596\" data-end=\"1605\" data-col-size=\"sm\">22205<\/td>\n<\/tr>\n<tr data-start=\"1606\" data-end=\"1636\">\n<td data-start=\"1606\" data-end=\"1627\" data-col-size=\"sm\">Sis\u00e4halkaisija (d)<\/td>\n<td data-col-size=\"sm\" data-start=\"1627\" data-end=\"1636\">25 mm<\/td>\n<\/tr>\n<tr data-start=\"1637\" data-end=\"1667\">\n<td data-start=\"1637\" data-end=\"1658\" data-col-size=\"sm\">Ulkohalkaisija (D)<\/td>\n<td data-start=\"1658\" data-end=\"1667\" data-col-size=\"sm\">52 mm<\/td>\n<\/tr>\n<tr data-start=\"1668\" data-end=\"1689\">\n<td data-start=\"1668\" data-end=\"1680\" data-col-size=\"sm\">Leveys (B)<\/td>\n<td data-col-size=\"sm\" data-start=\"1680\" data-end=\"1689\">18 mm<\/td>\n<\/tr>\n<tr data-start=\"1690\" data-end=\"1733\">\n<td data-start=\"1690\" data-end=\"1705\" data-col-size=\"sm\">Laakertype<\/td>\n<td data-col-size=\"sm\" data-start=\"1705\" data-end=\"1733\">Pallom\u00e4nt\u00e4laakeri<\/td>\n<\/tr>\n<tr data-start=\"1734\" data-end=\"1767\">\n<td data-start=\"1734\" data-end=\"1746\" data-col-size=\"sm\">Rakenne<\/td>\n<td data-start=\"1746\" data-end=\"1767\" data-col-size=\"sm\">Kaksirivinen rulla<\/td>\n<\/tr>\n<tr data-start=\"1768\" data-end=\"1809\">\n<td data-start=\"1768\" data-end=\"1779\" data-col-size=\"sm\">Materiaali<\/td>\n<td data-start=\"1779\" data-end=\"1809\" data-col-size=\"sm\">Kromiter\u00e4s \/ Seoster\u00e4s<\/td>\n<\/tr>\n<tr data-start=\"1810\" data-end=\"1843\">\n<td data-start=\"1810\" data-end=\"1826\" data-col-size=\"sm\">Keh\u00e4materiaali<\/td>\n<td data-start=\"1826\" data-end=\"1843\" data-col-size=\"sm\">Ter\u00e4s \/ Messinki<\/td>\n<\/tr>\n<tr data-start=\"1844\" data-end=\"1874\">\n<td data-start=\"1844\" data-end=\"1858\" data-col-size=\"sm\">Voitelu<\/td>\n<td data-start=\"1858\" data-end=\"1874\" data-col-size=\"sm\">Rasva \/ \u00d6ljy<\/td>\n<\/tr>\n<tr data-start=\"1875\" data-end=\"1910\">\n<td data-start=\"1875\" data-end=\"1894\" data-col-size=\"sm\">Tarkkuusluokitus<\/td>\n<td data-start=\"1894\" data-end=\"1910\" data-col-size=\"sm\">P0 \/ P6 \/ P5<\/td>\n<\/tr>\n<tr data-start=\"1911\" data-end=\"1953\">\n<td data-start=\"1911\" data-end=\"1935\" data-col-size=\"sm\">K\u00e4ytt\u00f6l\u00e4mp\u00f6tila<\/td>\n<td data-start=\"1935\" data-end=\"1953\" data-col-size=\"sm\">-20\u00b0C - 150\u00b0C<\/td>\n<\/tr>\n<\/tbody>\n<\/table>\n<\/div>\n<\/div>\n<h1 data-section-id=\"1p00fbj\" data-start=\"1960\" data-end=\"1978\"><span role=\"text\"><strong data-start=\"1962\" data-end=\"1978\">Sovellukset<\/strong><\/span><\/h1>\n<p data-start=\"1980\" data-end=\"2033\">22205 pallorullalaakeria k\u00e4ytet\u00e4\u00e4n laajalti:<\/p>\n<ul data-start=\"2035\" data-end=\"2219\">\n<li data-section-id=\"byc78f\" data-start=\"2035\" data-end=\"2066\">Kaivos- ja louhintalaitteet<\/li>\n<li data-section-id=\"176s2ln\" data-start=\"2067\" data-end=\"2087\">Kuljetinj\u00e4rjestelm\u00e4t<\/li>\n<li data-section-id=\"1n6ynun\" data-start=\"2088\" data-end=\"2114\">Maatalouskoneet<\/li>\n<li data-section-id=\"942l0d\" data-start=\"2115\" data-end=\"2139\">Teolliset vaihteistot<\/li>\n<li data-section-id=\"10ok9wi\" data-start=\"2140\" data-end=\"2177\">Ter\u00e4s- ja sementtituotantolinjat<\/li>\n<li data-section-id=\"azxdeo\" data-start=\"2178\" data-end=\"2219\">Raskaat mekaaniset siirtoj\u00e4rjestelm\u00e4t<\/li>\n<\/ul>\n<h1 data-section-id=\"zdmnob\" data-start=\"2226\" data-end=\"2245\"><span role=\"text\"><strong data-start=\"2228\" data-end=\"2245\">Miksi valita meid\u00e4t<\/strong><\/span><\/h1>\n<ul data-start=\"2247\" data-end=\"2490\">\n<li data-section-id=\"1vbjgp6\" data-start=\"2247\" data-end=\"2304\">Vahva kyky raskaan kuormituksen laakereiden valmistuksessa<\/li>\n<li data-section-id=\"1eol690\" data-start=\"2305\" data-end=\"2343\">OEM- ja r\u00e4\u00e4t\u00e4l\u00f6ityj\u00e4 ratkaisuja saatavilla<\/li>\n<li data-section-id=\"gy7e8t\" data-start=\"2344\" data-end=\"2398\">Korkealaatuiset materiaalit tiukalla laadunvalvonnalla<\/li>\n<li data-section-id=\"rqr2fb\" data-start=\"2399\" data-end=\"2443\">Vakaa toimitus teollisiin suurtilauksiin<\/li>\n<li data-section-id=\"bhimnc\" data-start=\"2444\" data-end=\"2490\">Nopea globaali toimitus ja tekninen tuki<\/li>\n<\/ul>\n<h1 data-section-id=\"1iusff4\" data-start=\"2497\" data-end=\"2506\"><span role=\"text\"><strong data-start=\"2499\" data-end=\"2506\">UKK<\/strong><\/span><\/h1>\n<p data-start=\"2508\" data-end=\"2645\"><strong data-start=\"2508\" data-end=\"2567\">K1: Mik\u00e4 on pallorullalaakereiden etu?<\/strong><br data-start=\"2567\" data-end=\"2570\" \/>V: Ne tarjoavat suuren kuormankantokyvyn ja erinomaisen vinouksen kompensoinnin.<\/p>\n<p data-start=\"2647\" data-end=\"2770\"><strong data-start=\"2647\" data-end=\"2693\">K2: Voiko 22205-laakerit k\u00e4sitell\u00e4 raskaita kuormia?<\/strong><br data-start=\"2693\" data-end=\"2696\" \/>V: Kyll\u00e4, ne on suunniteltu raskaille radiaalisille kuormille ja kohtuullisille aksiaalisille kuormille.<\/p>\n<p data-start=\"2772\" data-end=\"2896\"><strong data-start=\"2772\" data-end=\"2822\">K3: Onko r\u00e4\u00e4t\u00e4l\u00f6ityj\u00e4 materiaaleja tai suunnitelmia saatavilla?<\/strong><br data-start=\"2822\" data-end=\"2825\" \/>V: Kyll\u00e4, tuemme OEM-r\u00e4\u00e4t\u00e4l\u00f6inti\u00e4 sovellusvaatimusten perusteella.<\/p>","protected":false},"excerpt":{"rendered":"<p>T\u00e4m\u00e4 <strong data-start=\"383\" data-end=\"417\">22205 Pallom\u00e4nt\u00e4laakeri<\/strong> on kaksirivinen rullalaakeri, joka on suunniteltu kest\u00e4m\u00e4\u00e4n suuria s\u00e4teitt\u00e4isi\u00e4 kuormia ja kohtuullisia aksiaalisia kuormia samalla kun se kompensoi akselin v\u00e4\u00e4ristymi\u00e4. Sen pallomainen juoksupinta mahdollistaa automaattisen kohdistamisen, mik\u00e4 tekee siit\u00e4 ihanteellisen sovelluksiin, joissa akselin taipuminen tai asennusvirheet esiintyv\u00e4t.<\/p>","protected":false},"featured_media":2545,"comment_status":"open","ping_status":"closed","template":"","meta":{"site-sidebar-layout":"default","site-content-layout":"","ast-site-content-layout":"default","site-content-style":"default","site-sidebar-style":"default","ast-global-header-display":"","ast-banner-title-visibility":"","ast-main-header-display":"","ast-hfb-above-header-display":"","ast-hfb-below-header-display":"","ast-hfb-mobile-header-display":"","site-post-title":"","ast-breadcrumbs-content":"","ast-featured-img":"","footer-sml-layout":"","ast-disable-related-posts":"","theme-transparent-header-meta":"default","adv-header-id-meta":"","stick-header-meta":"default","header-above-stick-meta":"","header-main-stick-meta":"","header-below-stick-meta":"","astra-migrate-meta-layouts":"set","ast-page-background-enabled":"default","ast-page-background-meta":{"desktop":{"background-color":"","background-image":"","background-repeat":"repeat","background-position":"center center","background-size":"auto","background-attachment":"scroll","background-type":"","background-media":"","overlay-type":"","overlay-color":"","overlay-opacity":"","overlay-gradient":""},"tablet":{"background-color":"","background-image":"","background-repeat":"repeat","background-position":"center center","background-size":"auto","background-attachment":"scroll","background-type":"","background-media":"","overlay-type":"","overlay-color":"","overlay-opacity":"","overlay-gradient":""},"mobile":{"background-color":"","background-image":"","background-repeat":"repeat","background-position":"center center","background-size":"auto","background-attachment":"scroll","background-type":"","background-media":"","overlay-type":"","overlay-color":"","overlay-opacity":"","overlay-gradient":""}},"ast-content-background-meta":{"desktop":{"background-color":"var(--ast-global-color-5)","background-image":"","background-repeat":"repeat","background-position":"center center","background-size":"auto","background-attachment":"scroll","background-type":"","background-media":"","overlay-type":"","overlay-color":"","overlay-opacity":"","overlay-gradient":""},"tablet":{"background-color":"var(--ast-global-color-5)","background-image":"","background-repeat":"repeat","background-position":"center center","background-size":"auto","background-attachment":"scroll","background-type":"","background-media":"","overlay-type":"","overlay-color":"","overlay-opacity":"","overlay-gradient":""},"mobile":{"background-color":"var(--ast-global-color-5)","background-image":"","background-repeat":"repeat","background-position":"center center","background-size":"auto","background-attachment":"scroll","background-type":"","background-media":"","overlay-type":"","overlay-color":"","overlay-opacity":"","overlay-gradient":""}}},"product_brand":[],"product_cat":[24],"product_tag":[218,209,78,56,51,45,119,72,219,153],"class_list":{"0":"post-2444","1":"product","2":"type-product","3":"status-publish","4":"has-post-thumbnail","6":"product_cat-spherical-roller-bearings","7":"product_tag-22205-bearing","8":"product_tag-conveyor-bearing","9":"product_tag-gearbox-bearing","10":"product_tag-heavy-duty-bearing","11":"product_tag-high-load-bearing","12":"product_tag-industrial-bearing","13":"product_tag-mining-bearing","14":"product_tag-oem-bearing-supplier","15":"product_tag-self-aligning-roller-bearing","16":"product_tag-spherical-roller-bearing","17":"desktop-align-left","18":"tablet-align-left","19":"mobile-align-left","20":"ast-product-gallery-layout-horizontal-slider","21":"ast-product-gallery-with-no-image","22":"ast-product-tabs-layout-horizontal","24":"first","25":"instock","26":"shipping-taxable","27":"product-type-simple"},"_links":{"self":[{"href":"https:\/\/www.machinerybearings.com\/fi\/wp-json\/wp\/v2\/product\/2444","targetHints":{"allow":["GET"]}}],"collection":[{"href":"https:\/\/www.machinerybearings.com\/fi\/wp-json\/wp\/v2\/product"}],"about":[{"href":"https:\/\/www.machinerybearings.com\/fi\/wp-json\/wp\/v2\/types\/product"}],"replies":[{"embeddable":true,"href":"https:\/\/www.machinerybearings.com\/fi\/wp-json\/wp\/v2\/comments?post=2444"}],"wp:featuredmedia":[{"embeddable":true,"href":"https:\/\/www.machinerybearings.com\/fi\/wp-json\/wp\/v2\/media\/2545"}],"wp:attachment":[{"href":"https:\/\/www.machinerybearings.com\/fi\/wp-json\/wp\/v2\/media?parent=2444"}],"wp:term":[{"taxonomy":"product_brand","embeddable":true,"href":"https:\/\/www.machinerybearings.com\/fi\/wp-json\/wp\/v2\/product_brand?post=2444"},{"taxonomy":"product_cat","embeddable":true,"href":"https:\/\/www.machinerybearings.com\/fi\/wp-json\/wp\/v2\/product_cat?post=2444"},{"taxonomy":"product_tag","embeddable":true,"href":"https:\/\/www.machinerybearings.com\/fi\/wp-json\/wp\/v2\/product_tag?post=2444"}],"curies":[{"name":"wp","href":"https:\/\/api.w.org\/{rel}","templated":true}]}}