{"id":2446,"date":"2026-04-13T14:44:47","date_gmt":"2026-04-13T14:44:47","guid":{"rendered":"https:\/\/www.machinerybearings.com\/?post_type=product&#038;p=2446"},"modified":"2026-05-03T06:29:37","modified_gmt":"2026-05-03T06:29:37","slug":"22210-spherical-roller-bearing-heavy-load-self-aligning-bearing-for-industrial-machinery","status":"publish","type":"product","link":"https:\/\/www.machinerybearings.com\/fi\/tuote\/22210-spherical-roller-bearing-heavy-load-self-aligning-bearing-for-industrial-machinery\/","title":{"rendered":"22210 Pallorullalaakeri \u2013 Raskaan kuorman itseohjautuva laakeri teollisuuskonet"},"content":{"rendered":"<p data-start=\"365\" data-end=\"710\">T\u00e4m\u00e4 <strong data-start=\"369\" data-end=\"403\">22210 Pallok\u00e4yr\u00e4laakeri<\/strong> on korkean suorituskyvyn kaksoisrivi laakeri, joka on suunniteltu k\u00e4sittelem\u00e4\u00e4n raskaita s\u00e4teitt\u00e4isi\u00e4 kuormia ja kohtuullisia aksiaalisia kuormia samalla kun se kompensoi akselin v\u00e4\u00e4ristym\u00e4\u00e4. Sen pallomainen juoksupinta mahdollistaa automaattisen kohdistamisen, mik\u00e4 tekee siit\u00e4 ihanteellisen sovelluksiin, joissa on akselin taipumaa, asennusvirheit\u00e4 tai dynaamisia k\u00e4ytt\u00f6olosuhteita.<\/p>\n<p data-start=\"712\" data-end=\"971\">Verrattuna tavallisiin kuulalaakereihin, 22210 laakeri tarjoaa erinomaisen kuormankantokyvyn, parannetun keston ja erinomaisen iskulle ja t\u00e4rin\u00e4lle vastustuskyvyn. Sit\u00e4 k\u00e4ytet\u00e4\u00e4n laajalti raskaan teollisuuden ymp\u00e4rist\u00f6iss\u00e4, joissa luotettavuus ja pitk\u00e4 k\u00e4ytt\u00f6ik\u00e4 ovat kriittisi\u00e4.<\/p>\n<p data-start=\"973\" data-end=\"1150\">Valmistettu korkealaatuisesta kromiter\u00e4ksest\u00e4 tai seoster\u00e4ksest\u00e4, 22210 laakeri varmistaa sujuvan py\u00f6rimisen, v\u00e4hennetyn kitkan ja vakaan suorituskyvyn jatkuvissa kuormitusolosuhteissa.<\/p>\n<h1 data-section-id=\"8av2ty\" data-start=\"1157\" data-end=\"1175\"><span role=\"text\"><strong data-start=\"1159\" data-end=\"1175\">Avainominaisuudet<\/strong><\/span><\/h1>\n<ul data-start=\"1177\" data-end=\"1536\">\n<li data-section-id=\"17ys86f\" data-start=\"1177\" data-end=\"1234\">Korkea s\u00e4teitt\u00e4inen kuormankest\u00e4vyys raskaan k\u00e4yt\u00f6n sovelluksiin<\/li>\n<li data-section-id=\"1fr59o7\" data-start=\"1235\" data-end=\"1294\">Itseohjautuva muotoilu kompensoi akselin virheasentoa<\/li>\n<li data-section-id=\"1vl001\" data-start=\"1295\" data-end=\"1339\">Tukee yhdistettyj\u00e4 s\u00e4teitt\u00e4isi\u00e4 ja aksiaalisia kuormia<\/li>\n<li data-section-id=\"1n39sdg\" data-start=\"1340\" data-end=\"1393\">Erinomainen vastustuskyky t\u00e4rin\u00e4lle ja iskukuormille<\/li>\n<li data-section-id=\"yc3667\" data-start=\"1394\" data-end=\"1448\">Pitk\u00e4 k\u00e4ytt\u00f6ik\u00e4 vaativissa teollisuusymp\u00e4rist\u00f6iss\u00e4<\/li>\n<li data-section-id=\"1mpt223\" data-start=\"1449\" data-end=\"1487\">Sujuva toiminta alhaisella kitkalla<\/li>\n<li data-section-id=\"1u0azbc\" data-start=\"1488\" data-end=\"1536\">Sopii jatkuvaan raskaan kuormituksen k\u00e4ytt\u00f6\u00f6n<\/li>\n<\/ul>\n<h1 data-section-id=\"10k15yz\" data-start=\"1543\" data-end=\"1573\"><span role=\"text\"><strong data-start=\"1545\" data-end=\"1573\">Teknisi\u00e4 tietoja<\/strong><\/span><\/h1>\n<div class=\"TyagGW_tableContainer\">\n<div class=\"group TyagGW_tableWrapper flex flex-col-reverse w-fit\" tabindex=\"-1\">\n<table class=\"w-fit min-w-(--thread-content-width)\" data-start=\"1575\" data-end=\"1990\">\n<thead data-start=\"1575\" data-end=\"1596\">\n<tr data-start=\"1575\" data-end=\"1596\">\n<th class=\"\" data-start=\"1575\" data-end=\"1587\" data-col-size=\"sm\">Parametri<\/th>\n<th class=\"\" data-start=\"1587\" data-end=\"1596\" data-col-size=\"sm\">Arvo<\/th>\n<\/tr>\n<\/thead>\n<tbody data-start=\"1617\" data-end=\"1990\">\n<tr data-start=\"1617\" data-end=\"1642\">\n<td data-start=\"1617\" data-end=\"1633\" data-col-size=\"sm\">Laakerimalli<\/td>\n<td data-col-size=\"sm\" data-start=\"1633\" data-end=\"1642\">22210<\/td>\n<\/tr>\n<tr data-start=\"1643\" data-end=\"1673\">\n<td data-start=\"1643\" data-end=\"1664\" data-col-size=\"sm\">Sis\u00e4halkaisija (d)<\/td>\n<td data-start=\"1664\" data-end=\"1673\" data-col-size=\"sm\">50 mm<\/td>\n<\/tr>\n<tr data-start=\"1674\" data-end=\"1704\">\n<td data-start=\"1674\" data-end=\"1695\" data-col-size=\"sm\">Ulkohalkaisija (D)<\/td>\n<td data-start=\"1695\" data-end=\"1704\" data-col-size=\"sm\">90 mm<\/td>\n<\/tr>\n<tr data-start=\"1705\" data-end=\"1726\">\n<td data-start=\"1705\" data-end=\"1717\" data-col-size=\"sm\">Leveys (B)<\/td>\n<td data-start=\"1717\" data-end=\"1726\" data-col-size=\"sm\">23 mm<\/td>\n<\/tr>\n<tr data-start=\"1727\" data-end=\"1770\">\n<td data-start=\"1727\" data-end=\"1742\" data-col-size=\"sm\">Laakertype<\/td>\n<td data-start=\"1742\" data-end=\"1770\" data-col-size=\"sm\">Pallom\u00e4nt\u00e4laakeri<\/td>\n<\/tr>\n<tr data-start=\"1771\" data-end=\"1804\">\n<td data-start=\"1771\" data-end=\"1783\" data-col-size=\"sm\">Rakenne<\/td>\n<td data-start=\"1783\" data-end=\"1804\" data-col-size=\"sm\">Kaksirivinen rulla<\/td>\n<\/tr>\n<tr data-start=\"1805\" data-end=\"1846\">\n<td data-start=\"1805\" data-end=\"1816\" data-col-size=\"sm\">Materiaali<\/td>\n<td data-start=\"1816\" data-end=\"1846\" data-col-size=\"sm\">Kromiter\u00e4s \/ Seoster\u00e4s<\/td>\n<\/tr>\n<tr data-start=\"1847\" data-end=\"1880\">\n<td data-start=\"1847\" data-end=\"1863\" data-col-size=\"sm\">Keh\u00e4materiaali<\/td>\n<td data-col-size=\"sm\" data-start=\"1863\" data-end=\"1880\">Ter\u00e4s \/ Messinki<\/td>\n<\/tr>\n<tr data-start=\"1881\" data-end=\"1911\">\n<td data-start=\"1881\" data-end=\"1895\" data-col-size=\"sm\">Voitelu<\/td>\n<td data-start=\"1895\" data-end=\"1911\" data-col-size=\"sm\">Rasva \/ \u00d6ljy<\/td>\n<\/tr>\n<tr data-start=\"1912\" data-end=\"1947\">\n<td data-start=\"1912\" data-end=\"1931\" data-col-size=\"sm\">Tarkkuusluokitus<\/td>\n<td data-start=\"1931\" data-end=\"1947\" data-col-size=\"sm\">P0 \/ P6 \/ P5<\/td>\n<\/tr>\n<tr data-start=\"1948\" data-end=\"1990\">\n<td data-start=\"1948\" data-end=\"1972\" data-col-size=\"sm\">K\u00e4ytt\u00f6l\u00e4mp\u00f6tila<\/td>\n<td data-col-size=\"sm\" data-start=\"1972\" data-end=\"1990\">-20\u00b0C - 150\u00b0C<\/td>\n<\/tr>\n<\/tbody>\n<\/table>\n<\/div>\n<\/div>\n<h1 data-section-id=\"1p00fbj\" data-start=\"1997\" data-end=\"2015\"><span role=\"text\"><strong data-start=\"1999\" data-end=\"2015\">Sovellukset<\/strong><\/span><\/h1>\n<p data-start=\"2017\" data-end=\"2070\">22210 pallok\u00e4yr\u00e4laakeria k\u00e4ytet\u00e4\u00e4n laajalti:<\/p>\n<ul data-start=\"2072\" data-end=\"2256\">\n<li data-section-id=\"ew3yor\" data-start=\"2072\" data-end=\"2103\">Kaivostoiminta- ja louhintakoneissa<\/li>\n<li data-section-id=\"176s2ln\" data-start=\"2104\" data-end=\"2124\">Kuljetinj\u00e4rjestelm\u00e4t<\/li>\n<li data-section-id=\"942l0d\" data-start=\"2125\" data-end=\"2149\">Teolliset vaihteistot<\/li>\n<li data-section-id=\"10ok9wi\" data-start=\"2150\" data-end=\"2187\">Ter\u00e4s- ja sementtituotantolinjat<\/li>\n<li data-section-id=\"azxdeo\" data-start=\"2188\" data-end=\"2229\">Raskaat mekaaniset siirtoj\u00e4rjestelm\u00e4t<\/li>\n<li data-section-id=\"y8acu3\" data-start=\"2230\" data-end=\"2256\">Maatalouskoneissa<\/li>\n<\/ul>\n<h1 data-section-id=\"zdmnob\" data-start=\"2263\" data-end=\"2282\"><span role=\"text\"><strong data-start=\"2265\" data-end=\"2282\">Miksi valita meid\u00e4t<\/strong><\/span><\/h1>\n<ul data-start=\"2284\" data-end=\"2526\">\n<li data-section-id=\"3u22ud\" data-start=\"2284\" data-end=\"2343\">Vahva valmistuskyky raskaille laakereille<\/li>\n<li data-section-id=\"1eol690\" data-start=\"2344\" data-end=\"2382\">OEM- ja r\u00e4\u00e4t\u00e4l\u00f6ityj\u00e4 ratkaisuja saatavilla<\/li>\n<li data-section-id=\"1hszmfc\" data-start=\"2383\" data-end=\"2434\">Korkealaatuiset materiaalit ja tarkka k\u00e4sittely<\/li>\n<li data-section-id=\"rqr2fb\" data-start=\"2435\" data-end=\"2479\">Vakaa toimitus teollisiin suurtilauksiin<\/li>\n<li data-section-id=\"bhimnc\" data-start=\"2480\" data-end=\"2526\">Nopea globaali toimitus ja tekninen tuki<\/li>\n<\/ul>\n<h1 data-section-id=\"1iusff4\" data-start=\"2533\" data-end=\"2542\"><span role=\"text\"><strong data-start=\"2535\" data-end=\"2542\">UKK<\/strong><\/span><\/h1>\n<p data-start=\"2544\" data-end=\"2720\"><strong data-start=\"2544\" data-end=\"2614\">K1: Mik\u00e4 on 22210 pallok\u00e4yr\u00e4laakereiden p\u00e4\u00e4etu?<\/strong><br data-start=\"2614\" data-end=\"2617\" \/>V: Ne tarjoavat korkean kuormankantokyvyn ja erinomaisen v\u00e4\u00e4ristym\u00e4n kompensoinnin raskaille sovelluksille.<\/p>\n<p data-start=\"2722\" data-end=\"2851\"><strong data-start=\"2722\" data-end=\"2768\">K2: Voiko 22210 laakerit k\u00e4sitell\u00e4 aksiaalisia kuormia?<\/strong><br data-start=\"2768\" data-end=\"2771\" \/>V: Kyll\u00e4, ne voivat tukea kohtuullisia aksiaalisia kuormia raskaitten s\u00e4teitt\u00e4isten kuormien lis\u00e4ksi.<\/p>\n<p data-start=\"2853\" data-end=\"2986\"><strong data-start=\"2853\" data-end=\"2895\">K3: Onko saatavilla r\u00e4\u00e4t\u00e4l\u00f6ityj\u00e4 versioita?<\/strong><br data-start=\"2895\" data-end=\"2898\" \/>V: Kyll\u00e4, tarjoamme OEM-r\u00e4\u00e4t\u00e4l\u00f6inti\u00e4, mukaan lukien materiaalit, v\u00e4lykset ja tarkkuusluokat.<\/p>","protected":false},"excerpt":{"rendered":"<p>T\u00e4m\u00e4 <strong data-start=\"369\" data-end=\"403\">22210 Pallok\u00e4yr\u00e4laakeri<\/strong> on korkean suorituskyvyn kaksoisrivi laakeri, joka on suunniteltu k\u00e4sittelem\u00e4\u00e4n raskaita s\u00e4teitt\u00e4isi\u00e4 kuormia ja kohtuullisia aksiaalisia kuormia samalla kun se kompensoi akselin v\u00e4\u00e4ristym\u00e4\u00e4. Sen pallomainen juoksupinta mahdollistaa automaattisen kohdistamisen, mik\u00e4 tekee siit\u00e4 ihanteellisen sovelluksiin, joissa on akselin taipumaa, asennusvirheit\u00e4 tai dynaamisia k\u00e4ytt\u00f6olosuhteita.<\/p>","protected":false},"featured_media":2546,"comment_status":"open","ping_status":"closed","template":"","meta":{"site-sidebar-layout":"default","site-content-layout":"","ast-site-content-layout":"default","site-content-style":"default","site-sidebar-style":"default","ast-global-header-display":"","ast-banner-title-visibility":"","ast-main-header-display":"","ast-hfb-above-header-display":"","ast-hfb-below-header-display":"","ast-hfb-mobile-header-display":"","site-post-title":"","ast-breadcrumbs-content":"","ast-featured-img":"","footer-sml-layout":"","ast-disable-related-posts":"","theme-transparent-header-meta":"default","adv-header-id-meta":"","stick-header-meta":"default","header-above-stick-meta":"","header-main-stick-meta":"","header-below-stick-meta":"","astra-migrate-meta-layouts":"set","ast-page-background-enabled":"default","ast-page-background-meta":{"desktop":{"background-color":"","background-image":"","background-repeat":"repeat","background-position":"center center","background-size":"auto","background-attachment":"scroll","background-type":"","background-media":"","overlay-type":"","overlay-color":"","overlay-opacity":"","overlay-gradient":""},"tablet":{"background-color":"","background-image":"","background-repeat":"repeat","background-position":"center center","background-size":"auto","background-attachment":"scroll","background-type":"","background-media":"","overlay-type":"","overlay-color":"","overlay-opacity":"","overlay-gradient":""},"mobile":{"background-color":"","background-image":"","background-repeat":"repeat","background-position":"center center","background-size":"auto","background-attachment":"scroll","background-type":"","background-media":"","overlay-type":"","overlay-color":"","overlay-opacity":"","overlay-gradient":""}},"ast-content-background-meta":{"desktop":{"background-color":"var(--ast-global-color-5)","background-image":"","background-repeat":"repeat","background-position":"center center","background-size":"auto","background-attachment":"scroll","background-type":"","background-media":"","overlay-type":"","overlay-color":"","overlay-opacity":"","overlay-gradient":""},"tablet":{"background-color":"var(--ast-global-color-5)","background-image":"","background-repeat":"repeat","background-position":"center center","background-size":"auto","background-attachment":"scroll","background-type":"","background-media":"","overlay-type":"","overlay-color":"","overlay-opacity":"","overlay-gradient":""},"mobile":{"background-color":"var(--ast-global-color-5)","background-image":"","background-repeat":"repeat","background-position":"center center","background-size":"auto","background-attachment":"scroll","background-type":"","background-media":"","overlay-type":"","overlay-color":"","overlay-opacity":"","overlay-gradient":""}}},"product_brand":[],"product_cat":[24],"product_tag":[220,209,78,56,51,45,119,72,219,153],"class_list":{"0":"post-2446","1":"product","2":"type-product","3":"status-publish","4":"has-post-thumbnail","6":"product_cat-spherical-roller-bearings","7":"product_tag-22210-bearing","8":"product_tag-conveyor-bearing","9":"product_tag-gearbox-bearing","10":"product_tag-heavy-duty-bearing","11":"product_tag-high-load-bearing","12":"product_tag-industrial-bearing","13":"product_tag-mining-bearing","14":"product_tag-oem-bearing-supplier","15":"product_tag-self-aligning-roller-bearing","16":"product_tag-spherical-roller-bearing","17":"desktop-align-left","18":"tablet-align-left","19":"mobile-align-left","20":"ast-product-gallery-layout-horizontal-slider","21":"ast-product-gallery-with-no-image","22":"ast-product-tabs-layout-horizontal","24":"first","25":"instock","26":"shipping-taxable","27":"product-type-simple"},"_links":{"self":[{"href":"https:\/\/www.machinerybearings.com\/fi\/wp-json\/wp\/v2\/product\/2446","targetHints":{"allow":["GET"]}}],"collection":[{"href":"https:\/\/www.machinerybearings.com\/fi\/wp-json\/wp\/v2\/product"}],"about":[{"href":"https:\/\/www.machinerybearings.com\/fi\/wp-json\/wp\/v2\/types\/product"}],"replies":[{"embeddable":true,"href":"https:\/\/www.machinerybearings.com\/fi\/wp-json\/wp\/v2\/comments?post=2446"}],"wp:featuredmedia":[{"embeddable":true,"href":"https:\/\/www.machinerybearings.com\/fi\/wp-json\/wp\/v2\/media\/2546"}],"wp:attachment":[{"href":"https:\/\/www.machinerybearings.com\/fi\/wp-json\/wp\/v2\/media?parent=2446"}],"wp:term":[{"taxonomy":"product_brand","embeddable":true,"href":"https:\/\/www.machinerybearings.com\/fi\/wp-json\/wp\/v2\/product_brand?post=2446"},{"taxonomy":"product_cat","embeddable":true,"href":"https:\/\/www.machinerybearings.com\/fi\/wp-json\/wp\/v2\/product_cat?post=2446"},{"taxonomy":"product_tag","embeddable":true,"href":"https:\/\/www.machinerybearings.com\/fi\/wp-json\/wp\/v2\/product_tag?post=2446"}],"curies":[{"name":"wp","href":"https:\/\/api.w.org\/{rel}","templated":true}]}}