{"id":2448,"date":"2026-04-13T14:47:11","date_gmt":"2026-04-13T14:47:11","guid":{"rendered":"https:\/\/www.machinerybearings.com\/?post_type=product&#038;p=2448"},"modified":"2026-05-03T05:44:19","modified_gmt":"2026-05-03T05:44:19","slug":"22312-spherical-roller-bearing-heavy-load-self-aligning-bearing-for-industrial-applications","status":"publish","type":"product","link":"https:\/\/www.machinerybearings.com\/fi\/tuote\/22312-spherical-roller-bearing-heavy-load-self-aligning-bearing-for-industrial-applications\/","title":{"rendered":"22312 Pallorullalaakeri \u2013 Raskaan kuorman itseohjautuva laakeri teollisuusk\u00e4ytt\u00f6\u00f6n"},"content":{"rendered":"<p data-start=\"386\" data-end=\"712\">T\u00e4m\u00e4 <strong data-start=\"390\" data-end=\"424\">22312 pallom\u00e4nt\u00e4laakeri<\/strong> on raskaan kuormituksen, kaksirivinen laakeri, joka on suunniteltu k\u00e4sittelem\u00e4\u00e4n eritt\u00e4in suuria s\u00e4teitt\u00e4isi\u00e4 kuormia ja kohtuullisia aksiaalisia kuormia samalla kun se kompensoi akselin v\u00e4\u00e4ristymi\u00e4. Sen pallomainen juoksupinta mahdollistaa automaattisen kohdistamisen, mik\u00e4 varmistaa vakaan suorituskyvyn jopa akselin taipumisen tai asennusvirheiden alla.<\/p>\n<p data-start=\"714\" data-end=\"980\">Verrattuna 22200-sarjaan, 22300-sarjan laakerit tarjoavat <strong data-start=\"776\" data-end=\"868\">suuremman kuormituskapasiteetin, paremman keston ja parannetun iskunkest\u00e4vyyden ja t\u00e4rin\u00e4nsietokyvyn<\/strong>, mik\u00e4 tekee niist\u00e4 ihanteellisia vaativiin teollisiin ymp\u00e4rist\u00f6ihin, kuten kaivostoimintaan, ter\u00e4ksen tuotantoon ja raskaisiin koneisiin.<\/p>\n<p data-start=\"982\" data-end=\"1161\">Valmistettu korkealaatuisesta seoster\u00e4ksest\u00e4 tai kromiter\u00e4ksest\u00e4, 22312 laakeri tarjoaa erinomaisen lujuuden, kulutuskest\u00e4vyyden ja pitk\u00e4n k\u00e4ytt\u00f6i\u00e4n jatkuvissa raskaan kuormituksen olosuhteissa.<\/p>\n<h1 data-section-id=\"8av2ty\" data-start=\"1168\" data-end=\"1186\"><span role=\"text\"><strong data-start=\"1170\" data-end=\"1186\">Avainominaisuudet<\/strong><\/span><\/h1>\n<ul data-start=\"1188\" data-end=\"1516\">\n<li data-section-id=\"1bxkwpw\" data-start=\"1188\" data-end=\"1227\">Eritt\u00e4in korkea s\u00e4teitt\u00e4inen kuormituskapasiteetti<\/li>\n<li data-section-id=\"1fr59o7\" data-start=\"1228\" data-end=\"1287\">Itseohjautuva muotoilu kompensoi akselin virheasentoa<\/li>\n<li data-section-id=\"1vl001\" data-start=\"1288\" data-end=\"1332\">Tukee yhdistettyj\u00e4 s\u00e4teitt\u00e4isi\u00e4 ja aksiaalisia kuormia<\/li>\n<li data-section-id=\"rdribk\" data-start=\"1333\" data-end=\"1379\">Erinomainen iskunkest\u00e4vyys ja t\u00e4rin\u00e4nsietokyky<\/li>\n<li data-section-id=\"1vtlpw4\" data-start=\"1380\" data-end=\"1432\">Vahvistettu rakenne raskaan kuormituksen sovelluksiin<\/li>\n<li data-section-id=\"js9du9\" data-start=\"1433\" data-end=\"1477\">Pitk\u00e4 k\u00e4ytt\u00f6ik\u00e4 vaativissa olosuhteissa<\/li>\n<li data-section-id=\"1mpt223\" data-start=\"1478\" data-end=\"1516\">Sujuva toiminta alhaisella kitkalla<\/li>\n<\/ul>\n<h1 data-section-id=\"10k15yz\" data-start=\"1523\" data-end=\"1553\"><span role=\"text\"><strong data-start=\"1525\" data-end=\"1553\">Teknisi\u00e4 tietoja<\/strong><\/span><\/h1>\n<div class=\"TyagGW_tableContainer\">\n<div class=\"group TyagGW_tableWrapper flex flex-col-reverse w-fit\" tabindex=\"-1\">\n<table class=\"w-fit min-w-(--thread-content-width)\" data-start=\"1555\" data-end=\"1971\">\n<thead data-start=\"1555\" data-end=\"1576\">\n<tr data-start=\"1555\" data-end=\"1576\">\n<th class=\"\" data-start=\"1555\" data-end=\"1567\" data-col-size=\"sm\">Parametri<\/th>\n<th class=\"\" data-start=\"1567\" data-end=\"1576\" data-col-size=\"sm\">Arvo<\/th>\n<\/tr>\n<\/thead>\n<tbody data-start=\"1597\" data-end=\"1971\">\n<tr data-start=\"1597\" data-end=\"1622\">\n<td data-start=\"1597\" data-end=\"1613\" data-col-size=\"sm\">Laakerimalli<\/td>\n<td data-start=\"1613\" data-end=\"1622\" data-col-size=\"sm\">22312<\/td>\n<\/tr>\n<tr data-start=\"1623\" data-end=\"1653\">\n<td data-start=\"1623\" data-end=\"1644\" data-col-size=\"sm\">Sis\u00e4halkaisija (d)<\/td>\n<td data-col-size=\"sm\" data-start=\"1644\" data-end=\"1653\">60 mm<\/td>\n<\/tr>\n<tr data-start=\"1654\" data-end=\"1685\">\n<td data-start=\"1654\" data-end=\"1675\" data-col-size=\"sm\">Ulkohalkaisija (D)<\/td>\n<td data-start=\"1675\" data-end=\"1685\" data-col-size=\"sm\">130 mm<\/td>\n<\/tr>\n<tr data-start=\"1686\" data-end=\"1707\">\n<td data-start=\"1686\" data-end=\"1698\" data-col-size=\"sm\">Leveys (B)<\/td>\n<td data-start=\"1698\" data-end=\"1707\" data-col-size=\"sm\">46 mm<\/td>\n<\/tr>\n<tr data-start=\"1708\" data-end=\"1751\">\n<td data-start=\"1708\" data-end=\"1723\" data-col-size=\"sm\">Laakertype<\/td>\n<td data-start=\"1723\" data-end=\"1751\" data-col-size=\"sm\">Pallom\u00e4nt\u00e4laakeri<\/td>\n<\/tr>\n<tr data-start=\"1752\" data-end=\"1785\">\n<td data-start=\"1752\" data-end=\"1764\" data-col-size=\"sm\">Rakenne<\/td>\n<td data-start=\"1764\" data-end=\"1785\" data-col-size=\"sm\">Kaksirivinen rulla<\/td>\n<\/tr>\n<tr data-start=\"1786\" data-end=\"1827\">\n<td data-start=\"1786\" data-end=\"1797\" data-col-size=\"sm\">Materiaali<\/td>\n<td data-start=\"1797\" data-end=\"1827\" data-col-size=\"sm\">Kromiter\u00e4s \/ Seoster\u00e4s<\/td>\n<\/tr>\n<tr data-start=\"1828\" data-end=\"1861\">\n<td data-start=\"1828\" data-end=\"1844\" data-col-size=\"sm\">Keh\u00e4materiaali<\/td>\n<td data-start=\"1844\" data-end=\"1861\" data-col-size=\"sm\">Ter\u00e4s \/ Messinki<\/td>\n<\/tr>\n<tr data-start=\"1862\" data-end=\"1892\">\n<td data-start=\"1862\" data-end=\"1876\" data-col-size=\"sm\">Voitelu<\/td>\n<td data-start=\"1876\" data-end=\"1892\" data-col-size=\"sm\">Rasva \/ \u00d6ljy<\/td>\n<\/tr>\n<tr data-start=\"1893\" data-end=\"1928\">\n<td data-start=\"1893\" data-end=\"1912\" data-col-size=\"sm\">Tarkkuusluokitus<\/td>\n<td data-start=\"1912\" data-end=\"1928\" data-col-size=\"sm\">P0 \/ P6 \/ P5<\/td>\n<\/tr>\n<tr data-start=\"1929\" data-end=\"1971\">\n<td data-start=\"1929\" data-end=\"1953\" data-col-size=\"sm\">K\u00e4ytt\u00f6l\u00e4mp\u00f6tila<\/td>\n<td data-start=\"1953\" data-end=\"1971\" data-col-size=\"sm\">-20\u00b0C - 150\u00b0C<\/td>\n<\/tr>\n<\/tbody>\n<\/table>\n<\/div>\n<\/div>\n<h1 data-section-id=\"1p00fbj\" data-start=\"1978\" data-end=\"1996\"><span role=\"text\"><strong data-start=\"1980\" data-end=\"1996\">Sovellukset<\/strong><\/span><\/h1>\n<p data-start=\"1998\" data-end=\"2051\">22312 pallom\u00e4nt\u00e4laakeria k\u00e4ytet\u00e4\u00e4n laajalti:<\/p>\n<ul data-start=\"2053\" data-end=\"2234\">\n<li data-section-id=\"byc78f\" data-start=\"2053\" data-end=\"2084\">Kaivos- ja louhintalaitteet<\/li>\n<li data-section-id=\"10jsg4s\" data-start=\"2085\" data-end=\"2122\">Ter\u00e4stehtaissa ja valssauskoneissa<\/li>\n<li data-section-id=\"siir4p\" data-start=\"2123\" data-end=\"2154\">Raskaissa kuljetinj\u00e4rjestelmiss\u00e4<\/li>\n<li data-section-id=\"1tqmi6a\" data-start=\"2155\" data-end=\"2182\">Cementin tuotantolinjoilla<\/li>\n<li data-section-id=\"942l0d\" data-start=\"2183\" data-end=\"2207\">Teolliset vaihteistot<\/li>\n<li data-section-id=\"19d9gij\" data-start=\"2208\" data-end=\"2234\">Rakennuskoneissa<\/li>\n<\/ul>\n<h1 data-section-id=\"zdmnob\" data-start=\"2241\" data-end=\"2260\"><span role=\"text\"><strong data-start=\"2243\" data-end=\"2260\">Miksi valita meid\u00e4t<\/strong><\/span><\/h1>\n<ul data-start=\"2262\" data-end=\"2521\">\n<li data-section-id=\"1ygtht\" data-start=\"2262\" data-end=\"2318\">Vahva asiantuntemus raskaan kuormituksen kantavien komponenttien valmistuksessa<\/li>\n<li data-section-id=\"8lis3h\" data-start=\"2319\" data-end=\"2369\">OEM- ja r\u00e4\u00e4t\u00e4l\u00f6ityj\u00e4 insin\u00f6\u00f6riratkaisuja saatavilla<\/li>\n<li data-section-id=\"gy7e8t\" data-start=\"2370\" data-end=\"2424\">Korkealaatuiset materiaalit tiukalla laadunvalvonnalla<\/li>\n<li data-section-id=\"h81w5g\" data-start=\"2425\" data-end=\"2474\">Luotettava toimitus suurille teollisuusprojekteille<\/li>\n<li data-section-id=\"bhimnc\" data-start=\"2475\" data-end=\"2521\">Nopea globaali toimitus ja tekninen tuki<\/li>\n<\/ul>\n<h1 data-section-id=\"1iusff4\" data-start=\"2528\" data-end=\"2537\"><span role=\"text\"><strong data-start=\"2530\" data-end=\"2537\">UKK<\/strong><\/span><\/h1>\n<p data-start=\"2539\" data-end=\"2727\"><strong data-start=\"2539\" data-end=\"2606\">Q1: Mik\u00e4 on ero 222- ja 223-sarjan laakereiden v\u00e4lill\u00e4?<\/strong><br data-start=\"2606\" data-end=\"2609\" \/>A: 223-sarja on suunniteltu suuremmalle kuormitukselle ja se on tarkoitettu raskaampiin sovelluksiin verrattuna 222-sarjaan.<\/p>\n<p data-start=\"2729\" data-end=\"2883\"><strong data-start=\"2729\" data-end=\"2780\">Q2: Onko 22312 sopiva raskaaseen teolliseen k\u00e4ytt\u00f6\u00f6n?<\/strong><br data-start=\"2780\" data-end=\"2783\" \/>A: Kyll\u00e4, se on erityisesti suunniteltu \u00e4\u00e4rimm\u00e4isiin kuormitustilanteisiin teollisuuksissa, kuten kaivostoiminnassa ja ter\u00e4ksess\u00e4.<\/p>\n<p data-start=\"2885\" data-end=\"3022\"><strong data-start=\"2885\" data-end=\"2930\">Q3: Voiko t\u00e4m\u00e4 laakeri k\u00e4sitell\u00e4 v\u00e4\u00e4r\u00e4linjaisuutta?<\/strong><br data-start=\"2930\" data-end=\"2933\" \/>A: Kyll\u00e4, pallomainen muotoilu mahdollistaa automaattisen kohdistamisen ja v\u00e4hent\u00e4\u00e4 j\u00e4rjestelm\u00e4n rasitusta.<\/p>","protected":false},"excerpt":{"rendered":"<p>T\u00e4m\u00e4 <strong data-start=\"390\" data-end=\"424\">22312 pallom\u00e4nt\u00e4laakeri<\/strong> on raskaan kuormituksen, kaksirivinen laakeri, joka on suunniteltu k\u00e4sittelem\u00e4\u00e4n eritt\u00e4in suuria s\u00e4teitt\u00e4isi\u00e4 kuormia ja kohtuullisia aksiaalisia kuormia samalla kun se kompensoi akselin v\u00e4\u00e4ristymi\u00e4. Sen pallomainen juoksupinta mahdollistaa automaattisen kohdistamisen, mik\u00e4 varmistaa vakaan suorituskyvyn jopa akselin taipumisen tai asennusvirheiden alla.<\/p>","protected":false},"featured_media":2536,"comment_status":"open","ping_status":"closed","template":"","meta":{"site-sidebar-layout":"default","site-content-layout":"","ast-site-content-layout":"default","site-content-style":"default","site-sidebar-style":"default","ast-global-header-display":"","ast-banner-title-visibility":"","ast-main-header-display":"","ast-hfb-above-header-display":"","ast-hfb-below-header-display":"","ast-hfb-mobile-header-display":"","site-post-title":"","ast-breadcrumbs-content":"","ast-featured-img":"","footer-sml-layout":"","ast-disable-related-posts":"","theme-transparent-header-meta":"default","adv-header-id-meta":"","stick-header-meta":"default","header-above-stick-meta":"","header-main-stick-meta":"","header-below-stick-meta":"","astra-migrate-meta-layouts":"set","ast-page-background-enabled":"default","ast-page-background-meta":{"desktop":{"background-color":"","background-image":"","background-repeat":"repeat","background-position":"center center","background-size":"auto","background-attachment":"scroll","background-type":"","background-media":"","overlay-type":"","overlay-color":"","overlay-opacity":"","overlay-gradient":""},"tablet":{"background-color":"","background-image":"","background-repeat":"repeat","background-position":"center center","background-size":"auto","background-attachment":"scroll","background-type":"","background-media":"","overlay-type":"","overlay-color":"","overlay-opacity":"","overlay-gradient":""},"mobile":{"background-color":"","background-image":"","background-repeat":"repeat","background-position":"center center","background-size":"auto","background-attachment":"scroll","background-type":"","background-media":"","overlay-type":"","overlay-color":"","overlay-opacity":"","overlay-gradient":""}},"ast-content-background-meta":{"desktop":{"background-color":"var(--ast-global-color-5)","background-image":"","background-repeat":"repeat","background-position":"center center","background-size":"auto","background-attachment":"scroll","background-type":"","background-media":"","overlay-type":"","overlay-color":"","overlay-opacity":"","overlay-gradient":""},"tablet":{"background-color":"var(--ast-global-color-5)","background-image":"","background-repeat":"repeat","background-position":"center center","background-size":"auto","background-attachment":"scroll","background-type":"","background-media":"","overlay-type":"","overlay-color":"","overlay-opacity":"","overlay-gradient":""},"mobile":{"background-color":"var(--ast-global-color-5)","background-image":"","background-repeat":"repeat","background-position":"center center","background-size":"auto","background-attachment":"scroll","background-type":"","background-media":"","overlay-type":"","overlay-color":"","overlay-opacity":"","overlay-gradient":""}}},"product_brand":[],"product_cat":[24],"product_tag":[221,209,78,151,45,119,72,219,153,150],"class_list":{"0":"post-2448","1":"product","2":"type-product","3":"status-publish","4":"has-post-thumbnail","6":"product_cat-spherical-roller-bearings","7":"product_tag-22312-bearing","8":"product_tag-conveyor-bearing","9":"product_tag-gearbox-bearing","10":"product_tag-heavy-load-bearing","11":"product_tag-industrial-bearing","12":"product_tag-mining-bearing","13":"product_tag-oem-bearing-supplier","14":"product_tag-self-aligning-roller-bearing","15":"product_tag-spherical-roller-bearing","16":"product_tag-steel-mill-bearing","17":"desktop-align-left","18":"tablet-align-left","19":"mobile-align-left","20":"ast-product-gallery-layout-horizontal-slider","21":"ast-product-gallery-with-no-image","22":"ast-product-tabs-layout-horizontal","24":"first","25":"instock","26":"shipping-taxable","27":"product-type-simple"},"_links":{"self":[{"href":"https:\/\/www.machinerybearings.com\/fi\/wp-json\/wp\/v2\/product\/2448","targetHints":{"allow":["GET"]}}],"collection":[{"href":"https:\/\/www.machinerybearings.com\/fi\/wp-json\/wp\/v2\/product"}],"about":[{"href":"https:\/\/www.machinerybearings.com\/fi\/wp-json\/wp\/v2\/types\/product"}],"replies":[{"embeddable":true,"href":"https:\/\/www.machinerybearings.com\/fi\/wp-json\/wp\/v2\/comments?post=2448"}],"wp:featuredmedia":[{"embeddable":true,"href":"https:\/\/www.machinerybearings.com\/fi\/wp-json\/wp\/v2\/media\/2536"}],"wp:attachment":[{"href":"https:\/\/www.machinerybearings.com\/fi\/wp-json\/wp\/v2\/media?parent=2448"}],"wp:term":[{"taxonomy":"product_brand","embeddable":true,"href":"https:\/\/www.machinerybearings.com\/fi\/wp-json\/wp\/v2\/product_brand?post=2448"},{"taxonomy":"product_cat","embeddable":true,"href":"https:\/\/www.machinerybearings.com\/fi\/wp-json\/wp\/v2\/product_cat?post=2448"},{"taxonomy":"product_tag","embeddable":true,"href":"https:\/\/www.machinerybearings.com\/fi\/wp-json\/wp\/v2\/product_tag?post=2448"}],"curies":[{"name":"wp","href":"https:\/\/api.w.org\/{rel}","templated":true}]}}