{"id":2449,"date":"2026-04-13T14:51:13","date_gmt":"2026-04-13T14:51:13","guid":{"rendered":"https:\/\/www.machinerybearings.com\/?post_type=product&#038;p=2449"},"modified":"2026-05-03T05:40:19","modified_gmt":"2026-05-03T05:40:19","slug":"23022-spherical-roller-bearing-large-size-heavy-load-bearing-for-industrial-machinery","status":"publish","type":"product","link":"https:\/\/www.machinerybearings.com\/fi\/tuote\/23022-spherical-roller-bearing-large-size-heavy-load-bearing-for-industrial-machinery\/","title":{"rendered":"23022 Pallorullalaakeri \u2013 Suuren koon raskaan kuorman laakeri teollisuuskonet"},"content":{"rendered":"<p data-start=\"383\" data-end=\"755\">T\u00e4m\u00e4 <strong data-start=\"387\" data-end=\"421\">23022 Pallom\u00e4ntylager<\/strong> on suuri, raskaan kuormituksen laakeri, joka on suunniteltu tukemaan \u00e4\u00e4rimm\u00e4isen suuria radiaalisia kuormia ja kohtuullisia aksiaalisia kuormia vaativissa teollisuusymp\u00e4rist\u00f6iss\u00e4. Sen kaksoisrullarakenteen ja pallomaisen juoksupinnan ansiosta se mahdollistaa automaattisen kohdistamisen, mik\u00e4 tekee siit\u00e4 eritt\u00e4in soveltuvan sovelluksiin, joissa esiintyy akselin v\u00e4\u00e4ristymist\u00e4, taipumaa tai voimakasta t\u00e4rin\u00e4\u00e4.<\/p>\n<p data-start=\"757\" data-end=\"1072\">Osana 23000-sarjaa 23022 laakeri tarjoaa leve\u00e4mm\u00e4n poikkileikkauksen ja parannetun kuormituskapasiteetin verrattuna pienempiin malleihin, mik\u00e4 tekee siit\u00e4 ihanteellisen suurille koneille ja raskaille teollisuusj\u00e4rjestelmille. Se varmistaa vakaan toiminnan, v\u00e4hennetyn kitkan ja pidennetyn k\u00e4ytt\u00f6i\u00e4n jopa jatkuvissa suurkuormitustilanteissa.<\/p>\n<p data-start=\"1074\" data-end=\"1237\">Valmistettu korkealaatuisesta seoster\u00e4ksest\u00e4 tai kromiter\u00e4ksest\u00e4, t\u00e4m\u00e4 laakeri tarjoaa erinomaisen kulutuskest\u00e4vyyden, kest\u00e4vyyden ja luotettavuuden ankarissa k\u00e4ytt\u00f6ymp\u00e4rist\u00f6iss\u00e4.<\/p>\n<h1 data-section-id=\"8av2ty\" data-start=\"1244\" data-end=\"1262\"><span role=\"text\"><strong data-start=\"1246\" data-end=\"1262\">Avainominaisuudet<\/strong><\/span><\/h1>\n<ul data-start=\"1264\" data-end=\"1618\">\n<li data-section-id=\"xw7v8y\" data-start=\"1264\" data-end=\"1320\">Suuri laakeri raskaisiin teollisiin sovelluksiin<\/li>\n<li data-section-id=\"1bxkwpw\" data-start=\"1321\" data-end=\"1360\">Eritt\u00e4in korkea s\u00e4teitt\u00e4inen kuormituskapasiteetti<\/li>\n<li data-section-id=\"1fr59o7\" data-start=\"1361\" data-end=\"1420\">Itseohjautuva muotoilu kompensoi akselin virheasentoa<\/li>\n<li data-section-id=\"1vl001\" data-start=\"1421\" data-end=\"1465\">Tukee yhdistettyj\u00e4 s\u00e4teitt\u00e4isi\u00e4 ja aksiaalisia kuormia<\/li>\n<li data-section-id=\"1n39sdg\" data-start=\"1466\" data-end=\"1519\">Erinomainen vastustuskyky t\u00e4rin\u00e4lle ja iskukuormille<\/li>\n<li data-section-id=\"jg05ft\" data-start=\"1520\" data-end=\"1568\">Pitk\u00e4 k\u00e4ytt\u00f6ik\u00e4 jatkuvassa k\u00e4yt\u00f6ss\u00e4<\/li>\n<li data-section-id=\"a2gkmg\" data-start=\"1569\" data-end=\"1618\">Sopii ankarille ja vaativille ymp\u00e4rist\u00f6ille<\/li>\n<\/ul>\n<h1 data-section-id=\"10k15yz\" data-start=\"1625\" data-end=\"1655\"><span role=\"text\"><strong data-start=\"1627\" data-end=\"1655\">Teknisi\u00e4 tietoja<\/strong><\/span><\/h1>\n<div class=\"TyagGW_tableContainer\">\n<div class=\"group TyagGW_tableWrapper flex flex-col-reverse w-fit\" tabindex=\"-1\">\n<table class=\"w-fit min-w-(--thread-content-width)\" data-start=\"1657\" data-end=\"2074\">\n<thead data-start=\"1657\" data-end=\"1678\">\n<tr data-start=\"1657\" data-end=\"1678\">\n<th class=\"\" data-start=\"1657\" data-end=\"1669\" data-col-size=\"sm\">Parametri<\/th>\n<th class=\"\" data-start=\"1669\" data-end=\"1678\" data-col-size=\"sm\">Arvo<\/th>\n<\/tr>\n<\/thead>\n<tbody data-start=\"1699\" data-end=\"2074\">\n<tr data-start=\"1699\" data-end=\"1724\">\n<td data-start=\"1699\" data-end=\"1715\" data-col-size=\"sm\">Laakerimalli<\/td>\n<td data-start=\"1715\" data-end=\"1724\" data-col-size=\"sm\">23022<\/td>\n<\/tr>\n<tr data-start=\"1725\" data-end=\"1756\">\n<td data-start=\"1725\" data-end=\"1746\" data-col-size=\"sm\">Sis\u00e4halkaisija (d)<\/td>\n<td data-start=\"1746\" data-end=\"1756\" data-col-size=\"sm\">110 mm<\/td>\n<\/tr>\n<tr data-start=\"1757\" data-end=\"1788\">\n<td data-start=\"1757\" data-end=\"1778\" data-col-size=\"sm\">Ulkohalkaisija (D)<\/td>\n<td data-start=\"1778\" data-end=\"1788\" data-col-size=\"sm\">170 mm<\/td>\n<\/tr>\n<tr data-start=\"1789\" data-end=\"1810\">\n<td data-start=\"1789\" data-end=\"1801\" data-col-size=\"sm\">Leveys (B)<\/td>\n<td data-start=\"1801\" data-end=\"1810\" data-col-size=\"sm\">45 mm<\/td>\n<\/tr>\n<tr data-start=\"1811\" data-end=\"1854\">\n<td data-start=\"1811\" data-end=\"1826\" data-col-size=\"sm\">Laakertype<\/td>\n<td data-start=\"1826\" data-end=\"1854\" data-col-size=\"sm\">Pallom\u00e4nt\u00e4laakeri<\/td>\n<\/tr>\n<tr data-start=\"1855\" data-end=\"1888\">\n<td data-start=\"1855\" data-end=\"1867\" data-col-size=\"sm\">Rakenne<\/td>\n<td data-start=\"1867\" data-end=\"1888\" data-col-size=\"sm\">Kaksirivinen rulla<\/td>\n<\/tr>\n<tr data-start=\"1889\" data-end=\"1930\">\n<td data-start=\"1889\" data-end=\"1900\" data-col-size=\"sm\">Materiaali<\/td>\n<td data-start=\"1900\" data-end=\"1930\" data-col-size=\"sm\">Kromiter\u00e4s \/ Seoster\u00e4s<\/td>\n<\/tr>\n<tr data-start=\"1931\" data-end=\"1964\">\n<td data-start=\"1931\" data-end=\"1947\" data-col-size=\"sm\">Keh\u00e4materiaali<\/td>\n<td data-col-size=\"sm\" data-start=\"1947\" data-end=\"1964\">Ter\u00e4s \/ Messinki<\/td>\n<\/tr>\n<tr data-start=\"1965\" data-end=\"1995\">\n<td data-start=\"1965\" data-end=\"1979\" data-col-size=\"sm\">Voitelu<\/td>\n<td data-start=\"1979\" data-end=\"1995\" data-col-size=\"sm\">Rasva \/ \u00d6ljy<\/td>\n<\/tr>\n<tr data-start=\"1996\" data-end=\"2031\">\n<td data-start=\"1996\" data-end=\"2015\" data-col-size=\"sm\">Tarkkuusluokitus<\/td>\n<td data-start=\"2015\" data-end=\"2031\" data-col-size=\"sm\">P0 \/ P6 \/ P5<\/td>\n<\/tr>\n<tr data-start=\"2032\" data-end=\"2074\">\n<td data-start=\"2032\" data-end=\"2056\" data-col-size=\"sm\">K\u00e4ytt\u00f6l\u00e4mp\u00f6tila<\/td>\n<td data-start=\"2056\" data-end=\"2074\" data-col-size=\"sm\">-20\u00b0C - 150\u00b0C<\/td>\n<\/tr>\n<\/tbody>\n<\/table>\n<\/div>\n<\/div>\n<h1 data-section-id=\"1p00fbj\" data-start=\"2081\" data-end=\"2099\"><span role=\"text\"><strong data-start=\"2083\" data-end=\"2099\">Sovellukset<\/strong><\/span><\/h1>\n<p data-start=\"2101\" data-end=\"2154\">23022 pallom\u00e4ntylageria k\u00e4ytet\u00e4\u00e4n laajasti:<\/p>\n<ul data-start=\"2156\" data-end=\"2353\">\n<li data-section-id=\"ew3yor\" data-start=\"2156\" data-end=\"2187\">Kaivostoiminta- ja louhintakoneissa<\/li>\n<li data-section-id=\"vrb1u3\" data-start=\"2188\" data-end=\"2231\">Ter\u00e4stehtaissa ja raskassa rullauslaitteistossa<\/li>\n<li data-section-id=\"oy2bti\" data-start=\"2232\" data-end=\"2258\">Suurissa kuljetinj\u00e4rjestelmiss\u00e4<\/li>\n<li data-section-id=\"1tqmi6a\" data-start=\"2259\" data-end=\"2286\">Cementin tuotantolinjoilla<\/li>\n<li data-section-id=\"oxv5q8\" data-start=\"2287\" data-end=\"2322\">Tuulivoima- ja energialaitteissa<\/li>\n<li data-section-id=\"qz39ge\" data-start=\"2323\" data-end=\"2353\">Raskaissa teollisuusvaihteistoissa<\/li>\n<\/ul>\n<h1 data-section-id=\"zdmnob\" data-start=\"2360\" data-end=\"2379\"><span role=\"text\"><strong data-start=\"2362\" data-end=\"2379\">Miksi valita meid\u00e4t<\/strong><\/span><\/h1>\n<ul data-start=\"2381\" data-end=\"2655\">\n<li data-section-id=\"1u48kst\" data-start=\"2381\" data-end=\"2438\">Vahva kyky suurikokoisten laakereiden valmistuksessa<\/li>\n<li data-section-id=\"1otcjj4\" data-start=\"2439\" data-end=\"2498\">OEM- ja r\u00e4\u00e4t\u00e4l\u00f6ityj\u00e4 ratkaisuja saatavilla raskaalle teollisuudelle<\/li>\n<li data-section-id=\"u3pp8e\" data-start=\"2499\" data-end=\"2554\">Korkealaatuiset materiaalit edistyneell\u00e4 l\u00e4mp\u00f6k\u00e4sittelyll\u00e4<\/li>\n<li data-section-id=\"1yivzpg\" data-start=\"2555\" data-end=\"2608\">Vakaa toimitus suurille teollisuusprojekteille<\/li>\n<li data-section-id=\"bhimnc\" data-start=\"2609\" data-end=\"2655\">Nopea globaali toimitus ja tekninen tuki<\/li>\n<\/ul>\n<h1 data-section-id=\"1iusff4\" data-start=\"2662\" data-end=\"2671\"><span role=\"text\"><strong data-start=\"2664\" data-end=\"2671\">UKK<\/strong><\/span><\/h1>\n<p data-start=\"2673\" data-end=\"2846\"><strong data-start=\"2673\" data-end=\"2721\">Q1: Mit\u00e4 tekee 23022:sta \u201csuuren koon laakerin\u201d?<\/strong><br data-start=\"2721\" data-end=\"2724\" \/>A: Sen suuremmat mitat ja korkeampi kuormankesto tekev\u00e4t siit\u00e4 sopivan raskaille teollisuusmasinoille ja suurille akselij\u00e4rjestelmille.<\/p>\n<p data-start=\"2848\" data-end=\"3000\"><strong data-start=\"2848\" data-end=\"2893\">Q2: Voiko t\u00e4m\u00e4 laakeri k\u00e4sitell\u00e4 v\u00e4\u00e4r\u00e4linjaisuutta?<\/strong><br data-start=\"2893\" data-end=\"2896\" \/>A: Kyll\u00e4, pallomaisen rullamuotoilun ansiosta se mahdollistaa automaattisen kohdistamisen ja v\u00e4hent\u00e4\u00e4 stressi\u00e4 akselin taipumisesta.<\/p>\n<p data-start=\"3002\" data-end=\"3147\"><strong data-start=\"3002\" data-end=\"3056\">Q3: Onko suurille laakereille saatavilla r\u00e4\u00e4t\u00e4l\u00f6inti\u00e4?<\/strong><br data-start=\"3056\" data-end=\"3059\" \/>A: Kyll\u00e4, tarjoamme OEM-r\u00e4\u00e4t\u00e4l\u00f6inti\u00e4, mukaan lukien materiaalit, v\u00e4lykset ja erityiset pinnoitteet.<\/p>","protected":false},"excerpt":{"rendered":"<p>T\u00e4m\u00e4 <strong data-start=\"387\" data-end=\"421\">23022 Pallom\u00e4ntylager<\/strong> on suuri, raskaan kuormituksen laakeri, joka on suunniteltu tukemaan \u00e4\u00e4rimm\u00e4isen suuria radiaalisia kuormia ja kohtuullisia aksiaalisia kuormia vaativissa teollisuusymp\u00e4rist\u00f6iss\u00e4. Sen kaksoisrullarakenteen ja pallomaisen juoksupinnan ansiosta se mahdollistaa automaattisen kohdistamisen, mik\u00e4 tekee siit\u00e4 eritt\u00e4in soveltuvan sovelluksiin, joissa esiintyy akselin v\u00e4\u00e4ristymist\u00e4, taipumaa tai voimakasta t\u00e4rin\u00e4\u00e4.<\/p>","protected":false},"featured_media":2535,"comment_status":"open","ping_status":"closed","template":"","meta":{"site-sidebar-layout":"default","site-content-layout":"","ast-site-content-layout":"default","site-content-style":"default","site-sidebar-style":"default","ast-global-header-display":"","ast-banner-title-visibility":"","ast-main-header-display":"","ast-hfb-above-header-display":"","ast-hfb-below-header-display":"","ast-hfb-mobile-header-display":"","site-post-title":"","ast-breadcrumbs-content":"","ast-featured-img":"","footer-sml-layout":"","ast-disable-related-posts":"","theme-transparent-header-meta":"default","adv-header-id-meta":"","stick-header-meta":"default","header-above-stick-meta":"","header-main-stick-meta":"","header-below-stick-meta":"","astra-migrate-meta-layouts":"set","ast-page-background-enabled":"default","ast-page-background-meta":{"desktop":{"background-color":"","background-image":"","background-repeat":"repeat","background-position":"center center","background-size":"auto","background-attachment":"scroll","background-type":"","background-media":"","overlay-type":"","overlay-color":"","overlay-opacity":"","overlay-gradient":""},"tablet":{"background-color":"","background-image":"","background-repeat":"repeat","background-position":"center center","background-size":"auto","background-attachment":"scroll","background-type":"","background-media":"","overlay-type":"","overlay-color":"","overlay-opacity":"","overlay-gradient":""},"mobile":{"background-color":"","background-image":"","background-repeat":"repeat","background-position":"center center","background-size":"auto","background-attachment":"scroll","background-type":"","background-media":"","overlay-type":"","overlay-color":"","overlay-opacity":"","overlay-gradient":""}},"ast-content-background-meta":{"desktop":{"background-color":"var(--ast-global-color-5)","background-image":"","background-repeat":"repeat","background-position":"center center","background-size":"auto","background-attachment":"scroll","background-type":"","background-media":"","overlay-type":"","overlay-color":"","overlay-opacity":"","overlay-gradient":""},"tablet":{"background-color":"var(--ast-global-color-5)","background-image":"","background-repeat":"repeat","background-position":"center center","background-size":"auto","background-attachment":"scroll","background-type":"","background-media":"","overlay-type":"","overlay-color":"","overlay-opacity":"","overlay-gradient":""},"mobile":{"background-color":"var(--ast-global-color-5)","background-image":"","background-repeat":"repeat","background-position":"center center","background-size":"auto","background-attachment":"scroll","background-type":"","background-media":"","overlay-type":"","overlay-color":"","overlay-opacity":"","overlay-gradient":""}}},"product_brand":[],"product_cat":[24],"product_tag":[222,209,78,56,45,57,119,72,153,150],"class_list":{"0":"post-2449","1":"product","2":"type-product","3":"status-publish","4":"has-post-thumbnail","6":"product_cat-spherical-roller-bearings","7":"product_tag-23022-bearing","8":"product_tag-conveyor-bearing","9":"product_tag-gearbox-bearing","10":"product_tag-heavy-duty-bearing","11":"product_tag-industrial-bearing","12":"product_tag-large-size-bearing","13":"product_tag-mining-bearing","14":"product_tag-oem-bearing-supplier","15":"product_tag-spherical-roller-bearing","16":"product_tag-steel-mill-bearing","17":"desktop-align-left","18":"tablet-align-left","19":"mobile-align-left","20":"ast-product-gallery-layout-horizontal-slider","21":"ast-product-gallery-with-no-image","22":"ast-product-tabs-layout-horizontal","24":"first","25":"instock","26":"shipping-taxable","27":"product-type-simple"},"_links":{"self":[{"href":"https:\/\/www.machinerybearings.com\/fi\/wp-json\/wp\/v2\/product\/2449","targetHints":{"allow":["GET"]}}],"collection":[{"href":"https:\/\/www.machinerybearings.com\/fi\/wp-json\/wp\/v2\/product"}],"about":[{"href":"https:\/\/www.machinerybearings.com\/fi\/wp-json\/wp\/v2\/types\/product"}],"replies":[{"embeddable":true,"href":"https:\/\/www.machinerybearings.com\/fi\/wp-json\/wp\/v2\/comments?post=2449"}],"wp:featuredmedia":[{"embeddable":true,"href":"https:\/\/www.machinerybearings.com\/fi\/wp-json\/wp\/v2\/media\/2535"}],"wp:attachment":[{"href":"https:\/\/www.machinerybearings.com\/fi\/wp-json\/wp\/v2\/media?parent=2449"}],"wp:term":[{"taxonomy":"product_brand","embeddable":true,"href":"https:\/\/www.machinerybearings.com\/fi\/wp-json\/wp\/v2\/product_brand?post=2449"},{"taxonomy":"product_cat","embeddable":true,"href":"https:\/\/www.machinerybearings.com\/fi\/wp-json\/wp\/v2\/product_cat?post=2449"},{"taxonomy":"product_tag","embeddable":true,"href":"https:\/\/www.machinerybearings.com\/fi\/wp-json\/wp\/v2\/product_tag?post=2449"}],"curies":[{"name":"wp","href":"https:\/\/api.w.org\/{rel}","templated":true}]}}