{"id":2452,"date":"2026-04-13T15:02:11","date_gmt":"2026-04-13T15:02:11","guid":{"rendered":"https:\/\/www.machinerybearings.com\/?post_type=product&#038;p=2452"},"modified":"2026-05-03T05:28:34","modified_gmt":"2026-05-03T05:28:34","slug":"vibrating-screen-bearing-for-heavy-duty-mining-and-industrial-equipment","status":"publish","type":"product","link":"https:\/\/www.machinerybearings.com\/fi\/tuote\/vibrating-screen-bearing-for-heavy-duty-mining-and-industrial-equipment\/","title":{"rendered":"V\u00e4r\u00e4htelyn\u00e4yt\u00f6n laakeri raskaan kaivostoiminnan ja teollisuuden laitteille"},"content":{"rendered":"<h3 data-section-id=\"1c8nfac\" data-start=\"214\" data-end=\"242\">V\u00e4r\u00e4htelyn\u00e4yt\u00f6n laakeri<\/h3>\n<p data-start=\"244\" data-end=\"430\">V\u00e4r\u00e4htelyn\u00e4yt\u00f6n laakerit on erityisesti suunniteltu suurten kuormien ja suurten v\u00e4r\u00e4htelyolosuhteiden ty\u00f6skentelyyn kaivoksissa, louhintateollisuudessa, aggregaatin k\u00e4sittelyss\u00e4 ja raskaan teollisuuden seulontalaitteissa.<\/p>\n<p data-start=\"432\" data-end=\"576\">Ne on suunniteltu yll\u00e4pit\u00e4m\u00e4\u00e4n vakaata suorituskyky\u00e4 jatkuvien iskujen, suurten py\u00f6rivien v\u00e4r\u00e4htelyjen ja vakavien v\u00e4\u00e4ristym\u00e4olosuhteiden alla.<\/p>\n<p data-start=\"578\" data-end=\"790\">Verrattuna standarditeollisiin laakereihin, v\u00e4r\u00e4htelyn\u00e4yt\u00f6n laakerit tarjoavat vahvempaa sis\u00e4ist\u00e4 vahvistusta, optimoitua v\u00e4lyst\u00e4 ja parannettua v\u00e4symiskest\u00e4vyytt\u00e4 varmistaakseen pitk\u00e4n k\u00e4ytt\u00f6i\u00e4n vaativissa ymp\u00e4rist\u00f6iss\u00e4.<\/p>\n<h2 data-section-id=\"28z5ez\" data-start=\"797\" data-end=\"828\">\ud83d\udd37 Tekninen parametrilista<\/h2>\n<div class=\"TyagGW_tableContainer\">\n<div class=\"group TyagGW_tableWrapper flex flex-col-reverse w-fit\" tabindex=\"-1\">\n<table class=\"w-fit min-w-(--thread-content-width)\" data-start=\"830\" data-end=\"1415\">\n<thead data-start=\"830\" data-end=\"854\">\n<tr data-start=\"830\" data-end=\"854\">\n<th class=\"\" data-start=\"830\" data-end=\"837\" data-col-size=\"sm\">Tuote<\/th>\n<th class=\"\" data-start=\"837\" data-end=\"854\" data-col-size=\"md\">Eritys<\/th>\n<\/tr>\n<\/thead>\n<tbody data-start=\"879\" data-end=\"1415\">\n<tr data-start=\"879\" data-end=\"950\">\n<td data-start=\"879\" data-end=\"894\" data-col-size=\"sm\">Laakertype<\/td>\n<td data-start=\"894\" data-end=\"950\" data-col-size=\"md\">Pallorullalaakeri \/ Raskaan kuormituksen rullalaakeri<\/td>\n<\/tr>\n<tr data-start=\"951\" data-end=\"997\">\n<td data-start=\"951\" data-end=\"963\" data-col-size=\"sm\">Kuormatyypit<\/td>\n<td data-col-size=\"md\" data-start=\"963\" data-end=\"997\">Korkea radiaalikuorma + isku kuorma<\/td>\n<\/tr>\n<tr data-start=\"998\" data-end=\"1056\">\n<td data-start=\"998\" data-end=\"1020\" data-col-size=\"sm\">K\u00e4ytt\u00f6olosuhteet<\/td>\n<td data-col-size=\"md\" data-start=\"1020\" data-end=\"1056\">Korkea v\u00e4r\u00e4htely, jatkuva isku<\/td>\n<\/tr>\n<tr data-start=\"1057\" data-end=\"1103\">\n<td data-start=\"1057\" data-end=\"1068\" data-col-size=\"sm\">Materiaali<\/td>\n<td data-start=\"1068\" data-end=\"1103\" data-col-size=\"md\">GCr15 \/ GCr15SiMn laakeriter\u00e4s<\/td>\n<\/tr>\n<tr data-start=\"1104\" data-end=\"1154\">\n<td data-start=\"1104\" data-end=\"1116\" data-col-size=\"sm\">Kehyksen tyyppi<\/td>\n<td data-col-size=\"md\" data-start=\"1116\" data-end=\"1154\">Ter\u00e4ksinen kehys \/ Messinkikehys (valinnainen)<\/td>\n<\/tr>\n<tr data-start=\"1155\" data-end=\"1192\">\n<td data-start=\"1155\" data-end=\"1167\" data-col-size=\"sm\">V\u00e4lys<\/td>\n<td data-start=\"1167\" data-end=\"1192\" data-col-size=\"md\">C3 \/ C4 \/ C5 valinnainen<\/td>\n<\/tr>\n<tr data-start=\"1193\" data-end=\"1236\">\n<td data-start=\"1193\" data-end=\"1207\" data-col-size=\"sm\">Voitelu<\/td>\n<td data-col-size=\"md\" data-start=\"1207\" data-end=\"1236\">Rasva- tai \u00f6ljylubrikointi<\/td>\n<\/tr>\n<tr data-start=\"1237\" data-end=\"1300\">\n<td data-start=\"1237\" data-end=\"1257\" data-col-size=\"sm\">L\u00e4mp\u00f6tila-alue<\/td>\n<td data-col-size=\"md\" data-start=\"1257\" data-end=\"1300\">-30\u00b0C - 200\u00b0C (riippuu voiteluaineen tyypist\u00e4)<\/td>\n<\/tr>\n<tr data-start=\"1301\" data-end=\"1355\">\n<td data-start=\"1301\" data-end=\"1318\" data-col-size=\"sm\">Tiivistysvaihtoehto<\/td>\n<td data-col-size=\"md\" data-start=\"1318\" data-end=\"1355\">Avoin \/ Tiivistetty \/ P\u00f6lytiivis muotoilu<\/td>\n<\/tr>\n<tr data-start=\"1356\" data-end=\"1415\">\n<td data-start=\"1356\" data-end=\"1382\" data-col-size=\"sm\">V\u00e4\u00e4ristym\u00e4kyky<\/td>\n<td data-col-size=\"md\" data-start=\"1382\" data-end=\"1415\">Korkea itseohjautuvuuskyky<\/td>\n<\/tr>\n<\/tbody>\n<\/table>\n<\/div>\n<\/div>\n<h2 data-section-id=\"1y8un7j\" data-start=\"1422\" data-end=\"1440\">\ud83d\udd37 Avainominaisuudet<\/h2>\n<ul data-start=\"1442\" data-end=\"1785\">\n<li data-section-id=\"1u8enpv\" data-start=\"1442\" data-end=\"1496\">Suunniteltu korkeataajuusv\u00e4r\u00e4htelyymp\u00e4rist\u00f6ihin<\/li>\n<li data-section-id=\"1kldcsm\" data-start=\"1497\" data-end=\"1553\">Erinomainen iskunkest\u00e4vyys ja raskaat radiaalikuormat<\/li>\n<li data-section-id=\"y8b7hk\" data-start=\"1554\" data-end=\"1620\">Vahva itseohjautuva suorituskyky asennusj\u00e4nnityksen v\u00e4hent\u00e4miseksi<\/li>\n<li data-section-id=\"5rf9z8\" data-start=\"1621\" data-end=\"1673\">Pitk\u00e4 k\u00e4ytt\u00f6ik\u00e4 jatkuvassa k\u00e4yt\u00f6ss\u00e4<\/li>\n<li data-section-id=\"1h13109\" data-start=\"1674\" data-end=\"1720\">V\u00e4hentynyt huoltotiheys ja seisokkiaika<\/li>\n<li data-section-id=\"ektqkh\" data-start=\"1721\" data-end=\"1785\">Sopii p\u00f6lyyn, kosteuteen ja ankarisiin teollisiin olosuhteisiin<\/li>\n<\/ul>\n<h2 data-section-id=\"1mxbwoh\" data-start=\"1792\" data-end=\"1815\">\ud83d\udd37 Sovellusalueet<\/h2>\n<ul data-start=\"1817\" data-end=\"2024\">\n<li data-section-id=\"1bd7p6v\" data-start=\"1817\" data-end=\"1845\">Kaivostoiminnan v\u00e4r\u00e4htelyn\u00e4yt\u00f6t<\/li>\n<li data-section-id=\"15q8jif\" data-start=\"1846\" data-end=\"1885\">Kivimurskaus- ja seulontalaitokset<\/li>\n<li data-section-id=\"14v4408\" data-start=\"1886\" data-end=\"1915\">Hiilen k\u00e4sittelylaitteet<\/li>\n<li data-section-id=\"1tqmi6a\" data-start=\"1916\" data-end=\"1943\">Cementin tuotantolinjoilla<\/li>\n<li data-section-id=\"ewy2ju\" data-start=\"1944\" data-end=\"1989\">Metallurgia- ja mineraalik\u00e4sittelyj\u00e4rjestelm\u00e4t<\/li>\n<li data-section-id=\"xfcvsg\" data-start=\"1990\" data-end=\"2024\">Louhintakoneet ja aggregaatit<\/li>\n<\/ul>\n<h2 data-section-id=\"1a1u7ke\" data-start=\"2031\" data-end=\"2059\">\ud83d\udd37 Insin\u00f6\u00f6riedut<\/h2>\n<p data-start=\"2061\" data-end=\"2200\">V\u00e4r\u00e4htelyn\u00e4ytt\u00f6laitteet aiheuttavat jatkuvaa dynaamista rasitusta laakereille, mik\u00e4 usein johtaa ennenaikaiseen vikaantumiseen standardilaakereissa.<\/p>\n<p data-start=\"2202\" data-end=\"2266\">T\u00e4m\u00e4 tuote on suunniteltu ratkaisemaan yleisi\u00e4 vikaantumisongelmia, kuten:<\/p>\n<ul data-start=\"2268\" data-end=\"2409\">\n<li data-section-id=\"14i90g7\" data-start=\"2268\" data-end=\"2296\">Rata v\u00e4syminen ja halkeilu<\/li>\n<li data-section-id=\"bk7bso\" data-start=\"2297\" data-end=\"2333\">Kehyksen muodonmuutos v\u00e4r\u00e4htelyn alla<\/li>\n<li data-section-id=\"2qwo8v\" data-start=\"2334\" data-end=\"2379\">Voitelun h\u00e4iriintyminen l\u00e4mp\u00f6tilan nousun vuoksi<\/li>\n<li data-section-id=\"ty5bi0\" data-start=\"2380\" data-end=\"2409\">V\u00e4\u00e4r\u00e4linjaisuuden aiheuttama kuluminen<\/li>\n<\/ul>\n<p data-start=\"2411\" data-end=\"2532\">Optimoimalla sis\u00e4ist\u00e4 geometriaa ja materiaalin lujuutta, k\u00e4ytt\u00f6ik\u00e4\u00e4 parannetaan merkitt\u00e4v\u00e4sti raskaan k\u00e4yt\u00f6n sovelluksissa.<\/p>\n<h2 data-section-id=\"bf9ua4\" data-start=\"2539\" data-end=\"2559\">\ud83d\udd37 R\u00e4\u00e4t\u00e4l\u00f6intivaihtoehdot<\/h2>\n<p data-start=\"2561\" data-end=\"2601\">Tuemme OEM- ja r\u00e4\u00e4t\u00e4l\u00f6ityj\u00e4 ratkaisuja:<\/p>\n<ul data-start=\"2603\" data-end=\"2823\">\n<li data-section-id=\"12z25a6\" data-start=\"2603\" data-end=\"2645\">Sis\u00e4- ja ulkohalkaisijan r\u00e4\u00e4t\u00e4l\u00f6inti<\/li>\n<li data-section-id=\"11j4pt1\" data-start=\"2646\" data-end=\"2690\">Kehyksen materiaalin valinta (ter\u00e4s tai messinki)<\/li>\n<li data-section-id=\"rh4t0y\" data-start=\"2691\" data-end=\"2732\">V\u00e4lysluokan s\u00e4\u00e4t\u00f6 (C3\/C4\/C5)<\/li>\n<li data-section-id=\"wvf30s\" data-start=\"2733\" data-end=\"2780\">Erityinen l\u00e4mp\u00f6k\u00e4sittely korkeita l\u00e4mp\u00f6tiloja varten<\/li>\n<li data-section-id=\"14r2iv5\" data-start=\"2781\" data-end=\"2823\">P\u00f6lytiivis ja tiivistetty rakennesuunnittelu<\/li>\n<\/ul>","protected":false},"excerpt":{"rendered":"<p data-start=\"244\" data-end=\"430\">V\u00e4r\u00e4htelyn\u00e4yt\u00f6n laakerit on erityisesti suunniteltu suurten kuormien ja suurten v\u00e4r\u00e4htelyolosuhteiden ty\u00f6skentelyyn kaivoksissa, louhintateollisuudessa, aggregaatin k\u00e4sittelyss\u00e4 ja raskaan teollisuuden seulontalaitteissa.<\/p>\n<p data-start=\"432\" data-end=\"576\">Ne on suunniteltu yll\u00e4pit\u00e4m\u00e4\u00e4n vakaata suorituskyky\u00e4 jatkuvien iskujen, suurten py\u00f6rivien v\u00e4r\u00e4htelyjen ja vakavien v\u00e4\u00e4ristym\u00e4olosuhteiden alla.<\/p>","protected":false},"featured_media":2533,"comment_status":"open","ping_status":"closed","template":"","meta":{"site-sidebar-layout":"default","site-content-layout":"","ast-site-content-layout":"default","site-content-style":"default","site-sidebar-style":"default","ast-global-header-display":"","ast-banner-title-visibility":"","ast-main-header-display":"","ast-hfb-above-header-display":"","ast-hfb-below-header-display":"","ast-hfb-mobile-header-display":"","site-post-title":"","ast-breadcrumbs-content":"","ast-featured-img":"","footer-sml-layout":"","ast-disable-related-posts":"","theme-transparent-header-meta":"default","adv-header-id-meta":"","stick-header-meta":"default","header-above-stick-meta":"","header-main-stick-meta":"","header-below-stick-meta":"","astra-migrate-meta-layouts":"set","ast-page-background-enabled":"default","ast-page-background-meta":{"desktop":{"background-color":"","background-image":"","background-repeat":"repeat","background-position":"center center","background-size":"auto","background-attachment":"scroll","background-type":"","background-media":"","overlay-type":"","overlay-color":"","overlay-opacity":"","overlay-gradient":""},"tablet":{"background-color":"","background-image":"","background-repeat":"repeat","background-position":"center center","background-size":"auto","background-attachment":"scroll","background-type":"","background-media":"","overlay-type":"","overlay-color":"","overlay-opacity":"","overlay-gradient":""},"mobile":{"background-color":"","background-image":"","background-repeat":"repeat","background-position":"center center","background-size":"auto","background-attachment":"scroll","background-type":"","background-media":"","overlay-type":"","overlay-color":"","overlay-opacity":"","overlay-gradient":""}},"ast-content-background-meta":{"desktop":{"background-color":"var(--ast-global-color-5)","background-image":"","background-repeat":"repeat","background-position":"center center","background-size":"auto","background-attachment":"scroll","background-type":"","background-media":"","overlay-type":"","overlay-color":"","overlay-opacity":"","overlay-gradient":""},"tablet":{"background-color":"var(--ast-global-color-5)","background-image":"","background-repeat":"repeat","background-position":"center center","background-size":"auto","background-attachment":"scroll","background-type":"","background-media":"","overlay-type":"","overlay-color":"","overlay-opacity":"","overlay-gradient":""},"mobile":{"background-color":"var(--ast-global-color-5)","background-image":"","background-repeat":"repeat","background-position":"center center","background-size":"auto","background-attachment":"scroll","background-type":"","background-media":"","overlay-type":"","overlay-color":"","overlay-opacity":"","overlay-gradient":""}}},"product_brand":[],"product_cat":[24],"product_tag":[231,234,232,233,56,51,228,119,47,230,162,229,153,235,227],"class_list":{"0":"post-2452","1":"product","2":"type-product","3":"status-publish","4":"has-post-thumbnail","6":"product_cat-spherical-roller-bearings","7":"product_tag-aggregate-equipment-bearing","8":"product_tag-c4-clearance-bearing","9":"product_tag-cement-plant-bearing","10":"product_tag-gcr15-bearing","11":"product_tag-heavy-duty-bearing","12":"product_tag-high-load-bearing","13":"product_tag-industrial-roller-bearing","14":"product_tag-mining-bearing","15":"product_tag-oem-bearing-manufacturer","16":"product_tag-quarry-machine-bearing","17":"product_tag-self-aligning-bearing","18":"product_tag-shock-resistant-bearing","19":"product_tag-spherical-roller-bearing","20":"product_tag-vibrating-machinery-parts","21":"product_tag-vibrating-screen-bearing","22":"desktop-align-left","23":"tablet-align-left","24":"mobile-align-left","25":"ast-product-gallery-layout-horizontal-slider","26":"ast-product-gallery-with-no-image","27":"ast-product-tabs-layout-horizontal","29":"first","30":"instock","31":"shipping-taxable","32":"product-type-simple"},"_links":{"self":[{"href":"https:\/\/www.machinerybearings.com\/fi\/wp-json\/wp\/v2\/product\/2452","targetHints":{"allow":["GET"]}}],"collection":[{"href":"https:\/\/www.machinerybearings.com\/fi\/wp-json\/wp\/v2\/product"}],"about":[{"href":"https:\/\/www.machinerybearings.com\/fi\/wp-json\/wp\/v2\/types\/product"}],"replies":[{"embeddable":true,"href":"https:\/\/www.machinerybearings.com\/fi\/wp-json\/wp\/v2\/comments?post=2452"}],"wp:featuredmedia":[{"embeddable":true,"href":"https:\/\/www.machinerybearings.com\/fi\/wp-json\/wp\/v2\/media\/2533"}],"wp:attachment":[{"href":"https:\/\/www.machinerybearings.com\/fi\/wp-json\/wp\/v2\/media?parent=2452"}],"wp:term":[{"taxonomy":"product_brand","embeddable":true,"href":"https:\/\/www.machinerybearings.com\/fi\/wp-json\/wp\/v2\/product_brand?post=2452"},{"taxonomy":"product_cat","embeddable":true,"href":"https:\/\/www.machinerybearings.com\/fi\/wp-json\/wp\/v2\/product_cat?post=2452"},{"taxonomy":"product_tag","embeddable":true,"href":"https:\/\/www.machinerybearings.com\/fi\/wp-json\/wp\/v2\/product_tag?post=2452"}],"curies":[{"name":"wp","href":"https:\/\/api.w.org\/{rel}","templated":true}]}}