{"id":2453,"date":"2026-04-13T15:06:47","date_gmt":"2026-04-13T15:06:47","guid":{"rendered":"https:\/\/www.machinerybearings.com\/?post_type=product&#038;p=2453"},"modified":"2026-05-03T05:20:35","modified_gmt":"2026-05-03T05:20:35","slug":"30205-tapered-roller-bearing-for-high-radial-and-axial-load-applications","status":"publish","type":"product","link":"https:\/\/www.machinerybearings.com\/fi\/tuote\/30205-tapered-roller-bearing-for-high-radial-and-axial-load-applications\/","title":{"rendered":"30205 Kartiorullalaakeri korkeille radiaalisille ja aksiaalisille kuormituksille"},"content":{"rendered":"<p data-start=\"231\" data-end=\"438\">30205 kartiomainen laakeri on suunniteltu tukemaan yhdistettyj\u00e4 s\u00e4teitt\u00e4isi\u00e4 ja aksiaalisia kuormia, mik\u00e4 tekee siit\u00e4 laajalti k\u00e4ytetyn autoj\u00e4rjestelmiss\u00e4, vaihteistoissa, maatalouskoneissa ja teollisessa siirtolaitteistossa.<\/p>\n<p data-start=\"440\" data-end=\"694\">Sen kartiomaiset sis\u00e4- ja ulkorenkaan juoksupinnat mahdollistavat rullien py\u00f6rimisen minimaalisen kitkan kanssa samalla kun kuormat jakautuvat tehokkaasti kosketuspinnalle. T\u00e4m\u00e4 rakenne parantaa kest\u00e4vytt\u00e4 ja suorituskyky\u00e4 suurilla kuormilla ja kohtuullisilla nopeuksilla.<\/p>\n<h2 data-section-id=\"vlh4km\" data-start=\"701\" data-end=\"727\">\ud83d\udd37 Teknisi\u00e4 parametreja<\/h2>\n<div class=\"TyagGW_tableContainer\">\n<div class=\"group TyagGW_tableWrapper flex flex-col-reverse w-fit\" tabindex=\"-1\">\n<table class=\"w-fit min-w-(--thread-content-width)\" data-start=\"729\" data-end=\"1218\">\n<thead data-start=\"729\" data-end=\"753\">\n<tr data-start=\"729\" data-end=\"753\">\n<th class=\"\" data-start=\"729\" data-end=\"736\" data-col-size=\"sm\">Tuote<\/th>\n<th class=\"\" data-start=\"736\" data-end=\"753\" data-col-size=\"sm\">Eritys<\/th>\n<\/tr>\n<\/thead>\n<tbody data-start=\"778\" data-end=\"1218\">\n<tr data-start=\"778\" data-end=\"819\">\n<td data-start=\"778\" data-end=\"793\" data-col-size=\"sm\">Laakertype<\/td>\n<td data-start=\"793\" data-end=\"819\" data-col-size=\"sm\">Kartiomainen laakeri<\/td>\n<\/tr>\n<tr data-start=\"820\" data-end=\"837\">\n<td data-start=\"820\" data-end=\"828\" data-col-size=\"sm\">Malli<\/td>\n<td data-start=\"828\" data-end=\"837\" data-col-size=\"sm\">30205<\/td>\n<\/tr>\n<tr data-start=\"838\" data-end=\"868\">\n<td data-start=\"838\" data-end=\"859\" data-col-size=\"sm\">Sis\u00e4halkaisija (d)<\/td>\n<td data-col-size=\"sm\" data-start=\"859\" data-end=\"868\">25 mm<\/td>\n<\/tr>\n<tr data-start=\"869\" data-end=\"899\">\n<td data-start=\"869\" data-end=\"890\" data-col-size=\"sm\">Ulkohalkaisija (D)<\/td>\n<td data-col-size=\"sm\" data-start=\"890\" data-end=\"899\">52 mm<\/td>\n<\/tr>\n<tr data-start=\"900\" data-end=\"924\">\n<td data-start=\"900\" data-end=\"912\" data-col-size=\"sm\">Leveys (T)<\/td>\n<td data-start=\"912\" data-end=\"924\" data-col-size=\"sm\">16,25 mm<\/td>\n<\/tr>\n<tr data-start=\"925\" data-end=\"969\">\n<td data-start=\"925\" data-end=\"937\" data-col-size=\"sm\">Kuormatyypit<\/td>\n<td data-col-size=\"sm\" data-start=\"937\" data-end=\"969\">S\u00e4teitt\u00e4inen + aksiaalinen yhdistetty kuorma<\/td>\n<\/tr>\n<tr data-start=\"970\" data-end=\"1000\">\n<td data-start=\"970\" data-end=\"986\" data-col-size=\"sm\">Keh\u00e4materiaali<\/td>\n<td data-col-size=\"sm\" data-start=\"986\" data-end=\"1000\">Ter\u00e4ksinen h\u00e4kki<\/td>\n<\/tr>\n<tr data-start=\"1001\" data-end=\"1036\">\n<td data-start=\"1001\" data-end=\"1012\" data-col-size=\"sm\">Materiaali<\/td>\n<td data-start=\"1012\" data-end=\"1036\" data-col-size=\"sm\">Kromiter\u00e4s (GCr15)<\/td>\n<\/tr>\n<tr data-start=\"1037\" data-end=\"1080\">\n<td data-start=\"1037\" data-end=\"1051\" data-col-size=\"sm\">Voitelu<\/td>\n<td data-start=\"1051\" data-end=\"1080\" data-col-size=\"sm\">Rasva- tai \u00f6ljylubrikointi<\/td>\n<\/tr>\n<tr data-start=\"1081\" data-end=\"1130\">\n<td data-start=\"1081\" data-end=\"1093\" data-col-size=\"sm\">Rakenne<\/td>\n<td data-col-size=\"sm\" data-start=\"1093\" data-end=\"1130\">Yhden rivin kartiomainen rullalaakeri<\/td>\n<\/tr>\n<tr data-start=\"1131\" data-end=\"1179\">\n<td data-start=\"1131\" data-end=\"1150\" data-col-size=\"sm\">Nopeuskyky<\/td>\n<td data-start=\"1150\" data-end=\"1179\" data-col-size=\"sm\">Keskinopeus sovellukset<\/td>\n<\/tr>\n<tr data-start=\"1180\" data-end=\"1218\">\n<td data-start=\"1180\" data-end=\"1200\" data-col-size=\"sm\">L\u00e4mp\u00f6tila-alue<\/td>\n<td data-start=\"1200\" data-end=\"1218\" data-col-size=\"sm\">-30\u00b0C - 150\u00b0C<\/td>\n<\/tr>\n<\/tbody>\n<\/table>\n<\/div>\n<\/div>\n<h2 data-section-id=\"1y8un7j\" data-start=\"1225\" data-end=\"1243\">\ud83d\udd37 Avainominaisuudet<\/h2>\n<ul data-start=\"1245\" data-end=\"1522\">\n<li data-section-id=\"7oool5\" data-start=\"1245\" data-end=\"1300\">Tukee sek\u00e4 s\u00e4teitt\u00e4isi\u00e4 ett\u00e4 aksiaalisia kuormia samanaikaisesti<\/li>\n<li data-section-id=\"nemjer\" data-start=\"1301\" data-end=\"1343\">Korkea kuormankantokyky kompaktissa rakenteessa<\/li>\n<li data-section-id=\"xjurbh\" data-start=\"1344\" data-end=\"1381\">Alhainen kitka ja vakaa toiminta<\/li>\n<li data-section-id=\"1i63cz\" data-start=\"1382\" data-end=\"1431\">Pitk\u00e4 k\u00e4ytt\u00f6ik\u00e4 raskaissa olosuhteissa<\/li>\n<li data-section-id=\"f8hmgc\" data-start=\"1432\" data-end=\"1469\">Helppo asennus ja huolto<\/li>\n<li data-section-id=\"1u616wn\" data-start=\"1470\" data-end=\"1522\">Sopii korkean tarkkuuden siirtoj\u00e4rjestelmiin<\/li>\n<\/ul>\n<h2 data-section-id=\"4t5b8m\" data-start=\"1529\" data-end=\"1547\">\ud83d\udd37 Sovellukset<\/h2>\n<ul data-start=\"1549\" data-end=\"1745\">\n<li data-section-id=\"16jv93o\" data-start=\"1549\" data-end=\"1574\">Auton py\u00f6r\u00e4n navat<\/li>\n<li data-section-id=\"6p9cs0\" data-start=\"1575\" data-end=\"1601\">Vaihteistot ja v\u00e4hennysvaihteet<\/li>\n<li data-section-id=\"1n6ynun\" data-start=\"1602\" data-end=\"1628\">Maatalouskoneet<\/li>\n<li data-section-id=\"16fhp27\" data-start=\"1629\" data-end=\"1655\">Rakennuskoneet<\/li>\n<li data-section-id=\"1gp8co3\" data-start=\"1656\" data-end=\"1688\">Teollisuusmoottorit ja -ajot<\/li>\n<li data-section-id=\"176s2ln\" data-start=\"1689\" data-end=\"1709\">Kuljetinj\u00e4rjestelm\u00e4t<\/li>\n<li data-section-id=\"1dq8qoq\" data-start=\"1710\" data-end=\"1745\">Raskaankaluston siirtoj\u00e4rjestelm\u00e4t<\/li>\n<\/ul>\n<h2 data-section-id=\"1a1u7ke\" data-start=\"1752\" data-end=\"1780\">\ud83d\udd37 Insin\u00f6\u00f6riedut<\/h2>\n<p data-start=\"1782\" data-end=\"1943\">Kartiorullarakenteen ansiosta kuormitus jakautuu paremmin verrattuna kuulalaakereihin, mik\u00e4 parantaa merkitt\u00e4v\u00e4sti suorituskyky\u00e4 yhdistettyjen voimien sovelluksissa.<\/p>\n<p data-start=\"1945\" data-end=\"2071\">Se my\u00f6s v\u00e4hent\u00e4\u00e4 reunakuormitusta, parantaen v\u00e4symiskest\u00e4vyytt\u00e4 ja pident\u00e4en laakerin k\u00e4ytt\u00f6ik\u00e4\u00e4 jatkuvassa k\u00e4yt\u00f6ss\u00e4.<\/p>\n<h2 data-section-id=\"bf9ua4\" data-start=\"2078\" data-end=\"2098\">\ud83d\udd37 R\u00e4\u00e4t\u00e4l\u00f6intivaihtoehdot<\/h2>\n<ul data-start=\"2100\" data-end=\"2251\">\n<li data-section-id=\"4ijb\" data-start=\"2100\" data-end=\"2124\">V\u00e4lyksen s\u00e4\u00e4t\u00f6<\/li>\n<li data-section-id=\"5s0eb7\" data-start=\"2125\" data-end=\"2150\">Kehyksen materiaalin p\u00e4ivitys<\/li>\n<li data-section-id=\"1jq34of\" data-start=\"2151\" data-end=\"2186\">Korkean l\u00e4mp\u00f6tilan rasvan t\u00e4ytt\u00f6<\/li>\n<li data-section-id=\"1515c9l\" data-start=\"2187\" data-end=\"2220\">Tiivistetyt tai avoimet suunnitteluvaihtoehdot<\/li>\n<li data-section-id=\"1vg6tkw\" data-start=\"2221\" data-end=\"2251\">OEM-br\u00e4nd\u00e4ys ja pakkaus<\/li>\n<\/ul>","protected":false},"excerpt":{"rendered":"<p>30205 kartiomainen laakeri on suunniteltu tukemaan yhdistettyj\u00e4 s\u00e4teitt\u00e4isi\u00e4 ja aksiaalisia kuormia, mik\u00e4 tekee siit\u00e4 laajalti k\u00e4ytetyn autoj\u00e4rjestelmiss\u00e4, vaihteistoissa, maatalouskoneissa ja teollisessa siirtolaitteistossa.<\/p>","protected":false},"featured_media":2532,"comment_status":"open","ping_status":"closed","template":"","meta":{"site-sidebar-layout":"default","site-content-layout":"","ast-site-content-layout":"default","site-content-style":"default","site-sidebar-style":"default","ast-global-header-display":"","ast-banner-title-visibility":"","ast-main-header-display":"","ast-hfb-above-header-display":"","ast-hfb-below-header-display":"","ast-hfb-mobile-header-display":"","site-post-title":"","ast-breadcrumbs-content":"","ast-featured-img":"","footer-sml-layout":"","ast-disable-related-posts":"","theme-transparent-header-meta":"default","adv-header-id-meta":"","stick-header-meta":"default","header-above-stick-meta":"","header-main-stick-meta":"","header-below-stick-meta":"","astra-migrate-meta-layouts":"set","ast-page-background-enabled":"default","ast-page-background-meta":{"desktop":{"background-color":"","background-image":"","background-repeat":"repeat","background-position":"center center","background-size":"auto","background-attachment":"scroll","background-type":"","background-media":"","overlay-type":"","overlay-color":"","overlay-opacity":"","overlay-gradient":""},"tablet":{"background-color":"","background-image":"","background-repeat":"repeat","background-position":"center center","background-size":"auto","background-attachment":"scroll","background-type":"","background-media":"","overlay-type":"","overlay-color":"","overlay-opacity":"","overlay-gradient":""},"mobile":{"background-color":"","background-image":"","background-repeat":"repeat","background-position":"center center","background-size":"auto","background-attachment":"scroll","background-type":"","background-media":"","overlay-type":"","overlay-color":"","overlay-opacity":"","overlay-gradient":""}},"ast-content-background-meta":{"desktop":{"background-color":"var(--ast-global-color-5)","background-image":"","background-repeat":"repeat","background-position":"center center","background-size":"auto","background-attachment":"scroll","background-type":"","background-media":"","overlay-type":"","overlay-color":"","overlay-opacity":"","overlay-gradient":""},"tablet":{"background-color":"var(--ast-global-color-5)","background-image":"","background-repeat":"repeat","background-position":"center center","background-size":"auto","background-attachment":"scroll","background-type":"","background-media":"","overlay-type":"","overlay-color":"","overlay-opacity":"","overlay-gradient":""},"mobile":{"background-color":"var(--ast-global-color-5)","background-image":"","background-repeat":"repeat","background-position":"center center","background-size":"auto","background-attachment":"scroll","background-type":"","background-media":"","overlay-type":"","overlay-color":"","overlay-opacity":"","overlay-gradient":""}}},"product_brand":[],"product_cat":[23],"product_tag":[236,237,240,233,78,56,51,45,47,239,241,154,242,238],"class_list":{"0":"post-2453","1":"product","2":"type-product","3":"status-publish","4":"has-post-thumbnail","6":"product_cat-tapered-roller-bearings","7":"product_tag-30205-tapered-roller-bearing","8":"product_tag-automotive-bearing","9":"product_tag-chrome-steel-bearing","10":"product_tag-gcr15-bearing","11":"product_tag-gearbox-bearing","12":"product_tag-heavy-duty-bearing","13":"product_tag-high-load-bearing","14":"product_tag-industrial-bearing","15":"product_tag-oem-bearing-manufacturer","16":"product_tag-radial-axial-bearing","17":"product_tag-single-row-roller-bearing","18":"product_tag-tapered-roller-bearing","19":"product_tag-transmission-bearing","20":"product_tag-wheel-hub-bearing","21":"desktop-align-left","22":"tablet-align-left","23":"mobile-align-left","24":"ast-product-gallery-layout-horizontal-slider","25":"ast-product-gallery-with-no-image","26":"ast-product-tabs-layout-horizontal","28":"first","29":"instock","30":"shipping-taxable","31":"product-type-simple"},"_links":{"self":[{"href":"https:\/\/www.machinerybearings.com\/fi\/wp-json\/wp\/v2\/product\/2453","targetHints":{"allow":["GET"]}}],"collection":[{"href":"https:\/\/www.machinerybearings.com\/fi\/wp-json\/wp\/v2\/product"}],"about":[{"href":"https:\/\/www.machinerybearings.com\/fi\/wp-json\/wp\/v2\/types\/product"}],"replies":[{"embeddable":true,"href":"https:\/\/www.machinerybearings.com\/fi\/wp-json\/wp\/v2\/comments?post=2453"}],"wp:featuredmedia":[{"embeddable":true,"href":"https:\/\/www.machinerybearings.com\/fi\/wp-json\/wp\/v2\/media\/2532"}],"wp:attachment":[{"href":"https:\/\/www.machinerybearings.com\/fi\/wp-json\/wp\/v2\/media?parent=2453"}],"wp:term":[{"taxonomy":"product_brand","embeddable":true,"href":"https:\/\/www.machinerybearings.com\/fi\/wp-json\/wp\/v2\/product_brand?post=2453"},{"taxonomy":"product_cat","embeddable":true,"href":"https:\/\/www.machinerybearings.com\/fi\/wp-json\/wp\/v2\/product_cat?post=2453"},{"taxonomy":"product_tag","embeddable":true,"href":"https:\/\/www.machinerybearings.com\/fi\/wp-json\/wp\/v2\/product_tag?post=2453"}],"curies":[{"name":"wp","href":"https:\/\/api.w.org\/{rel}","templated":true}]}}