{"id":2455,"date":"2026-04-13T15:09:58","date_gmt":"2026-04-13T15:09:58","guid":{"rendered":"https:\/\/www.machinerybearings.com\/?post_type=product&#038;p=2455"},"modified":"2026-05-03T05:17:20","modified_gmt":"2026-05-03T05:17:20","slug":"30306-tapered-roller-bearing-for-heavy-load-industrial-applications","status":"publish","type":"product","link":"https:\/\/www.machinerybearings.com\/fi\/tuote\/30306-tapered-roller-bearing-for-heavy-load-industrial-applications\/","title":{"rendered":"30306 Kartiorullalaakeri raskaan kuorman teollisuusk\u00e4ytt\u00f6\u00f6n"},"content":{"rendered":"<p data-start=\"149\" data-end=\"451\">30306 kartiorullalaakeri on suunniteltu k\u00e4sittelem\u00e4\u00e4n yhdistettyj\u00e4 s\u00e4teitt\u00e4isi\u00e4 ja aksiaalisia kuormia, mik\u00e4 tekee siit\u00e4 sopivan keskikokoisiin ja raskaisiin teollisiin sovelluksiin. Sen kartiomainen geometria mahdollistaa tehokkaan kuormanjakautumisen rullaelementtien kesken, parantaen kestoa ja v\u00e4hent\u00e4en kitkaa k\u00e4yt\u00f6n aikana.<\/p>\n<p data-start=\"453\" data-end=\"626\">T\u00e4t\u00e4 mallia k\u00e4ytet\u00e4\u00e4n laajalti autoj\u00e4rjestelmiss\u00e4, vaihteistoissa, maatalouskoneissa ja rakennuskoneissa, joissa vaaditaan vakautta kuormituksen alla ja pitk\u00e4\u00e4 k\u00e4ytt\u00f6ik\u00e4\u00e4.<\/p>\n<h3 data-section-id=\"sse2nj\" data-start=\"633\" data-end=\"657\">Teknisi\u00e4 parametreja<\/h3>\n<div class=\"TyagGW_tableContainer\">\n<div class=\"group TyagGW_tableWrapper flex flex-col-reverse w-fit\" tabindex=\"-1\">\n<table class=\"w-fit min-w-(--thread-content-width)\" data-start=\"659\" data-end=\"1141\">\n<thead data-start=\"659\" data-end=\"683\">\n<tr data-start=\"659\" data-end=\"683\">\n<th class=\"\" data-start=\"659\" data-end=\"666\" data-col-size=\"sm\">Tuote<\/th>\n<th class=\"\" data-start=\"666\" data-end=\"683\" data-col-size=\"sm\">Eritys<\/th>\n<\/tr>\n<\/thead>\n<tbody data-start=\"708\" data-end=\"1141\">\n<tr data-start=\"708\" data-end=\"749\">\n<td data-start=\"708\" data-end=\"723\" data-col-size=\"sm\">Laakertype<\/td>\n<td data-start=\"723\" data-end=\"749\" data-col-size=\"sm\">Kartiomainen laakeri<\/td>\n<\/tr>\n<tr data-start=\"750\" data-end=\"767\">\n<td data-start=\"750\" data-end=\"758\" data-col-size=\"sm\">Malli<\/td>\n<td data-start=\"758\" data-end=\"767\" data-col-size=\"sm\">30306<\/td>\n<\/tr>\n<tr data-start=\"768\" data-end=\"798\">\n<td data-start=\"768\" data-end=\"789\" data-col-size=\"sm\">Sis\u00e4halkaisija (d)<\/td>\n<td data-start=\"789\" data-end=\"798\" data-col-size=\"sm\">30 mm<\/td>\n<\/tr>\n<tr data-start=\"799\" data-end=\"829\">\n<td data-start=\"799\" data-end=\"820\" data-col-size=\"sm\">Ulkohalkaisija (D)<\/td>\n<td data-col-size=\"sm\" data-start=\"820\" data-end=\"829\">72 mm<\/td>\n<\/tr>\n<tr data-start=\"830\" data-end=\"854\">\n<td data-start=\"830\" data-end=\"842\" data-col-size=\"sm\">Leveys (T)<\/td>\n<td data-start=\"842\" data-end=\"854\" data-col-size=\"sm\">20,75 mm<\/td>\n<\/tr>\n<tr data-start=\"855\" data-end=\"895\">\n<td data-start=\"855\" data-end=\"867\" data-col-size=\"sm\">Kuormatyypit<\/td>\n<td data-start=\"867\" data-end=\"895\" data-col-size=\"sm\">S\u00e4teellinen kuorma + Aksiaalinen kuorma<\/td>\n<\/tr>\n<tr data-start=\"896\" data-end=\"926\">\n<td data-start=\"896\" data-end=\"912\" data-col-size=\"sm\">Keh\u00e4materiaali<\/td>\n<td data-start=\"912\" data-end=\"926\" data-col-size=\"sm\">Ter\u00e4ksinen h\u00e4kki<\/td>\n<\/tr>\n<tr data-start=\"927\" data-end=\"960\">\n<td data-start=\"927\" data-end=\"938\" data-col-size=\"sm\">Materiaali<\/td>\n<td data-start=\"938\" data-end=\"960\" data-col-size=\"sm\">GCr15 kromiter\u00e4s<\/td>\n<\/tr>\n<tr data-start=\"961\" data-end=\"1004\">\n<td data-start=\"961\" data-end=\"975\" data-col-size=\"sm\">Voitelu<\/td>\n<td data-start=\"975\" data-end=\"1004\" data-col-size=\"sm\">Rasva- tai \u00f6ljylubrikointi<\/td>\n<\/tr>\n<tr data-start=\"1005\" data-end=\"1054\">\n<td data-start=\"1005\" data-end=\"1017\" data-col-size=\"sm\">Rakenne<\/td>\n<td data-start=\"1017\" data-end=\"1054\" data-col-size=\"sm\">Yhden rivin kartiomainen rullalaakeri<\/td>\n<\/tr>\n<tr data-start=\"1055\" data-end=\"1102\">\n<td data-start=\"1055\" data-end=\"1073\" data-col-size=\"sm\">K\u00e4ytt\u00f6nopeus<\/td>\n<td data-start=\"1073\" data-end=\"1102\" data-col-size=\"sm\">Keskinopeus sovellukset<\/td>\n<\/tr>\n<tr data-start=\"1103\" data-end=\"1141\">\n<td data-start=\"1103\" data-end=\"1123\" data-col-size=\"sm\">L\u00e4mp\u00f6tila-alue<\/td>\n<td data-start=\"1123\" data-end=\"1141\" data-col-size=\"sm\">-30\u00b0C - 150\u00b0C<\/td>\n<\/tr>\n<\/tbody>\n<\/table>\n<\/div>\n<\/div>\n<h3 data-section-id=\"1iz91iu\" data-start=\"1148\" data-end=\"1164\">Avainominaisuudet<\/h3>\n<ul data-start=\"1166\" data-end=\"1430\">\n<li data-section-id=\"1vl001\" data-start=\"1166\" data-end=\"1210\">Tukee yhdistettyj\u00e4 s\u00e4teitt\u00e4isi\u00e4 ja aksiaalisia kuormia<\/li>\n<li data-section-id=\"tqfpov\" data-start=\"1211\" data-end=\"1242\">Korkea kuormankantokyky<\/li>\n<li data-section-id=\"1e4pl9p\" data-start=\"1243\" data-end=\"1292\">Vakaa suorituskyky jatkuvassa k\u00e4yt\u00f6ss\u00e4<\/li>\n<li data-section-id=\"fmcfrv\" data-start=\"1293\" data-end=\"1333\">V\u00e4hentynyt kitka ja l\u00e4mm\u00f6ntuotto<\/li>\n<li data-section-id=\"6jlrvu\" data-start=\"1334\" data-end=\"1382\">Pitk\u00e4 k\u00e4ytt\u00f6ik\u00e4 raskaan kuormituksen ymp\u00e4rist\u00f6iss\u00e4<\/li>\n<li data-section-id=\"1ugr03r\" data-start=\"1383\" data-end=\"1430\">Sopii isku- ja v\u00e4r\u00e4htelyolosuhteisiin<\/li>\n<\/ul>\n<h3 data-section-id=\"wggvqn\" data-start=\"1437\" data-end=\"1453\">Sovellukset<\/h3>\n<ul data-start=\"1455\" data-end=\"1676\">\n<li data-section-id=\"16jv93o\" data-start=\"1455\" data-end=\"1480\">Auton py\u00f6r\u00e4n navat<\/li>\n<li data-section-id=\"15oirsh\" data-start=\"1481\" data-end=\"1519\">Vaihteistoissa ja siirtoj\u00e4rjestelmiss\u00e4<\/li>\n<li data-section-id=\"1n6ynun\" data-start=\"1520\" data-end=\"1546\">Maatalouskoneet<\/li>\n<li data-section-id=\"19d9gij\" data-start=\"1547\" data-end=\"1573\">Rakennuskoneissa<\/li>\n<li data-section-id=\"gcuaph\" data-start=\"1574\" data-end=\"1602\">Teolliset voimansiirtoj\u00e4rjestelm\u00e4t<\/li>\n<li data-section-id=\"1xhvdi8\" data-start=\"1603\" data-end=\"1633\">Kaivostoiminta ja raskaat koneet<\/li>\n<li data-section-id=\"4ay2tg\" data-start=\"1634\" data-end=\"1676\">Kuljetin- ja materiaalink\u00e4sittelyj\u00e4rjestelm\u00e4t<\/li>\n<\/ul>\n<h3 data-section-id=\"gqbmdj\" data-start=\"1683\" data-end=\"1709\">Insin\u00f6\u00f6rin edut<\/h3>\n<p data-start=\"1711\" data-end=\"1877\">Kartiorullarakenteen ansiosta kontaktitehokkuus rullien ja juoksupintojen v\u00e4lill\u00e4 paranee, mik\u00e4 mahdollistaa laakerin k\u00e4sittelem\u00e4\u00e4n suurempia kuormia verrattuna tavanomaisiin kuulalaakereihin.<\/p>\n<p data-start=\"1879\" data-end=\"2005\">Se my\u00f6s v\u00e4hent\u00e4\u00e4 j\u00e4nnityskeskittym\u00e4\u00e4, parantaa kohdistuksen vakautta ja lis\u00e4\u00e4 v\u00e4symiskest\u00e4vyytt\u00e4 pitk\u00e4aikaisessa k\u00e4yt\u00f6ss\u00e4.<\/p>\n<h3 data-section-id=\"ex11qd\" data-start=\"2012\" data-end=\"2030\">R\u00e4\u00e4t\u00e4l\u00f6intivaihtoehdot<\/h3>\n<ul data-start=\"2032\" data-end=\"2219\">\n<li data-section-id=\"1mm7wk0\" data-start=\"2032\" data-end=\"2065\">Sis\u00e4isen v\u00e4lyksen s\u00e4\u00e4t\u00f6<\/li>\n<li data-section-id=\"11j4pt1\" data-start=\"2066\" data-end=\"2110\">Kehyksen materiaalin valinta (ter\u00e4s tai messinki)<\/li>\n<li data-section-id=\"1515c9l\" data-start=\"2111\" data-end=\"2144\">Tiivistetyt tai avoimet suunnitteluvaihtoehdot<\/li>\n<li data-section-id=\"1jq34of\" data-start=\"2145\" data-end=\"2180\">Korkean l\u00e4mp\u00f6tilan rasvan t\u00e4ytt\u00f6<\/li>\n<li data-section-id=\"1mlx5yn\" data-start=\"2181\" data-end=\"2219\">OEM-br\u00e4nd\u00e4ys ja pakkaustuki<\/li>\n<\/ul>","protected":false},"excerpt":{"rendered":"<p>30306 kartiorullalaakeri on suunniteltu k\u00e4sittelem\u00e4\u00e4n yhdistettyj\u00e4 s\u00e4teitt\u00e4isi\u00e4 ja aksiaalisia kuormia, mik\u00e4 tekee siit\u00e4 sopivan keskikokoisiin ja raskaisiin teollisiin sovelluksiin. Sen kartiomainen geometria mahdollistaa tehokkaan kuormanjakautumisen rullaelementtien kesken, parantaen kestoa ja v\u00e4hent\u00e4en kitkaa k\u00e4yt\u00f6n aikana.<\/p>","protected":false},"featured_media":2531,"comment_status":"open","ping_status":"closed","template":"","meta":{"site-sidebar-layout":"default","site-content-layout":"","ast-site-content-layout":"default","site-content-style":"default","site-sidebar-style":"default","ast-global-header-display":"","ast-banner-title-visibility":"","ast-main-header-display":"","ast-hfb-above-header-display":"","ast-hfb-below-header-display":"","ast-hfb-mobile-header-display":"","site-post-title":"","ast-breadcrumbs-content":"","ast-featured-img":"","footer-sml-layout":"","ast-disable-related-posts":"","theme-transparent-header-meta":"default","adv-header-id-meta":"","stick-header-meta":"default","header-above-stick-meta":"","header-main-stick-meta":"","header-below-stick-meta":"","astra-migrate-meta-layouts":"set","ast-page-background-enabled":"default","ast-page-background-meta":{"desktop":{"background-color":"","background-image":"","background-repeat":"repeat","background-position":"center center","background-size":"auto","background-attachment":"scroll","background-type":"","background-media":"","overlay-type":"","overlay-color":"","overlay-opacity":"","overlay-gradient":""},"tablet":{"background-color":"","background-image":"","background-repeat":"repeat","background-position":"center center","background-size":"auto","background-attachment":"scroll","background-type":"","background-media":"","overlay-type":"","overlay-color":"","overlay-opacity":"","overlay-gradient":""},"mobile":{"background-color":"","background-image":"","background-repeat":"repeat","background-position":"center center","background-size":"auto","background-attachment":"scroll","background-type":"","background-media":"","overlay-type":"","overlay-color":"","overlay-opacity":"","overlay-gradient":""}},"ast-content-background-meta":{"desktop":{"background-color":"var(--ast-global-color-5)","background-image":"","background-repeat":"repeat","background-position":"center center","background-size":"auto","background-attachment":"scroll","background-type":"","background-media":"","overlay-type":"","overlay-color":"","overlay-opacity":"","overlay-gradient":""},"tablet":{"background-color":"var(--ast-global-color-5)","background-image":"","background-repeat":"repeat","background-position":"center center","background-size":"auto","background-attachment":"scroll","background-type":"","background-media":"","overlay-type":"","overlay-color":"","overlay-opacity":"","overlay-gradient":""},"mobile":{"background-color":"var(--ast-global-color-5)","background-image":"","background-repeat":"repeat","background-position":"center center","background-size":"auto","background-attachment":"scroll","background-type":"","background-media":"","overlay-type":"","overlay-color":"","overlay-opacity":"","overlay-gradient":""}}},"product_brand":[],"product_cat":[23],"product_tag":[243,237,240,233,78,56,51,45,47,239,241,154,242,238],"class_list":{"0":"post-2455","1":"product","2":"type-product","3":"status-publish","4":"has-post-thumbnail","6":"product_cat-tapered-roller-bearings","7":"product_tag-30306-bearing","8":"product_tag-automotive-bearing","9":"product_tag-chrome-steel-bearing","10":"product_tag-gcr15-bearing","11":"product_tag-gearbox-bearing","12":"product_tag-heavy-duty-bearing","13":"product_tag-high-load-bearing","14":"product_tag-industrial-bearing","15":"product_tag-oem-bearing-manufacturer","16":"product_tag-radial-axial-bearing","17":"product_tag-single-row-roller-bearing","18":"product_tag-tapered-roller-bearing","19":"product_tag-transmission-bearing","20":"product_tag-wheel-hub-bearing","21":"desktop-align-left","22":"tablet-align-left","23":"mobile-align-left","24":"ast-product-gallery-layout-horizontal-slider","25":"ast-product-gallery-with-no-image","26":"ast-product-tabs-layout-horizontal","28":"first","29":"instock","30":"shipping-taxable","31":"product-type-simple"},"_links":{"self":[{"href":"https:\/\/www.machinerybearings.com\/fi\/wp-json\/wp\/v2\/product\/2455","targetHints":{"allow":["GET"]}}],"collection":[{"href":"https:\/\/www.machinerybearings.com\/fi\/wp-json\/wp\/v2\/product"}],"about":[{"href":"https:\/\/www.machinerybearings.com\/fi\/wp-json\/wp\/v2\/types\/product"}],"replies":[{"embeddable":true,"href":"https:\/\/www.machinerybearings.com\/fi\/wp-json\/wp\/v2\/comments?post=2455"}],"wp:featuredmedia":[{"embeddable":true,"href":"https:\/\/www.machinerybearings.com\/fi\/wp-json\/wp\/v2\/media\/2531"}],"wp:attachment":[{"href":"https:\/\/www.machinerybearings.com\/fi\/wp-json\/wp\/v2\/media?parent=2455"}],"wp:term":[{"taxonomy":"product_brand","embeddable":true,"href":"https:\/\/www.machinerybearings.com\/fi\/wp-json\/wp\/v2\/product_brand?post=2455"},{"taxonomy":"product_cat","embeddable":true,"href":"https:\/\/www.machinerybearings.com\/fi\/wp-json\/wp\/v2\/product_cat?post=2455"},{"taxonomy":"product_tag","embeddable":true,"href":"https:\/\/www.machinerybearings.com\/fi\/wp-json\/wp\/v2\/product_tag?post=2455"}],"curies":[{"name":"wp","href":"https:\/\/api.w.org\/{rel}","templated":true}]}}